{"id":41907,"date":"2023-03-18T21:27:05","date_gmt":"2023-03-19T01:27:05","guid":{"rendered":"https:\/\/www.sisinternational.com\/?page_id=41907"},"modified":"2026-01-27T16:38:48","modified_gmt":"2026-01-27T21:38:48","slug":"etude-de-marche-sur-la-production-delectricite","status":"publish","type":"page","link":"https:\/\/www.sisinternational.com\/fr\/competence\/etude-de-marche-sur-la-production-delectricite\/","title":{"rendered":"\u00c9tude de march\u00e9 sur la production d\u2019\u00e9lectricit\u00e9"},"content":{"rendered":"<h1 class=\"wp-block-heading\">\u00c9tude de march\u00e9 sur la production d\u2019\u00e9lectricit\u00e9<\/h1>\n\n\n\n<figure class=\"gb-block-image gb-block-image-7c498d99\"><img loading=\"lazy\" decoding=\"async\" width=\"1456\" height=\"816\" class=\"gb-image gb-image-7c498d99\" src=\"https:\/\/www.sisinternational.com\/wp-content\/uploads\/2025\/08\/Energy-Power-3.jpg\" alt=\"\u00c9tudes de march\u00e9 et strat\u00e9gie internationales SIS\" title=\"Energy &amp; Power (3)\" srcset=\"https:\/\/www.sisinternational.com\/wp-content\/uploads\/2025\/08\/Energy-Power-3.jpg 1456w, https:\/\/www.sisinternational.com\/wp-content\/uploads\/2025\/08\/Energy-Power-3-300x168.jpg 300w, https:\/\/www.sisinternational.com\/wp-content\/uploads\/2025\/08\/Energy-Power-3-1024x574.jpg 1024w, https:\/\/www.sisinternational.com\/wp-content\/uploads\/2025\/08\/Energy-Power-3-768x430.jpg 768w, https:\/\/www.sisinternational.com\/wp-content\/uploads\/2025\/08\/Energy-Power-3-18x10.jpg 18w\" sizes=\"auto, (max-width: 1456px) 100vw, 1456px\"><\/figure>\n\n\n\n<p><\/p>\n\n\n\n<p>Alors que les besoins en \u00e9nergie augmentent \u00e0 l\u2019\u00e9chelle mondiale et que la durabilit\u00e9 et les sources d\u2019\u00e9nergie renouvelables deviennent plus vitales que jamais, les entreprises et les parties prenantes du secteur de l\u2019\u00e9nergie doivent utiliser les \u00e9tudes de march\u00e9 sur la production d\u2019\u00e9lectricit\u00e9. Gr\u00e2ce \u00e0 la collecte et \u00e0 l&#039;analyse de donn\u00e9es, ce type de recherche r\u00e9v\u00e8le les tendances du secteur, \u00e9value les niveaux de concurrence et reconna\u00eet les opportunit\u00e9s ou les risques potentiels qui peuvent exister.<\/p>\n\n\n\n<h2 class=\"wp-block-heading\">Importance des \u00e9tudes de march\u00e9 sur la production d\u2019\u00e9lectricit\u00e9<\/h2>\n\n\n\n<p>En r\u00e9alisant des \u00e9tudes de march\u00e9 sur la production d\u2019\u00e9lectricit\u00e9, les entreprises et les parties prenantes obtiennent des informations inestimables qui les aident dans leurs processus de prise de d\u00e9cision. Ceci est r\u00e9alis\u00e9 en collectant et en analysant des donn\u00e9es concernant la production, la distribution et la consommation d&#039;\u00e9lectricit\u00e9 provenant de diverses sources telles que les combustibles fossiles, l&#039;\u00e9nergie nucl\u00e9aire ou les formes renouvelables.<\/p>\n\n\n\n<p>Il permet aux entreprises de mieux comprendre les tendances actuelles du secteur ainsi que son paysage concurrentiel ainsi que les pr\u00e9f\u00e9rences et les comportements des clients.<\/p>\n\n\n\n<h3 class=\"wp-block-heading\">Pour ces raisons, il existe de nombreuses raisons pour lesquelles il est essentiel d\u2019\u00e9tudier le march\u00e9 de la production d\u2019\u00e9lectricit\u00e9.<\/h3>\n\n\n\n<ul class=\"wp-block-list\">\n<li>Companies and investors are consistently seeking to keep up with the most recent market trends, develop creative strategies and uncover emerging opportunities. Power <a href=\"https:\/\/www.sisinternational.com\/fr\/etude-de-marche-sur-la-generation-de-leads-b2b\/\" title=\"\u00c9tude de march\u00e9 sur la g\u00e9n\u00e9ration de leads B2B\"  data-wpil-monitor-id=\"1353\">generation market research<\/a> enables stakeholders to stay informed about industry performance, consumer behavior, and changes in demand.<\/li>\n\n\n\n<li>Through the use of power <a href=\"https:\/\/www.sisinternational.com\/fr\/solutions\/ai-etudes-de-marche-et-conseil-en-strategie\/etude-de-marche-generative-sur-lia\/\" title=\"\u00c9tude de march\u00e9 sur l\u2019IA g\u00e9n\u00e9rative\"  data-wpil-monitor-id=\"2025\">generation market research<\/a>, businesses can obtain a competitive edge and refine their marketing tactics, optimize operations and set themselves apart from competing businesses.<\/li>\n\n\n\n<li>By conducting <a href=\"https:\/\/www.sisinternational.com\/fr\/competence\/les-industries\/etude-de-marche-sur-lenergie-nucleaire\/\" title=\"\u00c9tude de march\u00e9 sur l\u2019\u00e9nergie nucl\u00e9aire\"  data-wpil-monitor-id=\"3307\">market research in the power<\/a> generation sector, businesses can identify their customers\u2019 behaviors and needs. This includes learning how they use energy sources and gauging what they are willing to pay for different types of energy solutions. With this knowledge, companies can devise products and services that satisfy their consumers&#8217; demands and desires.<\/li>\n\n\n\n<li>By conducting <a href=\"https:\/\/www.sisinternational.com\/fr\/competence\/les-industries\/etude-de-marche-sur-les-outils-electriques\/\" title=\"\u00c9tude de march\u00e9 sur les outils \u00e9lectriques\"  data-wpil-monitor-id=\"4050\">\u00e9tude de march\u00e9 sur la production d&#039;\u00e9lectricit\u00e9<\/a>, businesses can identify potential risks and challenges ahead of time. This could involve changes in regulations or shifts in consumer demand that may pose hazards if left unchecked. With this knowledge, companies have the opportunity to create strategic plans to counter these issues before they arise \u2013 thus allowing for a more stable future down the line.<\/li>\n<\/ul>\n\n\n\n<h2 class=\"wp-block-heading\">Tendances actuelles des \u00e9tudes de march\u00e9 sur la production d\u2019\u00e9lectricit\u00e9<\/h2>\n\n\n\n<figure class=\"gb-block-image gb-block-image-06ab0b56\"><img loading=\"lazy\" decoding=\"async\" width=\"1456\" height=\"816\" class=\"gb-image gb-image-06ab0b56\" src=\"https:\/\/www.sisinternational.com\/wp-content\/uploads\/2025\/08\/NUclear-plant-nuclear-power-3.jpg\" alt=\"\u00c9tudes de march\u00e9 et strat\u00e9gie internationales SIS\" title=\"NUclear plant nuclear power (3)\" srcset=\"https:\/\/www.sisinternational.com\/wp-content\/uploads\/2025\/08\/NUclear-plant-nuclear-power-3.jpg 1456w, https:\/\/www.sisinternational.com\/wp-content\/uploads\/2025\/08\/NUclear-plant-nuclear-power-3-300x168.jpg 300w, https:\/\/www.sisinternational.com\/wp-content\/uploads\/2025\/08\/NUclear-plant-nuclear-power-3-1024x574.jpg 1024w, https:\/\/www.sisinternational.com\/wp-content\/uploads\/2025\/08\/NUclear-plant-nuclear-power-3-768x430.jpg 768w, https:\/\/www.sisinternational.com\/wp-content\/uploads\/2025\/08\/NUclear-plant-nuclear-power-3-18x10.jpg 18w\" sizes=\"auto, (max-width: 1456px) 100vw, 1456px\"><\/figure>\n\n\n\n<ul class=\"wp-block-list\">\n<li>Alors que la communaut\u00e9 mondiale se mobilise pour att\u00e9nuer le changement climatique et r\u00e9duire les \u00e9missions de carbone, les sources d\u2019\u00e9nergie renouvelables suscitent une attention consid\u00e9rable. L\u2019\u00e9nergie \u00e9olienne, les panneaux solaires et l\u2019hydro\u00e9lectricit\u00e9 sont devenues des incontournables des \u00e9tudes de march\u00e9 alors que les experts du secteur examinent leur potentiel de production d\u2019\u00e9lectricit\u00e9.<\/li>\n\n\n\n<li>Le secteur de la production d\u2019\u00e9lectricit\u00e9 traverse une p\u00e9riode de transformation en raison de l\u2019\u00e9mergence de technologies r\u00e9volutionnaires telles que les r\u00e9seaux intelligents, les dispositifs de stockage d\u2019\u00e9nergie et les v\u00e9hicules \u00e9lectriques. Des initiatives d&#039;\u00e9tudes de march\u00e9 sont en cours pour \u00e9valuer l&#039;impact de ces nouveaux d\u00e9veloppements sur les entreprises de ce secteur et d\u00e9couvrir des opportunit\u00e9s lucratives pour elles.<\/li>\n\n\n\n<li>Government regulations and policies present a major influence on the power generation sector. To better understand these changes, power <a href=\"https:\/\/www.sisinternational.com\/fr\/publications\/etude-de-marche-de-la-generation-alpha\/\" title=\"\u00c9tude de march\u00e9 de g\u00e9n\u00e9ration Alpha\"  data-wpil-monitor-id=\"6657\">generation market research<\/a> analyzes the regulatory environment and pinpoint any impending shifts in regulation that could have an impact on the industry.<\/li>\n\n\n\n<li>Les entreprises investissent dans les march\u00e9s \u00e9mergents alors qu\u2019ils connaissent une croissance significative de la production d\u2019\u00e9lectricit\u00e9 due au d\u00e9veloppement \u00e9conomique. Pour tirer parti de ces opportunit\u00e9s et relever tous les d\u00e9fis, les \u00e9tudes de march\u00e9 sur la production d\u2019\u00e9lectricit\u00e9 sont essentielles aux entreprises qui cherchent \u00e0 r\u00e9ussir sur ces march\u00e9s.<\/li>\n<\/ul>\n\n\n\n<h2 class=\"wp-block-heading\">Acteurs majeurs et paysage concurrentiel sur le march\u00e9 de la production d\u2019\u00e9lectricit\u00e9<\/h2>\n\n\n\n<h3 class=\"wp-block-heading\">Le secteur de la production d\u2019\u00e9lectricit\u00e9 est un domaine extr\u00eamement concurrentiel, avec une multitude d\u2019organisations de premier plan se disputant leur part du march\u00e9. Voici quelques acteurs les plus remarquables dans le domaine :<\/h3>\n\n\n\n<ul class=\"wp-block-list\">\n<li>General Electric (GE): GE stands as a giant in the power generation market, offering innovative products and services that span multiple energy sources. From conventional to renewable-based <a href=\"https:\/\/www.sisinternational.com\/fr\/autant-en-emporte-le-vent-la-crise-financiere-et-lenergie-eolienne\/\" title=\"Emport\u00e9 par le vent? La crise financi\u00e8re et l\u2019\u00e9nergie \u00e9olienne\"  data-wpil-monitor-id=\"7491\">energies such as wind<\/a>, solar, and hydropower.<\/li>\n\n\n\n<li>Siemens\u00a0: Siemens est un leader du secteur de la production d&#039;\u00e9lectricit\u00e9, fournissant des \u00e9quipements et des services fiables pour les sources d&#039;\u00e9nergie traditionnelles et renouvelables. Cela comprend les turbines \u00e0 gaz, les turbines \u00e0 vapeur, les \u00e9oliennes, ainsi que les solutions li\u00e9es \u00e0 l&#039;\u00e9nergie solaire.<\/li>\n\n\n\n<li>ABB\u00a0:\u00a0ABB est sp\u00e9cialis\u00e9 dans les technologies de robotique, d&#039;\u00e9nergie et d&#039;automatisation\u00a0; offrant une vaste s\u00e9lection de solutions de production d&#039;\u00e9lectricit\u00e9 haute performance, notamment des turbines \u00e0 gaz, des turbines \u00e0 vapeur et des g\u00e9n\u00e9rateurs ainsi que des syst\u00e8mes \u00e9lectriques.<\/li>\n<\/ul>\n\n\n\n<h2 class=\"wp-block-heading\">Opportunit\u00e9s d\u2019\u00e9tudes de march\u00e9 sur la production d\u2019\u00e9lectricit\u00e9<\/h2>\n\n\n\n<ul class=\"wp-block-list\">\n<li>Gr\u00e2ce aux \u00e9tudes de march\u00e9 sur la production d\u2019\u00e9lectricit\u00e9, les entreprises peuvent acqu\u00e9rir un avantage strat\u00e9gique en d\u00e9couvrant des groupes de clients et des march\u00e9s inexploit\u00e9s. En comprenant leurs mod\u00e8les, pr\u00e9f\u00e9rences et comportements sp\u00e9cifiques de consommation d\u2019\u00e9nergie, les entreprises peuvent s\u00e9lectionner strat\u00e9giquement des produits et services qui r\u00e9pondent aux besoins de ces segments.<\/li>\n\n\n\n<li>Les entreprises peuvent mieux \u00e9valuer les nouvelles sources d\u2019\u00e9nergie potentielles telles que l\u2019\u00e9nergie solaire, \u00e9olienne et hydro\u00e9lectrique \u00e0 l\u2019aide d\u2019\u00e9tudes de march\u00e9 sur la production d\u2019\u00e9lectricit\u00e9. En diversifiant leur portefeuille \u00e9nerg\u00e9tique gr\u00e2ce \u00e0 ces technologies \u00e9mergentes, ils peuvent r\u00e9duire leur d\u00e9pendance aux combustibles fossiles traditionnels tout en minimisant les risques et en faisant progresser leurs objectifs de d\u00e9veloppement durable.<\/li>\n\n\n\n<li>Les entreprises peuvent obtenir des informations pr\u00e9cieuses sur leurs clients et les utiliser pour d\u00e9velopper des produits et services inventifs qui r\u00e9pondent \u00e0 leurs besoins changeants. Par exemple, les solutions \u00e9nerg\u00e9tiques intelligentes telles que les syst\u00e8mes de stockage d\u2019\u00e9nergie ou la technologie domotique deviennent de plus en plus populaires gr\u00e2ce \u00e0 ce type de recherche.<\/li>\n\n\n\n<li>En tirant parti des \u00e9tudes de march\u00e9 sur la production d\u2019\u00e9lectricit\u00e9, les entreprises peuvent d\u00e9couvrir toute inefficacit\u00e9 au sein de leurs op\u00e9rations et donc am\u00e9liorer leur consommation d\u2019\u00e9nergie tout en r\u00e9duisant leurs co\u00fbts.<\/li>\n\n\n\n<li>Les \u00e9tudes de march\u00e9 sur la production d\u2019\u00e9lectricit\u00e9 sont indispensables pour rester au courant des r\u00e9glementations et des r\u00e8gles environnementales. Gr\u00e2ce \u00e0 un suivi attentif de l\u2019\u00e9volution de la r\u00e9glementation, les entreprises peuvent non seulement se prot\u00e9ger de tout risque potentiel, mais \u00e9galement assurer leur long\u00e9vit\u00e9 \u00e0 long terme.<\/li>\n<\/ul>\n\n\n\n<h2 class=\"wp-block-heading\">Limites des \u00e9tudes de march\u00e9 sur la production d\u2019\u00e9lectricit\u00e9<\/h2>\n\n\n\n<figure class=\"gb-block-image gb-block-image-b21d7a4e\"><img loading=\"lazy\" decoding=\"async\" width=\"1456\" height=\"816\" class=\"gb-image gb-image-b21d7a4e\" src=\"https:\/\/www.sisinternational.com\/wp-content\/uploads\/2025\/08\/Energy-Power-2.jpg\" alt=\"\u00c9tudes de march\u00e9 et strat\u00e9gie internationales SIS\" title=\"Energy &amp; Power (2)\" srcset=\"https:\/\/www.sisinternational.com\/wp-content\/uploads\/2025\/08\/Energy-Power-2.jpg 1456w, https:\/\/www.sisinternational.com\/wp-content\/uploads\/2025\/08\/Energy-Power-2-300x168.jpg 300w, https:\/\/www.sisinternational.com\/wp-content\/uploads\/2025\/08\/Energy-Power-2-1024x574.jpg 1024w, https:\/\/www.sisinternational.com\/wp-content\/uploads\/2025\/08\/Energy-Power-2-768x430.jpg 768w, https:\/\/www.sisinternational.com\/wp-content\/uploads\/2025\/08\/Energy-Power-2-18x10.jpg 18w\" sizes=\"auto, (max-width: 1456px) 100vw, 1456px\"><\/figure>\n\n\n\n<ul class=\"wp-block-list\">\n<li>Il peut \u00eatre difficile d\u2019acqu\u00e9rir une image fiable de la consommation et de la production d\u2019\u00e9nergie dans les pays en d\u00e9veloppement ou dans les r\u00e9gions disposant d\u2019infrastructures inad\u00e9quates.<\/li>\n\n\n\n<li>Les \u00e9tudes de march\u00e9 peuvent constituer une contrainte financi\u00e8re pour les petites entreprises ou les startups dont les budgets sont limit\u00e9s. Avant de mener la recherche, les entreprises doivent examiner attentivement le co\u00fbt de mise en \u0153uvre et ses avantages potentiels.<\/li>\n\n\n\n<li>Sans acc\u00e8s aux donn\u00e9es actuelles, les entreprises peuvent se tromper lorsqu\u2019elles prennent des d\u00e9cisions sur le march\u00e9 de la production d\u2019\u00e9lectricit\u00e9. Les informations et tendances historiques peuvent donner une image trompeuse de ce qui se passe ou risque de se produire. Pour que les entreprises puissent faire des choix \u00e9clair\u00e9s, elles doivent garantir que leur analyse int\u00e8gre des chiffres et des informations \u00e0 jour.<\/li>\n\n\n\n<li>Le secteur de l\u2019\u00e9nergie se transforme constamment en raison des technologies innovantes et des pr\u00e9f\u00e9rences des consommateurs. Il est donc difficile d\u2019anticiper correctement les tendances \u00e0 venir et de r\u00e9aliser des investissements judicieux \u00e0 long terme.<\/li>\n<\/ul>\n\n\n\n<p>SIS International propose des recherches quantitatives, qualitatives et strat\u00e9giques. Nous fournissons des donn\u00e9es, des outils, des strat\u00e9gies, des rapports et des informations pour la prise de d\u00e9cision. Nous menons des entretiens, des enqu\u00eates, des groupes de discussion et de nombreuses autres m\u00e9thodes et approches d&#039;\u00e9tudes de march\u00e9. Contactez-nous pour votre prochain projet d&#039;\u00e9tude de march\u00e9.<\/p>","protected":false},"excerpt":{"rendered":"<p>Les \u00e9tudes de march\u00e9 sur la production d\u2019\u00e9lectricit\u00e9 \u00e9tudient la production et la consommation d\u2019\u00e9lectricit\u00e9 \u00e0 partir de combustibles fossiles, d\u2019\u00e9nergie nucl\u00e9aire ou de formes renouvelables.<\/p>","protected":false},"author":1,"featured_media":64806,"parent":14514,"menu_order":223,"comment_status":"closed","ping_status":"closed","template":"","meta":{"footnotes":""},"class_list":["post-41907","page","type-page","status-publish","has-post-thumbnail"],"_links":{"self":[{"href":"https:\/\/www.sisinternational.com\/fr\/wp-json\/wp\/v2\/pages\/41907","targetHints":{"allow":["GET"]}}],"collection":[{"href":"https:\/\/www.sisinternational.com\/fr\/wp-json\/wp\/v2\/pages"}],"about":[{"href":"https:\/\/www.sisinternational.com\/fr\/wp-json\/wp\/v2\/types\/page"}],"author":[{"embeddable":true,"href":"https:\/\/www.sisinternational.com\/fr\/wp-json\/wp\/v2\/users\/1"}],"replies":[{"embeddable":true,"href":"https:\/\/www.sisinternational.com\/fr\/wp-json\/wp\/v2\/comments?post=41907"}],"version-history":[{"count":9,"href":"https:\/\/www.sisinternational.com\/fr\/wp-json\/wp\/v2\/pages\/41907\/revisions"}],"predecessor-version":[{"id":81117,"href":"https:\/\/www.sisinternational.com\/fr\/wp-json\/wp\/v2\/pages\/41907\/revisions\/81117"}],"up":[{"embeddable":true,"href":"https:\/\/www.sisinternational.com\/fr\/wp-json\/wp\/v2\/pages\/14514"}],"wp:featuredmedia":[{"embeddable":true,"href":"https:\/\/www.sisinternational.com\/fr\/wp-json\/wp\/v2\/media\/64806"}],"wp:attachment":[{"href":"https:\/\/www.sisinternational.com\/fr\/wp-json\/wp\/v2\/media?parent=41907"}],"curies":[{"name":"wp","href":"https:\/\/api.w.org\/{rel}","templated":true}]}}