{"id":41904,"date":"2023-03-18T20:35:22","date_gmt":"2023-03-19T00:35:22","guid":{"rendered":"https:\/\/www.sisinternational.com\/?page_id=41904"},"modified":"2026-01-27T16:50:37","modified_gmt":"2026-01-27T21:50:37","slug":"etude-de-marche-sur-la-volaille","status":"publish","type":"page","link":"https:\/\/www.sisinternational.com\/fr\/competence\/etude-de-marche-sur-la-volaille\/","title":{"rendered":"\u00c9tude de march\u00e9 sur la volaille"},"content":{"rendered":"<h1 class=\"wp-block-heading\">\u00c9tude de march\u00e9 sur la volaille<\/h1>\n\n\n\n<figure class=\"gb-block-image gb-block-image-0cd30143\"><img loading=\"lazy\" decoding=\"async\" width=\"1456\" height=\"816\" class=\"gb-image gb-image-0cd30143\" src=\"https:\/\/www.sisinternational.com\/wp-content\/uploads\/2025\/08\/Poultry-chicken-3.jpg\" alt=\"\u00c9tudes de march\u00e9 et strat\u00e9gie internationales SIS\" title=\"Poultry chicken (3)\" srcset=\"https:\/\/www.sisinternational.com\/wp-content\/uploads\/2025\/08\/Poultry-chicken-3.jpg 1456w, https:\/\/www.sisinternational.com\/wp-content\/uploads\/2025\/08\/Poultry-chicken-3-300x168.jpg 300w, https:\/\/www.sisinternational.com\/wp-content\/uploads\/2025\/08\/Poultry-chicken-3-1024x574.jpg 1024w, https:\/\/www.sisinternational.com\/wp-content\/uploads\/2025\/08\/Poultry-chicken-3-768x430.jpg 768w, https:\/\/www.sisinternational.com\/wp-content\/uploads\/2025\/08\/Poultry-chicken-3-18x10.jpg 18w\" sizes=\"auto, (max-width: 1456px) 100vw, 1456px\"><\/figure>\n\n\n\n<p><\/p>\n\n\n\n<p>Les \u00e9tudes de march\u00e9 sur la volaille fournissent des informations sur le comportement des consommateurs, les tendances du march\u00e9 et d\u2019autres facteurs pouvant affecter la demande et l\u2019offre de produits \u00e0 base de volaille. La recherche implique g\u00e9n\u00e9ralement l\u2019utilisation de diverses m\u00e9thodes, telles que des enqu\u00eates et des analyses de donn\u00e9es, pour n\u2019en nommer que quelques-unes.<\/p>\n\n\n\n<p>Les donn\u00e9es et les strat\u00e9gies de l\u2019industrie du march\u00e9 de la volaille peuvent \u00eatre utilis\u00e9es par les entreprises et d\u2019autres parties prenantes pour prendre des d\u00e9cisions \u00e9clair\u00e9es concernant le d\u00e9veloppement de produits, le marketing, la distribution et d\u2019autres strat\u00e9gies commerciales. Les \u00e9tudes de march\u00e9 sur la volaille peuvent \u00e9galement aider \u00e0 identifier de nouvelles opportunit\u00e9s et domaines de croissance au sein de l\u2019industrie de la volaille.<\/p>\n\n\n\n<h2 class=\"wp-block-heading\">Comprendre le march\u00e9 de la volaille<\/h2>\n\n\n\n<p>Le march\u00e9 de la volaille comprend les oiseaux domestiques \u00e9lev\u00e9s pour leur viande, leurs \u0153ufs ou leurs plumes. Les esp\u00e8ces de volailles les plus couramment \u00e9lev\u00e9es sont les poulets, les dindes, les canards, les oies et les cailles. Ces oiseaux sont g\u00e9n\u00e9ralement \u00e9lev\u00e9s dans des installations ou des fermes sp\u00e9cialis\u00e9es o\u00f9 ils re\u00e7oivent de la nourriture, de l&#039;eau et un abri.<\/p>\n\n\n\n<p>Dans les \u00e9tudes de march\u00e9 sur la volaille, l&#039;accent est mis principalement sur l&#039;utilisation de la volaille pour la production de viande, les poulets \u00e9tant l&#039;esp\u00e8ce la plus populaire \u00e9lev\u00e9e \u00e0 cette fin. La viande de volaille est une source importante de prot\u00e9ines pour les populations du monde entier et elle est consomm\u00e9e sous diverses formes, comme des volailles enti\u00e8res, des morceaux, de la viande hach\u00e9e et des produits transform\u00e9s comme des saucisses et des nuggets.<\/p>\n\n\n\n<p>Cependant, l\u2019industrie avicole produit une vari\u00e9t\u00e9 de produits finaux utilis\u00e9s \u00e0 diverses fins. Voici quelques-uns des principaux produits finaux de l\u2019industrie avicole\u00a0:<\/p>\n\n\n\n<h3 class=\"wp-block-heading\">Viande de volaille<\/h3>\n\n\n\n<figure class=\"gb-block-image gb-block-image-4cc87ead\"><img loading=\"lazy\" decoding=\"async\" width=\"1456\" height=\"816\" class=\"gb-image gb-image-4cc87ead\" src=\"https:\/\/www.sisinternational.com\/wp-content\/uploads\/2025\/08\/Poultry-chicken-5.jpg\" alt=\"\u00c9tudes de march\u00e9 et strat\u00e9gie internationales SIS\" title=\"Poultry chicken (5)\" srcset=\"https:\/\/www.sisinternational.com\/wp-content\/uploads\/2025\/08\/Poultry-chicken-5.jpg 1456w, https:\/\/www.sisinternational.com\/wp-content\/uploads\/2025\/08\/Poultry-chicken-5-300x168.jpg 300w, https:\/\/www.sisinternational.com\/wp-content\/uploads\/2025\/08\/Poultry-chicken-5-1024x574.jpg 1024w, https:\/\/www.sisinternational.com\/wp-content\/uploads\/2025\/08\/Poultry-chicken-5-768x430.jpg 768w, https:\/\/www.sisinternational.com\/wp-content\/uploads\/2025\/08\/Poultry-chicken-5-18x10.jpg 18w\" sizes=\"auto, (max-width: 1456px) 100vw, 1456px\"><\/figure>\n\n\n\n<p><\/p>\n\n\n\n<p>Le principal produit final de l\u2019industrie avicole est la viande, qui est consomm\u00e9e comme source de prot\u00e9ines. Les viandes de volaille les plus couramment produites sont le poulet, la dinde, le canard et l&#039;oie. La viande de volaille est vendue sous diverses formes, comme des oiseaux entiers, des parties (cuisses, ailes et poitrines), de la viande hach\u00e9e et des produits transform\u00e9s comme des saucisses et des nuggets.<\/p>\n\n\n\n<h3 class=\"wp-block-heading\">\u0152ufs<\/h3>\n\n\n\n<p>Un autre produit final essentiel de l\u2019industrie avicole sont les \u0153ufs, qui sont utilis\u00e9s dans divers produits alimentaires et consomm\u00e9s seuls comme source de prot\u00e9ines. Les \u0153ufs de poule sont les produits les plus couramment produits dans l&#039;industrie, mais d&#039;autres oiseaux, comme les canards et les cailles, sont \u00e9galement \u00e9lev\u00e9s pour leurs \u0153ufs.<\/p>\n\n\n\n<h3 class=\"wp-block-heading\">Plumes<\/h3>\n\n\n\n<p>Les plumes de volaille sont un autre produit final de l\u2019industrie utilis\u00e9 \u00e0 diverses fins telles que l\u2019isolation, la literie et les articles d\u00e9coratifs. Les plumes peuvent \u00e9galement \u00eatre transform\u00e9es en aliments pour animaux riches en prot\u00e9ines.<\/p>\n\n\n\n<h3 class=\"wp-block-heading\">Fumier<\/h3>\n\n\n\n<p>Le fumier de volaille est un sous-produit pr\u00e9cieux qui peut \u00eatre utilis\u00e9 comme engrais en agriculture. Le fumier est riche en \u00e9l\u00e9ments nutritifs qui peuvent contribuer \u00e0 am\u00e9liorer la fertilit\u00e9 des sols et, par cons\u00e9quent, avoir un impact sur les rendements des cultures.<\/p>\n\n\n\n<h3 class=\"wp-block-heading\">Biogaz<\/h3>\n\n\n\n<p>Les d\u00e9chets de volaille peuvent \u00eatre transform\u00e9s en biogaz et utilis\u00e9s comme source d\u2019\u00e9nergie renouvelable. Un processus appel\u00e9 digestion ana\u00e9robie est utilis\u00e9 pour produire du biogaz, dans lequel des micro-organismes d\u00e9composent la mati\u00e8re organique en l&#039;absence d&#039;oxyg\u00e8ne.<\/p>\n\n\n\n<h2 class=\"wp-block-heading\">Couverture des \u00e9tudes de march\u00e9 sur la volaille<\/h2>\n\n\n\n<figure class=\"gb-block-image gb-block-image-30b35eb2\"><img loading=\"lazy\" decoding=\"async\" width=\"1456\" height=\"816\" class=\"gb-image gb-image-30b35eb2\" src=\"https:\/\/www.sisinternational.com\/wp-content\/uploads\/2025\/08\/Poultry-chicken-1.jpg\" alt=\"\u00c9tudes de march\u00e9 et strat\u00e9gie internationales SIS\" title=\"Poultry chicken (1)\" srcset=\"https:\/\/www.sisinternational.com\/wp-content\/uploads\/2025\/08\/Poultry-chicken-1.jpg 1456w, https:\/\/www.sisinternational.com\/wp-content\/uploads\/2025\/08\/Poultry-chicken-1-300x168.jpg 300w, https:\/\/www.sisinternational.com\/wp-content\/uploads\/2025\/08\/Poultry-chicken-1-1024x574.jpg 1024w, https:\/\/www.sisinternational.com\/wp-content\/uploads\/2025\/08\/Poultry-chicken-1-768x430.jpg 768w, https:\/\/www.sisinternational.com\/wp-content\/uploads\/2025\/08\/Poultry-chicken-1-18x10.jpg 18w\" sizes=\"auto, (max-width: 1456px) 100vw, 1456px\"><\/figure>\n\n\n\n<p><\/p>\n\n\n\n<p>The collection of data and <a href=\"https:\/\/www.sisinternational.com\/fr\/le-role-du-developpement-de-processus-et-de-systemes-dans-la-reussite-organisationnelle\/\" title=\"\u00c9tude de march\u00e9 sur la conception organisationnelle\"  data-wpil-monitor-id=\"8124\">strategies in poultry market<\/a> industry aims to understand consumer preferences and behavior, as well as the attitudes and behavior of industry players. Poultry market research may cover a range of topics, such as the following:<\/p>\n\n\n\n<ul class=\"wp-block-list\">\n<li>\u00e9levage de volailles et m\u00e9thodes de production<\/li>\n\n\n\n<li>prix des produits avicoles et strat\u00e9gie de tarification<\/li>\n\n\n\n<li>diff\u00e9rents canaux de distribution et analyse de la supply chain<\/li>\n\n\n\n<li>influence of labeling and <a href=\"https:\/\/www.sisinternational.com\/fr\/solutions\/recherche-sur-les-biens-de-consommation-emballes\/\" title=\"Recherche sur les biens de consommation emball\u00e9s\"  data-wpil-monitor-id=\"8125\">packaging on consumer<\/a> perceptions<\/li>\n\n\n\n<li>taille du march\u00e9 et potentiel de croissance<\/li>\n\n\n\n<li>paysage concurrentiel des acteurs cl\u00e9s de l\u2019industrie avicole<\/li>\n\n\n\n<li>demande de produits \u00e0 base de volaille dans diverses donn\u00e9es d\u00e9mographiques<\/li>\n\n\n\n<li>impact des pr\u00e9occupations en mati\u00e8re de s\u00e9curit\u00e9 alimentaire sur la demande des consommateurs<\/li>\n<\/ul>\n\n\n\n<h2 class=\"wp-block-heading\">March\u00e9 cible pour l\u2019\u00e9tude de march\u00e9 sur la volaille<\/h2>\n\n\n\n<p>The target <a href=\"https:\/\/www.sisinternational.com\/fr\/competence\/cv-dexperience\/etude-de-marche-sur-les-produits-de-soins-personnels\/\" title=\"\u00c9tude de march\u00e9 sur les produits de soins personnels\"  data-wpil-monitor-id=\"8126\">market for poultry products<\/a> includes a wide range of consumers, such as individuals, families, restaurants, food processors, and retailers.<\/p>\n\n\n\n<p>Here are some key segments of the target <a href=\"https:\/\/www.sisinternational.com\/fr\/solutions\/conseil-en-strategie\/etude-de-marche-de-produits-minimum-viables\/\" title=\"\u00c9tude de march\u00e9 sur les produits minimum viables\"  data-wpil-monitor-id=\"8127\">market for poultry products<\/a>:<\/p>\n\n\n\n<h3 class=\"wp-block-heading\">Individus et familles<\/h3>\n\n\n\n<p>Les produits \u00e0 base de volaille, comme le poulet et la dinde, sont consomm\u00e9s par des personnes de tous \u00e2ges et de tous niveaux de revenus. Ces produits sont souvent achet\u00e9s par des particuliers et des familles pour leur valeur nutritionnelle, leur go\u00fbt et leur commodit\u00e9.<\/p>\n\n\n\n<h3 class=\"wp-block-heading\">Restaurants et prestataires de services alimentaires<\/h3>\n\n\n\n<p>Les produits \u00e0 base de volaille sont largement utilis\u00e9s dans les restaurants et autres \u00e9tablissements de restauration, tels que les caf\u00e9t\u00e9rias, les traiteurs et les h\u00f4tels. Ces entreprises ach\u00e8tent des produits de volaille en gros pour les utiliser dans des plats tels que des sandwichs, des salades et des plats principaux.<\/p>\n\n\n\n<h3 class=\"wp-block-heading\">Transformateurs et fabricants d&#039;aliments<\/h3>\n\n\n\n<p>Les produits \u00e0 base de volaille sont un ingr\u00e9dient essentiel dans de nombreux produits alimentaires transform\u00e9s, tels que les saucisses, les hot-dogs et les plats surgel\u00e9s. Les transformateurs et fabricants d&#039;aliments ach\u00e8tent des produits de volaille en grandes quantit\u00e9s pour les utiliser dans leurs produits.<\/p>\n\n\n\n<h3 class=\"wp-block-heading\">D\u00e9taillants<\/h3>\n\n\n\n<p>Les produits \u00e0 base de volaille sont vendus dans divers points de vente au d\u00e9tail, tels que les supermarch\u00e9s, les magasins sp\u00e9cialis\u00e9s et les d\u00e9taillants en ligne. Les d\u00e9taillants ciblent un large \u00e9ventail de consommateurs, depuis les acheteurs soucieux de leur budget jusqu&#039;\u00e0 ceux qui sont pr\u00eats \u00e0 payer plus cher pour des produits \u00e0 base de volaille biologique de haute qualit\u00e9.<\/p>\n\n\n\n<h3 class=\"wp-block-heading\">March\u00e9s internationaux<\/h3>\n\n\n\n<p>Poultry <a href=\"https:\/\/www.sisinternational.com\/fr\/competence\/les-industries\/etude-de-marche-sur-les-produits-nasaux\/\" title=\"\u00c9tude de march\u00e9 sur les produits nasaux\"  data-wpil-monitor-id=\"8128\">products are also exported to global markets<\/a>, where they are consumed by a diverse range of consumers.<\/p>\n\n\n\n<h2 class=\"wp-block-heading\">Avantages de l\u2019\u00e9tude de march\u00e9 sur la volaille<\/h2>\n\n\n\n<p>Les \u00e9tudes de march\u00e9 sur la volaille offrent plusieurs avantages aux entreprises et aux acteurs majeurs de l\u2019industrie avicole. En voici quelques uns:<\/p>\n\n\n\n<ul class=\"wp-block-list\">\n<li>Poultry market research can provide knowledge and understanding on the needs and purchasing behavior of their target consumers. This information can help individuals and businesses to gather data and <a href=\"https:\/\/www.sisinternational.com\/fr\/solutions\/croissance-mondiale\/conseil-en-strategie-marches-emergents\/\" title=\"Conseil en strat\u00e9gie pour les march\u00e9s \u00e9mergents\"  data-wpil-monitor-id=\"8129\">strategies in poultry market<\/a> industry that can result to higher profitability.<\/li>\n\n\n\n<li>Les \u00e9tudes de march\u00e9 fournissent des informations sur les tendances du march\u00e9 qui peuvent aider les entreprises \u00e0 identifier les opportunit\u00e9s futures, telles que les changements dans les pr\u00e9f\u00e9rences des consommateurs, les changements dans les canaux de distribution et les progr\u00e8s technologiques. Ces informations peuvent aider les entreprises \u00e0 rester comp\u00e9titives et \u00e0 s&#039;adapter aux changements du march\u00e9.<\/li>\n\n\n\n<li>Businesses can determine the optimal <a href=\"https:\/\/www.sisinternational.com\/fr\/solutions\/recherche-de-conseil-en-strategie-fintech\/strategie-de-prix\/\" title=\"Recherche sur la strat\u00e9gie de tarification\"  data-wpil-monitor-id=\"8130\">pricing and promotion strategies<\/a> for their products. By understanding the pricing sensitivities and promotional preferences of their target consumers, companies can develop pricing and promotion strategies that maximize their revenue and profitability.<\/li>\n<\/ul>\n\n\n\n<h2 class=\"wp-block-heading\">\u00c0 propos de l\u2019\u00e9tude de march\u00e9 sur la volaille<\/h2>\n\n\n\n<figure class=\"gb-block-image gb-block-image-440e5979\"><img loading=\"lazy\" decoding=\"async\" width=\"1456\" height=\"816\" class=\"gb-image gb-image-440e5979\" src=\"https:\/\/www.sisinternational.com\/wp-content\/uploads\/2025\/08\/Poultry-chicken-6.jpg\" alt=\"\u00c9tudes de march\u00e9 et strat\u00e9gie internationales SIS\" title=\"Poultry chicken (6)\" srcset=\"https:\/\/www.sisinternational.com\/wp-content\/uploads\/2025\/08\/Poultry-chicken-6.jpg 1456w, https:\/\/www.sisinternational.com\/wp-content\/uploads\/2025\/08\/Poultry-chicken-6-300x168.jpg 300w, https:\/\/www.sisinternational.com\/wp-content\/uploads\/2025\/08\/Poultry-chicken-6-1024x574.jpg 1024w, https:\/\/www.sisinternational.com\/wp-content\/uploads\/2025\/08\/Poultry-chicken-6-768x430.jpg 768w, https:\/\/www.sisinternational.com\/wp-content\/uploads\/2025\/08\/Poultry-chicken-6-18x10.jpg 18w\" sizes=\"auto, (max-width: 1456px) 100vw, 1456px\"><\/figure>\n\n\n\n<p><\/p>\n\n\n\n<p>The gathered data and <a href=\"https:\/\/www.sisinternational.com\/fr\/strategie-marketing-multicanal-b2b\/\" title=\"Strat\u00e9gie marketing multicanal B2B\"  data-wpil-monitor-id=\"8131\">strategies in the poultry market<\/a> industry are vital to the success of businesses or key players. As market research provides insights into consumer preferences, market trends, pricing and promotion strategies, product development, and other business aspects, it will enable businesses to create informed decisions that can result in increased sales, profitability, and market share.<\/p>\n\n\n\n<p>With the growing demand for poultry products around the world, businesses that invest in poultry market research are better equipped to capitalize on new opportunities and adapt to changing market conditions. As the poultry industry faces new challenges related to sustainability, animal welfare, and food safety, market research can help businesses stay ahead of these trends and develop <a href=\"https:\/\/www.sisinternational.com\/fr\/sante-intelligente\/\" title=\"\u00c9tude de march\u00e9 sur la sant\u00e9 intelligente\"  data-wpil-monitor-id=\"7623\">innovative solutions<\/a> that meet the needs of consumers and society as a whole.<\/p>","protected":false},"excerpt":{"rendered":"<p>Les \u00e9tudes de march\u00e9 sur la volaille fournissent des informations sur le comportement des consommateurs, les tendances du march\u00e9 et d\u2019autres facteurs affectant l\u2019offre et la demande de volaille.<\/p>","protected":false},"author":1,"featured_media":64447,"parent":14514,"menu_order":222,"comment_status":"closed","ping_status":"closed","template":"","meta":{"footnotes":""},"class_list":["post-41904","page","type-page","status-publish","has-post-thumbnail"],"_links":{"self":[{"href":"https:\/\/www.sisinternational.com\/fr\/wp-json\/wp\/v2\/pages\/41904","targetHints":{"allow":["GET"]}}],"collection":[{"href":"https:\/\/www.sisinternational.com\/fr\/wp-json\/wp\/v2\/pages"}],"about":[{"href":"https:\/\/www.sisinternational.com\/fr\/wp-json\/wp\/v2\/types\/page"}],"author":[{"embeddable":true,"href":"https:\/\/www.sisinternational.com\/fr\/wp-json\/wp\/v2\/users\/1"}],"replies":[{"embeddable":true,"href":"https:\/\/www.sisinternational.com\/fr\/wp-json\/wp\/v2\/comments?post=41904"}],"version-history":[{"count":5,"href":"https:\/\/www.sisinternational.com\/fr\/wp-json\/wp\/v2\/pages\/41904\/revisions"}],"predecessor-version":[{"id":81368,"href":"https:\/\/www.sisinternational.com\/fr\/wp-json\/wp\/v2\/pages\/41904\/revisions\/81368"}],"up":[{"embeddable":true,"href":"https:\/\/www.sisinternational.com\/fr\/wp-json\/wp\/v2\/pages\/14514"}],"wp:featuredmedia":[{"embeddable":true,"href":"https:\/\/www.sisinternational.com\/fr\/wp-json\/wp\/v2\/media\/64447"}],"wp:attachment":[{"href":"https:\/\/www.sisinternational.com\/fr\/wp-json\/wp\/v2\/media?parent=41904"}],"curies":[{"name":"wp","href":"https:\/\/api.w.org\/{rel}","templated":true}]}}