{"id":41893,"date":"2023-03-18T19:23:11","date_gmt":"2023-03-18T23:23:11","guid":{"rendered":"https:\/\/www.sisinternational.com\/?page_id=41893"},"modified":"2026-01-24T21:12:24","modified_gmt":"2026-01-25T02:12:24","slug":"etude-de-marche-sur-les-plastiques","status":"publish","type":"page","link":"https:\/\/www.sisinternational.com\/fr\/competence\/etude-de-marche-sur-les-plastiques\/","title":{"rendered":"\u00c9tude de march\u00e9 sur les plastiques"},"content":{"rendered":"<h1 class=\"wp-block-heading\">\u00c9tude de march\u00e9 sur les plastiques<\/h1>\n\n\n\n<figure class=\"gb-block-image gb-block-image-c5f7ee09\"><img loading=\"lazy\" decoding=\"async\" width=\"1456\" height=\"816\" class=\"gb-image gb-image-c5f7ee09\" src=\"https:\/\/www.sisinternational.com\/wp-content\/uploads\/2025\/08\/Plastics-4.jpg\" alt=\"\u00c9tudes de march\u00e9 et strat\u00e9gie internationales SIS\" title=\"Plastics (4)\" srcset=\"https:\/\/www.sisinternational.com\/wp-content\/uploads\/2025\/08\/Plastics-4.jpg 1456w, https:\/\/www.sisinternational.com\/wp-content\/uploads\/2025\/08\/Plastics-4-300x168.jpg 300w, https:\/\/www.sisinternational.com\/wp-content\/uploads\/2025\/08\/Plastics-4-1024x574.jpg 1024w, https:\/\/www.sisinternational.com\/wp-content\/uploads\/2025\/08\/Plastics-4-768x430.jpg 768w, https:\/\/www.sisinternational.com\/wp-content\/uploads\/2025\/08\/Plastics-4-18x10.jpg 18w\" sizes=\"auto, (max-width: 1456px) 100vw, 1456px\"><\/figure>\n\n\n\n<p><\/p>\n\n\n\n<p>Les plastiques sont un groupe de mat\u00e9riaux synth\u00e9tiques ou semi-synth\u00e9tiques fabriqu\u00e9s \u00e0 partir de polym\u00e8res. Les polym\u00e8res sont de grosses mol\u00e9cules compos\u00e9es d&#039;unit\u00e9s r\u00e9p\u00e9titives appel\u00e9es monom\u00e8res. Les fabricants de plastique peuvent mouler et fa\u00e7onner leurs produits sous diverses formes. Ainsi, ils sont utiles dans de nombreuses applications diff\u00e9rentes.<\/p>\n\n\n\n<p>The majority of plastics come from petrochemicals such as <a href=\"https:\/\/www.sisinternational.com\/fr\/competence\/les-industries\/etude-de-marche-du-petrole-et-du-gaz\/\" title=\"\u00c9tudes de march\u00e9 sur le p\u00e9trole et le gaz\"  data-wpil-monitor-id=\"9876\">oil and natural gas<\/a>. Some are also made from renewable sources like cornstarch or sugarcane. We can classify plastics into two main categories: thermoplastics and thermosetting plastics.<\/p>\n\n\n\n<p>Nous pouvons fondre et remodeler les thermoplastiques plusieurs fois lorsqu&#039;ils sont chauff\u00e9s. En revanche, les plastiques thermodurcissables deviennent rigides une fois form\u00e9s. Nous ne pouvons pas les remodeler apr\u00e8s cela.<\/p>\n\n\n\n<p>Certains types courants de plastiques comprennent le poly\u00e9thyl\u00e8ne, le polypropyl\u00e8ne et le polychlorure de vinyle (PVC). Le polystyr\u00e8ne et le poly\u00e9thyl\u00e8ne t\u00e9r\u00e9phtalate (PET) sont deux autres types de plastiques populaires.<\/p>\n\n\n\n<p>Les plastiques poss\u00e8dent de nombreuses propri\u00e9t\u00e9s pr\u00e9cieuses. Par exemple, ils sont l\u00e9gers, durables et r\u00e9sistants \u00e0 l\u2019humidit\u00e9 et aux produits chimiques. Mais ils ont aussi des impacts n\u00e9gatifs sur l\u2019environnement. Ils contribuent \u00e0 la pollution, aux d\u00e9chets et \u00e0 l\u2019accumulation de microplastiques dans les \u00e9cosyst\u00e8mes.<\/p>\n\n\n\n<h2 class=\"wp-block-heading\">Pourquoi les plastiques sont-ils importants ?<\/h2>\n\n\n\n<p>Les plastiques sont importants pour plusieurs raisons. Pour commencer, ce sont des mat\u00e9riaux polyvalents. Nous pouvons les mouler et les fa\u00e7onner en une large gamme de produits. Nous les utilisons dans diverses industries, telles que l&#039;emballage et la construction. Ils sont \u00e9galement pr\u00e9cieux pour les secteurs de l\u2019automobile, de la sant\u00e9 et de l\u2019\u00e9lectronique.<\/p>\n\n\n\n<p>Les plastiques sont des mat\u00e9riaux durables qui peuvent r\u00e9sister \u00e0 l\u2019usure. Ainsi, ils sont id\u00e9aux pour les produits durables comme les pipes, les jouets et les meubles. Les plastiques sont \u00e9galement moins chers que d\u2019autres mat\u00e9riaux, comme le m\u00e9tal et le verre. Ils constituent donc une option attractive pour les fabricants et les consommateurs.<\/p>\n\n\n\n<p>Les plastiques sont l\u00e9gers, ce qui r\u00e9duit les co\u00fbts de transport et la consommation d&#039;\u00e9nergie lors du transport. Les plastiques contribuent \u00e9galement \u00e0 pr\u00e9server les ressources puisqu\u2019ils peuvent \u00eatre fabriqu\u00e9s \u00e0 partir de mat\u00e9riaux recycl\u00e9s. Ils peuvent \u00e9galement contribuer \u00e0 r\u00e9duire le gaspillage alimentaire en prolongeant la dur\u00e9e de conservation des produits.<\/p>\n\n\n\n<p>Il est facile de constater que les plastiques pr\u00e9sentent de nombreux avantages. Pourtant, leur \u00e9limination inappropri\u00e9e peut \u00e9galement avoir un impact n\u00e9gatif sur l\u2019environnement. Par exemple, cela peut entra\u00eener de la pollution, des d\u00e9chets et nuire \u00e0 la faune. Il est donc essentiel d\u2019\u00eatre responsable dans la gestion de l\u2019utilisation et de l\u2019\u00e9limination du plastique. Une utilisation et une \u00e9limination appropri\u00e9es r\u00e9duiront leurs impacts n\u00e9gatifs sur l&#039;environnement.<\/p>\n\n\n\n<h2 class=\"wp-block-heading\">Titres de poste cl\u00e9s<\/h2>\n\n\n\n<p>Il existe plusieurs titres d\u2019emploi cl\u00e9s dans l\u2019industrie du plastique, notamment\u00a0:<\/p>\n\n\n\n<ol class=\"wp-block-list\">\n<li><strong>Scientifique\/chimiste en polym\u00e8res\u00a0:<\/strong> d\u00e9veloppe de nouveaux mat\u00e9riaux polym\u00e8res et am\u00e9liore ceux existants.<\/li>\n\n\n\n<li><strong>Ing\u00e9nieur de proc\u00e9d\u00e9:<\/strong> con\u00e7oit, d\u00e9veloppe et optimise les proc\u00e9d\u00e9s utilis\u00e9s pour fabriquer des produits en plastique.<\/li>\n\n\n\n<li><strong>Responsable cont\u00f4le qualit\u00e9:<\/strong> Garantit que les produits en plastique r\u00e9pondent aux normes et r\u00e9glementations de qualit\u00e9.<\/li>\n\n\n\n<li><strong>Ing\u00e9nieur outillage\u00a0:<\/strong> con\u00e7oit et fabrique des moules et des matrices utilis\u00e9s dans les proc\u00e9d\u00e9s de fabrication du plastique.<\/li>\n\n\n\n<li><strong>Directeur de production:<\/strong> supervise l&#039;ensemble du processus de production, des mati\u00e8res premi\u00e8res aux produits finis.<\/li>\n\n\n\n<li><strong>Sales and <\/strong><a href=\"https:\/\/www.sisinternational.com\/fr\/solutions\/recherche-de-conseil-en-strategie-fintech\/services-financiers-gestion-du-changement-etudes-de-marche-conseil-en-strategie\/\" title=\"Gestion du changement dans les services financiers \u00c9tudes de march\u00e9 et conseil en strat\u00e9gie\"  data-wpil-monitor-id=\"9870\">Marketing Manager: develops and implements strategies<\/a> to sell plastic products. The Sales and <a href=\"https:\/\/www.sisinternational.com\/fr\/publicite-choc-et-marketing-choc\/\" title=\"Shockvertising et marketing de choc\"  data-wpil-monitor-id=\"9869\">Marketing Manager also builds brand<\/a> awareness.<\/li>\n\n\n\n<li><strong>Ing\u00e9nieur environnemental:<\/strong> con\u00e7oit et met en \u0153uvre des processus pour g\u00e9rer l\u2019impact environnemental. Ils promeuvent la fabrication et l\u2019\u00e9limination du plastique vert.<\/li>\n\n\n\n<li><strong>Ing\u00e9nieur de conception\u00a0:<\/strong> utilise un logiciel de conception assist\u00e9e par ordinateur (CAO) pour d\u00e9velopper de nouveaux produits en plastique.<\/li>\n\n\n\n<li><strong>Op\u00e9rateur:<\/strong> exploite et entretient les machines utilis\u00e9es dans les proc\u00e9d\u00e9s de fabrication du plastique.<\/li>\n\n\n\n<li><strong>Manager de recherche et d\u00e9veloppement:<\/strong> <a href=\"https:\/\/www.sisinternational.com\/fr\/etude-de-marche-sur-la-generation-de-leads-b2b\/\" title=\"\u00c9tude de march\u00e9 sur la g\u00e9n\u00e9ration de leads B2B\"  data-wpil-monitor-id=\"9873\">leads<\/a> research efforts to develop new plastic materials. They also help come up with technologies and products.<\/li>\n<\/ol>\n\n\n\n<h2 class=\"wp-block-heading\">Pourquoi les entreprises ont besoin de plastiques<\/h2>\n\n\n\n<p>Les entreprises ont besoin de plastique pour plusieurs raisons. Comme nous l&#039;avons mentionn\u00e9 pr\u00e9c\u00e9demment, ils sont rentables. Les plastiques sont g\u00e9n\u00e9ralement moins chers que le m\u00e9tal, le verre ou le bois. Ils constituent donc une option int\u00e9ressante pour les entreprises cherchant \u00e0 r\u00e9duire leurs co\u00fbts.<\/p>\n\n\n\n<p>Les plastiques sont faciles \u00e0 nettoyer et \u00e0 d\u00e9sinfecter. Ce mat\u00e9riau est donc id\u00e9al pour les applications qui n\u00e9cessitent des niveaux \u00e9lev\u00e9s d\u2019hygi\u00e8ne. Ils sont couramment utilis\u00e9s pour les \u00e9quipements m\u00e9dicaux et les emballages alimentaires.<\/p>\n\n\n\n<p>L&#039;industrie a d\u00e9velopp\u00e9 de nouveaux mat\u00e9riaux et technologies plastiques. Ces innovations ont conduit \u00e0 la cr\u00e9ation de nouveaux produits et initiatives. Les exemples sont l\u2019impression 3D et les plastiques biod\u00e9gradables.<\/p>\n\n\n\n<p>Les plastiques offrent aux entreprises un mat\u00e9riau rentable, polyvalent et durable. Ils peuvent \u00eatre utilis\u00e9s dans un large \u00e9ventail d\u2019applications.<\/p>\n\n\n\n<h2 class=\"wp-block-heading\">Facteurs cl\u00e9s de succ\u00e8s<\/h2>\n\n\n\n<p>The main critical success factor in the plastics industry is innovation. The ability to develop new plastic materials and technologies is crucial for success. Companies that invest in research and <a href=\"https:\/\/www.sisinternational.com\/fr\/developper-un-avantage-concurrentiel-durable\/\" title=\"D\u00e9velopper un avantage concurrentiel durable\"  data-wpil-monitor-id=\"9871\">development have a competitive advantage<\/a>. Why? Because they can bring innovative <a href=\"https:\/\/www.sisinternational.com\/fr\/competence\/cv-dexperience\/etude-de-marche-sur-les-produits-de-soins-personnels\/\" title=\"\u00c9tude de march\u00e9 sur les produits de soins personnels\"  data-wpil-monitor-id=\"9874\">products to market<\/a>.<\/p>\n\n\n\n<p>La qualit\u00e9 est \u00e9galement essentielle dans l\u2019industrie du plastique. Les entreprises doivent fabriquer des produits de haute qualit\u00e9 qui r\u00e9pondent aux exigences des clients et aux normes r\u00e9glementaires. Ces entreprises ont de meilleures chances de r\u00e9ussir.<\/p>\n\n\n\n<p>Firms must be able to produce plastic products at a lower cost than competitors. That is important for success. Companies that have efficient manufacturing processes can achieve cost savings. So can <a href=\"https:\/\/www.sisinternational.com\/fr\/solutions\/legal-market-research\/law-firm-technology-integration\/\" title=\"Law Firm Technology Integration\u00a0\u00a0\u00a0\"  data-wpil-monitor-id=\"9875\">firms that use automation and technology<\/a> and optimize their supply chain.<\/p>\n\n\n\n<p>Les entreprises doivent comprendre et r\u00e9pondre aux besoins et pr\u00e9f\u00e9rences des clients. De telles entreprises ont plus de chances de r\u00e9ussir. Ainsi, ils doivent concevoir et fabriquer des produits qui r\u00e9pondent aux exigences des clients. Ils doivent \u00e9galement fournir un excellent service client. La cl\u00e9 est d\u2019\u00e9tablir des relations solides avec les clients.<\/p>\n\n\n\n<p>La durabilit\u00e9 devient de plus en plus importante dans l\u2019industrie du plastique. Les entreprises doivent adopter des pratiques durables. Les entreprises qui utilisent des mat\u00e9riaux recycl\u00e9s et r\u00e9duisent leurs d\u00e9chets ont plus de chances de r\u00e9ussir \u00e0 long terme.<\/p>\n\n\n\n<p>L\u2019industrie du plastique n\u00e9cessite une main-d\u2019\u0153uvre qualifi\u00e9e poss\u00e9dant une expertise en science des mat\u00e9riaux. Elle a \u00e9galement besoin d\u2019experts en ing\u00e9nierie, conception et fabrication. Les entreprises doivent investir dans leurs employ\u00e9s et offrir des opportunit\u00e9s de formation et de d\u00e9veloppement. Ces entreprises sont plus susceptibles d\u2019attirer et de retenir des travailleurs qualifi\u00e9s.<\/p>\n\n\n\n<p>L&#039;industrie du plastique est soumise \u00e0 diverses r\u00e9glementations. Elle doit suivre celles li\u00e9es \u00e0 la s\u00e9curit\u00e9 des produits, \u00e0 la protection de l\u2019environnement et \u00e0 la gestion des d\u00e9chets. Les entreprises qui respectent les lois applicables et g\u00e8rent les risques ont plus de chances de r\u00e9ussir.<\/p>\n\n\n\n<h2 class=\"wp-block-heading\">\u00c0 propos des \u00e9tudes de march\u00e9 sur les plastiques<\/h2>\n\n\n\n<p>SIS International can conduct your <a class=\"wpil_keyword_link\" href=\"https:\/\/www.sisinternational.com\/fr\/tools-and-resources-for-qualitative-market-research\/\"   title=\"Tools and Resources for Qualitative Market Research\" data-wpil-keyword-link=\"linked\"  data-wpil-monitor-id=\"708\">\u00c9tude de march\u00e9 qualitative<\/a>. We can help you determine if investing in Plastics is right for you. Our <a href=\"https:\/\/www.sisinternational.com\/fr\/solutions\/etude-de-marche-en-groupe-de-discussion\/\" title=\"\u00c9tude de march\u00e9 par groupe de discussion\"  data-wpil-monitor-id=\"9872\">research includes organizing Focus Groups<\/a>, Surveys, and Interviews. As part of your Qualitative research, you can also receive a Competitive Analysis. We can help you to come up with your Go to Market Strategy. We help you break into new <a href=\"https:\/\/www.sisinternational.com\/fr\/competence\/les-industries\/etude-de-marche-sur-le-web-scraping\/\" title=\"\u00c9tude de march\u00e9 sur le grattage Web\"  data-wpil-monitor-id=\"3238\">markets with Market Entry Research<\/a> and Market Sizing Research. SIS also offers UX Market Research and Strategy Market Research. Contact us today for a consultation.<\/p>","protected":false},"excerpt":{"rendered":"<p>Les plastiques sont moul\u00e9s et fa\u00e7onn\u00e9s en de nombreux produits. Nous les utilisons dans les secteurs de l\u2019emballage, de la construction, de l\u2019automobile, de la sant\u00e9 et de l\u2019\u00e9lectronique.<\/p>","protected":false},"author":1,"featured_media":64328,"parent":14514,"menu_order":220,"comment_status":"closed","ping_status":"closed","template":"","meta":{"footnotes":""},"class_list":["post-41893","page","type-page","status-publish","has-post-thumbnail"],"_links":{"self":[{"href":"https:\/\/www.sisinternational.com\/fr\/wp-json\/wp\/v2\/pages\/41893","targetHints":{"allow":["GET"]}}],"collection":[{"href":"https:\/\/www.sisinternational.com\/fr\/wp-json\/wp\/v2\/pages"}],"about":[{"href":"https:\/\/www.sisinternational.com\/fr\/wp-json\/wp\/v2\/types\/page"}],"author":[{"embeddable":true,"href":"https:\/\/www.sisinternational.com\/fr\/wp-json\/wp\/v2\/users\/1"}],"replies":[{"embeddable":true,"href":"https:\/\/www.sisinternational.com\/fr\/wp-json\/wp\/v2\/comments?post=41893"}],"version-history":[{"count":7,"href":"https:\/\/www.sisinternational.com\/fr\/wp-json\/wp\/v2\/pages\/41893\/revisions"}],"predecessor-version":[{"id":81639,"href":"https:\/\/www.sisinternational.com\/fr\/wp-json\/wp\/v2\/pages\/41893\/revisions\/81639"}],"up":[{"embeddable":true,"href":"https:\/\/www.sisinternational.com\/fr\/wp-json\/wp\/v2\/pages\/14514"}],"wp:featuredmedia":[{"embeddable":true,"href":"https:\/\/www.sisinternational.com\/fr\/wp-json\/wp\/v2\/media\/64328"}],"wp:attachment":[{"href":"https:\/\/www.sisinternational.com\/fr\/wp-json\/wp\/v2\/media?parent=41893"}],"curies":[{"name":"wp","href":"https:\/\/api.w.org\/{rel}","templated":true}]}}