{"id":41882,"date":"2023-03-18T18:21:14","date_gmt":"2023-03-18T22:21:14","guid":{"rendered":"https:\/\/www.sisinternational.com\/?page_id=41882"},"modified":"2026-01-24T18:41:17","modified_gmt":"2026-01-24T23:41:17","slug":"etude-de-marche-sur-les-produits-chimiques-organiques","status":"publish","type":"page","link":"https:\/\/www.sisinternational.com\/fr\/competence\/etude-de-marche-sur-les-produits-chimiques-organiques\/","title":{"rendered":"\u00c9tude de march\u00e9 sur les produits chimiques organiques"},"content":{"rendered":"<h1 class=\"wp-block-heading\">\u00c9tude de march\u00e9 sur les produits chimiques organiques<\/h1>\n\n\n\n<figure class=\"gb-block-image gb-block-image-7463948d\"><img loading=\"lazy\" decoding=\"async\" width=\"1456\" height=\"816\" class=\"gb-image gb-image-7463948d\" src=\"https:\/\/www.sisinternational.com\/wp-content\/uploads\/2025\/09\/Chemicals-1-1.jpg\" alt=\"\u00c9tudes de march\u00e9 et strat\u00e9gie internationales SIS\" title=\"Chemicals (1)\" srcset=\"https:\/\/www.sisinternational.com\/wp-content\/uploads\/2025\/09\/Chemicals-1-1.jpg 1456w, https:\/\/www.sisinternational.com\/wp-content\/uploads\/2025\/09\/Chemicals-1-1-300x168.jpg 300w, https:\/\/www.sisinternational.com\/wp-content\/uploads\/2025\/09\/Chemicals-1-1-1024x574.jpg 1024w, https:\/\/www.sisinternational.com\/wp-content\/uploads\/2025\/09\/Chemicals-1-1-768x430.jpg 768w, https:\/\/www.sisinternational.com\/wp-content\/uploads\/2025\/09\/Chemicals-1-1-18x10.jpg 18w\" sizes=\"auto, (max-width: 1456px) 100vw, 1456px\"><\/figure>\n\n\n\n<p><\/p>\n\n\n\n<p>Les produits chimiques organiques sont des mol\u00e9cules compos\u00e9es d&#039;atomes de carbone. Ils contiennent de l&#039;hydrog\u00e8ne, de l&#039;oxyg\u00e8ne, de l&#039;azote, du soufre et d&#039;autres atomes de carbone. Ils sont \u00e9galement appel\u00e9s compos\u00e9s organiques et constituent la base de tous les organismes vivants sur Terre.<\/p>\n\n\n\n<p>Vous pouvez trouver des produits chimiques organiques dans la nature, comme les plantes et les animaux. Les scientifiques peuvent \u00e9galement produire des produits chimiques organiques synth\u00e9tiques en laboratoire. Des exemples de produits chimiques organiques naturels comprennent les sucres, les graisses, les prot\u00e9ines et l&#039;ADN. Les produits chimiques organiques synth\u00e9tiques comprennent les plastiques, les pesticides, les produits pharmaceutiques et de nombreux autres produits.<\/p>\n\n\n\n<p>Nous utilisons des produits chimiques organiques dans l\u2019industrie, l\u2019agriculture et dans la vie quotidienne. Ils ont des propri\u00e9t\u00e9s et des applications diverses. Mais certains produits chimiques organiques peuvent nuire \u00e0 la sant\u00e9 humaine et \u00e0 l\u2019environnement. Par exemple, certains pesticides et polluants sont toxiques. Il est donc essentiel d\u2019utiliser et d\u2019\u00e9liminer correctement ces produits chimiques. De cette fa\u00e7on, vous pouvez r\u00e9duire leur impact sur l\u2019environnement et la sant\u00e9 humaine.<\/p>\n\n\n\n<h2 class=\"wp-block-heading\">Pourquoi les produits chimiques organiques sont-ils importants ?<\/h2>\n\n\n\n<p>Les produits chimiques organiques sont essentiels pour de nombreuses raisons. Par exemple, ils sont importants dans la vie. Les produits chimiques organiques sont les \u00e9l\u00e9ments constitutifs de la vie. Chaque organisme vivant dans le monde est compos\u00e9 de compos\u00e9s organiques. M\u00eame les glucides, les lipides, les prot\u00e9ines et les acides nucl\u00e9iques contiennent ces produits chimiques. Sans produits chimiques organiques, la vie telle que nous la connaissons n\u2019existerait pas.<\/p>\n\n\n\n<p>Les produits chimiques organiques jouent un r\u00f4le crucial dans l\u2019agriculture moderne. Ils se trouvent dans les engrais, les pesticides et les herbicides. Ainsi, ils augmentent les rendements des cultures et prot\u00e8gent les cultures des ravageurs et des maladies.<\/p>\n\n\n\n<p>Les fabricants utilisent des produits chimiques organiques dans la production d\u2019une large gamme de mat\u00e9riaux. Par exemple, ils sont en plastique, en fibres synth\u00e9tiques et en caoutchouc. Ils sont \u00e9galement utilis\u00e9s pour fabriquer des produits pharmaceutiques, des colorants et d\u2019autres produits.<\/p>\n\n\n\n<p>Les produits chimiques organiques sont une source d\u2019\u00e9nergie essentielle. Les combustibles fossiles, comme le gaz naturel et le p\u00e9trole, contiennent des compos\u00e9s organiques form\u00e9s sur des millions d\u2019ann\u00e9es. De plus, nous les utilisons pour alimenter les v\u00e9hicules, produire de l\u2019\u00e9lectricit\u00e9 et chauffer les b\u00e2timents.<br>Les produits chimiques organiques jouent un r\u00f4le crucial dans l&#039;environnement. Ils servent de nutriments aux plantes et aux animaux. Ils font \u00e9galement partie des cycles biog\u00e9ochimiques.<\/p>\n\n\n\n<h2 class=\"wp-block-heading\">Titres de poste cl\u00e9s<\/h2>\n\n\n\n<h3 class=\"wp-block-heading\">Voici quelques titres d\u2019emploi cl\u00e9s li\u00e9s \u00e0 divers domaines et industries\u00a0:<\/h3>\n\n\n\n<ol class=\"wp-block-list\">\n<li>D\u00e9veloppeur de logiciels\u00a0: d\u00e9veloppe des applications logicielles pour les syst\u00e8mes informatiques.<\/li>\n\n\n\n<li>Comptable\u00a0: G\u00e8re les dossiers financiers et pr\u00e9pare des rapports financiers pour les particuliers ou les organisations.<\/li>\n\n\n\n<li>Marketing Manager: Plans and directs <a href=\"https:\/\/www.sisinternational.com\/fr\/competence\/cv-dexperience\/etude-de-marche-sur-les-produits-de-soins-personnels\/\" title=\"\u00c9tude de march\u00e9 sur les produits de soins personnels\"  data-wpil-monitor-id=\"10128\">marketing campaigns to promote products<\/a> or services.<\/li>\n\n\n\n<li>Ing\u00e9nieur civil\u00a0: con\u00e7oit, construit et entretient des infrastructures telles que des b\u00e2timents, des ponts et des routes.<\/li>\n\n\n\n<li><a href=\"https:\/\/www.sisinternational.com\/fr\/solutions\/ai-etudes-de-marche-et-conseil-en-strategie\/ressources-humaines-automatisation-de-la-gestion-des-talents-conseil-en-intelligence-artificielle\/\" title=\"Automatisation des ressources humaines et de la gestion des talents et conseil en IA\"  data-wpil-monitor-id=\"10127\">Human Resources Manager<\/a>: Oversees hiring, training, and management of personnel in an organization.<\/li>\n\n\n\n<li>M\u00e9decin\u00a0: Diagnostique et traite les maladies et les blessures des patients.<\/li>\n\n\n\n<li>Avocat\u00a0: fournit des conseils juridiques et repr\u00e9sente des individus ou des organisations.<\/li>\n\n\n\n<li>Graphiste\u00a0: con\u00e7oit des id\u00e9es visuelles manuellement ou \u00e0 l&#039;aide d&#039;un logiciel informatique. Ce professionnel communique des concepts qui informent, inspirent ou captivent les consommateurs.<\/li>\n\n\n\n<li>Data Scientist\u00a0: utilise l&#039;analyse statistique, la mod\u00e9lisation des donn\u00e9es et l&#039;apprentissage automatique. Ce professionnel extrait des informations et des connaissances \u00e0 partir des donn\u00e9es.<\/li>\n\n\n\n<li>Scientifique de l&#039;environnement\u00a0: \u00e9tudie l&#039;environnement naturel et identifie les dangers environnementaux potentiels. D\u00e9veloppe des solutions pour minimiser l\u2019impact n\u00e9gatif sur l\u2019environnement.<\/li>\n<\/ol>\n\n\n\n<h2 class=\"wp-block-heading\">Pourquoi les entreprises ont besoin de produits chimiques organiques<\/h2>\n\n\n\n<p>Les entreprises ont besoin de produits chimiques organiques pour la fabrication. Les produits chimiques organiques sont essentiels dans le processus de fabrication de nombreux produits. Certaines industries utilisent des produits chimiques organiques comme mati\u00e8res premi\u00e8res pour cr\u00e9er leurs produits. Ou encore, ils les utilisent comme solvants, catalyseurs ou autres agents dans le processus de fabrication.<\/p>\n\n\n\n<p>Businesses may use <a href=\"https:\/\/www.sisinternational.com\/fr\/competence\/les-industries\/etudes-de-marche-des-organismes-de-recherche-sous-contrat\/\" title=\"\u00c9tude de march\u00e9 sur les organismes de recherche sous contrat\"  data-wpil-monitor-id=\"10130\">organic chemicals in their research<\/a> and development activities. For example, they use them to create or improve new products. Pharmaceutical companies often use organic chemicals as a starting point for developing new drugs.<br>Les produits chimiques organiques sont souvent utilis\u00e9s dans les tests environnementaux. Ils d\u00e9tectent et mesurent les polluants de l\u2019air, de l\u2019eau et du sol, ce qui est essentiel pour les entreprises op\u00e9rant dans des secteurs \u00e0 fort impact environnemental. Par exemple, les industries d\u2019extraction mini\u00e8re, p\u00e9troli\u00e8re et gazi\u00e8re les utilisent.<\/p>\n\n\n\n<h2 class=\"wp-block-heading\">Facteurs cl\u00e9s de succ\u00e8s<\/h2>\n\n\n\n<h3 class=\"wp-block-heading\">Les entreprises de produits chimiques organiques doivent se concentrer sur plusieurs facteurs critiques de r\u00e9ussite. Comme pour toute autre entreprise, cela garantit le succ\u00e8s et la rentabilit\u00e9 \u00e0 long terme.<\/h3>\n\n\n\n<p>The first essential factor of success for organic chemical businesses is innovation. Successful <a href=\"https:\/\/www.sisinternational.com\/fr\/creation-dorgue-par-imprimantes-3d\/\" title=\"\u00c9tude de march\u00e9 sur la cr\u00e9ation d\u2019organes et les imprimantes 3D\"  data-wpil-monitor-id=\"2307\">organic chemical<\/a> enterprises are often at the forefront of research and development. They explore new applications and develop new products. Innovation is critical to staying ahead of competitors and meeting customers\u2019 needs.<\/p>\n\n\n\n<p>Les entreprises de produits chimiques organiques doivent garantir que leurs produits r\u00e9pondent \u00e0 des normes de qualit\u00e9 strictes. De cette fa\u00e7on, ils maintiennent la satisfaction de leurs clients et prot\u00e8gent leur r\u00e9putation. De plus, un contr\u00f4le qualit\u00e9 doit \u00eatre mis en place \u00e0 chaque \u00e9tape du processus de production. Cela va de l\u2019approvisionnement en mati\u00e8res premi\u00e8res \u00e0 la livraison du produit final.<\/p>\n\n\n\n<p>Efficiency is another <a href=\"https:\/\/www.sisinternational.com\/fr\/facteurs-cles-de-succes-dans-les-etudes-de-marche-automobile\/\" title=\"Facteurs cl\u00e9s de succ\u00e8s dans les \u00e9tudes de march\u00e9 automobile\"  data-wpil-monitor-id=\"10124\">key success factor<\/a>. Organic chemical businesses need to be efficient and cost-effective in making their products, which requires effective supply chain management and lean manufacturing processes. Your company also needs to follow various regulations and standards. Look up the standards related to health, safety, and environmental protection. Compliance with these regulations is necessary for legal reasons. It also protects the health and safety of employees and the environment.<\/p>\n\n\n\n<p>Ces entreprises doivent consid\u00e9rer l&#039;impact de leurs op\u00e9rations sur l&#039;environnement. Ils doivent \u00e9galement examiner ses effets sur la soci\u00e9t\u00e9. Les entreprises doivent s&#039;engager dans des pratiques durables. Ils doivent \u00e9galement \u00eatre transparents sur leur impact social et environnemental. Ces entreprises ont plus de chances de r\u00e9ussir \u00e0 long terme.<\/p>\n\n\n\n<p>Les entreprises de produits chimiques organiques qui r\u00e9ussissent se concentrent sur les besoins et les pr\u00e9f\u00e9rences de leurs clients. Ainsi, vous devez porter une attention particuli\u00e8re aux clients. Cela vous aide \u00e0 comprendre leurs exigences. Il vous permet \u00e9galement de proposer des solutions personnalis\u00e9es r\u00e9pondant \u00e0 leurs besoins sp\u00e9cifiques.<\/p>\n\n\n\n<h2 class=\"wp-block-heading\">\u00c0 propos de l\u2019\u00e9tude de march\u00e9 sur les produits chimiques organiques<\/h2>\n\n\n\n<p>Are you running an organic chemicals business? Then you must learn about your customers, competitors, and industry. <a href=\"https:\/\/www.sisinternational.com\/fr\/tools-and-resources-for-qualitative-market-research\/\" title=\"Tools and Resources for Qualitative Market Research\"  data-wpil-monitor-id=\"10115\">\u00c9tude de march\u00e9 qualitative<\/a> involves asking the right questions to the right people in the right way. Let <a href=\"https:\/\/www.sisinternational.com\/fr\/contacter-sis-etude-de-marche-internationale\/\" title=\"Contactez-nous\"  data-wpil-monitor-id=\"10111\">SIS International research<\/a> help you do that with Focus Groups, Interviews, and Surveys. We also conduct <a href=\"https:\/\/www.sisinternational.com\/fr\/solutions\/solutions-de-recherche-qualitative-et-quantitative\/etude-de-marche-qualitative\/\" title=\"\u00c9tude de march\u00e9 qualitative\"  data-wpil-monitor-id=\"10118\">\u00c9tude de march\u00e9 qualitative<\/a>. We can do your Competitive Analyses, UX Market Research, and <a href=\"https:\/\/www.sisinternational.com\/fr\/strategies-et-techniques-detudes-de-marche-b2b\/\" title=\"Strat\u00e9gies et techniques d&#039;\u00e9tudes de march\u00e9 B2B\"  data-wpil-monitor-id=\"10122\">\u00c9tude de march\u00e9 strat\u00e9gique<\/a> to take you further in your quest for success. Also available are <a href=\"https:\/\/www.sisinternational.com\/fr\/competence\/etude-de-marche-sur-les-produits-chimiques-en-vrac\/\" title=\"\u00c9tude de march\u00e9 sur les produits chimiques en vrac\"  data-wpil-monitor-id=\"2115\">Recherche d&#039;entr\u00e9e sur le march\u00e9<\/a>, Market Opportunity Research, and Market Sizing Research. Contact us today to work out your Go to Market Strategy!<\/p>","protected":false},"excerpt":{"rendered":"<p>Les produits chimiques organiques jouent un r\u00f4le crucial dans l\u2019agriculture moderne. Ils augmentent les rendements des cultures et les prot\u00e8gent des ravageurs et des maladies.<\/p>","protected":false},"author":1,"featured_media":67290,"parent":14514,"menu_order":217,"comment_status":"closed","ping_status":"closed","template":"","meta":{"footnotes":""},"class_list":["post-41882","page","type-page","status-publish","has-post-thumbnail"],"_links":{"self":[{"href":"https:\/\/www.sisinternational.com\/fr\/wp-json\/wp\/v2\/pages\/41882","targetHints":{"allow":["GET"]}}],"collection":[{"href":"https:\/\/www.sisinternational.com\/fr\/wp-json\/wp\/v2\/pages"}],"about":[{"href":"https:\/\/www.sisinternational.com\/fr\/wp-json\/wp\/v2\/types\/page"}],"author":[{"embeddable":true,"href":"https:\/\/www.sisinternational.com\/fr\/wp-json\/wp\/v2\/users\/1"}],"replies":[{"embeddable":true,"href":"https:\/\/www.sisinternational.com\/fr\/wp-json\/wp\/v2\/comments?post=41882"}],"version-history":[{"count":6,"href":"https:\/\/www.sisinternational.com\/fr\/wp-json\/wp\/v2\/pages\/41882\/revisions"}],"predecessor-version":[{"id":81675,"href":"https:\/\/www.sisinternational.com\/fr\/wp-json\/wp\/v2\/pages\/41882\/revisions\/81675"}],"up":[{"embeddable":true,"href":"https:\/\/www.sisinternational.com\/fr\/wp-json\/wp\/v2\/pages\/14514"}],"wp:featuredmedia":[{"embeddable":true,"href":"https:\/\/www.sisinternational.com\/fr\/wp-json\/wp\/v2\/media\/67290"}],"wp:attachment":[{"href":"https:\/\/www.sisinternational.com\/fr\/wp-json\/wp\/v2\/media?parent=41882"}],"curies":[{"name":"wp","href":"https:\/\/api.w.org\/{rel}","templated":true}]}}