{"id":41879,"date":"2023-03-18T18:04:53","date_gmt":"2023-03-18T22:04:53","guid":{"rendered":"https:\/\/www.sisinternational.com\/?page_id=41879"},"modified":"2026-01-24T21:27:16","modified_gmt":"2026-01-25T02:27:16","slug":"etude-de-marche-sur-les-plates-formes-petrolieres","status":"publish","type":"page","link":"https:\/\/www.sisinternational.com\/fr\/competence\/etude-de-marche-sur-les-plates-formes-petrolieres\/","title":{"rendered":"\u00c9tude de march\u00e9 sur les plates-formes p\u00e9troli\u00e8res"},"content":{"rendered":"<h1 class=\"wp-block-heading\">\u00c9tude de march\u00e9 sur les plates-formes p\u00e9troli\u00e8res<\/h1>\n\n\n\n<figure class=\"gb-block-image gb-block-image-bd226ce0\"><img loading=\"lazy\" decoding=\"async\" width=\"1456\" height=\"816\" class=\"gb-image gb-image-bd226ce0\" src=\"https:\/\/www.sisinternational.com\/wp-content\/uploads\/2025\/08\/Oit-petroleum-petrochemical-8.jpg\" alt=\"\u00c9tudes de march\u00e9 et strat\u00e9gie internationales SIS\" title=\"Oit petroleum petrochemical (8)\" srcset=\"https:\/\/www.sisinternational.com\/wp-content\/uploads\/2025\/08\/Oit-petroleum-petrochemical-8.jpg 1456w, https:\/\/www.sisinternational.com\/wp-content\/uploads\/2025\/08\/Oit-petroleum-petrochemical-8-300x168.jpg 300w, https:\/\/www.sisinternational.com\/wp-content\/uploads\/2025\/08\/Oit-petroleum-petrochemical-8-1024x574.jpg 1024w, https:\/\/www.sisinternational.com\/wp-content\/uploads\/2025\/08\/Oit-petroleum-petrochemical-8-768x430.jpg 768w, https:\/\/www.sisinternational.com\/wp-content\/uploads\/2025\/08\/Oit-petroleum-petrochemical-8-18x10.jpg 18w\" sizes=\"auto, (max-width: 1456px) 100vw, 1456px\"><\/figure>\n\n\n\n<hr class=\"wp-block-separator has-alpha-channel-opacity is-style-dots\"\/>\n\n\n\n<p>L\u2019industrie p\u00e9troli\u00e8re est l\u2019une des plus importantes au monde, aux c\u00f4t\u00e9s d\u2019autres acteurs cl\u00e9s tels que la finance, l\u2019immobilier et la construction. La plupart des produits et services d\u00e9pendent fortement de cette industrie, du transport \u00e0 la fabrication de produits.<\/p>\n\n\n\n<p>L\u2019industrie p\u00e9troli\u00e8re mondiale l\u00e8ve des milliards de dollars chaque ann\u00e9e, ce qui en fait un investissement attractif. Les principaux contributeurs \u00e0 cette industrie sont les plates-formes p\u00e9troli\u00e8res.<\/p>\n\n\n\n<p>In the United States alone, there are at least a thousand oil rigs\u2014offshore and onshore, making it the top country with the highest number of rigs.<\/p>\n\n\n\n<p>With the continuous demand for fuel, investment in oil rigs will continue to soar. However, investing in the oil rigs market attracts an array of issues, which challenge investors in navigating through it.<\/p>\n\n\n\n<h2 class=\"wp-block-heading\">Qu\u2019est-ce que la plate-forme p\u00e9troli\u00e8re\u00a0?<\/h2>\n\n\n\n<p>Oil rigs, also known as oil platforms, are equipment or structures of extraordinary size that drill oil wells, extract petroleum and natural gases found beneath the seabed, and process them.<\/p>\n\n\n\n<p>Cette structure fait partie de multiples installations, s&#039;adressant \u00e0 divers instruments et travailleurs. Bien qu\u2019il ait un seul objectif, il existe diff\u00e9rents types et conceptions de plates-formes p\u00e9troli\u00e8res, qui tiennent g\u00e9n\u00e9ralement compte de l\u2019emplacement du puits de p\u00e9trole.<\/p>\n\n\n\n<h3 class=\"wp-block-heading\">Voici quelques types de plates-formes p\u00e9troli\u00e8res trouv\u00e9es partout dans le monde\u00a0:<\/h3>\n\n\n\n<ul class=\"wp-block-list\">\n<li><strong>Plateformes fixes\u00a0:<\/strong>&nbsp;a des pieds \u00e9pais en b\u00e9ton et\/ou en acier, directement construits sur le fond marin ; fonctionne mieux pour une utilisation \u00e0 long terme.<\/li>\n\n\n\n<li><strong>Appareils de forage auto-\u00e9l\u00e9vateurs\u00a0:<\/strong>&nbsp;con\u00e7u pour se d\u00e9placer d&#039;un endroit \u00e0 un autre; adapt\u00e9 aux profondeurs d&#039;eau allant jusqu&#039;\u00e0 390 pieds.<\/li>\n\n\n\n<li><strong>Plateformes Spar\u00a0:<\/strong>&nbsp;attach\u00e9 au fond marin; utilise principalement des amarres conventionnelles.<\/li>\n\n\n\n<li><strong>Plates-formes \u00e0 jambes de tension (TLP)\u00a0:<\/strong>&nbsp;id\u00e9al pour les d\u00e9couvertes en eaux profondes ; id\u00e9al pour des profondeurs d&#039;eau allant jusqu&#039;\u00e0 6 600 pieds.<\/li>\n\n\n\n<li><strong>Structure bas\u00e9e sur la gravit\u00e9\u00a0:<\/strong>&nbsp;ancr\u00e9 sur le fond marin; fonctionne bien dans les fjords.<\/li>\n<\/ul>\n\n\n\n<p>Le choix de la bonne plate-forme p\u00e9troli\u00e8re d\u00e9pend \u00e9galement du fait que le puits de p\u00e9trole se trouve en mer ou \u00e0 terre. Les plates-formes p\u00e9troli\u00e8res offshore creusent sous les fonds marins, tandis que les plates-formes p\u00e9troli\u00e8res terrestres extraient sous les couches terrestres.<\/p>\n\n\n\n<h2 class=\"wp-block-heading\">Avantages de l\u2019\u00e9tude de march\u00e9 sur les plates-formes p\u00e9troli\u00e8res<\/h2>\n\n\n\n<p>L\u2019industrie p\u00e9troli\u00e8re est un domaine d\u2019investissement compliqu\u00e9 \u00e0 comprendre. Il est int\u00e9ressant de noter que la plupart des investisseurs placeront leur argent sur ces march\u00e9s de plates-formes p\u00e9troli\u00e8res parce que cela a toujours \u00e9t\u00e9 consid\u00e9r\u00e9 comme lucratif.<\/p>\n\n\n\n<p>However, it is not always the case as this market is also susceptible to economic downturns. To avoid taking a costly misstep, well-rounded <a href=\"https:\/\/www.sisinternational.com\/fr\/solutions\/etude-de-marche-sur-les-oleoducs-et-les-gazoducs\/\" title=\"\u00c9tude de march\u00e9 sur les ol\u00e9oducs et gazoducs\"  data-wpil-monitor-id=\"2166\">\u00e9tude de march\u00e9 sur les plates-formes p\u00e9troli\u00e8res<\/a> comes into play.<\/p>\n\n\n\n<p>For first-time investors, this research&#8217;s primary benefit is understanding how the <a href=\"https:\/\/www.sisinternational.com\/fr\/competence\/les-industries\/etude-de-marche-du-petrole-et-du-gaz\/\" title=\"\u00c9tudes de march\u00e9 sur le p\u00e9trole et le gaz\"  data-wpil-monitor-id=\"3089\">oil rig<\/a> market works. It answers the questions from how oil rigs are conceptualized to their everyday drilling routine.<\/p>\n\n\n\n<p>Le <a href=\"https:\/\/www.sisinternational.com\/fr\/competence\/les-industries\/etude-de-marche-sur-les-huiles-vegetales\/\" title=\"\u00c9tude de march\u00e9 sur l\u2019huile v\u00e9g\u00e9tale\"  data-wpil-monitor-id=\"3222\">\u00e9tude de march\u00e9 sur les plates-formes p\u00e9troli\u00e8res<\/a> also guides investors in comprehending the difference between each oil rig and what are their financial standings. It aims to assure investors about the potential returns they can receive and to warn them of the possible issues and troubles of investing.<\/p>\n\n\n\n<p>Le <a href=\"https:\/\/www.sisinternational.com\/fr\/competence\/les-industries\/etude-de-marche-sur-lhuile-de-palme\/\" title=\"\u00c9tude de march\u00e9 sur l\u2019huile de palme\"  data-wpil-monitor-id=\"3456\">\u00e9tude de march\u00e9 sur les plates-formes p\u00e9troli\u00e8res<\/a> will also widen the perspective of investors, giving them a bird&#8217;s eye view from the side of the business and shareholders.<\/p>\n\n\n\n<p>Il convient de noter que cette recherche est \u00e9galement utile aux propri\u00e9taires d\u2019entreprise. La plupart des propri\u00e9taires d&#039;entreprise en ont besoin comme outil pour garantir que les d\u00e9cisions commerciales prises sont align\u00e9es sur les int\u00e9r\u00eats de l&#039;entreprise.<\/p>\n\n\n\n<p>Dans le m\u00eame temps, il peut fournir un avantage concurrentiel, en innovant dans de nouvelles \u00e9tapes, conceptions et proc\u00e9dures pour une production plus efficace. Et plus important encore, l\u2019\u00e9tude de march\u00e9 sur les plates-formes p\u00e9troli\u00e8res incitera les entreprises \u00e0 g\u00e9rer les donn\u00e9es sur les risques.<\/p>\n\n\n\n<h2 class=\"wp-block-heading\">Tendances et opportunit\u00e9s pour le march\u00e9 des plates-formes p\u00e9troli\u00e8res<\/h2>\n\n\n\n<p>Le march\u00e9 des plates-formes p\u00e9troli\u00e8res existe depuis un si\u00e8cle et conna\u00eet une croissance constante. Il s\u2019est av\u00e9r\u00e9 qu\u2019il maintient sa valeur et est trait\u00e9 comme une r\u00e9serve par diff\u00e9rents pays d\u00e9velopp\u00e9s et riches.<\/p>\n\n\n\n<p>Les investisseurs et les propri\u00e9taires d\u2019entreprise pourraient \u00eatre int\u00e9ress\u00e9s \u00e0 en savoir plus sur les tendances et les opportunit\u00e9s qui les attendent sur le march\u00e9.<\/p>\n\n\n\n<ul class=\"wp-block-list\">\n<li>Contrairement \u00e0 la croyance populaire, investir dans les plates-formes p\u00e9troli\u00e8res n\u2019est pas r\u00e9serv\u00e9 aux riches. De nombreuses soci\u00e9t\u00e9s p\u00e9troli\u00e8res proposent leurs actions au public, s&#039;adressant ainsi \u00e0 un public plus large.<\/li>\n\n\n\n<li>Le march\u00e9 des plates-formes p\u00e9troli\u00e8res devrait cro\u00eetre malgr\u00e9 les obstacles \u00e9conomiques inattendus dus \u00e0 la demande continue de carburant et de produits \u00e0 base de carburant.<\/li>\n\n\n\n<li>Les entreprises devraient d\u00e9velopper leurs activit\u00e9s, augmentant ainsi la demande de travailleurs qualifi\u00e9s. Cela se traduit \u00e9galement par la construction de nouvelles plates-formes p\u00e9troli\u00e8res, affectant ainsi les secteurs de la construction, de la finance et de l\u2019immobilier.<\/li>\n\n\n\n<li>Les plates-formes p\u00e9troli\u00e8res offshore \u00e0 l\u2019\u00e9tranger continueront de cro\u00eetre \u00e0 mesure que de nouvelles d\u00e9couvertes seront localis\u00e9es et \u00e9tudi\u00e9es.<\/li>\n<\/ul>\n\n\n\n<h2 class=\"wp-block-heading\">Probl\u00e8mes avec le march\u00e9 des plates-formes p\u00e9troli\u00e8res<\/h2>\n\n\n\n<p>\u00c0 l\u2019instar d\u2019autres industries, le march\u00e9 des plates-formes p\u00e9troli\u00e8res pr\u00e9sente de nombreux probl\u00e8mes. Cela va des politiques environnementales aux politiques gouvernementales. Bien qu\u2019il soit entour\u00e9 d\u2019inqui\u00e9tudes intimidantes, les investisseurs sont tout \u00e0 fait \u00e0 l\u2019aise pour y investir leur argent.<\/p>\n\n\n\n<p>Le march\u00e9 des plates-formes p\u00e9troli\u00e8res est consid\u00e9r\u00e9 comme invincible en raison de la demande continue de produits p\u00e9troliers, mais il ne garantit pas la p\u00e9rennit\u00e9 des entreprises. Les gens doivent encore prendre note des probl\u00e8mes li\u00e9s au march\u00e9 et se demander si cela peut fonctionner pour eux \u00e0 long terme.<\/p>\n\n\n\n<ul class=\"wp-block-list\">\n<li><strong>Probl\u00e8mes environnementaux:<\/strong> Cette question est un probl\u00e8me assez courant soulev\u00e9 contre l\u2019industrie. Les plates-formes p\u00e9troli\u00e8res extraient du carburant utilis\u00e9 dans des services et des produits qui contribuent au probl\u00e8me croissant de la pollution et de l\u2019effet de serre. Malheureusement, m\u00eame le processus d\u2019extraction des puits de p\u00e9trole produit une pollution toxique dans l\u2019eau et l\u2019air.<\/li>\n\n\n\n<li><strong>Perturbation de la faune\u00a0:<\/strong> Besides pollution, the techniques and drilling of oil wells disrupted marine ecosystems and land quality. If the impact is not rehabilitated quickly, it can lead to further habitat destruction.<\/li>\n\n\n\n<li><strong>Politiques et r\u00e9glementations gouvernementales\u00a0:<\/strong> Chaque pays poss\u00e8de des r\u00e8gles sp\u00e9cifiques quant \u00e0 l\u2019exploitation des plates-formes p\u00e9troli\u00e8res. Il pourrait \u00e9galement y avoir une restriction en mati\u00e8re de citoyennet\u00e9 quant \u00e0 savoir qui peut y investir. Ainsi, les \u00e9trangers cherchant \u00e0 investir pourraient ne pas \u00eatre autoris\u00e9s.<\/li>\n\n\n\n<li><strong>Probl\u00e8mes de sant\u00e9\u00a0:<\/strong> Des exigences et des protocoles sanitaires stricts sont appliqu\u00e9s pour prot\u00e9ger la s\u00e9curit\u00e9 et la sant\u00e9 des employ\u00e9s des plates-formes p\u00e9troli\u00e8res. Cependant, une exposition constante \u00e0 la fum\u00e9e et aux vapeurs toxiques entra\u00eene des effets n\u00e9fastes in\u00e9vitables. C&#039;est un d\u00e9fi pour les entreprises de prouver que tous les employ\u00e9s sont supervis\u00e9s et bien pris en charge afin de minimiser au moins tout risque potentiel pour la sant\u00e9.<\/li>\n<\/ul>","protected":false},"excerpt":{"rendered":"<p>Il existe au moins un millier de plates-formes p\u00e9troli\u00e8res aux \u00c9tats-Unis \u2013 en mer et \u00e0 terre. Ils poss\u00e8dent le plus grand nombre de plates-formes au monde.<\/p>","protected":false},"author":1,"featured_media":64292,"parent":14514,"menu_order":216,"comment_status":"closed","ping_status":"closed","template":"","meta":{"footnotes":""},"class_list":["post-41879","page","type-page","status-publish","has-post-thumbnail"],"_links":{"self":[{"href":"https:\/\/www.sisinternational.com\/fr\/wp-json\/wp\/v2\/pages\/41879","targetHints":{"allow":["GET"]}}],"collection":[{"href":"https:\/\/www.sisinternational.com\/fr\/wp-json\/wp\/v2\/pages"}],"about":[{"href":"https:\/\/www.sisinternational.com\/fr\/wp-json\/wp\/v2\/types\/page"}],"author":[{"embeddable":true,"href":"https:\/\/www.sisinternational.com\/fr\/wp-json\/wp\/v2\/users\/1"}],"replies":[{"embeddable":true,"href":"https:\/\/www.sisinternational.com\/fr\/wp-json\/wp\/v2\/comments?post=41879"}],"version-history":[{"count":8,"href":"https:\/\/www.sisinternational.com\/fr\/wp-json\/wp\/v2\/pages\/41879\/revisions"}],"predecessor-version":[{"id":77668,"href":"https:\/\/www.sisinternational.com\/fr\/wp-json\/wp\/v2\/pages\/41879\/revisions\/77668"}],"up":[{"embeddable":true,"href":"https:\/\/www.sisinternational.com\/fr\/wp-json\/wp\/v2\/pages\/14514"}],"wp:featuredmedia":[{"embeddable":true,"href":"https:\/\/www.sisinternational.com\/fr\/wp-json\/wp\/v2\/media\/64292"}],"wp:attachment":[{"href":"https:\/\/www.sisinternational.com\/fr\/wp-json\/wp\/v2\/media?parent=41879"}],"curies":[{"name":"wp","href":"https:\/\/api.w.org\/{rel}","templated":true}]}}