{"id":41876,"date":"2023-03-18T16:38:40","date_gmt":"2023-03-18T20:38:40","guid":{"rendered":"https:\/\/www.sisinternational.com\/?page_id=41876"},"modified":"2026-01-24T21:27:17","modified_gmt":"2026-01-25T02:27:17","slug":"etude-de-marche-du-petrole-et-du-gaz","status":"publish","type":"page","link":"https:\/\/www.sisinternational.com\/fr\/competence\/etude-de-marche-du-petrole-et-du-gaz\/","title":{"rendered":"\u00c9tudes de march\u00e9 sur le p\u00e9trole et le gaz"},"content":{"rendered":"<h1 class=\"wp-block-heading\">\u00c9tudes de march\u00e9 sur le p\u00e9trole et le gaz<\/h1>\n\n\n\n<figure class=\"gb-block-image gb-block-image-1a0e7a6f\"><img loading=\"lazy\" decoding=\"async\" width=\"1456\" height=\"816\" class=\"gb-image gb-image-1a0e7a6f\" src=\"https:\/\/www.sisinternational.com\/wp-content\/uploads\/2025\/08\/Oil-3.jpg\" alt=\"\u00c9tudes de march\u00e9 et strat\u00e9gie internationales SIS\" title=\"Oil (3)\" srcset=\"https:\/\/www.sisinternational.com\/wp-content\/uploads\/2025\/08\/Oil-3.jpg 1456w, https:\/\/www.sisinternational.com\/wp-content\/uploads\/2025\/08\/Oil-3-300x168.jpg 300w, https:\/\/www.sisinternational.com\/wp-content\/uploads\/2025\/08\/Oil-3-1024x574.jpg 1024w, https:\/\/www.sisinternational.com\/wp-content\/uploads\/2025\/08\/Oil-3-768x430.jpg 768w, https:\/\/www.sisinternational.com\/wp-content\/uploads\/2025\/08\/Oil-3-18x10.jpg 18w\" sizes=\"auto, (max-width: 1456px) 100vw, 1456px\"><\/figure>\n\n\n\n<p><\/p>\n\n\n\n<p>Le p\u00e9trole et le gaz restent deux des ressources les plus influentes au monde, propulsant l\u2019expansion \u00e9conomique tout en alimentant des industries cl\u00e9s. En analysant minutieusement les donn\u00e9es, ce type de recherche fournit aux parties prenantes des informations essentielles sur les investissements, les op\u00e9rations, les politiques, etc. leur permettant de prendre des d\u00e9cisions \u00e9clair\u00e9es en cons\u00e9quence.<\/p>\n\n\n\n<h2 class=\"wp-block-heading\">Qu\u2019est-ce que l\u2019\u00e9tude de march\u00e9 p\u00e9troli\u00e8re et gazi\u00e8re ?<\/h2>\n\n\n\n<p>Les \u00e9tudes de march\u00e9 p\u00e9troli\u00e8res et gazi\u00e8res examinent le paysage p\u00e9trolier et gazier mondial pour obtenir une compr\u00e9hension globale des tendances du march\u00e9, des perspectives de croissance et des risques potentiels. Cette analyse est con\u00e7ue pour fournir des informations aux acteurs du secteur qui cherchent \u00e0 prendre des d\u00e9cisions \u00e9clair\u00e9es concernant leurs investissements, leurs strat\u00e9gies et leurs politiques. Gr\u00e2ce \u00e0 des recommandations fond\u00e9es sur des recherches, les entreprises op\u00e9rant dans ce secteur seront bien \u00e9quip\u00e9es des connaissances n\u00e9cessaires pour maximiser leurs rendements sur un march\u00e9 en constante \u00e9volution.<\/p>\n\n\n\n<p>Organizations that specialize in oil and gas market analysis such as consulting firms, industry associations, and <a href=\"https:\/\/www.sisinternational.com\/fr\/competence\/les-industries\/etude-de-marche-smartphones-nouveaux-appareils-mobiles\/\" title=\"\u00c9tude de march\u00e9 sur les smartphones\"  data-wpil-monitor-id=\"3252\">research companies can conduct comprehensive market<\/a> research. This includes exploring supply-and-demand dynamics, price movements, governmental regulations, emerging technology developments, plus environmental worries to name a few key areas of investigation.<\/p>\n\n\n\n<h2 class=\"wp-block-heading\">Importance de comprendre les tendances et les d\u00e9veloppements dans l\u2019industrie p\u00e9troli\u00e8re et gazi\u00e8re<\/h2>\n\n\n\n<p>Le march\u00e9 du p\u00e9trole et du gaz est extr\u00eamement concurrentiel, et les grandes entreprises \u2013 ExxonMobil, Royal Dutch Shell, Chevron et BP \u2013 ouvrent la voie. Ces g\u00e9ants de l\u2019industrie dominent les r\u00e9serves mondiales de p\u00e9trole et de gaz alors qu\u2019ils continuent d\u2019investir massivement dans la recherche et le d\u00e9veloppement pour garder une longueur d\u2019avance sur les tendances. Par cons\u00e9quent, il est essentiel de poss\u00e9der des donn\u00e9es pr\u00e9cises et \u00e0 jour pour rester comp\u00e9titif et faire face aux grandes entreprises de ce secteur.<\/p>\n\n\n\n<p>Par cons\u00e9quent, rester inform\u00e9 des facteurs g\u00e9opolitiques tels que la politique mondiale et les politiques \u00e9conomiques est important pour l\u2019industrie p\u00e9troli\u00e8re et gazi\u00e8re, car les changements dans les r\u00e9glementations gouvernementales, les accords commerciaux ou d\u2019autres \u00e9v\u00e9nements peuvent avoir un effet majeur sur leurs op\u00e9rations.<\/p>\n\n\n\n<p>De m\u00eame, pour r\u00e9pondre aux besoins croissants en \u00e9nergie, en particulier dans les pays en d\u00e9veloppement comme l\u2019Inde et la Chine, il est crucial d\u2019explorer les tendances et les besoins de l\u2019industrie p\u00e9troli\u00e8re et gazi\u00e8re. Avec une population croissante qui continue de s\u2019urbaniser partout dans le monde, il devient encore plus critique de garantir la disponibilit\u00e9 de ressources suffisantes si nous voulons r\u00e9pondre \u00e0 cette demande croissante. Ainsi, comprendre ces mod\u00e8les est essentiel pour fournir une infrastructure ad\u00e9quate capable de r\u00e9aliser les pr\u00e9visions actuelles.<\/p>\n\n\n\n<h2 class=\"wp-block-heading\">Tendances des \u00e9tudes de march\u00e9 sur le p\u00e9trole et le gaz<\/h2>\n\n\n\n<figure class=\"gb-block-image gb-block-image-cfbeeeea\"><img loading=\"lazy\" decoding=\"async\" width=\"1456\" height=\"816\" class=\"gb-image gb-image-cfbeeeea\" src=\"https:\/\/www.sisinternational.com\/wp-content\/uploads\/2025\/08\/Gas-station-1.jpg\" alt=\"\u00c9tudes de march\u00e9 et strat\u00e9gie internationales SIS\" title=\"Gas station (1)\" srcset=\"https:\/\/www.sisinternational.com\/wp-content\/uploads\/2025\/08\/Gas-station-1.jpg 1456w, https:\/\/www.sisinternational.com\/wp-content\/uploads\/2025\/08\/Gas-station-1-300x168.jpg 300w, https:\/\/www.sisinternational.com\/wp-content\/uploads\/2025\/08\/Gas-station-1-1024x574.jpg 1024w, https:\/\/www.sisinternational.com\/wp-content\/uploads\/2025\/08\/Gas-station-1-768x430.jpg 768w, https:\/\/www.sisinternational.com\/wp-content\/uploads\/2025\/08\/Gas-station-1-18x10.jpg 18w\" sizes=\"auto, (max-width: 1456px) 100vw, 1456px\"><\/figure>\n\n\n\n<p><\/p>\n\n\n\n<p><a href=\"https:\/\/www.sisinternational.com\/fr\/solutions\/etude-de-marche-sur-les-oleoducs-et-les-gazoducs\/\" title=\"\u00c9tude de march\u00e9 sur les ol\u00e9oducs et gazoducs\"  data-wpil-monitor-id=\"2138\">Oil and gas market research<\/a> are vital for companies in the sector to stay abreast of trends and advancements. As this industry progresses, there are new possibilities and risks.<\/p>\n\n\n\n<ul class=\"wp-block-list\">\n<li>Gr\u00e2ce au d\u00e9veloppement de technologies de pointe, les soci\u00e9t\u00e9s p\u00e9troli\u00e8res et gazi\u00e8res sont d\u00e9sormais en mesure d\u2019acc\u00e9der aux ressources de mani\u00e8re plus efficace et plus rentable. L\u2019intelligence artificielle, l\u2019automatisation et la robotique sont toutes devenues largement utilis\u00e9es dans ce secteur \u2013 et ces avanc\u00e9es permettent aux entreprises de r\u00e9duire leurs d\u00e9penses tout en optimisant l\u2019efficacit\u00e9 et en renfor\u00e7ant les protocoles de s\u00e9curit\u00e9.<\/li>\n\n\n\n<li>L\u2019importance accord\u00e9e aux sources d\u2019\u00e9nergie renouvelables \u00e0 l\u2019\u00e9chelle mondiale change la donne pour l\u2019industrie p\u00e9troli\u00e8re et gazi\u00e8re. Les entreprises investissent d\u00e9sormais dans des solutions durables comme l\u2019\u00e9nergie \u00e9olienne, solaire et hydro\u00e9lectrique pour suivre cette \u00e9volution ; cr\u00e9ant ainsi de nouvelles perspectives de diversification des op\u00e9rations et un potentiel de revenus.<\/li>\n\n\n\n<li>Le changement climatique est devenu une pr\u00e9occupation majeure pour les soci\u00e9t\u00e9s p\u00e9troli\u00e8res et gazi\u00e8res, alors qu\u2019elles sont confront\u00e9es \u00e0 une pression croissante pour r\u00e9duire leurs \u00e9missions de carbone.<\/li>\n\n\n\n<li>Emerging markets have become key consumers, and <a href=\"https:\/\/www.sisinternational.com\/fr\/competence\/les-industries\/etude-de-marche-sur-les-plates-formes-petrolieres\/\" title=\"\u00c9tude de march\u00e9 sur les plates-formes p\u00e9troli\u00e8res\"  data-wpil-monitor-id=\"3084\">\u00e9tude de march\u00e9 du p\u00e9trole et du gaz<\/a> is providing invaluable insights about these changes to assist those seeking to capitalize on them.<\/li>\n\n\n\n<li>Complying with the ever-evolving geopolitical environment is essential for organizations in this industry. <a href=\"https:\/\/www.sisinternational.com\/fr\/competence\/les-industries\/etude-de-marche-sur-les-huiles-vegetales\/\" title=\"\u00c9tude de march\u00e9 sur l\u2019huile v\u00e9g\u00e9tale\"  data-wpil-monitor-id=\"3225\">Oil and gas market research<\/a> can provide insight into international trade agreements, government policies, and other factors that could potentially affect their business operations.<\/li>\n<\/ul>\n\n\n\n<h2 class=\"wp-block-heading\">Avantages des \u00e9tudes de march\u00e9 p\u00e9troli\u00e8res et gazi\u00e8res<\/h2>\n\n\n\n<ul class=\"wp-block-list\">\n<li>En analysant les tendances et les \u00e9volutions du march\u00e9, les entreprises peuvent rechercher activement les opportunit\u00e9s \u00e9mergentes dans le secteur p\u00e9trolier et gazier. Cela leur donne un avantage sur leurs concurrents en leur permettant d\u2019identifier des march\u00e9s inexploit\u00e9s \u00e0 fort potentiel.<\/li>\n\n\n\n<li>Les \u00e9tudes de march\u00e9 fournissent aux entreprises des informations vitales sur les pr\u00e9f\u00e9rences, les comportements et les habitudes d&#039;achat de leurs clients afin de cr\u00e9er des services et des produits personnalis\u00e9s qui r\u00e9pondent pr\u00e9cis\u00e9ment \u00e0 leur march\u00e9 cible. Gr\u00e2ce \u00e0 une compr\u00e9hension approfondie des besoins de ses clients, une entreprise peut acqu\u00e9rir un avantage concurrentiel imbattable sur le march\u00e9.<\/li>\n\n\n\n<li>To remain competitive in the oil and gas industry, it is important to assess the market competition. Through researching competitors&#8217; strengths and weaknesses via <a href=\"https:\/\/www.sisinternational.com\/fr\/couverture\/les-ameriques\/etude-de-marche-en-amerique-latine\/etude-de-marche-a-rio-de-janeiro\/\" title=\"Etude de march\u00e9 \u00e0 Rio de Janeiro\"  data-wpil-monitor-id=\"3282\">oil and gas market<\/a> research, companies can gain a better understanding of their competitors.<\/li>\n\n\n\n<li>Uncontrollable variables such as political instability, environmental laws, and the ever-changing oil market can easily affect your business. To protect companies from potential dangers and devise a backup plan for any situation, it is critical to conduct thorough <a href=\"https:\/\/www.sisinternational.com\/fr\/competence\/les-industries\/etude-de-marche-sur-lhuile-de-palme\/\" title=\"\u00c9tude de march\u00e9 sur l\u2019huile de palme\"  data-wpil-monitor-id=\"3458\">\u00e9tude de march\u00e9 du p\u00e9trole et du gaz<\/a>.<\/li>\n<\/ul>\n\n\n\n<h2 class=\"wp-block-heading\">Limites des \u00e9tudes de march\u00e9 p\u00e9troli\u00e8res et gazi\u00e8res<\/h2>\n\n\n\n<p><a href=\"https:\/\/www.sisinternational.com\/fr\/venezuela-oil-mining-industry-potential-strategic-forecast-2026-2036\/\" title=\"Venezuela Oil &amp; Mining Industry Potential: Strategic Forecast 2026-2036\"  data-wpil-monitor-id=\"6916\">Oil and gas market research<\/a> can be a valuable asset for understanding industry trends and making appropriate business decisions. Yet, it is essential to consider some limitations in this industry such as:<\/p>\n\n\n\n<ul class=\"wp-block-list\">\n<li>Obtenir une image compl\u00e8te de l\u2019industrie p\u00e9troli\u00e8re et gazi\u00e8re peut s\u2019av\u00e9rer complexe en raison de sa nature confidentielle ou exclusive. Des parties importantes des donn\u00e9es de l\u2019industrie restent indisponibles.<\/li>\n\n\n\n<li>Avec un pass\u00e9 de march\u00e9s volatils et impr\u00e9visibles, associ\u00e9 \u00e0 un paysage politique en constante \u00e9volution, pr\u00e9voir les tendances futures de l\u2019industrie p\u00e9troli\u00e8re et gazi\u00e8re n\u2019est pas une t\u00e2che facile. M\u00eame avec des mod\u00e8les tr\u00e8s sophistiqu\u00e9s appliqu\u00e9s aux mod\u00e8les et projections \u00e9conomiques, pr\u00e9dire ce qui nous attend peut s\u2019av\u00e9rer difficile.<\/li>\n\n\n\n<li>La prise de conscience et l&#039;inqui\u00e9tude du public quant aux r\u00e9percussions environnementales des soci\u00e9t\u00e9s p\u00e9troli\u00e8res et gazi\u00e8res s&#039;intensifient, ce qui pourrait nuire \u00e0 la r\u00e9putation de ces soci\u00e9t\u00e9s.<\/li>\n\n\n\n<li>Op\u00e9rant dans un environnement g\u00e9opolitique instable, l\u2019industrie p\u00e9troli\u00e8re et gazi\u00e8re est souvent expos\u00e9e \u00e0 des risques tels que des conflits et des relations internationales qui peuvent facilement perturber les op\u00e9rations.<\/li>\n<\/ul>\n\n\n\n<h2 class=\"wp-block-heading\">Perspectives futures des \u00e9tudes de march\u00e9 sur le p\u00e9trole et le gaz<\/h2>\n\n\n\n<figure class=\"gb-block-image gb-block-image-7c36bc2a\"><img loading=\"lazy\" decoding=\"async\" width=\"1456\" height=\"816\" class=\"gb-image gb-image-7c36bc2a\" src=\"https:\/\/www.sisinternational.com\/wp-content\/uploads\/2025\/08\/Oil-1.jpg\" alt=\"\u00c9tudes de march\u00e9 et strat\u00e9gie internationales SIS\" title=\"Oil (1)\" srcset=\"https:\/\/www.sisinternational.com\/wp-content\/uploads\/2025\/08\/Oil-1.jpg 1456w, https:\/\/www.sisinternational.com\/wp-content\/uploads\/2025\/08\/Oil-1-300x168.jpg 300w, https:\/\/www.sisinternational.com\/wp-content\/uploads\/2025\/08\/Oil-1-1024x574.jpg 1024w, https:\/\/www.sisinternational.com\/wp-content\/uploads\/2025\/08\/Oil-1-768x430.jpg 768w, https:\/\/www.sisinternational.com\/wp-content\/uploads\/2025\/08\/Oil-1-18x10.jpg 18w\" sizes=\"auto, (max-width: 1456px) 100vw, 1456px\"><\/figure>\n\n\n\n<p><\/p>\n\n\n\n<p>Alors que le monde se tourne progressivement vers des sources d\u2019\u00e9nergie vertes, l\u2019industrie p\u00e9troli\u00e8re et gazi\u00e8re va \u00eatre confront\u00e9e \u00e0 quelques changements et difficult\u00e9s.<\/p>\n\n\n\n<p>La durabilit\u00e9 est devenue un domaine d\u2019int\u00e9r\u00eat particuli\u00e8rement crucial ces derniers temps ; r\u00e9duire l\u2019empreinte carbone. Cet int\u00e9r\u00eat pour les alternatives \u00e9cologiques telles que les ressources renouvelables ne cesse de gagner du terrain. En cons\u00e9quence, les soci\u00e9t\u00e9s p\u00e9troli\u00e8res et gazi\u00e8res investissent massivement dans des efforts de R&amp;D qui rendent leurs activit\u00e9s plus respectueuses de l\u2019environnement tout en am\u00e9liorant simultan\u00e9ment les indicateurs d\u2019efficacit\u00e9.<\/p>\n\n\n\n<p>Heureusement, \u00e0 mesure que la technologie continue d\u2019\u00e9voluer, la num\u00e9risation et l\u2019automatisation se g\u00e9n\u00e9ralisent au sein de l\u2019industrie. Cela peut r\u00e9duire les co\u00fbts et augmenter la s\u00e9curit\u00e9 tout en optimisant les op\u00e9rations.<\/p>\n\n\n\n<p>SIS International propose des recherches quantitatives, qualitatives et strat\u00e9giques. Nous fournissons des donn\u00e9es, des outils, des strat\u00e9gies, des rapports et des informations pour la prise de d\u00e9cision. Nous menons des entretiens, des enqu\u00eates, des groupes de discussion et de nombreuses autres m\u00e9thodes et approches d&#039;\u00e9tudes de march\u00e9. Contactez-nous pour votre prochain projet d&#039;\u00e9tude de march\u00e9.<\/p>","protected":false},"excerpt":{"rendered":"<p>Les \u00e9tudes de march\u00e9 sur le p\u00e9trole et le gaz obtiennent des informations globales sur les tendances du march\u00e9, les perspectives de croissance et les risques potentiels du secteur p\u00e9trolier et gazier mondial.<\/p>","protected":false},"author":1,"featured_media":63381,"parent":14514,"menu_order":215,"comment_status":"closed","ping_status":"closed","template":"","meta":{"footnotes":""},"class_list":["post-41876","page","type-page","status-publish","has-post-thumbnail"],"_links":{"self":[{"href":"https:\/\/www.sisinternational.com\/fr\/wp-json\/wp\/v2\/pages\/41876","targetHints":{"allow":["GET"]}}],"collection":[{"href":"https:\/\/www.sisinternational.com\/fr\/wp-json\/wp\/v2\/pages"}],"about":[{"href":"https:\/\/www.sisinternational.com\/fr\/wp-json\/wp\/v2\/types\/page"}],"author":[{"embeddable":true,"href":"https:\/\/www.sisinternational.com\/fr\/wp-json\/wp\/v2\/users\/1"}],"replies":[{"embeddable":true,"href":"https:\/\/www.sisinternational.com\/fr\/wp-json\/wp\/v2\/comments?post=41876"}],"version-history":[{"count":10,"href":"https:\/\/www.sisinternational.com\/fr\/wp-json\/wp\/v2\/pages\/41876\/revisions"}],"predecessor-version":[{"id":80486,"href":"https:\/\/www.sisinternational.com\/fr\/wp-json\/wp\/v2\/pages\/41876\/revisions\/80486"}],"up":[{"embeddable":true,"href":"https:\/\/www.sisinternational.com\/fr\/wp-json\/wp\/v2\/pages\/14514"}],"wp:featuredmedia":[{"embeddable":true,"href":"https:\/\/www.sisinternational.com\/fr\/wp-json\/wp\/v2\/media\/63381"}],"wp:attachment":[{"href":"https:\/\/www.sisinternational.com\/fr\/wp-json\/wp\/v2\/media?parent=41876"}],"curies":[{"name":"wp","href":"https:\/\/api.w.org\/{rel}","templated":true}]}}