{"id":41873,"date":"2023-03-18T16:21:34","date_gmt":"2023-03-18T20:21:34","guid":{"rendered":"https:\/\/www.sisinternational.com\/?page_id=41873"},"modified":"2026-01-24T20:58:33","modified_gmt":"2026-01-25T01:58:33","slug":"etude-de-marche-sur-lenergie-nucleaire","status":"publish","type":"page","link":"https:\/\/www.sisinternational.com\/fr\/competence\/etude-de-marche-sur-lenergie-nucleaire\/","title":{"rendered":"\u00c9tude de march\u00e9 sur l\u2019\u00e9nergie nucl\u00e9aire"},"content":{"rendered":"<h1 class=\"wp-block-heading\">\u00c9tude de march\u00e9 sur l\u2019\u00e9nergie nucl\u00e9aire<\/h1>\n\n\n\n<figure class=\"gb-block-image gb-block-image-e2318f3c\"><img loading=\"lazy\" decoding=\"async\" width=\"1456\" height=\"816\" class=\"gb-image gb-image-e2318f3c\" src=\"https:\/\/www.sisinternational.com\/wp-content\/uploads\/2025\/08\/NUclear-plant-nuclear-power-4.jpg\" alt=\"\u00c9tudes de march\u00e9 et strat\u00e9gie internationales SIS\" title=\"NUclear plant nuclear power (4)\" srcset=\"https:\/\/www.sisinternational.com\/wp-content\/uploads\/2025\/08\/NUclear-plant-nuclear-power-4.jpg 1456w, https:\/\/www.sisinternational.com\/wp-content\/uploads\/2025\/08\/NUclear-plant-nuclear-power-4-300x168.jpg 300w, https:\/\/www.sisinternational.com\/wp-content\/uploads\/2025\/08\/NUclear-plant-nuclear-power-4-1024x574.jpg 1024w, https:\/\/www.sisinternational.com\/wp-content\/uploads\/2025\/08\/NUclear-plant-nuclear-power-4-768x430.jpg 768w, https:\/\/www.sisinternational.com\/wp-content\/uploads\/2025\/08\/NUclear-plant-nuclear-power-4-18x10.jpg 18w\" sizes=\"auto, (max-width: 1456px) 100vw, 1456px\"><\/figure>\n\n\n\n<p><\/p>\n\n\n\n<p>Dans le monde actuel de demande \u00e9nerg\u00e9tique toujours croissante et de besoin de ressources plus durables, les acteurs du secteur de la production d&#039;\u00e9lectricit\u00e9 doivent mener des \u00e9tudes de march\u00e9 r\u00e9guli\u00e8res pour rester comp\u00e9titifs sur le march\u00e9.<\/p>\n\n\n\n<p>En particulier, en collectant et en analysant des donn\u00e9es, les entreprises peuvent d\u00e9couvrir les tendances du secteur, \u00e9valuer les niveaux de concurrence et reconna\u00eetre les opportunit\u00e9s ou les risques potentiels sur le march\u00e9 de l&#039;\u00e9nergie nucl\u00e9aire.<\/p>\n\n\n\n<h2 class=\"wp-block-heading\">Qu\u2019est-ce qu\u2019une \u00e9tude de march\u00e9 sur l\u2019\u00e9nergie nucl\u00e9aire et pourquoi est-elle importante ?<\/h2>\n\n\n\n<p>By delving into nuclear power market research, businesses, policymakers, and other key players in the industry can make smart choices about investments, strategies, and policies. This research examines current as well as future <a href=\"https:\/\/www.sisinternational.com\/fr\/societe-de-prevision-des-principales-tendances-du-secteur-b2b\/\" title=\"Entreprise de pr\u00e9vision des principales tendances du secteur B2B\"  data-wpil-monitor-id=\"9978\">trends for the industry<\/a> to give an understanding of opportunities and threats alike that could impact decisions made by these stakeholders.<\/p>\n\n\n\n<h2 class=\"wp-block-heading\">Importance de mener une \u00e9tude de march\u00e9 sur l\u2019\u00e9nergie nucl\u00e9aire<\/h2>\n\n\n\n<p>Il est primordial de se tenir au courant des derni\u00e8res tendances et avanc\u00e9es dans le secteur de l\u2019\u00e9nergie nucl\u00e9aire. Cette compr\u00e9hension permet aux entreprises et aux investisseurs de prendre de meilleures d\u00e9cisions concernant les opportunit\u00e9s d&#039;investissement telles que la construction de nouvelles centrales nucl\u00e9aires ou la mani\u00e8re de mieux g\u00e9rer les centrales nucl\u00e9aires existantes.<\/p>\n\n\n\n<p>By conducting thorough nuclear <a href=\"https:\/\/www.sisinternational.com\/fr\/competence\/les-industries\/etude-de-marche-sur-la-production-delectricite\/\" title=\"\u00c9tude de march\u00e9 sur la production d\u2019\u00e9lectricit\u00e9\"  data-wpil-monitor-id=\"3048\">power market research<\/a>, companies discover the existing and potential trends of this industry, enabling them to identify risks that may be lurking on the horizon while also uncovering opportunities.<\/p>\n\n\n\n<p>Il peut \u00e9galement identifier des donn\u00e9es sur les performances, la demande et les r\u00e9glementations des centrales nucl\u00e9aires. En cons\u00e9quence, ses conclusions sont utilis\u00e9es pour d\u00e9cider de la mani\u00e8re dont ils orienteront leurs futurs investissements dans de nouvelles installations ou d\u00e9manteleront des centrales plus anciennes.<\/p>\n\n\n\n<p>Furthermore, nuclear <a href=\"https:\/\/www.sisinternational.com\/fr\/competence\/les-industries\/etude-de-marche-sur-les-outils-electriques\/\" title=\"\u00c9tude de march\u00e9 sur les outils \u00e9lectriques\"  data-wpil-monitor-id=\"4043\">power market research<\/a> assists businesses to make appropriate decisions about the nuclear power industry, including safety protocols, waste disposal practices, and plant licensing requirements. Energy planners need to have a clear view of the demand for nuclear energy throughout its lifetime to ensure it is an economically viable option that will not compromise public health or harm our environment.<\/p>\n\n\n\n<h2 class=\"wp-block-heading\">Tendances actuelles des \u00e9tudes de march\u00e9 sur l\u2019\u00e9nergie nucl\u00e9aire<\/h2>\n\n\n\n<figure class=\"gb-block-image gb-block-image-0afe848d\"><img loading=\"lazy\" decoding=\"async\" width=\"1456\" height=\"816\" class=\"gb-image gb-image-0afe848d\" src=\"https:\/\/www.sisinternational.com\/wp-content\/uploads\/2025\/08\/NUclear-plant-nuclear-power-3.jpg\" alt=\"\u00c9tudes de march\u00e9 et strat\u00e9gie internationales SIS\" title=\"NUclear plant nuclear power (3)\" srcset=\"https:\/\/www.sisinternational.com\/wp-content\/uploads\/2025\/08\/NUclear-plant-nuclear-power-3.jpg 1456w, https:\/\/www.sisinternational.com\/wp-content\/uploads\/2025\/08\/NUclear-plant-nuclear-power-3-300x168.jpg 300w, https:\/\/www.sisinternational.com\/wp-content\/uploads\/2025\/08\/NUclear-plant-nuclear-power-3-1024x574.jpg 1024w, https:\/\/www.sisinternational.com\/wp-content\/uploads\/2025\/08\/NUclear-plant-nuclear-power-3-768x430.jpg 768w, https:\/\/www.sisinternational.com\/wp-content\/uploads\/2025\/08\/NUclear-plant-nuclear-power-3-18x10.jpg 18w\" sizes=\"auto, (max-width: 1456px) 100vw, 1456px\"><\/figure>\n\n\n\n<p><\/p>\n\n\n\n<p>De nombreux facteurs influencent l\u2019\u00e9volution des \u00e9tudes de march\u00e9 sur l\u2019\u00e9nergie nucl\u00e9aire, tels que les progr\u00e8s technologiques, la situation \u00e9conomique, les r\u00e9glementations gouvernementales et les pr\u00e9occupations \u00e9cologiques. Voici quelques-unes des tendances les plus r\u00e9centes dans ce domaine\u00a0:<\/p>\n\n\n\n<ul class=\"wp-block-list\">\n<li>Focus sur les petits r\u00e9acteurs modulaires : Alors que la demande d\u2019\u00e9nergie continue d\u2019augmenter, les petits r\u00e9acteurs modulaires deviennent de plus en plus populaires en raison de leur plus petite taille, de leur plus grande vitesse et de leur prix abordable par rapport aux r\u00e9acteurs traditionnels \u00e0 grande \u00e9chelle.<\/li>\n\n\n\n<li>Int\u00e9r\u00eat accru pour la fusion nucl\u00e9aire : Les scientifiques du monde entier recherchent des moyens de cr\u00e9er des r\u00e9acteurs \u00e0 fusion nucl\u00e9aire commercialement r\u00e9alisables. Les avantages potentiels d\u2019un tel processus seraient infinis car il pourrait donner acc\u00e8s \u00e0 une plus grande quantit\u00e9 d\u2019\u00e9nergie propre sans \u00e9missions de carbone.<\/li>\n\n\n\n<li>Accent mis sur la s\u00fbret\u00e9 et la s\u00e9curit\u00e9 : les \u00e9tudes de march\u00e9 sur l&#039;\u00e9nergie nucl\u00e9aire se concentrent d\u00e9sormais sur les nouvelles technologies li\u00e9es \u00e0 ces domaines ainsi que sur la demande attendue du march\u00e9.<\/li>\n\n\n\n<li>Changing regulatory landscape: As the laws and regulations impacting nuclear power become increasingly stringent, market analysis is delving into how these changes will influence the <a href=\"https:\/\/www.sisinternational.com\/fr\/venezuela-oil-mining-industry-potential-strategic-forecast-2026-2036\/\" title=\"Venezuela Oil &amp; Mining Industry Potential: Strategic Forecast 2026-2036\"  data-wpil-monitor-id=\"9980\">industry in terms of potential<\/a> opportunities and looming obstacles.<\/li>\n\n\n\n<li>Int\u00e9r\u00eat croissant pour l\u2019\u00e9nergie nucl\u00e9aire dans les pays en d\u00e9veloppement : Alors que la demande \u00e9nerg\u00e9tique des pays \u00e9mergents ne cesse de cro\u00eetre, l\u2019\u00e9nergie nucl\u00e9aire appara\u00eet comme une solution viable et rentable. Les \u00e9tudes de march\u00e9 examinent de pr\u00e8s les march\u00e9s potentiels de l&#039;\u00e9nergie nucl\u00e9aire de ces pays, ainsi que la viabilit\u00e9 \u00e9conomique de la construction de nouvelles centrales.<\/li>\n<\/ul>\n\n\n\n<h2 class=\"wp-block-heading\">Avantages de l\u2019\u00e9tude de march\u00e9 sur l\u2019\u00e9nergie nucl\u00e9aire<\/h2>\n\n\n\n<ul class=\"wp-block-list\">\n<li>En tirant parti des \u00e9tudes de march\u00e9 sur l&#039;\u00e9nergie nucl\u00e9aire, les entreprises peuvent d\u00e9couvrir de nouvelles perspectives et tendances, telles que de nouveaux march\u00e9s en hausse ou l&#039;\u00e9volution des besoins des clients.<\/li>\n\n\n\n<li>Through the <a href=\"https:\/\/www.sisinternational.com\/fr\/couverture\/etude-de-marche-en-asie\/analyse-concurrentielle-chine\/\" title=\"Analyse concurrentielle en Chine\"  data-wpil-monitor-id=\"9981\">analysis of the competitive<\/a> landscape of the nuclear power industry, businesses can propel themselves ahead and create unrivaled strategies, products, and services.<\/li>\n\n\n\n<li>Gr\u00e2ce \u00e0 des \u00e9tudes de march\u00e9 compl\u00e8tes sur l\u2019\u00e9nergie nucl\u00e9aire, les entreprises peuvent identifier les risques et d\u00e9couvrir les d\u00e9fis potentiels du secteur, comme les modifications r\u00e9glementaires ou les probl\u00e8mes de s\u00e9curit\u00e9. De cette fa\u00e7on, les entreprises peuvent \u00e9laborer des plans d\u2019urgence qui les aideront \u00e0 r\u00e9duire les risques possibles.<\/li>\n\n\n\n<li>En acc\u00e9dant \u00e0 des donn\u00e9es et \u00e0 des informations pr\u00e9cises, les principaux d\u00e9cideurs peuvent prendre en toute confiance des d\u00e9cisions \u00e9clair\u00e9es concernant les investissements, les politiques et les r\u00e9glementations.<\/li>\n\n\n\n<li>Les \u00e9tudes de march\u00e9 sur l\u2019\u00e9nergie nucl\u00e9aire ont le potentiel de d\u00e9clencher l\u2019innovation et d\u2019encourager l\u2019\u00e9mergence de nouvelles technologies, produits et services qui s\u2019alignent pr\u00e9cis\u00e9ment sur les exigences en constante \u00e9volution des consommateurs.<\/li>\n<\/ul>\n\n\n\n<h2 class=\"wp-block-heading\">Limites des \u00e9tudes de march\u00e9 sur l\u2019\u00e9nergie nucl\u00e9aire<\/h2>\n\n\n\n<ul class=\"wp-block-list\">\n<li>L\u2019industrie nucl\u00e9aire \u00e9tant tr\u00e8s strictement r\u00e9glement\u00e9e, l\u2019acc\u00e8s aux donn\u00e9es est souvent restreint pour des raisons de s\u00e9curit\u00e9 et de confidentialit\u00e9. Obtenir des donn\u00e9es et des informations fiables pour la recherche peut s\u2019av\u00e9rer assez difficile en raison de cette disponibilit\u00e9 limit\u00e9e d\u2019informations.<\/li>\n\n\n\n<li>S&#039;orienter dans le secteur de l&#039;\u00e9nergie nucl\u00e9aire peut s&#039;av\u00e9rer une t\u00e2che ardue en raison de l&#039;\u00e9tendue de ses composantes techniques et r\u00e9glementaires. La complexit\u00e9 de ce secteur pr\u00e9sente des d\u00e9fis uniques qui doivent \u00eatre surmont\u00e9s pour r\u00e9ussir.<\/li>\n\n\n\n<li>Undertaking <a href=\"https:\/\/www.sisinternational.com\/fr\/quelles-sont-les-tendances-dans-le-secteur-des-etudes-de-marche\/\" title=\"Quelles sont les tendances dans le secteur des \u00e9tudes de march\u00e9 ?\"  data-wpil-monitor-id=\"9984\">research into the nuclear power industry<\/a> can be costly, particularly if it involves conducting surveys or gathering data from a wide spectrum of stakeholders. This creates an obstacle for smaller businesses and organizations that have limited budgets.<\/li>\n\n\n\n<li>L&#039;industrie nucl\u00e9aire est soumise aux fluctuations politiques, ce qui rend difficile une analyse pr\u00e9cise du march\u00e9 et des projections pr\u00e9cises. Des changements inattendus dans les r\u00e9glementations gouvernementales ou dans l\u2019opinion publique peuvent perturber consid\u00e9rablement la stabilit\u00e9 de ce secteur, cr\u00e9ant un environnement impr\u00e9visible qui n\u00e9cessite une surveillance.<\/li>\n<\/ul>\n\n\n\n<h2 class=\"wp-block-heading\">Perspectives futures des \u00e9tudes de march\u00e9 sur l\u2019\u00e9nergie nucl\u00e9aire<\/h2>\n\n\n\n<figure class=\"gb-block-image gb-block-image-0a9a93fc\"><img loading=\"lazy\" decoding=\"async\" width=\"1456\" height=\"816\" class=\"gb-image gb-image-0a9a93fc\" src=\"https:\/\/www.sisinternational.com\/wp-content\/uploads\/2025\/08\/NUclear-plant-nuclear-power-1.jpg\" alt=\"\u00c9tudes de march\u00e9 et strat\u00e9gie internationales SIS\" title=\"NUclear plant nuclear power (1)\" srcset=\"https:\/\/www.sisinternational.com\/wp-content\/uploads\/2025\/08\/NUclear-plant-nuclear-power-1.jpg 1456w, https:\/\/www.sisinternational.com\/wp-content\/uploads\/2025\/08\/NUclear-plant-nuclear-power-1-300x168.jpg 300w, https:\/\/www.sisinternational.com\/wp-content\/uploads\/2025\/08\/NUclear-plant-nuclear-power-1-1024x574.jpg 1024w, https:\/\/www.sisinternational.com\/wp-content\/uploads\/2025\/08\/NUclear-plant-nuclear-power-1-768x430.jpg 768w, https:\/\/www.sisinternational.com\/wp-content\/uploads\/2025\/08\/NUclear-plant-nuclear-power-1-18x10.jpg 18w\" sizes=\"auto, (max-width: 1456px) 100vw, 1456px\"><\/figure>\n\n\n\n<ul class=\"wp-block-list\">\n<li>The nuclear power industry is quickly advancing with new developments to enhance security, effectiveness, and performance. The nuclear energy <a href=\"https:\/\/www.sisinternational.com\/fr\/solutions\/ai-etudes-de-marche-et-conseil-en-strategie\/intelligence-artificielle\/\" title=\"\u00c9tude de march\u00e9 sur l\u2019intelligence artificielle\"  data-wpil-monitor-id=\"9976\">market is additionally attempting out artificial intelligence<\/a> along with machine learning to boost the safety measures and efficiency of all existing plants. Such explorations broaden potential applications for this revolutionary technology within our society.<\/li>\n\n\n\n<li>L\u2019\u00e9nergie nucl\u00e9aire gagne du terrain face aux d\u00e9fis actuels en raison de sa faible empreinte carbone et de sa production d\u2019\u00e9lectricit\u00e9 constante. C&#039;est pourquoi la recherche sur les avantages \u00e9conomiques de l&#039;\u00e9nergie nucl\u00e9aire et son impact environnemental global restera primordiale dans un avenir pr\u00e9visible. De plus, il existe un \u00e9norme potentiel de croissance dans ce domaine \u00e0 mesure que l\u2019int\u00e9r\u00eat du public continue de cro\u00eetre.<\/li>\n\n\n\n<li>Comprendre les cons\u00e9quences potentielles des changements r\u00e9glementaires est essentiel pour toute personne impliqu\u00e9e dans l\u2019industrie \u00e9lectronucl\u00e9aire. De telles modifications peuvent radicalement modifier le fonctionnement des entreprises, offrant ainsi de nombreuses opportunit\u00e9s de recherche et d\u2019analyse.<\/li>\n\n\n\n<li>\u00c0 mesure que les besoins mondiaux en \u00e9nergie continuent de cro\u00eetre, la demande de sources d&#039;\u00e9nergie nouvelles et r\u00e9volutionnaires augmente \u00e9galement. Cela offre une occasion exceptionnelle d\u2019explorer davantage l\u2019\u00e9nergie nucl\u00e9aire et sa contribution possible \u00e0 la satisfaction de la demande \u00e9nerg\u00e9tique mondiale.<\/li>\n<\/ul>\n\n\n\n<p><a href=\"https:\/\/www.sisinternational.com\/fr\/sis-devoile-une-plateforme-de-science-des-donnees-et-danalyse-quantitative\/\" title=\"SIS d\u00e9voile sa plateforme de science des donn\u00e9es et d&#039;analyse quantitative\"  data-wpil-monitor-id=\"9973\">SIS International offers Quantitative<\/a>, Qualitative, and Strategy Research. We provide data, tools, strategies, reports and insights for decision-making. We conduct interviews, surveys, <a href=\"https:\/\/www.sisinternational.com\/fr\/solutions\/etude-de-marche-en-groupe-de-discussion\/\" title=\"\u00c9tude de march\u00e9 par groupe de discussion\"  data-wpil-monitor-id=\"9974\">focus groups and many other Market Research<\/a> methods and approaches. Contact us for your <a href=\"https:\/\/www.sisinternational.com\/fr\/competence\/les-industries\/etude-de-marche-sur-les-technologies-de-nouvelle-generation\/\" title=\"\u00c9tude de march\u00e9 sur les technologies de nouvelle g\u00e9n\u00e9ration\"  data-wpil-monitor-id=\"9975\">next Market Research<\/a> projet.<\/p>","protected":false},"excerpt":{"rendered":"<p>En gardant une longueur d\u2019avance sur les derni\u00e8res avanc\u00e9es dans le domaine de l\u2019\u00e9nergie nucl\u00e9aire, les entreprises et les investisseurs b\u00e9n\u00e9ficient d\u2019opportunit\u00e9s pour prendre de meilleures d\u00e9cisions d\u2019investissement.<\/p>","protected":false},"author":1,"featured_media":64085,"parent":14514,"menu_order":214,"comment_status":"closed","ping_status":"closed","template":"","meta":{"footnotes":""},"class_list":["post-41873","page","type-page","status-publish","has-post-thumbnail"],"_links":{"self":[{"href":"https:\/\/www.sisinternational.com\/fr\/wp-json\/wp\/v2\/pages\/41873","targetHints":{"allow":["GET"]}}],"collection":[{"href":"https:\/\/www.sisinternational.com\/fr\/wp-json\/wp\/v2\/pages"}],"about":[{"href":"https:\/\/www.sisinternational.com\/fr\/wp-json\/wp\/v2\/types\/page"}],"author":[{"embeddable":true,"href":"https:\/\/www.sisinternational.com\/fr\/wp-json\/wp\/v2\/users\/1"}],"replies":[{"embeddable":true,"href":"https:\/\/www.sisinternational.com\/fr\/wp-json\/wp\/v2\/comments?post=41873"}],"version-history":[{"count":6,"href":"https:\/\/www.sisinternational.com\/fr\/wp-json\/wp\/v2\/pages\/41873\/revisions"}],"predecessor-version":[{"id":81652,"href":"https:\/\/www.sisinternational.com\/fr\/wp-json\/wp\/v2\/pages\/41873\/revisions\/81652"}],"up":[{"embeddable":true,"href":"https:\/\/www.sisinternational.com\/fr\/wp-json\/wp\/v2\/pages\/14514"}],"wp:featuredmedia":[{"embeddable":true,"href":"https:\/\/www.sisinternational.com\/fr\/wp-json\/wp\/v2\/media\/64085"}],"wp:attachment":[{"href":"https:\/\/www.sisinternational.com\/fr\/wp-json\/wp\/v2\/media?parent=41873"}],"curies":[{"name":"wp","href":"https:\/\/api.w.org\/{rel}","templated":true}]}}