{"id":41853,"date":"2023-03-17T22:37:16","date_gmt":"2023-03-18T02:37:16","guid":{"rendered":"https:\/\/www.sisinternational.com\/?page_id=41853"},"modified":"2026-01-24T21:16:20","modified_gmt":"2026-01-25T02:16:20","slug":"etude-de-marche-sur-les-microspheres-de-micromoulage","status":"publish","type":"page","link":"https:\/\/www.sisinternational.com\/fr\/competence\/etude-de-marche-sur-les-microspheres-de-micromoulage\/","title":{"rendered":"\u00c9tude de march\u00e9 sur le micromoulage et les microsph\u00e8res"},"content":{"rendered":"<h1 class=\"wp-block-heading\">\u00c9tude de march\u00e9 sur le micromoulage et les microsph\u00e8res<\/h1>\n\n\n\n<figure class=\"gb-block-image gb-block-image-28cbaea8\"><img loading=\"lazy\" decoding=\"async\" width=\"1456\" height=\"816\" class=\"gb-image gb-image-28cbaea8\" src=\"https:\/\/www.sisinternational.com\/wp-content\/uploads\/2025\/08\/Micromolding-1.jpg\" alt=\"\u00c9tudes de march\u00e9 et strat\u00e9gie internationales SIS\" title=\"Micromolding (1)\" srcset=\"https:\/\/www.sisinternational.com\/wp-content\/uploads\/2025\/08\/Micromolding-1.jpg 1456w, https:\/\/www.sisinternational.com\/wp-content\/uploads\/2025\/08\/Micromolding-1-300x168.jpg 300w, https:\/\/www.sisinternational.com\/wp-content\/uploads\/2025\/08\/Micromolding-1-1024x574.jpg 1024w, https:\/\/www.sisinternational.com\/wp-content\/uploads\/2025\/08\/Micromolding-1-768x430.jpg 768w, https:\/\/www.sisinternational.com\/wp-content\/uploads\/2025\/08\/Micromolding-1-18x10.jpg 18w\" sizes=\"auto, (max-width: 1456px) 100vw, 1456px\"><\/figure>\n\n\n\n<p><\/p>\n\n\n\n<p>Le micromoulage et les microsph\u00e8res sont li\u00e9s les uns aux autres. Encore. ils font r\u00e9f\u00e9rence \u00e0 des choses diff\u00e9rentes.<\/p>\n\n\n\n<p>Le micromoulage est un processus de fabrication permettant de produire de petites pi\u00e8ces en plastique pr\u00e9cises. Leurs dimensions sont de l&#039;ordre du microm\u00e8tre ou du millim\u00e8tre. Un technicien injecte du plastique fondu dans une cavit\u00e9 de moule sous haute pression. Le plastique refroidit ensuite et se solidifie pour former la pi\u00e8ce souhait\u00e9e. Les industries des dispositifs m\u00e9dicaux, de l\u2019\u00e9lectronique et de l\u2019automobile utilisent le micromoulage pour produire des pi\u00e8ces petites et complexes.<\/p>\n\n\n\n<p>Les microsph\u00e8res sont de minuscules particules sph\u00e9riques dont les diam\u00e8tres varient du nanom\u00e8tre au millim\u00e8tre. Leurs fabricants utilisent divers mat\u00e9riaux pour les produire. Ces mat\u00e9riaux comprennent le verre, les polym\u00e8res, les m\u00e9taux et la c\u00e9ramique. Les microsph\u00e8res ont de nombreuses applications dans diff\u00e9rents domaines. Les secteurs des cosm\u00e9tiques, de l\u2019administration de m\u00e9dicaments et de la science des mat\u00e9riaux en sont quelques exemples. Par exemple, l\u2019industrie cosm\u00e9tique utilise des microsph\u00e8res comme exfoliants. Ils servent \u00e9galement de supports pour les principes actifs. L&#039;administration de m\u00e9dicaments est un autre exemple dans lequel les microsph\u00e8res peuvent encapsuler des m\u00e9dicaments et contr\u00f4ler leur lib\u00e9ration au fil du temps.<\/p>\n\n\n\n<p>Dans certains cas, le micromoulage permet de produire des microsph\u00e8res. Par exemple, il existe un proc\u00e9d\u00e9 appel\u00e9 moulage par micro-injection. Il s\u2019agit d\u2019injecter du polym\u00e8re fondu dans une cavit\u00e9 de moule inf\u00e9rieure \u00e0 un millim\u00e8tre. La pi\u00e8ce obtenue est une microsph\u00e8re de taille et de forme pr\u00e9cises.<\/p>\n\n\n\n<h2 class=\"wp-block-heading\">Pourquoi le micromoulage et les microsph\u00e8res sont-ils importants\u00a0?<\/h2>\n\n\n\n<p>Le micro moulage et les microsph\u00e8res sont indispensables pour plusieurs raisons. Ils jouent des r\u00f4les importants dans diverses industries. Ils permettent la production de petites pi\u00e8ces pr\u00e9cises. Le micromoulage et les microsph\u00e8res am\u00e9liorent les performances des mat\u00e9riaux et des produits.<\/p>\n\n\n\n<p>Le micromoulage permet de produire des pi\u00e8ces petites et complexes avec une grande pr\u00e9cision et exactitude. Il est essentiel dans des secteurs tels que les dispositifs m\u00e9dicaux et l\u2019\u00e9lectronique. Les petites tailles et les mesures pr\u00e9cises sont essentielles dans ces industries.<br>C&#039;est une m\u00e9thode rentable pour produire de petites pi\u00e8ces en grande quantit\u00e9. Gr\u00e2ce \u00e0 lui, les fabricants peuvent fabriquer des pi\u00e8ces rapidement et efficacement \u00e0 l\u2019aide de processus automatis\u00e9s et d\u2019\u00e9quipements \u00e0 grande vitesse.<\/p>\n\n\n\n<p>Il permet la personnalisation des pi\u00e8ces pour r\u00e9pondre \u00e0 des besoins sp\u00e9cifiques. Les fabricants peuvent cr\u00e9er des pi\u00e8ces avec des formes, des tailles et des propri\u00e9t\u00e9s m\u00e9caniques particuli\u00e8res. Il leur suffit d\u2019ajuster la conception du moule et les propri\u00e9t\u00e9s des mat\u00e9riaux.<\/p>\n\n\n\n<p>Les microsph\u00e8res ont de nombreuses applications, notamment l\u2019administration de m\u00e9dicaments, les cosm\u00e9tiques et la science des mat\u00e9riaux. Les fabricants peuvent utiliser divers mat\u00e9riaux pour les produire. Ils peuvent \u00e9galement les concevoir pour avoir des propri\u00e9t\u00e9s sp\u00e9cifiques. Par exemple, ils peuvent avoir des propri\u00e9t\u00e9s \u00e0 lib\u00e9ration contr\u00f4l\u00e9e ou magn\u00e9tiques.<\/p>\n\n\n\n<p>Microspheres can further improve the performance of materials and products. They do so by adding new properties or functionalities. For example, adding microspheres to <a class=\"wpil_keyword_link\" href=\"https:\/\/www.sisinternational.com\/fr\/competence\/les-industries\/etudes-de-marche-sur-les-peintures-les-revetements-et-les-encres-dimprimerie\/\"   title=\"\u00c9tudes de march\u00e9 sur les peintures, rev\u00eatements et encres d\u2019imprimerie\" data-wpil-keyword-link=\"linked\"  data-wpil-monitor-id=\"712\">coatings<\/a> can improve their scratch resistance. Adding them to composites can improve their strength and stiffness.<\/p>\n\n\n\n<h2 class=\"wp-block-heading\">Titres de poste cl\u00e9s<\/h2>\n\n\n\n<h3 class=\"wp-block-heading\">Voici quelques titres de postes cl\u00e9s dans les domaines du micromoulage et des microsph\u00e8res\u00a0:<\/h3>\n\n\n\n<figure class=\"gb-block-image gb-block-image-88cf0ee2\"><img loading=\"lazy\" decoding=\"async\" width=\"1456\" height=\"816\" class=\"gb-image gb-image-88cf0ee2\" src=\"https:\/\/www.sisinternational.com\/wp-content\/uploads\/2025\/08\/Micromolding-4.jpg\" alt=\"\u00c9tudes de march\u00e9 et strat\u00e9gie internationales SIS\" title=\"Micromolding (4)\" srcset=\"https:\/\/www.sisinternational.com\/wp-content\/uploads\/2025\/08\/Micromolding-4.jpg 1456w, https:\/\/www.sisinternational.com\/wp-content\/uploads\/2025\/08\/Micromolding-4-300x168.jpg 300w, https:\/\/www.sisinternational.com\/wp-content\/uploads\/2025\/08\/Micromolding-4-1024x574.jpg 1024w, https:\/\/www.sisinternational.com\/wp-content\/uploads\/2025\/08\/Micromolding-4-768x430.jpg 768w, https:\/\/www.sisinternational.com\/wp-content\/uploads\/2025\/08\/Micromolding-4-18x10.jpg 18w\" sizes=\"auto, (max-width: 1456px) 100vw, 1456px\"><\/figure>\n\n\n\n<ol class=\"wp-block-list\">\n<li>Ing\u00e9nieur en micromoulage. Un ing\u00e9nieur en micromoulage travaille avec des concepteurs de moules pour d\u00e9velopper des pi\u00e8ces en plastique de micro-taille. Ils travaillent \u00e9galement avec les \u00e9quipes de production pour cr\u00e9er et optimiser les processus de micromoulage.<\/li>\n\n\n\n<li>Chimiste en synth\u00e8se de microsph\u00e8res. Ce type de chimiste con\u00e7oit et synth\u00e9tise des microsph\u00e8res aux propri\u00e9t\u00e9s sp\u00e9cifiques. Ils con\u00e7oivent ces microsph\u00e8res pour diverses applications. Les chimistes synth\u00e9tiseurs de microsph\u00e8res travaillent dans des laboratoires pour d\u00e9velopper et optimiser des m\u00e9thodes de synth\u00e8se. Ils peuvent \u00e9galement travailler avec des \u00e9quipes de production pour augmenter la production de microsph\u00e8res.<\/li>\n\n\n\n<li>Technicien en moulage par micro injection. Ce technicien installe et exploite des machines de moulage par micro-injection pour produire de petites pi\u00e8ces en plastique. Ils travaillent avec les concepteurs de moules et les \u00e9quipes de production. Ensemble, ils garantissent que les pi\u00e8ces r\u00e9pondent aux sp\u00e9cifications requises.<\/li>\n\n\n\n<li>Scientifique des applications des microsph\u00e8res. Un scientifique charg\u00e9 des applications des microsph\u00e8res travaille avec les clients. Comme le sugg\u00e8re le titre du poste, ils identifient les applications des microsph\u00e8res. Ils d\u00e9veloppent \u00e9galement de nouvelles applications bas\u00e9es sur les propri\u00e9t\u00e9s des microsph\u00e8res. Ils peuvent travailler avec des \u00e9quipes de d\u00e9veloppement de produits pour placer des microsph\u00e8res dans de nouveaux produits.<\/li>\n\n\n\n<li>Ing\u00e9nieur Contr\u00f4le Qualit\u00e9. Un ing\u00e9nieur en contr\u00f4le qualit\u00e9 s\u2019assure que les pi\u00e8ces micromoul\u00e9es et les microsph\u00e8res r\u00e9pondent aux sp\u00e9cifications et aux normes de qualit\u00e9 requises. Ils d\u00e9veloppent et mettent en place des processus de contr\u00f4le qualit\u00e9. Ils travaillent \u00e9galement avec les \u00e9quipes de production pour identifier et corriger les probl\u00e8mes de qualit\u00e9.<\/li>\n<\/ol>\n\n\n\n<h2 class=\"wp-block-heading\">Pourquoi les entreprises ont-elles besoin de micromoulages et de microsph\u00e8res\u00a0?<\/h2>\n\n\n\n<p>Les entreprises ont besoin de micromoulages et de microsph\u00e8res pour plusieurs raisons. Ces entreprises peuvent acqu\u00e9rir un avantage concurrentiel. Il leur suffit de produire des pi\u00e8ces personnalis\u00e9es de haute qualit\u00e9 qui r\u00e9pondent \u00e0 des besoins sp\u00e9cifiques. Cela peut conduire \u00e0 une satisfaction et une fid\u00e9lit\u00e9 accrues des clients.<\/p>\n\n\n\n<p>Les entreprises ont \u00e9galement besoin de micromoulages et de microsph\u00e8res pour am\u00e9liorer leurs processus de fabrication. Ils les utilisent \u00e9galement pour cr\u00e9er des produits personnalis\u00e9s. De plus, ces technologies permettent aux entreprises de r\u00e9pondre aux besoins des clients avec des pi\u00e8ces pr\u00e9cises et de haute qualit\u00e9.<\/p>\n\n\n\n<h2 class=\"wp-block-heading\">Facteurs cl\u00e9s de succ\u00e8s<\/h2>\n\n\n\n<figure class=\"gb-block-image gb-block-image-3e2c08aa\"><img loading=\"lazy\" decoding=\"async\" width=\"1456\" height=\"816\" class=\"gb-image gb-image-3e2c08aa\" src=\"https:\/\/www.sisinternational.com\/wp-content\/uploads\/2025\/08\/Micromolding-3.jpg\" alt=\"\u00c9tudes de march\u00e9 et strat\u00e9gie internationales SIS\" title=\"Micromolding (3)\" srcset=\"https:\/\/www.sisinternational.com\/wp-content\/uploads\/2025\/08\/Micromolding-3.jpg 1456w, https:\/\/www.sisinternational.com\/wp-content\/uploads\/2025\/08\/Micromolding-3-300x168.jpg 300w, https:\/\/www.sisinternational.com\/wp-content\/uploads\/2025\/08\/Micromolding-3-1024x574.jpg 1024w, https:\/\/www.sisinternational.com\/wp-content\/uploads\/2025\/08\/Micromolding-3-768x430.jpg 768w, https:\/\/www.sisinternational.com\/wp-content\/uploads\/2025\/08\/Micromolding-3-18x10.jpg 18w\" sizes=\"auto, (max-width: 1456px) 100vw, 1456px\"><\/figure>\n\n\n\n<p><\/p>\n\n\n\n<p>Le succ\u00e8s dans le micromoulage et les microsph\u00e8res n\u00e9cessite une expertise technique. Les domaines n\u00e9cessitent une expertise en science des mat\u00e9riaux, en chimie, en ing\u00e9nierie et en fabrication. Cette expertise est n\u00e9cessaire aux proc\u00e9d\u00e9s de micromoulage et de synth\u00e8se de microsph\u00e8res.<\/p>\n\n\n\n<p>Le succ\u00e8s dans le domaine du micromoulage et des microsph\u00e8res n\u00e9cessite \u00e9galement de l&#039;innovation. Cette innovation est particuli\u00e8rement \u00e9vidente dans la science des mat\u00e9riaux, la chimie et les processus de fabrication. Il est n\u00e9cessaire de d\u00e9velopper de nouvelles m\u00e9thodes de micromoulage et de synth\u00e8se de microsph\u00e8res. L\u2019innovation est \u00e9galement essentielle pour appliquer ces technologies \u00e0 de nouvelles applications et march\u00e9s.<\/p>\n\n\n\n<p>Ces domaines n\u00e9cessitent des processus de contr\u00f4le qualit\u00e9 rigoureux. Ces processus garantissent que les pi\u00e8ces et microsph\u00e8res produites r\u00e9pondent aux sp\u00e9cifications requises. Ils doivent \u00e9galement respecter des normes de qualit\u00e9. Par exemple, ils doivent mettre en \u0153uvre des processus de contr\u00f4le qualit\u00e9 \u00e0 chaque \u00e9tape du processus de fabrication. Les entreprises doivent \u00e9galement effectuer une surveillance continue pour am\u00e9liorer ces processus.<\/p>\n\n\n\n<p>Le micromoulage et les microsph\u00e8res n\u00e9cessitent une collaboration entre les parties prenantes. Ces parties prenantes comprennent des ing\u00e9nieurs, des chimistes, des scientifiques des mat\u00e9riaux et des \u00e9quipes de production. Cette collaboration est n\u00e9cessaire pour d\u00e9velopper et optimiser les proc\u00e9d\u00e9s de micromoulage et de microsph\u00e8res. Cela aide \u00e9galement \u00e0 r\u00e9soudre les probl\u00e8mes techniques lors de la fabrication.<\/p>\n\n\n\n<p>Une autre r\u00e8gle de r\u00e9ussite est une approche de d\u00e9veloppement et de fabrication de produits ax\u00e9e sur le client. Cette approche implique de comprendre les besoins des clients. Les fabricants doivent \u00e9galement d\u00e9velopper des produits qui r\u00e9pondent \u00e0 ces besoins. De plus, ils doivent fournir un excellent service client et un excellent support pour garantir la satisfaction du client.<\/p>\n\n\n\n<p>Les entreprises doivent se concentrer sur ces facteurs critiques de r\u00e9ussite. Ils peuvent ainsi d\u00e9velopper et produire des pi\u00e8ces et des microsph\u00e8res pr\u00e9cises et de haute qualit\u00e9. Ces pi\u00e8ces et microsph\u00e8res r\u00e9pondront aux besoins de leurs clients. Ils offriront \u00e9galement un avantage concurrentiel sur leurs march\u00e9s respectifs.<\/p>\n\n\n\n<h2 class=\"wp-block-heading\">\u00c0 propos des \u00e9tudes de march\u00e9 sur le micromoulage et les microsph\u00e8res<\/h2>\n\n\n\n<p>Les \u00e9tudes de march\u00e9 sont un autre facteur de succ\u00e8s essentiel dans le domaine du micromoulage et des microsph\u00e8res. Par exemple, les entreprises peuvent utiliser des \u00e9tudes de march\u00e9 quantitatives. Ces enqu\u00eates peuvent fournir une feuille de route pour l\u2019avenir. Une \u00e9tude de march\u00e9 qualitative est \u00e9galement essentielle.<\/p>\n\n\n\n<p>At SIS International Research, we\u2019ll provide a thorough Competitive Analysis. With this analysis, you can design a Go to Market Strategy. We also offer Strategy <a href=\"https:\/\/www.sisinternational.com\/fr\/couverture\/les-ameriques\/etude-de-marche-dans-les-caraibes\/etude-de-marche-montserrat\/\" title=\"Etude de march\u00e9 \u00e0 Montserrat\"  data-wpil-monitor-id=\"3267\">\u00c9tude de march\u00e9<\/a>, Market Opportunity Research, and Market Sizing Research. SIS can set up Focus Groups and Interviews for <a href=\"https:\/\/www.sisinternational.com\/fr\/couverture\/les-ameriques\/etude-de-marche-dans-les-caraibes\/etude-de-marche-a-saint-kitts-nevis\/\" title=\"\u00c9tude de march\u00e9 \u00e0 Saint-Kitts-et-Nevis\"  data-wpil-monitor-id=\"3287\">Recherche d&#039;entr\u00e9e sur le march\u00e9<\/a>. We also help you discover how consumers feel about a product already on the market.<\/p>\n\n\n\n<p>Contactez SIS aujourd\u2019hui pour une consultation.<\/p>","protected":false},"excerpt":{"rendered":"<p>Le micromoulage et les microsph\u00e8res jouent un r\u00f4le essentiel dans de nombreuses industries. Ils aident \u00e0 produire des pi\u00e8ces pr\u00e9cises et minuscules et \u00e0 am\u00e9liorer les mat\u00e9riaux et les produits.<\/p>","protected":false},"author":1,"featured_media":64822,"parent":14514,"menu_order":209,"comment_status":"closed","ping_status":"closed","template":"","meta":{"footnotes":""},"class_list":["post-41853","page","type-page","status-publish","has-post-thumbnail"],"_links":{"self":[{"href":"https:\/\/www.sisinternational.com\/fr\/wp-json\/wp\/v2\/pages\/41853","targetHints":{"allow":["GET"]}}],"collection":[{"href":"https:\/\/www.sisinternational.com\/fr\/wp-json\/wp\/v2\/pages"}],"about":[{"href":"https:\/\/www.sisinternational.com\/fr\/wp-json\/wp\/v2\/types\/page"}],"author":[{"embeddable":true,"href":"https:\/\/www.sisinternational.com\/fr\/wp-json\/wp\/v2\/users\/1"}],"replies":[{"embeddable":true,"href":"https:\/\/www.sisinternational.com\/fr\/wp-json\/wp\/v2\/comments?post=41853"}],"version-history":[{"count":6,"href":"https:\/\/www.sisinternational.com\/fr\/wp-json\/wp\/v2\/pages\/41853\/revisions"}],"predecessor-version":[{"id":77552,"href":"https:\/\/www.sisinternational.com\/fr\/wp-json\/wp\/v2\/pages\/41853\/revisions\/77552"}],"up":[{"embeddable":true,"href":"https:\/\/www.sisinternational.com\/fr\/wp-json\/wp\/v2\/pages\/14514"}],"wp:featuredmedia":[{"embeddable":true,"href":"https:\/\/www.sisinternational.com\/fr\/wp-json\/wp\/v2\/media\/64822"}],"wp:attachment":[{"href":"https:\/\/www.sisinternational.com\/fr\/wp-json\/wp\/v2\/media?parent=41853"}],"curies":[{"name":"wp","href":"https:\/\/api.w.org\/{rel}","templated":true}]}}