{"id":41839,"date":"2023-03-17T18:38:42","date_gmt":"2023-03-17T22:38:42","guid":{"rendered":"https:\/\/www.sisinternational.com\/?page_id=41839"},"modified":"2025-10-22T00:10:33","modified_gmt":"2025-10-22T04:10:33","slug":"etude-de-marche-sur-les-cartes-thermiques","status":"publish","type":"page","link":"https:\/\/www.sisinternational.com\/fr\/competence\/etude-de-marche-sur-les-cartes-thermiques\/","title":{"rendered":"\u00c9tude de march\u00e9 sur les cartes thermiques"},"content":{"rendered":"<h1 class=\"wp-block-heading\">\u00c9tude de march\u00e9 sur les cartes thermiques<\/h1>\n\n\n\n<figure class=\"gb-block-image gb-block-image-5d3a09e3\"><img loading=\"lazy\" decoding=\"async\" width=\"1456\" height=\"816\" class=\"gb-image gb-image-5d3a09e3\" src=\"https:\/\/www.sisinternational.com\/wp-content\/uploads\/2025\/08\/Heatamp-2.jpg\" alt=\"\u00c9tudes de march\u00e9 et strat\u00e9gie internationales SIS\" title=\"Heatamp (2)\" srcset=\"https:\/\/www.sisinternational.com\/wp-content\/uploads\/2025\/08\/Heatamp-2.jpg 1456w, https:\/\/www.sisinternational.com\/wp-content\/uploads\/2025\/08\/Heatamp-2-300x168.jpg 300w, https:\/\/www.sisinternational.com\/wp-content\/uploads\/2025\/08\/Heatamp-2-1024x574.jpg 1024w, https:\/\/www.sisinternational.com\/wp-content\/uploads\/2025\/08\/Heatamp-2-768x430.jpg 768w, https:\/\/www.sisinternational.com\/wp-content\/uploads\/2025\/08\/Heatamp-2-18x10.jpg 18w\" sizes=\"auto, (max-width: 1456px) 100vw, 1456px\"><\/figure>\n\n\n\n<p><\/p>\n\n\n\n<p>En s&#039;engageant dans des \u00e9tudes de march\u00e9 par carte thermique, les entreprises peuvent obtenir des informations inestimables sur le comportement et les pr\u00e9f\u00e9rences de leurs clients. Cet outil est particuli\u00e8rement avantageux pour surveiller la conception de sites Web, l\u2019exp\u00e9rience utilisateur et les campagnes marketing.<\/p>\n\n\n\n<p>En cons\u00e9quence, en comprenant ses applications potentielles, les organisations peuvent mieux comprendre leur client\u00e8le tout en prenant des d\u00e9cisions \u00e9clair\u00e9es qui favoriseront la croissance et le succ\u00e8s.<\/p>\n\n\n\n<h2 class=\"wp-block-heading\">Qu\u2019est-ce qu\u2019une \u00e9tude de march\u00e9 par carte thermique ?<\/h2>\n\n\n\n<p>Heat map market research is an innovative approach to understand consumer behavior and preferences. It utilizes visual depictions of data to uncover what consumers are truly paying attention to. It does this by showcasing the information in such a way that it highlights areas with high or low engagement, helping companies analyze user experience, website design as <a href=\"https:\/\/www.sisinternational.com\/fr\/solutions\/etude-de-marche-des-produits-de-beaute\/etude-de-marche-sur-le-bien-etre-des-baby-boomers\/\" title=\"\u00c9tude de march\u00e9 sur le bien-\u00eatre des baby-boomers\"  data-wpil-monitor-id=\"8587\">well as marketing<\/a> campaigns and product development.<\/p>\n\n\n\n<p>Furthermore, it provides valuable insights into consumer behavior because by examining the data produced by heat maps, businesses can recognize patterns in customer conduct that will inform strategic decisions towards <a href=\"https:\/\/www.sisinternational.com\/fr\/solutions\/conseil-en-strategie\/conseil-en-strategie-detude-de-marche-sur-la-responsabilite-du-fait-des-produits\/\" title=\"\u00c9tudes de march\u00e9 et conseil en strat\u00e9gie en mati\u00e8re de responsabilit\u00e9 du fait des produits\"  data-wpil-monitor-id=\"8585\">product development and marketing strategies<\/a>.<\/p>\n\n\n\n<h2 class=\"wp-block-heading\">Types d\u2019\u00e9tudes de march\u00e9 sur les cartes thermiques<\/h2>\n\n\n\n<p>There are different types of heat <a href=\"https:\/\/www.sisinternational.com\/fr\/solutions\/conseil-en-strategie\/etude-de-marche-sur-la-cartographie-des-opportunites\/\" title=\"\u00c9tude de march\u00e9 sur la cartographie des opportunit\u00e9s\"  data-wpil-monitor-id=\"8581\">maps used in market research<\/a>, such as eye-tracking heat maps, click heat maps, scroll heat maps, attention heat maps, engagement heat maps, and emotion heat maps. From its sophisticated technology to a distinctive methodology, each heat map generates and displays data in an attractive visual format. For instance:<\/p>\n\n\n\n<ul class=\"wp-block-list\">\n<li><strong>Cliquez sur les cartes thermiques\u00a0:<\/strong> Gr\u00e2ce aux cartes thermiques de clics, le suivi du comportement des utilisateurs sur les sites Web et les applications est plus facile. En utilisant un code couleur pour indiquer o\u00f9 ont lieu le plus de clics ou d&#039;appuis, il est simple de d\u00e9couvrir quelles zones engagent les utilisateurs ou quelles parties pr\u00e9sentent des probl\u00e8mes potentiels.<\/li>\n\n\n\n<li><strong>Faites d\u00e9filer les cartes thermiques\u00a0:<\/strong> Gr\u00e2ce \u00e0 la cartographie thermique de d\u00e9filement, les entreprises peuvent observer jusqu&#039;o\u00f9 les visiteurs font d\u00e9filer la page et d\u00e9terminer les parties qu&#039;ils trouvent les plus captivantes. De cette fa\u00e7on, ils peuvent \u00e9viter que certains \u00e9l\u00e9ments passent inaper\u00e7us ou ignor\u00e9s.<\/li>\n\n\n\n<li><strong>Cartes thermiques de suivi oculaire\u00a0:<\/strong> Les cartes thermiques de suivi oculaire permettent aux entreprises de surveiller o\u00f9 les utilisateurs regardent sur une page Web, d&#039;identifier les zones qui attirent le plus l&#039;attention et de les aider \u00e0 cr\u00e9er des conceptions de sites Web plus efficaces. Gr\u00e2ce \u00e0 ces informations pertinentes sur le comportement des utilisateurs, les entreprises peuvent s&#039;assurer que votre site suscite un engagement maximal de la part de ses visiteurs.<\/li>\n\n\n\n<li><strong>Cartes thermiques de suivi de la souris\u00a0:<\/strong> Cette forme de carte thermique enregistre les mouvements du pointeur de la souris lorsque les utilisateurs interagissent avec une page Web, puis utilise ces donn\u00e9es pour g\u00e9n\u00e9rer des visuels qui montrent quelles zones retiennent le plus leur attention.<\/li>\n<\/ul>\n\n\n\n<h2 class=\"wp-block-heading\">Avantages de l\u2019\u00e9tude de march\u00e9 par carte thermique<\/h2>\n\n\n\n<figure class=\"gb-block-image gb-block-image-08de3c36\"><img loading=\"lazy\" decoding=\"async\" width=\"1456\" height=\"816\" class=\"gb-image gb-image-08de3c36\" src=\"https:\/\/www.sisinternational.com\/wp-content\/uploads\/2025\/08\/Heatamp-4.jpg\" alt=\"\u00c9tudes de march\u00e9 et strat\u00e9gie internationales SIS\" title=\"Heatamp (4)\" srcset=\"https:\/\/www.sisinternational.com\/wp-content\/uploads\/2025\/08\/Heatamp-4.jpg 1456w, https:\/\/www.sisinternational.com\/wp-content\/uploads\/2025\/08\/Heatamp-4-300x168.jpg 300w, https:\/\/www.sisinternational.com\/wp-content\/uploads\/2025\/08\/Heatamp-4-1024x574.jpg 1024w, https:\/\/www.sisinternational.com\/wp-content\/uploads\/2025\/08\/Heatamp-4-768x430.jpg 768w, https:\/\/www.sisinternational.com\/wp-content\/uploads\/2025\/08\/Heatamp-4-18x10.jpg 18w\" sizes=\"auto, (max-width: 1456px) 100vw, 1456px\"><\/figure>\n\n\n\n<p>Les cartes thermiques fournissent une repr\u00e9sentation graphique des donn\u00e9es facile \u00e0 comprendre. Il est facile \u00e0 comprendre m\u00eame pour ceux qui manquent d\u2019expertise en analyse.<\/p>\n\n\n\n<p>Les \u00e9tudes de march\u00e9 sur les cartes thermiques permettent aux entreprises d&#039;avoir une compr\u00e9hension exhaustive des d\u00e9sirs de leurs clients, en affichant les \u00e9l\u00e9ments cl\u00e9s de leurs pages Web.<\/p>\n\n\n\n<p>Gr\u00e2ce aux cartes thermiques, les entreprises peuvent rapidement comprendre comment les visiteurs interagissent avec leurs pages Web ou avec l&#039;ensemble de leurs campagnes marketing. Ce feedback imm\u00e9diat leur permet d\u2019adapter l\u2019exp\u00e9rience utilisateur et l\u2019engagement pour maximiser les r\u00e9sultats.<\/p>\n\n\n\n<p>Les \u00e9tudes de march\u00e9 par carte thermique sont un moyen rentable d\u2019obtenir des informations sur le comportement et les pr\u00e9f\u00e9rences des clients, par rapport aux m\u00e9thodes traditionnelles plus co\u00fbteuses telles que les enqu\u00eates et les groupes de discussion.<\/p>\n\n\n\n<p>En tirant parti des cartes thermiques, les entreprises peuvent obtenir des preuves irr\u00e9futables du comportement des utilisateurs et \u00e9liminer tout biais potentiel ou subjectivit\u00e9 que l\u2019on retrouve traditionnellement dans d\u2019autres m\u00e9thodes de recherche.<\/p>\n\n\n\n<h2 class=\"wp-block-heading\">Limites des \u00e9tudes de march\u00e9 sur les cartes thermiques<\/h2>\n\n\n\n<ul class=\"wp-block-list\">\n<li>Heat maps offer a wealth of data about user behavior. However, without taking into account the reasons for certain usage patterns, businesses may struggle to use heat map information effectively. Further research on <a href=\"https:\/\/www.sisinternational.com\/fr\/etude-de-cas-hypothetique-deharmony-danalyse-de-consommation\/\" title=\"Consumer Analytics\u00a0: \u00e9tude de cas hypoth\u00e9tique eHarmony\"  data-wpil-monitor-id=\"8574\">consommateur<\/a> inclinations and motivations could enable them to gain an even deeper understanding of their analytics to make more informed decisions.<\/li>\n\n\n\n<li>La taille limit\u00e9e des \u00e9chantillons entrave souvent la recherche sur les cartes thermiques, limitant la g\u00e9n\u00e9ralisabilit\u00e9 de toute observation effectu\u00e9e. Par cons\u00e9quent, cela peut limiter l\u2019utilit\u00e9 des informations obtenues gr\u00e2ce \u00e0 l\u2019utilisation des cartes thermiques.<\/li>\n\n\n\n<li>Les cartes thermiques surveillent efficacement le comportement des utilisateurs en ligne. Mais ils ne donnent aucun aper\u00e7u des habitudes ou des pr\u00e9f\u00e9rences de ceux qui sont hors ligne.<\/li>\n\n\n\n<li>Heat maps are determined by <a href=\"https:\/\/www.sisinternational.com\/fr\/couverture\/leurope-%ef%83%97\/etude-de-marche-liverpool-royaume-uni\/\" title=\"\u00c9tude de march\u00e9 \u00e0 Liverpool | Groupes de discussion et collecte de donn\u00e9es au Royaume-Uni\"  data-wpil-monitor-id=\"8583\">data collected from particular user groups<\/a>, making them susceptible to the potential of sampling or response bias.<\/li>\n<\/ul>\n\n\n\n<h2 class=\"wp-block-heading\">Tendances actuelles des \u00e9tudes de march\u00e9 sur les cartes thermiques<\/h2>\n\n\n\n<p>Le secteur des \u00e9tudes de march\u00e9 sur les cartes thermiques est dans un \u00e9tat de croissance continue, propuls\u00e9 par une technologie de pointe et l\u2019\u00e9volution des pr\u00e9f\u00e9rences des consommateurs. Voici quelques tendances actuelles qui se d\u00e9marquent dans ce secteur :<\/p>\n\n\n\n<ul class=\"wp-block-list\">\n<li>Alors que la conception centr\u00e9e sur l\u2019utilisateur et l\u2019importance de l\u2019exp\u00e9rience utilisateur continuent d\u2019\u00e9voluer, le secteur des \u00e9tudes de march\u00e9 sur les cartes thermiques r\u00e9agit en mettant davantage l\u2019accent sur la compr\u00e9hension du comportement et des pr\u00e9f\u00e9rences des clients. Les cartes thermiques sont de plus en plus utilis\u00e9es pour \u00e9valuer la mani\u00e8re dont les utilisateurs interagissent avec les sites Web, les applications mobiles ainsi que d&#039;autres plateformes num\u00e9riques afin d&#039;identifier les domaines qui n\u00e9cessitent des am\u00e9liorations.<\/li>\n\n\n\n<li>Gr\u00e2ce \u00e0 l&#039;int\u00e9gration de cartes thermiques et d&#039;autres outils d&#039;analyse de donn\u00e9es, tels que des enqu\u00eates, des donn\u00e9es de parcours et des tests utilisateurs, les entreprises peuvent obtenir une \u00e9valuation plus compl\u00e8te des pr\u00e9f\u00e9rences des clients.<\/li>\n\n\n\n<li>Des cartes thermiques peuvent \u00eatre utilis\u00e9es pour d\u00e9terminer la mani\u00e8re dont les utilisateurs interagissent avec l\u2019interface afin d\u2019identifier les domaines \u00e0 am\u00e9liorer et garantir un parcours utilisateur exceptionnel. Ces informations recueillies \u00e0 partir de la cartographie thermique jouent un r\u00f4le d\u00e9terminant pour aider les propri\u00e9taires de magasins \u00e0 d\u00e9terminer les strat\u00e9gies de placement de produit et d&#039;agencement de conception les plus efficaces pour leurs magasins.<\/li>\n<\/ul>\n\n\n\n<h2 class=\"wp-block-heading\">Perspectives futures des \u00e9tudes de march\u00e9 sur les cartes thermiques<\/h2>\n\n\n\n<p>As technology continues to evolve, the future of heat map market research is promising. Here are a few potential prospects on the horizon for using heat map <a href=\"https:\/\/www.sisinternational.com\/fr\/competence\/les-industries\/etude-de-marche-sur-la-technologie-des-boissons-alimentaires\/\" title=\"\u00c9tude de march\u00e9 sur la technologie des aliments et des boissons | Technologie alimentaire\"  data-wpil-monitor-id=\"8579\">technology in market research<\/a>:<\/p>\n\n\n\n<ul class=\"wp-block-list\">\n<li>En tirant parti de l\u2019intelligence artificielle et de l\u2019apprentissage automatique pour analyser les donn\u00e9es des cartes thermiques, les entreprises peuvent d\u00e9couvrir des informations inestimables sur les habitudes et les choix des clients. Ces informations utiles peuvent ensuite \u00eatre utilis\u00e9es pour optimiser la conception de sites Web, lancer des campagnes marketing plus efficaces et cr\u00e9er des produits de qualit\u00e9 sup\u00e9rieure pour les clients. Par exemple, des algorithmes d\u2019apprentissage automatique peuvent \u00eatre utilis\u00e9s pour inspecter les donn\u00e9es des cartes thermiques et d\u00e9tecter des mod\u00e8les qui peuvent ne pas \u00eatre \u00e9vidents pour les analystes humains lors de l\u2019inspection initiale.<\/li>\n\n\n\n<li>Les \u00e9tudes de march\u00e9 sur les cartes thermiques fourniront des donn\u00e9es en temps r\u00e9el, permettant aux entreprises de prendre de meilleures d\u00e9cisions et d\u2019agir rapidement en r\u00e9ponse \u00e0 des march\u00e9s en \u00e9volution rapide.<\/li>\n\n\n\n<li>\u00c0 mesure que la technologie progresse, les cartes thermiques deviendront de plus en plus sophistiqu\u00e9es et visuellement attrayantes. En incorporant des images 3D, des s\u00e9quences d\u2019animation et des composants interactifs.<\/li>\n<\/ul>\n\n\n\n<p>SIS International offers Quantitative, Qualitative, and Strategy Research. We provide data, tools, strategies, reports and insights for decision-making. We conduct interviews, surveys, <a href=\"https:\/\/www.sisinternational.com\/fr\/solutions\/etude-de-marche-en-groupe-de-discussion\/\" title=\"\u00c9tude de march\u00e9 par groupe de discussion\"  data-wpil-monitor-id=\"8576\">focus groups and many other Market Research<\/a> methods and approaches. Contact us for your <a href=\"https:\/\/www.sisinternational.com\/fr\/competence\/les-industries\/etude-de-marche-sur-les-technologies-de-nouvelle-generation\/\" title=\"\u00c9tude de march\u00e9 sur les technologies de nouvelle g\u00e9n\u00e9ration\"  data-wpil-monitor-id=\"8577\">next Market Research<\/a> projet.<\/p>","protected":false},"excerpt":{"rendered":"<p>Un outil de carte thermique est particuli\u00e8rement avantageux pour surveiller la conception de sites Web, l\u2019exp\u00e9rience utilisateur et les campagnes marketing.<\/p>","protected":false},"author":1,"featured_media":63697,"parent":14514,"menu_order":208,"comment_status":"closed","ping_status":"closed","template":"","meta":{"footnotes":""},"class_list":["post-41839","page","type-page","status-publish","has-post-thumbnail"],"_links":{"self":[{"href":"https:\/\/www.sisinternational.com\/fr\/wp-json\/wp\/v2\/pages\/41839","targetHints":{"allow":["GET"]}}],"collection":[{"href":"https:\/\/www.sisinternational.com\/fr\/wp-json\/wp\/v2\/pages"}],"about":[{"href":"https:\/\/www.sisinternational.com\/fr\/wp-json\/wp\/v2\/types\/page"}],"author":[{"embeddable":true,"href":"https:\/\/www.sisinternational.com\/fr\/wp-json\/wp\/v2\/users\/1"}],"replies":[{"embeddable":true,"href":"https:\/\/www.sisinternational.com\/fr\/wp-json\/wp\/v2\/comments?post=41839"}],"version-history":[{"count":4,"href":"https:\/\/www.sisinternational.com\/fr\/wp-json\/wp\/v2\/pages\/41839\/revisions"}],"predecessor-version":[{"id":81439,"href":"https:\/\/www.sisinternational.com\/fr\/wp-json\/wp\/v2\/pages\/41839\/revisions\/81439"}],"up":[{"embeddable":true,"href":"https:\/\/www.sisinternational.com\/fr\/wp-json\/wp\/v2\/pages\/14514"}],"wp:featuredmedia":[{"embeddable":true,"href":"https:\/\/www.sisinternational.com\/fr\/wp-json\/wp\/v2\/media\/63697"}],"wp:attachment":[{"href":"https:\/\/www.sisinternational.com\/fr\/wp-json\/wp\/v2\/media?parent=41839"}],"curies":[{"name":"wp","href":"https:\/\/api.w.org\/{rel}","templated":true}]}}