{"id":41834,"date":"2023-03-17T18:13:46","date_gmt":"2023-03-17T22:13:46","guid":{"rendered":"https:\/\/www.sisinternational.com\/?page_id=41834"},"modified":"2026-01-24T21:18:07","modified_gmt":"2026-01-25T02:18:07","slug":"etude-de-marche-sur-les-materiaux-de-construction-ecologiques","status":"publish","type":"page","link":"https:\/\/www.sisinternational.com\/fr\/competence\/etude-de-marche-sur-les-materiaux-de-construction-ecologiques\/","title":{"rendered":"\u00c9tude de march\u00e9 sur les mat\u00e9riaux de construction \u00e9cologiques"},"content":{"rendered":"<h1 class=\"wp-block-heading\">\u00c9tude de march\u00e9 sur les mat\u00e9riaux de construction \u00e9cologiques<\/h1>\n\n\n\n<figure class=\"gb-block-image gb-block-image-a0f737f5\"><img loading=\"lazy\" decoding=\"async\" width=\"1456\" height=\"816\" class=\"gb-image gb-image-a0f737f5\" src=\"https:\/\/www.sisinternational.com\/wp-content\/uploads\/2025\/10\/Green-building-3.jpg\" alt=\"\u00c9tudes de march\u00e9 et strat\u00e9gie internationales SIS\" title=\"Green building (3)\" srcset=\"https:\/\/www.sisinternational.com\/wp-content\/uploads\/2025\/10\/Green-building-3.jpg 1456w, https:\/\/www.sisinternational.com\/wp-content\/uploads\/2025\/10\/Green-building-3-300x168.jpg 300w, https:\/\/www.sisinternational.com\/wp-content\/uploads\/2025\/10\/Green-building-3-1024x574.jpg 1024w, https:\/\/www.sisinternational.com\/wp-content\/uploads\/2025\/10\/Green-building-3-768x430.jpg 768w, https:\/\/www.sisinternational.com\/wp-content\/uploads\/2025\/10\/Green-building-3-18x10.jpg 18w\" sizes=\"auto, (max-width: 1456px) 100vw, 1456px\"><\/figure>\n\n\n\n<p><\/p>\n\n\n\n<p>Les mat\u00e9riaux de construction \u00e9cologiques sont durables, respectueux de l\u2019environnement et \u00e9conomes en \u00e9nergie. Nous utilisons ces mat\u00e9riaux pour construire des b\u00e2timents avec un impact environnemental minimal. Ils r\u00e9duisent la consommation d\u2019\u00e9nergie et favorisent un mode de vie sain. Les mat\u00e9riaux de construction \u00e9cologiques proviennent de ressources renouvelables ou de mat\u00e9riaux recycl\u00e9s. Ils sont durables et n\u00e9cessitent peu d\u2019entretien.<\/p>\n\n\n\n<h2 class=\"wp-block-heading\">Voici des exemples de mat\u00e9riaux de construction \u00e9cologiques\u00a0:<\/h2>\n\n\n\n<ol class=\"wp-block-list\">\n<li>Bois : r\u00e9colt\u00e9 dans des for\u00eats certifi\u00e9es<\/li>\n\n\n\n<li>Le bambou : mat\u00e9riau renouvelable qui peut remplacer le bois dans la construction<\/li>\n\n\n\n<li>Acier recycl\u00e9 : fabriqu\u00e9 \u00e0 partir de mat\u00e9riaux recycl\u00e9s ayant une empreinte carbone plus faible<\/li>\n\n\n\n<li>Plastique recycl\u00e9 : plastique fabriqu\u00e9 \u00e0 partir de mat\u00e9riaux recycl\u00e9s comme les bouteilles PET<\/li>\n\n\n\n<li>Isolation naturelle\u00a0: fabriqu\u00e9e \u00e0 partir de mat\u00e9riaux comme la laine, le coton et la cellulose<\/li>\n\n\n\n<li>Rev\u00eatement de sol \u00e0 faibles \u00e9missions\u00a0: fabriqu\u00e9 \u00e0 partir de mat\u00e9riaux \u00e0 faible teneur en compos\u00e9s organiques volatils (COV). Les exemples sont le bambou, le li\u00e8ge et le linol\u00e9um<\/li>\n\n\n\n<li>Panneaux solaires : des panneaux solaires qui produisent de l&#039;\u00e9nergie renouvelable et r\u00e9duisent la consommation d&#039;\u00e9nergie<\/li>\n\n\n\n<li>Appareils \u00e9conomes en eau qui r\u00e9duisent la consommation d\u2019eau, tels que les toilettes, les pommes de douche et les robinets \u00e0 faible d\u00e9bit.<\/li>\n<\/ol>\n\n\n\n<p>L\u2019utilisation de mat\u00e9riaux de construction \u00e9cologiques est essentielle pour cr\u00e9er des b\u00e2timents durables et \u00e9conomes en \u00e9nergie. Un autre avantage de ces mat\u00e9riaux est qu\u2019ils minimisent votre impact sur l\u2019environnement.<\/p>\n\n\n\n<h2 class=\"wp-block-heading\">Pourquoi les mat\u00e9riaux de construction \u00e9cologiques sont-ils importants\u00a0?<\/h2>\n\n\n\n<figure class=\"gb-block-image gb-block-image-1280df73\"><img loading=\"lazy\" decoding=\"async\" width=\"1456\" height=\"816\" class=\"gb-image gb-image-1280df73\" src=\"https:\/\/www.sisinternational.com\/wp-content\/uploads\/2025\/10\/Green-building-2.jpg\" alt=\"\u00c9tudes de march\u00e9 et strat\u00e9gie internationales SIS\" title=\"Green building (2)\" srcset=\"https:\/\/www.sisinternational.com\/wp-content\/uploads\/2025\/10\/Green-building-2.jpg 1456w, https:\/\/www.sisinternational.com\/wp-content\/uploads\/2025\/10\/Green-building-2-300x168.jpg 300w, https:\/\/www.sisinternational.com\/wp-content\/uploads\/2025\/10\/Green-building-2-1024x574.jpg 1024w, https:\/\/www.sisinternational.com\/wp-content\/uploads\/2025\/10\/Green-building-2-768x430.jpg 768w, https:\/\/www.sisinternational.com\/wp-content\/uploads\/2025\/10\/Green-building-2-18x10.jpg 18w\" sizes=\"auto, (max-width: 1456px) 100vw, 1456px\"><\/figure>\n\n\n\n<p><\/p>\n\n\n\n<p>Green building materials are essential. They help to create <a href=\"https:\/\/www.sisinternational.com\/fr\/solutions\/ai-etudes-de-marche-et-conseil-en-strategie\/environnement-durabilite-automatisation-conseil-en-intelligence-artificielle\/\" title=\"Conseil en automatisation et intelligence artificielle en environnement et d\u00e9veloppement durable\"  data-wpil-monitor-id=\"10004\">sustainable<\/a> buildings that are easy on the environment. They are also healthier for occupants. Here are some more of the critical reasons why green building materials are essential:<\/p>\n\n\n\n<p>Les mat\u00e9riaux de construction \u00e9cologiques sont durables et ont un impact environnemental minimal. Ils sont souvent fabriqu\u00e9s \u00e0 partir de ressources renouvelables, recycl\u00e9es ou naturelles.<\/p>\n\n\n\n<p>Les entreprises doivent les r\u00e9colter de mani\u00e8re \u00e9cologiquement responsable. Ce processus permet de r\u00e9duire les d\u00e9chets, de conserver les ressources naturelles et de diminuer la pollution.<br>Un autre point cl\u00e9 est que de nombreux mat\u00e9riaux de construction \u00e9cologiques sont \u00e9conomes en \u00e9nergie. En effet, ils contribuent \u00e0 r\u00e9duire la consommation d\u2019\u00e9nergie et \u00e0 diminuer l\u2019empreinte carbone des b\u00e2timents. Par exemple, les panneaux solaires peuvent g\u00e9n\u00e9rer de l\u2019\u00e9nergie renouvelable. L\u2019isolation avec des mat\u00e9riaux naturels peut r\u00e9duire davantage les co\u00fbts de chauffage et de climatisation.<\/p>\n\n\n\n<p>Les mat\u00e9riaux de construction \u00e9cologiques peuvent contribuer \u00e0 des environnements de vie plus sains. Ils sont souvent fabriqu\u00e9s \u00e0 partir de mat\u00e9riaux non toxiques. En d\u2019autres termes, ces mat\u00e9riaux sont moins susceptibles de lib\u00e9rer des produits chimiques nocifs dans l\u2019air. Cette fonctionnalit\u00e9 peut am\u00e9liorer la qualit\u00e9 de l\u2019air int\u00e9rieur. Cela r\u00e9duit \u00e9galement le risque de probl\u00e8mes de sant\u00e9 li\u00e9s \u00e0 une mauvaise qualit\u00e9 de l\u2019air int\u00e9rieur.<\/p>\n\n\n\n<p>M\u00eame si les mat\u00e9riaux de construction \u00e9cologiques peuvent \u00eatre plus chers au d\u00e9part, ils peuvent permettre d\u2019\u00e9conomiser de l\u2019argent \u00e0 long terme. Par exemple, les mat\u00e9riaux \u00e9conomes en \u00e9nergie peuvent contribuer \u00e0 r\u00e9duire les factures de services publics. Les mat\u00e9riaux durables peuvent r\u00e9duire les co\u00fbts de maintenance au fil du temps.<\/p>\n\n\n\n<p>The use of green building materials can benefit property owners. It allows their structures to achieve green building certification. For example, they can become compliant with LEED (Leadership in Energy and Environmental Design). Furthermore, green building certification can increase <a href=\"https:\/\/www.sisinternational.com\/fr\/solutions\/croissance-mondiale\/recherche-internationale-en-propriete-intellectuelle\/\" title=\"\u00c9tude de march\u00e9 sur la propri\u00e9t\u00e9 intellectuelle\"  data-wpil-monitor-id=\"9991\">property value and improve marketability<\/a>. It also shows a commitment to sustainability.<\/p>\n\n\n\n<p>Bref, l\u2019utilisation de mat\u00e9riaux de construction \u00e9cologiques est essentielle. Il encourage la cr\u00e9ation de b\u00e2timents durables, \u00e9conomes en \u00e9nergie et ayant un impact environnemental minimal. Cela favorise \u00e9galement des environnements de vie plus sains et des \u00e9conomies de co\u00fbts.<\/p>\n\n\n\n<h2 class=\"wp-block-heading\">Titres de poste cl\u00e9s<\/h2>\n\n\n\n<figure class=\"gb-block-image gb-block-image-ce97f7ac\"><img loading=\"lazy\" decoding=\"async\" width=\"1456\" height=\"816\" class=\"gb-image gb-image-ce97f7ac\" src=\"https:\/\/www.sisinternational.com\/wp-content\/uploads\/2025\/10\/Green-building-3.jpg\" alt=\"\u00c9tudes de march\u00e9 et strat\u00e9gie internationales SIS\" title=\"Green building (3)\" srcset=\"https:\/\/www.sisinternational.com\/wp-content\/uploads\/2025\/10\/Green-building-3.jpg 1456w, https:\/\/www.sisinternational.com\/wp-content\/uploads\/2025\/10\/Green-building-3-300x168.jpg 300w, https:\/\/www.sisinternational.com\/wp-content\/uploads\/2025\/10\/Green-building-3-1024x574.jpg 1024w, https:\/\/www.sisinternational.com\/wp-content\/uploads\/2025\/10\/Green-building-3-768x430.jpg 768w, https:\/\/www.sisinternational.com\/wp-content\/uploads\/2025\/10\/Green-building-3-18x10.jpg 18w\" sizes=\"auto, (max-width: 1456px) 100vw, 1456px\"><\/figure>\n\n\n\n<p><\/p>\n\n\n\n<h3 class=\"wp-block-heading\">Voici quelques titres d\u2019emploi cl\u00e9s li\u00e9s aux mat\u00e9riaux de construction \u00e9cologiques\u00a0:<\/h3>\n\n\n\n<ol class=\"wp-block-list\">\n<li><strong>Architecte en conception durable\u00a0:<\/strong> responsable de la conception de b\u00e2timents durables, \u00e9conomes en \u00e9nergie et respectueux de l\u2019environnement. Ils travaillent avec des clients et des ing\u00e9nieurs, ainsi qu&#039;avec des entrepreneurs. Ensemble, ils cr\u00e9ent des structures con\u00e7ues pour r\u00e9pondre aux normes de certification des b\u00e2timents \u00e9cologiques.<\/li>\n\n\n\n<li><strong>Professionnel accr\u00e9dit\u00e9 LEED\u00a0:<\/strong> LEED est un programme de certification des b\u00e2timents \u00e9cologiques. Les professionnels accr\u00e9dit\u00e9s LEED (AP) ont r\u00e9ussi l&#039;examen LEED AP. Ils ont profond\u00e9ment compris les pratiques, les principes et les normes de construction \u00e9cologique.<\/li>\n\n\n\n<li><strong>Consultant en construction \u00e9cologique\u00a0:<\/strong> fournir des orientations et des conseils aux clients. Ils les aident \u00e0 concevoir, construire et entretenir des b\u00e2timents durables et \u00e9conomes en \u00e9nergie. Le consultant peut fournir des \u00e9valuations des structures existantes ou recommander des mat\u00e9riaux de construction \u00e9cologiques. Ils aident \u00e9galement leurs clients \u00e0 obtenir la certification de b\u00e2timent \u00e9cologique.<\/li>\n\n\n\n<li><strong>Coordonnateur du d\u00e9veloppement durable\u00a0:<\/strong> g\u00e9rer et mettre en \u0153uvre des initiatives de d\u00e9veloppement durable au sein des organisations. Par exemple, ils \u00e9laborent des plans de d\u00e9veloppement durable et suivent l\u2019utilisation de l\u2019\u00e9nergie et des ressources. Ils promeuvent \u00e9galement des pratiques durables.<\/li>\n\n\n\n<li><strong>Ing\u00e9nieur environnemental:<\/strong> veiller \u00e0 ce que les b\u00e2timents aient un impact environnemental minimal. Ils peuvent travailler sur des projets de conservation de l\u2019eau, de gestion des d\u00e9chets et d\u2019efficacit\u00e9 \u00e9nerg\u00e9tique.<\/li>\n\n\n\n<li><strong>Fabricant de mat\u00e9riaux de construction \u00e9cologiques\u00a0:<\/strong> produit des mat\u00e9riaux de construction respectueux de l&#039;environnement. Par exemple, ils fabriquent de l\u2019acier recycl\u00e9, des isolants naturels et des rev\u00eatements de sol \u00e0 faibles \u00e9missions. Ils s&#039;efforcent de cr\u00e9er des mat\u00e9riaux durables et \u00e9conomes en \u00e9nergie. Ils veillent \u00e0 ce que ces mat\u00e9riaux soient sains pour les occupants du b\u00e2timent.<\/li>\n\n\n\n<li><strong>Auditeur \u00e9nerg\u00e9tique\u00a0:<\/strong> \u00e9valuer l\u2019efficacit\u00e9 \u00e9nerg\u00e9tique des b\u00e2timents. Ils fournissent \u00e9galement des recommandations pour r\u00e9duire la consommation d\u2019\u00e9nergie. Ils peuvent inspecter les installations, analyser les factures d&#039;\u00e9nergie et recommander des technologies et des pratiques \u00e9conomes en \u00e9nergie.<\/li>\n<\/ol>\n\n\n\n<p>Ce ne sont l\u00e0 que quelques titres d\u2019emploi li\u00e9s aux mat\u00e9riaux de construction \u00e9cologiques. De nombreuses autres professions et titres d\u2019emploi jouent un r\u00f4le dans la cr\u00e9ation de b\u00e2timents \u00e9cologiques.<\/p>\n\n\n\n<h2 class=\"wp-block-heading\">Pourquoi les entreprises ont besoin de mat\u00e9riaux de construction \u00e9cologiques<\/h2>\n\n\n\n<p><a href=\"https:\/\/www.sisinternational.com\/fr\/publications\/etude-de-marche-sur-les-entreprises-evolutives-7-facons-de-creer-une-entreprise-evolutive\/\" title=\"\u00c9tude de march\u00e9 sur les entreprises \u00e9volutives\u00a0: 7 fa\u00e7ons de cr\u00e9er une entreprise \u00e9volutive\"  data-wpil-monitor-id=\"10003\">Businesses need green building<\/a> materials for several reasons. Again, cost savings come into play. Green building materials can help companies to save money in the long run. Energy-efficient materials, such as low-emitting insulation and LED lighting, can reduce energy costs. Moreover, durable materials can reduce maintenance costs over time.<\/p>\n\n\n\n<p>Green buildings are becoming more popular among consumers. The modern <a href=\"https:\/\/www.sisinternational.com\/fr\/competence\/les-industries\/etude-de-marche-automobile\/quelles-sont-les-preoccupations-des-consommateurs-concernant-les-voitures-autonomes\/\" title=\"What Are Consumers&#8217; Concerns About Self-Driving Cars?\"  data-wpil-monitor-id=\"9999\">consumer tends to show concern<\/a> for the environment. Businesses that use green building materials can differentiate themselves from competitors. For instance, they can appeal to customers who value sustainability.<br>De nombreux gouvernements locaux et \u00e9tatiques ont \u00e9tabli des codes et des r\u00e9glementations du b\u00e2timent. Certaines de ces lois concernent l&#039;efficacit\u00e9 \u00e9nerg\u00e9tique et la durabilit\u00e9 environnementale. Les entreprises qui utilisent des mat\u00e9riaux de construction \u00e9cologiques peuvent suivre ces r\u00e9glementations et \u00e9viter les p\u00e9nalit\u00e9s.<\/p>\n\n\n\n<p>Les mat\u00e9riaux de construction \u00e9cologiques peuvent contribuer \u00e0 un environnement de travail plus sain pour les employ\u00e9s. Par exemple, une peinture \u00e0 faible teneur en COV et une isolation naturelle peuvent am\u00e9liorer la qualit\u00e9 de l\u2019air int\u00e9rieur. Ils peuvent \u00e9galement r\u00e9duire le risque de probl\u00e8mes de sant\u00e9 associ\u00e9s \u00e0 une mauvaise qualit\u00e9 de l\u2019air int\u00e9rieur.<\/p>\n\n\n\n<h2 class=\"wp-block-heading\">Facteurs cl\u00e9s de succ\u00e8s<\/h2>\n\n\n\n<p>Les mat\u00e9riaux de construction \u00e9cologiques doivent \u00eatre durables et avoir un impact environnemental minimal. De plus, les fabricants doivent utiliser des ressources renouvelables ou des mat\u00e9riaux recycl\u00e9s. Ou ils peuvent au moins utiliser des mat\u00e9riaux naturels r\u00e9colt\u00e9s de mani\u00e8re \u00e9cologiquement responsable. Ils doivent \u00e9galement avoir une longue dur\u00e9e de vie et \u00eatre faciles \u00e0 recycler ou \u00e0 r\u00e9utiliser \u00e0 la fin de leur dur\u00e9e de vie utile.<\/p>\n\n\n\n<p>De nombreux mat\u00e9riaux de construction \u00e9cologiques sont \u00e9conomes en \u00e9nergie. Ils contribuent \u00e0 r\u00e9duire la consommation d\u2019\u00e9nergie et \u00e0 diminuer l\u2019empreinte carbone des b\u00e2timents. Ces mat\u00e9riaux devraient pouvoir isoler les b\u00e2timents. Ainsi, ils peuvent r\u00e9duire les besoins en chauffage, en refroidissement et en \u00e9clairage.<\/p>\n\n\n\n<p>Les mat\u00e9riaux de construction \u00e9cologiques doivent \u00eatre durables et capables de r\u00e9sister aux \u00e9l\u00e9ments. Ils doivent \u00e9galement r\u00e9sister \u00e0 l\u2019usure au fil du temps. De la m\u00eame mani\u00e8re, ces mat\u00e9riaux doivent \u00eatre r\u00e9sistants \u00e0 l\u2019humidit\u00e9, aux parasites et \u00e0 la pourriture. Ils doivent \u00e9galement conserver leur int\u00e9grit\u00e9 structurelle sur une longue p\u00e9riode.<\/p>\n\n\n\n<p>Les mat\u00e9riaux de construction \u00e9cologiques peuvent \u00eatre plus chers au d\u00e9part. Mais ils devraient \u00eatre rentables tout au long de leur dur\u00e9e de vie. Ils devraient pouvoir \u00e9conomiser de l\u2019argent gr\u00e2ce \u00e0 l\u2019efficacit\u00e9 \u00e9nerg\u00e9tique. Les utilisateurs b\u00e9n\u00e9ficieront \u00e9galement de co\u00fbts de maintenance r\u00e9duits et d\u2019une sant\u00e9 et d\u2019une productivit\u00e9 am\u00e9lior\u00e9es des occupants.<\/p>\n\n\n\n<h3 class=\"wp-block-heading\">S\u00e9curit\u00e9 et durabilit\u00e9<\/h3>\n\n\n\n<figure class=\"gb-block-image gb-block-image-f99fbf88\"><img loading=\"lazy\" decoding=\"async\" width=\"1456\" height=\"816\" class=\"gb-image gb-image-f99fbf88\" src=\"https:\/\/www.sisinternational.com\/wp-content\/uploads\/2025\/10\/Green-building-1.jpg\" alt=\"\u00c9tudes de march\u00e9 et strat\u00e9gie internationales SIS\" title=\"Green building (1)\" srcset=\"https:\/\/www.sisinternational.com\/wp-content\/uploads\/2025\/10\/Green-building-1.jpg 1456w, https:\/\/www.sisinternational.com\/wp-content\/uploads\/2025\/10\/Green-building-1-300x168.jpg 300w, https:\/\/www.sisinternational.com\/wp-content\/uploads\/2025\/10\/Green-building-1-1024x574.jpg 1024w, https:\/\/www.sisinternational.com\/wp-content\/uploads\/2025\/10\/Green-building-1-768x430.jpg 768w, https:\/\/www.sisinternational.com\/wp-content\/uploads\/2025\/10\/Green-building-1-18x10.jpg 18w\" sizes=\"auto, (max-width: 1456px) 100vw, 1456px\"><\/figure>\n\n\n\n<p><\/p>\n\n\n\n<p>Les mat\u00e9riaux de construction \u00e9cologiques doivent \u00eatre sans danger pour l\u2019environnement et les occupants du b\u00e2timent. Les fabricants devraient les cr\u00e9er \u00e0 partir de mat\u00e9riaux non toxiques. Ces mat\u00e9riaux ne doivent pas lib\u00e9rer de produits chimiques nocifs dans l\u2019air. Ils doivent \u00e9galement \u00eatre faciles \u00e0 entretenir et \u00e0 nettoyer pour \u00e9viter l\u2019accumulation de moisissures et d\u2019autres allerg\u00e8nes.<\/p>\n\n\n\n<p>Une organisation tierce r\u00e9put\u00e9e devrait certifier vos mat\u00e9riaux de construction \u00e9cologiques. Un exemple d\u2019une telle organisation est le Forest Stewardship Council (FSC). Ou vous pouvez demander \u00e0 Cradle to Cradle (C2C) d&#039;effectuer la certification. Cette \u00e9tape garantit que vos mat\u00e9riaux de construction r\u00e9pondent aux normes de durabilit\u00e9 et d\u2019environnement.<\/p>\n\n\n\n<p>En bref, le succ\u00e8s des mat\u00e9riaux de construction \u00e9cologiques d\u00e9pend de leur durabilit\u00e9. Ils doivent \u00e9galement \u00eatre \u00e9conomes en \u00e9nergie, durables et rentables. Ces mat\u00e9riaux doivent r\u00e9pondre aux normes de sant\u00e9 et de s\u00e9curit\u00e9 et vous devez les certifier. Choisissez-vous des mat\u00e9riaux de construction \u00e9cologiques pour vos projets ? Tenez compte de ces facteurs avant de faire votre s\u00e9lection finale.<\/p>\n\n\n\n<h2 class=\"wp-block-heading\">\u00c0 propos de l\u2019\u00e9tude de march\u00e9 sur les mat\u00e9riaux de construction \u00e9cologiques<\/h2>\n\n\n\n<p>Is your company looking to <a href=\"https:\/\/www.sisinternational.com\/fr\/solutions\/conseil-en-strategie\/recherche-dopportunites-dentree-sur-le-marche\/lefficacite-des-tests-de-produits-a-new-york-pour-penetrer-le-marche-americain\/\" title=\"L&#039;efficacit\u00e9 des tests de produits \u00e0 New York pour p\u00e9n\u00e9trer le march\u00e9 am\u00e9ricain\"  data-wpil-monitor-id=\"10002\">enter the Green Building Materials market<\/a>? You must conduct Quantitative and Qualitative Market Research in detail. <a href=\"https:\/\/www.sisinternational.com\/fr\/competence\/les-industries\/recherche-de-concurrents\/\" title=\"Recherche de concurrents\"  data-wpil-monitor-id=\"9995\">Research provides insight into your competitors<\/a>, market, products, and customers. You\u2019ll need to set up Focus Groups coupled with Surveys and Interviews. You\u2019ll also need UX Market Research. It will tell you how your product fits people\u2019s wants, needs, and abilities.<\/p>\n\n\n\n<p><a href=\"https:\/\/www.sisinternational.com\/fr\/solutions\/solutions-de-branding-et-de-recherche-client\/etude-de-marche-sur-les-tests-de-produits\/degustation-de-plats-internationaux-de-sis\/\" title=\"Qu&#039;est-ce qui fait de SIS International Research le meilleur cabinet d&#039;\u00e9tudes de march\u00e9 pour les tests de go\u00fbt des aliments \u00e0 New York ?\"  data-wpil-monitor-id=\"9987\">SIS International offers all these research<\/a> options. We also provide Strategy <a href=\"https:\/\/www.sisinternational.com\/fr\/competence\/les-industries\/etude-de-marche-sur-les-nanoparticules\/\" title=\"\u00c9tude de march\u00e9 sur les nanoparticules\"  data-wpil-monitor-id=\"3313\">\u00c9tude de march\u00e9<\/a>, Competitive Analysis, and Market Entry Research. SIS does <a href=\"https:\/\/www.sisinternational.com\/fr\/competence\/les-industries\/etude-de-marche-des-bonbons\/\" title=\"\u00c9tude de march\u00e9 des bonbons\"  data-wpil-monitor-id=\"3330\">Recherche d&#039;opportunit\u00e9s de march\u00e9<\/a> and Market Sizing Research. We can help you <a href=\"https:\/\/www.sisinternational.com\/fr\/competence\/les-industries\/etude-de-marche-sur-le-developpement-low-code\/\" title=\"\u00c9tude de march\u00e9 sur le d\u00e9veloppement Low Code\"  data-wpil-monitor-id=\"9997\">develop a winning Go to Market<\/a> Strategy. Contact us today for a consultation!<\/p>","protected":false},"excerpt":{"rendered":"<p>Les mat\u00e9riaux de construction \u00e9cologiques sont durables, respectueux de l\u2019environnement et \u00e9conomes en \u00e9nergie. Ils sont durables et n\u00e9cessitent peu d\u2019entretien.<\/p>","protected":false},"author":1,"featured_media":72084,"parent":14514,"menu_order":207,"comment_status":"closed","ping_status":"closed","template":"","meta":{"footnotes":""},"class_list":["post-41834","page","type-page","status-publish","has-post-thumbnail"],"_links":{"self":[{"href":"https:\/\/www.sisinternational.com\/fr\/wp-json\/wp\/v2\/pages\/41834","targetHints":{"allow":["GET"]}}],"collection":[{"href":"https:\/\/www.sisinternational.com\/fr\/wp-json\/wp\/v2\/pages"}],"about":[{"href":"https:\/\/www.sisinternational.com\/fr\/wp-json\/wp\/v2\/types\/page"}],"author":[{"embeddable":true,"href":"https:\/\/www.sisinternational.com\/fr\/wp-json\/wp\/v2\/users\/1"}],"replies":[{"embeddable":true,"href":"https:\/\/www.sisinternational.com\/fr\/wp-json\/wp\/v2\/comments?post=41834"}],"version-history":[{"count":7,"href":"https:\/\/www.sisinternational.com\/fr\/wp-json\/wp\/v2\/pages\/41834\/revisions"}],"predecessor-version":[{"id":81655,"href":"https:\/\/www.sisinternational.com\/fr\/wp-json\/wp\/v2\/pages\/41834\/revisions\/81655"}],"up":[{"embeddable":true,"href":"https:\/\/www.sisinternational.com\/fr\/wp-json\/wp\/v2\/pages\/14514"}],"wp:featuredmedia":[{"embeddable":true,"href":"https:\/\/www.sisinternational.com\/fr\/wp-json\/wp\/v2\/media\/72084"}],"wp:attachment":[{"href":"https:\/\/www.sisinternational.com\/fr\/wp-json\/wp\/v2\/media?parent=41834"}],"curies":[{"name":"wp","href":"https:\/\/api.w.org\/{rel}","templated":true}]}}