{"id":41831,"date":"2023-03-17T17:36:15","date_gmt":"2023-03-17T21:36:15","guid":{"rendered":"https:\/\/www.sisinternational.com\/?page_id=41831"},"modified":"2026-03-25T01:15:52","modified_gmt":"2026-03-25T05:15:52","slug":"etude-de-marche-des-aliments-surgeles","status":"publish","type":"page","link":"https:\/\/www.sisinternational.com\/fr\/solutions\/etude-de-marche-sur-lindustrie-des-boissons-alimentaires\/etude-de-marche-des-aliments-surgeles\/","title":{"rendered":"\u00c9tude de march\u00e9 des aliments surgel\u00e9s"},"content":{"rendered":"<h1 class=\"wp-block-heading\">\u00c9tude de march\u00e9 des aliments surgel\u00e9s<\/h1>\n\n\n\n<figure class=\"gb-block-image gb-block-image-02e492c6\"><img loading=\"lazy\" decoding=\"async\" width=\"1456\" height=\"816\" class=\"gb-image gb-image-02e492c6\" src=\"https:\/\/www.sisinternational.com\/wp-content\/uploads\/2025\/08\/Refrigarator-2.jpg\" alt=\"\u00c9tudes de march\u00e9 et strat\u00e9gie internationales SIS\" title=\"Refrigarator (2)\" srcset=\"https:\/\/www.sisinternational.com\/wp-content\/uploads\/2025\/08\/Refrigarator-2.jpg 1456w, https:\/\/www.sisinternational.com\/wp-content\/uploads\/2025\/08\/Refrigarator-2-300x168.jpg 300w, https:\/\/www.sisinternational.com\/wp-content\/uploads\/2025\/08\/Refrigarator-2-1024x574.jpg 1024w, https:\/\/www.sisinternational.com\/wp-content\/uploads\/2025\/08\/Refrigarator-2-768x430.jpg 768w, https:\/\/www.sisinternational.com\/wp-content\/uploads\/2025\/08\/Refrigarator-2-18x10.jpg 18w\" sizes=\"auto, (max-width: 1456px) 100vw, 1456px\"><\/figure>\n\n\n\n<p><\/p>\n\n\n\n<p>Les \u00e9tudes de march\u00e9 sur les aliments surgel\u00e9s sont utiles pour d\u00e9couvrir les tendances et recueillir des donn\u00e9es et des strat\u00e9gies que les entreprises peuvent utiliser. Les r\u00e9sultats des \u00e9tudes de march\u00e9 donnent un aper\u00e7u des diff\u00e9rentes composantes du secteur des aliments surgel\u00e9s, notamment la production de biens, la distribution de produits et les divers \u00e9tablissements impliqu\u00e9s, tels que les restaurants, les d\u00e9panneurs et les d\u00e9taillants locaux et internationaux.<\/p>\n\n\n\n<p>Cette \u00e9tude de march\u00e9 r\u00e9v\u00e8le \u00e9galement comment diverses entreprises du march\u00e9 des aliments surgel\u00e9s se comparent \u00e0 leurs concurrents en termes d&#039;offres de produits, de qualit\u00e9 des produits, de ventes et de marketing. Les statistiques et les approches du secteur des surgel\u00e9s peuvent guider les entreprises et les acteurs cl\u00e9s dans la prise de d\u00e9cision ainsi que fournir des d\u00e9tails \u00e0 jour sur le climat des affaires.<\/p>\n\n\n\n<h2 class=\"wp-block-heading\">D\u00e9finition de l\u2019\u00e9tude de march\u00e9 sur les aliments surgel\u00e9s<\/h2>\n\n\n\n<p>Les aliments et les boissons conserv\u00e9s par cong\u00e9lation et conserv\u00e9s au cong\u00e9lateur avant pr\u00e9paration sont consid\u00e9r\u00e9s comme des aliments surgel\u00e9s. Initialement, les produits surgel\u00e9s n&#039;ont pas besoin de conservateurs suppl\u00e9mentaires car les bact\u00e9ries ne se d\u00e9veloppent pas en dessous de 15 \u00b0F, ce qui est suffisant pour \u00e9viter la d\u00e9t\u00e9rioration des aliments. Pour une conservation \u00e0 long terme des produits, il peut \u00eatre n\u00e9cessaire de conserver les aliments \u00e0 des temp\u00e9ratures encore plus basses.<\/p>\n\n\n\n<p>Freezing is one of the earliest and most extensively utilized ways of food preservation. It offers the best preservation technique for retaining the original&nbsp;flavor, texture, and nutritional content. The freezing process combines the advantageous effects of low temperatures at which microorganisms cannot grow, slow chemical processes, and postpone cellular metabolic reactions.<\/p>\n\n\n\n<p>La cong\u00e9lation est une excellente m\u00e9thode de conservation des aliments car les bact\u00e9ries responsables de la d\u00e9t\u00e9rioration des aliments sont d\u00e9truites ou ne se multiplient pas rapidement \u00e0 basse temp\u00e9rature ; par cons\u00e9quent, les aliments surgel\u00e9s sont populaires aupr\u00e8s des consommateurs en raison de leur longue dur\u00e9e de conservation, ce qui am\u00e9liore leur commodit\u00e9.<\/p>\n\n\n\n<h2 class=\"wp-block-heading\">Segmentation de la recherche sur le march\u00e9 des aliments surgel\u00e9s<\/h2>\n\n\n\n<figure class=\"gb-block-image gb-block-image-6d81bc40\"><img loading=\"lazy\" decoding=\"async\" width=\"1456\" height=\"816\" class=\"gb-image gb-image-6d81bc40\" src=\"https:\/\/www.sisinternational.com\/wp-content\/uploads\/2025\/08\/Mexican-food-lunch-17.jpg\" alt=\"\u00c9tudes de march\u00e9 et strat\u00e9gie internationales SIS\" title=\"Mexican food lunch (17)\" srcset=\"https:\/\/www.sisinternational.com\/wp-content\/uploads\/2025\/08\/Mexican-food-lunch-17.jpg 1456w, https:\/\/www.sisinternational.com\/wp-content\/uploads\/2025\/08\/Mexican-food-lunch-17-300x168.jpg 300w, https:\/\/www.sisinternational.com\/wp-content\/uploads\/2025\/08\/Mexican-food-lunch-17-1024x574.jpg 1024w, https:\/\/www.sisinternational.com\/wp-content\/uploads\/2025\/08\/Mexican-food-lunch-17-768x430.jpg 768w, https:\/\/www.sisinternational.com\/wp-content\/uploads\/2025\/08\/Mexican-food-lunch-17-18x10.jpg 18w\" sizes=\"auto, (max-width: 1456px) 100vw, 1456px\"><\/figure>\n\n\n\n<p><\/p>\n\n\n\n<p>Frozen <a href=\"https:\/\/www.sisinternational.com\/fr\/solutions\/etude-de-marche-alimentaire-qsr\/\" title=\"\u00c9tude de march\u00e9 sur les produits alimentaires QSR\"  data-wpil-monitor-id=\"2316\">Food Market Research<\/a> provides insights that include several main aspects of the industry that play crucial role in the industry\u2019s growth and dynamics. Below are some of the segmentation included in the research and development of data and strategies in <a href=\"https:\/\/www.sisinternational.com\/fr\/competence\/les-industries\/etude-de-marche-sur-les-nanoparticules\/\" title=\"\u00c9tude de march\u00e9 sur les nanoparticules\"  data-wpil-monitor-id=\"3318\">frozen food<\/a> market industry.<\/p>\n\n\n\n<h3 class=\"wp-block-heading\">Type de produit du march\u00e9 des aliments surgel\u00e9s<\/h3>\n\n\n\n<ul class=\"wp-block-list\">\n<li>Fruits et l\u00e9gumes surgel\u00e9s<\/li>\n\n\n\n<li>Viande congel\u00e9e<\/li>\n\n\n\n<li>Poissons et fruits de mer surgel\u00e9s<\/li>\n\n\n\n<li>Plats cuisin\u00e9s surgel\u00e9s<\/li>\n\n\n\n<li>Desserts glac\u00e9s<\/li>\n\n\n\n<li>Collations surgel\u00e9es<\/li>\n\n\n\n<li>Desserts glac\u00e9s<\/li>\n\n\n\n<li>Produits de boulangerie ou de p\u00e2tisserie surgel\u00e9s<\/li>\n<\/ul>\n\n\n\n<h3 class=\"wp-block-heading\">Cat\u00e9gories du march\u00e9 des aliments surgel\u00e9s<\/h3>\n\n\n\n<ul class=\"wp-block-list\">\n<li>Pr\u00eat \u00e0 cuisiner<\/li>\n\n\n\n<li>Pr\u00eat \u00e0 boire<\/li>\n\n\n\n<li>Pr\u00eat \u00e0 manger<\/li>\n<\/ul>\n\n\n\n<h3 class=\"wp-block-heading\">Processus de cong\u00e9lation du march\u00e9 des aliments surgel\u00e9s<\/h3>\n\n\n\n<ul class=\"wp-block-list\">\n<li>Surg\u00e9lation Rapide Individuelle (IQF)<\/li>\n\n\n\n<li>Cong\u00e9lation rapide<\/li>\n\n\n\n<li>Cong\u00e9lation de ceinture<\/li>\n\n\n\n<li>Cong\u00e9lateurs \u00e0 contact indirect<\/li>\n\n\n\n<li>Autres techniques de cong\u00e9lation<\/li>\n<\/ul>\n\n\n\n<h3 class=\"wp-block-heading\">Canal de distribution du march\u00e9 des aliments surgel\u00e9s<\/h3>\n\n\n\n<ul class=\"wp-block-list\">\n<li>Usines de transformation des aliments<\/li>\n\n\n\n<li>Supermarch\u00e9s et hypermarch\u00e9s<\/li>\n\n\n\n<li>D\u00e9panneurs<\/li>\n\n\n\n<li>March\u00e9s publics<\/li>\n\n\n\n<li>Magasins locauxCanaux en ligne<\/li>\n\n\n\n<li>Autres canaux de distribution<\/li>\n<\/ul>\n\n\n\n<h2 class=\"wp-block-heading\">Analyse du march\u00e9 des aliments surgel\u00e9s<\/h2>\n\n\n\n<p>In recent years, the global <a href=\"https:\/\/www.sisinternational.com\/fr\/solutions\/etude-de-marche-sur-lindustrie-des-boissons-alimentaires\/etude-de-marche-sur-le-yaourt-glace\/\" title=\"\u00c9tude de march\u00e9 sur le yaourt glac\u00e9\"  data-wpil-monitor-id=\"11455\">market for frozen<\/a> food has expanded. The need for easy-to-prepare and ready meals is favorably influencing the frozen food industry. According to a comprehensive analysis, the global market for frozen meals is anticipated to expand continuously.<\/p>\n\n\n\n<p>En outre, plusieurs facteurs stimulent \u00e9galement la croissance du march\u00e9 des aliments surgel\u00e9s. Les donn\u00e9es et les strat\u00e9gies de l&#039;industrie du march\u00e9 des aliments surgel\u00e9s ont r\u00e9v\u00e9l\u00e9 que les entreprises proposent une grande vari\u00e9t\u00e9 d&#039;aliments surgel\u00e9s, transformant une industrie traditionnellement connue pour ses repas instantan\u00e9s en l&#039;un des segments les plus importants et les plus populaires de l&#039;industrie alimentaire mondiale.<\/p>\n\n\n\n<p>L\u2019essor du march\u00e9 des aliments surgel\u00e9s a permis d\u2019offrir aux consommateurs plus d\u2019options, de vari\u00e9t\u00e9 et de commodit\u00e9 que jamais auparavant. Les producteurs de produits surgel\u00e9s lancent \u00e9galement de nouveaux produits pour donner aux consommateurs un sentiment de nouveaut\u00e9. Les partenariats, le marketing am\u00e9lior\u00e9, les accords de licence et les nouveaux choix contribuent \u00e0 la croissance acc\u00e9l\u00e9r\u00e9e du march\u00e9 des aliments surgel\u00e9s.<\/p>\n\n\n\n<h2 class=\"wp-block-heading\">Facteurs ayant un impact sur l\u2019\u00e9tude de march\u00e9 sur les aliments surgel\u00e9s<\/h2>\n\n\n\n<h3 class=\"wp-block-heading\">Investissement en capital pour le secteur des aliments surgel\u00e9s<\/h3>\n\n\n\n<p>Dans les pays en d\u00e9veloppement, la cong\u00e9lation des aliments est avantageuse pour plusieurs raisons. Premi\u00e8rement, la cong\u00e9lation est l\u2019une des m\u00e9thodes de conservation les plus pratiques et les plus simples par rapport aux autres proc\u00e9d\u00e9s commerciaux. Dans les pays en d\u00e9veloppement, des investissements importants en capital dans l\u2019industrie des produits surgel\u00e9s jouent g\u00e9n\u00e9ralement un r\u00f4le important dans la viabilit\u00e9 \u00e9conomique de l\u2019ensemble du processus du march\u00e9 des produits surgel\u00e9s.<\/p>\n\n\n\n<h3 class=\"wp-block-heading\">L\u2019\u00e9volution de la demande des consommateurs dans les pays en d\u00e9veloppement<\/h3>\n\n\n\n<p>L\u2019augmentation de la population et de la consommation alimentaire a n\u00e9cessit\u00e9 la fabrication commerciale \u00e0 grande \u00e9chelle de produits alimentaires. En raison de l\u2019\u00e9volution du profil de la client\u00e8le, le secteur des produits surgel\u00e9s a connu une transformation consid\u00e9rable. L&#039;\u00e9volution la plus significative du comportement des consommateurs au cours des cinquante derni\u00e8res ann\u00e9es a \u00e9t\u00e9 l&#039;augmentation du nombre de femmes actives et la diminution de la taille des familles. Ces deux \u00e9l\u00e9ments r\u00e9duisaient le temps n\u00e9cessaire \u00e0 la pr\u00e9paration des aliments.<\/p>\n\n\n\n<h3 class=\"wp-block-heading\">Tendances \u00e9mergentes des aliments surgel\u00e9s pour les consommateurs soucieux de leur sant\u00e9<\/h3>\n\n\n\n<p>\u00c0 mesure que les clients sont de plus en plus soucieux de leur sant\u00e9, il existe un besoin croissant d\u2019aliments surgel\u00e9s \u00e0 faible teneur en calories, en mati\u00e8res grasses et en sucre. Une autre tendance favoris\u00e9e par les individus soucieux de leur sant\u00e9 et par la popularit\u00e9 croissante du r\u00e9gime v\u00e9g\u00e9talien est le d\u00e9sir croissant d\u2019aliments surgel\u00e9s \u00e0 base de plantes. Il s\u2019agit notamment d\u2019articles tels que des hamburgers aux l\u00e9gumes et des aliments surgel\u00e9s sans viande.<\/p>\n\n\n\n<h3 class=\"wp-block-heading\">Tendances actuelles et \u00e0 venir en mati\u00e8re de technologies de cong\u00e9lation<\/h3>\n\n\n\n<p>Le march\u00e9 des aliments surgel\u00e9s a \u00e9t\u00e9 fa\u00e7onn\u00e9 par le d\u00e9veloppement historique des technologies commerciales de cong\u00e9lation con\u00e7ues pour des produits alimentaires sp\u00e9cifiques. Le secteur des aliments surgel\u00e9s d\u00e9pend fortement de la science et de la technologie de pointe. Il existe une demande croissante de plats pr\u00e9par\u00e9s et l&#039;expansion de l&#039;activit\u00e9 d\u00e9pend principalement de la capacit\u00e9 des transformateurs de produits alimentaires \u00e0 am\u00e9liorer \u00e0 la fois les techniques de transformation et la qualit\u00e9 des produits. Ce n&#039;est qu&#039;en se concentrant sur les nouvelles technologies et en explorant les variables mal comprises affectant la qualit\u00e9 des produits alimentaires surgel\u00e9s que des progr\u00e8s pourront \u00eatre r\u00e9alis\u00e9s.<\/p>\n\n\n\n<h3 class=\"wp-block-heading\">Changements et d\u00e9veloppement dans la logistique de la cha\u00eene du froid<\/h3>\n\n\n\n<figure class=\"gb-block-image gb-block-image-4b078337\"><img loading=\"lazy\" decoding=\"async\" width=\"1456\" height=\"816\" class=\"gb-image gb-image-4b078337\" src=\"https:\/\/www.sisinternational.com\/wp-content\/uploads\/2025\/09\/Food-safety-6.jpg\" alt=\"\u00c9tudes de march\u00e9 et strat\u00e9gie internationales SIS\" title=\"Food safety (6)\" srcset=\"https:\/\/www.sisinternational.com\/wp-content\/uploads\/2025\/09\/Food-safety-6.jpg 1456w, https:\/\/www.sisinternational.com\/wp-content\/uploads\/2025\/09\/Food-safety-6-300x168.jpg 300w, https:\/\/www.sisinternational.com\/wp-content\/uploads\/2025\/09\/Food-safety-6-1024x574.jpg 1024w, https:\/\/www.sisinternational.com\/wp-content\/uploads\/2025\/09\/Food-safety-6-768x430.jpg 768w, https:\/\/www.sisinternational.com\/wp-content\/uploads\/2025\/09\/Food-safety-6-18x10.jpg 18w\" sizes=\"auto, (max-width: 1456px) 100vw, 1456px\"><\/figure>\n\n\n\n<p><\/p>\n\n\n\n<p>Apr\u00e8s avoir \u00e9t\u00e9 retir\u00e9s de l&#039;entrep\u00f4t frigorifique initial, les produits surgel\u00e9s pr\u00e9sentent le risque le plus consid\u00e9rable de contamination par des bact\u00e9ries et de pourriture s&#039;ils ne sont pas stock\u00e9s correctement. Des camions sp\u00e9cialis\u00e9s doivent \u00eatre utilis\u00e9s pour livrer ces aliments dans une atmosph\u00e8re contr\u00f4l\u00e9e.<br>De nombreux prestataires ne disposent pas de v\u00e9hicules sp\u00e9cifiques pour le transport des produits surgel\u00e9s ; ils livrent toutes les vari\u00e9t\u00e9s d&#039;aliments surgel\u00e9s dans les m\u00eames camions ou autres v\u00e9hicules. Pour augmenter leurs revenus, un grand nombre d&#039;industriels tentent \u00e9galement de d\u00e9marrer leurs op\u00e9rations logistiques.<\/p>\n\n\n\n<h2 class=\"wp-block-heading\">\u00c0 propos de l\u2019\u00e9tude de march\u00e9 sur les aliments surgel\u00e9s<\/h2>\n\n\n\n<p>Ce rapport examine de mani\u00e8re approfondie les statistiques et les strat\u00e9gies du march\u00e9 des aliments surgel\u00e9s, y compris la taille du march\u00e9 et le taux de croissance annuel compos\u00e9. Il explique l\u2019offre d\u2019investissement attrayante pour ce march\u00e9 et les opportunit\u00e9s de revenus possibles sur diff\u00e9rents segments du march\u00e9 des aliments surgel\u00e9s.<\/p>\n\n\n\n<p>Frozen <a href=\"https:\/\/www.sisinternational.com\/fr\/competence\/les-industries\/etude-de-marche-sur-les-franchises-de-restauration-rapide\/\" title=\"\u00c9tude de march\u00e9 sur les franchises de restauration rapide\"  data-wpil-monitor-id=\"4002\">Food Market Research<\/a> provides insights that include information regarding market drivers, restraints, opportunities, new product launches or approvals, geographical outlook, and competitive strategies implemented by leading competitors. The study profiles key worldwide frozen food market participants regarding corporate overview, financial performance, product portfolio, geographical presence, distribution tactics, key developments and strategies, and future plans.<\/p>\n\n\n\n<p>Les donn\u00e9es et les strat\u00e9gies de l\u2019industrie du march\u00e9 des aliments surgel\u00e9s permettront aux sp\u00e9cialistes du marketing et \u00e0 la direction de l\u2019entreprise de prendre des d\u00e9cisions \u00e9clair\u00e9es sur les futures versions de produits, les mises \u00e0 niveau technologiques, l\u2019expansion du march\u00e9 et les strat\u00e9gies de marketing. Dans l\u2019ensemble, les informations recueillies peuvent \u00eatre utilis\u00e9es pour analyser l\u2019industrie mondiale des aliments surgel\u00e9s et aider les principaux acteurs et parties prenantes de l\u2019industrie \u00e0 prendre des d\u00e9cisions ayant un impact sur leurs activit\u00e9s et leur croissance.<\/p>","protected":false},"excerpt":{"rendered":"<p>Le march\u00e9 mondial des produits surgel\u00e9s s\u2019est d\u00e9velopp\u00e9. Les plats cuisin\u00e9s et faciles \u00e0 pr\u00e9parer ont un impact favorable sur l\u2019industrie des produits surgel\u00e9s.<\/p>","protected":false},"author":1,"featured_media":64858,"parent":22018,"menu_order":206,"comment_status":"closed","ping_status":"closed","template":"","meta":{"footnotes":""},"class_list":["post-41831","page","type-page","status-publish","has-post-thumbnail"],"_links":{"self":[{"href":"https:\/\/www.sisinternational.com\/fr\/wp-json\/wp\/v2\/pages\/41831","targetHints":{"allow":["GET"]}}],"collection":[{"href":"https:\/\/www.sisinternational.com\/fr\/wp-json\/wp\/v2\/pages"}],"about":[{"href":"https:\/\/www.sisinternational.com\/fr\/wp-json\/wp\/v2\/types\/page"}],"author":[{"embeddable":true,"href":"https:\/\/www.sisinternational.com\/fr\/wp-json\/wp\/v2\/users\/1"}],"replies":[{"embeddable":true,"href":"https:\/\/www.sisinternational.com\/fr\/wp-json\/wp\/v2\/comments?post=41831"}],"version-history":[{"count":7,"href":"https:\/\/www.sisinternational.com\/fr\/wp-json\/wp\/v2\/pages\/41831\/revisions"}],"predecessor-version":[{"id":85069,"href":"https:\/\/www.sisinternational.com\/fr\/wp-json\/wp\/v2\/pages\/41831\/revisions\/85069"}],"up":[{"embeddable":true,"href":"https:\/\/www.sisinternational.com\/fr\/wp-json\/wp\/v2\/pages\/22018"}],"wp:featuredmedia":[{"embeddable":true,"href":"https:\/\/www.sisinternational.com\/fr\/wp-json\/wp\/v2\/media\/64858"}],"wp:attachment":[{"href":"https:\/\/www.sisinternational.com\/fr\/wp-json\/wp\/v2\/media?parent=41831"}],"curies":[{"name":"wp","href":"https:\/\/api.w.org\/{rel}","templated":true}]}}