{"id":41828,"date":"2023-03-17T17:21:00","date_gmt":"2023-03-17T21:21:00","guid":{"rendered":"https:\/\/www.sisinternational.com\/?page_id=41828"},"modified":"2026-01-26T14:34:56","modified_gmt":"2026-01-26T19:34:56","slug":"groupes-de-discussion-a-singapour","status":"publish","type":"page","link":"https:\/\/www.sisinternational.com\/fr\/couverture\/etude-de-marche-en-asie\/groupes-de-discussion-a-singapour\/","title":{"rendered":"Groupes de discussion \u00e0 Singapour"},"content":{"rendered":"<h1 class=\"wp-block-heading\">Groupes de discussion \u00e0 Singapour<\/h1>\n\n\n\n<p><\/p>\n\n\n\n<figure class=\"gb-block-image gb-block-image-da007ce6\"><img loading=\"lazy\" decoding=\"async\" width=\"1456\" height=\"816\" class=\"gb-image gb-image-da007ce6\" src=\"https:\/\/www.sisinternational.com\/wp-content\/uploads\/2025\/09\/Singapore-3.jpg\" alt=\"\u00c9tudes de march\u00e9 et strat\u00e9gie internationales SIS\" title=\"Singapore (3)\" srcset=\"https:\/\/www.sisinternational.com\/wp-content\/uploads\/2025\/09\/Singapore-3.jpg 1456w, https:\/\/www.sisinternational.com\/wp-content\/uploads\/2025\/09\/Singapore-3-300x168.jpg 300w, https:\/\/www.sisinternational.com\/wp-content\/uploads\/2025\/09\/Singapore-3-1024x574.jpg 1024w, https:\/\/www.sisinternational.com\/wp-content\/uploads\/2025\/09\/Singapore-3-768x430.jpg 768w, https:\/\/www.sisinternational.com\/wp-content\/uploads\/2025\/09\/Singapore-3-18x10.jpg 18w\" sizes=\"auto, (max-width: 1456px) 100vw, 1456px\"><\/figure>\n\n\n\n<h3 class=\"wp-block-heading\">Whether you&#8217;re launching a new product or refining your marketing strategy, focus groups provide the data needed to make informed choices.<\/h3>\n\n\n\n<p>Singapore is home to a variety of sophisticated consumer markets and a bustling global center of business and commerce. Thus, to thrive in this competitive market, companies need to gain a thorough grasp of local consumers&#8217; preferences and behaviors.<\/p>\n\n\n\n<p>Une approche efficace pour obtenir ces informations consiste \u00e0 organiser des groupes de discussion, qui deviennent de plus en plus populaires parmi les entreprises singapouriennes pour les \u00e9tudes de march\u00e9.<\/p>\n\n\n\n<h2 class=\"wp-block-heading\">What Are Focus Groups in Singapore?<\/h2>\n\n\n\n<p>Focus groups in Singapore are moderated discussions in which participants share their thoughts, opinions, and experiences about a product, service, or brand. These sessions provide businesses with in-depth insights into consumer preferences, behaviors, and motivations, which are invaluable for decision-making.<\/p>\n\n\n\n<p>In Singapore, focus groups are particularly useful for understanding the diverse cultural influences that shape consumer behavior. The feedback collected through focus groups allows companies to better align their strategies with the needs and expectations of Singaporean consumers.<\/p>\n\n\n\n<h2 class=\"wp-block-heading\">Importance des groupes de discussion \u00e0 Singapour<\/h2>\n\n\n\n<p>\u00c0 Singapour, les groupes de discussion sont inestimables en raison de la riche diversit\u00e9 de sa population. Avec diverses ethnies et langues vivant ensemble au sein d\u2019une seule nation, les groupes de discussion permettent aux entreprises d\u2019avoir un aper\u00e7u des pr\u00e9f\u00e9rences et des comportements des consommateurs de diff\u00e9rents segments de la soci\u00e9t\u00e9. Les entreprises peuvent ensuite exploiter ces donn\u00e9es pour personnaliser leurs produits ou services pour des march\u00e9s cibles particuliers, ce qui en fait un outil essentiel pour r\u00e9ussir dans un environnement aussi interculturel.<\/p>\n\n\n\n<p>Therefore, to succeed in Singapore&#8217;s ever-evolving and fiercely competitive environment, businesses must comprehend consumers&#8217; needs and preferences. This can help design products more effectively aligned with consumer needs and refine marketing approaches with greater success potential, driving business profits higher.<\/p>\n\n\n\n<h2 class=\"wp-block-heading\">What Are the Advantages of Using Focus Groups in Singapore?<\/h2>\n\n\n\n<p><\/p>\n\n\n\n<figure class=\"gb-block-image gb-block-image-787e79a9\"><img loading=\"lazy\" decoding=\"async\" width=\"1456\" height=\"816\" class=\"gb-image gb-image-787e79a9\" src=\"https:\/\/www.sisinternational.com\/wp-content\/uploads\/2025\/09\/Singapore-2.jpg\" alt=\"\u00c9tudes de march\u00e9 et strat\u00e9gie internationales SIS\" title=\"Singapore (2)\" srcset=\"https:\/\/www.sisinternational.com\/wp-content\/uploads\/2025\/09\/Singapore-2.jpg 1456w, https:\/\/www.sisinternational.com\/wp-content\/uploads\/2025\/09\/Singapore-2-300x168.jpg 300w, https:\/\/www.sisinternational.com\/wp-content\/uploads\/2025\/09\/Singapore-2-1024x574.jpg 1024w, https:\/\/www.sisinternational.com\/wp-content\/uploads\/2025\/09\/Singapore-2-768x430.jpg 768w, https:\/\/www.sisinternational.com\/wp-content\/uploads\/2025\/09\/Singapore-2-18x10.jpg 18w\" sizes=\"auto, (max-width: 1456px) 100vw, 1456px\"><\/figure>\n\n\n\n<p>Focus groups in Singapore enable businesses to obtain detailed and qualitative feedback from Singaporean consumers. The participants are urged to express their opinions and thoughts, which can provide precise insights into consumer preferences and behaviors. They enable companies to analyze how their customers react to products and services, offering a complete view of consumer behavior.<\/p>\n\n\n\n<p>Focus groups are also a cost-effective and time-saving approach to conducting <a class=\"wpil_keyword_link\" href=\"https:\/\/www.sisinternational.com\/fr\/couverture\/etude-de-marche-en-asie\/etude-de-marche-a-singapour\/\"   title=\"Etude de march\u00e9 \u00e0 Singapour\" data-wpil-keyword-link=\"linked\"  data-wpil-monitor-id=\"381\">\u00e9tude de march\u00e9 \u00e0 Singapour<\/a>. Unlike other tactics for gathering data, these sessions can provide reliable outcomes at an affordable rate with maximum efficiency.<\/p>\n\n\n\n<p>Lastly, focus groups in Singapore offer businesses an invaluable chance to try new ideas and concepts in a secure atmosphere. By collecting feedback from Singaporean consumers prior to introducing a product or service, enterprises can make well-thought-out decisions and minimize the odds of failure within the Singaporean market.<\/p>\n\n\n\n<h2 class=\"wp-block-heading\">Facteurs que les entreprises devraient prendre en compte lorsqu&#039;elles organisent des groupes de discussion \u00e0 Singapour<\/h2>\n\n\n\n<p>Pour garantir le succ\u00e8s d\u2019une \u00e9tude de march\u00e9, les entreprises doivent prendre en compte plusieurs \u00e9l\u00e9ments tels que\u00a0:<\/p>\n\n\n\n<ul class=\"wp-block-list\">\n<li><strong>Le m\u00e9lange des cultures \u00e0 Singapour :<\/strong> Singapore is a mix of different cultural and linguistic backgrounds, such as Malay and Chinese. Businesses must bear in mind the possible language constraints and cultural discrepancies when sourcing participants for their focus groups and forming their questions.<\/li>\n\n\n\n<li><strong>Un \u00e9chantillon repr\u00e9sentatif de consommateurs singapouriens\u00a0:<\/strong> Pour garantir que les groupes de discussion refl\u00e8tent fid\u00e8lement la population singapourienne, les entreprises doivent utiliser une approche de recrutement sp\u00e9cifique qui prend en compte des facteurs tels que l&#039;\u00e2ge, le sexe, le revenu et le niveau d&#039;\u00e9ducation.<\/li>\n\n\n\n<li><strong>Un mod\u00e9rateur connaisseur de la culture singapourienne\u00a0:<\/strong> Facilitation is an essential component for successful focus groups in Singapore. The facilitator must create a safe and welcoming atmosphere that allows participants to express their views without fear of being judged. A qualified individual with the right tools and expertise can ensure your gathering runs smoothly and yields noteworthy results.<\/li>\n<\/ul>\n\n\n\n<h2 class=\"wp-block-heading\">Meilleures pratiques pour animer des groupes de discussion \u00e0 Singapour<\/h2>\n\n\n\n<p>To ensure the success of research efforts and gain valuable insight into <a href=\"https:\/\/www.sisinternational.com\/fr\/couverture\/les-ameriques\/etude-de-marche-dans-les-caraibes\/etude-de-marche-guadeloupe\/\" title=\"Etude de march\u00e9 en Guadeloupe\"  data-wpil-monitor-id=\"6104\">Singapore&#8217;s<\/a> consumer market, businesses must adhere to a few key practices while conducting focus groups in the area. These include:<\/p>\n\n\n\n<ul class=\"wp-block-list\">\n<li>Ensure that the focus group questions are both culturally relevant and accessible to all participants. Businesses must take into account any language barriers when constructing their questions. Any non-English speaking individuals should be given an accurate translation of each question to guarantee successful communication.<\/li>\n\n\n\n<li>To guarantee a successful focus group session, it is essential to select the right venue. Create a welcoming atmosphere with plenty of room for all participants to move around and communicate. Additionally, companies should make sure the selected location has convenient access to public transportation and necessary audiovisual devices.<\/li>\n\n\n\n<li>Le cabinet de conseil qui anime les groupes de discussion \u00e0 Singapour doit conna\u00eetre le march\u00e9 et la culture d&#039;entreprise singapouriens pour tirer les conclusions appropri\u00e9es et proposer un plan d&#039;action aux clients.<\/li>\n<\/ul>\n\n\n\n<h2 class=\"wp-block-heading\">Les d\u00e9fis de la conduite de groupes de discussion \u00e0 Singapour<\/h2>\n\n\n\n<p>When seeking to better understand the Singaporean consumer market, gathering feedback through focus groups is an invaluable asset. Yet several challenges can arise during these sessions, including the following:<\/p>\n\n\n\n<ul class=\"wp-block-list\">\n<li>Singapour est une nation complexe et dynamique compos\u00e9e de diverses ethnies, religions et langues. Ainsi, lorsque les entreprises organisent des s\u00e9ances de groupe pour recueillir des commentaires, il est important de prendre en compte les nuances culturelles entre elles. Cela garantira que toutes les questions conviennent \u00e0 tous les individus.<\/li>\n\n\n\n<li>With four official languages in Singapore, including English, Malay, Mandarin, and Tamil, businesses must ensure that their focus group facilitators and participants are proficient in the same language to guarantee no miscommunication.<\/li>\n\n\n\n<li>Il peut \u00eatre difficile de recruter des participants singapouriens car ils sont souvent occup\u00e9s par leur travail et leur famille. Pour garantir le succ\u00e8s des s\u00e9ances de groupe de discussion, les entreprises doivent inciter leur march\u00e9 cible ou proposer des choix d&#039;horaires plus flexibles.<\/li>\n\n\n\n<li>Focus groups make conducting <a href=\"https:\/\/www.linkedin.com\/pulse\/how-market-research-enables-growth-ruth-stanat-phekf\/\" target=\"_blank\" rel=\"noopener\"><span style=\"font-weight: 400;\">\u00e9tude de march\u00e9<\/span><\/a> in Singapore easier, although expenses such as renting a venue and compensating participants can accumulate quickly.<\/li>\n<\/ul>\n\n\n\n<h2 class=\"wp-block-heading\">SWOT Analysis of Focus Groups in Singapore<\/h2>\n\n\n\n<p><\/p>\n\n\n\n<figure class=\"gb-block-image gb-block-image-2f07029c\"><img loading=\"lazy\" decoding=\"async\" width=\"1456\" height=\"816\" class=\"gb-image gb-image-2f07029c\" src=\"https:\/\/www.sisinternational.com\/wp-content\/uploads\/2025\/09\/Singapore-4.jpg\" alt=\"\u00c9tudes de march\u00e9 et strat\u00e9gie internationales SIS\" title=\"Singapore (4)\" srcset=\"https:\/\/www.sisinternational.com\/wp-content\/uploads\/2025\/09\/Singapore-4.jpg 1456w, https:\/\/www.sisinternational.com\/wp-content\/uploads\/2025\/09\/Singapore-4-300x168.jpg 300w, https:\/\/www.sisinternational.com\/wp-content\/uploads\/2025\/09\/Singapore-4-1024x574.jpg 1024w, https:\/\/www.sisinternational.com\/wp-content\/uploads\/2025\/09\/Singapore-4-768x430.jpg 768w, https:\/\/www.sisinternational.com\/wp-content\/uploads\/2025\/09\/Singapore-4-18x10.jpg 18w\" sizes=\"auto, (max-width: 1456px) 100vw, 1456px\"><\/figure>\n\n\n\n<h3 class=\"wp-block-heading\"><strong>Forces<\/strong><\/h3>\n\n\n\n<ul class=\"wp-block-list\">\n<li><strong>Direct Consumer Feedback<\/strong>: Focus groups provide direct access to consumer thoughts and opinions, offering valuable qualitative data that can guide product development and marketing strategies.<\/li>\n\n\n\n<li><strong>In-Depth Insights<\/strong>: Focus groups&#8217; interactive nature allows businesses to gain a deeper understanding of consumer motivations and behaviors.<\/li>\n<\/ul>\n\n\n\n<h3 class=\"wp-block-heading\"><strong>Faiblesses<\/strong><\/h3>\n\n\n\n<ul class=\"wp-block-list\">\n<li><strong>Limited Sample Size<\/strong>: Focus groups typically involve a small number of participants, which may not be fully representative of the entire market.<\/li>\n\n\n\n<li><strong>Potential for Bias<\/strong>: Group dynamics can sometimes lead to biased responses, with dominant participants influencing the opinions of others.<\/li>\n<\/ul>\n\n\n\n<h3 class=\"wp-block-heading\"><strong>Opportunit\u00e9s<\/strong><\/h3>\n\n\n\n<ul class=\"wp-block-list\">\n<li><strong>D\u00e9veloppement de produits<\/strong>: Focus groups offer insights that can be used to refine existing products or develop new ones that meet consumer needs.<\/li>\n\n\n\n<li><strong>Segmentation du march\u00e9<\/strong>: By conducting focus groups with different demographic groups, businesses can gain insights into specific market segments and tailor their offerings accordingly.<\/li>\n<\/ul>\n\n\n\n<h3 class=\"wp-block-heading\"><strong>Des menaces<\/strong><\/h3>\n\n\n\n<ul class=\"wp-block-list\">\n<li><strong>Co\u00fbts \u00e9lev\u00e9s<\/strong>: Conducting focus groups can be expensive, particularly when considering venue rental, participant incentives, and moderator fees.<\/li>\n\n\n\n<li><strong>Changements rapides du march\u00e9<\/strong>: Consumer preferences can change quickly, requiring businesses to conduct focus groups regularly to stay updated.<\/li>\n<\/ul>\n\n\n\n<h2 class=\"wp-block-heading\">Future outlook of Focus groups in Singapore<\/h2>\n\n\n\n<p>As the Singaporean consumer market continues to demand businesses understand their needs and preferences, focus groups in Singapore have a bright future ahead. Yet, organizations should be conscious of potential obstacles as well as beneficial prospects that will accompany this development.<\/p>\n\n\n\n<p>Businesses must embrace the challenge of transforming Singaporean society by modifying their <a class=\"wpil_keyword_link\" href=\"https:\/\/www.sisinternational.com\/fr\/solutions\/etude-de-marche-en-groupe-de-discussion\/\" title=\"\u00c9tude de march\u00e9 par groupe de discussion\" data-wpil-keyword-link=\"linked\" data-wpil-monitor-id=\"382\">focus group recruitment<\/a> and inquiry structuring to guarantee all participants can comfortably express their views. Companies should also consider accessing more people with innovative technologies such as online focus groups or mobile-based surveys, allowing them to reach beyond the limits of traditional methods.<\/p>\n\n\n\n<p>De m\u00eame, les entreprises peuvent capitaliser sur les progr\u00e8s de la technologie et des outils d\u2019analyse de donn\u00e9es pour renforcer l\u2019efficacit\u00e9 des s\u00e9ances de groupe de discussion organis\u00e9es \u00e0 Singapour. Par exemple, l\u2019analyse des sentiments bas\u00e9e sur l\u2019IA peut \u00eatre exploit\u00e9e pour \u00e9valuer les conversations ayant lieu au cours d\u2019un groupe de discussion et d\u00e9couvrir des sujets ou des tendances cl\u00e9s ; la r\u00e9alit\u00e9 virtuelle est \u00e9galement b\u00e9n\u00e9fique car elle permet de cr\u00e9er des exp\u00e9riences immersives qui refl\u00e8tent des sc\u00e9narios r\u00e9els.<\/p>\n\n\n\n<h2 class=\"wp-block-heading\">How SIS International&#8217;s Focus Groups in Singapore Help Businesses<\/h2>\n\n\n\n<p><a href=\"https:\/\/www.linkedin.com\/company\/sisinternationalresearch\/\" target=\"_blank\" rel=\"noopener\"><span style=\"font-weight: 400;\">SIS International<\/span><\/a> provides tailored focus group solutions that help businesses succeed in Singapore&#8217;s competitive market. By leveraging our expertise, we assist companies in making informed decisions and identifying opportunities for growth.<\/p>\n\n\n\n<ol start=\"1\" class=\"wp-block-list\">\n<li><strong>Local Market Expertise<\/strong>: We offer businesses valuable insights into the unique dynamics of the Singaporean market, helping them understand consumer behavior and preferences.<\/li>\n\n\n\n<li><strong>Solutions de recherche sur mesure<\/strong>: Notre <a href=\"https:\/\/www.sisinternational.com\/fr\/focus-group-services-in-ny\/\" title=\"Focus Group Services in NY\" data-wpil-monitor-id=\"1300\">focus group services<\/a> are customized to meet the specific needs of each client, ensuring that the insights provided are relevant and actionable.<\/li>\n\n\n\n<li><strong>Skilled Moderation<\/strong>: Our experienced moderators effectively facilitate discussions, ensuring that all participants have an opportunity to share their views, resulting in richer insights.<\/li>\n\n\n\n<li><strong>Sensibilit\u00e9 culturelle<\/strong>: We understand the cultural nuances of Singapore and ensure that our focus groups are conducted with cultural sensitivity, allowing participants to share openly.<\/li>\n\n\n\n<li><strong>Informations approfondies sur les consommateurs<\/strong>: Our focus groups provide detailed insights into consumer motivations and behaviors, enabling businesses to create targeted products and marketing campaigns.<\/li>\n\n\n\n<li><strong>Recommandations concr\u00e8tes<\/strong>: Beyond data collection, we provide actionable recommendations that help businesses refine their strategies and achieve their goals in the Singaporean market.<\/li>\n\n\n\n<li><strong>Analyse compl\u00e8te<\/strong>: We offer a thorough analysis of focus group data, identifying key themes and trends that provide a deeper understanding of consumer needs.<\/li>\n<\/ol>\n\n\n\n<h2 class=\"wp-block-heading\">\u00c0 propos de SIS International<\/h2>\n\n\n\n<p><a href=\"https:\/\/www.sisinternational.com\/fr\/\"><span style=\"font-weight: 400;\">SIS International<\/span><\/a><span style=\"font-weight: 400;\"> propose des recherches quantitatives, qualitatives et strat\u00e9giques. Nous fournissons des donn\u00e9es, des outils, des strat\u00e9gies, des rapports et des informations pour la prise de d\u00e9cision. Nous menons \u00e9galement des entretiens, des enqu\u00eates, des groupes de discussion et d\u2019autres m\u00e9thodes et approches d\u2019\u00e9tudes de march\u00e9.<\/span><a href=\"https:\/\/www.sisinternational.com\/fr\/a-propos-de-la-recherche-internationale-sis\/contact-sis-international-market-research\/\"><span style=\"font-weight: 400;\"> Contactez nous<\/span><\/a><span style=\"font-weight: 400;\"> pour votre prochain projet d&#039;\u00e9tude de march\u00e9.<\/span><\/p>","protected":false},"excerpt":{"rendered":"<p>Singapour abrite une vari\u00e9t\u00e9 de march\u00e9s de consommation sophistiqu\u00e9s et un centre mondial anim\u00e9 d\u2019affaires et de commerce.<\/p>","protected":false},"author":1,"featured_media":65611,"parent":14508,"menu_order":83,"comment_status":"closed","ping_status":"closed","template":"","meta":{"_uag_custom_page_level_css":"","footnotes":""},"class_list":["post-41828","page","type-page","status-publish","has-post-thumbnail"],"uagb_featured_image_src":{"full":["https:\/\/www.sisinternational.com\/wp-content\/uploads\/2025\/09\/Singapore-3.jpg",1456,816,false],"thumbnail":["https:\/\/www.sisinternational.com\/wp-content\/uploads\/2025\/09\/Singapore-3-150x150.jpg",150,150,true],"medium":["https:\/\/www.sisinternational.com\/wp-content\/uploads\/2025\/09\/Singapore-3-300x168.jpg",300,168,true],"medium_large":["https:\/\/www.sisinternational.com\/wp-content\/uploads\/2025\/09\/Singapore-3-768x430.jpg",768,430,true],"large":["https:\/\/www.sisinternational.com\/wp-content\/uploads\/2025\/09\/Singapore-3-1024x574.jpg",1024,574,true],"1536x1536":["https:\/\/www.sisinternational.com\/wp-content\/uploads\/2025\/09\/Singapore-3.jpg",1456,816,false],"2048x2048":["https:\/\/www.sisinternational.com\/wp-content\/uploads\/2025\/09\/Singapore-3.jpg",1456,816,false],"trp-custom-language-flag":["https:\/\/www.sisinternational.com\/wp-content\/uploads\/2025\/09\/Singapore-3-18x10.jpg",18,10,true]},"uagb_author_info":{"display_name":"Ruth Stanat","author_link":"https:\/\/www.sisinternational.com\/fr\/author\/expert\/"},"uagb_comment_info":0,"uagb_excerpt":"Singapore is home to a variety of sophisticated consumer markets and a bustling global center of business and commerce.","_links":{"self":[{"href":"https:\/\/www.sisinternational.com\/fr\/wp-json\/wp\/v2\/pages\/41828","targetHints":{"allow":["GET"]}}],"collection":[{"href":"https:\/\/www.sisinternational.com\/fr\/wp-json\/wp\/v2\/pages"}],"about":[{"href":"https:\/\/www.sisinternational.com\/fr\/wp-json\/wp\/v2\/types\/page"}],"author":[{"embeddable":true,"href":"https:\/\/www.sisinternational.com\/fr\/wp-json\/wp\/v2\/users\/1"}],"replies":[{"embeddable":true,"href":"https:\/\/www.sisinternational.com\/fr\/wp-json\/wp\/v2\/comments?post=41828"}],"version-history":[{"count":7,"href":"https:\/\/www.sisinternational.com\/fr\/wp-json\/wp\/v2\/pages\/41828\/revisions"}],"predecessor-version":[{"id":79728,"href":"https:\/\/www.sisinternational.com\/fr\/wp-json\/wp\/v2\/pages\/41828\/revisions\/79728"}],"up":[{"embeddable":true,"href":"https:\/\/www.sisinternational.com\/fr\/wp-json\/wp\/v2\/pages\/14508"}],"wp:featuredmedia":[{"embeddable":true,"href":"https:\/\/www.sisinternational.com\/fr\/wp-json\/wp\/v2\/media\/65611"}],"wp:attachment":[{"href":"https:\/\/www.sisinternational.com\/fr\/wp-json\/wp\/v2\/media?parent=41828"}],"curies":[{"name":"wp","href":"https:\/\/api.w.org\/{rel}","templated":true}]}}