{"id":41813,"date":"2023-03-16T16:03:44","date_gmt":"2023-03-16T20:03:44","guid":{"rendered":"https:\/\/www.sisinternational.com\/?page_id=41813"},"modified":"2026-01-24T21:18:10","modified_gmt":"2026-01-25T02:18:10","slug":"quest-ce-que-lequipement-de-forage-et-dextraction","status":"publish","type":"page","link":"https:\/\/www.sisinternational.com\/fr\/competence\/quest-ce-que-lequipement-de-forage-et-dextraction\/","title":{"rendered":"\u00c9tude de march\u00e9 sur les \u00e9quipements de forage et d\u2019extraction"},"content":{"rendered":"<h1 class=\"wp-block-heading\">\u00c9tude de march\u00e9 sur les \u00e9quipements de forage et d\u2019extraction<\/h1>\n\n\n\n<figure class=\"gb-block-image gb-block-image-61d75828\"><img loading=\"lazy\" decoding=\"async\" width=\"1456\" height=\"816\" class=\"gb-image gb-image-61d75828\" src=\"https:\/\/www.sisinternational.com\/wp-content\/uploads\/2025\/08\/Drilling-and-Extraction-1.jpg\" alt=\"\u00c9tudes de march\u00e9 et strat\u00e9gie internationales SIS\" title=\"Drilling and Extraction (1)\" srcset=\"https:\/\/www.sisinternational.com\/wp-content\/uploads\/2025\/08\/Drilling-and-Extraction-1.jpg 1456w, https:\/\/www.sisinternational.com\/wp-content\/uploads\/2025\/08\/Drilling-and-Extraction-1-300x168.jpg 300w, https:\/\/www.sisinternational.com\/wp-content\/uploads\/2025\/08\/Drilling-and-Extraction-1-1024x574.jpg 1024w, https:\/\/www.sisinternational.com\/wp-content\/uploads\/2025\/08\/Drilling-and-Extraction-1-768x430.jpg 768w, https:\/\/www.sisinternational.com\/wp-content\/uploads\/2025\/08\/Drilling-and-Extraction-1-18x10.jpg 18w\" sizes=\"auto, (max-width: 1456px) 100vw, 1456px\"><\/figure>\n\n\n\n<p><\/p>\n\n\n\n<p>Les \u00e9quipements de forage et d\u2019extraction sont des machines utilis\u00e9es pour extraire des ressources naturelles. Par exemple, les entreprises utilisent cet \u00e9quipement pour extraire du p\u00e9trole, du gaz et des min\u00e9raux de la terre. Ils l&#039;utilisent \u00e9galement dans le secteur de la construction.<\/p>\n\n\n\n<h3 class=\"wp-block-heading\">Il existe diff\u00e9rents types d\u2019\u00e9quipements de forage et d\u2019extraction, notamment :<\/h3>\n\n\n\n<ul class=\"wp-block-list\">\n<li>Appareils de forage\u00a0: ces machines forent des trous pour explorer ou extraire du p\u00e9trole, du gaz ou des min\u00e9raux. Il existe diff\u00e9rents types d&#039;appareils de forage, tels que terrestres, offshore et mobiles.<\/li>\n\n\n\n<li>Pumpjacks\u00a0: Ce sont des machines utilis\u00e9es pour extraire le p\u00e9trole des puits. Ils consistent en un moteur qui entra\u00eene une s\u00e9rie de tiges attach\u00e9es \u00e0 une pompe au fond du puits. La pompe d\u00e9place le fluide vers la surface \u00e0 mesure que les tiges montent et descendent.<br>Les excavatrices sont des machines lourdes qui creusent et enl\u00e8vent de grandes quantit\u00e9s de terre ou de roche. Ils sont courants dans les mines et la construction.<\/li>\n\n\n\n<li>Chargeurs : Ces machines d\u00e9placent les mat\u00e9riaux d&#039;un endroit \u00e0 un autre. Ils sont \u00e9galement courants dans les mines et la construction.<\/li>\n\n\n\n<li>Concasseurs : Ces machines d\u00e9composent les grosses roches en plus petites. Les concasseurs facilitent la manipulation et le transport.<\/li>\n\n\n\n<li>Pumps: These machines move fluids such as water, oil, and gas. They are common in the <a href=\"https:\/\/www.sisinternational.com\/fr\/competence\/les-industries\/etude-de-marche-du-petrole-et-du-gaz\/\" title=\"\u00c9tudes de march\u00e9 sur le p\u00e9trole et le gaz\"  data-wpil-monitor-id=\"8201\">oil and gas<\/a> industry to move liquids from the well to the surface.<\/li>\n\n\n\n<li>Compresseurs : Ces machines augmentent la pression de l\u2019air ou du gaz naturel. L\u2019industrie p\u00e9troli\u00e8re et gazi\u00e8re les utilise pour transporter le gaz du puits jusqu\u2019\u00e0 l\u2019usine de traitement.<\/li>\n<\/ul>\n\n\n\n<h2 class=\"wp-block-heading\">Pourquoi les \u00e9quipements de forage et d\u2019extraction sont-ils importants ?<\/h2>\n\n\n\n<h3 class=\"wp-block-heading\">Les \u00e9quipements de forage et d\u2019extraction sont essentiels pour plusieurs raisons.<\/h3>\n\n\n\n<p>Premi\u00e8rement, il donne aux entreprises acc\u00e8s aux ressources naturelles enfouies sous terre. Ces ressources sont essentielles au fonctionnement des \u00e9conomies modernes. Ils sont \u00e9galement essentiels pour r\u00e9pondre aux demandes de diverses industries.<\/p>\n\n\n\n<p>De plus, l\u2019extraction de ressources naturelles g\u00e9n\u00e8re des b\u00e9n\u00e9fices \u00e9conomiques importants. Par exemple, cela cr\u00e9e des emplois et augmente les recettes fiscales. Il favorise \u00e9galement le d\u00e9veloppement des industries de soutien. L&#039;\u00e9quipement utilis\u00e9 dans ce processus garantit une extraction efficace et rentable. Ainsi, il maximise les avantages \u00e9conomiques.<\/p>\n\n\n\n<p>Un autre point cl\u00e9 est que les \u00e9quipements de forage et d\u2019extraction sont essentiels au maintien de la s\u00e9curit\u00e9 \u00e9nerg\u00e9tique. De nombreux pays cherchent \u00e0 r\u00e9duire leur d\u00e9pendance \u00e0 l\u2019\u00e9gard du p\u00e9trole et du gaz \u00e9trangers. Ainsi, disposer des \u00e9quipements n\u00e9cessaires pour extraire les ressources nationales est essentiel.<\/p>\n\n\n\n<p>Au moins, de nombreux progr\u00e8s ont \u00e9t\u00e9 r\u00e9alis\u00e9s dans le domaine des \u00e9quipements de forage et d\u2019extraction. Les m\u00e9thodes d&#039;extraction sont devenues plus efficaces et plus respectueuses de l&#039;environnement, ce qui a contribu\u00e9 \u00e0 r\u00e9duire l&#039;impact de l&#039;extraction des ressources sur l&#039;environnement. De plus, les techniques am\u00e9lior\u00e9es permettent aux entreprises d\u2019acc\u00e9der \u00e0 des ressources difficiles d\u2019acc\u00e8s. Certaines de ces ressources auraient \u00e9t\u00e9 trop difficiles ou co\u00fbteuses \u00e0 extraire dans le pass\u00e9.<\/p>\n\n\n\n<h2 class=\"wp-block-heading\">Titres de poste cl\u00e9s<\/h2>\n\n\n\n<figure class=\"gb-block-image gb-block-image-b1138752\"><img loading=\"lazy\" decoding=\"async\" width=\"1456\" height=\"816\" class=\"gb-image gb-image-b1138752\" src=\"https:\/\/www.sisinternational.com\/wp-content\/uploads\/2025\/08\/Drilling-and-Extraction-2.jpg\" alt=\"\u00c9tudes de march\u00e9 et strat\u00e9gie internationales SIS\" title=\"Drilling and Extraction (2)\" srcset=\"https:\/\/www.sisinternational.com\/wp-content\/uploads\/2025\/08\/Drilling-and-Extraction-2.jpg 1456w, https:\/\/www.sisinternational.com\/wp-content\/uploads\/2025\/08\/Drilling-and-Extraction-2-300x168.jpg 300w, https:\/\/www.sisinternational.com\/wp-content\/uploads\/2025\/08\/Drilling-and-Extraction-2-1024x574.jpg 1024w, https:\/\/www.sisinternational.com\/wp-content\/uploads\/2025\/08\/Drilling-and-Extraction-2-768x430.jpg 768w, https:\/\/www.sisinternational.com\/wp-content\/uploads\/2025\/08\/Drilling-and-Extraction-2-18x10.jpg 18w\" sizes=\"auto, (max-width: 1456px) 100vw, 1456px\"><\/figure>\n\n\n\n<p><\/p>\n\n\n\n<h3 class=\"wp-block-heading\">Voici quelques titres d\u2019emploi cl\u00e9s li\u00e9s aux \u00e9quipements de forage et d\u2019extraction\u00a0:<\/h3>\n\n\n\n<ol class=\"wp-block-list\">\n<li><strong>Ing\u00e9nieur de forage.<\/strong> Con\u00e7oit, planifie et supervise les op\u00e9rations de forage pour l\u2019exploration et la production p\u00e9troli\u00e8res, gazi\u00e8res et min\u00e9rales.<\/li>\n\n\n\n<li><strong>Gestionnaire de plate-forme:<\/strong> Supervise le fonctionnement des appareils de forage. Le travail comprend l&#039;entretien des \u00e9quipements. Il pr\u00e9voit \u00e9galement la supervision de l&#039;\u00e9quipe de forage.<\/li>\n\n\n\n<li><strong>Ing\u00e9nieur p\u00e9trolier.<\/strong> Con\u00e7oit et d\u00e9veloppe des techniques d&#039;extraction de p\u00e9trole et de gaz des r\u00e9servoirs souterrains. Ils travaillent \u00e0 am\u00e9liorer l\u2019efficacit\u00e9 et la rentabilit\u00e9 des op\u00e9rations d\u2019extraction.<\/li>\n\n\n\n<li><strong>G\u00e9ologue:<\/strong> \u00c9tudie les propri\u00e9t\u00e9s physiques et les processus de la terre. Le g\u00e9ologue identifie \u00e9galement des gisements potentiels de p\u00e9trole, de gaz et de min\u00e9raux. Ils s&#039;efforcent de d\u00e9terminer l&#039;emplacement, la taille et la qualit\u00e9 de ces ressources.<\/li>\n\n\n\n<li><strong>Ing\u00e9nieur de production.<\/strong> Con\u00e7oit et exploite des syst\u00e8mes de production de p\u00e9trole, de gaz et de min\u00e9raux. Cet ing\u00e9nieur con\u00e7oit et exploite \u00e9galement des \u00e9quipements utilis\u00e9s dans la transformation et le transport.<\/li>\n\n\n\n<li><strong>Directeur des op\u00e9rations:<\/strong> Supervise les op\u00e9rations quotidiennes des sites d\u2019extraction de p\u00e9trole, de gaz et de min\u00e9raux. Un autre devoir de ce professionnel est de s\u2019assurer que le site r\u00e9pond aux objectifs de production. Ils veillent \u00e9galement \u00e0 ce que tout l&#039;\u00e9quipement et le personnel soient s\u00fbrs et efficaces.<\/li>\n\n\n\n<li><strong>Ing\u00e9nieur environnemental.<\/strong> S&#039;assure que les op\u00e9rations de forage et d&#039;extraction respectent les r\u00e9glementations environnementales. \u00c9labore des strat\u00e9gies pour att\u00e9nuer l\u2019impact environnemental de ces op\u00e9rations.<\/li>\n\n\n\n<li><strong>Technicien de maintenance:<\/strong> Effectue l\u2019entretien et les r\u00e9parations de routine des \u00e9quipements de forage et d\u2019extraction. Garantit qu\u2019il fonctionne de mani\u00e8re s\u00fbre et efficace.<\/li>\n\n\n\n<li><strong>Ing\u00e9nieur de s\u00e9curit\u00e9:<\/strong> \u00c9labore et met en \u0153uvre des proc\u00e9dures de s\u00e9curit\u00e9. Ce professionnel s\u2019assure que les chantiers de forage et d\u2019extraction sont s\u00e9curitaires pour tout le personnel.<\/li>\n<\/ol>\n\n\n\n<h2 class=\"wp-block-heading\">Facteurs cl\u00e9s de succ\u00e8s dans les \u00e9tudes de march\u00e9 sur les \u00e9quipements de forage et d\u2019extraction<\/h2>\n\n\n\n<figure class=\"gb-block-image gb-block-image-c77fc030\"><img loading=\"lazy\" decoding=\"async\" width=\"1456\" height=\"816\" class=\"gb-image gb-image-c77fc030\" src=\"https:\/\/www.sisinternational.com\/wp-content\/uploads\/2025\/08\/Drilling-and-Extraction-4.jpg\" alt=\"\u00c9tudes de march\u00e9 et strat\u00e9gie internationales SIS\" title=\"Drilling and Extraction (4)\" srcset=\"https:\/\/www.sisinternational.com\/wp-content\/uploads\/2025\/08\/Drilling-and-Extraction-4.jpg 1456w, https:\/\/www.sisinternational.com\/wp-content\/uploads\/2025\/08\/Drilling-and-Extraction-4-300x168.jpg 300w, https:\/\/www.sisinternational.com\/wp-content\/uploads\/2025\/08\/Drilling-and-Extraction-4-1024x574.jpg 1024w, https:\/\/www.sisinternational.com\/wp-content\/uploads\/2025\/08\/Drilling-and-Extraction-4-768x430.jpg 768w, https:\/\/www.sisinternational.com\/wp-content\/uploads\/2025\/08\/Drilling-and-Extraction-4-18x10.jpg 18w\" sizes=\"auto, (max-width: 1456px) 100vw, 1456px\"><\/figure>\n\n\n\n<p><\/p>\n\n\n\n<p>Les connaissances et l&#039;exp\u00e9rience du personnel qui utilise l&#039;\u00e9quipement sont cruciales. Il permet des op\u00e9rations de forage et d\u2019extraction r\u00e9ussies. La meilleure pratique consiste \u00e0 embaucher des travailleurs exp\u00e9riment\u00e9s et qualifi\u00e9s. Votre entreprise doit \u00e9galement leur offrir une formation continue pour garantir le fonctionnement s\u00fbr et efficace de l&#039;\u00e9quipement.<\/p>\n\n\n\n<p>Un entretien r\u00e9gulier des \u00e9quipements de forage et d\u2019extraction est essentiel pour \u00e9viter les temps d\u2019arr\u00eat. Cela maximise \u00e9galement la dur\u00e9e de vie de l\u2019\u00e9quipement. La maintenance comprend les contr\u00f4les de routine, les r\u00e9parations et le remplacement des pi\u00e8ces us\u00e9es. Cet entretien vise \u00e0 garantir que l&#039;\u00e9quipement est toujours dans un \u00e9tat de fonctionnement optimal.<\/p>\n\n\n\n<p>Assurer la s\u00e9curit\u00e9 du personnel est un facteur essentiel de r\u00e9ussite. Le strict respect des protocoles de s\u00e9curit\u00e9 est crucial. Il en va de m\u00eame pour l\u2019utilisation d\u2019\u00e9quipements de protection appropri\u00e9s. Une formation continue en mati\u00e8re de s\u00e9curit\u00e9 est \u00e9galement essentielle pour pr\u00e9venir les accidents et les blessures.<\/p>\n\n\n\n<p>Le respect des r\u00e9glementations environnementales est essentiel. L&#039;impact des op\u00e9rations de forage et d&#039;extraction sur l&#039;environnement doit \u00eatre minimal. Cela aide les entreprises \u00e0 conserver une image publique positive. Cela \u00e9vite \u00e9galement d\u2019\u00e9ventuelles cons\u00e9quences juridiques et financi\u00e8res.<\/p>\n\n\n\n<p>Adopting new <a href=\"https:\/\/www.sisinternational.com\/fr\/solutions\/innovation-technologique\/\" title=\"SIS Technology &amp; Innovation Solutions\"  data-wpil-monitor-id=\"8196\">technologies and innovative solutions<\/a> can increase efficiency. It also reduces costs in drilling and extraction operations. Thus, continuous <a href=\"https:\/\/www.sisinternational.com\/fr\/competence\/les-industries\/etude-de-marche-sur-le-developpement-low-code\/\" title=\"\u00c9tude de march\u00e9 sur le d\u00e9veloppement Low Code\"  data-wpil-monitor-id=\"8203\">research and development<\/a> are essential in this field.<\/p>\n\n\n\n<p>La collaboration entre les diff\u00e9rentes \u00e9quipes est essentielle \u00e0 la r\u00e9ussite des op\u00e9rations de forage et d\u2019extraction. Par exemple, les ing\u00e9nieurs, les g\u00e9ologues et les op\u00e9rateurs d\u2019\u00e9quipement doivent pouvoir travailler ensemble. Une communication efficace et un travail d\u2019\u00e9quipe peuvent aider. Il garantit des op\u00e9rations coordonn\u00e9es, efficientes et efficaces.<\/p>\n\n\n\n<h2 class=\"wp-block-heading\">\u00c0 propos de l\u2019\u00e9tude de march\u00e9 sur les \u00e9quipements de forage et d\u2019extraction<\/h2>\n\n\n\n<p>Qualitative and <a href=\"https:\/\/www.sisinternational.com\/fr\/top-5-benefits-of-conducting-quantitative-market-research\/\" title=\"Top 5 Benefits of Conducting Quantitative Market Research\"  data-wpil-monitor-id=\"8195\">\u00c9tude de march\u00e9 quantitative<\/a> is vital. They should be core components of your Drilling and&nbsp;Extraction Equipment business. It will help you find and <a href=\"https:\/\/www.sisinternational.com\/fr\/solutions\/solutions-de-branding-et-de-recherche-client\/etude-de-marche-narrative\/\" title=\"\u00c9tude de march\u00e9 sur le storytelling\"  data-wpil-monitor-id=\"8199\">tell a compelling story<\/a> from vast data. It also lets you see what\u2019s most meaningful in your data to be efficient and strategic in acting upon it.<\/p>\n\n\n\n<p>SIS International provides all the insights you <a href=\"https:\/\/www.sisinternational.com\/fr\/analysis-b2b\/\" title=\"What Business Leaders Need to Know Right Now\"  data-wpil-monitor-id=\"8205\">need to take your business<\/a> forward. We offer UX Market Research, <a href=\"https:\/\/www.sisinternational.com\/fr\/le-role-du-developpement-de-processus-et-de-systemes-dans-la-reussite-organisationnelle\/\" title=\"\u00c9tude de march\u00e9 sur la conception organisationnelle\"  data-wpil-monitor-id=\"8194\">\u00c9tude de march\u00e9 strat\u00e9gique<\/a>, and Competitive Analysis. We also do <a href=\"https:\/\/www.sisinternational.com\/fr\/competence\/les-industries\/etude-de-marche-sur-les-nanoparticules\/\" title=\"\u00c9tude de march\u00e9 sur les nanoparticules\"  data-wpil-monitor-id=\"3326\">Recherche d&#039;entr\u00e9e sur le march\u00e9<\/a>, Market Opportunity Research, and Market Sizing Research. Focus Groups, Surveys, and Interviews are other services <a href=\"https:\/\/www.sisinternational.com\/fr\/paque-de-paques-et-linevitable-lapin-en-chocolat\/\" title=\"\u00c9tude de march\u00e9 de P\u00e2ques\"  data-wpil-monitor-id=\"8197\">SIS<\/a> offers to help you with your Go to Market Strategy. Contact us today!<\/p>","protected":false},"excerpt":{"rendered":"<p>Les \u00e9quipements de forage et d\u2019extraction sont des machines utilis\u00e9es pour extraire des ressources naturelles telles que le p\u00e9trole, le gaz et les min\u00e9raux de la terre.<\/p>","protected":false},"author":1,"featured_media":64789,"parent":14514,"menu_order":205,"comment_status":"closed","ping_status":"closed","template":"","meta":{"footnotes":""},"class_list":["post-41813","page","type-page","status-publish","has-post-thumbnail"],"_links":{"self":[{"href":"https:\/\/www.sisinternational.com\/fr\/wp-json\/wp\/v2\/pages\/41813","targetHints":{"allow":["GET"]}}],"collection":[{"href":"https:\/\/www.sisinternational.com\/fr\/wp-json\/wp\/v2\/pages"}],"about":[{"href":"https:\/\/www.sisinternational.com\/fr\/wp-json\/wp\/v2\/types\/page"}],"author":[{"embeddable":true,"href":"https:\/\/www.sisinternational.com\/fr\/wp-json\/wp\/v2\/users\/1"}],"replies":[{"embeddable":true,"href":"https:\/\/www.sisinternational.com\/fr\/wp-json\/wp\/v2\/comments?post=41813"}],"version-history":[{"count":5,"href":"https:\/\/www.sisinternational.com\/fr\/wp-json\/wp\/v2\/pages\/41813\/revisions"}],"predecessor-version":[{"id":81378,"href":"https:\/\/www.sisinternational.com\/fr\/wp-json\/wp\/v2\/pages\/41813\/revisions\/81378"}],"up":[{"embeddable":true,"href":"https:\/\/www.sisinternational.com\/fr\/wp-json\/wp\/v2\/pages\/14514"}],"wp:featuredmedia":[{"embeddable":true,"href":"https:\/\/www.sisinternational.com\/fr\/wp-json\/wp\/v2\/media\/64789"}],"wp:attachment":[{"href":"https:\/\/www.sisinternational.com\/fr\/wp-json\/wp\/v2\/media?parent=41813"}],"curies":[{"name":"wp","href":"https:\/\/api.w.org\/{rel}","templated":true}]}}