{"id":41809,"date":"2023-03-16T15:30:24","date_gmt":"2023-03-16T19:30:24","guid":{"rendered":"https:\/\/www.sisinternational.com\/?page_id=41809"},"modified":"2026-01-24T21:18:11","modified_gmt":"2026-01-25T02:18:11","slug":"etude-de-marche-sur-les-conservateurs-desinfectants","status":"publish","type":"page","link":"https:\/\/www.sisinternational.com\/fr\/competence\/etude-de-marche-sur-les-conservateurs-desinfectants\/","title":{"rendered":"\u00c9tude de march\u00e9 sur les d\u00e9sinfectants et les conservateurs"},"content":{"rendered":"<h1>\u00c9tude de march\u00e9 sur les d\u00e9sinfectants et les conservateurs<\/h1>\n<p><img loading=\"lazy\" decoding=\"async\" class=\"aligncenter size-full wp-image-41810\" src=\"https:\/\/www.sisinternational.com\/wp-content\/uploads\/2023\/03\/Disinfectants-and-Preservatives-Market-Research.jpg\" alt=\"\u00c9tude de march\u00e9 sur les d\u00e9sinfectants et les conservateurs\" width=\"1140\" height=\"760\" \/><\/p>\n<p>Les d\u00e9sinfectants et les conservateurs sont des produits chimiques utilis\u00e9s dans diverses industries. Ils emp\u00eachent la croissance et la propagation de micro-organismes nuisibles. Les d\u00e9sinfectants tuent ou \u00e9liminent les bact\u00e9ries, virus et autres agents pathog\u00e8nes des surfaces. Les conservateurs emp\u00eachent la croissance de micro-organismes dans les aliments, les cosm\u00e9tiques et d&#039;autres produits.<\/p>\n<p>Researchers expect growth in the global <a href=\"https:\/\/www.sisinternational.com\/fr\/couverture\/les-ameriques\/etude-de-marche-dans-les-caraibes\/etude-de-marche-antigua-barbuda\/\" title=\"\u00c9tude de march\u00e9 \u00e0 Antigua-et-Barbuda\"  data-wpil-monitor-id=\"3787\">disinfectants and preservatives<\/a> market. These products have shown increasing demand. This demand is particularly evident in healthcare, food processing, and other industries. The COVID-19 pandemic has also led to a surge in demand for disinfectants and sanitizers. The pandemic has further boosted market growth.<\/p>\n<p>BASF SE, Lonza Group Ltd. et Clariant AG sont des acteurs importants dans ce secteur. Il en va de m\u00eame pour DowDuPont Inc. et Ashland Global Holdings. Ces entreprises proposent une large gamme de d\u00e9sinfectants et de produits de conservation. Ils innovent constamment pour r\u00e9pondre aux demandes changeantes du march\u00e9.<\/p>\n<p>Qu\u2019est-ce qui stimulera la croissance du march\u00e9 dans les ann\u00e9es \u00e0 venir ? Des facteurs tels que la sensibilisation croissante \u00e0 l\u2019hygi\u00e8ne et \u00e0 l\u2019assainissement et la croissance d\u00e9mographique. La demande croissante de produits alimentaires et de boissons emball\u00e9s aura \u00e9galement un impact positif sur la croissance du march\u00e9.<\/p>\n<p>Mais le march\u00e9 est \u00e9galement confront\u00e9 \u00e0 des d\u00e9fis. Par exemple, on assiste au d\u00e9veloppement de micro-organismes r\u00e9sistants aux m\u00e9dicaments. Un autre d\u00e9fi r\u00e9side dans les pr\u00e9occupations croissantes en mati\u00e8re de s\u00e9curit\u00e9. Les gens s\u2019interrogent sur l\u2019impact environnemental de certains d\u00e9sinfectants et conservateurs.<\/p>\n<p>Malgr\u00e9 ces d\u00e9fis, le march\u00e9 des d\u00e9sinfectants et des conservateurs continuera probablement de cro\u00eetre dans les ann\u00e9es \u00e0 venir. La demande pour ces produits augmente dans diverses industries.<\/p>\n<h2>Pourquoi les d\u00e9sinfectants et les conservateurs sont-ils importants ?<\/h2>\n<p>Les d\u00e9sinfectants et les conservateurs sont essentiels pour plusieurs raisons. D\u2019une part, ils offrent une protection contre les micro-organismes nuisibles. D\u2019autre part, ils contribuent \u00e0 prot\u00e9ger contre la propagation des maladies infectieuses.<br \/>\nLes conservateurs prolongent la dur\u00e9e de conservation de produits tels que les aliments et les cosm\u00e9tiques. Ils contribuent \u00e0 r\u00e9duire les d\u00e9chets et \u00e0 \u00e9conomiser de l&#039;argent.<\/p>\n<p>Les d\u00e9sinfectants et les conservateurs maintiennent la qualit\u00e9 des produits. Ils emp\u00eachent la contamination et la d\u00e9t\u00e9rioration, ce qui contribue \u00e0 garantir que les produits r\u00e9pondent aux exigences r\u00e9glementaires et aux attentes des consommateurs.<\/p>\n<p>L\u2019un des effets de la contamination des produits est des pertes financi\u00e8res importantes pour les entreprises. \u00c9tant donn\u00e9 que les d\u00e9sinfectants et les conservateurs contribuent \u00e0 pr\u00e9venir la contamination et la d\u00e9t\u00e9rioration, ils contribuent \u00e0 r\u00e9duire les pertes \u00e9conomiques.<\/p>\n<p>Les professionnels de la sant\u00e9 utilisent des d\u00e9sinfectants dans les h\u00f4pitaux et les cliniques. Ils les utilisent \u00e9galement dans d\u2019autres \u00e9tablissements de sant\u00e9 pour pr\u00e9venir la propagation des infections. Ils sont \u00e9galement utilis\u00e9s dans les maisons et les espaces publics pour maintenir la propret\u00e9 et l\u2019hygi\u00e8ne.<\/p>\n<h2>Titres de poste cl\u00e9s<\/h2>\n<p>Les titres d&#039;emploi cl\u00e9s dans l&#039;industrie des d\u00e9sinfectants et des conservateurs peuvent varier. Cela d\u00e9pend du domaine sp\u00e9cifique, de l\u2019industrie et de l\u2019entreprise. Mais certains titres d\u2019emploi standard dans ce secteur peuvent inclure\u00a0:<\/p>\n<ol>\n<li><strong>Chimiste Recherche et D\u00e9veloppement (R&amp;D).<\/strong> D\u00e9velopper et tester de nouveaux d\u00e9sinfectants et conservateurs. Am\u00e9liorer les produits existants pour r\u00e9pondre aux demandes du march\u00e9.<\/li>\n<li><strong>Responsable du contr\u00f4le qualit\u00e9 (CQ).<\/strong> Assurer la qualit\u00e9 des d\u00e9sinfectants et des conservateurs. V\u00e9rifier les processus de production et effectuer des tests et des inspections. Mettez \u00e9galement en place des mesures d\u2019assurance qualit\u00e9.<\/li>\n<li><strong>Directeur de production.<\/strong> Superviser la production de d\u00e9sinfectants et de conservateurs et g\u00e9rer les calendriers de production. Assurer \u00e9galement l\u2019efficacit\u00e9 des processus de production.<\/li>\n<li><strong>Directeur des ventes.<\/strong> \u00c9laborer des strat\u00e9gies de vente et g\u00e9rer les \u00e9quipes commerciales. Faites \u00e9galement la promotion des d\u00e9sinfectants et des conservateurs aupr\u00e8s des clients potentiels.<\/li>\n<li><strong>Sp\u00e9cialiste des affaires r\u00e9glementaires.<\/strong> Garantissez le respect des exigences r\u00e9glementaires, telles que les r\u00e9glementations de l&#039;EPA et de la FDA. Examiner et pr\u00e9parer les documents d&#039;enregistrement et de soumission des produits.<\/li>\n<li><strong>Responsable Environnement, Hygi\u00e8ne et S\u00e9curit\u00e9 (EHS).<\/strong> \u00c9laborer et mettre en place des protocoles de s\u00e9curit\u00e9. Veiller au respect des r\u00e9glementations en mati\u00e8re de s\u00e9curit\u00e9 et d&#039;environnement.<\/li>\n<li><strong>Responsable marketing.<\/strong> \u00c9laborer des plans et des campagnes de marketing et promouvoir les d\u00e9sinfectants et les conservateurs aupr\u00e8s des march\u00e9s cibles.<\/li>\n<li><strong>Sp\u00e9cialiste du support technique.<\/strong> Fournir un support technique, aider les clients et les \u00e9quipes commerciales et r\u00e9soudre les probl\u00e8mes techniques li\u00e9s aux d\u00e9sinfectants et aux conservateurs.<\/li>\n<li><strong>Gestionnaire de la chaine d&#039;approvisionnement.<\/strong> G\u00e9rer la cha\u00eene d&#039;approvisionnement et la logistique des d\u00e9sinfectants et des conservateurs. Approvisionnement en mati\u00e8res premi\u00e8res, gestion des stocks et coordination de la distribution.<\/li>\n<li><strong>Ing\u00e9nieur packaging.<\/strong> D\u00e9velopper et concevoir des solutions d&#039;emballage pour les d\u00e9sinfectants et les conservateurs. Assurez-vous qu\u2019ils sont s\u00fbrs, efficaces et r\u00e9pondent aux exigences r\u00e9glementaires.<\/li>\n<\/ol>\n<h2>Pourquoi les entreprises ont besoin de d\u00e9sinfectants et de conservateurs<\/h2>\n<p>Les entreprises ont besoin de d\u00e9sinfectants et de conservateurs pour plusieurs raisons. De nombreuses industries sont soumises \u00e0 des r\u00e9glementations et des normes. Souvent, ces r\u00e8gles n\u00e9cessitent des d\u00e9sinfectants et des conservateurs. Pourquoi? Parce que ces substances garantissent la s\u00e9curit\u00e9 et la qualit\u00e9 des produits. Par exemple, l\u2019industrie agroalimentaire impose l\u2019utilisation de conservateurs. Les raisons sont simples. Les conservateurs emp\u00eachent la croissance de micro-organismes nuisibles. Ils prolongent \u00e9galement la dur\u00e9e de conservation des produits.<\/p>\n<p>Les d\u00e9sinfectants et les conservateurs prot\u00e8gent la sant\u00e9 publique. Ils pr\u00e9viennent la propagation des maladies et maladies infectieuses, ce qui est particuli\u00e8rement important dans les \u00e9tablissements de sant\u00e9. De plus, ces installations utilisent des d\u00e9sinfectants pour emp\u00eacher la propagation des infections. Ils contribuent \u00e0 assurer la s\u00e9curit\u00e9 des patients et du personnel soignant.<\/p>\n<p>Les conservateurs prolongent la dur\u00e9e de conservation de produits tels que les cosm\u00e9tiques, les produits pharmaceutiques et les aliments. De plus, ils contribuent \u00e0 pr\u00e9server la qualit\u00e9 des produits et \u00e0 pr\u00e9venir la d\u00e9t\u00e9rioration, \u00e9l\u00e9ments essentiels pour les entreprises. Cela contribue \u00e0 r\u00e9duire les d\u00e9chets et \u00e0 am\u00e9liorer la satisfaction des clients.<\/p>\n<p>L\u2019utilisation de d\u00e9sinfectants et de conservateurs peut aider les entreprises \u00e0 r\u00e9duire leurs co\u00fbts. Ils r\u00e9duisent le besoin de nettoyage et de d\u00e9sinfection fr\u00e9quents.<\/p>\n<p>L&#039;utilisation de d\u00e9sinfectants et de conservateurs peut contribuer \u00e0 am\u00e9liorer la r\u00e9putation de la marque d&#039;une entreprise. Il d\u00e9montre un engagement envers la s\u00e9curit\u00e9, la qualit\u00e9 et l\u2019hygi\u00e8ne.<\/p>\n<h2>Facteurs cl\u00e9s de succ\u00e8s<\/h2>\n<p>L\u2019un des facteurs essentiels de succ\u00e8s dans l\u2019industrie des d\u00e9sinfectants et des conservateurs est la qualit\u00e9 des produits. Il d\u00e9termine leur efficacit\u00e9 \u00e0 tuer ou \u00e9liminer les micro-organismes nuisibles et \u00e0 pr\u00e9venir la d\u00e9t\u00e9rioration.<\/p>\n<p>La recherche et le d\u00e9veloppement continus de nouveaux d\u00e9sinfectants et conservateurs sont un autre facteur de succ\u00e8s. Les am\u00e9liorations des produits existants sont essentielles pour r\u00e9pondre aux demandes du march\u00e9. Cela aide \u00e9galement les entreprises \u00e0 garder une longueur d\u2019avance sur leurs concurrents.<\/p>\n<p>Le respect des exigences r\u00e9glementaires, telles que les r\u00e9glementations de l&#039;EPA et de la FDA, est crucial. Il garantit la s\u00e9curit\u00e9 et l\u2019efficacit\u00e9 des d\u00e9sinfectants et des conservateurs. Cela aide \u00e9galement les entreprises \u00e0 \u00e9viter les sanctions r\u00e9glementaires.<br \/>\nUne gestion efficace de la cha\u00eene d\u2019approvisionnement est essentielle. Les entreprises doivent s&#039;approvisionner en mati\u00e8res premi\u00e8res, g\u00e9rer les stocks et coordonner la distribution. Ces actions garantissent la livraison rapide et efficace des d\u00e9sinfectants et des conservateurs.<\/p>\n<p>Des strat\u00e9gies de marketing et de marque efficaces peuvent accro\u00eetre la visibilit\u00e9 des produits et promouvoir la reconnaissance de la marque. Cela conduit \u00e0 une augmentation des ventes et de la part de march\u00e9.<\/p>\n<p>Fournir un excellent service client et un excellent support technique est crucial. Cela peut aider \u00e0 renforcer la fid\u00e9lit\u00e9 et la satisfaction. Cela conduit \u00e9galement \u00e0 des affaires r\u00e9p\u00e9t\u00e9es et \u00e0 des recommandations positives de bouche \u00e0 oreille.<\/p>\n<p>L\u2019utilisation d\u2019ingr\u00e9dients et de mat\u00e9riaux d\u2019emballage durables devient cruciale. Pourquoi? Parce que les consommateurs sont de plus en plus soucieux de l\u2019environnement.<\/p>\n<h2>\u00c0 propos des \u00e9tudes de march\u00e9 sur les d\u00e9sinfectants et les conservateurs<\/h2>\n<p>Focus Groups, Surveys, and Interviews have significant value. So do Qualitative, and Quantitative Market Research reports. At SIS International, you can access all this. We also provide <a href=\"https:\/\/www.sisinternational.com\/fr\/couverture\/les-ameriques\/etude-de-marche-dans-les-caraibes\/etude-de-marche-a-saint-kitts-nevis\/\" title=\"\u00c9tude de march\u00e9 \u00e0 Saint-Kitts-et-Nevis\"  data-wpil-monitor-id=\"3291\">Recherche d&#039;entr\u00e9e sur le march\u00e9<\/a>, Competitive Analysis, and UX Market Research. We help you to keep abreast of changing trends and investigate new markets.<\/p>\n<p>If you\u2019ve discovered a great business idea, test it against what\u2019s already on the market. For this, you may need <a href=\"https:\/\/www.sisinternational.com\/fr\/competence\/les-industries\/etude-de-marche-sur-les-nanoparticules\/\" title=\"\u00c9tude de march\u00e9 sur les nanoparticules\"  data-wpil-monitor-id=\"3328\">Recherche d&#039;opportunit\u00e9s de march\u00e9<\/a>, Market Sizing Research, and Strategy Market Research. Contact us today! We will help with you Go to Market Strategy.<\/p>","protected":false},"excerpt":{"rendered":"<p>Le march\u00e9 mondial des d\u00e9sinfectants et des conservateurs s\u2019est effectivement d\u00e9velopp\u00e9 dans les secteurs de la sant\u00e9, de la transformation alimentaire et d\u2019autres secteurs.<\/p>","protected":false},"author":1,"featured_media":0,"parent":14514,"menu_order":204,"comment_status":"closed","ping_status":"closed","template":"","meta":{"footnotes":""},"class_list":["post-41809","page","type-page","status-publish"],"_links":{"self":[{"href":"https:\/\/www.sisinternational.com\/fr\/wp-json\/wp\/v2\/pages\/41809","targetHints":{"allow":["GET"]}}],"collection":[{"href":"https:\/\/www.sisinternational.com\/fr\/wp-json\/wp\/v2\/pages"}],"about":[{"href":"https:\/\/www.sisinternational.com\/fr\/wp-json\/wp\/v2\/types\/page"}],"author":[{"embeddable":true,"href":"https:\/\/www.sisinternational.com\/fr\/wp-json\/wp\/v2\/users\/1"}],"replies":[{"embeddable":true,"href":"https:\/\/www.sisinternational.com\/fr\/wp-json\/wp\/v2\/comments?post=41809"}],"version-history":[{"count":4,"href":"https:\/\/www.sisinternational.com\/fr\/wp-json\/wp\/v2\/pages\/41809\/revisions"}],"predecessor-version":[{"id":77975,"href":"https:\/\/www.sisinternational.com\/fr\/wp-json\/wp\/v2\/pages\/41809\/revisions\/77975"}],"up":[{"embeddable":true,"href":"https:\/\/www.sisinternational.com\/fr\/wp-json\/wp\/v2\/pages\/14514"}],"wp:attachment":[{"href":"https:\/\/www.sisinternational.com\/fr\/wp-json\/wp\/v2\/media?parent=41809"}],"curies":[{"name":"wp","href":"https:\/\/api.w.org\/{rel}","templated":true}]}}