{"id":41805,"date":"2023-03-16T13:27:25","date_gmt":"2023-03-16T17:27:25","guid":{"rendered":"https:\/\/www.sisinternational.com\/?page_id=41805"},"modified":"2026-03-12T13:31:54","modified_gmt":"2026-03-12T17:31:54","slug":"etude-de-marche-des-desserts","status":"publish","type":"page","link":"https:\/\/www.sisinternational.com\/fr\/solutions\/etude-de-marche-sur-lindustrie-des-boissons-alimentaires\/etude-de-marche-des-desserts\/","title":{"rendered":"\u00c9tude de march\u00e9 sur les desserts"},"content":{"rendered":"<h1 class=\"wp-block-heading\">\u00c9tude de march\u00e9 sur les desserts<\/h1>\n\n\n\n<figure class=\"gb-block-image gb-block-image-c729c457\"><img loading=\"lazy\" decoding=\"async\" width=\"1456\" height=\"816\" class=\"gb-image gb-image-c729c457\" src=\"https:\/\/www.sisinternational.com\/wp-content\/uploads\/2025\/08\/Dessert-4.jpg\" alt=\"\u00c9tudes de march\u00e9 et strat\u00e9gie internationales SIS\" title=\"Dessert (4)\" srcset=\"https:\/\/www.sisinternational.com\/wp-content\/uploads\/2025\/08\/Dessert-4.jpg 1456w, https:\/\/www.sisinternational.com\/wp-content\/uploads\/2025\/08\/Dessert-4-300x168.jpg 300w, https:\/\/www.sisinternational.com\/wp-content\/uploads\/2025\/08\/Dessert-4-1024x574.jpg 1024w, https:\/\/www.sisinternational.com\/wp-content\/uploads\/2025\/08\/Dessert-4-768x430.jpg 768w, https:\/\/www.sisinternational.com\/wp-content\/uploads\/2025\/08\/Dessert-4-18x10.jpg 18w\" sizes=\"auto, (max-width: 1456px) 100vw, 1456px\"><\/figure>\n\n\n\n<p><\/p>\n\n\n\n<p>Les \u00e9tudes de march\u00e9 sur les desserts fournissent un aper\u00e7u de divers processus commerciaux et secteurs essentiels \u00e0 la production et \u00e0 la distribution de produits et de services dans ladite industrie. Le march\u00e9 des desserts, qui fait partie de l\u2019industrie alimentaire, a des pr\u00e9visions optimistes \u00e0 long terme car il s\u2019agit d\u2019un type d\u2019aliment que presque tout le monde appr\u00e9cie et auquel il est difficile de dire non.<\/p>\n\n\n\n<p>The dessert market is very competitive, and with competition comes obstacles that include already well-established dessert products as well as new discoveries, all vying for consumers&#8217; attention. Dessert market research provides insights for businesses with customized and&nbsp;data-driven&nbsp;information on the different aspects of the&nbsp;dessert industry. This is to assist them in gaining a deeper understanding of <a href=\"https:\/\/www.sisinternational.com\/fr\/publications\/comportement-de-lacheteur-apres-le-nouveau-consommateur-du-coronavirus\/\" title=\"Comportement des acheteurs apr\u00e8s le coronavirus \u2013 \u00c9tude de march\u00e9 de consommation\"  data-wpil-monitor-id=\"10010\">consumers and market<\/a> trends in order to&nbsp;remain&nbsp;creative, thrive despite competition, and grow&nbsp;their brands.<\/p>\n\n\n\n<p>Typically, dessert food sector is divided by product category, sales channel, and local marker. The <a class=\"wpil_keyword_link\" href=\"https:\/\/www.sisinternational.com\/fr\/competence\/les-industries\/etude-de-marche-sur-les-produits-laitiers\/\"   title=\"\u00c9tude de march\u00e9 des produits laitiers\" data-wpil-keyword-link=\"linked\"  data-wpil-monitor-id=\"385\">\u00e9tude de march\u00e9 sur les produits laitiers<\/a> includes essential data and projections on market size and value for the industry&#8217;s major segments.<\/p>\n\n\n\n<h2 class=\"wp-block-heading\">Que sont les desserts ?<\/h2>\n\n\n\n<figure class=\"gb-block-image gb-block-image-46116073\"><img loading=\"lazy\" decoding=\"async\" width=\"1456\" height=\"816\" class=\"gb-image gb-image-46116073\" src=\"https:\/\/www.sisinternational.com\/wp-content\/uploads\/2025\/08\/Dessert-2.jpg\" alt=\"\u00c9tudes de march\u00e9 et strat\u00e9gie internationales SIS\" title=\"Dessert (2)\" srcset=\"https:\/\/www.sisinternational.com\/wp-content\/uploads\/2025\/08\/Dessert-2.jpg 1456w, https:\/\/www.sisinternational.com\/wp-content\/uploads\/2025\/08\/Dessert-2-300x168.jpg 300w, https:\/\/www.sisinternational.com\/wp-content\/uploads\/2025\/08\/Dessert-2-1024x574.jpg 1024w, https:\/\/www.sisinternational.com\/wp-content\/uploads\/2025\/08\/Dessert-2-768x430.jpg 768w, https:\/\/www.sisinternational.com\/wp-content\/uploads\/2025\/08\/Dessert-2-18x10.jpg 18w\" sizes=\"auto, (max-width: 1456px) 100vw, 1456px\"><\/figure>\n\n\n\n<p><\/p>\n\n\n\n<p>En r\u00e8gle g\u00e9n\u00e9rale, les desserts sont servis en guise de plat final d&#039;un repas. Cependant, \u00e0 l\u2019\u00e9chelle mondiale, les desserts sont des aliments ou des boissons qui ont avant tout un go\u00fbt sucr\u00e9 et qui se composent de diff\u00e9rentes variations de textures et d\u2019apparences.<\/p>\n\n\n\n<p>De nombreuses cultures proposent des vari\u00e9t\u00e9s de desserts distinctes. De nos jours, les diff\u00e9rents types de desserts sont transmis de g\u00e9n\u00e9ration en g\u00e9n\u00e9ration ou proviennent de lieux sp\u00e9cifiques. C&#039;est un facteur qui contribue \u00e0 la gamme de desserts.<\/p>\n\n\n\n<h3 class=\"wp-block-heading\">Voici quelques-uns des desserts les plus populaires :<\/h3>\n\n\n\n<ul class=\"wp-block-list\">\n<li>G\u00e2teaux<\/li>\n\n\n\n<li>Des p\u00e2tisseries<\/li>\n\n\n\n<li>Tartes<\/li>\n\n\n\n<li>Confection<\/li>\n\n\n\n<li>Cr\u00e8mes anglaises et puddings<\/li>\n\n\n\n<li>Desserts frits<\/li>\n\n\n\n<li>Desserts glac\u00e9s<\/li>\n\n\n\n<li>G\u00e9latine<\/li>\n\n\n\n<li>Des fruits<\/li>\n\n\n\n<li>Boissons comme des shakes aux fruits, des vins doux et des cocktails cr\u00e9meux<\/li>\n<\/ul>\n\n\n\n<p>En plus de satisfaire nos envies sucr\u00e9es, les desserts peuvent apporter des bienfaits pour la sant\u00e9. Des \u00e9l\u00e9ments essentiels tels que des vitamines, des min\u00e9raux et des antioxydants se trouvent dans les diff\u00e9rents ingr\u00e9dients utilis\u00e9s dans la pr\u00e9paration des desserts et sont essentiels \u00e0 la sant\u00e9 globale. De plus, de nombreuses sucreries sont riches en fibres, ce qui nous aide \u00e0 nous sentir rassasi\u00e9 pendant de longues p\u00e9riodes. Gr\u00e2ce \u00e0 leur teneur naturelle en sucre, les desserts sont \u00e9galement de fantastiques boosters d&#039;\u00e9nergie.<\/p>\n\n\n\n<p>En plus des bienfaits des friandises sucr\u00e9es pour la sant\u00e9, s\u2019en offrir une peut \u00e9galement aider \u00e0 r\u00e9duire le stress et l\u2019anxi\u00e9t\u00e9. Les desserts peuvent susciter de bonnes \u00e9motions telles que le bonheur et le contentement, \u00e9levant ainsi le caract\u00e8re. S&#039;offrir un dessert peut aussi \u00eatre une occasion de d\u00e9tente et de plaisir.<\/p>\n\n\n\n<h2 class=\"wp-block-heading\">M\u00e9thodologies de recherche sur le march\u00e9 des desserts<\/h2>\n\n\n\n<p>Les \u00e9tudes de march\u00e9 fournissent un aper\u00e7u de diverses tendances, pr\u00e9visions et probl\u00e8mes marketing dans l\u2019industrie des desserts. Il existe plusieurs sources principales pour rassembler les donn\u00e9es et les strat\u00e9gies dans l&#039;industrie des desserts. Ces m\u00e9thodes incluent les \u00e9l\u00e9ments suivants\u00a0:<\/p>\n\n\n\n<h2 class=\"wp-block-heading\">\u00c9tude de recherche sur le public cible<\/h2>\n\n\n\n<p>Une recherche approfondie aupr\u00e8s des clients \u00e9tudie l&#039;influence des facteurs sociaux, \u00e9conomiques, culturels et psychologiques sur les attitudes et les d\u00e9cisions d&#039;achat. Le m\u00e9lange de recherches primaires exclusives et de donn\u00e9es distribu\u00e9es produit une \u00e9valuation pr\u00e9cise et distincte. Les m\u00e9thodes comprennent\u00a0:<\/p>\n\n\n\n<ul class=\"wp-block-list\">\n<li>Utiliser des questions de recherche primaires pour des entretiens, des enqu\u00eates et des sondages en ligne pour la collecte et l&#039;analyse de donn\u00e9es.<\/li>\n\n\n\n<li>Utilisation d&#039;\u00e9chantillons de r\u00e9pondants class\u00e9s par sexe, \u00e2ge, revenu du m\u00e9nage et r\u00e9gion.<\/li>\n\n\n\n<li>Le recours \u00e0 un public cibl\u00e9 ou \u00e0 des panels sp\u00e9cialis\u00e9s pour recueillir les r\u00e9ponses de groupes d\u00e9mographiques difficiles \u00e0 atteindre.<\/li>\n\n\n\n<li>Collecting data and strategies from other reputable consumer <a href=\"https:\/\/www.sisinternational.com\/fr\/competence\/cv-dexperience\/cv-dexperience-dans-lindustrie-automobile\/\" title=\"Soci\u00e9t\u00e9 d\u2019\u00e9tudes de march\u00e9 pour l\u2019industrie automobile\"  data-wpil-monitor-id=\"10006\">research companies in the dessert industry<\/a>.<\/li>\n<\/ul>\n\n\n\n<h3 class=\"wp-block-heading\">\u00c9tude de march\u00e9 des desserts sur les concurrents<\/h3>\n\n\n\n<figure class=\"gb-block-image gb-block-image-7575fdcf\"><img loading=\"lazy\" decoding=\"async\" width=\"1456\" height=\"816\" class=\"gb-image gb-image-7575fdcf\" src=\"https:\/\/www.sisinternational.com\/wp-content\/uploads\/2025\/08\/Dessert-5.jpg\" alt=\"\u00c9tudes de march\u00e9 et strat\u00e9gie internationales SIS\" title=\"Dessert (5)\" srcset=\"https:\/\/www.sisinternational.com\/wp-content\/uploads\/2025\/08\/Dessert-5.jpg 1456w, https:\/\/www.sisinternational.com\/wp-content\/uploads\/2025\/08\/Dessert-5-300x168.jpg 300w, https:\/\/www.sisinternational.com\/wp-content\/uploads\/2025\/08\/Dessert-5-1024x574.jpg 1024w, https:\/\/www.sisinternational.com\/wp-content\/uploads\/2025\/08\/Dessert-5-768x430.jpg 768w, https:\/\/www.sisinternational.com\/wp-content\/uploads\/2025\/08\/Dessert-5-18x10.jpg 18w\" sizes=\"auto, (max-width: 1456px) 100vw, 1456px\"><\/figure>\n\n\n\n<p><\/p>\n\n\n\n<p>Trade <a href=\"https:\/\/www.sisinternational.com\/fr\/competence\/les-industries\/etude-de-marche-sur-les-nanoparticules\/\" title=\"\u00c9tude de march\u00e9 sur les nanoparticules\"  data-wpil-monitor-id=\"3329\">research for dessert market<\/a> entails engaging essential companies in the sector to collect information about their operations and perspectives on strategic issues pertinent to the market being studied. This way, any end user of the market research report can address current operation and marketing issues. To assure precision, only seasoned industry representatives can analyze the collected data and strategies in the dessert industry.<\/p>\n\n\n\n<p>Pour certaines \u00e9tudes, la recherche commerciale est men\u00e9e en employant des chercheurs poss\u00e9dant une expertise et une connaissance de l&#039;industrie des desserts. Il s&#039;agit de questions d&#039;entretien compl\u00e8tes sur le march\u00e9 et de citations directes provenant de sources cr\u00e9dibles, qui sont ensuite analys\u00e9es par des professionnels en la mati\u00e8re et incorpor\u00e9es dans le rapport. Cela fournit d\u2019excellentes id\u00e9es concr\u00e8tes dans diverses situations sur les d\u00e9fis actuels et les \u00e9v\u00e9nements du paysage commercial. L&#039;\u00e9tude de march\u00e9 fournit des informations contenant des citations qui transmettent des perspectives significatives sur diverses images des probl\u00e8mes actuels de l&#039;industrie.<\/p>\n\n\n\n<h3 class=\"wp-block-heading\">Pr\u00e9voir les tendances marketing \u00e0 partir des donn\u00e9es pass\u00e9es et pr\u00e9sentes<\/h3>\n\n\n\n<p>The power of historical information to predict the future <a href=\"https:\/\/www.sisinternational.com\/fr\/couverture\/les-ameriques\/couverture-des-etats-unis\/etude-de-marche-dans-letat-de-new-york\/\" title=\"\u00c9tude de march\u00e9 dans l\u2019\u00c9tat de New York\"  data-wpil-monitor-id=\"10011\">state of markets<\/a> is limited. Thus, rich qualitative inputs from industry experts regarding past and future events that may have an impact on the market play a vital role in our post-statistical modeling evaluation process. In addition, analyzing the past <a href=\"https:\/\/www.sisinternational.com\/fr\/competence\/les-industries\/etude-de-marche-des-assistantes-infirmieres-virtuelles\/\" title=\"\u00c9tude de march\u00e9 sur les assistants infirmiers virtuels\"  data-wpil-monitor-id=\"10012\">market and the current year&#8217;s data assists<\/a> in determining the likelihood of various scenarios for estimating the market value of desserts over the following couple of years.<\/p>\n\n\n\n<p>Les pr\u00e9visions statistiques des \u00e9tudes de march\u00e9 sur les desserts autorisent des facteurs suppl\u00e9mentaires en dehors de la capacit\u00e9 de l\u2019analyse des donn\u00e9es. Gr\u00e2ce \u00e0 un processus statistique rigoureux compl\u00e9t\u00e9 par une connaissance et une expertise approfondies du march\u00e9, les r\u00e9sultats peuvent jouer un r\u00f4le crucial dans l\u2019interpr\u00e9tation des tendances susceptibles d\u2019avoir un impact sur l\u2019avenir de l\u2019industrie des desserts.<\/p>\n\n\n\n<h2 class=\"wp-block-heading\">Avantages de l\u2019\u00e9tude de march\u00e9 sur les desserts<\/h2>\n\n\n\n<ul class=\"wp-block-list\">\n<li>Learn about significant <a href=\"https:\/\/www.sisinternational.com\/fr\/tendances-futures-des-etudes-de-marche-qualitatives\/\" title=\"Tendances futures en mati\u00e8re d&#039;\u00e9tudes de march\u00e9 qualitatives\"  data-wpil-monitor-id=\"10007\">market trends that can impact the future<\/a> of doing business.<\/li>\n\n\n\n<li>Identifiez les risques et les avantages lorsqu&#039;il s&#039;agit de lancer de nouveaux produits ou de planifier des campagnes marketing.<\/li>\n\n\n\n<li>Ayez des r\u00e9f\u00e9rences solides avant vos d\u00e9cisions de marketing, de strat\u00e9gie et de planification.<\/li>\n\n\n\n<li>Cr\u00e9ez instantan\u00e9ment une veille concurrentielle que vous pouvez utiliser imm\u00e9diatement<\/li>\n\n\n\n<li>Les \u00e9tudes de march\u00e9 sur les desserts fournissent un aper\u00e7u des informations de divers secteurs d\u2019activit\u00e9 pour aider \u00e0 la planification et aux d\u00e9cisions strat\u00e9giques.<\/li>\n\n\n\n<li>Gives you a greater comprehension of industry rivalry and the <a href=\"https:\/\/www.sisinternational.com\/fr\/solutions\/recherche-de-conseil-en-strategie-fintech\/etude-de-marche-sur-le-financement-de-la-chaine-dapprovisionnement\/\" title=\"\u00c9tude de march\u00e9 sur le financement de la cha\u00eene d\u2019approvisionnement\"  data-wpil-monitor-id=\"10008\">supply chain<\/a> by allowing you to comprehend market dynamics.<\/li>\n\n\n\n<li>Analyse les performances et les param\u00e8tres op\u00e9rationnels importants afin que vous puissiez mesurer votre entreprise par rapport \u00e0 la v\u00f4tre, \u00e0 vos clients et \u00e0 vos concurrents.<\/li>\n<\/ul>\n\n\n\n<h2 class=\"wp-block-heading\">\u00c0 propos de l\u2019\u00e9tude de march\u00e9 sur les desserts<\/h2>\n\n\n\n<figure class=\"gb-block-image gb-block-image-530fa7e3\"><img loading=\"lazy\" decoding=\"async\" width=\"1456\" height=\"816\" class=\"gb-image gb-image-530fa7e3\" src=\"https:\/\/www.sisinternational.com\/wp-content\/uploads\/2025\/08\/Dessert-1.jpg\" alt=\"\u00c9tudes de march\u00e9 et strat\u00e9gie internationales SIS\" title=\"Dessert (1)\" srcset=\"https:\/\/www.sisinternational.com\/wp-content\/uploads\/2025\/08\/Dessert-1.jpg 1456w, https:\/\/www.sisinternational.com\/wp-content\/uploads\/2025\/08\/Dessert-1-300x168.jpg 300w, https:\/\/www.sisinternational.com\/wp-content\/uploads\/2025\/08\/Dessert-1-1024x574.jpg 1024w, https:\/\/www.sisinternational.com\/wp-content\/uploads\/2025\/08\/Dessert-1-768x430.jpg 768w, https:\/\/www.sisinternational.com\/wp-content\/uploads\/2025\/08\/Dessert-1-18x10.jpg 18w\" sizes=\"auto, (max-width: 1456px) 100vw, 1456px\"><\/figure>\n\n\n\n<p><\/p>\n\n\n\n<p>Dessert Market Research delivers a comprehensive analysis of your market, including market drivers and segmentation, consumer attitudes and behaviors, a summary of brand activity and innovation, and market potential. Each study includes data and strategies in the dessert industry that categorizes <a href=\"https:\/\/www.sisinternational.com\/fr\/solutions\/etude-de-marche-de-consommation\/\" title=\"Consumer Market Research Services for Smarter Business Decisions\"  data-wpil-monitor-id=\"10009\">consumer research by demographic and a business<\/a> summary that showcases the report&#8217;s primary findings.<\/p>\n\n\n\n<p>Dessert Market Research provides insights to clients, executive business personnel, and key industry experts into an objective, <a href=\"https:\/\/www.sisinternational.com\/fr\/analyse-de-la-satisfaction-client\/\" title=\"8 fa\u00e7ons d&#039;augmenter la satisfaction des clients dans le commerce de d\u00e9tail\"  data-wpil-monitor-id=\"10005\">custom view of the consumer<\/a> market and a clear roadmap for navigating it. Each study combines original research, reliable market data, and expert analysis to provide you with the tools you need to expand your business.<\/p>","protected":false},"excerpt":{"rendered":"<p>Le march\u00e9 des desserts a des pr\u00e9visions optimistes \u00e0 long terme car c\u2019est un aliment que presque tout le monde appr\u00e9cie et auquel il est difficile de dire non.<\/p>","protected":false},"author":1,"featured_media":64770,"parent":22018,"menu_order":203,"comment_status":"closed","ping_status":"closed","template":"","meta":{"footnotes":""},"class_list":["post-41805","page","type-page","status-publish","has-post-thumbnail"],"_links":{"self":[{"href":"https:\/\/www.sisinternational.com\/fr\/wp-json\/wp\/v2\/pages\/41805","targetHints":{"allow":["GET"]}}],"collection":[{"href":"https:\/\/www.sisinternational.com\/fr\/wp-json\/wp\/v2\/pages"}],"about":[{"href":"https:\/\/www.sisinternational.com\/fr\/wp-json\/wp\/v2\/types\/page"}],"author":[{"embeddable":true,"href":"https:\/\/www.sisinternational.com\/fr\/wp-json\/wp\/v2\/users\/1"}],"replies":[{"embeddable":true,"href":"https:\/\/www.sisinternational.com\/fr\/wp-json\/wp\/v2\/comments?post=41805"}],"version-history":[{"count":6,"href":"https:\/\/www.sisinternational.com\/fr\/wp-json\/wp\/v2\/pages\/41805\/revisions"}],"predecessor-version":[{"id":81656,"href":"https:\/\/www.sisinternational.com\/fr\/wp-json\/wp\/v2\/pages\/41805\/revisions\/81656"}],"up":[{"embeddable":true,"href":"https:\/\/www.sisinternational.com\/fr\/wp-json\/wp\/v2\/pages\/22018"}],"wp:featuredmedia":[{"embeddable":true,"href":"https:\/\/www.sisinternational.com\/fr\/wp-json\/wp\/v2\/media\/64770"}],"wp:attachment":[{"href":"https:\/\/www.sisinternational.com\/fr\/wp-json\/wp\/v2\/media?parent=41805"}],"curies":[{"name":"wp","href":"https:\/\/api.w.org\/{rel}","templated":true}]}}