{"id":41801,"date":"2023-03-16T12:45:05","date_gmt":"2023-03-16T16:45:05","guid":{"rendered":"https:\/\/www.sisinternational.com\/?page_id=41801"},"modified":"2026-03-12T13:31:41","modified_gmt":"2026-03-12T17:31:41","slug":"etude-de-marche-sur-la-viande-cultivee-a-base-de-cellules-de-viande","status":"publish","type":"page","link":"https:\/\/www.sisinternational.com\/fr\/solutions\/etude-de-marche-sur-lindustrie-des-boissons-alimentaires\/etude-de-marche-sur-la-viande-cultivee-a-base-de-cellules-de-viande\/","title":{"rendered":"Viande cultiv\u00e9e (viande \u00e0 base de cellules) \u00c9tude de march\u00e9"},"content":{"rendered":"<h1 class=\"wp-block-heading\">Viande cultiv\u00e9e (viande \u00e0 base de cellules) \u00c9tude de march\u00e9<\/h1>\n\n\n\n<figure class=\"gb-block-image gb-block-image-e3eef122\"><img loading=\"lazy\" decoding=\"async\" width=\"1456\" height=\"816\" class=\"gb-image gb-image-e3eef122\" src=\"https:\/\/www.sisinternational.com\/wp-content\/uploads\/2025\/10\/Meat-5.jpg\" alt=\"\u00c9tudes de march\u00e9 et strat\u00e9gie internationales SIS\" title=\"Meat (5)\" srcset=\"https:\/\/www.sisinternational.com\/wp-content\/uploads\/2025\/10\/Meat-5.jpg 1456w, https:\/\/www.sisinternational.com\/wp-content\/uploads\/2025\/10\/Meat-5-300x168.jpg 300w, https:\/\/www.sisinternational.com\/wp-content\/uploads\/2025\/10\/Meat-5-1024x574.jpg 1024w, https:\/\/www.sisinternational.com\/wp-content\/uploads\/2025\/10\/Meat-5-768x430.jpg 768w, https:\/\/www.sisinternational.com\/wp-content\/uploads\/2025\/10\/Meat-5-18x10.jpg 18w\" sizes=\"auto, (max-width: 1456px) 100vw, 1456px\"><\/figure>\n\n\n\n<p><\/p>\n\n\n\n<p>La production de viande est sous le feu des projecteurs depuis des ann\u00e9es en raison de ses probl\u00e8mes \u00e9thiques et de son impact environnemental. Des hectares de terres sont consacr\u00e9s \u00e0 l&#039;\u00e9levage de b\u00e9tail, ce qui peut affecter la production agricole et la fertilit\u00e9 des terres.<\/p>\n\n\n\n<p>Par cons\u00e9quent, le march\u00e9 a introduit la viande cultiv\u00e9e ou \u00e0 base de cellules pour cr\u00e9er des changements et introduire de nouvelles am\u00e9liorations dans l\u2019industrie de la viande. Cependant, le march\u00e9 de la viande cultiv\u00e9e a suscit\u00e9 des r\u00e9actions mitig\u00e9es de la part des producteurs de viande et des consommateurs.<\/p>\n\n\n\n<p>Although with a rocky start, this market is <a href=\"https:\/\/www.sisinternational.com\/fr\/what-to-expect-in-your-first-year-entering-a-new-market-5-essential-strategies\/\" title=\"What to Expect in Your First Year Entering a New Market: 5 Essential Strategies\"  data-wpil-monitor-id=\"10102\">expected<\/a> to grow in the coming years as it gathers more interest with the promise of producing meat and other proteins with minimal resources needed and lesser chances of getting foodborne illnesses.<\/p>\n\n\n\n<h2 class=\"wp-block-heading\">Qu\u2019est-ce que la viande cultiv\u00e9e ?<\/h2>\n\n\n\n<p>La viande cultiv\u00e9e, \u00e9galement connue sous le nom de viande \u00e0 base de cellules, est produite en cultivant directement des cellules animales pour produire de la vraie viande animale et d&#039;autres prot\u00e9ines. Les cellules utilis\u00e9es proviennent de cellules souches animales, qui sont ensuite dispos\u00e9es de la m\u00eame mani\u00e8re que les tissus de l&#039;animal.<\/p>\n\n\n\n<p>Cet arrangement permet \u00e0 la viande cultiv\u00e9e de conserver la texture, le go\u00fbt et la valeur nutritionnelle d&#039;une prot\u00e9ine animale ordinaire. Les entreprises et les laboratoires recr\u00e9ent avec succ\u00e8s des prot\u00e9ines provenant de diff\u00e9rents animaux, garantissant ainsi une s\u00e9lection plus large pour la consommation publique.<\/p>\n\n\n\n<h2 class=\"wp-block-heading\">Avantages de l\u2019\u00e9tude de march\u00e9 sur la viande cultiv\u00e9e<\/h2>\n\n\n\n<figure class=\"gb-block-image gb-block-image-c68a5439\"><img loading=\"lazy\" decoding=\"async\" width=\"1456\" height=\"816\" class=\"gb-image gb-image-c68a5439\" src=\"https:\/\/www.sisinternational.com\/wp-content\/uploads\/2025\/10\/Meat-1.jpg\" alt=\"\u00c9tudes de march\u00e9 et strat\u00e9gie internationales SIS\" title=\"Meat (1)\" srcset=\"https:\/\/www.sisinternational.com\/wp-content\/uploads\/2025\/10\/Meat-1.jpg 1456w, https:\/\/www.sisinternational.com\/wp-content\/uploads\/2025\/10\/Meat-1-300x168.jpg 300w, https:\/\/www.sisinternational.com\/wp-content\/uploads\/2025\/10\/Meat-1-1024x574.jpg 1024w, https:\/\/www.sisinternational.com\/wp-content\/uploads\/2025\/10\/Meat-1-768x430.jpg 768w, https:\/\/www.sisinternational.com\/wp-content\/uploads\/2025\/10\/Meat-1-18x10.jpg 18w\" sizes=\"auto, (max-width: 1456px) 100vw, 1456px\"><\/figure>\n\n\n\n<p><\/p>\n\n\n\n<p>Le march\u00e9 de la viande cultiv\u00e9e rel\u00e8ve de la zone grise de l\u2019industrie alimentaire, car les prot\u00e9ines cultiv\u00e9es en laboratoire sont tr\u00e8s inhabituelles. C\u2019est l\u00e0 que l\u2019\u00e9tude de march\u00e9 sur la viande cultiv\u00e9e entre en jeu pour fournir des donn\u00e9es et des informations pertinentes aux investisseurs afin de d\u00e9terminer la faisabilit\u00e9 du march\u00e9.<\/p>\n\n\n\n<p>Fondamentalement, cela profite \u00e0 ces entrepreneurs en les aidant \u00e0 comprendre comment fonctionne le march\u00e9 de la viande cultiv\u00e9e et comment il peut s&#039;adapter partout, en tenant compte des consommateurs, de l&#039;environnement et des politiques impos\u00e9es. Pour expliquer plus en d\u00e9tail, voici un aper\u00e7u des avantages d\u2019une \u00e9tude de march\u00e9 sur la viande cultiv\u00e9e\u00a0:<\/p>\n\n\n\n<ul class=\"wp-block-list\">\n<li>Discover whether there is a demand in the area &#8211; Lab-grown protein is considered taboo in many countries. Having dedicated <a href=\"https:\/\/www.sisinternational.com\/fr\/competence\/les-industries\/etude-de-marche-sur-les-peuples-autochtones\/\" title=\"\u00c9tude de march\u00e9 sur les peuples autochtones\"  data-wpil-monitor-id=\"10100\">research to establish whether people<\/a> are eager or opposed to Cultivated Meat can help investors determine if there is an actual demand.<\/li>\n\n\n\n<li>Politiques gouvernementales qui peuvent ou non intervenir avec l\u2019introduction du march\u00e9 de la viande cultiv\u00e9e \u2013 L\u2019\u00e9tude du march\u00e9 de la viande cultiv\u00e9e permet aux investisseurs d\u2019avoir un aper\u00e7u des politiques gouvernementales qui peuvent restreindre ou interdire la production et la vente de viande \u00e0 base de cellules sur leurs territoires respectifs.<\/li>\n\n\n\n<li>Thorough understanding of Cultivated Meat and its market &#8211; Investors might be reluctant to enter the Cultivated Meat Market because it is an uncommon niche segment of the <a href=\"https:\/\/www.sisinternational.com\/fr\/solutions\/etude-de-marche-sur-lindustrie-des-boissons-alimentaires\/\" title=\"\u00c9tude de march\u00e9 de l&#039;industrie alimentaire et des boissons\"  data-wpil-monitor-id=\"10096\">food<\/a> industry. The <a href=\"https:\/\/www.sisinternational.com\/fr\/competence\/les-industries\/directeur-de-linformation-cio-etudes-de-marche\/\" title=\"\u00c9tude de march\u00e9 du directeur de l\u2019information (CIO)\"  data-wpil-monitor-id=\"10099\">research will help explain and clarify information<\/a> that investors might want to know.<\/li>\n\n\n\n<li>Determine the appropriate <a href=\"https:\/\/www.sisinternational.com\/fr\/competence\/les-industries\/etude-de-marche-des-condiments\/\" title=\"\u00c9tude de march\u00e9 des condiments\"  data-wpil-monitor-id=\"3333\">marketing strategies &#8211; The research<\/a> is instrumental in guiding entrepreneurs in targeting their audience and effective steps to reach out to them while mitigating any possible mistake.<\/li>\n\n\n\n<li><a href=\"https:\/\/www.sisinternational.com\/fr\/solutions\/etude-de-marche-sur-les-cheques-en-magasin\/\" title=\"\u00c9tude de march\u00e9 sur le contr\u00f4le des magasins\"  data-wpil-monitor-id=\"2154\">Check the market competition &#8211; The research<\/a> helps determine the standing of each competitor in the market, which allows investors better position themselves.<\/li>\n<\/ul>\n\n\n\n<h2 class=\"wp-block-heading\">Tendances et opportunit\u00e9s sur le march\u00e9 de la viande cultiv\u00e9e<\/h2>\n\n\n\n<p>The landscape of the food industry keeps on changing with the introduction of new products, technology, and methodology. It influences the rise and fall of the key players, so it is essential for businesses to keep abreast of any development and <a href=\"https:\/\/www.sisinternational.com\/fr\/competence\/les-industries\/etude-de-marche-sur-le-changement-climatique\/\" title=\"\u00c9tude de march\u00e9 sur le changement climatique\"  data-wpil-monitor-id=\"10098\">changes in the market<\/a>.<\/p>\n\n\n\n<ul class=\"wp-block-list\">\n<li>Le march\u00e9 de la viande cultiv\u00e9e devrait cro\u00eetre \u00e0 mesure que les entreprises et les laboratoires attendent avec impatience la production commerciale en masse de prot\u00e9ines cellulaires.<\/li>\n\n\n\n<li>Singapour a \u00e9t\u00e9 le premier pays \u00e0 approuver la vente commerciale de viande cultiv\u00e9e, accessible au public. Le premier restaurant \u00e0 servir Cultivated Meat, le restaurant 1880, est \u00e9galement situ\u00e9 \u00e0 Singapour. On s\u2019attend \u00e0 ce que d\u2019autres restaurants embo\u00eetent le pas en int\u00e9grant des prot\u00e9ines cellulaires dans leur menu.<\/li>\n\n\n\n<li>La Food and Drugs Administration (FDA) a autoris\u00e9 et approuv\u00e9 la viande cultiv\u00e9e pour la consommation humaine, expliquant qu&#039;elle est fabriqu\u00e9e en toute s\u00e9curit\u00e9 dans un environnement contr\u00f4l\u00e9. On disait que la culture de prot\u00e9ines cultiv\u00e9es en laboratoire \u00e9tait similaire au brassage de la bi\u00e8re.<\/li>\n\n\n\n<li>G\u00e9n\u00e9ralement, les prot\u00e9ines cultiv\u00e9es en laboratoire sont plus saines et plus s\u00fbres. Comme il est constitu\u00e9 de cellules souches, il n\u2019y a pas d\u2019organes internes. Cela signifie que la viande cultiv\u00e9e emp\u00eache toute contamination crois\u00e9e, ce qui arrive parfois lors du d\u00e9pe\u00e7age de la viande. Aucun agent d&#039;engraissement ni hormone de croissance n&#039;est inject\u00e9, ce qui est une pratique courante dans certains \u00e9levages de bovins et d&#039;\u00e9levages.<\/li>\n\n\n\n<li>With FDA greenlighting the Cultivated Meat for human consumption, businesses are more keen to produce better, opening new career opportunities for talented scientists and contributors. Interestingly, it can also boost the demand for <a href=\"https:\/\/www.sisinternational.com\/fr\/competence\/les-industries\/etude-de-marche-des-chefs-de-boissons-alimentaires\/\" title=\"\u00c9tude de march\u00e9 des chefs de cuisine et de boissons\"  data-wpil-monitor-id=\"10101\">food scientists and chefs<\/a> to find ways to mimic the taste, texture, and aroma of the actual animal protein.<\/li>\n\n\n\n<li>Le march\u00e9 de la viande cultiv\u00e9e vise \u00e0 couvrir autant de prot\u00e9ines animales que possible, y compris les fruits de mer. Il vise \u00e9galement \u00e0 r\u00e9pondre aux besoins d\u00e9mographiques qui ne consomment pas de viande.<\/li>\n\n\n\n<li>La viande cultiv\u00e9e n\u00e9cessite moins d\u2019\u00e9nergie et de ressources pour \u00eatre produite. Par cons\u00e9quent, cela signifie \u00e9galement qu\u2019elle \u00e9met moins de gaz \u00e0 effet de serre par rapport \u00e0 la viande traditionnelle, ce qui en fait un moyen plus durable de r\u00e9colter des prot\u00e9ines animales.<\/li>\n<\/ul>\n\n\n\n<h2 class=\"wp-block-heading\">Les d\u00e9fis du march\u00e9 de la viande cultiv\u00e9e<\/h2>\n\n\n\n<figure class=\"gb-block-image gb-block-image-381ce24f\"><img loading=\"lazy\" decoding=\"async\" width=\"1456\" height=\"816\" class=\"gb-image gb-image-381ce24f\" src=\"https:\/\/www.sisinternational.com\/wp-content\/uploads\/2025\/10\/Meat-3.jpg\" alt=\"\u00c9tudes de march\u00e9 et strat\u00e9gie internationales SIS\" title=\"Meat (3)\" srcset=\"https:\/\/www.sisinternational.com\/wp-content\/uploads\/2025\/10\/Meat-3.jpg 1456w, https:\/\/www.sisinternational.com\/wp-content\/uploads\/2025\/10\/Meat-3-300x168.jpg 300w, https:\/\/www.sisinternational.com\/wp-content\/uploads\/2025\/10\/Meat-3-1024x574.jpg 1024w, https:\/\/www.sisinternational.com\/wp-content\/uploads\/2025\/10\/Meat-3-768x430.jpg 768w, https:\/\/www.sisinternational.com\/wp-content\/uploads\/2025\/10\/Meat-3-18x10.jpg 18w\" sizes=\"auto, (max-width: 1456px) 100vw, 1456px\"><\/figure>\n\n\n\n<p><\/p>\n\n\n\n<p>Despite all the <a href=\"https:\/\/www.sisinternational.com\/fr\/solutions\/conseil-en-strategie\/recherche-dopportunites-de-marche\/\" title=\"Recherche d&#039;opportunit\u00e9s de march\u00e9\"  data-wpil-monitor-id=\"10097\">opportunities present in the market<\/a>, there are some challenges attached to it. Most of the issues often relate to the meat itself, raising questions about its authenticity as animal meat, its production, and the consequences of its availability to the public.<\/p>\n\n\n\n<p>Hence, the <a href=\"https:\/\/www.sisinternational.com\/fr\/analyse-de-suivi-des-elections-de-la-strategie-de-marketing-sur-les-elections\/\" title=\"Suivi des \u00e9lections\u00a0: analyse de la strat\u00e9gie marketing \u00e9lectorale\"  data-wpil-monitor-id=\"10103\">market is expected to face the following<\/a> challenges:<\/p>\n\n\n\n<ul class=\"wp-block-list\">\n<li>Prix non comp\u00e9titifs\u00a0: La viande cultiv\u00e9e n\u00e9cessite des scientifiques et des outils sp\u00e9cialis\u00e9s pour la produire, ce qui signifie des co\u00fbts de fabrication plus \u00e9lev\u00e9s. Mais des propositions ont \u00e9t\u00e9 pr\u00e9sent\u00e9es pour r\u00e9duire le co\u00fbt de la viande \u00e0 base de cellules. La premi\u00e8re consiste \u00e0 r\u00e9duire le facteur de croissance et les prot\u00e9ines recombinantes en les rempla\u00e7ant par des alternatives \u00e0 base de plantes et de champignons.<\/li>\n\n\n\n<li>Production lente\u00a0: contrairement \u00e0 l&#039;\u00e9levage traditionnel, la production de viande cultiv\u00e9e comprend des bioproc\u00e9d\u00e9s qui n\u00e9cessitent des comp\u00e9tences techniques pour compl\u00e9ter les prot\u00e9ines animales. Ce processus rend la production de viande fastidieuse et indisponible pour une production de masse. Certains scientifiques et investisseurs s&#039;associent pour mener des \u00e9tudes et des exp\u00e9riences visant \u00e0 augmenter la capacit\u00e9 de production tout en conservant la qualit\u00e9 de la viande cultiv\u00e9e.<\/li>\n\n\n\n<li>Approvisionnement en mati\u00e8res premi\u00e8res pour chaque prot\u00e9ine animale : Aucune viande animale n\u2019a le m\u00eame go\u00fbt, le d\u00e9fi est donc de trouver les mati\u00e8res premi\u00e8res appropri\u00e9es \u00e0 incorporer pour chaque cellule souche.<\/li>\n\n\n\n<li>La critique de la Viande Cultiv\u00e9e : Il existe de nombreuses opinions quant \u00e0 l&#039;existence de la Viande Cellulaire et \u00e0 son r\u00f4le de remplacement ou d&#039;alternative aux prot\u00e9ines animales. Certains y expriment une forte opposition, invoquant diff\u00e9rentes raisons, depuis le fait qu&#039;il est contre nature et contre nature jusqu&#039;\u00e0 l&#039;\u00e9thique douteuse de l&#039;utilisation de cellules souches pour cr\u00e9er des prot\u00e9ines.<\/li>\n<\/ul>","protected":false},"excerpt":{"rendered":"<p>La viande cultiv\u00e9e (\u00e0 base de cellules) est produite en cultivant directement des cellules animales pour produire de la vraie viande animale et d&#039;autres prot\u00e9ines.<\/p>","protected":false},"author":1,"featured_media":71674,"parent":22018,"menu_order":202,"comment_status":"closed","ping_status":"closed","template":"","meta":{"footnotes":""},"class_list":["post-41801","page","type-page","status-publish","has-post-thumbnail"],"_links":{"self":[{"href":"https:\/\/www.sisinternational.com\/fr\/wp-json\/wp\/v2\/pages\/41801","targetHints":{"allow":["GET"]}}],"collection":[{"href":"https:\/\/www.sisinternational.com\/fr\/wp-json\/wp\/v2\/pages"}],"about":[{"href":"https:\/\/www.sisinternational.com\/fr\/wp-json\/wp\/v2\/types\/page"}],"author":[{"embeddable":true,"href":"https:\/\/www.sisinternational.com\/fr\/wp-json\/wp\/v2\/users\/1"}],"replies":[{"embeddable":true,"href":"https:\/\/www.sisinternational.com\/fr\/wp-json\/wp\/v2\/comments?post=41801"}],"version-history":[{"count":7,"href":"https:\/\/www.sisinternational.com\/fr\/wp-json\/wp\/v2\/pages\/41801\/revisions"}],"predecessor-version":[{"id":81671,"href":"https:\/\/www.sisinternational.com\/fr\/wp-json\/wp\/v2\/pages\/41801\/revisions\/81671"}],"up":[{"embeddable":true,"href":"https:\/\/www.sisinternational.com\/fr\/wp-json\/wp\/v2\/pages\/22018"}],"wp:featuredmedia":[{"embeddable":true,"href":"https:\/\/www.sisinternational.com\/fr\/wp-json\/wp\/v2\/media\/71674"}],"wp:attachment":[{"href":"https:\/\/www.sisinternational.com\/fr\/wp-json\/wp\/v2\/media?parent=41801"}],"curies":[{"name":"wp","href":"https:\/\/api.w.org\/{rel}","templated":true}]}}