{"id":41797,"date":"2023-03-16T12:34:21","date_gmt":"2023-03-16T16:34:21","guid":{"rendered":"https:\/\/www.sisinternational.com\/?page_id=41797"},"modified":"2026-01-26T17:22:31","modified_gmt":"2026-01-26T22:22:31","slug":"etude-de-marche-des-condiments","status":"publish","type":"page","link":"https:\/\/www.sisinternational.com\/fr\/competence\/etude-de-marche-des-condiments\/","title":{"rendered":"\u00c9tude de march\u00e9 des condiments"},"content":{"rendered":"<h1 class=\"wp-block-heading\">\u00c9tude de march\u00e9 des condiments<\/h1>\n\n\n\n<figure class=\"gb-block-image gb-block-image-ae245be1\"><img loading=\"lazy\" decoding=\"async\" width=\"1456\" height=\"816\" class=\"gb-image gb-image-ae245be1\" src=\"https:\/\/www.sisinternational.com\/wp-content\/uploads\/2025\/08\/Saudi-Arabia-33-27.jpg\" alt=\"\u00c9tudes de march\u00e9 et strat\u00e9gie internationales SIS\" title=\"Saudi Arabia 33 (27)\" srcset=\"https:\/\/www.sisinternational.com\/wp-content\/uploads\/2025\/08\/Saudi-Arabia-33-27.jpg 1456w, https:\/\/www.sisinternational.com\/wp-content\/uploads\/2025\/08\/Saudi-Arabia-33-27-300x168.jpg 300w, https:\/\/www.sisinternational.com\/wp-content\/uploads\/2025\/08\/Saudi-Arabia-33-27-1024x574.jpg 1024w, https:\/\/www.sisinternational.com\/wp-content\/uploads\/2025\/08\/Saudi-Arabia-33-27-768x430.jpg 768w, https:\/\/www.sisinternational.com\/wp-content\/uploads\/2025\/08\/Saudi-Arabia-33-27-18x10.jpg 18w\" sizes=\"auto, (max-width: 1456px) 100vw, 1456px\"><\/figure>\n\n\n\n<p><\/p>\n\n\n\n<p>L\u2019\u00e9tude de march\u00e9 des condiments examinera les tendances et opportunit\u00e9s actuelles dans l\u2019industrie des condiments. L&#039;industrie des condiments a connu une croissance ces derni\u00e8res ann\u00e9es, aliment\u00e9e par des facteurs tels que l&#039;\u00e9volution des pr\u00e9f\u00e9rences des consommateurs, la demande croissante de plats cuisin\u00e9s et la mont\u00e9e en puissance de l&#039;industrie de la restauration.<\/p>\n\n\n\n<p>Cependant, avec les probl\u00e8mes de sant\u00e9 persistants dans le monde entier dus aux changements post-pand\u00e9miques et \u00e0 leur impact sur l&#039;industrie alimentaire, le march\u00e9 des condiments est confront\u00e9 \u00e0 certains d\u00e9fis, notamment des perturbations de la cha\u00eene d&#039;approvisionnement et un changement de comportement des consommateurs.<\/p>\n\n\n\n<p>Condiment Market Research provides insights into the current state of the condiment market, including market size, market segments, and market trends. Additionally, the <a href=\"https:\/\/www.sisinternational.com\/fr\/solutions\/etude-de-consommation-internationale\/\" title=\"Recherche internationale sur la consommation\"  data-wpil-monitor-id=\"10016\">research will examine consumer<\/a> preferences and behavior when it comes to condiments, including factors such as brand loyalty, ingredient preferences, and packaging choices.<\/p>\n\n\n\n<h2 class=\"wp-block-heading\">Que sont les condiments ?<\/h2>\n\n\n\n<p>Les condiments sont des substances utilis\u00e9es pour rehausser la saveur, la texture ou l&#039;apparence des aliments. Ils sont g\u00e9n\u00e9ralement ajout\u00e9s aux aliments avant ou apr\u00e8s la cuisson et peuvent \u00eatre sal\u00e9s ou sucr\u00e9s. Les condiments sont couramment utilis\u00e9s pour compl\u00e9ter ou \u00e9quilibrer la saveur d&#039;un plat, ajouter de l&#039;humidit\u00e9 ou offrir un contraste de texture.<\/p>\n\n\n\n<h3 class=\"wp-block-heading\">Il existe de nombreux types de condiments et ils peuvent \u00eatre class\u00e9s de plusieurs mani\u00e8res. Voici quelques cat\u00e9gories courantes de condiments\u00a0:<\/h3>\n\n\n\n<ul class=\"wp-block-list\">\n<li>Les sauces sont des condiments liquides ou semi-solides g\u00e9n\u00e9ralement vers\u00e9s ou m\u00e9lang\u00e9s aux aliments. Les exemples incluent la sauce tomate, la sauce soja et la sauce.<\/li>\n\n\n\n<li>Les trempettes sont des condiments plus \u00e9pais dans lesquels tremper les aliments. Les exemples incluent la salsa, le houmous et le guacamole.<\/li>\n\n\n\n<li>Les tartinades sont des condiments qui sont appliqu\u00e9s ou arros\u00e9s sur du pain ou des craquelins. Les exemples incluent le beurre, le beurre de cacahu\u00e8te et la confiture.<\/li>\n\n\n\n<li>Les assaisonnements sont des condiments utilis\u00e9s pour ajouter de la saveur aux aliments. Les exemples incluent le sel, le poivre et les herbes.<br>Les cornichons et les condiments sont des condiments \u00e0 base de l\u00e9gumes ou de fruits marin\u00e9s. Les exemples incluent les cornichons, les chutneys et la relish.<\/li>\n\n\n\n<li>Les vinaigrettes sont des condiments liquides utilis\u00e9s pour parfumer les salades. Les exemples incluent les vinaigrettes, les vinaigrettes et la mayonnaise.<\/li>\n<\/ul>\n\n\n\n<p>Les condiments peuvent \u00e9galement \u00eatre class\u00e9s selon des profils de saveur, tels que sucr\u00e9, \u00e9pic\u00e9 ou sal\u00e9. De plus, ils peuvent \u00e9galement \u00eatre distingu\u00e9s en fonction de leurs origines culturelles ou r\u00e9gionales, comme les condiments italiens, asiatiques ou mexicains.<\/p>\n\n\n\n<h2 class=\"wp-block-heading\">Quels sont les principaux moteurs de l\u2019industrie du march\u00e9 des condiments ?<\/h2>\n\n\n\n<figure class=\"gb-block-image gb-block-image-c2a00e1e\"><img loading=\"lazy\" decoding=\"async\" width=\"1456\" height=\"816\" class=\"gb-image gb-image-c2a00e1e\" src=\"https:\/\/www.sisinternational.com\/wp-content\/uploads\/2025\/08\/Saudi-Arabia-33-28.jpg\" alt=\"\u00c9tudes de march\u00e9 et strat\u00e9gie internationales SIS\" title=\"Saudi Arabia 33 (28)\" srcset=\"https:\/\/www.sisinternational.com\/wp-content\/uploads\/2025\/08\/Saudi-Arabia-33-28.jpg 1456w, https:\/\/www.sisinternational.com\/wp-content\/uploads\/2025\/08\/Saudi-Arabia-33-28-300x168.jpg 300w, https:\/\/www.sisinternational.com\/wp-content\/uploads\/2025\/08\/Saudi-Arabia-33-28-1024x574.jpg 1024w, https:\/\/www.sisinternational.com\/wp-content\/uploads\/2025\/08\/Saudi-Arabia-33-28-768x430.jpg 768w, https:\/\/www.sisinternational.com\/wp-content\/uploads\/2025\/08\/Saudi-Arabia-33-28-18x10.jpg 18w\" sizes=\"auto, (max-width: 1456px) 100vw, 1456px\"><\/figure>\n\n\n\n<p><\/p>\n\n\n\n<h3 class=\"wp-block-heading\">Il existe plusieurs facteurs cl\u00e9s qui influencent actuellement l\u2019industrie du march\u00e9 des condiments\u00a0:<\/h3>\n\n\n\n<ul class=\"wp-block-list\">\n<li>Changer les pr\u00e9f\u00e9rences des consommateurs. Les consommateurs recherchent des condiments plus sains, plus naturels et biologiques, faibles en sucre, en gras et en sel. Ils veulent \u00e9galement une vari\u00e9t\u00e9 de saveurs et d\u2019options parmi lesquelles choisir, y compris des saveurs ethniques et r\u00e9gionales.<\/li>\n\n\n\n<li>Exigence de commodit\u00e9. Les consommateurs ont un mode de vie de plus en plus charg\u00e9, ce qui a entra\u00een\u00e9 une augmentation de la demande de condiments pr\u00eats \u00e0 l&#039;emploi, faciles \u00e0 conserver et \u00e0 utiliser.<\/li>\n\n\n\n<li>Growth in the Foodservice Industry. The growth of the <a class=\"wpil_keyword_link\" href=\"https:\/\/www.sisinternational.com\/fr\/industrie-de-la-restauration\/\"   title=\"Pleins feux sur l&#039;industrie de la restauration 2011\" data-wpil-keyword-link=\"linked\"  data-wpil-monitor-id=\"386\">industrie de la restauration<\/a>, including fast food and casual dining restaurants, has increased the demand for condiments. Restaurants are looking for new and innovative condiment options to differentiate themselves and attract customers.<\/li>\n\n\n\n<li>Expansion of Retail Channels. Retail channels such as supermarkets, hypermarkets, and online platforms have expanded, providing <a href=\"https:\/\/www.sisinternational.com\/fr\/solutions\/solutions-de-recherche-qualitative-et-quantitative\/enhancing-product-appeal-through-consumer-choice-modeling\/\" title=\"Consumer Choice Modeling\"  data-wpil-monitor-id=\"10021\">consumers with more choices<\/a> and convenience when it comes to purchasing condiments.<br>Conscience croissante de la sant\u00e9. Avec la prise de conscience croissante de leur sant\u00e9, les consommateurs recherchent des condiments faibles en calories et pr\u00e9sentant des avantages nutritionnels suppl\u00e9mentaires tels que des vitamines et des min\u00e9raux.<\/li>\n\n\n\n<li>Urbanisation croissante. \u00c0 mesure que les gens se d\u00e9placent en masse vers les villes, la demande de condiments pouvant \u00eatre facilement stock\u00e9s et utilis\u00e9s dans des espaces plus petits a augment\u00e9.<\/li>\n\n\n\n<li>La mondialisation croissante. \u00c0 mesure que le monde devient plus connect\u00e9, il existe une demande croissante de saveurs internationales et r\u00e9gionales, entra\u00eenant une augmentation de la demande de condiments r\u00e9pondant aux diff\u00e9rentes pr\u00e9f\u00e9rences culturelles et r\u00e9gionales.<\/li>\n<\/ul>\n\n\n\n<p>Ces facteurs cl\u00e9s fa\u00e7onnent l\u2019industrie du march\u00e9 des condiments et continueront probablement de l\u2019influencer dans les ann\u00e9es \u00e0 venir.<\/p>\n\n\n\n<h2 class=\"wp-block-heading\">Condiment march\u00e9 M\u00e9thodologie de la recherche<\/h2>\n\n\n\n<p>Dans les \u00e9tudes de march\u00e9 sur les condiments, plusieurs m\u00e9thodes peuvent \u00eatre utilis\u00e9es pour recueillir des informations et des id\u00e9es sur l\u2019industrie, les consommateurs et les concurrents. Voici quelques techniques standards\u00a0:<\/p>\n\n\n\n<ul class=\"wp-block-list\">\n<li>Des enqu\u00eates sont men\u00e9es pour recueillir des donn\u00e9es sur les pr\u00e9f\u00e9rences, les attitudes et les comportements des consommateurs li\u00e9s aux condiments.<\/li>\n\n\n\n<li><a href=\"https:\/\/www.sisinternational.com\/fr\/solutions\/societe-detudes-de-marche-par-echantillonnage-et-sondage-en-ligne\/\" title=\"Enqu\u00eate en ligne \u00c9chantillonnage Soci\u00e9t\u00e9 d&#039;\u00e9tudes de march\u00e9\"  data-wpil-monitor-id=\"10018\">Surveys can be completed online<\/a>, by phone, or in person.<\/li>\n\n\n\n<li>The creation of <a href=\"https:\/\/www.sisinternational.com\/fr\/couverture\/leurope-%ef%83%97\/etude-de-marche-liverpool-royaume-uni\/\" title=\"\u00c9tude de march\u00e9 \u00e0 Liverpool | Groupes de discussion et collecte de donn\u00e9es au Royaume-Uni\"  data-wpil-monitor-id=\"10015\">focus groups to gather qualitative data<\/a> about consumer opinions and perceptions of condiments. Participants are typically asked open-ended questions about their experiences with different types of condiments, their feedback, and their preferences.<\/li>\n\n\n\n<li>Des entretiens peuvent \u00eatre men\u00e9s avec des experts du secteur, des fabricants de condiments et d\u2019autres parties prenantes pour recueillir des informations sur les tendances, les d\u00e9fis et les opportunit\u00e9s du secteur.<\/li>\n\n\n\n<li>Observational <a href=\"https:\/\/www.sisinternational.com\/fr\/solutions\/solutions-de-branding-et-de-recherche-client\/recherche-dagencement-de-magasin\/\" title=\"Recherche d&#039;am\u00e9nagement de magasin\"  data-wpil-monitor-id=\"6500\">research can involve visiting retail stores<\/a> and food service establishments to gather information about consumer behavior and purchasing patterns related to condiments.<\/li>\n\n\n\n<li>La recherche secondaire consiste \u00e0 recueillir des donn\u00e9es et des informations provenant de sources existantes, telles que des rapports industriels, des publications gouvernementales et des revues universitaires.<\/li>\n\n\n\n<li>L&#039;\u00e9coute des m\u00e9dias sociaux implique la surveillance et l&#039;analyse des plateformes de m\u00e9dias sociaux pour recueillir des informations sur les opinions, attitudes et comportements des consommateurs li\u00e9s aux condiments.<\/li>\n\n\n\n<li>Online <a href=\"https:\/\/www.sisinternational.com\/fr\/solutions\/conseil-en-strategie\/analyse-des-donnees\/\" title=\"Soci\u00e9t\u00e9 d&#039;analyse de donn\u00e9es\"  data-wpil-monitor-id=\"10017\">analytics involves analyzing data<\/a> from online sales platforms to gather information about sales trends and consumer purchasing patterns related to condiments.<\/li>\n<\/ul>\n\n\n\n<p>En utilisant une combinaison de ces m\u00e9thodes, les chercheurs du march\u00e9 des condiments peuvent recueillir des donn\u00e9es et des informations compl\u00e8tes sur l\u2019industrie, les consommateurs et les concurrents. Ces informations peuvent \u00eatre utilis\u00e9es pour \u00e9clairer le d\u00e9veloppement de produits, les strat\u00e9gies marketing et les d\u00e9cisions commerciales dans l\u2019industrie des condiments.<\/p>\n\n\n\n<h2 class=\"wp-block-heading\">\u00c0 propos de l\u2019\u00e9tude de march\u00e9 sur les condiments<\/h2>\n\n\n\n<p>Les enseignements de cette recherche seront utiles aux fabricants, d\u00e9taillants et distributeurs de condiments, ainsi qu\u2019\u00e0 d\u2019autres parties prenantes de l\u2019industrie alimentaire. Les r\u00e9sultats contribueront \u00e0 les informer sur le d\u00e9veloppement de produits, les strat\u00e9gies de marketing et les d\u00e9cisions commerciales sur ce march\u00e9 comp\u00e9titif et en \u00e9volution.<\/p>\n\n\n\n<p><a href=\"https:\/\/www.sisinternational.com\/fr\/solutions\/solutions-de-recherche-qualitative-et-quantitative\/quantitative-research-benefits\/\" title=\"Quantitative Research Benefits\"  data-wpil-monitor-id=\"10020\">Benefits of this research<\/a> include but are not limited to:<\/p>\n\n\n\n<ul class=\"wp-block-list\">\n<li>Aider les entreprises \u00e0 identifier les tendances actuelles et \u00e9mergentes du march\u00e9<\/li>\n\n\n\n<li>Comprendre le comportement des consommateurs en ce qui concerne les habitudes d&#039;achat li\u00e9es aux condiments<\/li>\n\n\n\n<li>Identifier les besoins des consommateurs comme base pour d\u00e9velopper de nouveaux produits<\/li>\n\n\n\n<li><a href=\"https:\/\/www.sisinternational.com\/fr\/solutions\/solutions-de-branding-et-de-recherche-client\/etude-de-marche-sur-les-tests-de-produits\/new-product-concept-testing-methods\/\" title=\"New Product Concept Testing Methods\"  data-wpil-monitor-id=\"10013\">Testing product concepts<\/a> before launching<\/li>\n\n\n\n<li>Identifying potential partnerships to <a href=\"https:\/\/www.sisinternational.com\/fr\/elargir-la-portee-du-marche-grace-a-une-strategie-marketing-a-multiples-facettes\/\" title=\"\u00c9largir la port\u00e9e du march\u00e9 gr\u00e2ce \u00e0 une strat\u00e9gie marketing \u00e0 multiples facettes\"  data-wpil-monitor-id=\"10014\">expand market reach<\/a><\/li>\n\n\n\n<li>Les \u00e9tudes de march\u00e9 sur les condiments fournissent des informations qui peuvent aider les entreprises \u00e0 comprendre les besoins et les pr\u00e9f\u00e9rences des clients.<\/li>\n<\/ul>\n\n\n\n<p>Les \u00e9tudes de march\u00e9 sur les condiments sont essentielles pour les entreprises qui souhaitent rester comp\u00e9titives et d\u00e9velopper des produits et services r\u00e9pondant aux besoins changeants des consommateurs. En collectant des informations et des donn\u00e9es sur le secteur, les consommateurs et les concurrents, les entreprises peuvent prendre des d\u00e9cisions \u00e9clair\u00e9es qui peuvent stimuler la croissance, la rentabilit\u00e9 et la r\u00e9silience du secteur.<\/p>","protected":false},"excerpt":{"rendered":"<p>La diversit\u00e9 des pr\u00e9f\u00e9rences des consommateurs, la demande de plats cuisin\u00e9s et la mont\u00e9e en puissance de l\u2019industrie de la restauration alimentent la croissance du march\u00e9 des condiments.<\/p>","protected":false},"author":1,"featured_media":65109,"parent":14514,"menu_order":201,"comment_status":"closed","ping_status":"closed","template":"","meta":{"footnotes":""},"class_list":["post-41797","page","type-page","status-publish","has-post-thumbnail"],"_links":{"self":[{"href":"https:\/\/www.sisinternational.com\/fr\/wp-json\/wp\/v2\/pages\/41797","targetHints":{"allow":["GET"]}}],"collection":[{"href":"https:\/\/www.sisinternational.com\/fr\/wp-json\/wp\/v2\/pages"}],"about":[{"href":"https:\/\/www.sisinternational.com\/fr\/wp-json\/wp\/v2\/types\/page"}],"author":[{"embeddable":true,"href":"https:\/\/www.sisinternational.com\/fr\/wp-json\/wp\/v2\/users\/1"}],"replies":[{"embeddable":true,"href":"https:\/\/www.sisinternational.com\/fr\/wp-json\/wp\/v2\/comments?post=41797"}],"version-history":[{"count":6,"href":"https:\/\/www.sisinternational.com\/fr\/wp-json\/wp\/v2\/pages\/41797\/revisions"}],"predecessor-version":[{"id":81657,"href":"https:\/\/www.sisinternational.com\/fr\/wp-json\/wp\/v2\/pages\/41797\/revisions\/81657"}],"up":[{"embeddable":true,"href":"https:\/\/www.sisinternational.com\/fr\/wp-json\/wp\/v2\/pages\/14514"}],"wp:featuredmedia":[{"embeddable":true,"href":"https:\/\/www.sisinternational.com\/fr\/wp-json\/wp\/v2\/media\/65109"}],"wp:attachment":[{"href":"https:\/\/www.sisinternational.com\/fr\/wp-json\/wp\/v2\/media?parent=41797"}],"curies":[{"name":"wp","href":"https:\/\/api.w.org\/{rel}","templated":true}]}}