{"id":41779,"date":"2023-03-15T21:01:12","date_gmt":"2023-03-16T01:01:12","guid":{"rendered":"https:\/\/www.sisinternational.com\/?page_id=41779"},"modified":"2026-03-13T01:28:15","modified_gmt":"2026-03-13T05:28:15","slug":"test-demplacement-central-etude-de-marche-clt","status":"publish","type":"page","link":"https:\/\/www.sisinternational.com\/fr\/central-location-tests-clt-page\/test-demplacement-central-etude-de-marche-clt\/","title":{"rendered":"\u00c9tude de march\u00e9 CLT"},"content":{"rendered":"<h1 class=\"wp-block-heading\">\u00c9tude de march\u00e9 sur les tests de localisation centrale (CLT)<\/h1>\n\n\n\n<figure class=\"gb-block-image gb-block-image-b43b49ee\"><img loading=\"lazy\" decoding=\"async\" width=\"1456\" height=\"816\" class=\"gb-image gb-image-b43b49ee\" src=\"https:\/\/www.sisinternational.com\/wp-content\/uploads\/2025\/09\/Quantitative-research-1d4-3.jpg\" alt=\"\u00c9tudes de march\u00e9 et strat\u00e9gie internationales SIS\" title=\"Quantitative research (1d4) (3)\" srcset=\"https:\/\/www.sisinternational.com\/wp-content\/uploads\/2025\/09\/Quantitative-research-1d4-3.jpg 1456w, https:\/\/www.sisinternational.com\/wp-content\/uploads\/2025\/09\/Quantitative-research-1d4-3-300x168.jpg 300w, https:\/\/www.sisinternational.com\/wp-content\/uploads\/2025\/09\/Quantitative-research-1d4-3-1024x574.jpg 1024w, https:\/\/www.sisinternational.com\/wp-content\/uploads\/2025\/09\/Quantitative-research-1d4-3-768x430.jpg 768w, https:\/\/www.sisinternational.com\/wp-content\/uploads\/2025\/09\/Quantitative-research-1d4-3-18x10.jpg 18w\" sizes=\"auto, (max-width: 1456px) 100vw, 1456px\"><\/figure>\n\n\n\n<p><\/p>\n\n\n\n<p>L&#039;\u00e9tude de march\u00e9 CLT est une m\u00e9thode d&#039;\u00e9valuation des attitudes et des comportements des consommateurs dans un environnement contr\u00f4l\u00e9. Ce type d&#039;\u00e9tude de march\u00e9 est r\u00e9alis\u00e9 dans des centres de test pour obtenir des informations sur les choix, les attitudes et les comportements des clients en temps r\u00e9el dans un environnement hautement surveill\u00e9 o\u00f9 les comportements peuvent \u00eatre analys\u00e9s en d\u00e9tail.<\/p>\n\n\n\n<h2 class=\"wp-block-heading\">Qu\u2019est-ce qu\u2019une \u00e9tude de march\u00e9 CLT ?<\/h2>\n\n\n\n<p>Il s&#039;agit d&#039;un type d&#039;\u00e9tude de march\u00e9 men\u00e9e dans un environnement pr\u00e9d\u00e9termin\u00e9 tel qu&#039;un centre commercial ou des laboratoires de tests pour obtenir des d\u00e9tails sur les habitudes et les pr\u00e9f\u00e9rences des acheteurs. Par cons\u00e9quent, les \u00e9tudes de march\u00e9 CLT doivent \u00eatre men\u00e9es avec les conseils de sp\u00e9cialistes pour exclure les biais et garantir un r\u00e9sultat positif.<\/p>\n\n\n\n<p>Unlike other varieties of <a title=\"\u00c9tude de march\u00e9 sur les sondages politiques\" href=\"https:\/\/www.sisinternational.com\/fr\/competence\/les-industries\/etude-de-marche-sur-les-sondages-politiques\/\" data-wpil-monitor-id=\"10116\">market research such as online polls<\/a> or in-home usage tests, CLT market research occurs in a managed atmosphere to provide a more authentic depiction of consumer behavior. By collecting data in a supervised environment, CLT market research delivers precise and significant insights into consumer preferences.<\/p>\n\n\n\n<h2 class=\"wp-block-heading\">Avantages de l\u2019\u00e9tude de march\u00e9 CLT<\/h2>\n\n\n\n<ul class=\"wp-block-list\">\n<li>L\u2019\u00e9tude de march\u00e9 CLT est un outil essentiel pour obtenir des informations sur les attitudes et les comportements des acheteurs qui pourraient \u00e9clairer les d\u00e9cisions en mati\u00e8re de conception de produits, de strat\u00e9gie de marque, de publicit\u00e9 et de positionnement sur le march\u00e9.<\/li>\n\n\n\n<li>Il fournit des connaissances pr\u00e9cieuses sur les habitudes et les points de vue des acheteurs, qui peuvent aider \u00e0 fa\u00e7onner les strat\u00e9gies de d\u00e9veloppement de produits, de marque, de publicit\u00e9 et de placement sur le march\u00e9.<\/li>\n\n\n\n<li>Les \u00e9tudes de march\u00e9 CLT aident les entreprises \u00e0 tirer le meilleur parti de leurs op\u00e9rations marketing. En comprenant les go\u00fbts et les opinions des clients, les entreprises peuvent ajuster leur mat\u00e9riel promotionnel et leurs promotions pour r\u00e9pondre aux d\u00e9sirs de leur march\u00e9 cible.<\/li>\n\n\n\n<li>It provides a competitive advantage and a thorough understanding of customer behavior and motivations. This data can be utilized to strengthen <a title=\"Comment d\u00e9velopper votre entreprise\" data-wpil-monitor-id=\"10105\" href=\"https:\/\/www.sisinternational.com\/fr\/comment-developper-votre-entreprise\/\">business operations and strategies<\/a>, allowing companies to get an edge in the industry.<\/li>\n\n\n\n<li>L&#039;\u00e9tude de march\u00e9 CLT est plus rentable que les autres m\u00e9thodes d&#039;\u00e9tude de march\u00e9, car la seule d\u00e9pense importante est la location de l&#039;installation o\u00f9 la recherche sera men\u00e9e.<\/li>\n\n\n\n<li>Les CLT permettent \u00e9galement aux chercheurs de recueillir des donn\u00e9es \u00ab brutes \u00bb, car ils peuvent observer le langage corporel et les expressions faciales des participants.<\/li>\n\n\n\n<li>Researchers can formulate questions in real-time in response to participants&#8217; reactions. As a result, <a title=\"\u00c9tude de march\u00e9 sensorielle\" data-wpil-monitor-id=\"6832\" href=\"https:\/\/www.sisinternational.com\/fr\/competence\/les-industries\/etude-de-marche-sensorielle\/\">researchers could capture the sensory<\/a> experiences of the participants.<\/li>\n<\/ul>\n\n\n\n<h2 class=\"wp-block-heading\">Limites des \u00e9tudes de march\u00e9 CLT<\/h2>\n\n\n\n<ul class=\"wp-block-list\">\n<li>CLT emploie un \u00e9chantillon de consommateurs relativement petit, ce qui peut ne pas \u00eatre une v\u00e9ritable repr\u00e9sentation du public cible dans son ensemble. Cela pourrait potentiellement limiter la validit\u00e9 externe des r\u00e9sultats et remettre en question l\u2019exactitude des conclusions.<\/li>\n\n\n\n<li>En raison de la nature du contexte, les participants peuvent se sentir oblig\u00e9s de fournir des r\u00e9ponses socialement souhaitables, introduisant ainsi un biais dans les donn\u00e9es.<\/li>\n\n\n\n<li>L&#039;environnement de test peut ne pas refl\u00e9ter l&#039;environnement d&#039;achat typique du consommateur, ce qui a un impact sur la validit\u00e9 des r\u00e9sultats.<\/li>\n\n\n\n<li>Le caract\u00e8re urgent d\u2019une \u00e9tude de march\u00e9 CLT ainsi que le co\u00fbt associ\u00e9 \u00e0 la r\u00e9alisation du test avec plusieurs groupes ou un \u00e9chantillon de grande taille peuvent limiter la port\u00e9e des donn\u00e9es collect\u00e9es.<\/li>\n<\/ul>\n\n\n\n<h2 class=\"wp-block-heading\">M\u00e9thodologies d\u2019\u00e9tude de march\u00e9 CLT<\/h2>\n\n\n\n<p><a title=\"Tests dans les emplacements centraux de la ville de New York\u00a0: avantages pour les tests de produits\" href=\"https:\/\/www.sisinternational.com\/fr\/solutions\/solutions-de-recherche-qualitative-et-quantitative\/tests-en-emplacements-centraux-a-new-york\/\" data-wpil-monitor-id=\"10110\">Central location tests<\/a> present various methods of assessing the potential success of a product. The main types of tests include<\/p>\n\n\n\n<ul class=\"wp-block-list\">\n<li>Test de comparaison par paires : les participants comparent deux produits en m\u00eame temps selon certains crit\u00e8res dans le but d&#039;\u00e9valuer quel produit est le plus largement accept\u00e9.<\/li>\n\n\n\n<li>Test monadique : les participants se concentrent sur un seul produit pour \u00e9valuer ses performances et s&#039;assurer que le produit est publiquement accept\u00e9 avant de le lancer sur le march\u00e9.<\/li>\n\n\n\n<li>Tests monadiques s\u00e9quentiels\u00a0: les participants \u00e9valuent deux produits, bien qu&#039;\u00e0 des moments diff\u00e9rents. Apr\u00e8s avoir \u00e9valu\u00e9 chaque produit, les participants sont invit\u00e9s \u00e0 les r\u00e9\u00e9valuer simultan\u00e9ment pour comparer les avantages des deux produits, puis \u00e0 d\u00e9cider lequel serait le plus adapt\u00e9 au march\u00e9.<\/li>\n\n\n\n<li>Test proto-monadique\u00a0: les participants \u00e9valuent d&#039;abord un produit. Ensuite, ils re\u00e7oivent un produit diff\u00e9rent \u00e0 comparer avec le premier produit.<\/li>\n\n\n\n<li>R\u00e9p\u00e9tez le test de comparaison par paires\u00a0: les participants doivent comparer une paire de produits plusieurs fois pour s&#039;assurer que les informations initiales fournies ne sont pas biais\u00e9es.<\/li>\n<\/ul>\n\n\n\n<p>Les diff\u00e9rentes it\u00e9rations des tests visent \u00e0 supprimer toute subjectivit\u00e9 et tout biais en pr\u00e9sentant les produits \u00e0 des moments et dans des s\u00e9quences diff\u00e9rents. Ainsi, les participants \u00e0 la recherche affichent des r\u00e9sultats coh\u00e9rents, quelle que soit la date \u00e0 laquelle le produit a \u00e9t\u00e9 test\u00e9.<\/p>\n\n\n\n<h2 class=\"wp-block-heading\">Tendances actuelles des \u00e9tudes de march\u00e9 sur le CLT<\/h2>\n\n\n\n<ul class=\"wp-block-list\">\n<li>The use of virtual and augmented reality, big data, and <a title=\"\u00c9tude de march\u00e9 sur l\u2019intelligence artificielle\" data-wpil-monitor-id=\"10120\" href=\"https:\/\/www.sisinternational.com\/fr\/solutions\/ai-etudes-de-marche-et-conseil-en-strategie\/intelligence-artificielle\/\">artificial intelligence are allowing CLT research<\/a> to become more sophisticated and expansive. Researchers are able to simulate real-world scenarios and generate comprehensive data that <a class=\"wpil_keyword_link\" title=\"\u00c9tudes de march\u00e9 sur les peintures, rev\u00eatements et encres d\u2019imprimerie\" data-wpil-keyword-link=\"linked\" data-wpil-monitor-id=\"715\" href=\"https:\/\/www.sisinternational.com\/fr\/competence\/les-industries\/etudes-de-marche-sur-les-peintures-les-revetements-et-les-encres-dimprimerie\/\">paints<\/a> an accurate picture of customer behavior and preferences.<\/li>\n\n\n\n<li>Il existe une tendance croissante des entreprises \u00e0 travailler plus \u00e9troitement avec les d\u00e9taillants pour recueillir des donn\u00e9es sur le comportement et les pr\u00e9f\u00e9rences des clients. Cette collaboration permet aux entreprises d&#039;acqu\u00e9rir une compr\u00e9hension plus approfondie du consommateur.<\/li>\n\n\n\n<li>L&#039;utilisation du CLT devient de plus en plus importante pour \u00e9valuer l&#039;exp\u00e9rience client dans des contextes r\u00e9els, fournissant aux entreprises des informations essentielles sur la fa\u00e7on dont leurs produits et services sont per\u00e7us par les clients.<\/li>\n\n\n\n<li>Cette m\u00e9thode peut \u00eatre utilis\u00e9e sur des march\u00e9s nouveaux ou \u00e9mergents pour mieux comprendre les pr\u00e9f\u00e9rences et les habitudes des consommateurs locaux, permettant ainsi aux entreprises de modifier leurs op\u00e9rations pour mieux servir ces consommateurs.<\/li>\n\n\n\n<li>Le CLT peut \u00eatre utilis\u00e9 avec d&#039;autres techniques de recherche, telles que des enqu\u00eates et des groupes de discussion, pour acqu\u00e9rir une connaissance plus approfondie des pr\u00e9f\u00e9rences et des comportements des clients.<\/li>\n<\/ul>\n\n\n\n<h2 class=\"wp-block-heading\">Perspectives futures des \u00e9tudes de march\u00e9 CLT<\/h2>\n\n\n\n<p>The prospects of CLT market research are looking bright as technology keeps advancing and customers become more and more informed. Companies are seeking to better understand the customer behaviors and preferences, and CLT research will probably remain a key element. In any case, some of the <a title=\"Tendances futures en mati\u00e8re d&#039;\u00e9tudes de march\u00e9 qualitatives\" href=\"https:\/\/www.sisinternational.com\/fr\/tendances-futures-des-etudes-de-marche-qualitatives\/\" data-wpil-monitor-id=\"10125\">future trends of this research<\/a> include the following:<\/p>\n\n\n\n<ul class=\"wp-block-list\">\n<li>Utilisation de la r\u00e9alit\u00e9 virtuelle et augment\u00e9e. Cette technologie permettra aux entreprises de reproduire des sc\u00e9narios r\u00e9els et d&#039;avoir acc\u00e8s \u00e0 des donn\u00e9es concernant les go\u00fbts des consommateurs dans une atmosph\u00e8re r\u00e9glement\u00e9e. Cela peut apporter une meilleure compr\u00e9hension du comportement des clients puisque la recherche peut \u00eatre effectu\u00e9e \u00e0 plus grande \u00e9chelle avec une grande rentabilit\u00e9.<\/li>\n\n\n\n<li>Application du big data et de l&#039;intelligence artificielle. Les entreprises pourront utiliser cette technologie pour examiner de grandes quantit\u00e9s de donn\u00e9es obtenues \u00e0 partir des enqu\u00eates CLT, donnant ainsi un aper\u00e7u encore plus pr\u00e9cis du comportement et des pr\u00e9f\u00e9rences des clients.<\/li>\n\n\n\n<li>M\u00e9thodes de test innovantes : l\u2019\u00e9tude de march\u00e9 CLT pourrait s\u2019adapter et se d\u00e9velopper, int\u00e9grant des techniques de test inexplor\u00e9es, comme les \u00e9valuations biom\u00e9triques et physiologiques, pour fournir une analyse plus compl\u00e8te du comportement des consommateurs.<\/li>\n<\/ul>\n\n\n\n<p><a title=\"SIS d\u00e9voile sa plateforme de science des donn\u00e9es et d&#039;analyse quantitative\" href=\"https:\/\/www.sisinternational.com\/fr\/sis-devoile-une-plateforme-de-science-des-donnees-et-danalyse-quantitative\/\" data-wpil-monitor-id=\"10106\">SIS International offers Quantitative<\/a>, Qualitative, and Strategy Research. We provide data, tools, strategies, reports and insights for decision-making. We conduct interviews, surveys, <a title=\"\u00c9tude de march\u00e9 par groupe de discussion\" href=\"https:\/\/www.sisinternational.com\/fr\/solutions\/etude-de-marche-en-groupe-de-discussion\/\" data-wpil-monitor-id=\"10108\">focus groups and many other Market Research<\/a> methods and approaches. Contact us for your <a title=\"\u00c9tude de march\u00e9 sur les technologies de nouvelle g\u00e9n\u00e9ration\" href=\"https:\/\/www.sisinternational.com\/fr\/competence\/les-industries\/etude-de-marche-sur-les-technologies-de-nouvelle-generation\/\" data-wpil-monitor-id=\"10113\">next Market Research<\/a> projet.<\/p>\n\n\n\n<p>&nbsp;<\/p>","protected":false},"excerpt":{"rendered":"<p>L\u2019\u00e9tude de march\u00e9 CLT donne un aper\u00e7u des comportements des acheteurs en mati\u00e8re de conception de produits, de marque, de publicit\u00e9 et de d\u00e9cisions de positionnement sur le march\u00e9.<\/p>","protected":false},"author":1,"featured_media":67013,"parent":84538,"menu_order":199,"comment_status":"closed","ping_status":"closed","template":"","meta":{"footnotes":""},"class_list":["post-41779","page","type-page","status-publish","has-post-thumbnail"],"_links":{"self":[{"href":"https:\/\/www.sisinternational.com\/fr\/wp-json\/wp\/v2\/pages\/41779","targetHints":{"allow":["GET"]}}],"collection":[{"href":"https:\/\/www.sisinternational.com\/fr\/wp-json\/wp\/v2\/pages"}],"about":[{"href":"https:\/\/www.sisinternational.com\/fr\/wp-json\/wp\/v2\/types\/page"}],"author":[{"embeddable":true,"href":"https:\/\/www.sisinternational.com\/fr\/wp-json\/wp\/v2\/users\/1"}],"replies":[{"embeddable":true,"href":"https:\/\/www.sisinternational.com\/fr\/wp-json\/wp\/v2\/comments?post=41779"}],"version-history":[{"count":5,"href":"https:\/\/www.sisinternational.com\/fr\/wp-json\/wp\/v2\/pages\/41779\/revisions"}],"predecessor-version":[{"id":84546,"href":"https:\/\/www.sisinternational.com\/fr\/wp-json\/wp\/v2\/pages\/41779\/revisions\/84546"}],"up":[{"embeddable":true,"href":"https:\/\/www.sisinternational.com\/fr\/wp-json\/wp\/v2\/pages\/84538"}],"wp:featuredmedia":[{"embeddable":true,"href":"https:\/\/www.sisinternational.com\/fr\/wp-json\/wp\/v2\/media\/67013"}],"wp:attachment":[{"href":"https:\/\/www.sisinternational.com\/fr\/wp-json\/wp\/v2\/media?parent=41779"}],"curies":[{"name":"wp","href":"https:\/\/api.w.org\/{rel}","templated":true}]}}