{"id":41776,"date":"2023-03-15T19:50:48","date_gmt":"2023-03-15T23:50:48","guid":{"rendered":"https:\/\/www.sisinternational.com\/?page_id=41776"},"modified":"2025-10-18T17:25:25","modified_gmt":"2025-10-18T21:25:25","slug":"etude-de-marche-des-bonbons","status":"publish","type":"page","link":"https:\/\/www.sisinternational.com\/fr\/competence\/etude-de-marche-des-bonbons\/","title":{"rendered":"\u00c9tude de march\u00e9 des bonbons"},"content":{"rendered":"<h1 class=\"wp-block-heading\">\u00c9tude de march\u00e9 des bonbons<\/h1>\n\n\n\n<figure class=\"gb-block-image gb-block-image-9a8e68c9\"><img loading=\"lazy\" decoding=\"async\" width=\"1456\" height=\"816\" class=\"gb-image gb-image-9a8e68c9\" src=\"https:\/\/www.sisinternational.com\/wp-content\/uploads\/2025\/08\/Candy-1.jpg\" alt=\"\u00c9tudes de march\u00e9 et strat\u00e9gie internationales SIS\" title=\"Candy (1)\" srcset=\"https:\/\/www.sisinternational.com\/wp-content\/uploads\/2025\/08\/Candy-1.jpg 1456w, https:\/\/www.sisinternational.com\/wp-content\/uploads\/2025\/08\/Candy-1-300x168.jpg 300w, https:\/\/www.sisinternational.com\/wp-content\/uploads\/2025\/08\/Candy-1-1024x574.jpg 1024w, https:\/\/www.sisinternational.com\/wp-content\/uploads\/2025\/08\/Candy-1-768x430.jpg 768w, https:\/\/www.sisinternational.com\/wp-content\/uploads\/2025\/08\/Candy-1-18x10.jpg 18w\" sizes=\"auto, (max-width: 1456px) 100vw, 1456px\"><\/figure>\n\n\n\n<p><\/p>\n\n\n\n<p>Les \u00e9tudes de march\u00e9 sur les bonbons fournissent un aper\u00e7u du paysage marketing et des strat\u00e9gies des entreprises de confiserie les plus populaires. L\u2019\u00e9tude de march\u00e9 des bonbons peut d\u00e9tecter les campagnes publicitaires populaires sur les confiseries et surveiller les r\u00e9ponses des clients \u00e0 travers les tendances \u00e9tablies du march\u00e9.<\/p>\n\n\n\n<p>The data and strategies in the candy industry are vital to anyone looking to profit from new trends in various market sectors in the confectionery industry. One can see increased success using trustworthy and data-driven discoveries to improve multiple <a href=\"https:\/\/www.sisinternational.com\/fr\/solutions\/recherche-de-conseil-en-strategie-fintech\/conseil-en-strategie-detude-de-marche-sur-lassurance-contre-les-pertes-dexploitation\/\" title=\"Assurance contre les pertes d\u2019exploitation \u00c9tude de march\u00e9 et conseil en strat\u00e9gie\"  data-wpil-monitor-id=\"8611\">business aspects such as marketing strategies<\/a>, implementation, and management.<\/p>\n\n\n\n<p>Les derni\u00e8res tendances marketing de la confiserie qui ont un impact sur les clients sont \u00e9galement incluses dans Candy Marketing Research, qui fournit des informations inestimables \u00e0 toute entreprise de l&#039;industrie de la confiserie ou \u00e0 celles qui jouent un r\u00f4le majeur dans ledit secteur.<\/p>\n\n\n\n<h2 class=\"wp-block-heading\">Description du march\u00e9 des bonbons<\/h2>\n\n\n\n<p>Les bonbons sont principalement compos\u00e9s de sucre. Vous pouvez \u00e9galement entendre le terme \u00ab produit alimentaire sucr\u00e9 de confiserie \u00bb utilis\u00e9 pour d\u00e9signer les bonbons. En bouch\u00e9es ou en barres, les bonbons sont g\u00e9n\u00e9ralement fabriqu\u00e9s \u00e0 partir d&#039;un m\u00e9lange d&#039;ingr\u00e9dients, notamment du chocolat, du lait, des noix, des fruits et des \u00e9dulcorants artificiels. Inclure ces options de bonbons dans votre routine de musculation peut \u00eatre une fa\u00e7on amusante et savoureuse d\u2019obtenir les nutriments dont vous avez besoin sans vous ruiner. Les bonbons sont un choix populaire parmi les consommateurs ayant des horaires charg\u00e9s, car ce sont des collations rapides et faciles.<\/p>\n\n\n\n<p>Le sucre est dissous dans un liquide, g\u00e9n\u00e9ralement du lait ou de l&#039;eau, pour cr\u00e9er des bonbons. Les textures des bonbons vont de douces et moelleuses \u00e0 dures et cassantes. Les ingr\u00e9dients, la concentration en sucre, la taille des cristaux de sucre, le type de sucre, l&#039;a\u00e9ration, la temp\u00e9rature et la couleur du sucre jouent tous un r\u00f4le important dans la d\u00e9termination de la saveur et de l&#039;apparence du bonbon. D&#039;un autre c\u00f4t\u00e9, l&#039;amidon, la pectine ou la g\u00e9latine ne sont que quelques-uns des stabilisants utilis\u00e9s pour fabriquer des bonbons \u00e0 la gel\u00e9e comme les gumdrops et les gummies.<\/p>\n\n\n\n<p>Here are the most common types of <a href=\"https:\/\/www.sisinternational.com\/fr\/competence\/cv-dexperience\/etude-de-marche-sur-les-produits-de-soins-personnels\/\" title=\"\u00c9tude de march\u00e9 sur les produits de soins personnels\"  data-wpil-monitor-id=\"8612\">products in the candy market<\/a> industry:<\/p>\n\n\n\n<ul class=\"wp-block-list\">\n<li>Caramels et caramels : Pour cr\u00e9er un bonbon au caramel, m\u00e9langez simplement le sucre et l&#039;eau et faites chauffer jusqu&#039;\u00e0 ce qu&#039;un m\u00e9lange solide et \u00e9pais se forme.<\/li>\n\n\n\n<li>Chocolat\u00a0: Les bonbons au chocolat sont des friandises sucr\u00e9es enti\u00e8rement faites de chocolat ou contenant du chocolat d&#039;une mani\u00e8re ou d&#039;une autre.<\/li>\n\n\n\n<li>Bonbons durs : Les bonbons durs, souvent appel\u00e9s bonbons bouillis, ont un taux de dissolution plus lent dans la bouche.<\/li>\n\n\n\n<li>Sucettes : Type de bonbons durs pr\u00e9sent\u00e9s sur un b\u00e2ton.<\/li>\n\n\n\n<li>R\u00e9glisse : Bonbons mi-mous noirs, rouges ou blancs avec un ar\u00f4me de r\u00e9glisse.<\/li>\n\n\n\n<li>Gummies : Les gummies sont des bonbons moelleux \u00e0 base de g\u00e9latine qui peuvent \u00eatre pr\u00e9sent\u00e9s sous diff\u00e9rentes formes, couleurs et saveurs.<\/li>\n\n\n\n<li>Chewing-gums\u00a0: Le candy gum, souvent appel\u00e9 bubble gum, est un type de bonbon \u00e0 m\u00e2cher.<\/li>\n\n\n\n<li>Barbe \u00e0 papa\u00a0: La barbe \u00e0 papa, un incontournable des foires et des parcs d&#039;attractions, est enti\u00e8rement pr\u00e9par\u00e9e \u00e0 partir de sucre.<\/li>\n<\/ul>\n\n\n\n<h2 class=\"wp-block-heading\">Facteurs du march\u00e9 dans l\u2019industrie des bonbons<\/h2>\n\n\n\n<figure class=\"gb-block-image gb-block-image-16bd4f22\"><img loading=\"lazy\" decoding=\"async\" width=\"1456\" height=\"816\" class=\"gb-image gb-image-16bd4f22\" src=\"https:\/\/www.sisinternational.com\/wp-content\/uploads\/2025\/08\/Candy-2.jpg\" alt=\"\u00c9tudes de march\u00e9 et strat\u00e9gie internationales SIS\" title=\"Candy (2)\" srcset=\"https:\/\/www.sisinternational.com\/wp-content\/uploads\/2025\/08\/Candy-2.jpg 1456w, https:\/\/www.sisinternational.com\/wp-content\/uploads\/2025\/08\/Candy-2-300x168.jpg 300w, https:\/\/www.sisinternational.com\/wp-content\/uploads\/2025\/08\/Candy-2-1024x574.jpg 1024w, https:\/\/www.sisinternational.com\/wp-content\/uploads\/2025\/08\/Candy-2-768x430.jpg 768w, https:\/\/www.sisinternational.com\/wp-content\/uploads\/2025\/08\/Candy-2-18x10.jpg 18w\" sizes=\"auto, (max-width: 1456px) 100vw, 1456px\"><\/figure>\n\n\n\n<p><\/p>\n\n\n\n<h3 class=\"wp-block-heading\">Des demandes accrues \u00e0 l\u2019\u00e9chelle mondiale<\/h3>\n\n\n\n<p>Data and strategies in the candy industry shows the rising demand for candy products worldwide, especially during festive seasons. This is expected to drive the <a href=\"https:\/\/www.sisinternational.com\/fr\/transporteurs-low-cost-dans-lindustrie-aeronautique\/\" title=\"\u00c9tude de march\u00e9 sur les compagnies a\u00e9riennes \u00e0 bas prix\"  data-wpil-monitor-id=\"8608\">global candy market<\/a> to record significant growth throughout the forecast period. This is because candy products are recognized as seasonal and associated with celebrations. Several large corporations have begun looking into the candy industry as a potential investment opportunity. The large selection of candies available has contributed to a rise in demand for sweets all across the world.<\/p>\n\n\n\n<h3 class=\"wp-block-heading\">Disponibilit\u00e9 de diff\u00e9rents types de bonbons dans l&#039;industrie<\/h3>\n\n\n\n<p>Les \u00e9tudes de march\u00e9 sur les bonbons donnent un aper\u00e7u de la disponibilit\u00e9 de divers bonbons et des pr\u00e9f\u00e9rences des consommateurs. Les acheteurs sont plus enclins \u00e0 effectuer des achats impulsifs. Cela a contribu\u00e9 \u00e0 la popularit\u00e9 des bonbons de toutes sortes, y compris les vari\u00e9t\u00e9s chocolat\u00e9es et non chocolat\u00e9es. Les ventes de friandises ont grimp\u00e9 en fl\u00e8che partout dans le monde en raison de l&#039;\u00e9volution des go\u00fbts des consommateurs, notamment sur les march\u00e9s \u00e9mergents.<\/p>\n\n\n\n<h3 class=\"wp-block-heading\">Envie accrue de friandises chocolat\u00e9es<\/h3>\n\n\n\n<p>Le chocolat a domin\u00e9 le march\u00e9 des bonbons en raison de sa popularit\u00e9 massive et des bienfaits per\u00e7us de sa consommation pour la sant\u00e9. Ce type de bonbon est un \u00e9ternel favori \u00e0 tous les \u00e2ges et \u00e0 tous les niveaux sociaux. L&#039;ar\u00f4me trouv\u00e9 dans le chocolat a \u00e9t\u00e9 associ\u00e9 \u00e0 divers bienfaits pour la sant\u00e9, notamment une r\u00e9duction des taux de mortalit\u00e9 et l&#039;att\u00e9nuation des sympt\u00f4mes associ\u00e9s \u00e0 des conditions telles que la d\u00e9pression et le stress. De plus, la teneur \u00e9lev\u00e9e en cacao des chocolats noirs offre des bienfaits pour la sant\u00e9 tels que le maintien de la circulation sanguine et l&#039;am\u00e9lioration de la fonction vasculaire du corps humain.<\/p>\n\n\n\n<h3 class=\"wp-block-heading\">Une augmentation des achats de friandises sans sucre<\/h3>\n\n\n\n<p>En raison des pr\u00e9occupations croissantes concernant l\u2019ob\u00e9sit\u00e9 et le diab\u00e8te, les bonbons sans sucre sont devenus de plus en plus populaires ces derni\u00e8res ann\u00e9es. Un nombre accru de personnes souffrant d\u2019une ru\u00e9e vers le sucre apr\u00e8s avoir consomm\u00e9 des chocolats \u00e0 haute teneur en sucre a \u00e9t\u00e9 signal\u00e9. Cela a entra\u00een\u00e9 une augmentation correspondante de la demande de bonbons sans sucre. La popularit\u00e9 croissante des bonbons sans sucre est un facteur important qui peut stimuler l&#039;industrie mondiale des bonbons.<\/p>\n\n\n\n<h2 class=\"wp-block-heading\">Une \u00e9tude de march\u00e9 fournit un aper\u00e7u de l\u2019industrie des bonbons<\/h2>\n\n\n\n<figure class=\"gb-block-image gb-block-image-82b670d7\"><img loading=\"lazy\" decoding=\"async\" width=\"1456\" height=\"816\" class=\"gb-image gb-image-82b670d7\" src=\"https:\/\/www.sisinternational.com\/wp-content\/uploads\/2025\/08\/Candy-3.jpg\" alt=\"\u00c9tudes de march\u00e9 et strat\u00e9gie internationales SIS\" title=\"Candy (3)\" srcset=\"https:\/\/www.sisinternational.com\/wp-content\/uploads\/2025\/08\/Candy-3.jpg 1456w, https:\/\/www.sisinternational.com\/wp-content\/uploads\/2025\/08\/Candy-3-300x168.jpg 300w, https:\/\/www.sisinternational.com\/wp-content\/uploads\/2025\/08\/Candy-3-1024x574.jpg 1024w, https:\/\/www.sisinternational.com\/wp-content\/uploads\/2025\/08\/Candy-3-768x430.jpg 768w, https:\/\/www.sisinternational.com\/wp-content\/uploads\/2025\/08\/Candy-3-18x10.jpg 18w\" sizes=\"auto, (max-width: 1456px) 100vw, 1456px\"><\/figure>\n\n\n\n<p><\/p>\n\n\n\n<p>The report examines the various aspects of the candy industry that can impact or slow down its growth. Below are some of the data and <a href=\"https:\/\/www.sisinternational.com\/fr\/developpement-de-la-ville-de-hartford-connecticut\/\" title=\"\u00c9tude de march\u00e9 \u00e0 Hartford, Connecticut\"  data-wpil-monitor-id=\"8609\">strategies<\/a> in the candy industry that are included in the market research:<\/p>\n\n\n\n<ul class=\"wp-block-list\">\n<li>\u00c9valuation de la situation actuelle du march\u00e9, y compris les activit\u00e9s de march\u00e9 localis\u00e9es<\/li>\n\n\n\n<li>Derniers d\u00e9veloppements et tendances dans les diff\u00e9rents secteurs de l&#039;industrie du bonbon<\/li>\n\n\n\n<li>Sc\u00e9nario commercial sur le march\u00e9 et approches des principaux acteurs<\/li>\n\n\n\n<li>D\u00e9couvrir les domaines prometteurs o\u00f9 la croissance a un potentiel important<\/li>\n\n\n\n<li>Comparer la valeur financi\u00e8re pass\u00e9e, pr\u00e9sente et future du march\u00e9 pour une analyse strat\u00e9gique<\/li>\n\n\n\n<li>Detailed and customized <a href=\"https:\/\/www.sisinternational.com\/fr\/competence\/les-industries\/recherche-de-produits\/\" title=\"Recherche de produits\"  data-wpil-monitor-id=\"8613\">research about the production<\/a> and growth in the candy industry<\/li>\n\n\n\n<li>Analyse du mouvement et de la distribution des produits de confiserie, y compris l&#039;importation et l&#039;exportation<\/li>\n\n\n\n<li>Impact of the changes in the candy <a href=\"https:\/\/www.sisinternational.com\/fr\/solutions\/recherche-de-conseil-en-strategie-fintech\/etude-de-marche-sur-le-trading-algorithmique\/\" title=\"\u00c9tude de march\u00e9 sur le trading algorithmique\"  data-wpil-monitor-id=\"8614\">market regulations and trade<\/a> policies<\/li>\n\n\n\n<li>Comprendre les d\u00e9veloppements r\u00e9cents dans l&#039;industrie des bonbons et les diff\u00e9rents lancements de produits<\/li>\n<\/ul>\n\n\n\n<h2 class=\"wp-block-heading\">\u00c0 propos de l\u2019\u00e9tude de march\u00e9 sur les bonbons<\/h2>\n\n\n\n<p>The candy market research provides a strategic analysis of the industry&#8217;s most prominent players, as well as data on the micro and macro markets. Together with the gathered data on the business outlook and a review of the market as a whole, the <a href=\"https:\/\/www.sisinternational.com\/fr\/competence\/les-industries\/etude-de-marche-industriel\/\" title=\"\u00c9tudes de march\u00e9 et strat\u00e9gie industrielle\"  data-wpil-monitor-id=\"8610\">market research provides insights into the industry&#8217;s<\/a> trends in the forecasted time period.<\/p>\n\n\n\n<p>The candy market research is professionally done and comprehensive, covering such topics as primary market drivers, <a href=\"https:\/\/www.sisinternational.com\/fr\/solutions\/solutions-de-branding-et-de-recherche-client\/etude-de-marche-sur-les-tests-de-produits\/degustation-de-plats-internationaux-de-sis\/\" title=\"Qu&#039;est-ce qui fait de SIS International Research le meilleur cabinet d&#039;\u00e9tudes de march\u00e9 pour les tests de go\u00fbt des aliments \u00e0 New York ?\"  data-wpil-monitor-id=\"8615\">market share of top<\/a> key players, top market categories, and regional breakdowns based on specific factors. The research also examines the industry&#8217;s leading figures, the most significant partnerships, mergers, and acquisitions, the most cutting-edge technologies, and the widely adopted business practices.<\/p>","protected":false},"excerpt":{"rendered":"<p>Les \u00e9tudes de march\u00e9 sur les bonbons fournissent un aper\u00e7u du paysage marketing et des strat\u00e9gies des entreprises de confiserie les plus populaires.<\/p>","protected":false},"author":1,"featured_media":63935,"parent":14514,"menu_order":198,"comment_status":"closed","ping_status":"closed","template":"","meta":{"footnotes":""},"class_list":["post-41776","page","type-page","status-publish","has-post-thumbnail"],"_links":{"self":[{"href":"https:\/\/www.sisinternational.com\/fr\/wp-json\/wp\/v2\/pages\/41776","targetHints":{"allow":["GET"]}}],"collection":[{"href":"https:\/\/www.sisinternational.com\/fr\/wp-json\/wp\/v2\/pages"}],"about":[{"href":"https:\/\/www.sisinternational.com\/fr\/wp-json\/wp\/v2\/types\/page"}],"author":[{"embeddable":true,"href":"https:\/\/www.sisinternational.com\/fr\/wp-json\/wp\/v2\/users\/1"}],"replies":[{"embeddable":true,"href":"https:\/\/www.sisinternational.com\/fr\/wp-json\/wp\/v2\/comments?post=41776"}],"version-history":[{"count":4,"href":"https:\/\/www.sisinternational.com\/fr\/wp-json\/wp\/v2\/pages\/41776\/revisions"}],"predecessor-version":[{"id":81445,"href":"https:\/\/www.sisinternational.com\/fr\/wp-json\/wp\/v2\/pages\/41776\/revisions\/81445"}],"up":[{"embeddable":true,"href":"https:\/\/www.sisinternational.com\/fr\/wp-json\/wp\/v2\/pages\/14514"}],"wp:featuredmedia":[{"embeddable":true,"href":"https:\/\/www.sisinternational.com\/fr\/wp-json\/wp\/v2\/media\/63935"}],"wp:attachment":[{"href":"https:\/\/www.sisinternational.com\/fr\/wp-json\/wp\/v2\/media?parent=41776"}],"curies":[{"name":"wp","href":"https:\/\/api.w.org\/{rel}","templated":true}]}}