{"id":41770,"date":"2023-03-15T18:11:38","date_gmt":"2023-03-15T22:11:38","guid":{"rendered":"https:\/\/www.sisinternational.com\/?page_id=41770"},"modified":"2026-01-24T21:21:36","modified_gmt":"2026-01-25T02:21:36","slug":"etude-de-marche-sur-les-produits-chimiques-en-vrac","status":"publish","type":"page","link":"https:\/\/www.sisinternational.com\/fr\/competence\/etude-de-marche-sur-les-produits-chimiques-en-vrac\/","title":{"rendered":"\u00c9tude de march\u00e9 sur les produits chimiques en vrac"},"content":{"rendered":"<h1>\u00c9tude de march\u00e9 sur les produits chimiques en vrac<\/h1>\n<p><img loading=\"lazy\" decoding=\"async\" class=\"aligncenter size-full wp-image-41772\" src=\"https:\/\/www.sisinternational.com\/wp-content\/uploads\/2023\/03\/Bulk-Chemicals-Market-Research.jpg\" alt=\"\u00c9tude de march\u00e9 sur les produits chimiques en vrac\" width=\"1140\" height=\"760\" \/><\/p>\n<p>Les produits chimiques en vrac sont des produits chimiques produits en grandes quantit\u00e9s. Un large \u00e9ventail d\u2019industries les utilisent \u00e0 diverses fins. Les usines \u00e0 grande \u00e9chelle fournissent ces produits chimiques. Ils les vendent en grande quantit\u00e9, en vrac ou dans des emballages standardis\u00e9s comme des f\u00fbts, des sacs ou des r\u00e9servoirs.<\/p>\n<p>Les produits chimiques en vrac comprennent une gamme diversifi\u00e9e de substances. Il peut s&#039;agir de produits chimiques inorganiques basiques comme l&#039;acide sulfurique, l&#039;hydroxyde de sodium et le chlore. Il peut \u00e9galement s&#039;agir de produits chimiques organiques comme l&#039;\u00e9thyl\u00e8ne, le propyl\u00e8ne, le benz\u00e8ne et le tolu\u00e8ne. Ils servent de mati\u00e8res premi\u00e8res pour produire une large gamme de biens de consommation. Ces biens comprennent les plastiques, les produits pharmaceutiques, les engrais, les textiles, etc.<\/p>\n<p>Les produits chimiques en vrac sont souvent produits par des r\u00e9actions chimiques complexes. Leur production n\u00e9cessite des quantit\u00e9s importantes d\u2019\u00e9nergie et de ressources. Ainsi, les grandes entreprises dot\u00e9es d\u2019installations et d\u2019\u00e9quipements sp\u00e9cialis\u00e9s fournissent g\u00e9n\u00e9ralement des produits chimiques en vrac.<\/p>\n<h2>Pourquoi les produits chimiques en vrac sont-ils importants\u00a0?<\/h2>\n<p>Les produits chimiques en vrac sont n\u00e9cessaires pour plusieurs raisons. Ce sont des mati\u00e8res premi\u00e8res essentielles \u00e0 la fabrication. Par exemple, la production de plastique n\u00e9cessite de l\u2019\u00e9thyl\u00e8ne et du propyl\u00e8ne. L&#039;acide sulfurique est n\u00e9cessaire pour produire des engrais. Les produits chimiques en vrac rendent possible la fabrication de ces produits.<\/p>\n<p>Les usines de transformation produisent des produits chimiques en vrac en grandes quantit\u00e9s. Ainsi, ils peuvent les fabriquer \u00e0 un faible co\u00fbt unitaire. En cons\u00e9quence, les produits chimiques en vrac sont plus rentables que la production de petites quantit\u00e9s de produits chimiques sp\u00e9cialis\u00e9s.<\/p>\n<p>La production \u00e0 grande \u00e9chelle de produits chimiques en vrac permet une plus grande coh\u00e9rence et un meilleur contr\u00f4le de la qualit\u00e9. Ces attributs sont essentiels pour les industries qui d\u00e9pendent de ces produits chimiques comme mati\u00e8res premi\u00e8res. Des variations de qualit\u00e9 ou de texture peuvent entra\u00eener des d\u00e9fauts de fabrication ou des d\u00e9faillances du produit.<\/p>\n<p>Les produits chimiques en vrac sont disponibles dans le monde entier. Les entreprises des diff\u00e9rentes r\u00e9gions peuvent ainsi acc\u00e9der aux mati\u00e8res premi\u00e8res dont elles ont besoin. Ils sont donc essentiels pour promouvoir le commerce international et la croissance \u00e9conomique.<\/p>\n<p>Des progr\u00e8s ont \u00e9t\u00e9 r\u00e9alis\u00e9s dans les techniques et technologies de production de produits chimiques en vrac. Ces avanc\u00e9es peuvent conduire au d\u00e9veloppement de nouveaux produits et applications. Ils peuvent \u00e9galement stimuler l\u2019innovation et la croissance \u00e9conomique.<\/p>\n<h2>Titres de poste cl\u00e9s<\/h2>\n<h3>Il existe plusieurs titres de poste cl\u00e9s au sein de l\u2019industrie chimique, notamment\u00a0:<\/h3>\n<ul>\n<li>Ing\u00e9nieur chimiste. Cet ing\u00e9nieur con\u00e7oit les proc\u00e9d\u00e9s et les \u00e9quipements pour produire des produits chimiques. Ils garantissent la s\u00e9curit\u00e9, l\u2019efficacit\u00e9 et la qualit\u00e9 des proc\u00e9d\u00e9s chimiques.<\/li>\n<li>Chimiste analytique. Un chimiste analytique analyse les compos\u00e9s et produits chimiques. Ainsi, ils d\u00e9terminent leur composition chimique et leurs propri\u00e9t\u00e9s. Ces chimistes utilisent des \u00e9quipements et des techniques sp\u00e9cialis\u00e9s. Ils identifient et mesurent \u00e9galement les composants chimiques et les impuret\u00e9s.<\/li>\n<li>Chimiste Recherche et D\u00e9veloppement (R&amp;D). Un chimiste R&amp;D d\u00e9veloppe de nouveaux compos\u00e9s et produits chimiques. Ces chimistes m\u00e8nent des exp\u00e9riences et des tests pour identifier des compos\u00e9s inconnus dot\u00e9s de propri\u00e9t\u00e9s sp\u00e9cifiques. Les tests servent \u00e9galement \u00e0 optimiser les performances des tests existants.<\/li>\n<li>Chimiste du contr\u00f4le qualit\u00e9. Un chimiste charg\u00e9 du contr\u00f4le qualit\u00e9 s\u2019assure que les produits chimiques r\u00e9pondent aux normes de l\u2019industrie. Les produits doivent \u00e9galement respecter les r\u00e9glementations en mati\u00e8re de s\u00e9curit\u00e9, de puret\u00e9 et de qualit\u00e9. Le chimiste teste et inspecte \u00e9galement les produits chimiques \u00e0 la recherche de d\u00e9fauts ou d&#039;impuret\u00e9s.<\/li>\n<li>Sales and Marketing Manager. A sales and <a href=\"https:\/\/www.sisinternational.com\/fr\/competence\/les-industries\/etude-de-marche-sur-les-produits-chimiques-organiques\/\" title=\"\u00c9tude de march\u00e9 sur les produits chimiques organiques\"  data-wpil-monitor-id=\"3311\">marketing manager promotes chemical<\/a> products to potential customers. They also develop sales strategies to increase market share. They work with customers to understand their needs. They then create products that meet their specific requirements.<\/li>\n<li>Responsable Environnement, Hygi\u00e8ne et S\u00e9curit\u00e9 (EHS). Un responsable EHS veille \u00e0 ce que les processus et les installations de production chimique respectent les r\u00e9glementations en mati\u00e8re d\u2019environnement, de sant\u00e9 et de s\u00e9curit\u00e9. Ils \u00e9laborent des politiques et des proc\u00e9dures pour minimiser les risques. Ils veillent \u00e9galement au respect des lois et r\u00e9glementations applicables.<\/li>\n<li>Directeur de production. Un directeur de production supervise les op\u00e9rations quotidiennes d&#039;une installation de production chimique. Ils g\u00e8rent les calendriers de production et surveillent les processus de production. Ils atteignent \u00e9galement les objectifs de production tout en maintenant les normes de qualit\u00e9 et de s\u00e9curit\u00e9.Pourquoi<\/li>\n<\/ul>\n<h2>Pourquoi les entreprises ont-elles besoin de produits chimiques en vrac\u00a0?<\/h2>\n<p>Les entreprises ont besoin de produits chimiques en vrac pour plusieurs raisons. Premi\u00e8rement, la production de produits chimiques en vrac est g\u00e9n\u00e9ralement plus rentable que la production de petites quantit\u00e9s de produits chimiques sp\u00e9cialis\u00e9s. Lorsque les fabricants produisent de grandes quantit\u00e9s de produits chimiques en vrac, cela r\u00e9duit les co\u00fbts de production unitaires.<\/p>\n<p>Les usines chimiques \u00e0 grande \u00e9chelle utilisent des \u00e9quipements et des processus sp\u00e9cialis\u00e9s pour produire des produits chimiques en vrac, ce qui permet une plus grande coh\u00e9rence et un meilleur contr\u00f4le de la qualit\u00e9. La coh\u00e9rence est essentielle pour les industries qui d\u00e9pendent de ces produits chimiques comme mati\u00e8res premi\u00e8res. Il en va de m\u00eame, bien s\u00fbr, de la qualit\u00e9.<\/p>\n<p>Les produits chimiques en vrac permettent aux entreprises d\u2019augmenter facilement leur production, leur permettant ainsi de r\u00e9pondre \u00e0 une demande accrue sans se soucier de l\u2019approvisionnement. Ils n&#039;ont pas non plus besoin de transporter de petites quantit\u00e9s de produits chimiques.<\/p>\n<h2>Facteurs cl\u00e9s de succ\u00e8s<\/h2>\n<p>L\u2019industrie chimique dispose de plusieurs facteurs de r\u00e9ussite essentiels, notamment l\u2019innovation des produits. Les entreprises de produits chimiques en vrac doivent toujours d\u00e9velopper des produits chimiques nouveaux et innovants, ce qui les rend plus susceptibles de r\u00e9ussir sur le march\u00e9. Ils doivent donc investir dans la recherche et le d\u00e9veloppement. Ils doivent \u00e9galement avoir une compr\u00e9hension approfondie des besoins des clients et des tendances du march\u00e9.<\/p>\n<p>Les entreprises capables d\u2019optimiser leurs processus de production chimique ont plus de chances de r\u00e9ussir. Ainsi, les entreprises doivent envisager de r\u00e9duire les co\u00fbts, d\u2019augmenter l\u2019efficacit\u00e9 et d\u2019am\u00e9liorer la qualit\u00e9, ce qui n\u00e9cessite des investissements continus dans l\u2019ing\u00e9nierie des processus, l\u2019automatisation et les technologies num\u00e9riques.<\/p>\n<p>La production chimique n\u00e9cessite une cha\u00eene d\u2019approvisionnement complexe et r\u00e9glement\u00e9e. Cette cha\u00eene comprend les mati\u00e8res premi\u00e8res, le transport, le stockage et la distribution. Les entreprises doivent g\u00e9rer leur cha\u00eene d&#039;approvisionnement. Ils peuvent alors garantir une production fiable et rentable.<\/p>\n<p>L&#039;industrie chimique est soumise \u00e0 de nombreuses r\u00e9glementations. Ces r\u00e9glementations visent \u00e0 garantir la s\u00e9curit\u00e9, la protection de l\u2019environnement et le contr\u00f4le de la qualit\u00e9. Les entreprises qui respectent ces r\u00e9glementations tout en maintenant leur rentabilit\u00e9 ont plus de chances de r\u00e9ussir.<\/p>\n<p>L&#039;industrie chimique requiert des talents qualifi\u00e9s et sp\u00e9cialis\u00e9s. Par exemple, il a besoin d\u2019ing\u00e9nieurs en chimie et en proc\u00e9d\u00e9s ainsi que de chimistes charg\u00e9s du contr\u00f4le qualit\u00e9. Elle a \u00e9galement besoin de personnes pour la gestion de la sant\u00e9 et de la s\u00e9curit\u00e9 de l&#039;environnement.<\/p>\n<p>Les entreprises capables d\u2019attirer et de retenir les meilleurs talents ont plus de chances de r\u00e9ussir.<\/p>\n<p>Les entreprises chimiques doivent d\u00e9velopper des relations solides avec leurs clients. Ceux qui comprennent les besoins des clients ont plus de chances de r\u00e9ussir. Ces entreprises ont besoin d\u2019une compr\u00e9hension approfondie des exigences des clients, ce qui n\u00e9cessite une communication efficace. Cela n\u00e9cessite \u00e9galement la capacit\u00e9 de fournir des produits et des services de qualit\u00e9.<\/p>\n<h2>\u00c0 propos de l\u2019\u00e9tude de march\u00e9 sur les produits chimiques en vrac<\/h2>\n<p>Toutes les entreprises doivent r\u00e9aliser des \u00e9tudes de march\u00e9 quantitatives et qualitatives pour survivre. Les fabricants de produits chimiques en vrac ne font pas exception. Ils ont \u00e9galement besoin d\u2019\u00e9tudes de march\u00e9 strat\u00e9giques car elles fournissent des connaissances et des id\u00e9es. March\u00e9 UX<\/p>\n<p>Research will help these companies learn about their customers. Competitive Analysis will tell them what rival companies are doing. <a href=\"https:\/\/www.sisinternational.com\/fr\/competence\/les-industries\/etude-de-marche-des-condiments\/\" title=\"\u00c9tude de march\u00e9 des condiments\"  data-wpil-monitor-id=\"3339\">Recherche d&#039;opportunit\u00e9s de march\u00e9<\/a> will help them find new business opportunities.<\/p>\n<p>SIS International offers all these types of market research and much more. We also provide <a href=\"https:\/\/www.sisinternational.com\/fr\/competence\/les-industries\/etude-de-marche-sur-la-perte-auditive\/\" title=\"\u00c9tude de march\u00e9 sur la perte auditive\u00a0 \u00a0\"  data-wpil-monitor-id=\"3363\">Recherche d&#039;entr\u00e9e sur le march\u00e9<\/a>, Market Sizing Research, Focus Groups, Surveys, and Interviews. We can also help you plan your Go to Market Strategy. Contact us today for a consultation!<\/p>","protected":false},"excerpt":{"rendered":"<p>Les produits chimiques en vrac sont des mati\u00e8res premi\u00e8res utilis\u00e9es pour de nombreux biens de consommation. Il s\u2019agit notamment des plastiques, des produits pharmaceutiques, des engrais, des textiles, etc.<\/p>","protected":false},"author":1,"featured_media":0,"parent":14514,"menu_order":197,"comment_status":"closed","ping_status":"closed","template":"","meta":{"footnotes":""},"class_list":["post-41770","page","type-page","status-publish"],"_links":{"self":[{"href":"https:\/\/www.sisinternational.com\/fr\/wp-json\/wp\/v2\/pages\/41770","targetHints":{"allow":["GET"]}}],"collection":[{"href":"https:\/\/www.sisinternational.com\/fr\/wp-json\/wp\/v2\/pages"}],"about":[{"href":"https:\/\/www.sisinternational.com\/fr\/wp-json\/wp\/v2\/types\/page"}],"author":[{"embeddable":true,"href":"https:\/\/www.sisinternational.com\/fr\/wp-json\/wp\/v2\/users\/1"}],"replies":[{"embeddable":true,"href":"https:\/\/www.sisinternational.com\/fr\/wp-json\/wp\/v2\/comments?post=41770"}],"version-history":[{"count":4,"href":"https:\/\/www.sisinternational.com\/fr\/wp-json\/wp\/v2\/pages\/41770\/revisions"}],"predecessor-version":[{"id":77608,"href":"https:\/\/www.sisinternational.com\/fr\/wp-json\/wp\/v2\/pages\/41770\/revisions\/77608"}],"up":[{"embeddable":true,"href":"https:\/\/www.sisinternational.com\/fr\/wp-json\/wp\/v2\/pages\/14514"}],"wp:attachment":[{"href":"https:\/\/www.sisinternational.com\/fr\/wp-json\/wp\/v2\/media?parent=41770"}],"curies":[{"name":"wp","href":"https:\/\/api.w.org\/{rel}","templated":true}]}}