{"id":41766,"date":"2023-03-15T17:44:05","date_gmt":"2023-03-15T21:44:05","guid":{"rendered":"https:\/\/www.sisinternational.com\/?page_id=41766"},"modified":"2026-03-12T19:59:05","modified_gmt":"2026-03-12T23:59:05","slug":"etude-de-marche-sur-le-suivi-de-la-marque","status":"publish","type":"page","link":"https:\/\/www.sisinternational.com\/fr\/solutions\/solutions-de-branding-et-de-recherche-client\/etude-de-marche-sur-le-suivi-de-la-marque\/","title":{"rendered":"\u00c9tude de march\u00e9 sur le suivi de la marque"},"content":{"rendered":"<h1 class=\"wp-block-heading\">\u00c9tude de march\u00e9 sur le suivi de la marque<\/h1>\n\n\n\n<figure class=\"gb-block-image gb-block-image-f2e18b77\"><img loading=\"lazy\" decoding=\"async\" width=\"1456\" height=\"816\" class=\"gb-image gb-image-f2e18b77\" src=\"https:\/\/www.sisinternational.com\/wp-content\/uploads\/2025\/08\/Marketing-45-3.jpg\" alt=\"\u00c9tudes de march\u00e9 et strat\u00e9gie internationales SIS\" title=\"Marketing 45 (3)\" srcset=\"https:\/\/www.sisinternational.com\/wp-content\/uploads\/2025\/08\/Marketing-45-3.jpg 1456w, https:\/\/www.sisinternational.com\/wp-content\/uploads\/2025\/08\/Marketing-45-3-300x168.jpg 300w, https:\/\/www.sisinternational.com\/wp-content\/uploads\/2025\/08\/Marketing-45-3-1024x574.jpg 1024w, https:\/\/www.sisinternational.com\/wp-content\/uploads\/2025\/08\/Marketing-45-3-768x430.jpg 768w, https:\/\/www.sisinternational.com\/wp-content\/uploads\/2025\/08\/Marketing-45-3-18x10.jpg 18w\" sizes=\"auto, (max-width: 1456px) 100vw, 1456px\"><\/figure>\n\n\n\n<hr class=\"wp-block-separator has-alpha-channel-opacity is-style-dots\"\/>\n\n\n\n<p>Construire et maintenir une marque percutante est essentiel au succ\u00e8s dans le climat commercial complexe d\u2019aujourd\u2019hui. N\u00e9anmoins, il peut \u00eatre difficile pour les entreprises de comprendre comment les clients per\u00e7oivent leur marque et comment am\u00e9liorer leurs tactiques de marque \u00e0 long terme.<\/p>\n\n\n\n<p>C\u2019est l\u00e0 que les \u00e9tudes de march\u00e9 sur le suivi des marques jouent un r\u00f4le central. Il est crucial de collecter des donn\u00e9es sur la reconnaissance, le positionnement, l\u2019\u00e9quit\u00e9 et la fid\u00e9lit\u00e9 de la marque, entre autres \u00e9l\u00e9ments. En \u00e9valuant ces informations, les entreprises peuvent prendre des d\u00e9cisions \u00e9clair\u00e9es concernant leurs strat\u00e9gies de marque et am\u00e9liorer les performances de leur marque au fil du temps.<\/p>\n\n\n\n<h2 class=\"wp-block-heading\">Qu\u2019est-ce qu\u2019une \u00e9tude de march\u00e9 sur le suivi de marque ?<\/h2>\n\n\n\n<p><a href=\"https:\/\/www.sisinternational.com\/fr\/sassurer-que-les-clients-se-souviennent-de-votre-message\/\" title=\"\u00c9tude de march\u00e9 sur l\u2019activation de marque\"  data-wpil-monitor-id=\"2285\">Brand tracking market research<\/a> helps businesses monitor and measure the performance of their brand. It gathers data through surveys, interviews, and other forms of qualitative and quantitative research methods to assess brand awareness, perception, and the brand.<\/p>\n\n\n\n<p>De plus, gr\u00e2ce au suivi, les entreprises peuvent identifier les changements dans les attitudes et les comportements des consommateurs, ce qui leur permet d&#039;ajuster leurs strat\u00e9gies afin de renforcer leur marque et d&#039;obtenir un plus grand succ\u00e8s.<\/p>\n\n\n\n<h2 class=\"wp-block-heading\">Importance des \u00e9tudes de march\u00e9 sur le suivi de la marque pour les entreprises<\/h2>\n\n\n\n<p>Les entreprises peuvent garder une longueur d\u2019avance sur la concurrence en effectuant r\u00e9guli\u00e8rement des recherches de suivi de marque. Cela permet d&#039;identifier les tendances et les mod\u00e8les de comportement, de pr\u00e9f\u00e9rences et d&#039;attitudes des consommateurs \u00e0 l&#039;\u00e9gard de la marque, facilitant ainsi la prise de d\u00e9cision et am\u00e9liorant les strat\u00e9gies de marque.<\/p>\n\n\n\n<p>La recherche sur le suivi de la marque fournit \u00e9galement des informations pr\u00e9cieuses pour identifier les domaines de sous-performance d\u2019une entreprise. Par exemple, si les recherches d&#039;une marque indiquent que les consommateurs ne connaissent pas ses offres de produits ou de services, l&#039;entreprise peut tirer parti de strat\u00e9gies marketing pour accro\u00eetre la visibilit\u00e9 et la reconnaissance de la marque.<\/p>\n\n\n\n<p>Gr\u00e2ce \u00e0 un examen attentif des donn\u00e9es collect\u00e9es, les entreprises peuvent modifier leurs strat\u00e9gies de marque en temps r\u00e9el, augmentant ainsi les chances de succ\u00e8s.<\/p>\n\n\n\n<h2 class=\"wp-block-heading\">Tendances actuelles des \u00e9tudes de march\u00e9 sur le suivi des marques<\/h2>\n\n\n\n<h3 class=\"wp-block-heading\">Certaines des tendances actuelles incluent\u00a0:<\/h3>\n\n\n\n<p><strong>Collecte de donn\u00e9es num\u00e9riques\u00a0:<\/strong> Alors que de plus en plus de consommateurs modifient leur comportement en ligne, de nombreuses entreprises adoptent des m\u00e9thodes de collecte de donn\u00e9es num\u00e9riques. Cela inclut l&#039;utilisation d&#039;outils tels que les plateformes de m\u00e9dias sociaux, l&#039;analyse Web et les enqu\u00eates en ligne pour recueillir des informations sur le comportement et les pr\u00e9f\u00e9rences des consommateurs.<\/p>\n\n\n\n<p><strong>Surveillance en temps r\u00e9el:<\/strong> De nombreuses entreprises utilisent d\u00e9sormais des outils de surveillance en temps r\u00e9el pour suivre en permanence les performances de leur marque. Cela permet aux entreprises d&#039;identifier les probl\u00e8mes et les opportunit\u00e9s en temps r\u00e9el et d&#039;agir rapidement.<\/p>\n\n\n\n<p><strong>Int\u00e9gration avec l&#039;exp\u00e9rience client\u00a0:<\/strong> In addition to tracking <a href=\"https:\/\/www.sisinternational.com\/fr\/recherche-de-marque-sis-et-fidelisation-de-la-clientele\/\" title=\"\u00c9tude de march\u00e9 de marque et fid\u00e9lisation des clients\"  data-wpil-monitor-id=\"2504\">brand performance, many businesses are now integrating brand tracking market research with customer<\/a> experience data to gain a more holistic view of the customer journey. This allows businesses to identify opportunities to improve the overall customer experience and strengthen the brand\u2019s position in the market.<\/p>\n\n\n\n<p><strong>Concentrez-vous sur les liens \u00e9motionnels\u00a0:<\/strong> Plusieurs entreprises se concentrent d\u00e9sormais sur le suivi des liens \u00e9motionnels avec leur marque, car les recherches montrent que les consommateurs sont plus susceptibles de s&#039;engager et de rester fid\u00e8les aux marques avec lesquelles ils ressentent un lien \u00e9motionnel.<\/p>\n\n\n\n<p><strong>Inclusion et diversit\u00e9\u00a0:<\/strong> In recent years, there has been a growing focus on inclusion and diversity. This includes ensuring that research samples are representative of diverse consumer groups, tracking metrics related to diversity and inclusion, and using <a href=\"https:\/\/www.sisinternational.com\/fr\/competence\/les-industries\/etude-de-marche-du-metaverse\/\" title=\"\u00c9tude de march\u00e9 sur le m\u00e9taverse\"  data-wpil-monitor-id=\"4785\">research insights to improve brand<\/a> messaging and marketing campaigns in a way that is inclusive and respectful of all consumers.<\/p>\n\n\n\n<h2 class=\"wp-block-heading\">L\u2019objectif de mener une \u00e9tude de march\u00e9 de suivi de marque<\/h2>\n\n\n\n<p class=\"p1\">Conduite <a href=\"https:\/\/www.sisinternational.com\/fr\/solutions\/solutions-de-branding-et-de-recherche-client\/etude-de-marche-sur-la-differenciation-des-marques\/\" title=\"\u00c9tude de march\u00e9 sur la diff\u00e9renciation des marques\"  data-wpil-monitor-id=\"2859\">\u00e9tude de march\u00e9 sur le suivi de la marque<\/a> offers various advantages. It assists companies in tracking the most significant key brand awareness and metrics effectively. Brand awareness metrics may include perception of loyalty and customer satisfaction, and by consistently measuring these metrics, businesses can determine if their brand strategy is effective and adjust as required.<\/p>\n\n\n\n<p class=\"p1\">The goals of conducting <a href=\"https:\/\/www.sisinternational.com\/fr\/competence\/les-industries\/etude-de-marche-pour-les-marques-vieillissantes\/\" title=\"Etude de march\u00e9 pour les marques vieillissantes\"  data-wpil-monitor-id=\"3713\">\u00e9tude de march\u00e9 sur le suivi de la marque<\/a> can differ depending on a company&#8217;s individual needs and aims. Nevertheless, some typical objectives of such research could be:<\/p>\n\n\n\n<ul class=\"wp-block-list\">\n<li>Gain insight into consumer attitudes and opinions toward the brand. Brand <a href=\"https:\/\/www.sisinternational.com\/fr\/competence\/les-industries\/etude-de-marche-de-suivi-des-tendances\/\" title=\"\u00c9tude de march\u00e9 sur le suivi des tendances\"  data-wpil-monitor-id=\"5443\">tracking market research<\/a> reveals how consumers view the brand in terms of its image and reputation, and how it measures up to competing brands.<\/li>\n\n\n\n<li>Mesurez le degr\u00e9 de fid\u00e9lit\u00e9 des consommateurs. Les donn\u00e9es collect\u00e9es peuvent inclure le pourcentage de clients fid\u00e8les \u00e0 la marque, la fr\u00e9quence de leurs achats de biens ou de services de la marque et la probabilit\u00e9 qu&#039;ils recommandent la marque \u00e0 d&#039;autres.<\/li>\n\n\n\n<li>Quantifiez les fluctuations du capital de marque au fil du temps. Dans la recherche de suivi de marque, des donn\u00e9es sont collect\u00e9es pour \u00e9valuer les performances financi\u00e8res de la marque, sa part de march\u00e9 et son influence sur le march\u00e9.<\/li>\n<\/ul>\n\n\n\n<h2 class=\"wp-block-heading p1\">Meilleures pratiques pour les \u00e9tudes de march\u00e9 sur le suivi des marques<\/h2>\n\n\n\n<h3 class=\"wp-block-heading p1\">Mener des recherches offre une gamme d\u2019avantages et d\u2019opportunit\u00e9s aux entreprises, notamment\u00a0:<\/h3>\n\n\n\n<ul class=\"wp-block-list\">\n<li>Il est essentiel d\u2019\u00e9tablir des objectifs de recherche clairs pour garantir que l\u2019\u00e9tude produise des r\u00e9sultats pratiques et pertinents. Cela n\u00e9cessite d\u2019articuler les questions exactes auxquelles la recherche cherche \u00e0 r\u00e9pondre et les r\u00e9sultats souhait\u00e9s que l\u2019organisation esp\u00e8re atteindre.<\/li>\n\n\n\n<li>Il est fondamental de s\u00e9lectionner un \u00e9chantillon repr\u00e9sentatif de la population cible. Cela n\u00e9cessite que la taille de l\u2019\u00e9chantillon soit suffisamment grande pour \u00eatre statistiquement significative et qu\u2019elle refl\u00e8te \u00e9galement les caract\u00e9ristiques d\u00e9mographiques du public cible.<\/li>\n\n\n\n<li>Les entreprises peuvent obtenir des informations pr\u00e9cieuses sur l\u2019\u00e9volution de leur marque et sa perception. En collectant des donn\u00e9es \u00e0 intervalles r\u00e9guliers, les entreprises peuvent suivre l&#039;\u00e9volution des performances de la marque.<\/li>\n\n\n\n<li>Pour obtenir un aper\u00e7u complet des performances de la marque, il est important d&#039;utiliser plusieurs sources de donn\u00e9es, notamment des enqu\u00eates, des analyses de m\u00e9dias sociaux et des donn\u00e9es de vente. Cette approche permet aux entreprises de corroborer les donn\u00e9es et d&#039;obtenir une compr\u00e9hension plus approfondie des performances de la marque.<\/li>\n\n\n\n<li>Il est essentiel de maintenir la s\u00e9curit\u00e9 et la confidentialit\u00e9 de toutes les donn\u00e9es collect\u00e9es au cours de l\u2019\u00e9tude de recherche. Cela implique de prendre des mesures appropri\u00e9es pour emp\u00eacher tout acc\u00e8s non autoris\u00e9 aux donn\u00e9es et de garantir que les donn\u00e9es ne sont utilis\u00e9es qu&#039;aux fins de l&#039;\u00e9tude.<\/li>\n\n\n\n<li>Brand tracking <a href=\"https:\/\/www.sisinternational.com\/fr\/solutions\/etude-de-marche-sur-la-notoriete-de-la-marque-b2b\/\" title=\"\u00c9tude de march\u00e9 B2B sur la notori\u00e9t\u00e9 de la marque\"  data-wpil-monitor-id=\"2315\">market research improves brand awareness<\/a>, therefore helping companies find out the problem areas that need attention and increasing consumer engagement and loyalty.<\/li>\n\n\n\n<li>Pour optimiser l&#039;allocation des ressources \u00e0 des fins de marketing et de publicit\u00e9, les entreprises peuvent suivre l&#039;efficacit\u00e9 des campagnes au fil du temps afin de d\u00e9terminer celles qui g\u00e9n\u00e8rent le plus grand retour sur investissement.<\/li>\n\n\n\n<li>En surveillant les changements de comportement et de pr\u00e9f\u00e9rences des consommateurs, les entreprises peuvent d\u00e9couvrir des domaines potentiels de croissance gr\u00e2ce \u00e0 l&#039;innovation ou \u00e0 l&#039;am\u00e9lioration.<\/li>\n\n\n\n<li>By using insights gained from <a href=\"https:\/\/www.sisinternational.com\/fr\/competence\/les-industries\/etude-de-marche-de-marque\/\" title=\"\u00c9tude de march\u00e9 de marque\"  data-wpil-monitor-id=\"6739\">\u00e9tude de march\u00e9 sur le suivi de la marque<\/a>, businesses can make more informed and effective decisions over time. This can help to increase business efficiency and profitability and drive growth and success over the long term.<\/li>\n<\/ul>\n\n\n\n<h2 class=\"wp-block-heading\">D\u00e9fis et limites<\/h2>\n\n\n\n<p class=\"p1\">M\u00eame si les \u00e9tudes de march\u00e9 sur le suivi des marques peuvent fournir des informations pr\u00e9cieuses sur le comportement et les pr\u00e9f\u00e9rences des consommateurs, il existe \u00e9galement plusieurs d\u00e9fis et limites dont il faut \u00eatre conscient.<span class=\"Apple-converted-space\"> Ceux-ci inclus:<\/span><\/p>\n\n\n\n<ul class=\"wp-block-list\">\n<li>Le co\u00fbt des \u00e9tudes de march\u00e9 sur le suivi des marques peut \u00eatre \u00e9lev\u00e9, ce qui peut constituer un d\u00e9fi pour les petites entreprises qui ne disposent peut-\u00eatre pas des ressources budg\u00e9taires n\u00e9cessaires pour mener des recherches de mani\u00e8re coh\u00e9rente.<\/li>\n\n\n\n<li>Les personnes interrog\u00e9es peuvent ressentir de l&#039;\u00e9puisement et de l&#039;apathie face \u00e0 des questions trop fr\u00e9quentes ou monotones, ce qui entra\u00eene une baisse des taux de r\u00e9ponse et de l&#039;exactitude des donn\u00e9es.<\/li>\n\n\n\n<li>Les r\u00e9pondants peuvent ne pas \u00eatre en mesure de fournir des r\u00e9ponses pr\u00e9cises ou v\u00e9ridiques lorsqu&#039;on leur pose des questions sensibles ou r\u00e9trospectives, ce qui entra\u00eene un ensemble de donn\u00e9es d\u00e9s\u00e9quilibr\u00e9 ou incomplet.<\/li>\n\n\n\n<li>Typically, during <a href=\"https:\/\/www.sisinternational.com\/fr\/marque-de-pneus-surveiller-nous-allemagne-bresil\/\" title=\"Recherche sur la marque des pneus aux \u00c9tats-Unis, en Allemagne et au Br\u00e9sil\"  data-wpil-monitor-id=\"6591\">branding monitoring research<\/a>, there is an emphasis on some vital branding measurements that could miss out on other factors responsible for shaping customer actions or choices.<\/li>\n\n\n\n<li>Les changements rapides dans les pr\u00e9f\u00e9rences des consommateurs et les conditions du march\u00e9 rendent difficile la r\u00e9alisation d&#039;\u00e9tudes de march\u00e9 efficaces et pour rester pertinentes sur le march\u00e9, les entreprises doivent continuellement mettre \u00e0 jour leurs m\u00e9thodologies de recherche ainsi que leurs techniques de collecte de donn\u00e9es.<\/li>\n\n\n\n<li>Les \u00e9tudes de march\u00e9 sur le suivi de la marque se concentrent g\u00e9n\u00e9ralement sur quelques indicateurs cl\u00e9s tels que la reconnaissance ou la perception de la marque. M\u00eame si cela donne un aper\u00e7u des performances de la marque et du comportement des consommateurs, il se peut qu\u2019il ne fournisse pas une compr\u00e9hension compl\u00e8te de tous les facteurs pertinents.<\/li>\n\n\n\n<li>La nature en constante \u00e9volution du comportement des consommateurs rend difficile la compr\u00e9hension ou la pr\u00e9vision de leurs pr\u00e9f\u00e9rences ou attentes. Pour capturer ces changements et anticiper l\u2019\u00e9volution des pr\u00e9f\u00e9rences des consommateurs, les entreprises doivent adapter leurs m\u00e9thodologies d\u2019\u00e9tudes de march\u00e9.<\/li>\n\n\n\n<li>Il peut y avoir un \u00e9cart temporel entre le moment o\u00f9 les donn\u00e9es sont collect\u00e9es et le moment o\u00f9 elles sont \u00e9tudi\u00e9es et rapport\u00e9es. Cela pourrait constituer un obstacle si les entreprises ont besoin d\u2019informations imm\u00e9diates sur les performances de leur marque.<\/li>\n\n\n\n<li>Des r\u00e9sultats inexacts ou trompeurs peuvent r\u00e9sulter d\u2019un biais d\u2019\u00e9chantillon dans les \u00e9tudes de march\u00e9 de suivi de marque, qui d\u00e9pend de la m\u00e9thodologie s\u00e9lectionn\u00e9e. Ne pas repr\u00e9senter correctement le public cible par le biais d\u2019un \u00e9chantillonnage ou avoir des pr\u00e9jug\u00e9s lors de la collecte et de l\u2019analyse des donn\u00e9es peuvent conduire \u00e0 cette situation.<\/li>\n\n\n\n<li>\u00c0 mesure que les canaux de marketing num\u00e9rique deviennent de plus en plus r\u00e9pandus, les entreprises peuvent avoir du mal \u00e0 \u00e9valuer avec pr\u00e9cision le succ\u00e8s de leurs campagnes sur tous les canaux, surtout si elles n&#039;ont pas acc\u00e8s aux donn\u00e9es de chaque source. Les entreprises doivent d\u00e9velopper des m\u00e9thodologies pour mesurer et suivre ces effets \u00e0 long terme, en s&#039;assurant que leurs strat\u00e9gies de marque s&#039;alignent sur leurs objectifs commerciaux globaux.<\/li>\n<\/ul>\n\n\n\n<h2 class=\"wp-block-heading\">Tendances et consid\u00e9rations futures<\/h2>\n\n\n\n<ul class=\"wp-block-list\">\n<li>\u00c0 mesure que les technologies d\u2019IA et d\u2019apprentissage automatique continuent d\u2019\u00e9voluer et de devenir plus avanc\u00e9es, elles sont exploit\u00e9es pour analyser des ensembles de donn\u00e9es plus vastes et d\u00e9couvrir des informations qui seraient difficiles \u00e0 d\u00e9tecter pour les humains. Les \u00e9tudes de march\u00e9 de suivi de marque peuvent \u00eatre consid\u00e9rablement am\u00e9lior\u00e9es par ces technologies, car elles sont capables de d\u00e9tecter des mod\u00e8les et des tendances qui autrement pourraient passer inaper\u00e7ues avec les m\u00e9thodes de recherche traditionnelles.<\/li>\n\n\n\n<li>Le suivi des indicateurs de performance cl\u00e9s (KPI) d&#039;une marque et des perceptions des consommateurs au fil du temps permet aux entreprises de prendre des d\u00e9cisions \u00e9clair\u00e9es et d&#039;optimiser leurs efforts de branding.<\/li>\n\n\n\n<li>L&#039;importance des m\u00e9dias sociaux est ind\u00e9niable. Les plateformes telles que Facebook, Twitter et Instagram deviennent d\u00e9terminantes dans la croissance et la promotion d&#039;une marque. Gr\u00e2ce aux \u00e9tudes de march\u00e9, les entreprises peuvent d\u00e9couvrir comment leur marque est per\u00e7ue sur les r\u00e9seaux sociaux et d\u00e9terminer les moyens d&#039;am\u00e9liorer leur pr\u00e9sence sur les r\u00e9seaux sociaux.<\/li>\n\n\n\n<li>\u00c0 mesure que les consommateurs prennent davantage conscience des donn\u00e9es collect\u00e9es par les entreprises, les inqui\u00e9tudes concernant la confidentialit\u00e9 et la s\u00e9curit\u00e9 des donn\u00e9es peuvent augmenter. Les entreprises effectuant des \u00e9tudes de march\u00e9 sur le suivi des marques doivent \u00eatre transparentes sur leurs m\u00e9thodes de collecte de donn\u00e9es et mettre en \u0153uvre des mesures proactives pour pr\u00e9server la confidentialit\u00e9 des consommateurs.<\/li>\n\n\n\n<li>Les entreprises doivent \u00eatre capables d&#039;agir rapidement et de r\u00e9pondre aux commentaires des clients. Par cons\u00e9quent, ils ont besoin d\u2019informations actualis\u00e9es et en temps r\u00e9el sur les performances de la marque. Pour garantir cela, des outils de recherche sp\u00e9cialis\u00e9s et des techniques d\u2019analyse de donn\u00e9es doivent \u00eatre utilis\u00e9s pour fournir des informations quasi instantan\u00e9es.<\/li>\n\n\n\n<li>By combining artificial intelligence (AI), machine learning (ML), and big data analytics, companies can improve the efficiency and accuracy of collecting, analyzing, and interpreting data. <\/li>\n\n\n\n<li>La valeur de l\u2019objectif de la marque est devenue de plus en plus \u00e9vidente, alors que les consommateurs recherchent des marques qui refl\u00e8tent leurs propres valeurs et d\u00e9montrent leur intention d\u2019avoir un impact plus important que la simple recherche d\u2019un gain financier.<\/li>\n\n\n\n<li>La durabilit\u00e9 et la responsabilit\u00e9 sociale deviendront plus importantes \u00e0 l\u2019avenir. Le suivi et la gestion de l&#039;impact environnemental et social d&#039;une marque deviennent de plus en plus importants \u00e0 mesure que les consommateurs donnent la priorit\u00e9 \u00e0 ces facteurs lorsqu&#039;ils prennent des d\u00e9cisions d&#039;achat.<\/li>\n\n\n\n<li>La polyvalence des \u00e9tudes de march\u00e9 sur le suivi des marques conduit \u00e0 son adoption accrue dans divers secteurs. Les entreprises de tous secteurs r\u00e9alisent l\u2019importance de comprendre les performances de leur marque. Le d\u00e9veloppement de m\u00e9thodologies innovantes de suivi des marques et le partage des meilleures pratiques seront r\u00e9alis\u00e9s gr\u00e2ce \u00e0 la collaboration entre les entreprises.<\/li>\n<\/ul>\n\n\n\n<p>SIS International propose des recherches quantitatives, qualitatives et strat\u00e9giques. Nous fournissons des donn\u00e9es, des outils, des strat\u00e9gies, des rapports et des informations pour la prise de d\u00e9cision. Nous menons des entretiens, des enqu\u00eates, des groupes de discussion et de nombreuses autres m\u00e9thodes et approches d&#039;\u00e9tudes de march\u00e9. Contactez-nous pour votre prochain projet d&#039;\u00e9tude de march\u00e9.<\/p>\n\n\n\n<p><\/p>","protected":false},"excerpt":{"rendered":"<p>Les \u00e9tudes de march\u00e9 sur le suivi des marques aident les marques commerciales en menant des enqu\u00eates, des entretiens et des m\u00e9thodes de recherche qualitatives et quantitatives.<\/p>","protected":false},"author":1,"featured_media":62846,"parent":14650,"menu_order":196,"comment_status":"closed","ping_status":"closed","template":"","meta":{"footnotes":""},"class_list":["post-41766","page","type-page","status-publish","has-post-thumbnail"],"_links":{"self":[{"href":"https:\/\/www.sisinternational.com\/fr\/wp-json\/wp\/v2\/pages\/41766","targetHints":{"allow":["GET"]}}],"collection":[{"href":"https:\/\/www.sisinternational.com\/fr\/wp-json\/wp\/v2\/pages"}],"about":[{"href":"https:\/\/www.sisinternational.com\/fr\/wp-json\/wp\/v2\/types\/page"}],"author":[{"embeddable":true,"href":"https:\/\/www.sisinternational.com\/fr\/wp-json\/wp\/v2\/users\/1"}],"replies":[{"embeddable":true,"href":"https:\/\/www.sisinternational.com\/fr\/wp-json\/wp\/v2\/comments?post=41766"}],"version-history":[{"count":12,"href":"https:\/\/www.sisinternational.com\/fr\/wp-json\/wp\/v2\/pages\/41766\/revisions"}],"predecessor-version":[{"id":80318,"href":"https:\/\/www.sisinternational.com\/fr\/wp-json\/wp\/v2\/pages\/41766\/revisions\/80318"}],"up":[{"embeddable":true,"href":"https:\/\/www.sisinternational.com\/fr\/wp-json\/wp\/v2\/pages\/14650"}],"wp:featuredmedia":[{"embeddable":true,"href":"https:\/\/www.sisinternational.com\/fr\/wp-json\/wp\/v2\/media\/62846"}],"wp:attachment":[{"href":"https:\/\/www.sisinternational.com\/fr\/wp-json\/wp\/v2\/media?parent=41766"}],"curies":[{"name":"wp","href":"https:\/\/api.w.org\/{rel}","templated":true}]}}