{"id":41732,"date":"2023-03-14T20:35:18","date_gmt":"2023-03-15T00:35:18","guid":{"rendered":"https:\/\/www.sisinternational.com\/?page_id=41732"},"modified":"2026-01-27T16:50:38","modified_gmt":"2026-01-27T21:50:38","slug":"etude-de-marche-des-services-financiers-en-asie","status":"publish","type":"page","link":"https:\/\/www.sisinternational.com\/fr\/solutions\/recherche-de-conseil-en-strategie-fintech\/etude-de-marche-des-services-financiers-en-asie\/","title":{"rendered":"\u00c9tude de march\u00e9 sur les services financiers en Asie"},"content":{"rendered":"<h1 class=\"wp-block-heading\">\u00c9tude de march\u00e9 sur les services financiers en Asie<\/h1>\n\n\n\n<figure class=\"gb-block-image gb-block-image-2f219019\"><img loading=\"lazy\" decoding=\"async\" width=\"1456\" height=\"816\" class=\"gb-image gb-image-2f219019\" src=\"https:\/\/www.sisinternational.com\/wp-content\/uploads\/2025\/10\/Asia-Financial-Services-3.jpg\" alt=\"\u00c9tudes de march\u00e9 et strat\u00e9gie internationales SIS\" title=\"Asia Financial Services (3)\" srcset=\"https:\/\/www.sisinternational.com\/wp-content\/uploads\/2025\/10\/Asia-Financial-Services-3.jpg 1456w, https:\/\/www.sisinternational.com\/wp-content\/uploads\/2025\/10\/Asia-Financial-Services-3-300x168.jpg 300w, https:\/\/www.sisinternational.com\/wp-content\/uploads\/2025\/10\/Asia-Financial-Services-3-1024x574.jpg 1024w, https:\/\/www.sisinternational.com\/wp-content\/uploads\/2025\/10\/Asia-Financial-Services-3-768x430.jpg 768w, https:\/\/www.sisinternational.com\/wp-content\/uploads\/2025\/10\/Asia-Financial-Services-3-18x10.jpg 18w\" sizes=\"auto, (max-width: 1456px) 100vw, 1456px\"><\/figure>\n\n\n\n<p><\/p>\n\n\n\n<hr class=\"wp-block-separator has-alpha-channel-opacity\"\/>\n\n\n\n<p>Asia financial services market research has undergone major changes in recent years, driven by new markets, technological advances, and evolving customer expectations. Now, if companies want to stay ahead of the curve and meet their customers&#8217; needs, conducting research is essential.<\/p>\n\n\n\n<p>With in-depth research, global companies can understand the Asian financial markets and dramatically increase their chances of success.<\/p>\n\n\n\n<h2 class=\"wp-block-heading\"><strong>Comprendre les \u00e9tudes de march\u00e9 sur les services financiers en Asie<\/strong><\/h2>\n\n\n\n<p><span style=\"font-weight: 400;\">Asia financial services <a href=\"https:\/\/www.linkedin.com\/pulse\/how-market-research-enables-growth-ruth-stanat-phekf\/\" target=\"_blank\" rel=\"noopener\">\u00e9tude de march\u00e9<\/a> provides a comprehensive understanding of market dynamics, including economic growth patterns, consumer behavior, and regulatory environments across Asian countries. Moreover, this research identifies growth opportunities within the Asian financial <a href=\"https:\/\/www.sisinternational.com\/fr\/competence\/les-industries\/q-etude-de-marche-commerciale\/\" title=\"\u00c9tude de march\u00e9 Q-Commerce\" data-wpil-monitor-id=\"4839\">prestations de service<\/a> sector such as underserved market segments, potential for new product offerings, and areas ripe for technological innovation.<\/span><\/p>\n\n\n\n<h2 class=\"wp-block-heading\"><strong>Quels sont les avantages de l\u2019\u00e9tude de march\u00e9 sur les services financiers en Asie ?<\/strong><\/h2>\n\n\n\n<figure class=\"wp-block-image\"><img decoding=\"async\" src=\"https:\/\/www.sisinternational.com\/wp-content\/uploads\/2024\/04\/Asia-eCommerce-Consulting.jpg\" alt=\"Conseil en commerce \u00e9lectronique en Asie\" class=\"wp-image-47535\"\/><\/figure>\n\n\n\n<p><\/p>\n\n\n\n<p><span style=\"font-weight: 400;\">The benefits of engaging in Asia <a class=\"wpil_keyword_link\" href=\"https:\/\/www.sisinternational.com\/fr\/solutions\/recherche-de-conseil-en-strategie-fintech\/etude-de-marche-sur-les-services-financiers\/\" title=\"\u00c9tude de march\u00e9 sur les services financiers\" data-wpil-keyword-link=\"linked\" data-wpil-monitor-id=\"718\">\u00e9tude de march\u00e9 sur les services financiers<\/a> are substantial, especially for businesses looking to enter or expand their presence in this dynamic region. Here\u2019s a detailed look at the advantages:<\/span><\/p>\n\n\n\n<p><b>\u2022 D\u00e9cisions \u00e9clair\u00e9es d&#039;entr\u00e9e sur le march\u00e9 et d&#039;expansion<\/b>: This <a href=\"https:\/\/www.sisinternational.com\/fr\/competence\/les-industries\/etude-de-marche-du-vide\/\" title=\"\u00c9tude de march\u00e9 sur le vide\" data-wpil-monitor-id=\"4860\">recherche<\/a> provides critical insights into various Asian markets, enabling businesses to make informed decisions about market entry and expansion strategies.<\/span><\/p>\n\n\n\n<p><b>\u2022 Identification des opportunit\u00e9s \u00e9mergentes<\/b><span style=\"font-weight: 400;\">: Asia&#8217;s financial markets are rapidly evolving, and this research helps identify emerging trends and opportunities. Businesses can tap into new segments, innovate product offerings, and stay ahead of the competition.<\/span><\/p>\n\n\n\n<p><b>\u2022 D\u00e9veloppement de produits centr\u00e9s sur le client<\/b>: Deep insights into <a href=\"https:\/\/www.sisinternational.com\/fr\/services-de-recherche-sur-la-segmentation-du-marche\/\" title=\"Services de recherche sur la segmentation du march\u00e9\" data-wpil-monitor-id=\"2497\">consommateur<\/a> behavior and preferences in different Asian markets enable businesses to develop customer-centric financial products and services, increasing the likelihood of market acceptance and success.<\/span><\/p>\n\n\n\n<p><b>\u2022 Adaptation aux tendances technologiques<\/b>: Asia financial <a href=\"https:\/\/www.sisinternational.com\/fr\/solutions\/solutions-de-recherche-qualitative-et-quantitative\/etude-de-marche-sur-les-services-sur-le-terrain\/\" title=\"\u00c9tude de march\u00e9 sur les services sur le terrain\" data-wpil-monitor-id=\"4520\">services market research<\/a> provides insights into the technological advancements shaping the industry such as fintech innovations and digital banking trends. Businesses can use this information to adapt to or lead in technological adoption.<\/span><\/p>\n\n\n\n<p><b>\u2022 Partenariats et collaborations strat\u00e9giques<\/b><span style=\"font-weight: 400;\">: Cette recherche peut identifier des opportunit\u00e9s de partenariat potentielles avec des acteurs locaux ou r\u00e9gionaux, qui peuvent \u00eatre cruciales pour naviguer dans les complexit\u00e9s des march\u00e9s asiatiques.<\/span><\/p>\n\n\n\n<h2 class=\"wp-block-heading\">\u00c9tude de march\u00e9 sur les services financiers en Asie : pourquoi est-ce important ?<\/h2>\n\n\n\n<p>The Asian financial services landscape is dynamic and rapidly growing, encompassing a wide variety of sectors like banking, insurance, asset management, and fintech. At the same time, it possesses a rising population and a rapidly growing middle class, making Asian financial markets attractive to financial institutions and investors seeking growth prospects.<\/p>\n\n\n\n<p>Ce march\u00e9 est \u00e9galement connu pour son haut degr\u00e9 d\u2019innovation et l\u2019adoption de technologies de pointe telles que les paiements mobiles, les services bancaires num\u00e9riques et la blockchain. Cependant, le secteur asiatique des services financiers est tr\u00e8s comp\u00e9titif et est confront\u00e9 \u00e0 de nombreux probl\u00e8mes tels que l&#039;\u00e9volution des r\u00e9glementations, les risques g\u00e9opolitiques et l&#039;\u00e9volution des pr\u00e9f\u00e9rences des clients.<\/p>\n\n\n\n<p>Therefore, companies must conduct regular <a href=\"https:\/\/www.sisinternational.com\/fr\/opportunites-de-marche-en-asie-du-sud-est\/\" title=\"Recherche d\u2019opportunit\u00e9s de march\u00e9 en Asie du Sud-Est\" data-wpil-monitor-id=\"2475\">Asia financial services market research<\/a> to stay ahead of developments and capitalize on new opportunities. This helps them identify and respond to the latest customer demands and preferences, enabling businesses to remain ahead of the competition.<\/p>\n\n\n\n<h2 class=\"wp-block-heading\">\u00c9tude de march\u00e9 sur les services financiers en Asie\u00a0: principaux moteurs de croissance<\/h2>\n\n\n\n<p>The Asian financial services industry is experiencing a rapid and substantial expansion in countries such as India, Indonesia, and Vietnam playing an essential role in driving this expansion \u2013 and some of the key drivers are:<\/p>\n\n\n\n<p>\u2022 The proliferation of digital technology and the emergence of forward-thinking financial products and services such as mobile banking and digital payments. This advancement in technology is promoting financial inclusion and allowing more individuals to access financial services.<\/p>\n\n\n\n<p>\u2022 Le besoin croissant d&#039;une finance durable est devenu de plus en plus \u00e9vident. Il favorise la croissance \u00e9conomique tout en pr\u00e9servant l\u2019environnement et le bien-\u00eatre social.<\/p>\n\n\n\n<p>\u2022 La modernisation de la r\u00e9glementation en Asie est actuellement en cours, augmentant l&#039;innovation et la concurrence.<\/p>\n\n\n\n<h2 class=\"wp-block-heading\">March\u00e9s principaux<\/h2>\n\n\n\n<figure class=\"gb-block-image gb-block-image-a402cb54\"><img loading=\"lazy\" decoding=\"async\" width=\"1456\" height=\"816\" class=\"gb-image gb-image-a402cb54\" src=\"https:\/\/www.sisinternational.com\/wp-content\/uploads\/2025\/10\/Asia-Financial-Services-1.jpg\" alt=\"\u00c9tudes de march\u00e9 et strat\u00e9gie internationales SIS\" title=\"Asia Financial Services (1)\" srcset=\"https:\/\/www.sisinternational.com\/wp-content\/uploads\/2025\/10\/Asia-Financial-Services-1.jpg 1456w, https:\/\/www.sisinternational.com\/wp-content\/uploads\/2025\/10\/Asia-Financial-Services-1-300x168.jpg 300w, https:\/\/www.sisinternational.com\/wp-content\/uploads\/2025\/10\/Asia-Financial-Services-1-1024x574.jpg 1024w, https:\/\/www.sisinternational.com\/wp-content\/uploads\/2025\/10\/Asia-Financial-Services-1-768x430.jpg 768w, https:\/\/www.sisinternational.com\/wp-content\/uploads\/2025\/10\/Asia-Financial-Services-1-18x10.jpg 18w\" sizes=\"auto, (max-width: 1456px) 100vw, 1456px\"><\/figure>\n\n\n\n<p><\/p>\n\n\n\n<p>Le march\u00e9 asiatique des services financiers offre de nombreuses perspectives d\u2019expansion aux organisations financi\u00e8res et aux technologies financi\u00e8res. Actuellement, certains des march\u00e9s financiers \u00e0 la croissance la plus rapide comprennent\u00a0:<\/p>\n\n\n\n<p><strong>\u2022 Chine:<\/strong> China&#8217;s financial services market is the most formidable in Asia, reflecting its rapidly expanding economy and growing demand for financial services.&nbsp;<\/p>\n\n\n\n<p><strong>\u2022 Japon:<\/strong> Japan&#8217;s financial services industry is one of the most advanced in Asia, emphasizing asset management, insurance, and banking.&nbsp;<\/p>\n\n\n\n<p><strong>\u2022 Inde:<\/strong> Le secteur des services financiers en Inde conna\u00eet une croissance exponentielle, port\u00e9e par la forte croissance d\u00e9mographique et la demande accrue de services financiers.<\/p>\n\n\n\n<p><strong>\u2022 Asie du sud est<\/strong>: Les march\u00e9s des services financiers en Asie du Sud-Est connaissent une expansion rapide, guid\u00e9s par une population adepte de la technologie et une classe moyenne en plein essor. Le secteur financier de la r\u00e9gion est dirig\u00e9 par de grandes institutions bancaires et soutenu par la pr\u00e9sence d&#039;acteurs \u00e9mergents de la technologie financi\u00e8re. L\u2019Indon\u00e9sie, la Malaisie, les Philippines, Singapour, la Tha\u00eflande et le Vietnam contribuent tous \u00e0 ce ph\u00e9nom\u00e8ne.<\/p>\n\n\n\n<h2 class=\"wp-block-heading\"><strong>R\u00e9sultats attendus de l\u2019\u00e9tude de march\u00e9 sur les services financiers en Asie<\/strong><\/h2>\n\n\n\n<p><span style=\"font-weight: 400;\">When engaging in Asia <a href=\"https:\/\/www.sisinternational.com\/fr\/solutions\/recherche-de-conseil-en-strategie-fintech\/etude-de-marche-sur-le-secteur-des-services-financiers\/\" title=\"\u00c9tude de march\u00e9 sur le secteur des services financiers\" data-wpil-monitor-id=\"4549\">\u00e9tude de march\u00e9 sur les services financiers<\/a>, there are specific insights and outcomes that businesses can anticipate as this research is tailored to provide a deep understanding of the Asian financial market&#8217;s unique characteristics and opportunities.&nbsp;<\/span><\/p>\n\n\n\n<p><b>Analyse d\u00e9taill\u00e9e des comportements des consommateurs<\/b><span style=\"font-weight: 400;\">: <\/span><span style=\"font-weight: 400;\">Cette recherche fournit des informations approfondies sur les comportements, les pr\u00e9f\u00e9rences et les attitudes des consommateurs \u00e0 l\u2019\u00e9gard des produits et services financiers sur diff\u00e9rents march\u00e9s asiatiques.<\/span><\/p>\n\n\n\n<p><b>\u00c9valuation de l&#039;environnement r\u00e9glementaire<\/b><span style=\"font-weight: 400;\">: <\/span><span style=\"font-weight: 400;\">A critical component is evaluating the regulatory environment in various Asian countries. This includes understanding regulatory challenges, compliance requirements, and potential impacts on business operations.<\/span><\/p>\n\n\n\n<p><b>Identification des opportunit\u00e9s de croissance<\/b>: Asia financial <a href=\"https:\/\/www.sisinternational.com\/fr\/competence\/les-industries\/etude-de-marche-sur-les-services-environnementaux\/\" title=\"\u00c9tude de march\u00e9 sur les services environnementaux\" data-wpil-monitor-id=\"4838\">services market research<\/a> highlights specific areas of growth and opportunity within the Asian financial services sector such as emerging market segments, untapped consumer bases, or innovative product offerings.<\/span><\/p>\n\n\n\n<p><b>Tendances de la transformation num\u00e9rique<\/b><span style=\"font-weight: 400;\">: <\/span><span style=\"font-weight: 400;\">Compte tenu de l&#039;avance de l&#039;Asie en mati\u00e8re de services financiers num\u00e9riques, la recherche couvre les tendances actuelles en mati\u00e8re de banque num\u00e9rique, d&#039;innovations fintech et d&#039;adoption de technologies dans le secteur financier.<\/span><\/p>\n\n\n\n<p><b>Recommandations strat\u00e9giques personnalis\u00e9es<\/b><span style=\"font-weight: 400;\">: <\/span><span style=\"font-weight: 400;\">Sur la base des r\u00e9sultats de la recherche, les entreprises re\u00e7oivent des recommandations personnalis\u00e9es adapt\u00e9es pour naviguer et tirer parti du march\u00e9 asiatique des services financiers.<\/span><\/p>\n\n\n\n<h2 class=\"wp-block-heading\"><strong>Leading Players in the Asia Financial Services Market<\/strong><\/h2>\n\n\n\n<p><span style=\"font-weight: 400;\">Sur le march\u00e9 asiatique des services financiers, un large \u00e9ventail d&#039;acteurs contribuent au dynamisme et \u00e0 la comp\u00e9titivit\u00e9 du secteur \u2013 et comprendre ces acteurs cl\u00e9s est crucial pour quiconque cherche \u00e0 naviguer efficacement sur ce march\u00e9.&nbsp;<\/span><\/p>\n\n\n\n<p><b><strong>- <\/strong>Principales banques et institutions financi\u00e8res<\/b><span style=\"font-weight: 400;\">: Prominent banks such as HSBC and DBS Bank are pivotal in shaping the financial landscape. These institutions often lead in market share, innovation, and service offerings.<\/span><\/p>\n\n\n\n<p><b><strong>- <\/strong>Entreprises de technologie financi\u00e8re<\/b><span style=\"font-weight: 400;\">: Le march\u00e9 asiatique a connu une mont\u00e9e en puissance des acteurs de la fintech, avec des soci\u00e9t\u00e9s comme Ant Financial et Paytm r\u00e9volutionnant les paiements num\u00e9riques, les pr\u00eats et les finances personnelles.<\/span><\/p>\n\n\n\n<p><b><strong>- <\/strong>Les compagnies d&#039;assurance<\/b><span style=\"font-weight: 400;\">: Significant insurance providers, including AIA Group and China Life Insurance, play a key role in the financial ecosystem and offer a range of insurance products and services.<\/span><\/p>\n\n\n\n<p><b><strong>- <\/strong>Organismes de r\u00e9glementation<\/b><span style=\"font-weight: 400;\">: Les autorit\u00e9s de r\u00e9gulation telles que l&#039;Autorit\u00e9 mon\u00e9taire de Singapour (MAS), la Banque populaire de Chine (PBOC) et le Securities and Exchange Board of India (SEBI) jouent un r\u00f4le crucial dans l&#039;\u00e9tablissement de normes et de lignes directrices r\u00e9glementaires dans le secteur financier.<\/span><\/p>\n\n\n\n<p><b><strong>- <\/strong>Entreprises multi-nationales<\/b>: Les soci\u00e9t\u00e9s financi\u00e8res mondiales comme JPMorgan Chase, Citibank et Goldman Sachs ont \u00e9galement une forte pr\u00e9sence en Asie, contribuant \u00e0 la dynamique financi\u00e8re de la r\u00e9gion.<\/p>\n\n\n\n<h2 class=\"wp-block-heading\">Opportunit\u00e9s et d\u00e9fis de l\u2019\u00e9tude de march\u00e9 sur les services financiers en Asie<\/h2>\n\n\n\n<figure class=\"gb-block-image gb-block-image-4249b8a9\"><img loading=\"lazy\" decoding=\"async\" width=\"1456\" height=\"816\" class=\"gb-image gb-image-4249b8a9\" src=\"https:\/\/www.sisinternational.com\/wp-content\/uploads\/2025\/10\/Asia-Financial-Services-2.jpg\" alt=\"\u00c9tudes de march\u00e9 et strat\u00e9gie internationales SIS\" title=\"Asia Financial Services (2)\" srcset=\"https:\/\/www.sisinternational.com\/wp-content\/uploads\/2025\/10\/Asia-Financial-Services-2.jpg 1456w, https:\/\/www.sisinternational.com\/wp-content\/uploads\/2025\/10\/Asia-Financial-Services-2-300x168.jpg 300w, https:\/\/www.sisinternational.com\/wp-content\/uploads\/2025\/10\/Asia-Financial-Services-2-1024x574.jpg 1024w, https:\/\/www.sisinternational.com\/wp-content\/uploads\/2025\/10\/Asia-Financial-Services-2-768x430.jpg 768w, https:\/\/www.sisinternational.com\/wp-content\/uploads\/2025\/10\/Asia-Financial-Services-2-18x10.jpg 18w\" sizes=\"auto, (max-width: 1456px) 100vw, 1456px\"><\/figure>\n\n\n\n<p><\/p>\n\n\n\n<p>The Asia financial <a href=\"https:\/\/www.sisinternational.com\/fr\/competence\/les-industries\/etude-de-marche-sur-les-services-de-communication\/\" title=\"\u00c9tude de march\u00e9 sur les services de communication\" data-wpil-monitor-id=\"5694\">services market research<\/a> presents both challenges and opportunities, including:<\/p>\n\n\n\n<h3 class=\"wp-block-heading\">Opportunit\u00e9s<\/h3>\n\n\n\n<p>\u2022 \u00c0 mesure que les \u00e9conomies asiatiques se d\u00e9veloppent, le besoin de services financiers tels que les banques, les assurances et les opportunit\u00e9s d&#039;investissement devient de plus en plus prononc\u00e9.<\/p>\n\n\n\n<p>\u2022 La prolif\u00e9ration des services financiers num\u00e9riques offre des opportunit\u00e9s lucratives aux soci\u00e9t\u00e9s de technologie financi\u00e8re pour fournir des solutions avanc\u00e9es et satisfaire les exigences des clients.<\/p>\n\n\n\n<p>\u2022 L&#039;augmentation de la demande en mati\u00e8re de finance durable et d&#039;investissement \u00e0 impact pr\u00e9sente une opportunit\u00e9 unique pour les entreprises de cr\u00e9er des produits qui satisfont les objectifs \u00e9thiques de leurs clients tout en tenant compte des exigences environnementales et sociales.<\/p>\n\n\n\n<p>\u2022 Partnering and joining forces can provide a unique opportunity to spur progress and widen access to financial services for people in underserved areas. Forging ties between traditional financial establishments and fintech firms in Asia can boost profits while boosting corporate social responsibility.<\/p>\n\n\n\n<h3 class=\"wp-block-heading\">D\u00e9fis<\/h3>\n\n\n\n<p>\u2022 Introducing financial services to unbanked communities has proven to be a complex challenge. Thus, it is essential to address the needs of these population segments to ensure that all have access to the resources they need.<\/p>\n\n\n\n<p>\u2022 La mise en \u0153uvre de services financiers num\u00e9riques implique des risques \u00e9mergents et n\u00e9cessite une gestion active, notamment en mati\u00e8re de cybers\u00e9curit\u00e9.<\/p>\n\n\n\n<p>\u2022 Navigating the Asia <a href=\"https:\/\/www.sisinternational.com\/fr\/financial-services-consulting\/robotic-process-automation-in-financial-services\/\" title=\"Robotic Process Automation in Financial Services\" data-wpil-monitor-id=\"1067\">financial services market can be a complex process<\/a>, requiring companies to be aware of the various regulatory frameworks in place. However, understanding these regulations is essential for companies seeking to enter or expand their presence in the region.<\/p>\n\n\n\n<h2 class=\"wp-block-heading\">Perspectives futures de l\u2019\u00e9tude de march\u00e9 sur les services financiers en Asie<\/h2>\n\n\n\n<figure class=\"gb-block-image gb-block-image-997aee28\"><img loading=\"lazy\" decoding=\"async\" width=\"1456\" height=\"816\" class=\"gb-image gb-image-997aee28\" src=\"https:\/\/www.sisinternational.com\/wp-content\/uploads\/2025\/10\/Asia-Financial-Services-4.jpg\" alt=\"\u00c9tudes de march\u00e9 et strat\u00e9gie internationales SIS\" title=\"Asia Financial Services (4)\" srcset=\"https:\/\/www.sisinternational.com\/wp-content\/uploads\/2025\/10\/Asia-Financial-Services-4.jpg 1456w, https:\/\/www.sisinternational.com\/wp-content\/uploads\/2025\/10\/Asia-Financial-Services-4-300x168.jpg 300w, https:\/\/www.sisinternational.com\/wp-content\/uploads\/2025\/10\/Asia-Financial-Services-4-1024x574.jpg 1024w, https:\/\/www.sisinternational.com\/wp-content\/uploads\/2025\/10\/Asia-Financial-Services-4-768x430.jpg 768w, https:\/\/www.sisinternational.com\/wp-content\/uploads\/2025\/10\/Asia-Financial-Services-4-18x10.jpg 18w\" sizes=\"auto, (max-width: 1456px) 100vw, 1456px\"><\/figure>\n\n\n\n<p><\/p>\n\n\n\n<p>The emergence of several financial trends and innovations is driving the sector&#8217;s growth and development. Consequently, <a href=\"https:\/\/www.sisinternational.com\/fr\/etude-de-marche-dans-les-villes-chinoises-de-2e-rang\/\" title=\"\u00c9tude de march\u00e9 dans les villes chinoises de deuxi\u00e8me rang\" data-wpil-monitor-id=\"7628\">Asia financial services market research<\/a> is expected to increase in the next few years. Mainly, some of the most important trends impacting the Asian financial markets are:<\/p>\n\n\n\n<p>\u2022 The rapid growth of digital transformation. The financial services landscape in <a href=\"https:\/\/www.sisinternational.com\/fr\/financial-services-consulting\/financial-services-customer-satisfaction\/\" title=\"Financial Services Customer Satisfaction\" data-wpil-monitor-id=\"7497\">Asie<\/a> will continue to shift to meet customer demands, and fintech organizations are playing a crucial role in providing cutting-edge solutions to Asian consumers.<\/p>\n\n\n\n<p>\u2022 The financial services industry will remain dedicated to providing increased access to financial services for underserved populations through new technologies and strategic collaborations.&nbsp;<\/p>\n\n\n\n<p>\u2022 The increasing interest in sustainability and impact investing is forecasted to prevail. Organizations are expected to provide services that meet customers&#8217; ideals and satisfy ecological and societal requirements.<\/p>\n\n\n\n<p>\u2022 As further regulatory reforms are implemented, financial systems in Asia will modernize. This will stimulate innovation and healthy competition while protecting consumer rights and preserving the integrity of the financial sector.<\/p>\n\n\n\n<h2 class=\"wp-block-heading\">Notre emplacement \u00e0 New York<\/h2>\n\n\n\n<p>  <iframe loading=\"lazy\" src=\"https:\/\/www.google.com\/maps\/embed?pb=!1m18!1m12!1m3!1d3022.976188376966!2d-73.99130312499956!3d40.740549471389315!2m3!1f0!2f0!3f0!3m2!1i1024!2i768!4f13.1!3m3!1m2!1s0x89c259a15798c731%3A0xd695d09bdd495f25!2s11%20E%2022nd%20St%20FL%202%2C%20New%20York%2C%20NY%2010010%2C%20USA!5e0!3m2!1sen!2spe!4v1726171763526!5m2!1sen!2spe\" width=\"600\" height=\"450\" allowfullscreen=\"allowfullscreen\" data-mce-fragment=\"1\"><\/iframe>  <\/p>\n\n\n\n<h3 class=\"wp-block-heading\">11 E 22nd Street, \u00e9tage 2, New York, NY 10010 T\u00e9l. : +1(212) 505-6805<\/h3>\n\n\n\n<hr class=\"wp-block-separator has-alpha-channel-opacity\"\/>\n\n\n\n<h2 class=\"wp-block-heading\"><strong>\u00c0 propos de SIS International<\/strong><\/h2>\n\n\n\n<p><a href=\"https:\/\/www.sisinternational.com\/fr\/\"><span style=\"font-weight: 400;\">SIS International<\/span><\/a><span style=\"font-weight: 400;\"> propose des recherches quantitatives, qualitatives et strat\u00e9giques. Nous fournissons des donn\u00e9es, des outils, des strat\u00e9gies, des rapports et des informations pour la prise de d\u00e9cision. Nous menons \u00e9galement des entretiens, des enqu\u00eates, des groupes de discussion et d\u2019autres m\u00e9thodes et approches d\u2019\u00e9tudes de march\u00e9.<\/span><a href=\"https:\/\/www.sisinternational.com\/fr\/a-propos-de-la-recherche-internationale-sis\/contact-sis-international-market-research\/\"><span style=\"font-weight: 400;\"> Contactez nous<\/span><\/a><span style=\"font-weight: 400;\"> pour votre prochain projet d&#039;\u00e9tude de march\u00e9.<\/span><\/p>\n\n\n\n<p><span style=\"font-weight: 400;\">&nbsp;<\/span><\/p>\n\n\n\n<p><\/p>\n\n\n\n<p><\/p>","protected":false},"excerpt":{"rendered":"<p>Les services financiers asiatiques sont un domaine dynamique et en pleine croissance qui englobe de nombreux secteurs comme la banque, l&#039;assurance, la gestion d&#039;actifs et la fintech.<\/p>","protected":false},"author":1,"featured_media":71809,"parent":27462,"menu_order":43,"comment_status":"closed","ping_status":"closed","template":"","meta":{"footnotes":""},"class_list":["post-41732","page","type-page","status-publish","has-post-thumbnail"],"_links":{"self":[{"href":"https:\/\/www.sisinternational.com\/fr\/wp-json\/wp\/v2\/pages\/41732","targetHints":{"allow":["GET"]}}],"collection":[{"href":"https:\/\/www.sisinternational.com\/fr\/wp-json\/wp\/v2\/pages"}],"about":[{"href":"https:\/\/www.sisinternational.com\/fr\/wp-json\/wp\/v2\/types\/page"}],"author":[{"embeddable":true,"href":"https:\/\/www.sisinternational.com\/fr\/wp-json\/wp\/v2\/users\/1"}],"replies":[{"embeddable":true,"href":"https:\/\/www.sisinternational.com\/fr\/wp-json\/wp\/v2\/comments?post=41732"}],"version-history":[{"count":22,"href":"https:\/\/www.sisinternational.com\/fr\/wp-json\/wp\/v2\/pages\/41732\/revisions"}],"predecessor-version":[{"id":81251,"href":"https:\/\/www.sisinternational.com\/fr\/wp-json\/wp\/v2\/pages\/41732\/revisions\/81251"}],"up":[{"embeddable":true,"href":"https:\/\/www.sisinternational.com\/fr\/wp-json\/wp\/v2\/pages\/27462"}],"wp:featuredmedia":[{"embeddable":true,"href":"https:\/\/www.sisinternational.com\/fr\/wp-json\/wp\/v2\/media\/71809"}],"wp:attachment":[{"href":"https:\/\/www.sisinternational.com\/fr\/wp-json\/wp\/v2\/media?parent=41732"}],"curies":[{"name":"wp","href":"https:\/\/api.w.org\/{rel}","templated":true}]}}