{"id":41718,"date":"2023-03-14T17:57:45","date_gmt":"2023-03-14T21:57:45","guid":{"rendered":"https:\/\/www.sisinternational.com\/?page_id=41718"},"modified":"2026-01-26T14:31:09","modified_gmt":"2026-01-26T19:31:09","slug":"etude-de-marche-sur-les-materiaux-avances","status":"publish","type":"page","link":"https:\/\/www.sisinternational.com\/fr\/competence\/etude-de-marche-sur-les-materiaux-avances\/","title":{"rendered":"\u00c9tude de march\u00e9 sur les mat\u00e9riaux avanc\u00e9s"},"content":{"rendered":"<h1 class=\"wp-block-heading\">\u00c9tude de march\u00e9 sur les mat\u00e9riaux avanc\u00e9s<\/h1>\n\n\n\n<figure class=\"gb-block-image gb-block-image-a8bf3cac\"><img loading=\"lazy\" decoding=\"async\" width=\"1456\" height=\"816\" class=\"gb-image gb-image-a8bf3cac\" src=\"https:\/\/www.sisinternational.com\/wp-content\/uploads\/2025\/08\/Oit-petroleum-petrochemical-10.jpg\" alt=\"\u00c9tudes de march\u00e9 et strat\u00e9gie internationales SIS\" title=\"Oit petroleum petrochemical (10)\" srcset=\"https:\/\/www.sisinternational.com\/wp-content\/uploads\/2025\/08\/Oit-petroleum-petrochemical-10.jpg 1456w, https:\/\/www.sisinternational.com\/wp-content\/uploads\/2025\/08\/Oit-petroleum-petrochemical-10-300x168.jpg 300w, https:\/\/www.sisinternational.com\/wp-content\/uploads\/2025\/08\/Oit-petroleum-petrochemical-10-1024x574.jpg 1024w, https:\/\/www.sisinternational.com\/wp-content\/uploads\/2025\/08\/Oit-petroleum-petrochemical-10-768x430.jpg 768w, https:\/\/www.sisinternational.com\/wp-content\/uploads\/2025\/08\/Oit-petroleum-petrochemical-10-18x10.jpg 18w\" sizes=\"auto, (max-width: 1456px) 100vw, 1456px\"><\/figure>\n\n\n\n<p><\/p>\n\n\n\n<hr class=\"wp-block-separator has-alpha-channel-opacity is-style-dots\"\/>\n\n\n\n<div class=\"wp-block-columns has-global-color-9-color has-text-color has-background has-link-color wp-elements-a8dfeef86bfc233b30a215f156ab3643 is-layout-flex wp-container-core-columns-is-layout-9d6595d7 wp-block-columns-is-layout-flex\" style=\"background-color:#f7f9fa6e\">\n<div class=\"wp-block-column is-layout-flow wp-block-column-is-layout-flow\" style=\"flex-basis:18%\"><\/div>\n\n\n\n<div class=\"wp-block-column is-vertically-aligned-center is-layout-flow wp-block-column-is-layout-flow\" style=\"flex-basis:71.28%\">\n<div class=\"wp-block-rank-math-toc-block aligncenter has-global-color-9-color has-text-color has-link-color wp-elements-0d6aaf33f1702c477cd1479ae808eb21\" style=\"font-size:16px\" id=\"rank-math-toc\"><h2><br><strong>T<\/strong>able of Contents<\/h2><nav><ul><li class=\"\"><a href=\"#why-are-advanced-materials-important\">Pourquoi les mat\u00e9riaux avanc\u00e9s sont-ils importants ?<\/a><\/li><li class=\"\"><a href=\"#key-job-titles\">Titres de poste cl\u00e9s<\/a><\/li><li class=\"\"><a href=\"#why-businesses-need-advanced-materials-market-research\">Pourquoi les entreprises ont besoin d\u2019une \u00e9tude de march\u00e9 sur les mat\u00e9riaux avanc\u00e9s<\/a><\/li><li class=\"\"><a href=\"#key-success-factors\">Facteurs cl\u00e9s de succ\u00e8s<\/a><\/li><li class=\"\"><a href=\"#about-advanced-materials-market-research\">\u00c0 propos des \u00e9tudes de march\u00e9 sur les mat\u00e9riaux avanc\u00e9s<\/a><\/li><\/ul><\/nav><\/div>\n<\/div>\n<\/div>\n\n\n\n<p><\/p>\n\n\n\n<h2 class=\"wp-block-heading\" id=\"why-are-advanced-materials-important\">Pourquoi les mat\u00e9riaux avanc\u00e9s sont-ils importants ?<\/h2>\n\n\n\n<p>Les mat\u00e9riaux avanc\u00e9s sont essentiels pour diverses raisons. Le premier est l\u2019am\u00e9lioration des performances. Les mat\u00e9riaux avanc\u00e9s ont des propri\u00e9t\u00e9s sup\u00e9rieures, telles que la r\u00e9sistance, la durabilit\u00e9, la flexibilit\u00e9 et la conductivit\u00e9. Un autre point cl\u00e9 est que ces propri\u00e9t\u00e9s peuvent am\u00e9liorer les performances des produits et des syst\u00e8mes.<\/p>\n\n\n\n<p>De nombreux mat\u00e9riaux avanc\u00e9s poss\u00e8dent des propri\u00e9t\u00e9s uniques. Pour cette raison, ils sont id\u00e9aux pour une utilisation dans les technologies d\u2019\u00e9nergies renouvelables. En fait, ils sont parfaits pour les panneaux solaires et les \u00e9oliennes. De plus, leur utilisation peut contribuer \u00e0 r\u00e9duire les \u00e9missions de gaz \u00e0 effet de serre et \u00e0 lutter contre le changement climatique. Un autre avantage des mat\u00e9riaux avanc\u00e9s est qu\u2019ils peuvent r\u00e9duire les d\u00e9chets et augmenter le recyclage. Cela peut \u00e9galement am\u00e9liorer la durabilit\u00e9 des produits et des syst\u00e8mes.<\/p>\n\n\n\n<p>Advanced materials have many other uses. They can be used to develop new materials that are safer and more durable. Thus, they can help reduce the risk of accidents and injuries. They can also be used to develop new medical devices and treatments. These devices and treatments are more effective and durable, as well as less invasive.<\/p>\n\n\n\n<h2 class=\"wp-block-heading\" id=\"key-job-titles\">Titres de poste cl\u00e9s<\/h2>\n\n\n\n<h3 class=\"wp-block-heading\">Voici quelques titres de postes cl\u00e9s dans le domaine des mat\u00e9riaux avanc\u00e9s :<\/h3>\n\n\n\n<p><strong>1. Materials Scientist or Engineer.<\/strong> This role involves researching, developing, and testing new materials. These new materials have specific properties and applications. Materials scientists and engineers may work in a variety of industries. For example, they work in aerospace, automotive, electronics, and healthcare.<br><strong>2. Chemical Engineer.<\/strong> Chemical engineers design and develop chemical processes and materials. They often work in the manufacturing or industrial sector.<br><strong>3. Metallurgist.<\/strong> Metallurgists specialize in producing, processing, and characterizing metals and alloys for advanced aerospace and defense applications.<br><strong>4. Nanotechnologist.<\/strong> Nanotechnologists design, develop, and apply materials and devices at the nanoscale. These materials can have unique properties and applications.<br><strong>5. Quality Control Manager.<\/strong> Quality control managers ensure that materials and products meet specific standards. They do so through testing and inspection procedures.<br><strong>6. Product Development Manager. <\/strong>Product development managers oversee the development of new materials and products. They work from conceptualization to commercialization. They often work with cross-functional teams of scientists, engineers, and marketing professionals.<br><strong>7. Research and Development Director. <\/strong>Research and development directors lead teams of scientists and engineers. They help to develop new materials, technologies, and products. They often set strategic goals and manage budgets and resources.<\/p>\n\n\n\n<h2 class=\"wp-block-heading\" id=\"why-businesses-need-advanced-materials-market-research\">Pourquoi les entreprises ont besoin d\u2019une \u00e9tude de march\u00e9 sur les mat\u00e9riaux avanc\u00e9s<\/h2>\n\n\n\n<figure class=\"gb-block-image gb-block-image-1641a375\"><img loading=\"lazy\" decoding=\"async\" width=\"1456\" height=\"816\" class=\"gb-image gb-image-1641a375\" src=\"https:\/\/www.sisinternational.com\/wp-content\/uploads\/2025\/10\/Sales-Engineering-2.jpg\" alt=\"\u00c9tudes de march\u00e9 et strat\u00e9gie internationales SIS\" title=\"Sales Engineering (2)\" srcset=\"https:\/\/www.sisinternational.com\/wp-content\/uploads\/2025\/10\/Sales-Engineering-2.jpg 1456w, https:\/\/www.sisinternational.com\/wp-content\/uploads\/2025\/10\/Sales-Engineering-2-300x168.jpg 300w, https:\/\/www.sisinternational.com\/wp-content\/uploads\/2025\/10\/Sales-Engineering-2-1024x574.jpg 1024w, https:\/\/www.sisinternational.com\/wp-content\/uploads\/2025\/10\/Sales-Engineering-2-768x430.jpg 768w, https:\/\/www.sisinternational.com\/wp-content\/uploads\/2025\/10\/Sales-Engineering-2-18x10.jpg 18w\" sizes=\"auto, (max-width: 1456px) 100vw, 1456px\"><\/figure>\n\n\n\n<p><\/p>\n\n\n\n<p>Les entreprises ont besoin de mat\u00e9riaux avanc\u00e9s pour diverses raisons. Ces mat\u00e9riaux peuvent am\u00e9liorer les performances des produits et des syst\u00e8mes. Ainsi, ils offrent aux entreprises un avantage concurrentiel sur le march\u00e9.<\/p>\n\n\n\n<p>Le d\u00e9veloppement et l\u2019utilisation de mat\u00e9riaux avanc\u00e9s peuvent stimuler l\u2019innovation et la cr\u00e9ativit\u00e9. Ils aident les entreprises \u00e0 garder une longueur d\u2019avance. Ils leur permettent \u00e9galement de r\u00e9pondre aux besoins et pr\u00e9f\u00e9rences changeants des clients.<\/p>\n\n\n\n<p>Advanced materials can improve the sustainability of products and systems. They help businesses meet environmental regulations and consumer demands for eco-friendly products. Advanced materials can also help companies to differentiate their products from their competitors. Moreover, they create a unique selling proposition that attracts customers and drives sales.<\/p>\n\n\n\n<p>Advanced <a href=\"https:\/\/www.sisinternational.com\/fr\/competence\/les-industries\/etude-de-marche-sur-les-materiaux-de-construction-ecologiques\/\" title=\"\u00c9tude de march\u00e9 sur les mat\u00e9riaux de construction \u00e9cologiques\"  data-wpil-monitor-id=\"3338\">materials can open up new market<\/a> opportunities for businesses. These materials allow them to expand into new industries and sectors. Businesses need advanced materials to stay competitive, meet customer demands, and reduce costs. They also need them to drive innovation and growth. As a result, advanced materials are becoming crucial for businesses across various industries.<\/p>\n\n\n\n<h2 class=\"wp-block-heading\" id=\"key-success-factors\">Facteurs cl\u00e9s de succ\u00e8s<\/h2>\n\n\n\n<ul class=\"wp-block-list\">\n<li>Ongoing research and development are critical to advancing advanced materials. These efforts include using cutting-edge technologies such as nanotechnology, biotechnology, and materials science.<\/li>\n\n\n\n<li>La collaboration entre les chercheurs, les partenaires industriels et les autres parties prenantes est essentielle. Il permet le partage de connaissances, d\u2019expertise et de ressources.<\/li>\n\n\n\n<li>La capacit\u00e9 d\u2019augmenter la production de mat\u00e9riaux avanc\u00e9s est essentielle. Il permet une production de masse et une fabrication rentable.<\/li>\n\n\n\n<li>Des mesures strictes de contr\u00f4le de qualit\u00e9 sont n\u00e9cessaires. Ces mesures garantissent que les mat\u00e9riaux avanc\u00e9s r\u00e9pondent \u00e0 des normes sp\u00e9cifiques, notamment dans les secteurs de l&#039;a\u00e9rospatiale, de la d\u00e9fense et de la sant\u00e9.<\/li>\n\n\n\n<li>Une solide protection de la propri\u00e9t\u00e9 intellectuelle est essentielle. Il permet aux entreprises de prot\u00e9ger leur technologie et leurs processus exclusifs. Cela les aide \u00e9galement \u00e0 conserver un avantage concurrentiel.<\/li>\n\n\n\n<li>Le respect des exigences r\u00e9glementaires est crucial pour le d\u00e9veloppement et l\u2019utilisation de mat\u00e9riaux avanc\u00e9s dans les secteurs de la sant\u00e9 et de l\u2019agroalimentaire.<\/li>\n\n\n\n<li><a href=\"https:\/\/www.sisinternational.com\/fr\/competence\/les-industries\/etude-de-marche-sur-la-manutention-des-materiaux\/\" title=\"\u00c9tude de march\u00e9 sur la manutention des mat\u00e9riaux\"  data-wpil-monitor-id=\"6032\">Market demand for advanced materials<\/a> is crucial to success. It determines the potential for commercialization and profitability.<\/li>\n\n\n\n<li>Le d\u00e9veloppement et l\u2019utilisation r\u00e9ussis de mat\u00e9riaux avanc\u00e9s n\u00e9cessitent une expertise scientifique. Cela n\u00e9cessite \u00e9galement des capacit\u00e9s de fabrication, une collaboration et une demande du march\u00e9. La capacit\u00e9 \u00e0 \u00e9quilibrer ces facteurs est essentielle pour r\u00e9ussir.<\/li>\n<\/ul>\n\n\n\n<p><\/p>\n\n\n\n<!DOCTYPE html>\n<html lang=\"en\">\n<head>\n    <meta charset=\"UTF-8\">\n    <meta name=\"viewport\" content=\"width=device-width, initial-scale=1.0\">\n    <title>AI Blog Banner<\/title>\n    <style>\n        * {\n            margin: 0;\n            padding: 0;\n            box-sizing: border-box;\n        }\n\n        .banner {\n            position: relative;\n            width: 100%;\n            height: 350px;\n            overflow: hidden;\n            display: flex;\n            align-items: center;\n            justify-content: center;\n            font-family: 'Arial', sans-serif;\n            border-radius: 25px;\n        }\n\n        .animated-background {\n            position: absolute;\n            top: 0;\n            left: 0;\n            width: 100%;\n            height: 100%;\n            background: linear-gradient(45deg, #003f6b, #2d5a7b, #003f6b, #2d5a7b);\n            background-size: 400% 400%;\n            animation: gradientMove 8s ease-in-out infinite;\n        }\n\n        .ai-pattern {\n            position: absolute;\n            top: 0;\n            left: 0;\n            width: 100%;\n            height: 100%;\n            opacity: 0.1;\n            background-image: \n                radial-gradient(circle at 20% 20%, rgba(255,255,255,0.3) 2px, transparent 2px),\n                radial-gradient(circle at 80% 80%, rgba(255,255,255,0.2) 1px, transparent 1px),\n                radial-gradient(circle at 40% 60%, rgba(255,255,255,0.15) 1.5px, transparent 1.5px),\n                radial-gradient(circle at 60% 20%, rgba(255,255,255,0.25) 1px, transparent 1px),\n                radial-gradient(circle at 80% 40%, rgba(255,255,255,0.2) 2px, transparent 2px);\n            background-size: 100px 100px, 150px 150px, 80px 80px, 120px 120px, 90px 90px;\n            animation: patternFloat 12s linear infinite;\n        }\n\n        .neural-network {\n            position: absolute;\n            top: 0;\n            left: 0;\n            width: 100%;\n            height: 100%;\n            opacity: 0.08;\n        }\n\n        .neural-line {\n            position: absolute;\n            height: 1px;\n            background: linear-gradient(90deg, transparent, rgba(255,255,255,0.5), transparent);\n            animation: neuralPulse 6s ease-in-out infinite;\n        }\n\n        .neural-line:nth-child(1) {\n            top: 30%;\n            left: 0;\n            width: 60%;\n            animation-delay: 0s;\n        }\n\n        .neural-line:nth-child(2) {\n            top: 50%;\n            right: 0;\n            width: 70%;\n            animation-delay: 2s;\n        }\n\n        .neural-line:nth-child(3) {\n            top: 70%;\n            left: 20%;\n            width: 50%;\n            animation-delay: 4s;\n        }\n\n        .content {\n            position: relative;\n            z-index: 10;\n            text-align: center;\n            color: white !important;\n            max-width: 800px;\n            padding: 30px;\n        }\n\n        .content * {\n            color: white !important;\n        }\n\n        .cta-text {\n            font-size: 1.9rem;\n            font-weight: 700;\n            margin-bottom: 15px;\n            color: white !important;\n            background: linear-gradient(90deg, rgba(255,255,255,0.6), rgba(255,255,255,1), rgba(230,230,230,1), rgba(255,255,255,1), rgba(240,240,240,0.8), rgba(255,255,255,0.6));\n            background-size: 200% 100%;\n            -webkit-background-clip: text;\n            -webkit-text-fill-color: transparent;\n            background-clip: text;\n            animation: shineEffect 10s ease-in-out infinite;\n            line-height: 1.3;\n        }\n\n        .cta-subheading {\n            font-size: 1rem;\n            font-weight: 400;\n            margin-bottom: 25px;\n            color: white !important;\n            line-height: 1.6;\n            opacity: 0.95;\n        }\n\n        .cta-button {\n            background: linear-gradient(135deg, #8a6b0f, #bd9013, #d4a519);\n            border: 2px solid #8a6b0f;\n            color: white !important;\n            padding: 18px 40px;\n            font-size: 1.2rem;\n            font-weight: 600;\n            border-radius: 50px;\n            cursor: pointer;\n            transition: all 0.3s ease;\n            text-decoration: none;\n            display: inline-block;\n            position: relative;\n            overflow: hidden;\n        }\n\n        .cta-button::before {\n            content: '';\n            position: absolute;\n            top: 0;\n            left: -100%;\n            width: 100%;\n            height: 100%;\n            background: linear-gradient(90deg, \n                transparent 0%, \n                rgba(255, 255, 255, 0.3) 25%,\n                rgba(255, 255, 255, 0.6) 50%,\n                rgba(255, 255, 255, 0.3) 75%,\n                transparent 100%);\n            animation: shine 3s ease-in-out infinite;\n        }\n\n        .cta-button:hover {\n            transform: translateY(-3px);\n            box-shadow: 0 10px 25px rgba(0,0,0,0.2);\n            border-color: #bd9013;\n            background: linear-gradient(135deg, #bd9013, #d4a519, #e6b61f);\n        }\n\n        .floating-elements {\n            position: absolute;\n            top: 0;\n            left: 0;\n            width: 100%;\n            height: 100%;\n            pointer-events: none;\n        }\n\n        .floating-circle {\n            position: absolute;\n            border-radius: 50%;\n            background: rgba(255,255,255,0.1);\n            animation: float 8s ease-in-out infinite;\n        }\n\n        .floating-circle:nth-child(1) {\n            width: 80px;\n            height: 80px;\n            top: 20%;\n            left: 10%;\n            animation-delay: 0s;\n        }\n\n        .floating-circle:nth-child(2) {\n            width: 60px;\n            height: 60px;\n            top: 60%;\n            right: 15%;\n            animation-delay: 3s;\n        }\n\n        .floating-circle:nth-child(3) {\n            width: 40px;\n            height: 40px;\n            top: 80%;\n            left: 80%;\n            animation-delay: 6s;\n        }\n\n        .floating-circle:nth-child(4) {\n            width: 70px;\n            height: 70px;\n            top: 10%;\n            right: 20%;\n            animation-delay: 1.5s;\n        }\n\n        .floating-circle:nth-child(5) {\n            width: 50px;\n            height: 50px;\n            top: 75%;\n            left: 30%;\n            animation-delay: 4.5s;\n        }\n\n        @keyframes gradientMove {\n            0% { background-position: 0% 50%; }\n            25% { background-position: 100% 50%; }\n            50% { background-position: 100% 100%; }\n            75% { background-position: 0% 100%; }\n            100% { background-position: 0% 50%; }\n        }\n\n        @keyframes patternFloat {\n            0% { transform: translateX(0) translateY(0); }\n            33% { transform: translateX(30px) translateY(-20px); }\n            66% { transform: translateX(-20px) translateY(10px); }\n            100% { transform: translateX(0) translateY(0); }\n        }\n\n        @keyframes neuralPulse {\n            0%, 100% { opacity: 0.08; }\n            50% { opacity: 0.2; }\n        }\n\n        @keyframes shineEffect {\n            0% { background-position: 200% 0; }\n            100% { background-position: -200% 0; }\n        }\n\n        @keyframes shine {\n            0% {\n                left: -100%;\n            }\n            20%, 100% {\n                left: 100%;\n            }\n        }\n\n        @keyframes float {\n            0%, 100% { transform: translateY(0px) rotate(0deg); }\n            33% { transform: translateY(-30px) rotate(120deg); }\n            66% { transform: translateY(15px) rotate(240deg); }\n        }\n\n        @media (max-width: 768px) {\n            .banner {\n                height: 320px;\n                padding: 30px 0;\n            }\n            \n            .content {\n                padding: 40px 20px;\n            }\n            \n            .cta-text {\n                font-size: 1.3rem;\n                margin-bottom: 12px;\n            }\n            \n            .cta-subheading {\n                font-size: 0.85rem;\n                margin-bottom: 20px;\n            }\n            \n            .cta-button {\n                padding: 14px 28px;\n                font-size: 0.95rem;\n            }\n        }\n    <\/style>\n<\/head>\n<body>\n    <div class=\"banner\">\n        <div class=\"animated-background\"><\/div>\n        \n        <div class=\"ai-pattern\"><\/div>\n        \n        <div class=\"neural-network\">\n            <div class=\"neural-line\"><\/div>\n            <div class=\"neural-line\"><\/div>\n            <div class=\"neural-line\"><\/div>\n        <\/div>\n        \n        <div class=\"floating-elements\">\n            <div class=\"floating-circle\"><\/div>\n            <div class=\"floating-circle\"><\/div>\n            <div class=\"floating-circle\"><\/div>\n            <div class=\"floating-circle\"><\/div>\n            <div class=\"floating-circle\"><\/div>\n        <\/div>\n        \n        <div class=\"content\">\n            <div class=\"cta-text\">Ready to explore the insights that drive smarter decisions?<\/div>\n            <div class=\"cta-subheading\">Contact our Research experts today.<\/div>\n            <a href=\"mailto:Research@sisinternational.com\" class=\"cta-button\">Contact us now!<\/a>\n        <\/div>\n    <\/div>\n<\/body>\n<\/html>\n\n\n\n<p><\/p>\n\n\n\n<h2 class=\"wp-block-heading\" id=\"about-advanced-materials-market-research\">\u00c0 propos des \u00e9tudes de march\u00e9 sur les mat\u00e9riaux avanc\u00e9s<\/h2>\n\n\n\n<p>Qualitative Market Research is necessary when producing or dealing with advanced materials. It allows your business to explore the market in depth. The benefit to you is that it is cheaper than <a class=\"wpil_keyword_link\" href=\"https:\/\/www.sisinternational.com\/fr\/solutions\/solutions-de-recherche-qualitative-et-quantitative\/etude-de-marche-quantitative-2\/\"   title=\"Etude de march\u00e9 quantitative\" data-wpil-keyword-link=\"linked\"  data-wpil-monitor-id=\"720\">\u00c9tude de march\u00e9 quantitative<\/a>. At SIS International, we offer both types.<\/p>\n\n\n\n<p>SIS also does UX <a href=\"https:\/\/www.sisinternational.com\/fr\/competence\/les-industries\/etude-de-marche-des-condiments\/\" title=\"\u00c9tude de march\u00e9 des condiments\"  data-wpil-monitor-id=\"3337\">\u00c9tude de march\u00e9<\/a>, Competitive Analysis, and Market Entry Research. We can help you develop your Go to Market Strategy. We also provide Focus Groups, Surveys, and Interviews to help your planning process.<\/p>\n\n\n\n<p>Are you looking to enter a new market? We also offer <a href=\"https:\/\/www.sisinternational.com\/fr\/competence\/les-industries\/etude-de-marche-sur-les-pesticides\/\" title=\"\u00c9tude de march\u00e9 sur les pesticides\"  data-wpil-monitor-id=\"3373\">Recherche sur la taille du march\u00e9<\/a> and Market Opportunity Research. Contact us today for a consultation.<\/p>\n\n\n<h2>Notre emplacement \u00e0 New York<\/h2>\n<p><!-- \/wp:post-content --> <!-- wp:html --> <iframe loading=\"lazy\" src=\"https:\/\/www.google.com\/maps\/embed?pb=!1m18!1m12!1m3!1d3022.976188376966!2d-73.99130312499956!3d40.740549471389315!2m3!1f0!2f0!3f0!3m2!1i1024!2i768!4f13.1!3m3!1m2!1s0x89c259a15798c731%3A0xd695d09bdd495f25!2s11%20E%2022nd%20St%20FL%202%2C%20New%20York%2C%20NY%2010010%2C%20USA!5e0!3m2!1sen!2spe!4v1726171763526!5m2!1sen!2spe\" width=\"600\" height=\"450\" allowfullscreen=\"allowfullscreen\" data-mce-fragment=\"1\"><\/iframe> <!-- \/wp:html --> <!-- wp:paragraph --><\/p>\n<h3 class=\"wp-block-heading\">11 E 22nd Street, \u00e9tage 2, New York, NY 10010 T\u00e9l. : +1(212) 505-6805<\/h3>\n<hr \/>\n<h2><span style=\"font-weight: 400;\">\u00c0 propos de SIS International<\/span><\/h2>\n<p><a href=\"https:\/\/www.sisinternational.com\/fr\/\"><span style=\"font-weight: 400;\">SIS International<\/span><\/a><span style=\"font-weight: 400;\"> propose des recherches quantitatives, qualitatives et strat\u00e9giques. Nous fournissons des donn\u00e9es, des outils, des strat\u00e9gies, des rapports et des informations pour la prise de d\u00e9cision. Nous menons \u00e9galement des entretiens, des enqu\u00eates, des groupes de discussion et d\u2019autres m\u00e9thodes et approches d\u2019\u00e9tudes de march\u00e9.<\/span><a href=\"https:\/\/www.sisinternational.com\/fr\/a-propos-de-la-recherche-internationale-sis\/contact-sis-international-market-research\/\"><span style=\"font-weight: 400;\"> Contactez nous<\/span><\/a><span style=\"font-weight: 400;\"> pour votre prochain projet d&#039;\u00e9tude de march\u00e9.<\/span><\/p>\n<p>\u00a0<\/p>\n<p><!-- wp:heading --><\/p>\n<p><!-- wp:paragraph --><\/p>\n<p><!-- \/wp:paragraph --><!-- \/wp:heading --><\/p>","protected":false},"excerpt":{"rendered":"<p>De nombreuses industries utilisent des mat\u00e9riaux avanc\u00e9s tels que les composites de fibres de carbone, le graph\u00e8ne, les nanomat\u00e9riaux, les c\u00e9ramiques, les polym\u00e8res et les alliages avanc\u00e9s.<\/p>","protected":false},"author":1,"featured_media":64294,"parent":14514,"menu_order":192,"comment_status":"closed","ping_status":"closed","template":"","meta":{"footnotes":""},"class_list":["post-41718","page","type-page","status-publish","has-post-thumbnail"],"_links":{"self":[{"href":"https:\/\/www.sisinternational.com\/fr\/wp-json\/wp\/v2\/pages\/41718","targetHints":{"allow":["GET"]}}],"collection":[{"href":"https:\/\/www.sisinternational.com\/fr\/wp-json\/wp\/v2\/pages"}],"about":[{"href":"https:\/\/www.sisinternational.com\/fr\/wp-json\/wp\/v2\/types\/page"}],"author":[{"embeddable":true,"href":"https:\/\/www.sisinternational.com\/fr\/wp-json\/wp\/v2\/users\/1"}],"replies":[{"embeddable":true,"href":"https:\/\/www.sisinternational.com\/fr\/wp-json\/wp\/v2\/comments?post=41718"}],"version-history":[{"count":14,"href":"https:\/\/www.sisinternational.com\/fr\/wp-json\/wp\/v2\/pages\/41718\/revisions"}],"predecessor-version":[{"id":79682,"href":"https:\/\/www.sisinternational.com\/fr\/wp-json\/wp\/v2\/pages\/41718\/revisions\/79682"}],"up":[{"embeddable":true,"href":"https:\/\/www.sisinternational.com\/fr\/wp-json\/wp\/v2\/pages\/14514"}],"wp:featuredmedia":[{"embeddable":true,"href":"https:\/\/www.sisinternational.com\/fr\/wp-json\/wp\/v2\/media\/64294"}],"wp:attachment":[{"href":"https:\/\/www.sisinternational.com\/fr\/wp-json\/wp\/v2\/media?parent=41718"}],"curies":[{"name":"wp","href":"https:\/\/api.w.org\/{rel}","templated":true}]}}