{"id":41584,"date":"2023-02-14T20:59:24","date_gmt":"2023-02-14T20:59:24","guid":{"rendered":"https:\/\/www.sisinternational.com\/?page_id=41584"},"modified":"2026-03-12T13:30:32","modified_gmt":"2026-03-12T17:30:32","slug":"etude-de-marche-sur-les-sushis","status":"publish","type":"page","link":"https:\/\/www.sisinternational.com\/fr\/solutions\/etude-de-marche-sur-lindustrie-des-boissons-alimentaires\/etude-de-marche-sur-les-sushis\/","title":{"rendered":"\u00c9tude de march\u00e9 sur les sushis"},"content":{"rendered":"<h1 class=\"wp-block-heading\">\u00c9tude de march\u00e9 sur les sushis<\/h1>\n\n\n\n<figure class=\"gb-block-image gb-block-image-bfce47e5\"><img loading=\"lazy\" decoding=\"async\" width=\"1456\" height=\"816\" class=\"gb-image gb-image-bfce47e5\" src=\"https:\/\/www.sisinternational.com\/wp-content\/uploads\/2025\/08\/japanese-food-suchi-13.jpg\" alt=\"\u00c9tudes de march\u00e9 et strat\u00e9gie internationales SIS\" title=\"japanese food suchi (13)\" srcset=\"https:\/\/www.sisinternational.com\/wp-content\/uploads\/2025\/08\/japanese-food-suchi-13.jpg 1456w, https:\/\/www.sisinternational.com\/wp-content\/uploads\/2025\/08\/japanese-food-suchi-13-300x168.jpg 300w, https:\/\/www.sisinternational.com\/wp-content\/uploads\/2025\/08\/japanese-food-suchi-13-1024x574.jpg 1024w, https:\/\/www.sisinternational.com\/wp-content\/uploads\/2025\/08\/japanese-food-suchi-13-768x430.jpg 768w, https:\/\/www.sisinternational.com\/wp-content\/uploads\/2025\/08\/japanese-food-suchi-13-18x10.jpg 18w\" sizes=\"auto, (max-width: 1456px) 100vw, 1456px\"><\/figure>\n\n\n\n<p><\/p>\n\n\n\n<p>L&#039;\u00e9tude de march\u00e9 sur les sushis donne un aper\u00e7u de divers processus commerciaux et secteurs essentiels \u00e0 la production du plat. L&#039;\u00e9tude de march\u00e9 du sushi offre un aper\u00e7u des donn\u00e9es et des strat\u00e9gies de l&#039;industrie du sushi ainsi que du segment du secteur alimentaire qui couvre la distribution des sushis vendus dans les restaurants, chez divers d\u00e9taillants et par les vendeurs ambulants du monde entier.<\/p>\n\n\n\n<p>Market Research provides insights as well on how certain restaurants that serve sushi compare to their competitors in terms of product quality, profits and availability. The Sushi market research&nbsp; can help advise organizations and industry executives in making decisions and creating marketing plans for a more active and profitable business landscape.<\/p>\n\n\n\n<h2 class=\"wp-block-heading\">Qu\u2019est-ce que les sushis ?<\/h2>\n\n\n\n<p>La c\u00e9r\u00e9ale la plus consomm\u00e9e dans le monde est le riz, qui a \u00e9t\u00e9 transform\u00e9 ou moulu pour \u00e9liminer les grains des autres parties de la plante. L&#039;un des plats \u00e0 base de riz les plus populaires comprend les sushis.<\/p>\n\n\n\n<p>Le sushi est un plat de riz japonais de base qui s&#039;est r\u00e9pandu dans le monde entier et fait d\u00e9sormais partie de la culture alimentaire mondiale. Les sushis se pr\u00e9sentent sous diverses formes. Le riz \u00e0 sushi cuit est associ\u00e9 \u00e0 du vinaigre de riz sp\u00e9cifique. Le riz est ensuite garni de diverses garnitures, comme du poisson cru ou d&#039;autres crustac\u00e9s. Dans la variante roul\u00e9e, le riz et son contenu comme l&#039;omelette ou le concombre sont envelopp\u00e9s dans du nori, une fine feuille d&#039;algue pr\u00e9par\u00e9e, \u00e0 l&#039;aide d&#039;une natte de bambou sp\u00e9ciale.<\/p>\n\n\n\n<h2 class=\"wp-block-heading\">&nbsp;Un bref aper\u00e7u de l&#039;industrie de la restauration de sushi<\/h2>\n\n\n\n<figure class=\"gb-block-image gb-block-image-58035a37\"><img loading=\"lazy\" decoding=\"async\" width=\"1456\" height=\"816\" class=\"gb-image gb-image-58035a37\" src=\"https:\/\/www.sisinternational.com\/wp-content\/uploads\/2025\/08\/japanese-food-suchi-5.jpg\" alt=\"\u00c9tudes de march\u00e9 et strat\u00e9gie internationales SIS\" title=\"japanese food suchi (5)\" srcset=\"https:\/\/www.sisinternational.com\/wp-content\/uploads\/2025\/08\/japanese-food-suchi-5.jpg 1456w, https:\/\/www.sisinternational.com\/wp-content\/uploads\/2025\/08\/japanese-food-suchi-5-300x168.jpg 300w, https:\/\/www.sisinternational.com\/wp-content\/uploads\/2025\/08\/japanese-food-suchi-5-1024x574.jpg 1024w, https:\/\/www.sisinternational.com\/wp-content\/uploads\/2025\/08\/japanese-food-suchi-5-768x430.jpg 768w, https:\/\/www.sisinternational.com\/wp-content\/uploads\/2025\/08\/japanese-food-suchi-5-18x10.jpg 18w\" sizes=\"auto, (max-width: 1456px) 100vw, 1456px\"><\/figure>\n\n\n\n<p><\/p>\n\n\n\n<p>The most typical sushi restaurants consist primarily of establishments that provide sushi-style dishes to customers who order and are delivered while sitting by wait staff or through conveyor belt-style delivery and pay after eating. Customers may also purchase <a href=\"https:\/\/www.sisinternational.com\/fr\/mystery-shopping-for-alcoholic-beverages\/\" title=\"Mystery Shopping for Alcoholic Beverages\"  data-wpil-monitor-id=\"896\">alcoholic and other beverages<\/a> from these locations.<\/p>\n\n\n\n<p>L\u2019industrie du march\u00e9 Sushi devrait prosp\u00e9rer dans les ann\u00e9es \u00e0 venir. L&#039;industrie du march\u00e9 du sushi, qui est tr\u00e8s fragment\u00e9e et compos\u00e9e principalement de petites entreprises exploit\u00e9es par leurs propri\u00e9taires, s&#039;est bien comport\u00e9e malgr\u00e9 la croissance d&#039;autres magasins d&#039;alimentation ethniques et l&#039;\u00e9mergence de plats innovants. L&#039;\u00e9volution des demandes des clients a modifi\u00e9 les op\u00e9rations des op\u00e9rateurs de l&#039;industrie du sushi. La cr\u00e9ation du concept de sushi durable est le r\u00e9sultat d&#039;inqui\u00e9tudes croissantes concernant le d\u00e9clin de la population de poissons et la d\u00e9gradation de l&#039;environnement. Au cours des ann\u00e9es \u00e0 venir, le march\u00e9 du sushi devrait continuer \u00e0 se d\u00e9velopper \u00e0 mesure que l&#039;environnement \u00e9volue. Avec l\u2019impact d\u2019autres facteurs tels que les voyages, les communications, les m\u00e9dias sociaux, la t\u00e9l\u00e9vision et les publicit\u00e9s imprim\u00e9es, l\u2019int\u00e9r\u00eat pour la cuisine japonaise s\u2019est accru. Il est pr\u00e9vu que les principaux op\u00e9rateurs du secteur se d\u00e9velopperont \u00e0 l&#039;\u00e9chelle mondiale pour accro\u00eetre leur part de march\u00e9.<\/p>\n\n\n\n<h2 class=\"wp-block-heading\">Facteurs affectant l\u2019\u00e9tude de march\u00e9 mondiale sur les sushis<\/h2>\n\n\n\n<h3 class=\"wp-block-heading\">Campagnes de marketing et publicit\u00e9 pour les sushis<\/h3>\n\n\n\n<p>Rising marketing campaigns are one of the primary factors driving the global sushi restaurant market over the projected period. The restaurant and food service sectors rely heavily on advertising campaigns and product promotions to increase their sales. Therefore, the sellers in these <a href=\"https:\/\/www.sisinternational.com\/fr\/competence\/les-industries\/etude-de-marche-sur-les-circuits-electroniques\/\" title=\"\u00c9tude de march\u00e9 sur les circuits \u00e9lectroniques\"  data-wpil-monitor-id=\"5049\">markets utilize both electronic<\/a> and print media to advertise their businesses. Due to digitalization and associated advances, the majority of sushi restaurants are concentrating on marketing. Consequently, merchants utilize digital media as a platform for brand promotion. To increase client involvement, they promote enticing promotional offers and images of quick-service cuisine.<\/p>\n\n\n\n<h3 class=\"wp-block-heading\">Plats de sushi \u00e9mergents avec des ingr\u00e9dients uniques<\/h3>\n\n\n\n<figure class=\"gb-block-image gb-block-image-a72e8c62\"><img loading=\"lazy\" decoding=\"async\" width=\"1456\" height=\"816\" class=\"gb-image gb-image-a72e8c62\" src=\"https:\/\/www.sisinternational.com\/wp-content\/uploads\/2025\/08\/japanese-food-suchi-1.jpg\" alt=\"\u00c9tudes de march\u00e9 et strat\u00e9gie internationales SIS\" title=\"japanese food suchi (1)\" srcset=\"https:\/\/www.sisinternational.com\/wp-content\/uploads\/2025\/08\/japanese-food-suchi-1.jpg 1456w, https:\/\/www.sisinternational.com\/wp-content\/uploads\/2025\/08\/japanese-food-suchi-1-300x168.jpg 300w, https:\/\/www.sisinternational.com\/wp-content\/uploads\/2025\/08\/japanese-food-suchi-1-1024x574.jpg 1024w, https:\/\/www.sisinternational.com\/wp-content\/uploads\/2025\/08\/japanese-food-suchi-1-768x430.jpg 768w, https:\/\/www.sisinternational.com\/wp-content\/uploads\/2025\/08\/japanese-food-suchi-1-18x10.jpg 18w\" sizes=\"auto, (max-width: 1456px) 100vw, 1456px\"><\/figure>\n\n\n\n<p><\/p>\n\n\n\n<p>L\u2019une des tendances importantes qui devraient stimuler la croissance du march\u00e9 mondial des restaurants de sushi tout au long de la p\u00e9riode projet\u00e9e est l\u2019introduction de plats de sushi nouveaux et inventifs. De plus, les d\u00e9veloppements technologiques dans les restaurants et la popularit\u00e9 croissante de la cuisine japonaise stimuleront consid\u00e9rablement l\u2019industrie mondiale de la restauration de sushis dans les ann\u00e9es \u00e0 venir.<\/p>\n\n\n\n<h2 class=\"wp-block-heading\">Analyse du paysage concurrentiel des \u00e9tudes de march\u00e9 sur les sushis<\/h2>\n\n\n\n<p>Sushi&nbsp; Market Research gathers information, statistics and data through an array of benchmarking tools to gain more corporate insight.&nbsp; Comparison of a business sector closest rival or to a group of comparable-sized enterprises within the same industry can provide valuable data and strategies in the sushi industry.<\/p>\n\n\n\n<h3 class=\"wp-block-heading\">L\u2019\u00e9tude de march\u00e9 fournit des informations sur les \u00e9l\u00e9ments suivants\u00a0:<\/h3>\n\n\n\n<ul class=\"wp-block-list\">\n<li>Vue d&#039;ensemble de l&#039;entreprise<\/li>\n\n\n\n<li>Produits et actifs financiers<\/li>\n\n\n\n<li>potentiel de march\u00e9<\/li>\n\n\n\n<li>investissement en R&amp;D<\/li>\n\n\n\n<li>nouvelles initiatives de march\u00e9<\/li>\n\n\n\n<li>pr\u00e9sence mondiale<\/li>\n\n\n\n<li>sites et installations de production<\/li>\n\n\n\n<li>capacit\u00e9 de production<\/li>\n\n\n\n<li>forces et faiblesses de l&#039;entreprise<\/li>\n\n\n\n<li>Pr\u00e9sentation du produit<\/li>\n<\/ul>\n\n\n\n<h2 class=\"wp-block-heading\">Facteurs d\u00e9mographiques du march\u00e9 mondial des sushis<\/h2>\n\n\n\n<figure class=\"gb-block-image gb-block-image-c11ef210\"><img loading=\"lazy\" decoding=\"async\" width=\"1456\" height=\"816\" class=\"gb-image gb-image-c11ef210\" src=\"https:\/\/www.sisinternational.com\/wp-content\/uploads\/2025\/08\/japanese-food-suchi-14.jpg\" alt=\"\u00c9tudes de march\u00e9 et strat\u00e9gie internationales SIS\" title=\"japanese food suchi (14)\" srcset=\"https:\/\/www.sisinternational.com\/wp-content\/uploads\/2025\/08\/japanese-food-suchi-14.jpg 1456w, https:\/\/www.sisinternational.com\/wp-content\/uploads\/2025\/08\/japanese-food-suchi-14-300x168.jpg 300w, https:\/\/www.sisinternational.com\/wp-content\/uploads\/2025\/08\/japanese-food-suchi-14-1024x574.jpg 1024w, https:\/\/www.sisinternational.com\/wp-content\/uploads\/2025\/08\/japanese-food-suchi-14-768x430.jpg 768w, https:\/\/www.sisinternational.com\/wp-content\/uploads\/2025\/08\/japanese-food-suchi-14-18x10.jpg 18w\" sizes=\"auto, (max-width: 1456px) 100vw, 1456px\"><\/figure>\n\n\n\n<p><\/p>\n\n\n\n<p>The competitive landscape of the sushi restaurant market gives information by competitor as well may it be with the major players or close competitor, or to a sushi industry segment of similar sized companies.&nbsp; The sushi industry&nbsp; is also analyzed as per information provided by country or region. Certain countries play key roles to the growth and development of the sushi industry:<\/p>\n\n\n\n<ul class=\"wp-block-list\">\n<li>L&#039;Asie-Pacifique domine le march\u00e9 des restaurants de sushi en raison de l&#039;existence d&#039;entreprises importantes et de la forte demande de sushi de la r\u00e9gion.<\/li>\n\n\n\n<li>En raison du d\u00e9sir croissant de la r\u00e9gion pour la cuisine asiatique, l&#039;Am\u00e9rique du Nord devrait conna\u00eetre une croissance consid\u00e9rable tout au long de la p\u00e9riode 2021 \u00e0 2028.<\/li>\n<\/ul>\n\n\n\n<h2 class=\"wp-block-heading\">Principaux acteurs cl\u00e9s du march\u00e9 mondial des sushis<\/h2>\n\n\n\n<p>Le paysage concurrentiel du march\u00e9 des restaurants de sushi donne des informations par concurrent, qu\u2019il s\u2019agisse des principaux acteurs ou d\u2019un concurrent proche, ou d\u2019un segment de l\u2019industrie du sushi compos\u00e9 d\u2019entreprises de taille similaire.<\/p>\n\n\n\n<p><a href=\"https:\/\/www.sisinternational.com\/fr\/competence\/les-industries\/sur-les-meilleures-etudes-de-marche-sur-les-medias-ott\/\" title=\"\u00c9tude de march\u00e9 sur les m\u00e9dias sup\u00e9rieurs (OTT)\"  data-wpil-monitor-id=\"6213\">Market Research provides insights into the top<\/a> major players in the sushi industry. The comprehensive vendor analysis is aimed at assisting clients enhance their market position, and in accordance with this, this research gives a thorough overview of a number of prominent <a href=\"https:\/\/www.sisinternational.com\/fr\/competence\/les-industries\/q-etude-de-marche-commerciale\/\" title=\"\u00c9tude de march\u00e9 Q-Commerce\"  data-wpil-monitor-id=\"4843\">sushi<\/a> restaurants market suppliers, such as:<\/p>\n\n\n\n<ol class=\"wp-block-list\">\n<li>Feng Sushi<\/li>\n\n\n\n<li>COMPAGNIES ALIMENTAIRES et DE VIE Ltd.<\/li>\n\n\n\n<li>HAMAZUSHI Co. Ltd.<\/li>\n\n\n\n<li>Groupe de restauration innovant<\/li>\n\n\n\n<li>Kappa Cr\u00e9er Co. Ltd.<\/li>\n\n\n\n<li>Kura Sushi USA Inc.<\/li>\n\n\n\n<li>Maxims Traiteurs Lt\u00e9e.<\/li>\n\n\n\n<li>Peace Dining Corp.<\/li>\n\n\n\n<li>Sakae Holdings Ltd.<\/li>\n\n\n\n<li>Sushis au Wasabi<\/li>\n<\/ol>\n\n\n\n<h2 class=\"wp-block-heading\">\u00c0 propos de l\u2019\u00e9tude de march\u00e9 sur les sushis<\/h2>\n\n\n\n<figure class=\"gb-block-image gb-block-image-ba6e5e35\"><img loading=\"lazy\" decoding=\"async\" width=\"1456\" height=\"816\" class=\"gb-image gb-image-ba6e5e35\" src=\"https:\/\/www.sisinternational.com\/wp-content\/uploads\/2025\/08\/japanese-food-suchi-12.jpg\" alt=\"\u00c9tudes de march\u00e9 et strat\u00e9gie internationales SIS\" title=\"japanese food suchi (12)\" srcset=\"https:\/\/www.sisinternational.com\/wp-content\/uploads\/2025\/08\/japanese-food-suchi-12.jpg 1456w, https:\/\/www.sisinternational.com\/wp-content\/uploads\/2025\/08\/japanese-food-suchi-12-300x168.jpg 300w, https:\/\/www.sisinternational.com\/wp-content\/uploads\/2025\/08\/japanese-food-suchi-12-1024x574.jpg 1024w, https:\/\/www.sisinternational.com\/wp-content\/uploads\/2025\/08\/japanese-food-suchi-12-768x430.jpg 768w, https:\/\/www.sisinternational.com\/wp-content\/uploads\/2025\/08\/japanese-food-suchi-12-18x10.jpg 18w\" sizes=\"auto, (max-width: 1456px) 100vw, 1456px\"><\/figure>\n\n\n\n<p><\/p>\n\n\n\n<p>The sushi market research provides insights into various business sectors vital to the dish&#8217;s production. The <a href=\"https:\/\/www.sisinternational.com\/fr\/competence\/les-industries\/etude-de-marche-des-condiments\/\" title=\"\u00c9tude de march\u00e9 des condiments\"  data-wpil-monitor-id=\"3350\">research on the market<\/a> for sushi restaurants includes, but not limited to, the following key points:<\/p>\n\n\n\n<ul class=\"wp-block-list\">\n<li>Dimensionnement de l&#039;industrie des \u00e9tablissements de sushi<\/li>\n\n\n\n<li>Perspectives commerciales pour les restaurants de sushi<\/li>\n\n\n\n<li>\u00c9valuation du march\u00e9 du secteur des restaurants de sushi<\/li>\n<\/ul>\n\n\n\n<p>Les donn\u00e9es et les strat\u00e9gies de l&#039;industrie du sushi seront rassembl\u00e9es en utilisant un m\u00e9lange objectif de donn\u00e9es primaires et secondaires, ainsi que les commentaires des leaders de l&#039;industrie. En plus d&#039;un paysage complet du march\u00e9 et des fournisseurs, la recherche fournit une analyse des principaux fournisseurs. Les r\u00e9sultats de la recherche fourniront des \u00e9valuations de la stabilit\u00e9 financi\u00e8re, du positionnement strat\u00e9gique, des risques et des opportunit\u00e9s, entre autres facteurs du secteur que toute entreprise ou dirigeant doit conna\u00eetre.<\/p>","protected":false},"excerpt":{"rendered":"<p>L&#039;\u00e9tude de march\u00e9 sur les sushis donne un aper\u00e7u de divers processus commerciaux et secteurs essentiels \u00e0 la production du plat.<\/p>","protected":false},"author":1,"featured_media":63219,"parent":22018,"menu_order":189,"comment_status":"closed","ping_status":"closed","template":"","meta":{"footnotes":""},"class_list":["post-41584","page","type-page","status-publish","has-post-thumbnail"],"_links":{"self":[{"href":"https:\/\/www.sisinternational.com\/fr\/wp-json\/wp\/v2\/pages\/41584","targetHints":{"allow":["GET"]}}],"collection":[{"href":"https:\/\/www.sisinternational.com\/fr\/wp-json\/wp\/v2\/pages"}],"about":[{"href":"https:\/\/www.sisinternational.com\/fr\/wp-json\/wp\/v2\/types\/page"}],"author":[{"embeddable":true,"href":"https:\/\/www.sisinternational.com\/fr\/wp-json\/wp\/v2\/users\/1"}],"replies":[{"embeddable":true,"href":"https:\/\/www.sisinternational.com\/fr\/wp-json\/wp\/v2\/comments?post=41584"}],"version-history":[{"count":8,"href":"https:\/\/www.sisinternational.com\/fr\/wp-json\/wp\/v2\/pages\/41584\/revisions"}],"predecessor-version":[{"id":79798,"href":"https:\/\/www.sisinternational.com\/fr\/wp-json\/wp\/v2\/pages\/41584\/revisions\/79798"}],"up":[{"embeddable":true,"href":"https:\/\/www.sisinternational.com\/fr\/wp-json\/wp\/v2\/pages\/22018"}],"wp:featuredmedia":[{"embeddable":true,"href":"https:\/\/www.sisinternational.com\/fr\/wp-json\/wp\/v2\/media\/63219"}],"wp:attachment":[{"href":"https:\/\/www.sisinternational.com\/fr\/wp-json\/wp\/v2\/media?parent=41584"}],"curies":[{"name":"wp","href":"https:\/\/api.w.org\/{rel}","templated":true}]}}