{"id":41580,"date":"2023-02-14T18:37:15","date_gmt":"2023-02-14T18:37:15","guid":{"rendered":"https:\/\/www.sisinternational.com\/?page_id=41580"},"modified":"2026-01-24T18:46:26","modified_gmt":"2026-01-24T23:46:26","slug":"etude-de-marche-pour-les-petites-et-moyennes-entreprises","status":"publish","type":"page","link":"https:\/\/www.sisinternational.com\/fr\/competence\/etude-de-marche-pour-les-petites-et-moyennes-entreprises\/","title":{"rendered":"\u00c9tude de march\u00e9 sur les petites et moyennes entreprises"},"content":{"rendered":"<h1 class=\"wp-block-heading p1\">\u00c9tude de march\u00e9 sur les petites et moyennes entreprises<\/h1>\n\n\n\n<figure class=\"gb-block-image gb-block-image-e70ed3cd\"><img loading=\"lazy\" decoding=\"async\" width=\"1456\" height=\"816\" class=\"gb-image gb-image-e70ed3cd\" src=\"https:\/\/www.sisinternational.com\/wp-content\/uploads\/2025\/08\/Small-and-Medium-Enterprise-7.jpg\" alt=\"\u00c9tudes de march\u00e9 et strat\u00e9gie internationales SIS\" title=\"Small and Medium Enterprise (7)\" srcset=\"https:\/\/www.sisinternational.com\/wp-content\/uploads\/2025\/08\/Small-and-Medium-Enterprise-7.jpg 1456w, https:\/\/www.sisinternational.com\/wp-content\/uploads\/2025\/08\/Small-and-Medium-Enterprise-7-300x168.jpg 300w, https:\/\/www.sisinternational.com\/wp-content\/uploads\/2025\/08\/Small-and-Medium-Enterprise-7-1024x574.jpg 1024w, https:\/\/www.sisinternational.com\/wp-content\/uploads\/2025\/08\/Small-and-Medium-Enterprise-7-768x430.jpg 768w, https:\/\/www.sisinternational.com\/wp-content\/uploads\/2025\/08\/Small-and-Medium-Enterprise-7-18x10.jpg 18w\" sizes=\"auto, (max-width: 1456px) 100vw, 1456px\"><\/figure>\n\n\n\n<p><\/p>\n\n\n\n<p class=\"p3\">Les petites et moyennes entreprises sont le moteur de nombreuses \u00e9conomies et ont un impact notable sur l\u2019expansion \u00e9conomique. Ainsi, pour rester comp\u00e9titives sur un march\u00e9 en constante \u00e9volution, les petites et moyennes entreprises doivent bien comprendre leurs clients, la concurrence et les tendances du secteur.<span class=\"Apple-converted-space\">&nbsp;<\/span><\/p>\n\n\n\n<p class=\"p4\">Pour cette raison, les \u00e9tudes de march\u00e9 sur les petites et moyennes entreprises fournissent une plate-forme permettant aux entreprises d&#039;obtenir des donn\u00e9es et des connaissances essentielles pour guider leur prise de d\u00e9cision et \u00e9laborer des plans de progression r\u00e9ussis.<\/p>\n\n\n\n<h2 class=\"wp-block-heading p5\">Importance et avantages des \u00e9tudes de march\u00e9 sur les petites et moyennes entreprises pour la prise de d\u00e9cision commerciale<\/h2>\n\n\n\n<p class=\"p3\">Conducting small and medium enterprise market research is a vital step to understanding their customers, industry, and competitors. It enables companies to gain <a href=\"https:\/\/www.sisinternational.com\/fr\/solutions\/connaissance-du-client\/\" title=\"Connaissance du client\"  data-wpil-monitor-id=\"8223\">insights into customer<\/a> needs and preferences, recognize market opportunities, assess the competition, and uncover potential for growth.<span class=\"Apple-converted-space\">&nbsp;<\/span><\/p>\n\n\n\n<p class=\"p3\">It is of paramount importance to be aware of the limited resources, high operational costs, and changing customer needs that small and medium enterprises face \u2013 through market research, they can make informed decisions and <a href=\"https:\/\/www.sisinternational.com\/fr\/solutions\/conseil-en-strategie\/conseil-en-execution-de-developpement-de-strategie\/\" title=\"Conseil en d\u00e9veloppement et ex\u00e9cution de strat\u00e9gies\"  data-wpil-monitor-id=\"8221\">develop effective strategies<\/a> to manage these challenges.<\/p>\n\n\n\n<h3 class=\"wp-block-heading p3\">Certains des principaux avantages des \u00e9tudes de march\u00e9 sur les petites et moyennes entreprises lors de la prise de d\u00e9cisions commerciales sont les suivants\u00a0:<\/h3>\n\n\n\n<figure class=\"gb-block-image gb-block-image-9b965e78\"><img loading=\"lazy\" decoding=\"async\" width=\"1456\" height=\"816\" class=\"gb-image gb-image-9b965e78\" src=\"https:\/\/www.sisinternational.com\/wp-content\/uploads\/2025\/08\/Small-and-Medium-Enterprise-3.jpg\" alt=\"\u00c9tudes de march\u00e9 et strat\u00e9gie internationales SIS\" title=\"Small and Medium Enterprise (3)\" srcset=\"https:\/\/www.sisinternational.com\/wp-content\/uploads\/2025\/08\/Small-and-Medium-Enterprise-3.jpg 1456w, https:\/\/www.sisinternational.com\/wp-content\/uploads\/2025\/08\/Small-and-Medium-Enterprise-3-300x168.jpg 300w, https:\/\/www.sisinternational.com\/wp-content\/uploads\/2025\/08\/Small-and-Medium-Enterprise-3-1024x574.jpg 1024w, https:\/\/www.sisinternational.com\/wp-content\/uploads\/2025\/08\/Small-and-Medium-Enterprise-3-768x430.jpg 768w, https:\/\/www.sisinternational.com\/wp-content\/uploads\/2025\/08\/Small-and-Medium-Enterprise-3-18x10.jpg 18w\" sizes=\"auto, (max-width: 1456px) 100vw, 1456px\"><\/figure>\n\n\n\n<ul class=\"wp-block-list\">\n<li>Les entreprises peuvent comprendre les besoins, les pr\u00e9f\u00e9rences et les comportements des clients. Gr\u00e2ce \u00e0 ces donn\u00e9es, les petites et moyennes entreprises peuvent adapter leurs produits et services aux besoins des clients et cr\u00e9er des tactiques de marketing efficaces pour atteindre leur march\u00e9 cible.<\/li>\n\n\n\n<li>By conducting small and medium enterprise market research, organizations can gain valuable insights into potential business opportunities. Through leveraging emerging trends, exploring untapped customer segments, and evaluating potential partnerships, they can <a href=\"https:\/\/www.sisinternational.com\/fr\/competence\/les-industries\/etude-de-marche-sur-loptimisation-des-menus-des-restaurants\/\" title=\"\u00c9tude de march\u00e9 sur l\u2019optimisation des menus de restaurants et de produits alimentaires\"  data-wpil-monitor-id=\"8222\">optimize their market<\/a> share and drive sustained growth.<\/li>\n\n\n\n<li>Enterprises can leverage small and medium enterprise market research to gain insights into the competitive landscape, and understand their own competitive advantages and disadvantages compared to other players. With this knowledge, small and <a href=\"https:\/\/www.sisinternational.com\/fr\/recherche-a-grande-echelle-pour-les-petites-entreprises\/\" title=\"Recherche \u00e0 grande \u00e9chelle pour les petites entreprises\"  data-wpil-monitor-id=\"2331\">medium companies can create and execute strategies<\/a> to differentiate themselves and effectively position themselves in a crowded market.<\/li>\n\n\n\n<li>Les petites et moyennes entreprises peuvent tirer parti des \u00e9tudes de march\u00e9 pour obtenir un aper\u00e7u des clients sur les performances de leurs produits et services. Gr\u00e2ce \u00e0 ces donn\u00e9es, ils peuvent d\u00e9couvrir les axes d\u2019am\u00e9lioration et mettre \u00e0 jour leurs offres pour mieux r\u00e9pondre aux attentes des clients.<\/li>\n\n\n\n<li>Gr\u00e2ce aux \u00e9tudes de march\u00e9 sur les petites et moyennes entreprises, les entreprises peuvent prendre des d\u00e9cisions bas\u00e9es sur des donn\u00e9es factuelles, augmentant ainsi leurs chances de succ\u00e8s et de croissance future.<\/li>\n<\/ul>\n\n\n\n<h2 class=\"wp-block-heading p5\">Meilleures pratiques et objectifs des \u00e9tudes de march\u00e9 sur les petites et moyennes entreprises<\/h2>\n\n\n\n<p class=\"p3\">Pour cr\u00e9er une \u00e9tude de march\u00e9 r\u00e9ussie, il est n\u00e9cessaire d\u2019\u00e9tablir un probl\u00e8me de recherche clair qui adh\u00e8re aux objectifs commerciaux. Ensuite, d\u00e9terminez la m\u00e9thode de recherche la plus adapt\u00e9e (enqu\u00eates, groupes de discussion, entretiens, entre autres) ainsi que la population cible et la taille de l&#039;\u00e9chantillon.<\/p>\n\n\n\n<p class=\"p3\">This approach allows consulting firms to <a href=\"https:\/\/www.sisinternational.com\/fr\/couverture\/leurope-%ef%83%97\/etude-de-marche-liverpool-royaume-uni\/\" title=\"\u00c9tude de march\u00e9 \u00e0 Liverpool | Groupes de discussion et collecte de donn\u00e9es au Royaume-Uni\"  data-wpil-monitor-id=\"8210\">collect the required data<\/a> and draw conclusions based on facts. On the other hand, small and medium enterprises often leverage market research to reach their goals <span class=\"s1\">\u2013<b> <\/b><\/span>et leurs objectifs les plus courants sont\u00a0:<\/p>\n\n\n\n<ul class=\"wp-block-list\">\n<li>Acqu\u00e9rir une compr\u00e9hension approfondie des besoins et des pr\u00e9f\u00e9rences de leurs clients pour d\u00e9velopper des produits et services qui r\u00e9pondent \u00e0 leurs attentes.<\/li>\n\n\n\n<li>Identify and <a href=\"https:\/\/www.sisinternational.com\/fr\/couverture\/etude-de-marche-en-asie\/evaluations-des-opportunites-du-marche-asiatique\/\" title=\"\u00c9valuations des opportunit\u00e9s du march\u00e9 asiatique\"  data-wpil-monitor-id=\"8207\">assess potential market opportunities<\/a> to remain competitive and expand their operations.<\/li>\n\n\n\n<li>B\u00e9n\u00e9ficiez d&#039;un avantage concurrentiel en collectant des donn\u00e9es qui fournissent des informations inestimables sur les forces et les faiblesses de leurs concurrents, permettant ainsi aux petites et moyennes entreprises d&#039;\u00e9valuer le paysage concurrentiel et d&#039;identifier efficacement les opportunit\u00e9s potentielles.<\/li>\n\n\n\n<li>\u00c9valuer les performances de leurs produits et services pour d\u00e9terminer les domaines d&#039;am\u00e9lioration potentiels et affiner leurs offres pour mieux satisfaire les besoins des clients.<\/li>\n<\/ul>\n\n\n\n<h2 class=\"wp-block-heading p5\">Opportunit\u00e9s d\u2019\u00e9tudes de march\u00e9 pour les petites et moyennes entreprises<\/h2>\n\n\n\n<ul class=\"wp-block-list\">\n<li>Businesses can benefit from small and medium enterprise market research to identify untapped market segments. By gaining an understanding of the distinct needs and preferences of various consumer segments, companies can craft their <a href=\"https:\/\/www.sisinternational.com\/fr\/solutions\/etude-de-marche-en-groupe-de-discussion\/\" title=\"\u00c9tude de march\u00e9 par groupe de discussion\"  data-wpil-monitor-id=\"8213\">marketing plans to target specific groups<\/a> effectively.<\/li>\n\n\n\n<li>La r\u00e9alisation d\u2019\u00e9tudes de march\u00e9 est un \u00e9l\u00e9ment essentiel de l\u2019introduction de nouveaux produits ou services. Il permet aux petites et moyennes entreprises de d\u00e9tecter des perspectives potentielles pour de nouveaux produits. En analysant les d\u00e9sirs des consommateurs, les entreprises peuvent fabriquer des articles ou des services qui r\u00e9pondent avec pr\u00e9cision aux demandes de leur public cible. Les \u00e9tudes de march\u00e9 peuvent fournir aux entreprises des informations pr\u00e9cieuses sur la satisfaction des clients. En recueillant les commentaires des clients, les entreprises peuvent identifier les opportunit\u00e9s d&#039;am\u00e9lioration et apporter des ajustements \u00e0 leurs produits, services ou pratiques de service client pour mieux s&#039;adapter aux besoins de leurs clients.<\/li>\n\n\n\n<li>La r\u00e9alisation d\u2019\u00e9tudes de march\u00e9 pour les petites et moyennes entreprises donne une vue d\u2019ensemble du paysage concurrentiel. Il aide les organisations \u00e0 se diff\u00e9rencier et \u00e0 \u00e9laborer des plans pour obtenir un avantage sur le march\u00e9.<\/li>\n\n\n\n<li>Les entreprises peuvent att\u00e9nuer les risques en utilisant des \u00e9tudes de march\u00e9 pour se tenir au courant des tendances actuelles du march\u00e9 et des pr\u00e9f\u00e9rences des consommateurs.<span class=\"Apple-converted-space\">\u00a0<\/span><\/li>\n<\/ul>\n\n\n\n<h2 class=\"wp-block-heading p5\">D\u00e9fis et limites des \u00e9tudes de march\u00e9 sur les petites et moyennes entreprises<\/h2>\n\n\n\n<figure class=\"gb-block-image gb-block-image-ce1b03a0\"><img loading=\"lazy\" decoding=\"async\" width=\"1456\" height=\"816\" class=\"gb-image gb-image-ce1b03a0\" src=\"https:\/\/www.sisinternational.com\/wp-content\/uploads\/2025\/08\/Small-and-Medium-Enterprise-2.jpg\" alt=\"\u00c9tudes de march\u00e9 et strat\u00e9gie internationales SIS\" title=\"Small and Medium Enterprise (2)\" srcset=\"https:\/\/www.sisinternational.com\/wp-content\/uploads\/2025\/08\/Small-and-Medium-Enterprise-2.jpg 1456w, https:\/\/www.sisinternational.com\/wp-content\/uploads\/2025\/08\/Small-and-Medium-Enterprise-2-300x168.jpg 300w, https:\/\/www.sisinternational.com\/wp-content\/uploads\/2025\/08\/Small-and-Medium-Enterprise-2-1024x574.jpg 1024w, https:\/\/www.sisinternational.com\/wp-content\/uploads\/2025\/08\/Small-and-Medium-Enterprise-2-768x430.jpg 768w, https:\/\/www.sisinternational.com\/wp-content\/uploads\/2025\/08\/Small-and-Medium-Enterprise-2-18x10.jpg 18w\" sizes=\"auto, (max-width: 1456px) 100vw, 1456px\"><\/figure>\n\n\n\n<ul class=\"wp-block-list ul1\">\n<li>Les petites et moyennes entreprises sont souvent confront\u00e9es \u00e0 des contraintes de ressources qui peuvent entraver leur capacit\u00e9 \u00e0 mener des \u00e9tudes de march\u00e9 approfondies.<\/li>\n\n\n\n<li>Les petites et moyennes entreprises n\u2019ont peut-\u00eatre pas le m\u00eame niveau d\u2019expertise et de sensibilisation aux \u00e9tudes de march\u00e9 que les grandes organisations.<\/li>\n\n\n\n<li>Les entreprises ne disposent peut-\u00eatre pas des m\u00eames ressources financi\u00e8res que les grandes entreprises pour consacrer aux \u00e9tudes de march\u00e9.<\/li>\n\n\n\n<li>En raison de la possibilit\u00e9 de r\u00e9duire la taille des \u00e9chantillons, les petites et moyennes entreprises peuvent avoir du mal \u00e0 obtenir des r\u00e9sultats statistiquement significatifs.<\/li>\n\n\n\n<li>Small enterprises may find it difficult to compete with larger companies that possess greater <a href=\"https:\/\/www.sisinternational.com\/fr\/competence\/les-industries\/etude-de-marche-sur-les-ressources-naturelles\/\" title=\"\u00c9tude de march\u00e9 sur les ressources naturelles\"  data-wpil-monitor-id=\"8217\">resources and information for market<\/a> analysis.<\/li>\n<\/ul>\n\n\n\n<h2 class=\"wp-block-heading p5\">Tendances futures et consid\u00e9rations pour les \u00e9tudes de march\u00e9 sur les petites et moyennes entreprises<\/h2>\n\n\n\n<ul class=\"wp-block-list\">\n<li>\u00c0 mesure que l\u2019\u00e9conomie mondiale \u00e9volue, l\u2019importance des petites et moyennes entreprises augmente. Par cons\u00e9quent, pour rester comp\u00e9titives, les entreprises doivent avoir acc\u00e8s \u00e0 des \u00e9tudes de march\u00e9 pr\u00e9cises pour les aider \u00e0 prendre des d\u00e9cisions \u00e9clair\u00e9es. Compte tenu de cela, la demande d\u2019\u00e9tudes de march\u00e9 pour les petites et moyennes entreprises va probablement augmenter.<\/li>\n\n\n\n<li>L\u2019\u00e9mergence des solutions Big Data et d\u2019analyse a ouvert la porte aux petites et moyennes entreprises pour acc\u00e9der \u00e0 des techniques d\u2019\u00e9tudes de march\u00e9 plus compl\u00e8tes. Ces outils peuvent fournir aux entreprises un meilleur aper\u00e7u des tendances, des inclinations et des comportements d\u2019achat des clients.<\/li>\n\n\n\n<li>\u00c0 mesure que la concurrence s\u2019accentue sur le march\u00e9, les petites et moyennes entreprises ont pris conscience des avantages de coop\u00e9rer les unes avec les autres. Ces entreprises peuvent combiner leurs ressources et leur expertise pour entreprendre des \u00e9tudes de march\u00e9 et obtenir une compr\u00e9hension plus compl\u00e8te de leurs clients et du march\u00e9.<\/li>\n\n\n\n<li>Strategically-directed small and medium enterprise market research can provide businesses with the valuable insights they need to identify and capitalize on customer preferences, behaviors, and conversations on social media. By leveraging these insights, companies can effectively tailor their <a href=\"https:\/\/www.sisinternational.com\/fr\/competence\/les-industries\/etude-de-marche-sur-les-boissons-alimentaires-et-la-voix-du-client\/\" title=\"\u00c9tude de march\u00e9 sur la voix du client dans le secteur des aliments et des boissons\"  data-wpil-monitor-id=\"8220\">marketing campaigns for greater customer<\/a> engagement.<\/li>\n\n\n\n<li>L&#039;intelligence artificielle (IA) et l&#039;apprentissage automatique (ML) peuvent augmenter la productivit\u00e9 des petites et moyennes entreprises et les rendre plus comp\u00e9titives. En cons\u00e9quence, on s\u2019attend \u00e0 ce que m\u00eame les petites entreprises tirent parti de l\u2019IA et du ML pour augmenter leur productivit\u00e9 et \u00e9tendre leurs op\u00e9rations.<\/li>\n<\/ul>\n\n\n\n<p class=\"p3\">SIS International propose des recherches quantitatives, qualitatives et strat\u00e9giques. Nous fournissons des donn\u00e9es, des outils, des strat\u00e9gies, des rapports et des informations pour la prise de d\u00e9cision. Nous menons des entretiens, des enqu\u00eates, des groupes de discussion et de nombreuses autres m\u00e9thodes et approches d&#039;\u00e9tudes de march\u00e9. Contactez-nous pour votre prochain projet d&#039;\u00e9tude de march\u00e9.<\/p>","protected":false},"excerpt":{"rendered":"<p>R\u00e9aliser une \u00e9tude de march\u00e9 pour les petites et moyennes entreprises est une \u00e9tape essentielle pour comprendre leurs clients, leur secteur d\u2019activit\u00e9 et leurs concurrents.<\/p>","protected":false},"author":1,"featured_media":64551,"parent":14514,"menu_order":187,"comment_status":"closed","ping_status":"closed","template":"","meta":{"footnotes":""},"class_list":["post-41580","page","type-page","status-publish","has-post-thumbnail"],"_links":{"self":[{"href":"https:\/\/www.sisinternational.com\/fr\/wp-json\/wp\/v2\/pages\/41580","targetHints":{"allow":["GET"]}}],"collection":[{"href":"https:\/\/www.sisinternational.com\/fr\/wp-json\/wp\/v2\/pages"}],"about":[{"href":"https:\/\/www.sisinternational.com\/fr\/wp-json\/wp\/v2\/types\/page"}],"author":[{"embeddable":true,"href":"https:\/\/www.sisinternational.com\/fr\/wp-json\/wp\/v2\/users\/1"}],"replies":[{"embeddable":true,"href":"https:\/\/www.sisinternational.com\/fr\/wp-json\/wp\/v2\/comments?post=41580"}],"version-history":[{"count":5,"href":"https:\/\/www.sisinternational.com\/fr\/wp-json\/wp\/v2\/pages\/41580\/revisions"}],"predecessor-version":[{"id":81381,"href":"https:\/\/www.sisinternational.com\/fr\/wp-json\/wp\/v2\/pages\/41580\/revisions\/81381"}],"up":[{"embeddable":true,"href":"https:\/\/www.sisinternational.com\/fr\/wp-json\/wp\/v2\/pages\/14514"}],"wp:featuredmedia":[{"embeddable":true,"href":"https:\/\/www.sisinternational.com\/fr\/wp-json\/wp\/v2\/media\/64551"}],"wp:attachment":[{"href":"https:\/\/www.sisinternational.com\/fr\/wp-json\/wp\/v2\/media?parent=41580"}],"curies":[{"name":"wp","href":"https:\/\/api.w.org\/{rel}","templated":true}]}}