{"id":41568,"date":"2023-02-13T04:01:17","date_gmt":"2023-02-13T04:01:17","guid":{"rendered":"https:\/\/www.sisinternational.com\/?page_id=41568"},"modified":"2026-01-24T21:27:18","modified_gmt":"2026-01-25T02:27:18","slug":"etude-de-marche-sur-les-huiles-vegetales","status":"publish","type":"page","link":"https:\/\/www.sisinternational.com\/fr\/competence\/etude-de-marche-sur-les-huiles-vegetales\/","title":{"rendered":"\u00c9tude de march\u00e9 sur l\u2019huile v\u00e9g\u00e9tale"},"content":{"rendered":"<h1 class=\"wp-block-heading\">\u00c9tude de march\u00e9 sur l\u2019huile v\u00e9g\u00e9tale<\/h1>\n\n\n\n<figure class=\"gb-block-image gb-block-image-61d16bc2\"><img loading=\"lazy\" decoding=\"async\" width=\"1456\" height=\"816\" class=\"gb-image gb-image-61d16bc2\" src=\"https:\/\/www.sisinternational.com\/wp-content\/uploads\/2025\/08\/Palm-oiil-2.jpg\" alt=\"\u00c9tudes de march\u00e9 et strat\u00e9gie internationales SIS\" title=\"Palm oiil (2)\" srcset=\"https:\/\/www.sisinternational.com\/wp-content\/uploads\/2025\/08\/Palm-oiil-2.jpg 1456w, https:\/\/www.sisinternational.com\/wp-content\/uploads\/2025\/08\/Palm-oiil-2-300x168.jpg 300w, https:\/\/www.sisinternational.com\/wp-content\/uploads\/2025\/08\/Palm-oiil-2-1024x574.jpg 1024w, https:\/\/www.sisinternational.com\/wp-content\/uploads\/2025\/08\/Palm-oiil-2-768x430.jpg 768w, https:\/\/www.sisinternational.com\/wp-content\/uploads\/2025\/08\/Palm-oiil-2-18x10.jpg 18w\" sizes=\"auto, (max-width: 1456px) 100vw, 1456px\"><\/figure>\n\n\n\n<p><\/p>\n\n\n\n<h2 class=\"wp-block-heading\">Qu\u2019est-ce que l\u2019huile v\u00e9g\u00e9tale ?<\/h2>\n\n\n\n<p>L&#039;huile v\u00e9g\u00e9tale provient d&#039;huiles v\u00e9g\u00e9tales extraites non seulement de l\u00e9gumes mais \u00e9galement de graines, de noix, de c\u00e9r\u00e9ales ou de certains types de fruits. Il en existe de grandes vari\u00e9t\u00e9s, mais chacune est extr\u00eamement polyvalente et sert \u00e0 diff\u00e9rentes fins en cuisine, telles que la cuisson, la friture, les saut\u00e9s, la p\u00e2tisserie et la vinaigrette. Son objectif ne s&#039;arr\u00eate pas \u00e0 la cuisine ou \u00e0 l&#039;industrie alimentaire. L&#039;huile v\u00e9g\u00e9tale est un ingr\u00e9dient important pour de nombreuses autres utilisations industrielles et pour l&#039;\u00e9levage.<\/p>\n\n\n\n<h2 class=\"wp-block-heading\">Comment est fabriqu\u00e9e l\u2019huile v\u00e9g\u00e9tale ?<\/h2>\n\n\n\n<p>Les techniques d&#039;extraction modernes peuvent extraire jusqu&#039;\u00e0 98% de l&#039;huile contenue dans certaines plantes, contrairement aux m\u00e9thodes disponibles dans les premiers temps, o\u00f9 seulement 10% d&#039;huile pouvaient \u00eatre extraites. De telles techniques rendent l\u2019extraction de l\u2019huile de noix et de graines plus efficace et permettent \u00e0 diff\u00e9rentes vari\u00e9t\u00e9s d\u2019huiles v\u00e9g\u00e9tales d\u2019\u00eatre disponibles sur le march\u00e9.<\/p>\n\n\n\n<h2 class=\"wp-block-heading\">L&#039;extraction des huiles v\u00e9g\u00e9tales implique un processus en quatre \u00e9tapes qui comprend les \u00e9l\u00e9ments suivants\u00a0:<\/h2>\n\n\n\n<h3 class=\"wp-block-heading\">Nettoyage<\/h3>\n\n\n\n<p>Les graines ou les noix doivent subir un processus de nettoyage minutieux puis \u00eatre \u00e9cras\u00e9es avec des aimants pour \u00e9liminer les traces m\u00e9talliques. La peau sera retir\u00e9e puis broy\u00e9e m\u00e9caniquement avant d&#039;\u00eatre r\u00e9chauff\u00e9e.<\/p>\n\n\n\n<h3 class=\"wp-block-heading\">Pressage<\/h3>\n\n\n\n<p>Les graines ou noix chauff\u00e9es et broy\u00e9es seront press\u00e9es m\u00e9caniquement, ce qui en extrait l\u2019huile.<\/p>\n\n\n\n<h3 class=\"wp-block-heading\">Extraction par solvant<\/h3>\n\n\n\n<p>Pour une extraction plus efficace, un solvant sera ajout\u00e9 \u00e0 l\u2019huile dissoute une fois le \u00ab tourteau \u00bb retir\u00e9. Et puis, il subira une distillation pour \u00e9liminer le solvant.<\/p>\n\n\n\n<h3 class=\"wp-block-heading\">Raffinage<\/h3>\n\n\n\n<p>Le processus de raffinage consiste \u00e0 chauffer l\u2019huile \u00e0 85 \u00b0C et \u00e0 la m\u00e9langer avec une substance alcaline. Ensuite, l\u2019huile sera trait\u00e9e avec de l\u2019eau ou de l\u2019acide pour la d\u00e9gommager. Les huiles seront ensuite blanchies pour \u00e9liminer les couleurs naturelles. Enfin, la vapeur d\u00e9sodorisera les huiles et une petite quantit\u00e9 d\u2019acide citrique sera ajout\u00e9e pour \u00e9liminer les traces qui peuvent r\u00e9duire la dur\u00e9e de conservation de l\u2019huile.<\/p>\n\n\n\n<h2 class=\"wp-block-heading\">Avantages pour la sant\u00e9<\/h2>\n\n\n\n<p>Some of the common vegetable <a href=\"https:\/\/www.sisinternational.com\/fr\/competence\/les-industries\/etude-de-marche-du-petrole-et-du-gaz\/\" title=\"\u00c9tudes de march\u00e9 sur le p\u00e9trole et le gaz\"  data-wpil-monitor-id=\"3088\">oils in the market<\/a> include sunflower oil, palm oil, canola oil, hazelnut oil, soybean oil, almond oil, and olive oil, to mention a few. These are known for providing many health benefits, particularly in controlling heart health.<\/p>\n\n\n\n<p>Les huiles v\u00e9g\u00e9tales contiennent des triglyc\u00e9rides comme ceux que l\u2019on trouve dans les graisses animales comme le beurre et le saindoux. Mais, lorsqu\u2019il est consomm\u00e9 en quantit\u00e9s saines, il peut aider \u00e0 g\u00e9rer les niveaux de cholest\u00e9rol sanguin, de sucre dans le sang et de tension art\u00e9rielle, r\u00e9duisant ainsi les risques de maladies cardiovasculaires.<\/p>\n\n\n\n<p>Certaines huiles v\u00e9g\u00e9tales sont riches en vitamine E, un antioxydant qui favorise l\u2019immunit\u00e9 et aide l\u2019organisme \u00e0 lutter contre les radicaux libres. De plus, les huiles v\u00e9g\u00e9tales peuvent \u00e9galement r\u00e9duire le risque de cancer du sein lorsqu\u2019elles sont utilis\u00e9es r\u00e9guli\u00e8rement. Les autres bienfaits des huiles v\u00e9g\u00e9tales pour la sant\u00e9 peuvent inclure l\u2019am\u00e9lioration du m\u00e9tabolisme, la promotion de la croissance et de la r\u00e9paration cellulaire, l\u2019am\u00e9lioration de l\u2019humeur, la pr\u00e9vention de l\u2019ost\u00e9oporose et bien d\u2019autres encore.<\/p>\n\n\n\n<h2 class=\"wp-block-heading\">Industrie alimentaire<\/h2>\n\n\n\n<p>De nombreux restaurants et entreprises alimentaires utilisent des huiles v\u00e9g\u00e9tales pour la cuisson et la friture. Ces huiles peuvent r\u00e9sister \u00e0 une cuisson \u00e0 haute temp\u00e9rature, ce qui ne provoque pas de fum\u00e9e et ne donne pas une saveur am\u00e8re et br\u00fbl\u00e9e aux aliments. De plus, ces huiles n&#039;ont qu&#039;une saveur l\u00e9g\u00e8re, voire inexistante, ce qui n&#039;affecte pas le go\u00fbt des vinaigrettes, du pain, des g\u00e2teaux et autres produits de boulangerie. Cela rend les huiles v\u00e9g\u00e9tales tr\u00e8s demand\u00e9es dans l\u2019industrie alimentaire.<\/p>\n\n\n\n<h2 class=\"wp-block-heading\">Autres utilisations industrielles<\/h2>\n\n\n\n<figure class=\"gb-block-image gb-block-image-bc6b5ff4\"><img loading=\"lazy\" decoding=\"async\" width=\"1456\" height=\"816\" class=\"gb-image gb-image-bc6b5ff4\" src=\"https:\/\/www.sisinternational.com\/wp-content\/uploads\/2025\/08\/Palm-oiil-1.jpg\" alt=\"\u00c9tudes de march\u00e9 et strat\u00e9gie internationales SIS\" title=\"Palm oiil (1)\" srcset=\"https:\/\/www.sisinternational.com\/wp-content\/uploads\/2025\/08\/Palm-oiil-1.jpg 1456w, https:\/\/www.sisinternational.com\/wp-content\/uploads\/2025\/08\/Palm-oiil-1-300x168.jpg 300w, https:\/\/www.sisinternational.com\/wp-content\/uploads\/2025\/08\/Palm-oiil-1-1024x574.jpg 1024w, https:\/\/www.sisinternational.com\/wp-content\/uploads\/2025\/08\/Palm-oiil-1-768x430.jpg 768w, https:\/\/www.sisinternational.com\/wp-content\/uploads\/2025\/08\/Palm-oiil-1-18x10.jpg 18w\" sizes=\"auto, (max-width: 1456px) 100vw, 1456px\"><\/figure>\n\n\n\n<p><\/p>\n\n\n\n<p>Les huiles v\u00e9g\u00e9tales sont des ingr\u00e9dients importants dans la fabrication de savons, d\u00e9tergents, produits de soins de la peau, bougies, parfums et autres articles de soins personnels.<\/p>\n\n\n\n<p>Certaines huiles v\u00e9g\u00e9tales sont \u00e9galement utilis\u00e9es dans les formulations de peinture et les produits de traitement du bois. Ceux-ci sont \u00e9galement utilis\u00e9s comme mati\u00e8res premi\u00e8res pour la production de biocarburants. La production d\u2019huiles v\u00e9g\u00e9tales produit \u00e9galement des aliments pour le b\u00e9tail comme sous-produit.<\/p>\n\n\n\n<h2 class=\"wp-block-heading\">Titres de poste cl\u00e9s<\/h2>\n\n\n\n<p>L\u2019industrie des huiles v\u00e9g\u00e9tales a besoin de diverses comp\u00e9tences sp\u00e9cialis\u00e9es dans l\u2019agriculture et la culture et la gestion des jardins. Les personnes poss\u00e9dant une formation r\u00e9put\u00e9e en ing\u00e9nierie, en sciences et technologies et dans des domaines connexes peuvent \u00e9galement trouver un cheminement de carri\u00e8re dans ce domaine. \u00c0 mesure que l\u2019industrie se d\u00e9veloppe, de plus en plus de titres d\u2019emploi seront disponibles.<\/p>\n\n\n\n<h3 class=\"wp-block-heading\">Vous trouverez ci-dessous certains des titres cl\u00e9s du poste\u00a0:<\/h3>\n\n\n\n<ul class=\"wp-block-list\">\n<li>Horticulteur<\/li>\n\n\n\n<li>Analyste des mati\u00e8res premi\u00e8res<\/li>\n\n\n\n<li>Technicien de laboratoire<\/li>\n\n\n\n<li>Gestionnaire d&#039;extractions<\/li>\n\n\n\n<li>Responsable des op\u00e9rations de l&#039;usine<\/li>\n\n\n\n<li>Directeur g\u00e9n\u00e9ral des plantations<\/li>\n\n\n\n<li>Op\u00e9rateur de processus<\/li>\n\n\n\n<li>Op\u00e9rateur agricole<\/li>\n\n\n\n<li>Ing\u00e9nieur d&#039;usine<\/li>\n\n\n\n<li>M\u00e9canicien d&#039;entretien<\/li>\n<\/ul>\n\n\n\n<h2 class=\"wp-block-heading\">Pourquoi les entreprises ont-elles besoin d\u2019une \u00e9tude de march\u00e9 sur l\u2019huile v\u00e9g\u00e9tale ?<\/h2>\n\n\n\n<p>En raison de la grande polyvalence, du faible co\u00fbt de production et de la large disponibilit\u00e9 des huiles v\u00e9g\u00e9tales, leur demande sur le march\u00e9 n\u2019a cess\u00e9 d\u2019augmenter.<\/p>\n\n\n\n<p>Les huiles v\u00e9g\u00e9tales contiennent des triglyc\u00e9rides, commun\u00e9ment appel\u00e9s graisses, qui peuvent constituer un bon substitut aux graisses animales et aux produits p\u00e9trochimiques pour des applications alimentaires et non alimentaires. Dans cette optique, l\u2019industrie alimentaire est en constante expansion et divers fabricants travaillent sur diff\u00e9rentes innovations de produits.<\/p>\n\n\n\n<p>Pour ces raisons, le march\u00e9 des huiles v\u00e9g\u00e9tales continue de se d\u00e9velopper. De plus, de nombreux clients se sont tourn\u00e9s vers les huiles v\u00e9g\u00e9tales en raison de leurs bienfaits pour la sant\u00e9.<\/p>\n\n\n\n<p>Vegetable <a href=\"https:\/\/www.sisinternational.com\/fr\/solutions\/etude-de-marche-sur-les-oleoducs-et-les-gazoducs\/\" title=\"\u00c9tude de march\u00e9 sur les ol\u00e9oducs et gazoducs\"  data-wpil-monitor-id=\"2156\">oil market research<\/a> can help businesses gain valuable information from the current market conditions, consumers&#8217; insights and preferences, competitors&#8217; strategies, and industry trends.<\/p>\n\n\n\n<p>Ceux-ci peuvent aider les entreprises \u00e0 prendre des d\u00e9cisions strat\u00e9giques pour am\u00e9liorer leurs produits, leurs prix et leur marketing, ainsi qu&#039;\u00e0 identifier la croissance et l&#039;expansion potentielles pour rester comp\u00e9titives dans le secteur.<\/p>\n\n\n\n<h2 class=\"wp-block-heading\">Facteurs cl\u00e9s de succ\u00e8s<\/h2>\n\n\n\n<p>Les \u00e9tudes de march\u00e9 sont essentielles pour identifier les facteurs qui aideront les entreprises \u00e0 se d\u00e9velopper et \u00e0 rester comp\u00e9titives. Les entreprises doivent se concentrer sur la collecte de donn\u00e9es provenant de sources fiables et sur leur analyse \u00e0 l\u2019aide de techniques statistiques appropri\u00e9es.<\/p>\n\n\n\n<p>Une analyse approfondie aidera les entreprises \u00e0 acqu\u00e9rir une compr\u00e9hension approfondie des conditions et des tendances actuelles du secteur des huiles v\u00e9g\u00e9tales. Non seulement cela, mais les entreprises doivent \u00e9galement identifier leurs objectifs sp\u00e9cifiques pour d\u00e9terminer les risques et la croissance potentiels et comprendre les pr\u00e9f\u00e9rences de chaque client.<\/p>\n\n\n\n<p>Pour que les entreprises puissent prendre des d\u00e9cisions strat\u00e9giques, il est \u00e9galement crucial que la recherche soit effectu\u00e9e en temps opportun et fournisse des recommandations qui aident les entreprises \u00e0 prendre des d\u00e9cisions strat\u00e9giques.<\/p>\n\n\n\n<p>With the influence of technology in the cultivation, production, and distribution of vegetable oils, research can help evaluate its impact on the market. Most importantly, research can also help businesses understand the attitudes and preferences of customers towards <a href=\"https:\/\/www.sisinternational.com\/fr\/competence\/les-industries\/etude-de-marche-sur-lhuile-de-palme\/\" title=\"\u00c9tude de march\u00e9 sur l\u2019huile de palme\"  data-wpil-monitor-id=\"3462\">vegetable<\/a> oils.<\/p>\n\n\n\n<h2 class=\"wp-block-heading\">\u00c0 propos de l\u2019\u00e9tude de march\u00e9 sur l\u2019huile v\u00e9g\u00e9tale<\/h2>\n\n\n\n<figure class=\"gb-block-image gb-block-image-bd68a6d6\"><img loading=\"lazy\" decoding=\"async\" width=\"1456\" height=\"816\" class=\"gb-image gb-image-bd68a6d6\" src=\"https:\/\/www.sisinternational.com\/wp-content\/uploads\/2025\/08\/Palm-oiil-4.jpg\" alt=\"\u00c9tudes de march\u00e9 et strat\u00e9gie internationales SIS\" title=\"Palm oiil (4)\" srcset=\"https:\/\/www.sisinternational.com\/wp-content\/uploads\/2025\/08\/Palm-oiil-4.jpg 1456w, https:\/\/www.sisinternational.com\/wp-content\/uploads\/2025\/08\/Palm-oiil-4-300x168.jpg 300w, https:\/\/www.sisinternational.com\/wp-content\/uploads\/2025\/08\/Palm-oiil-4-1024x574.jpg 1024w, https:\/\/www.sisinternational.com\/wp-content\/uploads\/2025\/08\/Palm-oiil-4-768x430.jpg 768w, https:\/\/www.sisinternational.com\/wp-content\/uploads\/2025\/08\/Palm-oiil-4-18x10.jpg 18w\" sizes=\"auto, (max-width: 1456px) 100vw, 1456px\"><\/figure>\n\n\n\n<p><\/p>\n\n\n\n<p>Alors que le march\u00e9 des l\u00e9gumes ne cesse de cro\u00eetre, il est important de conna\u00eetre ses conditions et tendances actuelles gr\u00e2ce \u00e0 une collecte et une analyse de donn\u00e9es pr\u00e9cises afin d&#039;identifier divers facteurs pouvant affecter les entreprises et les aider \u00e0 rester comp\u00e9titives dans le secteur.<\/p>\n\n\n\n<p>SIS International propose des recherches quantitatives, qualitatives et strat\u00e9giques. Nous fournissons des donn\u00e9es, des outils, des strat\u00e9gies, des rapports et des informations pour la prise de d\u00e9cision. Nous menons des entretiens, des enqu\u00eates, des groupes de discussion et de nombreuses autres m\u00e9thodes et approches d&#039;\u00e9tudes de march\u00e9. Contactez-nous pour votre prochain projet d&#039;\u00e9tude de march\u00e9.<\/p>","protected":false},"excerpt":{"rendered":"<p>En raison de la grande polyvalence, du faible co\u00fbt de production et de la disponibilit\u00e9 globale des huiles v\u00e9g\u00e9tales, leur demande sur le march\u00e9 n\u2019a cess\u00e9 d\u2019augmenter.<\/p>","protected":false},"author":1,"featured_media":64224,"parent":14514,"menu_order":185,"comment_status":"closed","ping_status":"closed","template":"","meta":{"footnotes":""},"class_list":["post-41568","page","type-page","status-publish","has-post-thumbnail"],"_links":{"self":[{"href":"https:\/\/www.sisinternational.com\/fr\/wp-json\/wp\/v2\/pages\/41568","targetHints":{"allow":["GET"]}}],"collection":[{"href":"https:\/\/www.sisinternational.com\/fr\/wp-json\/wp\/v2\/pages"}],"about":[{"href":"https:\/\/www.sisinternational.com\/fr\/wp-json\/wp\/v2\/types\/page"}],"author":[{"embeddable":true,"href":"https:\/\/www.sisinternational.com\/fr\/wp-json\/wp\/v2\/users\/1"}],"replies":[{"embeddable":true,"href":"https:\/\/www.sisinternational.com\/fr\/wp-json\/wp\/v2\/comments?post=41568"}],"version-history":[{"count":6,"href":"https:\/\/www.sisinternational.com\/fr\/wp-json\/wp\/v2\/pages\/41568\/revisions"}],"predecessor-version":[{"id":77674,"href":"https:\/\/www.sisinternational.com\/fr\/wp-json\/wp\/v2\/pages\/41568\/revisions\/77674"}],"up":[{"embeddable":true,"href":"https:\/\/www.sisinternational.com\/fr\/wp-json\/wp\/v2\/pages\/14514"}],"wp:featuredmedia":[{"embeddable":true,"href":"https:\/\/www.sisinternational.com\/fr\/wp-json\/wp\/v2\/media\/64224"}],"wp:attachment":[{"href":"https:\/\/www.sisinternational.com\/fr\/wp-json\/wp\/v2\/media?parent=41568"}],"curies":[{"name":"wp","href":"https:\/\/api.w.org\/{rel}","templated":true}]}}