{"id":41566,"date":"2023-02-13T03:45:32","date_gmt":"2023-02-13T03:45:32","guid":{"rendered":"https:\/\/www.sisinternational.com\/?page_id=41566"},"modified":"2026-01-24T18:52:36","modified_gmt":"2026-01-24T23:52:36","slug":"etude-de-marche-sur-les-donnees-de-formation","status":"publish","type":"page","link":"https:\/\/www.sisinternational.com\/fr\/competence\/etude-de-marche-sur-les-donnees-de-formation\/","title":{"rendered":"\u00c9tude de march\u00e9 sur les donn\u00e9es de formation"},"content":{"rendered":"<h1 class=\"wp-block-heading\">\u00c9tude de march\u00e9 sur les donn\u00e9es de formation<\/h1>\n\n\n\n<figure class=\"gb-block-image gb-block-image-d8516ef6\"><img loading=\"lazy\" decoding=\"async\" width=\"1456\" height=\"816\" class=\"gb-image gb-image-d8516ef6\" src=\"https:\/\/www.sisinternational.com\/wp-content\/uploads\/2025\/08\/Data-37.jpg\" alt=\"\u00c9tudes de march\u00e9 et strat\u00e9gie internationales SIS\" title=\"Data (37)\" srcset=\"https:\/\/www.sisinternational.com\/wp-content\/uploads\/2025\/08\/Data-37.jpg 1456w, https:\/\/www.sisinternational.com\/wp-content\/uploads\/2025\/08\/Data-37-300x168.jpg 300w, https:\/\/www.sisinternational.com\/wp-content\/uploads\/2025\/08\/Data-37-1024x574.jpg 1024w, https:\/\/www.sisinternational.com\/wp-content\/uploads\/2025\/08\/Data-37-768x430.jpg 768w, https:\/\/www.sisinternational.com\/wp-content\/uploads\/2025\/08\/Data-37-18x10.jpg 18w\" sizes=\"auto, (max-width: 1456px) 100vw, 1456px\"><\/figure>\n\n\n\n<p><\/p>\n\n\n\n<h2 class=\"wp-block-heading\">Que sont les donn\u00e9es de formation\u00a0?<\/h2>\n\n\n\n<p>L\u2019apprentissage automatique (ML) peut r\u00e9aliser des exploits incroyables. Il peut automatiser des informations puissantes \u00e0 partir de donn\u00e9es textuelles. ML fonctionne avec tout, des enqu\u00eates aux documents en passant par les e-mails. Il peut \u00e9galement utiliser les tickets d\u2019assistance client et les r\u00e9seaux sociaux. Mais d\u2019abord, vous devez disposer des donn\u00e9es de formation correctes pour garantir le succ\u00e8s de la configuration de vos mod\u00e8les ML.<\/p>\n\n\n\n<p>Les donn\u00e9es de formation sont les donn\u00e9es initiales utilis\u00e9es pour entra\u00eener les mod\u00e8les ML. Il s\u2019agit g\u00e9n\u00e9ralement d\u2019un ensemble de donn\u00e9es massif. Les data scientists l&#039;utilisent pour enseigner des mod\u00e8les de pr\u00e9diction qui utilisent des algorithmes ML. Ils lui montrent comment extraire des informations pertinentes pour des objectifs commerciaux sp\u00e9cifiques. Ces scientifiques \u00e9tiquettent les donn\u00e9es de formation pour les mod\u00e8les ML supervis\u00e9s. L&#039;utilisation des donn\u00e9es de formation dans les programmes ML est un concept simple.<\/p>\n\n\n\n<p>Les donn\u00e9es d&#039;entra\u00eenement IA se r\u00e9partissent en deux sous-ensembles\u00a0: l&#039;apprentissage supervis\u00e9 et non supervis\u00e9. L&#039;apprentissage non supervis\u00e9 utilise des donn\u00e9es sans \u00e9tiquettes. Les mod\u00e8les doivent, par tous les moyens, trouver des mod\u00e8les dans les donn\u00e9es pour faire des inf\u00e9rences et tirer des conclusions. Mais l\u2019apprentissage supervis\u00e9 est diff\u00e9rent. Les humains doivent \u00e9tiqueter, \u00e9tiqueter ou annoter les donn\u00e9es lorsqu\u2019ils les utilisent. Ils l\u2019utilisent ensuite pour entra\u00eener le mod\u00e8le afin d\u2019arriver \u00e0 la conclusion souhait\u00e9e.<\/p>\n\n\n\n<h2 class=\"wp-block-heading\">Pourquoi les \u00e9tudes de march\u00e9 sur les donn\u00e9es de formation sont-elles importantes ?<\/h2>\n\n\n\n<p>L&#039;IA et le ML sont de nouveaux outils permettant aux d\u00e9veloppeurs de cr\u00e9er des mod\u00e8les plus efficaces et qui changent la vie. Ils fabriquent des machines suffisamment intelligentes pour effectuer diverses t\u00e2ches sans l\u2019aide des humains. Tout aussi important, ils n\u00e9cessitent des donn\u00e9es de formation pr\u00e9cises pour d\u00e9velopper les mod\u00e8les d\u2019IA et de ML. Ces donn\u00e9es de formation aident les algorithmes. Cela leur enseigne les mod\u00e8les ou les s\u00e9ries de r\u00e9sultats qui accompagnent une question donn\u00e9e.<\/p>\n\n\n\n<p>Il est important de r\u00e9aliser que les donn\u00e9es de formation sont essentielles pour classer les ensembles de donn\u00e9es en diff\u00e9rents groupements. Cela aide l&#039;algorithme \u00e0 trouver et \u00e0 classer des objets similaires \u00e0 l&#039;avenir. Si cela est incorrect, cela peut nuire aux r\u00e9sultats du mod\u00e8le, ce qui peut entra\u00eener l&#039;\u00e9chec de votre projet d&#039;IA. Les donn\u00e9es d&#039;entra\u00eenement sont la seule source que vous pouvez utiliser comme entr\u00e9e dans vos algorithmes. Cela aidera votre mod\u00e8le d\u2019IA \u00e0 obtenir les informations dont il a besoin. Il utilisera ensuite ces informations pour prendre des d\u00e9cisions cruciales, comme les humains.<\/p>\n\n\n\n<h2 class=\"wp-block-heading\">Titres de poste cl\u00e9s dans les donn\u00e9es de formation<\/h2>\n\n\n\n<figure class=\"gb-block-image gb-block-image-19210f89\"><img loading=\"lazy\" decoding=\"async\" width=\"1456\" height=\"816\" class=\"gb-image gb-image-19210f89\" src=\"https:\/\/www.sisinternational.com\/wp-content\/uploads\/2025\/08\/Data-34.jpg\" alt=\"\u00c9tudes de march\u00e9 et strat\u00e9gie internationales SIS\" title=\"Data (34)\" srcset=\"https:\/\/www.sisinternational.com\/wp-content\/uploads\/2025\/08\/Data-34.jpg 1456w, https:\/\/www.sisinternational.com\/wp-content\/uploads\/2025\/08\/Data-34-300x168.jpg 300w, https:\/\/www.sisinternational.com\/wp-content\/uploads\/2025\/08\/Data-34-1024x574.jpg 1024w, https:\/\/www.sisinternational.com\/wp-content\/uploads\/2025\/08\/Data-34-768x430.jpg 768w, https:\/\/www.sisinternational.com\/wp-content\/uploads\/2025\/08\/Data-34-18x10.jpg 18w\" sizes=\"auto, (max-width: 1456px) 100vw, 1456px\"><\/figure>\n\n\n\n<p><\/p>\n\n\n\n<p>La science des donn\u00e9es continue d\u2019\u00eatre une carri\u00e8re prometteuse et recherch\u00e9e pour les professionnels qualifi\u00e9s. De nombreux titres de poste peuvent utiliser les donn\u00e9es de formation. Ces titres incluent analyste de syst\u00e8mes informatiques, statisticien, administrateur de bases de donn\u00e9es et d\u00e9veloppeur de logiciels. Les autres emplois dans le domaine sont ceux d&#039;analyste de r\u00e9seaux informatiques, d&#039;analyste de donn\u00e9es et de data scientist. Ensuite, il y a l\u2019ing\u00e9nieur de donn\u00e9es et le gestionnaire de donn\u00e9es. Il existe de nombreuses offres d&#039;emploi pour les data scientists. Il existe \u00e9galement un besoin croissant d\u2019ing\u00e9nieurs de donn\u00e9es.<\/p>\n\n\n\n<p>There\u2019s also the \u201chuman in the loop.\u201d This term refers to the people involved in gathering and preparing Training Data. They <a href=\"https:\/\/www.sisinternational.com\/fr\/couverture\/leurope-%ef%83%97\/etude-de-marche-liverpool-royaume-uni\/\" title=\"\u00c9tude de march\u00e9 \u00e0 Liverpool | Groupes de discussion et collecte de donn\u00e9es au Royaume-Uni\"  data-wpil-monitor-id=\"8349\">collect raw data<\/a> from many sources. These sources include social media platforms, IoT devices, customer feedback, and websites. They then prepare the data by cleaning it and accounting for missing values. After that, they remove outliers and tag data points. The last step is to load it into suitable places for training ML algorithms.<\/p>\n\n\n\n<h2 class=\"wp-block-heading\">Pourquoi les entreprises ont-elles besoin de donn\u00e9es de formation\u00a0?<\/h2>\n\n\n\n<p>The use of AI and ML is only possible with ample amounts of high-quality Training Data. It plays a vital role in the model learning anything relevant. It is the backbone of any ML system. With enough Training Data, a machine can discover patterns and solve problems. Deficient or low-quality Training Data could <a href=\"https:\/\/www.sisinternational.com\/fr\/optimized-management-system-for-a-leading-us-immigration-law-firm\/\" title=\"Optimized Management System for a Leading US Immigration law firm\"  data-wpil-monitor-id=\"8351\">lead<\/a> to the failure of your ML system.<\/p>\n\n\n\n<h2 class=\"wp-block-heading\">\u00c0 propos de l\u2019\u00e9tude de march\u00e9 sur les donn\u00e9es de formation<\/h2>\n\n\n\n<figure class=\"gb-block-image gb-block-image-192c4764\"><img loading=\"lazy\" decoding=\"async\" width=\"1456\" height=\"816\" class=\"gb-image gb-image-192c4764\" src=\"https:\/\/www.sisinternational.com\/wp-content\/uploads\/2025\/08\/Data-25.jpg\" alt=\"\u00c9tudes de march\u00e9 et strat\u00e9gie internationales SIS\" title=\"Data (25)\" srcset=\"https:\/\/www.sisinternational.com\/wp-content\/uploads\/2025\/08\/Data-25.jpg 1456w, https:\/\/www.sisinternational.com\/wp-content\/uploads\/2025\/08\/Data-25-300x168.jpg 300w, https:\/\/www.sisinternational.com\/wp-content\/uploads\/2025\/08\/Data-25-1024x574.jpg 1024w, https:\/\/www.sisinternational.com\/wp-content\/uploads\/2025\/08\/Data-25-768x430.jpg 768w, https:\/\/www.sisinternational.com\/wp-content\/uploads\/2025\/08\/Data-25-18x10.jpg 18w\" sizes=\"auto, (max-width: 1456px) 100vw, 1456px\"><\/figure>\n\n\n\n<p><\/p>\n\n\n\n<p>Quantitatif <a href=\"https:\/\/www.sisinternational.com\/fr\/solutions\/ai-etudes-de-marche-et-conseil-en-strategie\/etude-de-marche-par-ia-en-science-des-donnees\/\" title=\"\u00c9tude de march\u00e9 sur l\u2019IA en science des donn\u00e9es\"  data-wpil-monitor-id=\"2395\">Market Research can reveal complex data<\/a> about the state of your business. Qualitative Market Research aims to explain the factors that led to that state. It focuses on the reasons and motives behind consumers\u2019 actions and desires. It also looks at their opinions and expectations. Companies can use it to gain insights that they can act on to improve their <a href=\"https:\/\/www.sisinternational.com\/fr\/solutions\/conseil-en-strategie\/conseil-en-strategie-detude-de-marche-sur-la-responsabilite-du-fait-des-produits\/\" title=\"\u00c9tudes de march\u00e9 et conseil en strat\u00e9gie en mati\u00e8re de responsabilit\u00e9 du fait des produits\"  data-wpil-monitor-id=\"8350\">products and strategies<\/a>.<\/p>\n\n\n\n<p>Vous pouvez introduire les deux types de donn\u00e9es dans vos mod\u00e8les de formation pour obtenir les r\u00e9sultats souhait\u00e9s. Au fur et \u00e0 mesure que vous continuez \u00e0 entra\u00eener votre mod\u00e8le, il deviendra plus sage, il est donc pr\u00e9f\u00e9rable d&#039;avoir trop de donn\u00e9es d&#039;entra\u00eenement plut\u00f4t que pas assez.<\/p>","protected":false},"excerpt":{"rendered":"<p>Les donn\u00e9es de formation sont les donn\u00e9es initiales utilis\u00e9es pour entra\u00eener les mod\u00e8les ML. Il s\u2019agit d\u2019un ensemble de donn\u00e9es g\u00e9ant que les scientifiques utilisent avec des mod\u00e8les de pr\u00e9diction utilisant des algorithmes ML.<\/p>","protected":false},"author":1,"featured_media":64375,"parent":14514,"menu_order":184,"comment_status":"closed","ping_status":"closed","template":"","meta":{"footnotes":""},"class_list":["post-41566","page","type-page","status-publish","has-post-thumbnail"],"_links":{"self":[{"href":"https:\/\/www.sisinternational.com\/fr\/wp-json\/wp\/v2\/pages\/41566","targetHints":{"allow":["GET"]}}],"collection":[{"href":"https:\/\/www.sisinternational.com\/fr\/wp-json\/wp\/v2\/pages"}],"about":[{"href":"https:\/\/www.sisinternational.com\/fr\/wp-json\/wp\/v2\/types\/page"}],"author":[{"embeddable":true,"href":"https:\/\/www.sisinternational.com\/fr\/wp-json\/wp\/v2\/users\/1"}],"replies":[{"embeddable":true,"href":"https:\/\/www.sisinternational.com\/fr\/wp-json\/wp\/v2\/comments?post=41566"}],"version-history":[{"count":5,"href":"https:\/\/www.sisinternational.com\/fr\/wp-json\/wp\/v2\/pages\/41566\/revisions"}],"predecessor-version":[{"id":81403,"href":"https:\/\/www.sisinternational.com\/fr\/wp-json\/wp\/v2\/pages\/41566\/revisions\/81403"}],"up":[{"embeddable":true,"href":"https:\/\/www.sisinternational.com\/fr\/wp-json\/wp\/v2\/pages\/14514"}],"wp:featuredmedia":[{"embeddable":true,"href":"https:\/\/www.sisinternational.com\/fr\/wp-json\/wp\/v2\/media\/64375"}],"wp:attachment":[{"href":"https:\/\/www.sisinternational.com\/fr\/wp-json\/wp\/v2\/media?parent=41566"}],"curies":[{"name":"wp","href":"https:\/\/api.w.org\/{rel}","templated":true}]}}