{"id":41557,"date":"2023-02-13T03:15:47","date_gmt":"2023-02-13T03:15:47","guid":{"rendered":"https:\/\/www.sisinternational.com\/?page_id=41557"},"modified":"2026-01-24T21:21:41","modified_gmt":"2026-01-25T02:21:41","slug":"etude-de-marche-des-solvants","status":"publish","type":"page","link":"https:\/\/www.sisinternational.com\/fr\/competence\/etude-de-marche-des-solvants\/","title":{"rendered":"\u00c9tude de march\u00e9 sur les solvants"},"content":{"rendered":"<h1 class=\"wp-block-heading\">\u00c9tude de march\u00e9 sur les solvants<\/h1>\n\n\n\n<figure class=\"gb-block-image gb-block-image-0035eaec\"><img loading=\"lazy\" decoding=\"async\" width=\"1456\" height=\"816\" class=\"gb-image gb-image-0035eaec\" src=\"https:\/\/www.sisinternational.com\/wp-content\/uploads\/2025\/08\/Solvent-3.jpg\" alt=\"\u00c9tudes de march\u00e9 et strat\u00e9gie internationales SIS\" title=\"Solvent (3)\" srcset=\"https:\/\/www.sisinternational.com\/wp-content\/uploads\/2025\/08\/Solvent-3.jpg 1456w, https:\/\/www.sisinternational.com\/wp-content\/uploads\/2025\/08\/Solvent-3-300x168.jpg 300w, https:\/\/www.sisinternational.com\/wp-content\/uploads\/2025\/08\/Solvent-3-1024x574.jpg 1024w, https:\/\/www.sisinternational.com\/wp-content\/uploads\/2025\/08\/Solvent-3-768x430.jpg 768w, https:\/\/www.sisinternational.com\/wp-content\/uploads\/2025\/08\/Solvent-3-18x10.jpg 18w\" sizes=\"auto, (max-width: 1456px) 100vw, 1456px\"><\/figure>\n\n\n\n<p><\/p>\n\n\n\n<h2 class=\"wp-block-heading\">Que sont les solvants ?<\/h2>\n\n\n\n<p>La plupart des solvants sont sous forme liquide. Leur fonction est de suspendre, dissoudre ou extraire d&#039;autres substances. Ils doivent le faire sans modifier la composition chimique du solvant ou des autres substances. Diff\u00e9rents solvants r\u00e9pondent \u00e0 des besoins sp\u00e9cifiques pour fabriquer des produits pr\u00e9sentant les meilleures performances. Par exemple, les encres qui ne maculent pas sont des solvants, tout comme les peintures en a\u00e9rosol qui s\u00e8chent rapidement et n&#039;obstruent pas la buse de pulv\u00e9risation. Un autre exemple est celui des peintures ordinaires qui sont belles et durent longtemps. Un autre \u00e9l\u00e9ment encore est celui des nettoyants puissants qui conviennent aux travaux difficiles et gras.<\/p>\n\n\n\n<p>Nous utilisons des solvants pour tout, des produits chimiques de nettoyage \u00e0 sec au dissolvant pour vernis \u00e0 ongles. Ils sont \u00e9galement pr\u00e9sents dans certains m\u00e9dicaments. La plupart sont inoffensifs, mais certains sont dangereux. La plupart des solvants utilis\u00e9s aujourd\u2019hui sont des compos\u00e9s organiques volatils. L\u2019industrie des solvants doit donc trouver des substituts plus s\u00fbrs et plus efficaces. La plupart des solvants sont liquides, mais ils peuvent aussi \u00eatre solides ou gazeux.<\/p>\n\n\n\n<h2 class=\"wp-block-heading\">Pourquoi les solvants sont-ils importants ?<\/h2>\n\n\n\n<p>Les solvants sont vitaux dans l\u2019industrie. Ils peuvent diluer, dissoudre et absorber d\u2019autres compos\u00e9s. Ils le font sans affecter leurs propri\u00e9t\u00e9s chimiques.<\/p>\n\n\n\n<p>De nombreuses personnes consid\u00e8rent l&#039;eau comme le solvant universel, m\u00eame si elle n&#039;est pas vraiment universelle. Ils l\u2019appellent ainsi parce qu\u2019il dissout plus de choses que n\u2019importe quel autre liquide. Sa propri\u00e9t\u00e9 de solvant est vitale pour la vie. Pourquoi? Parce qu\u2019il peut transporter des min\u00e9raux, des produits chimiques et des nutriments essentiels. Les solvants sont \u00e9galement des composants de nombreux produits essentiels \u00e0 la vie moderne.<\/p>\n\n\n\n<h2 class=\"wp-block-heading\">Titres de poste cl\u00e9s<\/h2>\n\n\n\n<figure class=\"gb-block-image gb-block-image-d3a45f11\"><img loading=\"lazy\" decoding=\"async\" width=\"1456\" height=\"816\" class=\"gb-image gb-image-d3a45f11\" src=\"https:\/\/www.sisinternational.com\/wp-content\/uploads\/2025\/08\/Solvent-4.jpg\" alt=\"\u00c9tudes de march\u00e9 et strat\u00e9gie internationales SIS\" title=\"Solvent (4)\" srcset=\"https:\/\/www.sisinternational.com\/wp-content\/uploads\/2025\/08\/Solvent-4.jpg 1456w, https:\/\/www.sisinternational.com\/wp-content\/uploads\/2025\/08\/Solvent-4-300x168.jpg 300w, https:\/\/www.sisinternational.com\/wp-content\/uploads\/2025\/08\/Solvent-4-1024x574.jpg 1024w, https:\/\/www.sisinternational.com\/wp-content\/uploads\/2025\/08\/Solvent-4-768x430.jpg 768w, https:\/\/www.sisinternational.com\/wp-content\/uploads\/2025\/08\/Solvent-4-18x10.jpg 18w\" sizes=\"auto, (max-width: 1456px) 100vw, 1456px\"><\/figure>\n\n\n\n<ul class=\"wp-block-list\">\n<li>Chimiste<\/li>\n\n\n\n<li>Directeur de production<\/li>\n\n\n\n<li>Sp\u00e9cialiste R&amp;D<\/li>\n\n\n\n<li>Sp\u00e9cialiste des ventes et du marketing<\/li>\n\n\n\n<li>Ing\u00e9nieur d&#039;Exploitation de Chaudi\u00e8re<\/li>\n\n\n\n<li>Ouvrier d&#039;usine d&#039;extraction de solvants<\/li>\n\n\n\n<li>Sp\u00e9cialiste des achats<\/li>\n\n\n\n<li>Sp\u00e9cialiste en marketing<\/li>\n\n\n\n<li>Pourquoi les entreprises ont besoin d\u2019une \u00e9tude de march\u00e9 sur les solvants<\/li>\n<\/ul>\n\n\n\n<p>Market Research starts with figuring out what data your business needs. Once you get that info, you can have it analyzed. For example, demand for chemical solvents from various end-use industries (such as construction) is rising. Researchers expect this will have a positive impact and drive the global market.&nbsp;From this example, it\u2019s easy to see how you can derive insights that will help you make business decisions. The last part is vital because our concern is about business outcomes. We use research to discover problems at the start of the journey, and then progress with it to test solutions.<\/p>\n\n\n\n<p>Une \u00e9tude de march\u00e9 qualitative est vitale. C&#039;est une aide pr\u00e9cieuse que vous souhaitiez cr\u00e9er une entreprise solvable ou mener un nouveau projet. Il en va de m\u00eame pour les \u00e9tudes de march\u00e9 quantitatives.<\/p>\n\n\n\n<p>Do you need to carry out <a href=\"https:\/\/www.sisinternational.com\/fr\/competence\/les-industries\/etude-de-marche-sur-les-pesticides\/\" title=\"\u00c9tude de march\u00e9 sur les pesticides\"  data-wpil-monitor-id=\"3381\">Recherche d&#039;opportunit\u00e9s de march\u00e9<\/a>? Not doing it is like planning a party at your home without inviting anyone. You can also liken it to traveling to a tropical island and packing woolen sweaters. Or buying a house without visiting the area.<\/p>\n\n\n\n<h2 class=\"wp-block-heading\">Facteurs cl\u00e9s de succ\u00e8s<\/h2>\n\n\n\n<p>UX Market Research is a key success factor in the solvent industry. It provides vital insights into your customer\u2019s needs and behaviors. Another key success factor is Strategic Market Research. This type of <a href=\"https:\/\/www.sisinternational.com\/fr\/couverture\/les-ameriques\/etude-de-marche-dans-les-caraibes\/etude-de-marche-grenade\/\" title=\"Etude de march\u00e9 \u00e0 la Grenade\"  data-wpil-monitor-id=\"3388\">research broadly studies the solvent market<\/a> and its sources. It is vital if your company is going through an acquisition process.<\/p>\n\n\n\n<p>Un autre facteur de r\u00e9ussite est l\u2019analyse concurrentielle, qui peut vous aider \u00e0 identifier les opportunit\u00e9s d\u2019innover. Il vous permet de valoriser vos produits et services et de promouvoir votre entreprise. Ainsi, vous \u00e9clipserez les entreprises concurrentes.<\/p>\n\n\n\n<h2 class=\"wp-block-heading\">\u00c0 propos de l\u2019\u00e9tude de march\u00e9 sur les solvants<\/h2>\n\n\n\n<figure class=\"gb-block-image gb-block-image-34eda96d\"><img loading=\"lazy\" decoding=\"async\" width=\"1456\" height=\"816\" class=\"gb-image gb-image-34eda96d\" src=\"https:\/\/www.sisinternational.com\/wp-content\/uploads\/2025\/08\/Solvent-5.jpg\" alt=\"\u00c9tudes de march\u00e9 et strat\u00e9gie internationales SIS\" title=\"Solvent (5)\" srcset=\"https:\/\/www.sisinternational.com\/wp-content\/uploads\/2025\/08\/Solvent-5.jpg 1456w, https:\/\/www.sisinternational.com\/wp-content\/uploads\/2025\/08\/Solvent-5-300x168.jpg 300w, https:\/\/www.sisinternational.com\/wp-content\/uploads\/2025\/08\/Solvent-5-1024x574.jpg 1024w, https:\/\/www.sisinternational.com\/wp-content\/uploads\/2025\/08\/Solvent-5-768x430.jpg 768w, https:\/\/www.sisinternational.com\/wp-content\/uploads\/2025\/08\/Solvent-5-18x10.jpg 18w\" sizes=\"auto, (max-width: 1456px) 100vw, 1456px\"><\/figure>\n\n\n\n<p><\/p>\n\n\n\n<p>Do you want to build new market segments? You will need to understand and attract new customer groups. SIS International delivers <a href=\"https:\/\/www.sisinternational.com\/fr\/competence\/les-industries\/etude-de-marche-sur-les-sushis\/\" title=\"\u00c9tude de march\u00e9 sur les sushis\"  data-wpil-monitor-id=\"3419\">Recherche d&#039;entr\u00e9e sur le march\u00e9<\/a> solutions. We help companies reach beyond their current customer base.<\/p>\n\n\n\n<p>We also conduct <a href=\"https:\/\/www.sisinternational.com\/fr\/competence\/les-industries\/etude-de-marche-sur-lhuile-de-palme\/\" title=\"\u00c9tude de march\u00e9 sur l\u2019huile de palme\"  data-wpil-monitor-id=\"3452\">Recherche sur la taille du march\u00e9<\/a>, which is a crucial step. It enables you to figure out the demand for your product and find the best ways to distribute it. It will increase your brand share of the total market.<\/p>\n\n\n\n<p>Nous organisons des groupes de discussion, des enqu\u00eates et des entretiens pour vous aider \u00e0 \u00e9laborer votre strat\u00e9gie de mise sur le march\u00e9. SIS vous donne les informations dont vous avez besoin pour lancer de nouveaux produits et services. Ces informations att\u00e9nuent les risques inh\u00e9rents au lancement d&#039;un nouveau produit.<\/p>\n\n\n\n<p>Une strat\u00e9gie Go to Market typique comprend un plan de vente et de distribution concret. SIS cr\u00e9era des profils de march\u00e9 cible pour votre entreprise dans le cadre de cette strat\u00e9gie. Nous fournirons \u00e9galement un plan marketing pour assurer le succ\u00e8s de votre entreprise.<\/p>","protected":false},"excerpt":{"rendered":"<p>Les solvants sont vitaux dans l\u2019industrie. Ils diluent, dissolvent et absorbent d&#039;autres compos\u00e9s. Ils le font sans affecter leurs propri\u00e9t\u00e9s chimiques.<\/p>","protected":false},"author":1,"featured_media":63871,"parent":14514,"menu_order":183,"comment_status":"closed","ping_status":"closed","template":"","meta":{"footnotes":""},"class_list":["post-41557","page","type-page","status-publish","has-post-thumbnail"],"_links":{"self":[{"href":"https:\/\/www.sisinternational.com\/fr\/wp-json\/wp\/v2\/pages\/41557","targetHints":{"allow":["GET"]}}],"collection":[{"href":"https:\/\/www.sisinternational.com\/fr\/wp-json\/wp\/v2\/pages"}],"about":[{"href":"https:\/\/www.sisinternational.com\/fr\/wp-json\/wp\/v2\/types\/page"}],"author":[{"embeddable":true,"href":"https:\/\/www.sisinternational.com\/fr\/wp-json\/wp\/v2\/users\/1"}],"replies":[{"embeddable":true,"href":"https:\/\/www.sisinternational.com\/fr\/wp-json\/wp\/v2\/comments?post=41557"}],"version-history":[{"count":8,"href":"https:\/\/www.sisinternational.com\/fr\/wp-json\/wp\/v2\/pages\/41557\/revisions"}],"predecessor-version":[{"id":77665,"href":"https:\/\/www.sisinternational.com\/fr\/wp-json\/wp\/v2\/pages\/41557\/revisions\/77665"}],"up":[{"embeddable":true,"href":"https:\/\/www.sisinternational.com\/fr\/wp-json\/wp\/v2\/pages\/14514"}],"wp:featuredmedia":[{"embeddable":true,"href":"https:\/\/www.sisinternational.com\/fr\/wp-json\/wp\/v2\/media\/63871"}],"wp:attachment":[{"href":"https:\/\/www.sisinternational.com\/fr\/wp-json\/wp\/v2\/media?parent=41557"}],"curies":[{"name":"wp","href":"https:\/\/api.w.org\/{rel}","templated":true}]}}