{"id":41554,"date":"2023-02-13T03:02:57","date_gmt":"2023-02-13T03:02:57","guid":{"rendered":"https:\/\/www.sisinternational.com\/?page_id=41554"},"modified":"2026-01-24T21:21:42","modified_gmt":"2026-01-25T02:21:42","slug":"etude-de-marche-en-semiotique","status":"publish","type":"page","link":"https:\/\/www.sisinternational.com\/fr\/competence\/etude-de-marche-en-semiotique\/","title":{"rendered":"\u00c9tude de march\u00e9 sur la s\u00e9miotique"},"content":{"rendered":"<h1 class=\"wp-block-heading\">\u00c9tude de march\u00e9 sur la s\u00e9miotique<\/h1>\n\n\n\n<figure class=\"gb-block-image gb-block-image-084d1608\"><img loading=\"lazy\" decoding=\"async\" width=\"1456\" height=\"816\" class=\"gb-image gb-image-084d1608\" src=\"https:\/\/www.sisinternational.com\/wp-content\/uploads\/2025\/08\/Consumer-electronics-4.jpg\" alt=\"\u00c9tudes de march\u00e9 et strat\u00e9gie internationales SIS\" title=\"Consumer electronics (4)\" srcset=\"https:\/\/www.sisinternational.com\/wp-content\/uploads\/2025\/08\/Consumer-electronics-4.jpg 1456w, https:\/\/www.sisinternational.com\/wp-content\/uploads\/2025\/08\/Consumer-electronics-4-300x168.jpg 300w, https:\/\/www.sisinternational.com\/wp-content\/uploads\/2025\/08\/Consumer-electronics-4-1024x574.jpg 1024w, https:\/\/www.sisinternational.com\/wp-content\/uploads\/2025\/08\/Consumer-electronics-4-768x430.jpg 768w, https:\/\/www.sisinternational.com\/wp-content\/uploads\/2025\/08\/Consumer-electronics-4-18x10.jpg 18w\" sizes=\"auto, (max-width: 1456px) 100vw, 1456px\"><\/figure>\n\n\n\n<p><\/p>\n\n\n\n<p>La culture joue un r\u00f4le majeur dans la mentalit\u00e9 du consommateur, et les \u00e9tudes de march\u00e9 s\u00e9miotiques peuvent r\u00e9v\u00e9ler les sentiments et les opinions les plus profonds des consommateurs concernant les nouveaux produits. Gr\u00e2ce aux \u00e9tudes de march\u00e9 s\u00e9miotiques, les entreprises peuvent comprendre les attitudes, les perceptions et les motivations des consommateurs en d\u00e9codant les significations sous-jacentes des produits, des marques, des logos, des emballages, de la publicit\u00e9 et d&#039;autres \u00e9l\u00e9ments de communication marketing.<\/p>\n\n\n\n<p>Cela offre aux entreprises une compr\u00e9hension globale du comportement, des pr\u00e9f\u00e9rences, des nuances culturelles et des tendances des consommateurs qui se traduiront par un avantage sur le march\u00e9.<\/p>\n\n\n\n<h2 class=\"wp-block-heading\">Qu\u2019est-ce que l\u2019\u00e9tude de march\u00e9 s\u00e9miotique ?<\/h2>\n\n\n\n<p>La s\u00e9miotique est le domaine qui explore les symboles et les signes de notre culture. Il examine comment les significations sont d\u00e9velopp\u00e9es et transmises \u2013 et en comprenant ces significations, les entreprises peuvent prendre des d\u00e9cisions \u00e9clair\u00e9es concernant la conception des produits, l&#039;image de marque, la publicit\u00e9, le positionnement sur le march\u00e9 et optimiser leurs campagnes marketing pour un impact maximal.<\/p>\n\n\n\n<p>Ainsi, une compr\u00e9hension approfondie de la fa\u00e7on dont les consommateurs pourraient r\u00e9agir aux produits permet aux entreprises de d\u00e9livrer un message beaucoup plus fort qui r\u00e9sonne avec leurs attentes et leur culture. En fin de compte, cela augmente les ventes et l\u2019acceptation globale des nouveaux produits par les consommateurs.<\/p>\n\n\n\n<h2 class=\"wp-block-heading\">Importance des \u00e9tudes de march\u00e9 en s\u00e9miotique<\/h2>\n\n\n\n<p>La s\u00e9miotique est particuli\u00e8rement utile pour le d\u00e9veloppement de la marque, le positionnement de la marque et la gestion de la marque \u00e0 long terme, car elle analyse le contexte et aide les entreprises \u00e0 transmettre des messages significatifs qui trouvent naturellement un \u00e9cho aupr\u00e8s des consommateurs. Pour cette raison, les \u00e9tudes de march\u00e9 s\u00e9miotiques sont tr\u00e8s utiles pour optimiser les campagnes marketing. Cela peut conduire \u00e0 une publicit\u00e9 plus efficace et plus percutante et \u00e0 identifier de nouvelles opportunit\u00e9s d&#039;innovation et de diff\u00e9renciation des produits en comprenant les associations culturelles et \u00e9motionnelles des consommateurs avec les produits.<\/p>\n\n\n\n<p>In addition, semiotics market research enables companies to determine the significance of symbols in diverse segments of the population \u2013&nbsp; especially in foreign markets where cultural differences can affect the sale of a product.<\/p>\n\n\n\n<p>Pour les consultants, les \u00e9tudes de march\u00e9 s\u00e9miotiques offrent une opportunit\u00e9 inestimable d\u2019ajouter de la valeur aux clients et de diff\u00e9rencier leurs services sur le march\u00e9.<\/p>\n\n\n\n<h2 class=\"wp-block-heading\">Pourquoi les entreprises ont-elles actuellement recours aux \u00e9tudes de march\u00e9 s\u00e9miotiques ?<\/h2>\n\n\n\n<figure class=\"gb-block-image gb-block-image-b9e0708d\"><img loading=\"lazy\" decoding=\"async\" width=\"1456\" height=\"816\" class=\"gb-image gb-image-b9e0708d\" src=\"https:\/\/www.sisinternational.com\/wp-content\/uploads\/2025\/08\/Interview-4.jpg\" alt=\"\u00c9tudes de march\u00e9 et strat\u00e9gie internationales SIS\" title=\"Interview (4)\" srcset=\"https:\/\/www.sisinternational.com\/wp-content\/uploads\/2025\/08\/Interview-4.jpg 1456w, https:\/\/www.sisinternational.com\/wp-content\/uploads\/2025\/08\/Interview-4-300x168.jpg 300w, https:\/\/www.sisinternational.com\/wp-content\/uploads\/2025\/08\/Interview-4-1024x574.jpg 1024w, https:\/\/www.sisinternational.com\/wp-content\/uploads\/2025\/08\/Interview-4-768x430.jpg 768w, https:\/\/www.sisinternational.com\/wp-content\/uploads\/2025\/08\/Interview-4-18x10.jpg 18w\" sizes=\"auto, (max-width: 1456px) 100vw, 1456px\"><\/figure>\n\n\n\n<p><\/p>\n\n\n\n<p>Dans le march\u00e9 concurrentiel d&#039;aujourd&#039;hui, la compr\u00e9hension du comportement et des pr\u00e9f\u00e9rences des consommateurs est essentielle au succ\u00e8s d&#039;une entreprise. Une analyse qualitative approfondie peut r\u00e9v\u00e9ler les significations plus profondes et les associations que les consommateurs entretiennent avec les marques et les produits. Ainsi, les \u00e9tudes de march\u00e9 en s\u00e9miotique pourraient \u00eatre utiles dans un large \u00e9ventail de projets d\u2019\u00e9tudes de march\u00e9, notamment\u00a0:<\/p>\n\n\n\n<ul class=\"wp-block-list\">\n<li><a href=\"https:\/\/www.sisinternational.com\/fr\/competence\/cv-dexperience\/recherche-de-marque\/\" title=\"Soci\u00e9t\u00e9 de recherche de marque\"  data-wpil-monitor-id=\"10123\">Branding and packaging research:<\/a> This research enables businesses to understand the impact of branding, logos, and packaging design on consumer behavior and preferences. By decoding the symbolic meanings of packaging elements, organizations can identify the strengths and weaknesses of their products and make informed decisions based on the cultural preferences of the local market. It also delivers valuable insights such as the target market&#8217;s favorite colors or the exact words to appeal to more potential customers.<\/li>\n\n\n\n<li>Recherche publicitaire\u00a0: elle peut aider les entreprises \u00e0 comprendre comment les consommateurs r\u00e9agissent aux diff\u00e9rents types de messages publicitaires. En interpr\u00e9tant la signification symbolique des \u00e9l\u00e9ments publicitaires tels que les images et la typographie, les entreprises optimisent leurs campagnes publicitaires pour un impact maximal.<\/li>\n\n\n\n<li><a class=\"wpil_keyword_link\" href=\"https:\/\/www.sisinternational.com\/fr\/competence\/les-industries\/recherche-de-produits\/\"   title=\"Recherche de produits\" data-wpil-keyword-link=\"linked\"  data-wpil-monitor-id=\"722\">Recherche de produits<\/a>: Semiotics can help businesses understand consumers&#8217; cultural and emotional associations with their products. It helps decision-makers identify new opportunities for product innovation and <a href=\"https:\/\/www.sisinternational.com\/fr\/solutions\/solutions-de-branding-et-de-recherche-client\/etude-de-marche-sur-la-differenciation-des-marques\/\" title=\"\u00c9tude de march\u00e9 sur la diff\u00e9renciation des marques\"  data-wpil-monitor-id=\"10126\">differentiation in highly competitive markets<\/a>.<\/li>\n\n\n\n<li><a href=\"https:\/\/www.sisinternational.com\/fr\/competence\/les-industries\/etude-de-marche-sur-les-pesticides\/\" title=\"\u00c9tude de march\u00e9 sur les pesticides\"  data-wpil-monitor-id=\"3384\">Market positioning research<\/a>: It also helps organizations understand how their products and brands are positioned relative to their competitors in the minds of consumers because semiotics experts can decipher the perception of brands \u2013 and easily compare them to determine their strengths and weaknesses.<\/li>\n<\/ul>\n\n\n\n<h2 class=\"wp-block-heading\">Avantages des \u00e9tudes de march\u00e9 en s\u00e9miotique<\/h2>\n\n\n\n<ul class=\"wp-block-list\">\n<li>Les \u00e9tudes de march\u00e9 s\u00e9miotiques peuvent r\u00e9v\u00e9ler des informations utiles sur les attitudes, les pens\u00e9es et les comportements des consommateurs qui peuvent aider les entreprises \u00e0 innover ou \u00e0 am\u00e9liorer leurs produits sur le march\u00e9. Ces donn\u00e9es peuvent servir de base \u00e0 la conception et au d\u00e9veloppement de produits, aux strat\u00e9gies de marque et de publicit\u00e9, ainsi qu&#039;aux futurs efforts et analyses de recrutement de consommateurs.<\/li>\n\n\n\n<li>Cette recherche contribue au d\u00e9veloppement de nouveaux produits qui trouvent un \u00e9cho aupr\u00e8s des consommateurs cibles. Cela peut augmenter les chances de succ\u00e8s d\u2019un produit et aider les entreprises \u00e0 garder une longueur d\u2019avance sur la concurrence.<\/li>\n\n\n\n<li>Semiotics market research findings can be employed to segment markets based on cultural and symbolic characteristics, enabling organizations to target specific groups of consumers with greater effectiveness. It can increase the impact of <a href=\"https:\/\/www.sisinternational.com\/fr\/campagne-de-marketing-multicanal\/\" title=\"Optimiser les strat\u00e9gies de marketing multicanal pour une meilleure p\u00e9n\u00e9tration du march\u00e9\"  data-wpil-monitor-id=\"10129\">marketing and advertising outreach efforts and enhance<\/a> the ROI.<\/li>\n<\/ul>\n\n\n\n<h2 class=\"wp-block-heading\">Limites des \u00e9tudes de march\u00e9 en s\u00e9miotique<\/h2>\n\n\n\n<ul class=\"wp-block-list\">\n<li>L\u2019analyse s\u00e9miotique est complexe et n\u00e9cessite des connaissances et une exp\u00e9rience approfondies. C\u2019est pourquoi l\u2019aide de s\u00e9mioticiens exp\u00e9riment\u00e9s est souvent sollicit\u00e9e pour mener des recherches de cette nature.<\/li>\n\n\n\n<li>Analyser la signification culturelle et symbolique des produits, des services et des marques peut repr\u00e9senter une t\u00e2che difficile. Cela peut n\u00e9cessiter une compr\u00e9hension approfondie des th\u00e9ories et des m\u00e9thodes s\u00e9miotiques et une interpr\u00e9tation pr\u00e9cise des informations culturelles.<\/li>\n\n\n\n<li>\u00c9tant donn\u00e9 que la recherche dans ce domaine repose souvent sur une interpr\u00e9tation personnelle des symboles et des significations culturels, il existe un risque de biais culturels affectant les r\u00e9sultats, pouvant aboutir \u00e0 des r\u00e9sultats inexacts ou peu fiables.<\/li>\n\n\n\n<li>Despite the rising demand for semiotics research, there is limited access to data and information that can accurately provide insight into the cultural and symbolic significance of products, services, and brands. This scarcity of data can make it challenging for <a href=\"https:\/\/www.sisinternational.com\/fr\/competence\/cv-dexperience\/cv-dexperience-dans-lindustrie-automobile\/\" title=\"Soci\u00e9t\u00e9 d\u2019\u00e9tudes de march\u00e9 pour l\u2019industrie automobile\"  data-wpil-monitor-id=\"10131\">companies to successfully conduct semiotics research<\/a> and to make informed decisions in response to the result.<\/li>\n<\/ul>\n\n\n\n<h2 class=\"wp-block-heading\">Tendances des \u00e9tudes de march\u00e9 en s\u00e9miotique<\/h2>\n\n\n\n<figure class=\"gb-block-image gb-block-image-c2006b51\"><img loading=\"lazy\" decoding=\"async\" width=\"1456\" height=\"816\" class=\"gb-image gb-image-c2006b51\" src=\"https:\/\/www.sisinternational.com\/wp-content\/uploads\/2025\/08\/Consumer-electronics-1.jpg\" alt=\"\u00c9tudes de march\u00e9 et strat\u00e9gie internationales SIS\" title=\"Consumer electronics (1)\" srcset=\"https:\/\/www.sisinternational.com\/wp-content\/uploads\/2025\/08\/Consumer-electronics-1.jpg 1456w, https:\/\/www.sisinternational.com\/wp-content\/uploads\/2025\/08\/Consumer-electronics-1-300x168.jpg 300w, https:\/\/www.sisinternational.com\/wp-content\/uploads\/2025\/08\/Consumer-electronics-1-1024x574.jpg 1024w, https:\/\/www.sisinternational.com\/wp-content\/uploads\/2025\/08\/Consumer-electronics-1-768x430.jpg 768w, https:\/\/www.sisinternational.com\/wp-content\/uploads\/2025\/08\/Consumer-electronics-1-18x10.jpg 18w\" sizes=\"auto, (max-width: 1456px) 100vw, 1456px\"><\/figure>\n\n\n\n<ul class=\"wp-block-list\">\n<li>With advancements in technology, there is an increased use of <a href=\"https:\/\/www.sisinternational.com\/fr\/sis-lance-de-nouvelles-solutions-de-recherche-numerique\/\" title=\"SIS lance de nouvelles solutions de recherche num\u00e9rique\"  data-wpil-monitor-id=\"10132\">digital semiotics research<\/a> tools such as image recognition software, machine learning algorithms, and sentiment analysis tools. These tools allow for the rapid analysis of large volumes of data and provide more accurate and reliable results.<\/li>\n\n\n\n<li>There is a growing interest in neuro-semiotics, which combines semiotics with neuropsychology to study the brain processes involved in perception, cognition, and emotion. This trend is helping businesses to understand how <a href=\"https:\/\/www.sisinternational.com\/fr\/publications\/comportement-de-lacheteur-apres-le-nouveau-consommateur-du-coronavirus\/\" title=\"Comportement des acheteurs apr\u00e8s le coronavirus \u2013 \u00c9tude de march\u00e9 de consommation\"  data-wpil-monitor-id=\"10134\">consumers respond to different types of marketing<\/a> messages and make more effective advertising decisions.<\/li>\n\n\n\n<li>Les \u00e9tudes de march\u00e9 en s\u00e9miotique sont de plus en plus int\u00e9gr\u00e9es \u00e0 d\u2019autres m\u00e9thodes de recherche, telles que l\u2019ethnographie, la recherche qualitative et les observations comportementales. Cette int\u00e9gration fournit une compr\u00e9hension plus compl\u00e8te du comportement et des pr\u00e9f\u00e9rences des consommateurs.<\/li>\n\n\n\n<li>It is also becoming more widely used in emerging markets, where consumer behavior is rapidly evolving. By understanding the symbolic meanings and cultural <a href=\"https:\/\/www.sisinternational.com\/fr\/solutions\/solutions-de-branding-et-de-recherche-client\/etude-de-marche-des-influenceurs\/\" title=\"\u00c9tude de march\u00e9 sur les influenceurs\"  data-wpil-monitor-id=\"10133\">influences in these markets<\/a>, businesses can make informed decisions about product design, branding, and advertising.<\/li>\n\n\n\n<li>Un autre objectif des \u00e9tudes de march\u00e9 en s\u00e9miotique est la durabilit\u00e9, en mettant l\u2019accent sur la compr\u00e9hension des attitudes et des comportements des consommateurs \u00e0 l\u2019\u00e9gard des produits et des emballages respectueux de l\u2019environnement.<\/li>\n<\/ul>\n\n\n\n<p><a href=\"https:\/\/www.sisinternational.com\/fr\/sis-devoile-une-plateforme-de-science-des-donnees-et-danalyse-quantitative\/\" title=\"SIS d\u00e9voile sa plateforme de science des donn\u00e9es et d&#039;analyse quantitative\"  data-wpil-monitor-id=\"10119\">SIS International offers Quantitative<\/a>, Qualitative, and Strategy Research. We provide data, tools, strategies, reports and insights for decision-making. We conduct interviews, surveys, focus groups and many other Market Research methods and approaches. Contact us for your next Market Research project.<\/p>","protected":false},"excerpt":{"rendered":"<p>Les \u00e9tudes de march\u00e9 sur la s\u00e9miotique r\u00e9v\u00e8lent des informations utiles sur les attitudes, les pens\u00e9es et les comportements des consommateurs pour aider les entreprises \u00e0 innover dans leurs produits.<\/p>","protected":false},"author":1,"featured_media":64247,"parent":14514,"menu_order":182,"comment_status":"closed","ping_status":"closed","template":"","meta":{"footnotes":""},"class_list":["post-41554","page","type-page","status-publish","has-post-thumbnail"],"_links":{"self":[{"href":"https:\/\/www.sisinternational.com\/fr\/wp-json\/wp\/v2\/pages\/41554","targetHints":{"allow":["GET"]}}],"collection":[{"href":"https:\/\/www.sisinternational.com\/fr\/wp-json\/wp\/v2\/pages"}],"about":[{"href":"https:\/\/www.sisinternational.com\/fr\/wp-json\/wp\/v2\/types\/page"}],"author":[{"embeddable":true,"href":"https:\/\/www.sisinternational.com\/fr\/wp-json\/wp\/v2\/users\/1"}],"replies":[{"embeddable":true,"href":"https:\/\/www.sisinternational.com\/fr\/wp-json\/wp\/v2\/comments?post=41554"}],"version-history":[{"count":6,"href":"https:\/\/www.sisinternational.com\/fr\/wp-json\/wp\/v2\/pages\/41554\/revisions"}],"predecessor-version":[{"id":81673,"href":"https:\/\/www.sisinternational.com\/fr\/wp-json\/wp\/v2\/pages\/41554\/revisions\/81673"}],"up":[{"embeddable":true,"href":"https:\/\/www.sisinternational.com\/fr\/wp-json\/wp\/v2\/pages\/14514"}],"wp:featuredmedia":[{"embeddable":true,"href":"https:\/\/www.sisinternational.com\/fr\/wp-json\/wp\/v2\/media\/64247"}],"wp:attachment":[{"href":"https:\/\/www.sisinternational.com\/fr\/wp-json\/wp\/v2\/media?parent=41554"}],"curies":[{"name":"wp","href":"https:\/\/api.w.org\/{rel}","templated":true}]}}