{"id":41550,"date":"2023-02-13T02:46:29","date_gmt":"2023-02-13T02:46:29","guid":{"rendered":"https:\/\/www.sisinternational.com\/?page_id=41550"},"modified":"2026-01-24T21:23:34","modified_gmt":"2026-01-25T02:23:34","slug":"etude-de-marche-sur-la-resine","status":"publish","type":"page","link":"https:\/\/www.sisinternational.com\/fr\/competence\/etude-de-marche-sur-la-resine\/","title":{"rendered":"\u00c9tude de march\u00e9 sur la r\u00e9sine"},"content":{"rendered":"<h1 class=\"wp-block-heading\">\u00c9tude de march\u00e9 sur la r\u00e9sine<\/h1>\n\n\n\n<figure class=\"gb-block-image gb-block-image-e1b69a33\"><img loading=\"lazy\" decoding=\"async\" width=\"1456\" height=\"816\" class=\"gb-image gb-image-e1b69a33\" src=\"https:\/\/www.sisinternational.com\/wp-content\/uploads\/2025\/10\/Resin-4.jpg\" alt=\"\u00c9tudes de march\u00e9 et strat\u00e9gie internationales SIS\" title=\"Resin (4)\" srcset=\"https:\/\/www.sisinternational.com\/wp-content\/uploads\/2025\/10\/Resin-4.jpg 1456w, https:\/\/www.sisinternational.com\/wp-content\/uploads\/2025\/10\/Resin-4-300x168.jpg 300w, https:\/\/www.sisinternational.com\/wp-content\/uploads\/2025\/10\/Resin-4-1024x574.jpg 1024w, https:\/\/www.sisinternational.com\/wp-content\/uploads\/2025\/10\/Resin-4-768x430.jpg 768w, https:\/\/www.sisinternational.com\/wp-content\/uploads\/2025\/10\/Resin-4-18x10.jpg 18w\" sizes=\"auto, (max-width: 1456px) 100vw, 1456px\"><\/figure>\n\n\n\n<div><\/div>\n\n\n\n<h2 class=\"wp-block-heading\">Qu\u2019est-ce que la r\u00e9sine ?<\/h2>\n\n\n\n<p>De nombreux artistes en herbe tentent de comprendre ce qu\u2019est la r\u00e9sine et comment l\u2019utiliser. La r\u00e9sine est devenue ces derniers temps un incontournable pour les artisans. Il s&#039;agit d&#039;un thermoplastique robuste et polyvalent. Les scientifiques l&#039;ont invent\u00e9 dans les ann\u00e9es 1930. \u00c0 l\u2019\u00e9poque, on testait des r\u00e9sines naturelles comme celles que l\u2019on retrouve dans les \u00e9corces des arbres. Ils ont \u00e9galement test\u00e9 des variantes synth\u00e9tiques.<\/p>\n\n\n\n<h3 class=\"wp-block-heading\">Un type de r\u00e9sine, l\u2019\u00e9poxy, est devenu un nom bien connu dans les ann\u00e9es 1940. L&#039;\u00e9poxy a de nombreuses utilisations, par exemple :<\/h3>\n\n\n\n<ul class=\"wp-block-list\">\n<li>Adh\u00e9sifs, y compris colle \u00e0 usage g\u00e9n\u00e9ral<\/li>\n\n\n\n<li>Proth\u00e8ses dentaires<\/li>\n\n\n\n<li>Mat\u00e9riau de recouvrement<\/li>\n\n\n\n<li>Projets de bricolage<\/li>\n\n\n\n<li>l&#039;artisanat<\/li>\n\n\n\n<li>Rendre les zones sableuses plus solides \u00e0 des fins de forage<\/li>\n\n\n\n<li>M\u00e9thodes d&#039;int\u00e9gration ou d&#039;empotage<\/li>\n\n\n\n<li>Liant pour ciment et mortier<\/li>\n\n\n\n<li>Rev\u00eatements antid\u00e9rapants<\/li>\n<\/ul>\n\n\n\n<p>Lorsqu&#039;il est combin\u00e9 avec un durcisseur, une r\u00e9action chimique a lieu. Il lie les mol\u00e9cules de la r\u00e9sine pour former une substance plastique durable. Vous pouvez ensuite le modeler sous diff\u00e9rentes formes et l&#039;utiliser dans des projets de bricolage ou d&#039;artisanat. Il a \u00e9galement des usages industriels et commerciaux.<\/p>\n\n\n\n<h2 class=\"wp-block-heading\">Pourquoi la r\u00e9sine est-elle importante ?<\/h2>\n\n\n\n<figure class=\"gb-block-image gb-block-image-601c005a\"><img loading=\"lazy\" decoding=\"async\" width=\"1456\" height=\"816\" class=\"gb-image gb-image-601c005a\" src=\"https:\/\/www.sisinternational.com\/wp-content\/uploads\/2025\/10\/Resin-1.jpg\" alt=\"\u00c9tudes de march\u00e9 et strat\u00e9gie internationales SIS\" title=\"Resin (1)\" srcset=\"https:\/\/www.sisinternational.com\/wp-content\/uploads\/2025\/10\/Resin-1.jpg 1456w, https:\/\/www.sisinternational.com\/wp-content\/uploads\/2025\/10\/Resin-1-300x168.jpg 300w, https:\/\/www.sisinternational.com\/wp-content\/uploads\/2025\/10\/Resin-1-1024x574.jpg 1024w, https:\/\/www.sisinternational.com\/wp-content\/uploads\/2025\/10\/Resin-1-768x430.jpg 768w, https:\/\/www.sisinternational.com\/wp-content\/uploads\/2025\/10\/Resin-1-18x10.jpg 18w\" sizes=\"auto, (max-width: 1456px) 100vw, 1456px\"><\/figure>\n\n\n\n<p><\/p>\n\n\n\n<p>La r\u00e9sine a de nombreuses utilisations. Il est utilis\u00e9 pour fabriquer des plastiques et d\u2019autres mat\u00e9riaux. Son utilisation la plus courante est la fabrication de vernis et de rev\u00eatements. Il est \u00e9galement utilis\u00e9 pour la fabrication de meubles et pour colmater les fissures. Lorsqu&#039;il est utilis\u00e9 comme colle, il cr\u00e9e un lien fort entre les surfaces.<\/p>\n\n\n\n<p>Les r\u00e9sines \u00e9poxy sont utilis\u00e9es dans le b\u00e2timent et la construction. Ils peuvent contribuer \u00e0 augmenter la dur\u00e9e de vie des b\u00e2timents. De plus, ils rendent les pi\u00e8ces structurelles, les peintures et les adh\u00e9sifs plus durables. Une autre utilisation des r\u00e9sines \u00e9poxy est celle de couche protectrice dans les aliments en conserve. Cette couche s\u00e9pare les aliments et les boissons du m\u00e9tal utilis\u00e9 pour fabriquer leurs canettes. Ces rev\u00eatements minimisent la corrosion du m\u00e9tal, ce qui peut compromettre la s\u00e9curit\u00e9 des aliments ou des boissons.<\/p>\n\n\n\n<p>Les r\u00e9sines naturelles jouent un r\u00f4le essentiel dans les arbres. Ils scellent les plaies utilis\u00e9es comme passages par les agents de maladies fongiques et les insectes envahisseurs.<\/p>\n\n\n\n<h2 class=\"wp-block-heading\">Titres de poste cl\u00e9s<\/h2>\n\n\n\n<ol class=\"wp-block-list\">\n<li>L&#039;agent de production de r\u00e9sine supervise l&#039;atelier pendant que les travailleurs produisent de la r\u00e9sine. Ils s\u2019assurent qu\u2019il r\u00e9pond aux normes de qualit\u00e9.<\/li>\n\n\n\n<li>L&#039;ing\u00e9nieur de conception con\u00e7oit et teste les produits.<\/li>\n\n\n\n<li>Le directeur des ventes \u00e9labore des plans de vente et de marketing. Ils sont responsables de la vente des r\u00e9sines sur les march\u00e9s locaux et \u00e9trangers.<\/li>\n<\/ol>\n\n\n\n<h2 class=\"wp-block-heading\">Pourquoi les entreprises ont besoin d\u2019une \u00e9tude de march\u00e9 sur la r\u00e9sine<\/h2>\n\n\n\n<p><a href=\"https:\/\/www.sisinternational.com\/fr\/top-5-benefits-of-conducting-quantitative-market-research\/\" title=\"Top 5 Benefits of Conducting Quantitative Market Research\"  data-wpil-monitor-id=\"10316\">\u00c9tude de march\u00e9 quantitative<\/a> is an effective tool to assist your business planning. So is <a href=\"https:\/\/www.sisinternational.com\/fr\/quantitative-market-research-methods-and-techniques\/\" title=\"Quantitative Market Research Methods and Techniques\"  data-wpil-monitor-id=\"10319\">\u00c9tude de march\u00e9 quantitative<\/a>. It provides insights into buying patterns, location, and customers\u2019 thinking. <a href=\"https:\/\/www.sisinternational.com\/fr\/competence\/etude-de-marche-sur-le-suivi-de-la-marque\/\" title=\"\u00c9tude de march\u00e9 sur le suivi de la marque\"  data-wpil-monitor-id=\"10320\">\u00c9tude de march\u00e9<\/a> can also help you to track trends and keep an eye on what your rivals are doing.UX Market Research is even more complex. It focuses on the interplay between consumers and products. It\u2019s different from ordinary Market Research, which deals with selling products to consumers. <a href=\"https:\/\/www.sisinternational.com\/fr\/comment-effectuer-une-analyse-concurrentielle\/\" title=\"Analyse concurrentielle en marketing\"  data-wpil-monitor-id=\"10321\">Analyse comp\u00e9titive<\/a> is another great tool for marketing resin. It prompts you to enhance your products or services. Moreover, you can promote your business, innovate, and outshine your competition.<\/p>\n\n\n\n<h2 class=\"wp-block-heading\">Facteurs cl\u00e9s de succ\u00e8s<\/h2>\n\n\n\n<figure class=\"gb-block-image gb-block-image-746b4b02\"><img loading=\"lazy\" decoding=\"async\" width=\"1456\" height=\"816\" class=\"gb-image gb-image-746b4b02\" src=\"https:\/\/www.sisinternational.com\/wp-content\/uploads\/2025\/10\/Resin-2.jpg\" alt=\"\u00c9tudes de march\u00e9 et strat\u00e9gie internationales SIS\" title=\"Resin (2)\" srcset=\"https:\/\/www.sisinternational.com\/wp-content\/uploads\/2025\/10\/Resin-2.jpg 1456w, https:\/\/www.sisinternational.com\/wp-content\/uploads\/2025\/10\/Resin-2-300x168.jpg 300w, https:\/\/www.sisinternational.com\/wp-content\/uploads\/2025\/10\/Resin-2-1024x574.jpg 1024w, https:\/\/www.sisinternational.com\/wp-content\/uploads\/2025\/10\/Resin-2-768x430.jpg 768w, https:\/\/www.sisinternational.com\/wp-content\/uploads\/2025\/10\/Resin-2-18x10.jpg 18w\" sizes=\"auto, (max-width: 1456px) 100vw, 1456px\"><\/figure>\n\n\n\n<p><\/p>\n\n\n\n<p>Scale economies are a <a href=\"https:\/\/www.sisinternational.com\/fr\/facteurs-cles-de-succes-dans-les-etudes-de-marche-automobile\/\" title=\"Facteurs cl\u00e9s de succ\u00e8s dans les \u00e9tudes de march\u00e9 automobile\"  data-wpil-monitor-id=\"10318\">key success factor<\/a> for companies in the resin market. So are product innovation, a strong sales force, and efficient customer service. Yet there are strict rules on using certain types of wet-strength resins. For example, those containing formaldehyde are closely monitored. These rules can hinder the market. The high cost of raw materials can be a further obstacle. Still, the demand for eco-friendly products is growing. Why? Because buyers have become more conscious of the need to protect the environment. Experts expect this demand to drive the market for wet-strength resins.<\/p>\n\n\n\n<h2 class=\"wp-block-heading\">\u00c0 propos de l\u2019\u00e9tude de march\u00e9 sur la r\u00e9sine<\/h2>\n\n\n\n<p>Consumers see a product that seems perfect for them and rejoice over their luck. But this sequence of events likely didn\u2019t come down to luck. Companies make these scenarios possible through strategic <a href=\"https:\/\/www.sisinternational.com\/fr\/competence\/cv-dexperience\/cv-dexperience-dans-les-industries-chimiques-et-energetiques\/\" title=\"Soci\u00e9t\u00e9 d\u2019\u00e9tudes de march\u00e9 sur la chimie et l\u2019\u00e9nergie\"  data-wpil-monitor-id=\"10322\">\u00c9tude de march\u00e9<\/a>. It equips them with data about their target markets. Thus, they can develop products and create marketing campaigns that appeal to consumers.<\/p>\n\n\n\n<p><a href=\"https:\/\/www.sisinternational.com\/fr\/competence\/les-industries\/etude-de-marche-sur-les-pesticides\/\" title=\"\u00c9tude de march\u00e9 sur les pesticides\"  data-wpil-monitor-id=\"3385\">Recherche d&#039;entr\u00e9e sur le march\u00e9<\/a> is the insight needed to enter a new market. <a href=\"https:\/\/www.sisinternational.com\/fr\/contacter-sis-etude-de-marche-internationale\/\" title=\"Contactez-nous\"  data-wpil-monitor-id=\"10315\">Recherche internationale SIS<\/a> provides this insight. We also offer <a href=\"https:\/\/www.sisinternational.com\/fr\/couverture\/les-ameriques\/etude-de-marche-dans-les-caraibes\/etude-de-marche-grenade\/\" title=\"Etude de march\u00e9 \u00e0 la Grenade\"  data-wpil-monitor-id=\"3392\">Recherche d&#039;opportunit\u00e9s de march\u00e9<\/a> and Market Sizing Research. Another of our services is Go-to-Market Strategy. For this strategy, we organize Focus Groups, Surveys, and Interviews. Contact us now for a consultation to see how our research <a href=\"https:\/\/www.sisinternational.com\/fr\/etude-de-marche-sur-la-fabrication-intelligente\/\" title=\"\u00c9tude de march\u00e9 sur la fabrication intelligente\"  data-wpil-monitor-id=\"10317\">solutions<\/a> can help your business increase its market share.<\/p>\n\n\n\n<p><\/p>","protected":false},"excerpt":{"rendered":"<p>La r\u00e9sine a de nombreuses utilisations. Il est utilis\u00e9 pour fabriquer des plastiques et d\u2019autres mat\u00e9riaux. Son utilisation la plus courante est la fabrication de vernis et de rev\u00eatements.<\/p>","protected":false},"author":1,"featured_media":71831,"parent":14514,"menu_order":181,"comment_status":"closed","ping_status":"closed","template":"","meta":{"footnotes":""},"class_list":["post-41550","page","type-page","status-publish","has-post-thumbnail"],"_links":{"self":[{"href":"https:\/\/www.sisinternational.com\/fr\/wp-json\/wp\/v2\/pages\/41550","targetHints":{"allow":["GET"]}}],"collection":[{"href":"https:\/\/www.sisinternational.com\/fr\/wp-json\/wp\/v2\/pages"}],"about":[{"href":"https:\/\/www.sisinternational.com\/fr\/wp-json\/wp\/v2\/types\/page"}],"author":[{"embeddable":true,"href":"https:\/\/www.sisinternational.com\/fr\/wp-json\/wp\/v2\/users\/1"}],"replies":[{"embeddable":true,"href":"https:\/\/www.sisinternational.com\/fr\/wp-json\/wp\/v2\/comments?post=41550"}],"version-history":[{"count":7,"href":"https:\/\/www.sisinternational.com\/fr\/wp-json\/wp\/v2\/pages\/41550\/revisions"}],"predecessor-version":[{"id":81702,"href":"https:\/\/www.sisinternational.com\/fr\/wp-json\/wp\/v2\/pages\/41550\/revisions\/81702"}],"up":[{"embeddable":true,"href":"https:\/\/www.sisinternational.com\/fr\/wp-json\/wp\/v2\/pages\/14514"}],"wp:featuredmedia":[{"embeddable":true,"href":"https:\/\/www.sisinternational.com\/fr\/wp-json\/wp\/v2\/media\/71831"}],"wp:attachment":[{"href":"https:\/\/www.sisinternational.com\/fr\/wp-json\/wp\/v2\/media?parent=41550"}],"curies":[{"name":"wp","href":"https:\/\/api.w.org\/{rel}","templated":true}]}}