{"id":41545,"date":"2023-02-13T02:33:46","date_gmt":"2023-02-13T02:33:46","guid":{"rendered":"https:\/\/www.sisinternational.com\/?page_id=41545"},"modified":"2025-10-20T01:12:35","modified_gmt":"2025-10-20T05:12:35","slug":"etude-de-marche-du-propane","status":"publish","type":"page","link":"https:\/\/www.sisinternational.com\/fr\/competence\/etude-de-marche-du-propane\/","title":{"rendered":"\u00c9tude de march\u00e9 sur le propane"},"content":{"rendered":"<h1 class=\"wp-block-heading\">\u00c9tude de march\u00e9 sur le propane<\/h1>\n\n\n\n<figure class=\"gb-block-image gb-block-image-00eaaa8c\"><img loading=\"lazy\" decoding=\"async\" width=\"1456\" height=\"816\" class=\"gb-image gb-image-00eaaa8c\" src=\"https:\/\/www.sisinternational.com\/wp-content\/uploads\/2025\/08\/Butane-2.jpg\" alt=\"\u00c9tudes de march\u00e9 et strat\u00e9gie internationales SIS\" title=\"Butane (2)\" srcset=\"https:\/\/www.sisinternational.com\/wp-content\/uploads\/2025\/08\/Butane-2.jpg 1456w, https:\/\/www.sisinternational.com\/wp-content\/uploads\/2025\/08\/Butane-2-300x168.jpg 300w, https:\/\/www.sisinternational.com\/wp-content\/uploads\/2025\/08\/Butane-2-1024x574.jpg 1024w, https:\/\/www.sisinternational.com\/wp-content\/uploads\/2025\/08\/Butane-2-768x430.jpg 768w, https:\/\/www.sisinternational.com\/wp-content\/uploads\/2025\/08\/Butane-2-18x10.jpg 18w\" sizes=\"auto, (max-width: 1456px) 100vw, 1456px\"><\/figure>\n\n\n\n<p><\/p>\n\n\n\n<p>Propane Market Research explore l\u2019industrie du propane, ses tendances du march\u00e9 et son impact sur divers secteurs des entreprises et de l\u2019\u00e9conomie. En plus d&#039;analyser les donn\u00e9es et les strat\u00e9gies de l&#039;industrie du propane, les \u00e9tudes de march\u00e9 fournissent un aper\u00e7u de la dynamique du march\u00e9 qui couvre des facteurs essentiels tels que les indicateurs de prix et de demande.<\/p>\n\n\n\n<h2 class=\"wp-block-heading\">Qu\u2019est-ce que le propane\u00a0?<\/h2>\n\n\n\n<p>Le propane, class\u00e9 comme GPL (gaz de p\u00e9trole liqu\u00e9fi\u00e9), est un gaz qui peut \u00eatre transform\u00e9 sous forme liqu\u00e9fi\u00e9e. \u00c0 pression et temp\u00e9rature standard, le propane est sous forme gazeuse mais peut \u00eatre comprim\u00e9 et converti \u00e0 l\u2019\u00e9tat liqu\u00e9fi\u00e9. G\u00e9n\u00e9ralement utilis\u00e9 comme source de carburant, le propane est un coproduit du raffinage du p\u00e9trole brut et du traitement du gaz naturel.<\/p>\n\n\n\n<h3 class=\"wp-block-heading\">Faits suppl\u00e9mentaires sur le propane<\/h3>\n\n\n\n<ul class=\"wp-block-list\">\n<li>En tant qu&#039;hydrocarbure, la structure mol\u00e9culaire du propane est compos\u00e9e de 3 atomes de carbone et de huit atomes d&#039;hydrog\u00e8ne.<\/li>\n\n\n\n<li>Le propane, \u00e0 l\u2019\u00e9tat naturel, est incolore et inodore. Cependant, elle ressemble \u00e0 de l\u2019eau sous forme liquide et bout \u00e0 -42\u00b0C, la transformant en vapeur de gaz.<\/li>\n\n\n\n<li>Le propane est du GPL, mais tout le GPL n\u2019est pas du propane. D&#039;autres exemples de GPL sont le butyl\u00e8ne, le propyl\u00e8ne, l&#039;isobutane et le butane.<\/li>\n\n\n\n<li>On peut comprimer le gaz propane en un liquide \u00e0 une pression relativement basse.<\/li>\n\n\n\n<li>Le propane est principalement stock\u00e9 sous forme liquide. Les conteneurs de stockage comprennent des r\u00e9cipients en acier, des bouteilles de gaz ou peuvent \u00eatre des bouteilles de gaz et des r\u00e9servoirs de stockage plus grands.<\/li>\n\n\n\n<li>La taille et le volume des r\u00e9servoirs de stockage de propane d\u00e9pendent principalement de leur application.<\/li>\n\n\n\n<li>Les explosions de r\u00e9servoirs de propane se produisent rarement, mais lorsqu&#039;elles se produisent, c&#039;est parce qu&#039;elles se produisent dans de bonnes circonstances, c&#039;est-\u00e0-dire qu&#039;elles se situent dans les limites d&#039;inflammabilit\u00e9.<\/li>\n<\/ul>\n\n\n\n<h2 class=\"wp-block-heading\">Comprendre les utilisations du propane pour les \u00e9tudes de march\u00e9 sur le propane<\/h2>\n\n\n\n<p><a href=\"https:\/\/www.sisinternational.com\/fr\/etude-de-cas-sis-sur-les-informations-en-magasin-dans-le-monde-entier\/\" title=\"Informations sur les acheteurs en magasin \u2014 \u00c9tude de cas d&#039;\u00e9tude de march\u00e9\"  data-wpil-monitor-id=\"8990\">Market Research provides insights<\/a> into the propane industry, and understanding the use of propane will add value to the information gathered.<\/p>\n\n\n\n<h3 class=\"wp-block-heading\">Utilisations courantes du propane\u00a0:<\/h3>\n\n\n\n<ul class=\"wp-block-list\">\n<li>Le propane a des centaines d\u2019utilisations dans les activit\u00e9s quotidiennes, comme la cuisine, les foyers, le chauffage ext\u00e9rieur des piscines et des terrasses et les g\u00e9n\u00e9ratrices de secours.<\/li>\n\n\n\n<li>Le propane est utilis\u00e9 dans les syst\u00e8mes de chauffage domestique au moyen de radiateurs \u00e0 gaz fluide ou de radiateurs \u00e0 gaz portables.<\/li>\n\n\n\n<li>Il est \u00e9galement utilis\u00e9 pour alimenter des appareils tels que des s\u00e8che-linge, des chauffe-eau, des cuisini\u00e8res \u00e0 gaz, des r\u00e9frig\u00e9rateurs et des cong\u00e9lateurs.<\/li>\n\n\n\n<li>Le propane est \u00e9galement la source de carburant pour certains v\u00e9hicules comme les autobus et les transports priv\u00e9s et publics. De plus, il est utilis\u00e9 dans les v\u00e9hicules r\u00e9cr\u00e9atifs, les montgolfi\u00e8res, les bateaux et les caravanes.<\/li>\n<\/ul>\n\n\n\n<h3 class=\"wp-block-heading\">Application industrielle et commerciale du propane\u00a0:<\/h3>\n\n\n\n<figure class=\"gb-block-image gb-block-image-eeb5df19\"><img loading=\"lazy\" decoding=\"async\" width=\"1456\" height=\"816\" class=\"gb-image gb-image-eeb5df19\" src=\"https:\/\/www.sisinternational.com\/wp-content\/uploads\/2025\/08\/Butane-1.jpg\" alt=\"\u00c9tudes de march\u00e9 et strat\u00e9gie internationales SIS\" title=\"Butane (1)\" srcset=\"https:\/\/www.sisinternational.com\/wp-content\/uploads\/2025\/08\/Butane-1.jpg 1456w, https:\/\/www.sisinternational.com\/wp-content\/uploads\/2025\/08\/Butane-1-300x168.jpg 300w, https:\/\/www.sisinternational.com\/wp-content\/uploads\/2025\/08\/Butane-1-1024x574.jpg 1024w, https:\/\/www.sisinternational.com\/wp-content\/uploads\/2025\/08\/Butane-1-768x430.jpg 768w, https:\/\/www.sisinternational.com\/wp-content\/uploads\/2025\/08\/Butane-1-18x10.jpg 18w\" sizes=\"auto, (max-width: 1456px) 100vw, 1456px\"><\/figure>\n\n\n\n<ul class=\"wp-block-list\">\n<li>Dans l\u2019industrie manufacturi\u00e8re, le propane est une source d\u2019\u00e9nergie propre et fiable qui peut alimenter les g\u00e9n\u00e9rateurs et les v\u00e9hicules et agir comme r\u00e9frig\u00e9rant.<\/li>\n\n\n\n<li>Le propane est le gaz de choix dans l\u2019industrie de la fusion ou de la fusion des m\u00e9taux, car il peut br\u00fbler jusqu\u2019\u00e0 pr\u00e8s de 2 000 degr\u00e9s Celsius. Il peut \u00eatre utilis\u00e9 dans les fours et les structures pour faire fondre l\u2019or, l\u2019argent, le cuivre, le laiton, le bronze, la fonte et d\u2019autres m\u00e9taux.<\/li>\n\n\n\n<li>Dans le secteur de l\u2019imprimerie, le propane est utilis\u00e9 pour l\u2019impression \u00e0 grande \u00e9chelle. Les industries de l&#039;imprimerie utilisent du gaz propane chaud pour acc\u00e9l\u00e9rer le s\u00e9chage de l&#039;encre sur diverses surfaces de mat\u00e9riaux d&#039;impression, telles que le papier, la glassine, la cellophane et la feuille d&#039;aluminium.<\/li>\n\n\n\n<li>L&#039;industrie agricole utilise \u00e9galement le propane pour des t\u00e2ches importantes telles que le d\u00e9sherbage, les pompes d&#039;irrigation et les \u00e9quipements de s\u00e9chage des r\u00e9coltes comme les s\u00e9choirs \u00e0 tabac, les s\u00e9choirs \u00e0 foin, les s\u00e9choirs \u00e0 ma\u00efs, etc.<\/li>\n<\/ul>\n\n\n\n<h2 class=\"wp-block-heading\">Port\u00e9e de l\u2019\u00e9tude de march\u00e9 sur le propane<\/h2>\n\n\n\n<p><a href=\"https:\/\/www.sisinternational.com\/fr\/solutions\/solutions-de-recherche-qualitative-et-quantitative\/etude-de-marche-sur-les-facteurs-humains\/\" title=\"\u00c9tude de march\u00e9 sur les facteurs humains\"  data-wpil-monitor-id=\"8991\">\u00c9tude de march\u00e9<\/a> provides insights into the various factors impacting the Propane industry. Below are some market drivers that are part of the market scope and segmentation.<\/p>\n\n\n\n<h3 class=\"wp-block-heading\">Le besoin de carburants alternatifs pour la durabilit\u00e9 \u00e9conomique et environnementale<\/h3>\n\n\n\n<p>La consommation de carburants conventionnels tels que le diesel et l\u2019essence g\u00e9n\u00e8re une grande quantit\u00e9 de dioxyde de carbone. Cela augmente globalement l\u2019empreinte carbone. Le propane \u00e9met un peu moins que le gaz naturel. Par cons\u00e9quent, il produit 70% moins de sous-produits de carbone que les combustibles traditionnels lors de sa combustion. Les agences gouvernementales \u00e9tablissent des r\u00e9glementations et des lois pour encourager l&#039;utilisation de carburants \u00e0 faibles \u00e9missions de carbone.<\/p>\n\n\n\n<h3 class=\"wp-block-heading\">Impact des prix sur l&#039;industrie du propane<\/h3>\n\n\n\n<p>La hausse des prix des carburants et l\u2019\u00e9puisement des ressources naturelles accroissent le d\u00e9sir de disposer de carburants plus verts et plus propres. Les moteurs au propane \u00e9mettent un pourcentage moindre d\u2019\u00e9missions de carbone diverses que les moteurs \u00e0 essence. De plus, les moteurs au propane g\u00e9n\u00e8rent moins d\u2019hydrocarbures responsables du smog que les moteurs diesel. En termes de prix, de contenu \u00e9nerg\u00e9tique et d\u2019impact environnemental, le gaz naturel liqu\u00e9fi\u00e9 surpasse le p\u00e9trole brut. Cela devrait augmenter la demande de propane.<\/p>\n\n\n\n<h3 class=\"wp-block-heading\">Demande importante de GPL<\/h3>\n\n\n\n<p>Le GPL contient une quantit\u00e9 importante de propane. Il contribue \u00e0 environ 100 pour cent de la teneur en GPL de certains pays. L\u2019augmentation de la population mondiale et l\u2019augmentation substantielle du revenu disponible, en particulier dans les pays en d\u00e9veloppement, entra\u00eenent une demande croissante de GPL pour les besoins \u00e9nerg\u00e9tiques r\u00e9sidentiels.<\/p>\n\n\n\n<h2 class=\"wp-block-heading\">Opportunit\u00e9s dans l\u2019industrie du march\u00e9 du propane<\/h2>\n\n\n\n<p>Overall, the propane market industry is highly exclusive and is continuously experiencing consolidation. As various industrial and business sector sites compete against one another, the propane market has a tremendous chance. Another potential is to adhere to the government&#8217;s rules and regulations so that not only the government but also the <a href=\"https:\/\/www.sisinternational.com\/fr\/publications\/comportement-de-lacheteur-apres-le-nouveau-consommateur-du-coronavirus\/\" title=\"Comportement des acheteurs apr\u00e8s le coronavirus \u2013 \u00c9tude de march\u00e9 de consommation\"  data-wpil-monitor-id=\"8992\">consumers can become the market&#8217;s<\/a> foundation.<\/p>\n\n\n\n<h3 class=\"wp-block-heading\">Fluctuation des co\u00fbts du carburant comme contraintes sur le march\u00e9 du propane<\/h3>\n\n\n\n<p>Changes in the prices of petroleum and crude oil, as well as the detrimental effects of propane at greater concentrations, will function as significant restraints on the expansion of the propane industry. Mineral oil will face market hurdles due to insufficient <a href=\"https:\/\/www.sisinternational.com\/fr\/analyse-de-la-satisfaction-client\/\" title=\"8 fa\u00e7ons d&#039;augmenter la satisfaction des clients dans le commerce de d\u00e9tail\"  data-wpil-monitor-id=\"8988\">retail infrastructure for propane and inadequate consumer<\/a> knowledge.<\/p>\n\n\n\n<h2 class=\"wp-block-heading\">L\u2019\u00e9tude de march\u00e9 sur le propane fournit des informations bas\u00e9es sur les facteurs suivants :<\/h2>\n\n\n\n<ul class=\"wp-block-list\">\n<li>d\u00e9tails des \u00e9volutions r\u00e9centes du march\u00e9<\/li>\n\n\n\n<li>analyse import-export et analyse de production<\/li>\n\n\n\n<li>valeur <a href=\"https:\/\/www.sisinternational.com\/fr\/solutions\/conseil-en-strategie\/etude-de-marche-sur-la-chaine-dapprovisionnement\/\" title=\"\u00c9tude de march\u00e9 sur la cha\u00eene d\u2019approvisionnement\"  data-wpil-monitor-id=\"8994\">chain optimization and market<\/a> share<\/li>\n\n\n\n<li>impact des acteurs du march\u00e9 national et localis\u00e9<\/li>\n\n\n\n<li>analyser les opportunit\u00e9s en termes de poches de revenus \u00e9mergentes,<\/li>\n\n\n\n<li>impact of the <a href=\"https:\/\/www.sisinternational.com\/fr\/competence\/les-industries\/etude-de-marche-sur-le-changement-climatique\/\" title=\"\u00c9tude de march\u00e9 sur le changement climatique\"  data-wpil-monitor-id=\"8995\">changes in market<\/a> regulations<\/li>\n\n\n\n<li>strategic <a href=\"https:\/\/www.sisinternational.com\/fr\/solutions\/solutions-de-recherche-qualitative-et-quantitative\/etude-de-marche-danalyse-chaid\/\" title=\"CHAID Analyse \u00c9tude de march\u00e9\"  data-wpil-monitor-id=\"8993\">market growth analysis<\/a><\/li>\n\n\n\n<li>\u00e9valuer les niches d&#039;application et la domination<\/li>\n<\/ul>\n\n\n\n<p>Autres facteurs pouvant avoir un impact sur le march\u00e9 du propane, tels que les approbations de produits, les lancements de nouveaux produits et l&#039;expansion g\u00e9ographique<\/p>\n\n\n\n<h2 class=\"wp-block-heading\">\u00c0 propos de l\u2019\u00e9tude de march\u00e9 sur le propane<\/h2>\n\n\n\n<p>Le GPL est une source d\u2019\u00e9nergie moderne avec un impact environnemental minimal. Il est utilis\u00e9 dans divers contextes, notamment l\u2019agriculture, les g\u00e9n\u00e9rateurs d\u2019\u00e9lectricit\u00e9, le chauffage, la cuisine et les loisirs. L&#039;utilisation mondiale du GPL a augment\u00e9 \u00e0 la suite d&#039;initiatives internationales et locales visant \u00e0 encourager les utilisateurs finaux \u00e0 passer des sources d&#039;\u00e9nergie conventionnelles aux sources d&#039;\u00e9nergie renouvelables.<\/p>\n\n\n\n<p>The propane market research includes in-depth expert analysis of market scenarios such as market value, growth rate, segmentation, geographical coverage, and major players in the industry. The end report will be beneficial for critical players in the propane industry who <a href=\"https:\/\/www.sisinternational.com\/fr\/le-besoin-de-veille-concurrentielle-dans-cette-recession\/\" title=\"Le besoin de veille concurrentielle en p\u00e9riode de r\u00e9cession\"  data-wpil-monitor-id=\"8989\">needs data and strategies<\/a> in the propane industry for decision-making and marketing implementations.<\/p>","protected":false},"excerpt":{"rendered":"<p>Propane Market Research explore l\u2019industrie du propane, ses tendances du march\u00e9 et son impact sur divers secteurs commerciaux et \u00e9conomiques.<\/p>","protected":false},"author":1,"featured_media":63923,"parent":14514,"menu_order":180,"comment_status":"closed","ping_status":"closed","template":"","meta":{"footnotes":""},"class_list":["post-41545","page","type-page","status-publish","has-post-thumbnail"],"_links":{"self":[{"href":"https:\/\/www.sisinternational.com\/fr\/wp-json\/wp\/v2\/pages\/41545","targetHints":{"allow":["GET"]}}],"collection":[{"href":"https:\/\/www.sisinternational.com\/fr\/wp-json\/wp\/v2\/pages"}],"about":[{"href":"https:\/\/www.sisinternational.com\/fr\/wp-json\/wp\/v2\/types\/page"}],"author":[{"embeddable":true,"href":"https:\/\/www.sisinternational.com\/fr\/wp-json\/wp\/v2\/users\/1"}],"replies":[{"embeddable":true,"href":"https:\/\/www.sisinternational.com\/fr\/wp-json\/wp\/v2\/comments?post=41545"}],"version-history":[{"count":3,"href":"https:\/\/www.sisinternational.com\/fr\/wp-json\/wp\/v2\/pages\/41545\/revisions"}],"predecessor-version":[{"id":81504,"href":"https:\/\/www.sisinternational.com\/fr\/wp-json\/wp\/v2\/pages\/41545\/revisions\/81504"}],"up":[{"embeddable":true,"href":"https:\/\/www.sisinternational.com\/fr\/wp-json\/wp\/v2\/pages\/14514"}],"wp:featuredmedia":[{"embeddable":true,"href":"https:\/\/www.sisinternational.com\/fr\/wp-json\/wp\/v2\/media\/63923"}],"wp:attachment":[{"href":"https:\/\/www.sisinternational.com\/fr\/wp-json\/wp\/v2\/media?parent=41545"}],"curies":[{"name":"wp","href":"https:\/\/api.w.org\/{rel}","templated":true}]}}