{"id":41542,"date":"2023-02-13T02:22:20","date_gmt":"2023-02-13T02:22:20","guid":{"rendered":"https:\/\/www.sisinternational.com\/?page_id=41542"},"modified":"2026-01-25T17:17:28","modified_gmt":"2026-01-25T22:17:28","slug":"etude-de-marche-sur-lindustrie-de-la-photographie","status":"publish","type":"page","link":"https:\/\/www.sisinternational.com\/fr\/competence\/etude-de-marche-sur-lindustrie-de-la-photographie\/","title":{"rendered":"\u00c9tude de march\u00e9 sur l\u2019industrie de la photographie"},"content":{"rendered":"<h1 class=\"wp-block-heading\">\u00c9tude de march\u00e9 sur l\u2019industrie de la photographie<\/h1>\n\n\n\n<p><\/p>\n\n\n\n<figure class=\"gb-block-image gb-block-image-1243a93b\"><img loading=\"lazy\" decoding=\"async\" width=\"1456\" height=\"816\" class=\"gb-image gb-image-1243a93b\" src=\"https:\/\/www.sisinternational.com\/wp-content\/uploads\/2025\/08\/Photography-2.jpg\" alt=\"\u00c9tudes de march\u00e9 et strat\u00e9gie internationales SIS\" title=\"Photography (2)\" srcset=\"https:\/\/www.sisinternational.com\/wp-content\/uploads\/2025\/08\/Photography-2.jpg 1456w, https:\/\/www.sisinternational.com\/wp-content\/uploads\/2025\/08\/Photography-2-300x168.jpg 300w, https:\/\/www.sisinternational.com\/wp-content\/uploads\/2025\/08\/Photography-2-1024x574.jpg 1024w, https:\/\/www.sisinternational.com\/wp-content\/uploads\/2025\/08\/Photography-2-768x430.jpg 768w, https:\/\/www.sisinternational.com\/wp-content\/uploads\/2025\/08\/Photography-2-18x10.jpg 18w\" sizes=\"auto, (max-width: 1456px) 100vw, 1456px\"><\/figure>\n\n\n\n<p>L\u2019essor des m\u00e9dias sociaux a montr\u00e9 le pouvoir d\u2019influence. Les gens commencent \u00e0 utiliser ces plateformes pour partager leurs photos et leur contenu en ligne afin que le monde entier puisse les voir. L\u2019industrie de la photographie est l\u2019une des industries positivement touch\u00e9es par cette hausse.<\/p>\n\n\n\n<p>L&#039;industrie de la photographie a connu une croissance constante au fil des ans en raison de la demande constante des consommateurs. Il devrait maintenir son \u00e9lan \u00e0 mesure que l\u2019industrie se d\u00e9veloppe et introduit de nouvelles niches et innovations sur le march\u00e9.<\/p>\n\n\n\n<p>The growth creates more lucrative opportunities, challenging enterprises to keep up with the latest developments and market trends to lead and dominate the competition. Hence, the Photography <a href=\"https:\/\/www.sisinternational.com\/fr\/etude-de-marche-dans-le-secteur-de-leducation\/\" title=\"\u00c9tude de march\u00e9 sur le secteur de l\u2019\u00e9ducation\"  data-wpil-monitor-id=\"1806\">Industry Market Research<\/a> has been gaining traction as it guides businesses and professionals to understand the market with in-depth analysis and discussions.<\/p>\n\n\n\n<h2 class=\"wp-block-heading\">L\u2019importance des \u00e9tudes de march\u00e9 sur l\u2019industrie de la photographie<\/h2>\n\n\n\n<p>The Photography <a href=\"https:\/\/www.sisinternational.com\/fr\/competence\/les-industries\/etude-de-marche-sur-le-design-industriel\/\" title=\"\u00c9tude de march\u00e9 sur le design industriel\"  data-wpil-monitor-id=\"4152\">Industry Market Research<\/a> is essential in understanding the ever-changing environment of the industry, changes in consumer behavior, developments in the technology used, and analyzing the competition. Therefore, it helps enterprises determine their next business decision with all the factors considered.<\/p>\n\n\n\n<h3 class=\"wp-block-heading\">Diff\u00e9rentes m\u00e9thodes pour acqu\u00e9rir des informations pour la recherche comprennent, sans s&#039;y limiter, les suivantes\u00a0:<\/h3>\n\n\n\n<ul class=\"wp-block-list\">\n<li>Enqu\u00eate clients et\/ou parties prenantes<\/li>\n\n\n\n<li>Entretien avec les autorit\u00e9s comp\u00e9tentes<\/li>\n\n\n\n<li>R\u00e9partition des nouveaux produits, services et\/ou derni\u00e8res tendances<\/li>\n\n\n\n<li>Analyse de la concurrence au sein d&#039;une m\u00eame r\u00e9gion\/ville<\/li>\n\n\n\n<li>Observation du comportement des clients<\/li>\n<\/ul>\n\n\n\n<p>Si cela est accompli avec succ\u00e8s, les donn\u00e9es pertinentes recueillies serviront d\u2019outil de prise de d\u00e9cision. Ainsi, la cr\u00e9ation d\u2019une \u00e9tude de march\u00e9 initiale est essentielle pour d\u00e9terminer la faisabilit\u00e9 d\u2019une entreprise et comment elle r\u00e9sistera aux probl\u00e8mes d\u00e9j\u00e0 existants et potentiels du secteur. Sans cela, cela peut conduire \u00e0 un faux pas co\u00fbteux et m\u00eame faire reculer l\u2019entreprise de quelques pas.<\/p>\n\n\n\n<p>In addition, the Photography <a href=\"https:\/\/www.sisinternational.com\/fr\/competence\/les-industries\/etude-de-marche-sur-lautomatisation-industrielle\/\" title=\"\u00c9tude de march\u00e9 sur l\u2019automatisation industrielle\"  data-wpil-monitor-id=\"4803\">Industry Market Research<\/a> serves in developing marketing strategies to effectively reach the company&#8217;s target audience. It is also instrumental in ensuring that the enterprise considers the environment and culture in which it wishes to operate.<\/p>\n\n\n\n<h2 class=\"wp-block-heading\">Titres d\u2019emploi cl\u00e9s dans l\u2019industrie de la photographie<\/h2>\n\n\n\n<p>Bien qu\u2019elle s\u2019articule autour du m\u00eame service, l\u2019industrie de la photographie comporte des segments de niche diversifi\u00e9s. Pour en savoir plus \u00e0 leur sujet, voici quelques-uns des principaux titres de poste bien connus dans l&#039;industrie de la photographie\u00a0:<\/p>\n\n\n\n<ul class=\"wp-block-list\">\n<li>Photographe commercial\u00a0: s&#039;engage principalement avec des clients qui se concentrent sur des utilisations commerciales ou marketing, telles que des \u00e9ditoriaux, des campagnes publicitaires et des photos de produits.<\/li>\n\n\n\n<li>Photojournaliste\/photographe d&#039;actualit\u00e9s\u00a0: se concentre sur la capture de photos pour des publications d&#039;actualit\u00e9, couvrant diff\u00e9rentes histoires dans divers domaines.<\/li>\n\n\n\n<li>Photographe d&#039;\u00e9v\u00e9nements\u00a0: il s&#039;agit g\u00e9n\u00e9ralement d&#039;une petite et moyenne entreprise qui couvre des \u00e9v\u00e9nements rapides, tels que des mariages, des concerts et des f\u00eates.<\/li>\n\n\n\n<li>Photographe ind\u00e9pendant\u00a0: un professionnel qui travaille en fonction des besoins d&#039;un client et d&#039;un autre, en se concentrant g\u00e9n\u00e9ralement sur un cr\u00e9neau sp\u00e9cifique de la photographie.<\/li>\n\n\n\n<li>\u00c9diteur de photos\u00a0: principalement celui qui \u00e9dite les images brutes du photographe, bien que les \u00e9diteurs de photos puissent \u00e9galement agir en tant que coordinateur et gestionnaire g\u00e9n\u00e9ral.<\/li>\n\n\n\n<li>Directeur artistique\u00a0: celui qui dirige le photographe vers le concept qu&#039;il souhaitait r\u00e9aliser \u00e0 partir de la s\u00e9ance\u00a0; pr\u00e9pare g\u00e9n\u00e9ralement le storyboard comme source d&#039;inspiration pour une photo fixe.<\/li>\n<\/ul>\n\n\n\n<h2 class=\"wp-block-heading\">Appareils photo couramment utilis\u00e9s dans l\u2019industrie de la photographie<\/h2>\n\n\n\n<p>Les professionnels se distinguent par leurs styles et leurs appareils photo. Ils trouvent la meilleure configuration de cam\u00e9ra adapt\u00e9e \u00e0 leur niche et \u00e0 leur environnement sp\u00e9cifiques. Certains des types de cam\u00e9ras couramment utilis\u00e9s sont\u00a0:<\/p>\n\n\n\n<ul class=\"wp-block-list\">\n<li>Appareil photo reflex num\u00e9rique\u00a0: Couramment utilis\u00e9 dans les utilisations commerciales en raison de ses images haute r\u00e9solution, fournissant des images nettes et d\u00e9taill\u00e9es.<\/li>\n\n\n\n<li>Appareil photo sans miroir\u00a0: il a gagn\u00e9 en attrait gr\u00e2ce \u00e0 son design compact et \u00e0 l&#039;absence de miroir interne\u00a0; sert d\u2019alternative \u00e0 l\u2019appareil photo reflex num\u00e9rique en raison de son poids plus l\u00e9ger \u2013 populaire pour les professionnels qui photographient \u00e0 l\u2019ext\u00e9rieur.<\/li>\n\n\n\n<li>Appareil photo Bridge\u00a0: g\u00e9n\u00e9ralement utilis\u00e9 car il photographie parfaitement n&#039;importe quel sujet\u00a0; \u00e9galement pour les professionnels int\u00e9ress\u00e9s par la grande plage de zoom.<\/li>\n\n\n\n<li>Cam\u00e9ra cin\u00e9ma num\u00e9rique\u00a0: \u00e9galement utilis\u00e9e \u00e0 des fins commerciales pour sa r\u00e9solution 4k et ses options d&#039;objectifs interchangeables, bien qu&#039;elles soient d\u00e9sormais couramment utilis\u00e9es pour l&#039;enregistrement vid\u00e9o.<\/li>\n<\/ul>\n\n\n\n<h2 class=\"wp-block-heading\">Tendances et opportunit\u00e9s dans l&#039;industrie de la photographie<\/h2>\n\n\n\n<p>Avec l\u2019expansion continue de l\u2019industrie de la photographie, de nouvelles technologies et opportunit\u00e9s sont progressivement introduites sur le march\u00e9, et voici les plus pertinentes\u00a0:<\/p>\n\n\n\n<ul class=\"wp-block-list\">\n<li>Cabines\/Studio libre-service\u00a0: l&#039;une des technologies les plus populaires, attrayante pour la jeune g\u00e9n\u00e9ration pour son option libre-service. L&#039;installation de l&#039;appareil photo est pr\u00e9par\u00e9e et les consommateurs doivent prendre des photos d&#039;eux-m\u00eames dans un temps limit\u00e9. Cependant, les \u00e9diteurs de photos les assisteront apr\u00e8s la s\u00e9ance photo du client.<\/li>\n\n\n\n<li>Fonctionnalit\u00e9 GPS incluse\u00a0: Une autre nouvelle technologie adapt\u00e9e concerne les unit\u00e9s GPS dans les cam\u00e9ras. Il enregistre automatiquement les emplacements o\u00f9 les photos captur\u00e9es ont \u00e9t\u00e9 prises, avec le syst\u00e8me de coordonn\u00e9es.<\/li>\n\n\n\n<li>Montage sur cam\u00e9ra\u00a0: cette nouvelle fonctionnalit\u00e9 permettra aux photographes de modifier automatiquement leurs images brutes sur leur appareil photo. Il contiendra les outils de base, tels que le redimensionnement et le r\u00e9glage de la balance des blancs.<\/li>\n\n\n\n<li>Appareils photo plus compacts\u00a0: de nouveaux mod\u00e8les d&#039;appareils photo sont introduits pour fonctionner aussi bien que les reflex num\u00e9riques, mais avec un poids plus l\u00e9ger et une taille plus petite. Les appareils photo sans miroir ont \u00e9t\u00e9 les mod\u00e8les pionniers.<\/li>\n\n\n\n<li>Objectif ultra zoom\u00a0: Cette technologie \u00e9mergente est tr\u00e8s attendue, m\u00eame pour les amateurs. Il promet de prendre des photos de loin tout en prenant des images nettes, ce qui le rend tr\u00e8s demand\u00e9 par les observateurs du ciel et les photographes de plein air. L&#039;objectif Ultra Zoom est \u00e9galement cens\u00e9 faire des merveilles pour prendre une photo de d\u00e9tails infimes sur des objets.<\/li>\n<\/ul>\n\n\n\n<h2 class=\"wp-block-heading\">Les d\u00e9fis de l&#039;industrie de la photographie<\/h2>\n\n\n\n<p>Malgr\u00e9 toutes les opportunit\u00e9s dont dispose l\u2019industrie de la photographie, elle fait face \u00e0 son lot de d\u00e9fis. Les entreprises sont confront\u00e9es au probl\u00e8me de la possibilit\u00e9 que les nouvelles technologies prennent le dessus sur leur activit\u00e9 ou \u00e0 la mani\u00e8re dont un photographe traditionnel se compare \u00e0 une personne moyenne poss\u00e9dant un appareil photo.<\/p>\n\n\n\n<h3 class=\"wp-block-heading\">Voici les d\u00e9fis qui mettent \u00e0 l\u2019\u00e9preuve l\u2019industrie de la photographie\u00a0:<\/h3>\n\n\n\n<ul class=\"wp-block-list\">\n<li>G\u00e9n\u00e9rateur d&#039;images AI\u00a0: les g\u00e9n\u00e9rateurs d&#039;IA sont cens\u00e9s remplacer les r\u00f4les des \u00e9diteurs de photos. Contrairement \u00e0 cette derni\u00e8re, l\u2019IA peut \u00e9diter une photo brute d\u2019un simple clic sans utiliser d\u2019outil d\u2019\u00e9dition logiciel, ce qui permet aux entreprises d\u2019\u00e9conomiser du temps et de l\u2019argent.<\/li>\n\n\n\n<li>L\u2019abondance de smartphones : presque tout le monde poss\u00e8de un t\u00e9l\u00e9phone avec appareil photo. Cela signifie moins besoin d\u2019un photographe, sauf pour un grand \u00e9v\u00e9nement. Les gens prennent des \u00ab portraits \u00bb et des photos de famille avec leur t\u00e9l\u00e9phone, ce qui ne leur co\u00fbte rien et sans rendez-vous.<\/li>\n\n\n\n<li>Photographes \u00ab ill\u00e9gitimes \u00bb : les plateformes de m\u00e9dias sociaux sont des endroits formidables pour promouvoir votre entreprise et vos comp\u00e9tences, mais cela signifie \u00e9galement que les \u00ab personnes poss\u00e9dant un appareil photo \u00bb peuvent participer \u00e0 la comp\u00e9tition. La plupart de ces personnes ne comprennent pas correctement comment prendre ou modifier une photo.<\/li>\n\n\n\n<li>Violation du droit d&#039;auteur\u00a0: toujours dans le cadre des m\u00e9dias sociaux, les photographes peuvent se faire \u00ab voler \u00bb leurs photos par d&#039;autres cr\u00e9ateurs de contenu.<\/li>\n<\/ul>","protected":false},"excerpt":{"rendered":"<p>Les \u00e9tudes de march\u00e9 sur l\u2019industrie de la photographie sont essentielles pour comprendre le comportement des consommateurs et les d\u00e9veloppements technologiques ainsi que pour analyser la concurrence.<\/p>","protected":false},"author":1,"featured_media":64318,"parent":14514,"menu_order":179,"comment_status":"closed","ping_status":"closed","template":"","meta":{"footnotes":""},"class_list":["post-41542","page","type-page","status-publish","has-post-thumbnail"],"_links":{"self":[{"href":"https:\/\/www.sisinternational.com\/fr\/wp-json\/wp\/v2\/pages\/41542","targetHints":{"allow":["GET"]}}],"collection":[{"href":"https:\/\/www.sisinternational.com\/fr\/wp-json\/wp\/v2\/pages"}],"about":[{"href":"https:\/\/www.sisinternational.com\/fr\/wp-json\/wp\/v2\/types\/page"}],"author":[{"embeddable":true,"href":"https:\/\/www.sisinternational.com\/fr\/wp-json\/wp\/v2\/users\/1"}],"replies":[{"embeddable":true,"href":"https:\/\/www.sisinternational.com\/fr\/wp-json\/wp\/v2\/comments?post=41542"}],"version-history":[{"count":6,"href":"https:\/\/www.sisinternational.com\/fr\/wp-json\/wp\/v2\/pages\/41542\/revisions"}],"predecessor-version":[{"id":78761,"href":"https:\/\/www.sisinternational.com\/fr\/wp-json\/wp\/v2\/pages\/41542\/revisions\/78761"}],"up":[{"embeddable":true,"href":"https:\/\/www.sisinternational.com\/fr\/wp-json\/wp\/v2\/pages\/14514"}],"wp:featuredmedia":[{"embeddable":true,"href":"https:\/\/www.sisinternational.com\/fr\/wp-json\/wp\/v2\/media\/64318"}],"wp:attachment":[{"href":"https:\/\/www.sisinternational.com\/fr\/wp-json\/wp\/v2\/media?parent=41542"}],"curies":[{"name":"wp","href":"https:\/\/api.w.org\/{rel}","templated":true}]}}