{"id":41480,"date":"2023-02-12T03:19:00","date_gmt":"2023-02-12T03:19:00","guid":{"rendered":"https:\/\/www.sisinternational.com\/?page_id=41480"},"modified":"2026-01-24T21:02:05","modified_gmt":"2026-01-25T02:02:05","slug":"etude-de-marche-sur-le-fioul","status":"publish","type":"page","link":"https:\/\/www.sisinternational.com\/fr\/competence\/etude-de-marche-sur-le-fioul\/","title":{"rendered":"\u00c9tude de march\u00e9 sur le mazout"},"content":{"rendered":"<h1 class=\"wp-block-heading\">\u00c9tude de march\u00e9 sur le mazout<\/h1>\n\n\n\n<figure class=\"gb-block-image gb-block-image-988cff31\"><img loading=\"lazy\" decoding=\"async\" width=\"1456\" height=\"816\" class=\"gb-image gb-image-988cff31\" src=\"https:\/\/www.sisinternational.com\/wp-content\/uploads\/2025\/08\/Palm-oiil-5.jpg\" alt=\"\u00c9tudes de march\u00e9 et strat\u00e9gie internationales SIS\" title=\"Palm oiil (5)\" srcset=\"https:\/\/www.sisinternational.com\/wp-content\/uploads\/2025\/08\/Palm-oiil-5.jpg 1456w, https:\/\/www.sisinternational.com\/wp-content\/uploads\/2025\/08\/Palm-oiil-5-300x168.jpg 300w, https:\/\/www.sisinternational.com\/wp-content\/uploads\/2025\/08\/Palm-oiil-5-1024x574.jpg 1024w, https:\/\/www.sisinternational.com\/wp-content\/uploads\/2025\/08\/Palm-oiil-5-768x430.jpg 768w, https:\/\/www.sisinternational.com\/wp-content\/uploads\/2025\/08\/Palm-oiil-5-18x10.jpg 18w\" sizes=\"auto, (max-width: 1456px) 100vw, 1456px\"><\/figure>\n\n\n\n<p><\/p>\n\n\n\n<p>L\u2019\u00e9tude de march\u00e9 sur le mazout se concentre sur les tendances, les donn\u00e9es et les informations sur le mazout pour les maisons et le mazout pour les entreprises. L\u2019industrie du fioul domestique n\u2019a cess\u00e9 de cro\u00eetre au fil des ann\u00e9es, d\u2019autant plus qu\u2019elle joue un r\u00f4le majeur dans l\u2019\u00e9conomie mondiale. L\u2019\u00e9tude de march\u00e9 donne un aper\u00e7u de l\u2019industrie du mazout et de son influence sur divers secteurs, ainsi que de ses nombreuses utilisations, tant pour les particuliers que pour les entreprises.<\/p>\n\n\n\n<h2 class=\"wp-block-heading\">Comprendre le mazout<\/h2>\n\n\n\n<p>Le fioul est un type de liquide d\u00e9riv\u00e9 du p\u00e9trole qui passe par un processus de distillation. Ses propri\u00e9t\u00e9s sont les m\u00eames que celles du diesel, \u00e0 l\u2019exception de petites diff\u00e9rences dans sa structure chimique. Le mazout est principalement utilis\u00e9 dans les fournaises, les chaudi\u00e8res et les chauffe-eau.<\/p>\n\n\n\n<h3 class=\"wp-block-heading\">Avantages de l\u2019utilisation du mazout<\/h3>\n\n\n\n<p>Comme le chauffage est n\u00e9cessaire \u00e0 de nombreuses activit\u00e9s quotidiennes, on peut affirmer que la compr\u00e9hension des donn\u00e9es et des strat\u00e9gies de l\u2019industrie du mazout aidera divers secteurs. Il peut s\u2019agir d\u2019entreprises produisant ou distribuant du mazout, ou de toute industrie qui utilise du mazout dans ses processus ou ses machines.<\/p>\n\n\n\n<h3 class=\"wp-block-heading\">Vous trouverez ci-dessous quelques-unes des principales utilisations du mazout qui ont un impact important sur les diff\u00e9rents secteurs \u00e9conomiques qui l\u2019utilisent\u00a0:<\/h3>\n\n\n\n<p>Fiable et s\u00fbr. Le mazout a un processus de chauffage plus efficace. Il ne produit pas de monoxyde de carbone et ne pr\u00e9sente aucun risque d&#039;explosion une fois stock\u00e9.<\/p>\n\n\n\n<p>Les syst\u00e8mes durent plus longtemps. Dans les industries o\u00f9 le mazout est utilis\u00e9 pour r\u00e9chauffer l\u2019air ou m\u00eame le syst\u00e8me d\u2019eau, cela peut durer longtemps. Tant que l\u2019int\u00e9rieur du r\u00e9servoir de mazout est exempt de salet\u00e9 ou d\u2019autres impuret\u00e9s, vous pouvez vous attendre \u00e0 ce que le syst\u00e8me de chauffage fonctionne efficacement.<\/p>\n\n\n\n<p>Plus chaud et plus polyvalent. Il fait \u00e9galement plus chaud que le gaz naturel ; par cons\u00e9quent, il se r\u00e9chauffe plus rapidement et n\u00e9cessite moins de quantit\u00e9 d\u2019huile utilis\u00e9e avec les m\u00eames r\u00e9sultats.<\/p>\n\n\n\n<p>Le fioul est propre. Au cours des derni\u00e8res d\u00e9cennies, le fioul s\u2019est d\u00e9velopp\u00e9 et il est d\u00e9sormais plus de 90% plus propre gr\u00e2ce \u00e0 de meilleurs proc\u00e9d\u00e9s de distillation et de purification. Il ne produit pas non plus de suie ni d&#039;odeur et contrairement au gaz naturel, qui produit des \u00e9missions de m\u00e9thane qui contribuent au r\u00e9chauffement climatique.<\/p>\n\n\n\n<h2 class=\"wp-block-heading\">Analyse du segment de march\u00e9 du fioul de chauffage<\/h2>\n\n\n\n<figure class=\"gb-block-image gb-block-image-d92e4f13\"><img loading=\"lazy\" decoding=\"async\" width=\"1456\" height=\"816\" class=\"gb-image gb-image-d92e4f13\" src=\"https:\/\/www.sisinternational.com\/wp-content\/uploads\/2025\/08\/Palm-oiil-1.jpg\" alt=\"\u00c9tudes de march\u00e9 et strat\u00e9gie internationales SIS\" title=\"Palm oiil (1)\" srcset=\"https:\/\/www.sisinternational.com\/wp-content\/uploads\/2025\/08\/Palm-oiil-1.jpg 1456w, https:\/\/www.sisinternational.com\/wp-content\/uploads\/2025\/08\/Palm-oiil-1-300x168.jpg 300w, https:\/\/www.sisinternational.com\/wp-content\/uploads\/2025\/08\/Palm-oiil-1-1024x574.jpg 1024w, https:\/\/www.sisinternational.com\/wp-content\/uploads\/2025\/08\/Palm-oiil-1-768x430.jpg 768w, https:\/\/www.sisinternational.com\/wp-content\/uploads\/2025\/08\/Palm-oiil-1-18x10.jpg 18w\" sizes=\"auto, (max-width: 1456px) 100vw, 1456px\"><\/figure>\n\n\n\n<h3 class=\"wp-block-heading\">Le march\u00e9 mondial du fioul domestique est segment\u00e9 par type de produit et par ses applications. Il existe plusieurs types de fioul et leurs utilisations :<\/h3>\n\n\n\n<p><strong>Gazole \u2013<\/strong> Il s&#039;agit du type le plus lourd parmi les autres types de fioul domestique et il est principalement utilis\u00e9 pour les v\u00e9hicules tout-terrain tels que ceux utilis\u00e9s dans l&#039;agriculture et le transport ferroviaire. C\u2019est \u00e9galement le type de mazout utilis\u00e9 pour alimenter les g\u00e9n\u00e9rateurs, certaines machines et les chaudi\u00e8res plus anciennes.<\/p>\n\n\n\n<p><strong>Combustible de fournaise \u2013<\/strong> C\u2019est le type de p\u00e9trole utilis\u00e9 pour alimenter les fournaises des b\u00e2timents communautaires tels que les \u00e9coles et les chaudi\u00e8res commerciales, ainsi que les chaudi\u00e8res \u00e0 vapeur des centrales \u00e9lectriques. Ce type de mazout est g\u00e9n\u00e9ralement fonc\u00e9 et visqueux et ne contient pas d\u2019humidit\u00e9.<\/p>\n\n\n\n<p><strong>K\u00e9ros\u00e8ne \u2013<\/strong> Commun\u00e9ment appel\u00e9 fioul domestique, le k\u00e9ros\u00e8ne est plus l\u00e9ger que le gazole et un hydrocarbure liquide inflammable. Sa composition chimique est constitu\u00e9e d&#039;un m\u00e9lange de paraffine, de napht\u00e8nes et d&#039;ar\u00e8nes ou hydrocarbures aromatiques. C\u2019est le type de mazout utilis\u00e9 pour les syst\u00e8mes de chauffage domestique ou central.<\/p>\n\n\n\n<p><strong>K\u00e9ros\u00e8ne premium \u2013<\/strong> Il s\u2019agit d\u2019un autre type de fioul domestique qui est simplement du k\u00e9ros\u00e8ne standard contenant des additifs. Ces additifs font du k\u00e9ros\u00e8ne premium un meilleur choix que le k\u00e9ros\u00e8ne standard car il minimise l&#039;accumulation de d\u00e9p\u00f4ts, diminuant ainsi le besoin d&#039;entretien et en faisant un carburant plus \u00e9cologique et plus propre.<\/p>\n\n\n\n<p><strong>K\u00e9ros\u00e8ne Kleenburn \u2013<\/strong> Heating <a href=\"https:\/\/www.sisinternational.com\/fr\/solutions\/etude-de-marche-sur-les-oleoducs-et-les-gazoducs\/\" title=\"\u00c9tude de march\u00e9 sur les ol\u00e9oducs et gazoducs\"  data-wpil-monitor-id=\"2160\">oil market research<\/a> provides insights for years, which is why the development of better fuel options is possible. This is the same with the Kleenburn kerosene, as this is specifically designed to improve oil performance. This type reduces fuel consumption, thus resulting in low emissions and being environmentally safe.<\/p>\n\n\n\n<h2 class=\"wp-block-heading\">Principaux facteurs et tendances de l\u2019industrie du mazout<\/h2>\n\n\n\n<p>The fluctuation in heating oil prices has affected a lot of businesses in the heating oil sector, including other refinancing companies. Market <a href=\"https:\/\/www.sisinternational.com\/fr\/competence\/les-industries\/etude-de-marche-sur-les-cartes-thermiques\/\" title=\"\u00c9tude de march\u00e9 sur les cartes thermiques\"  data-wpil-monitor-id=\"3102\">recherche<\/a> provides insights into these factors that can impact the growth process of the global heating oil market.<\/p>\n\n\n\n<h3 class=\"wp-block-heading\">Certains des facteurs affectant les prix du mazout sont\u00a0:<\/h3>\n\n\n\n<p>Climat. L\u2019hiver, c\u2019est la p\u00e9riode o\u00f9 la consommation de fioul de chauffage augmente en raison de la baisse de temp\u00e9rature. De plus, certaines temp\u00eates hivernales peuvent avoir un impact sur la livraison du mazout. D\u2019une mani\u00e8re g\u00e9n\u00e9rale, cela aura un impact sur l\u2019offre et la demande, ce qui aura un impact direct sur les prix du mazout.<\/p>\n\n\n\n<p>Consommation. On peut s\u2019attendre \u00e0 ce que la population mondiale ne fasse qu\u2019augmenter. Plus il y a de monde, plus le mazout peut \u00eatre rapidement consomm\u00e9 dans divers processus et syst\u00e8mes de chauffage. Cela peut diminuer l\u2019offre et augmenter la demande.<\/p>\n\n\n\n<p>Huile brute. Le prix du p\u00e9trole brut d\u00e9pend de l\u2019offre et de la demande mondiales. Les \u00e9v\u00e9nements politiques et m\u00eame les changements climatiques, ainsi que la quantit\u00e9 de p\u00e9trole brut produite, auront \u00e9galement un impact sur l\u2019industrie du mazout.<\/p>\n\n\n\n<p>Les co\u00fbts d&#039;exploitation. La distribution et la livraison du mazout affectent \u00e9galement les prix du mazout. Le co\u00fbt de production, l\u2019activit\u00e9 commerciale et la distance d\u2019o\u00f9 le mazout provient et est livr\u00e9 jouent un r\u00f4le majeur dans les prix du mazout.<\/p>\n\n\n\n<h2 class=\"wp-block-heading\">Que pouvez-vous tirer d\u2019une \u00e9tude de march\u00e9 sur le mazout<\/h2>\n\n\n\n<figure class=\"gb-block-image gb-block-image-d00ceb8a\"><img loading=\"lazy\" decoding=\"async\" width=\"1456\" height=\"816\" class=\"gb-image gb-image-d00ceb8a\" src=\"https:\/\/www.sisinternational.com\/wp-content\/uploads\/2025\/08\/Palm-oiil-3.jpg\" alt=\"\u00c9tudes de march\u00e9 et strat\u00e9gie internationales SIS\" title=\"Palm oiil (3)\" srcset=\"https:\/\/www.sisinternational.com\/wp-content\/uploads\/2025\/08\/Palm-oiil-3.jpg 1456w, https:\/\/www.sisinternational.com\/wp-content\/uploads\/2025\/08\/Palm-oiil-3-300x168.jpg 300w, https:\/\/www.sisinternational.com\/wp-content\/uploads\/2025\/08\/Palm-oiil-3-1024x574.jpg 1024w, https:\/\/www.sisinternational.com\/wp-content\/uploads\/2025\/08\/Palm-oiil-3-768x430.jpg 768w, https:\/\/www.sisinternational.com\/wp-content\/uploads\/2025\/08\/Palm-oiil-3-18x10.jpg 18w\" sizes=\"auto, (max-width: 1456px) 100vw, 1456px\"><\/figure>\n\n\n\n<p><\/p>\n\n\n\n<h3 class=\"wp-block-heading\">L\u2019\u00e9tude de march\u00e9 fournit un aper\u00e7u de l\u2019industrie du mazout en fonction de l\u2019objectif de la recherche. Voici certaines des donn\u00e9es et informations contenues dans l\u2019\u00e9tude de march\u00e9 sur le mazout :<\/h3>\n\n\n\n<ul class=\"wp-block-list\">\n<li>D\u00e9finition du march\u00e9 du fioul<\/li>\n\n\n\n<li>Analyse du segment de march\u00e9 du fioul<\/li>\n\n\n\n<li>Segmentation g\u00e9ographique et comparaison<\/li>\n\n\n\n<li>Principales r\u00e9gions ou pays de l\u2019industrie du mazout<\/li>\n\n\n\n<li>Facteurs du march\u00e9, ainsi que donn\u00e9es et strat\u00e9gies dans l\u2019industrie du fioul domestique<\/li>\n\n\n\n<li>D\u00e9fis et opportunit\u00e9s du march\u00e9<\/li>\n\n\n\n<li>Conditions et menaces du march\u00e9 du fioul domestique<\/li>\n\n\n\n<li>Tendances et pr\u00e9visions du march\u00e9 du fioul<\/li>\n\n\n\n<li>Paysage et analyse des fournisseurs<\/li>\n\n\n\n<li>D\u00e9couvrez des strat\u00e9gies qui aideront \u00e0 \u00e9tablir une croissance comp\u00e9titive dans l&#039;industrie<\/li>\n\n\n\n<li>Trouver des moyens de collaborer avec d\u2019autres entreprises et secteurs pour l\u2019expansion<\/li>\n<\/ul>\n\n\n\n<h2 class=\"wp-block-heading\">\u00c0 propos de l\u2019\u00e9tude de march\u00e9 sur le mazout<\/h2>\n\n\n\n<p>Heating <a href=\"https:\/\/www.sisinternational.com\/fr\/competence\/les-industries\/etude-de-marche-sur-les-plates-formes-petrolieres\/\" title=\"\u00c9tude de march\u00e9 sur les plates-formes p\u00e9troli\u00e8res\"  data-wpil-monitor-id=\"3076\">Oil Market Research<\/a> provides valuable information and insights to key players in the heating oil industry and other sectors that are using it. The need to gather credible and reliable data and strategies in the heating oil industry can help the heating oil sector grow as well as the businesses around it.<\/p>\n\n\n\n<p><\/p>","protected":false},"excerpt":{"rendered":"<p>L\u2019\u00e9tude de march\u00e9 sur le mazout fournit des informations et des informations pr\u00e9cieuses aux principaux acteurs de l\u2019industrie du mazout et d\u2019autres secteurs.<\/p>","protected":false},"author":1,"featured_media":64227,"parent":14514,"menu_order":174,"comment_status":"closed","ping_status":"closed","template":"","meta":{"footnotes":""},"class_list":["post-41480","page","type-page","status-publish","has-post-thumbnail"],"_links":{"self":[{"href":"https:\/\/www.sisinternational.com\/fr\/wp-json\/wp\/v2\/pages\/41480","targetHints":{"allow":["GET"]}}],"collection":[{"href":"https:\/\/www.sisinternational.com\/fr\/wp-json\/wp\/v2\/pages"}],"about":[{"href":"https:\/\/www.sisinternational.com\/fr\/wp-json\/wp\/v2\/types\/page"}],"author":[{"embeddable":true,"href":"https:\/\/www.sisinternational.com\/fr\/wp-json\/wp\/v2\/users\/1"}],"replies":[{"embeddable":true,"href":"https:\/\/www.sisinternational.com\/fr\/wp-json\/wp\/v2\/comments?post=41480"}],"version-history":[{"count":6,"href":"https:\/\/www.sisinternational.com\/fr\/wp-json\/wp\/v2\/pages\/41480\/revisions"}],"predecessor-version":[{"id":77399,"href":"https:\/\/www.sisinternational.com\/fr\/wp-json\/wp\/v2\/pages\/41480\/revisions\/77399"}],"up":[{"embeddable":true,"href":"https:\/\/www.sisinternational.com\/fr\/wp-json\/wp\/v2\/pages\/14514"}],"wp:featuredmedia":[{"embeddable":true,"href":"https:\/\/www.sisinternational.com\/fr\/wp-json\/wp\/v2\/media\/64227"}],"wp:attachment":[{"href":"https:\/\/www.sisinternational.com\/fr\/wp-json\/wp\/v2\/media?parent=41480"}],"curies":[{"name":"wp","href":"https:\/\/api.w.org\/{rel}","templated":true}]}}