{"id":41475,"date":"2023-02-12T03:00:19","date_gmt":"2023-02-12T03:00:19","guid":{"rendered":"https:\/\/www.sisinternational.com\/?page_id=41475"},"modified":"2026-01-25T19:27:48","modified_gmt":"2026-01-26T00:27:48","slug":"etude-de-marche-sur-la-perte-auditive","status":"publish","type":"page","link":"https:\/\/www.sisinternational.com\/fr\/competence\/etude-de-marche-sur-la-perte-auditive\/","title":{"rendered":"\u00c9tude de march\u00e9 sur la perte auditive\u00a0 \u00a0"},"content":{"rendered":"<h1 class=\"wp-block-heading\">\u00c9tude de march\u00e9 sur la perte auditive<\/h1>\n\n\n\n<figure class=\"gb-block-image gb-block-image-c073b84e\"><img loading=\"lazy\" decoding=\"async\" width=\"1456\" height=\"816\" class=\"gb-image gb-image-c073b84e\" src=\"https:\/\/www.sisinternational.com\/wp-content\/uploads\/2025\/08\/Hearing-loss-1.jpg\" alt=\"\u00c9tudes de march\u00e9 et strat\u00e9gie internationales SIS\" title=\"Hearing loss (1)\" srcset=\"https:\/\/www.sisinternational.com\/wp-content\/uploads\/2025\/08\/Hearing-loss-1.jpg 1456w, https:\/\/www.sisinternational.com\/wp-content\/uploads\/2025\/08\/Hearing-loss-1-300x168.jpg 300w, https:\/\/www.sisinternational.com\/wp-content\/uploads\/2025\/08\/Hearing-loss-1-1024x574.jpg 1024w, https:\/\/www.sisinternational.com\/wp-content\/uploads\/2025\/08\/Hearing-loss-1-768x430.jpg 768w, https:\/\/www.sisinternational.com\/wp-content\/uploads\/2025\/08\/Hearing-loss-1-18x10.jpg 18w\" sizes=\"auto, (max-width: 1456px) 100vw, 1456px\"><\/figure>\n\n\n\n<p><\/p>\n\n\n\n<p>La perte auditive est une baisse de la perception auditive. Elle peut \u00eatre provoqu\u00e9e par un certain nombre de facteurs, tels que des l\u00e9sions de l&#039;oreille ou de l&#039;oreille interne, une exposition \u00e0 un bruit intense, des m\u00e9dicaments sp\u00e9cifiques et le vieillissement. Une perte auditive l\u00e9g\u00e8re \u00e0 s\u00e9v\u00e8re peut \u00eatre temporaire ou permanente. Les sympt\u00f4mes de la perte auditive comprennent des difficult\u00e9s \u00e0 comprendre les mots, des difficult\u00e9s \u00e0 entendre dans des situations bruyantes et des bourdonnements ou bourdonnements d\u2019oreilles. La perte auditive peut \u00eatre trait\u00e9e de diff\u00e9rentes mani\u00e8res, notamment par la chirurgie, les implants cochl\u00e9aires et les appareils auditifs.<\/p>\n\n\n\n<h2 class=\"wp-block-heading\">Avantages d\u2019avoir une entreprise qui aide les personnes malentendantes\u00a0:<\/h2>\n\n\n\n<h3 class=\"wp-block-heading\">Les \u00e9tudes de march\u00e9 sur la perte auditive pr\u00e9sentent les avantages suivants\u00a0:<\/h3>\n\n\n\n<h3 class=\"wp-block-heading\">Personnellement enrichissant<\/h3>\n\n\n\n<p>Cr\u00e9er une entreprise qui fournit des services aux personnes malentendantes peut \u00eatre personnellement gratifiant, car cela permet au propri\u00e9taire de l&#039;entreprise d&#039;avoir une influence positive sur les autres. C\u2019est id\u00e9al pour les entrepreneurs qui souhaitent avoir un impact positif sur la communaut\u00e9.<\/p>\n\n\n\n<h3 class=\"wp-block-heading\">March\u00e9 coh\u00e9rent<\/h3>\n\n\n\n<p>As the population ages and more people become affected by hearing loss, there is an increasing need for goods and services that can assist those with the condition. A number of entrepreneurs begin their ventures in the deaf community and then eventually <a href=\"https:\/\/www.sisinternational.com\/fr\/elargir-la-portee-du-marche-grace-a-une-strategie-marketing-a-multiples-facettes\/\" title=\"\u00c9largir la port\u00e9e du march\u00e9 gr\u00e2ce \u00e0 une strat\u00e9gie marketing \u00e0 multiples facettes\"  data-wpil-monitor-id=\"8159\">expand into larger markets<\/a>.<\/p>\n\n\n\n<h3 class=\"wp-block-heading\">Croissance attendue<\/h3>\n\n\n\n<figure class=\"gb-block-image gb-block-image-3dc19364\"><img loading=\"lazy\" decoding=\"async\" width=\"1456\" height=\"816\" class=\"gb-image gb-image-3dc19364\" src=\"https:\/\/www.sisinternational.com\/wp-content\/uploads\/2025\/08\/Hearing-loss-5.jpg\" alt=\"\u00c9tudes de march\u00e9 et strat\u00e9gie internationales SIS\" title=\"Hearing loss (5)\" srcset=\"https:\/\/www.sisinternational.com\/wp-content\/uploads\/2025\/08\/Hearing-loss-5.jpg 1456w, https:\/\/www.sisinternational.com\/wp-content\/uploads\/2025\/08\/Hearing-loss-5-300x168.jpg 300w, https:\/\/www.sisinternational.com\/wp-content\/uploads\/2025\/08\/Hearing-loss-5-1024x574.jpg 1024w, https:\/\/www.sisinternational.com\/wp-content\/uploads\/2025\/08\/Hearing-loss-5-768x430.jpg 768w, https:\/\/www.sisinternational.com\/wp-content\/uploads\/2025\/08\/Hearing-loss-5-18x10.jpg 18w\" sizes=\"auto, (max-width: 1456px) 100vw, 1456px\"><\/figure>\n\n\n\n<p><\/p>\n\n\n\n<p>The hearing aid and <a href=\"https:\/\/www.sisinternational.com\/fr\/competence\/les-industries\/etude-de-marche-des-assistantes-infirmieres-virtuelles\/\" title=\"\u00c9tude de march\u00e9 sur les assistants infirmiers virtuels\"  data-wpil-monitor-id=\"8160\">assistive technology market<\/a> is anticipated to increase; this projection provides financial opportunities for entrepreneurs in this field. Since the number of people with hearing loss is expected to increase over time, businesses that produce or sell assistive listening devices and offer audiology therapy can see an increase in demand. Additionally, companies that try to accommodate clients with hearing loss\u2014for example, by offering captioning or sign language interpretation\u2014might notice an increase in client loyalty and satisfaction.<\/p>\n\n\n\n<h3 class=\"wp-block-heading\">Cr\u00e9ation d&#039;emploi<\/h3>\n\n\n\n<p>D\u00e9marrer une entreprise offrant des services aux personnes malentendantes peut conduire \u00e0 la cr\u00e9ation d&#039;emplois pour d&#039;autres personnes, ce qui contribuera \u00e0 la croissance de l&#039;\u00e9conomie et \u00e0 l&#039;am\u00e9lioration du niveau de vie de chacun.<\/p>\n\n\n\n<h2 class=\"wp-block-heading\">D\u00e9fis et opportunit\u00e9s commerciales<\/h2>\n\n\n\n<p>It is helpful to perform <a href=\"https:\/\/www.sisinternational.com\/fr\/competence\/les-industries\/etude-de-marche-sur-la-perte-de-poids-des-aliments-dietetiques\/\" title=\"\u00c9tude de march\u00e9 sur les aliments di\u00e9t\u00e9tiques et la perte de poids\"  data-wpil-monitor-id=\"5661\">market research regarding hearing loss<\/a> to help verify information from an entrepreneurial perspective. The following are some of the challenges and opportunities:<\/p>\n\n\n\n<h3 class=\"wp-block-heading\">D\u00e9fis<\/h3>\n\n\n\n<figure class=\"gb-block-image gb-block-image-9b81eb65\"><img loading=\"lazy\" decoding=\"async\" width=\"1456\" height=\"816\" class=\"gb-image gb-image-9b81eb65\" src=\"https:\/\/www.sisinternational.com\/wp-content\/uploads\/2025\/08\/Hearing-loss-3.jpg\" alt=\"\u00c9tudes de march\u00e9 et strat\u00e9gie internationales SIS\" title=\"Hearing loss (3)\" srcset=\"https:\/\/www.sisinternational.com\/wp-content\/uploads\/2025\/08\/Hearing-loss-3.jpg 1456w, https:\/\/www.sisinternational.com\/wp-content\/uploads\/2025\/08\/Hearing-loss-3-300x168.jpg 300w, https:\/\/www.sisinternational.com\/wp-content\/uploads\/2025\/08\/Hearing-loss-3-1024x574.jpg 1024w, https:\/\/www.sisinternational.com\/wp-content\/uploads\/2025\/08\/Hearing-loss-3-768x430.jpg 768w, https:\/\/www.sisinternational.com\/wp-content\/uploads\/2025\/08\/Hearing-loss-3-18x10.jpg 18w\" sizes=\"auto, (max-width: 1456px) 100vw, 1456px\"><\/figure>\n\n\n\n<p><\/p>\n\n\n\n<p>It may be challenging to stand out and draw clients when there are many other companies offering comparable goods and services. It might also be difficult to maintain prices low enough for customers to afford devices for people with hearing loss. Similarly,&nbsp; developing and producing new hearing aid technology can be costly, which may be a barrier for small businesses or start-ups. Access to resources including audiologists and other professionals may be restricted.<\/p>\n\n\n\n<p>En raison de la r\u00e9glementation \u00e9tendue des secteurs des aides auditives et des aides auditives, il peut \u00eatre difficile de n\u00e9gocier les proc\u00e9dures juridiques et d&#039;obtenir les certifications et licences requises. De plus, il peut s&#039;av\u00e9rer difficile de promouvoir efficacement les biens et services aupr\u00e8s des personnes malentendantes en raison d&#039;un \u00e9ventuel manque de connaissances sur les options qui leur sont accessibles.<\/p>\n\n\n\n<h3 class=\"wp-block-heading\">Opportunit\u00e9s<\/h3>\n\n\n\n<p>There are many opportunities that exist in the field of hearing loss. It&#8217;s a growing area with new <a href=\"https:\/\/www.sisinternational.com\/fr\/solutions\/solutions-edtech-de-technologie-educative\/\" title=\"Solutions technologiques pour l&#039;\u00e9ducation (EdTech)\"  data-wpil-monitor-id=\"8163\">technologies and solutions<\/a> emerging. The market for cutting-edge cochlear implants and hearing aids that offer better sound quality and connectivity to other devices is expanding. Technologies that can help people with hearing loss in specific situations, such as personal sound amplification items, are available on the <a href=\"https:\/\/www.sisinternational.com\/fr\/competence\/les-industries\/etude-de-marche-sur-les-dispositifs-medicaux\/\" title=\"\u00c9tude de march\u00e9 sur les dispositifs m\u00e9dicaux\"  data-wpil-monitor-id=\"8161\">market as assistive listening devices<\/a>.<\/p>\n\n\n\n<p>Also, <a href=\"https:\/\/www.sisinternational.com\/fr\/solutions\/test-de-gout\/services-de-degustation-a-new-york\/\" title=\"Services de d\u00e9gustation \u00e0 New York\"  data-wpil-monitor-id=\"8162\">services for testing<\/a> and evaluation of hearing are required in both clinical and non-clinical contexts. To diagnose, treat, and rehabilitate patients, audiologists and hearing healthcare specialists are needed. Hence, there is much potential for businesses to <a href=\"https:\/\/www.sisinternational.com\/fr\/solutions\/recherche-de-conseil-en-strategie-fintech\/etude-de-marche-sur-les-technologies-dinvestissement\/\" title=\"\u00c9tude de march\u00e9 sur les technologies d\u2019investissement\"  data-wpil-monitor-id=\"8158\">invest in and market innovative technologies<\/a> and therapies in the field of hearing loss.<\/p>\n\n\n\n<h2 class=\"wp-block-heading\">\u00c0 propos de l\u2019\u00e9tude de march\u00e9 sur la perte auditive<\/h2>\n\n\n\n<figure class=\"gb-block-image gb-block-image-747beacd\"><img loading=\"lazy\" decoding=\"async\" width=\"1456\" height=\"816\" class=\"gb-image gb-image-747beacd\" src=\"https:\/\/www.sisinternational.com\/wp-content\/uploads\/2025\/08\/Hearing-loss-4.jpg\" alt=\"\u00c9tudes de march\u00e9 et strat\u00e9gie internationales SIS\" title=\"Hearing loss (4)\" srcset=\"https:\/\/www.sisinternational.com\/wp-content\/uploads\/2025\/08\/Hearing-loss-4.jpg 1456w, https:\/\/www.sisinternational.com\/wp-content\/uploads\/2025\/08\/Hearing-loss-4-300x168.jpg 300w, https:\/\/www.sisinternational.com\/wp-content\/uploads\/2025\/08\/Hearing-loss-4-1024x574.jpg 1024w, https:\/\/www.sisinternational.com\/wp-content\/uploads\/2025\/08\/Hearing-loss-4-768x430.jpg 768w, https:\/\/www.sisinternational.com\/wp-content\/uploads\/2025\/08\/Hearing-loss-4-18x10.jpg 18w\" sizes=\"auto, (max-width: 1456px) 100vw, 1456px\"><\/figure>\n\n\n\n<p><\/p>\n\n\n\n<p>Information from <a href=\"https:\/\/www.sisinternational.com\/fr\/contacter-sis-etude-de-marche-internationale\/\" title=\"Contactez-nous\"  data-wpil-monitor-id=\"8156\">Recherche internationale SIS<\/a>, both quantitative and qualitative, is accurate and timely. The introduction of corporate expansion strategies will be significantly more effective with the help of hearing loss market research. Focus groups, surveys, in-depth interviews, and other research techniques can all be carried out by <a href=\"https:\/\/www.sisinternational.com\/fr\/paque-de-paques-et-linevitable-lapin-en-chocolat\/\" title=\"\u00c9tude de march\u00e9 de P\u00e2ques\"  data-wpil-monitor-id=\"8157\">SIS<\/a>.<\/p>\n\n\n\n<p>SIS International propose des recherches quantitatives, qualitatives et strat\u00e9giques. Nous fournissons des donn\u00e9es, des outils, des strat\u00e9gies, des rapports et des informations pour la prise de d\u00e9cision. Nous menons des entretiens, des enqu\u00eates, des groupes de discussion et de nombreuses autres m\u00e9thodes et approches d&#039;\u00e9tudes de march\u00e9. Contactez-nous pour votre prochain projet d&#039;\u00e9tude de march\u00e9.<\/p>","protected":false},"excerpt":{"rendered":"<p>Il est utile d\u2019effectuer une \u00e9tude de march\u00e9 sur la perte auditive pour aider \u00e0 v\u00e9rifier les informations d\u2019un point de vue entrepreneurial.<\/p>","protected":false},"author":1,"featured_media":63689,"parent":14514,"menu_order":173,"comment_status":"closed","ping_status":"closed","template":"","meta":{"footnotes":""},"class_list":["post-41475","page","type-page","status-publish","has-post-thumbnail"],"_links":{"self":[{"href":"https:\/\/www.sisinternational.com\/fr\/wp-json\/wp\/v2\/pages\/41475","targetHints":{"allow":["GET"]}}],"collection":[{"href":"https:\/\/www.sisinternational.com\/fr\/wp-json\/wp\/v2\/pages"}],"about":[{"href":"https:\/\/www.sisinternational.com\/fr\/wp-json\/wp\/v2\/types\/page"}],"author":[{"embeddable":true,"href":"https:\/\/www.sisinternational.com\/fr\/wp-json\/wp\/v2\/users\/1"}],"replies":[{"embeddable":true,"href":"https:\/\/www.sisinternational.com\/fr\/wp-json\/wp\/v2\/comments?post=41475"}],"version-history":[{"count":5,"href":"https:\/\/www.sisinternational.com\/fr\/wp-json\/wp\/v2\/pages\/41475\/revisions"}],"predecessor-version":[{"id":81373,"href":"https:\/\/www.sisinternational.com\/fr\/wp-json\/wp\/v2\/pages\/41475\/revisions\/81373"}],"up":[{"embeddable":true,"href":"https:\/\/www.sisinternational.com\/fr\/wp-json\/wp\/v2\/pages\/14514"}],"wp:featuredmedia":[{"embeddable":true,"href":"https:\/\/www.sisinternational.com\/fr\/wp-json\/wp\/v2\/media\/63689"}],"wp:attachment":[{"href":"https:\/\/www.sisinternational.com\/fr\/wp-json\/wp\/v2\/media?parent=41475"}],"curies":[{"name":"wp","href":"https:\/\/api.w.org\/{rel}","templated":true}]}}