{"id":41471,"date":"2023-02-12T02:35:58","date_gmt":"2023-02-12T02:35:58","guid":{"rendered":"https:\/\/www.sisinternational.com\/?page_id=41471"},"modified":"2025-10-22T00:48:30","modified_gmt":"2025-10-22T04:48:30","slug":"etude-de-marche-sur-le-gypse","status":"publish","type":"page","link":"https:\/\/www.sisinternational.com\/fr\/competence\/etude-de-marche-sur-le-gypse\/","title":{"rendered":"\u00c9tude de march\u00e9 sur le gypse"},"content":{"rendered":"<h1 class=\"wp-block-heading\">\u00c9tude de march\u00e9 sur le gypse<\/h1>\n\n\n\n<figure class=\"gb-block-image gb-block-image-5b5d7f10\"><img loading=\"lazy\" decoding=\"async\" width=\"1456\" height=\"816\" class=\"gb-image gb-image-5b5d7f10\" src=\"https:\/\/www.sisinternational.com\/wp-content\/uploads\/2025\/10\/Gypsum-4.jpg\" alt=\"\u00c9tudes de march\u00e9 et strat\u00e9gie internationales SIS\" title=\"Gypsum (4)\" srcset=\"https:\/\/www.sisinternational.com\/wp-content\/uploads\/2025\/10\/Gypsum-4.jpg 1456w, https:\/\/www.sisinternational.com\/wp-content\/uploads\/2025\/10\/Gypsum-4-300x168.jpg 300w, https:\/\/www.sisinternational.com\/wp-content\/uploads\/2025\/10\/Gypsum-4-1024x574.jpg 1024w, https:\/\/www.sisinternational.com\/wp-content\/uploads\/2025\/10\/Gypsum-4-768x430.jpg 768w, https:\/\/www.sisinternational.com\/wp-content\/uploads\/2025\/10\/Gypsum-4-18x10.jpg 18w\" sizes=\"auto, (max-width: 1456px) 100vw, 1456px\"><\/figure>\n\n\n\n<p><\/p>\n\n\n\n<h2 class=\"wp-block-heading\">\u00c0 propos de l\u2019\u00e9tude de march\u00e9 sur le gypse<\/h2>\n\n\n\n<p>Le gypse est un min\u00e9ral tr\u00e8s dynamique offrant des opportunit\u00e9s de croissance sur le march\u00e9 mondial. Il g\u00e9n\u00e8re des milliards de dollars de revenus annuels et suscite l\u2019int\u00e9r\u00eat de nombreux investisseurs. Les utilisations du gypse sont nombreuses et incluent les applications suivantes\u00a0:<\/p>\n\n\n\n<ul class=\"wp-block-list\">\n<li>Le secteur du b\u00e2timent<\/li>\n\n\n\n<li>Dentisterie<\/li>\n\n\n\n<li>Agriculture<\/li>\n\n\n\n<li>Sculpture et art<\/li>\n\n\n\n<li>Conception et architecture<\/li>\n\n\n\n<li><a href=\"https:\/\/www.sisinternational.com\/fr\/solutions\/etude-de-marche-sur-lindustrie-des-boissons-alimentaires\/\" title=\"\u00c9tude de march\u00e9 de l&#039;industrie alimentaire et des boissons\"  data-wpil-monitor-id=\"8521\">Industrie agroalimentaire<\/a><\/li>\n<\/ul>\n\n\n\n<p>Gypsum is not only as a consumer product but also is a valuable natural resource. Therefore, its processing after <a href=\"https:\/\/www.sisinternational.com\/fr\/competence\/les-industries\/etude-de-marche-sur-lexploitation-miniere-spatiale\/\" title=\"\u00c9tude de march\u00e9 sur l\u2019exploitation mini\u00e8re spatiale\"  data-wpil-monitor-id=\"8526\">mining is a high-value market<\/a>. Gypsum&#8217;s broad impact on society makes it a commodity with both economic and social value.<\/p>\n\n\n\n<h2 class=\"wp-block-heading\">Quel est le march\u00e9 mondial du gypse<\/h2>\n\n\n\n<h3 class=\"wp-block-heading\">Il existe une plus grande r\u00e9partition des pays producteurs de gypse par rapport \u00e0 d\u2019autres min\u00e9raux pr\u00e9cieux. Les principaux pays producteurs de gypse sont :<\/h3>\n\n\n\n<ul class=\"wp-block-list\">\n<li>Chine<\/li>\n\n\n\n<li>Etats-Unis<\/li>\n\n\n\n<li>L&#039;Iran<\/li>\n\n\n\n<li>Turquie<\/li>\n\n\n\n<li>Espagne<\/li>\n\n\n\n<li>Tha\u00eflande<\/li>\n\n\n\n<li>Japon<\/li>\n\n\n\n<li>F\u00e9d\u00e9ration Russe<\/li>\n\n\n\n<li>Mexique<\/li>\n\n\n\n<li>Italie<\/li>\n<\/ul>\n\n\n\n<p>Une telle r\u00e9partition g\u00e9ographique est avantageuse pour exploiter les opportunit\u00e9s commerciales car elle \u00e9limine le quasi-monopole et les pratiques d\u00e9loyales des grands distributeurs et acheteurs. La taille croissante du march\u00e9 et la croissance continue du march\u00e9 du gypse en font un point d\u2019int\u00e9r\u00eat attractif.<\/p>\n\n\n\n<h2 class=\"wp-block-heading\">Pourquoi l\u2019\u00e9tude de march\u00e9 sur le gypse est importante<\/h2>\n\n\n\n<figure class=\"gb-block-image gb-block-image-946bab75\"><img loading=\"lazy\" decoding=\"async\" width=\"1456\" height=\"816\" class=\"gb-image gb-image-946bab75\" src=\"https:\/\/www.sisinternational.com\/wp-content\/uploads\/2025\/10\/Gypsum-2.jpg\" alt=\"\u00c9tudes de march\u00e9 et strat\u00e9gie internationales SIS\" title=\"Gypsum (2)\" srcset=\"https:\/\/www.sisinternational.com\/wp-content\/uploads\/2025\/10\/Gypsum-2.jpg 1456w, https:\/\/www.sisinternational.com\/wp-content\/uploads\/2025\/10\/Gypsum-2-300x168.jpg 300w, https:\/\/www.sisinternational.com\/wp-content\/uploads\/2025\/10\/Gypsum-2-1024x574.jpg 1024w, https:\/\/www.sisinternational.com\/wp-content\/uploads\/2025\/10\/Gypsum-2-768x430.jpg 768w, https:\/\/www.sisinternational.com\/wp-content\/uploads\/2025\/10\/Gypsum-2-18x10.jpg 18w\" sizes=\"auto, (max-width: 1456px) 100vw, 1456px\"><\/figure>\n\n\n\n<p><\/p>\n\n\n\n<p>Le <a href=\"https:\/\/www.sisinternational.com\/fr\/solutions\/solutions-de-recherche-qualitative-et-quantitative\/etude-de-marche-danalyse-chaid\/\" title=\"CHAID Analyse \u00c9tude de march\u00e9\"  data-wpil-monitor-id=\"8523\">analysis of the gypsum market<\/a> is of great importance to contemporary societies. The social utility of gypsum adds value to the research. The by-products of gypsum are essential components in a wide range of applications. The main products of gypsum are:<\/p>\n\n\n\n<ul class=\"wp-block-list\">\n<li>Cloison s\u00e8che<\/li>\n\n\n\n<li>Pl\u00e2tre<\/li>\n\n\n\n<li>Blocs de construction<\/li>\n\n\n\n<li>Plaques de pl\u00e2tre<\/li>\n\n\n\n<li>Pl\u00e2tres dentaires<\/li>\n\n\n\n<li>Engrais<\/li>\n<\/ul>\n\n\n\n<p>La diversit\u00e9 des utilisations du gypse souligne son importance. C\u2019est la base de la construction de nombreux mat\u00e9riaux utilis\u00e9s dans de nombreux domaines. Ces domaines comprennent la construction, la m\u00e9decine et l\u2019environnement.<\/p>\n\n\n\n<h2 class=\"wp-block-heading\">Le r\u00f4le du gypse dans la construction<\/h2>\n\n\n\n<p>The whole building industry would be different without gypsum. Most types of houses use dry construction for their foundations. At the same time, gypsum is a key <a href=\"https:\/\/www.sisinternational.com\/fr\/competence\/les-industries\/etude-de-marche-avancee-sur-les-materiaux-dinterieur\/\" title=\"\u00c9tude de march\u00e9 avanc\u00e9e sur les mat\u00e9riaux d\u2019int\u00e9rieur\"  data-wpil-monitor-id=\"8527\">material for structuring the interior<\/a> of houses. It is used for ceilings and partitions, as a sound-absorbing, heat-resistant and damp-proofing material. The use of gypsum in the construction of houses guarantees the provision of high-quality services in the housing sector.<\/p>\n\n\n\n<h2 class=\"wp-block-heading\">Le r\u00f4le du gypse en dentisterie<\/h2>\n\n\n\n<p>La dentisterie b\u00e9n\u00e9ficie grandement de l\u2019utilisation du gypse. De nombreux types de produits dentaires l\u2019utilisent sous forme min\u00e9rale et synth\u00e9tique. Les empl\u00e2tres dentaires et les calculs dentaires contiennent du pl\u00e2tre. Les proth\u00e9sistes dentaires et les dentistes l&#039;utilisent comme mat\u00e9riau essentiel dans leur travail. De plus, le gypse est utilis\u00e9 pour diverses autres applications dentaires telles que les proth\u00e8ses dentaires, la fabrication de moules et la mod\u00e9lisation de l&#039;anatomie buccale du patient.<\/p>\n\n\n\n<h2 class=\"wp-block-heading\">Le r\u00f4le du gypse en agriculture<\/h2>\n\n\n\n<figure class=\"gb-block-image gb-block-image-540da710\"><img loading=\"lazy\" decoding=\"async\" width=\"1456\" height=\"816\" class=\"gb-image gb-image-540da710\" src=\"https:\/\/www.sisinternational.com\/wp-content\/uploads\/2025\/10\/Gypsum-3.jpg\" alt=\"\u00c9tudes de march\u00e9 et strat\u00e9gie internationales SIS\" title=\"Gypsum (3)\" srcset=\"https:\/\/www.sisinternational.com\/wp-content\/uploads\/2025\/10\/Gypsum-3.jpg 1456w, https:\/\/www.sisinternational.com\/wp-content\/uploads\/2025\/10\/Gypsum-3-300x168.jpg 300w, https:\/\/www.sisinternational.com\/wp-content\/uploads\/2025\/10\/Gypsum-3-1024x574.jpg 1024w, https:\/\/www.sisinternational.com\/wp-content\/uploads\/2025\/10\/Gypsum-3-768x430.jpg 768w, https:\/\/www.sisinternational.com\/wp-content\/uploads\/2025\/10\/Gypsum-3-18x10.jpg 18w\" sizes=\"auto, (max-width: 1456px) 100vw, 1456px\"><\/figure>\n\n\n\n<p><\/p>\n\n\n\n<p>Une autre application utile du gypse est l\u2019agriculture. Il agit comme un ingr\u00e9dient qui facilite l&#039;absorption de l&#039;eau par le sol et am\u00e9liore ses qualit\u00e9s, entra\u00eenant la production de meilleures plantes, l\u00e9gumes et fruits. Le gypse pr\u00e9vient \u00e9galement l\u2019\u00e9rosion des sols, r\u00e9duit la toxicit\u00e9 de l\u2019aluminium et constitue un engrais de haute qualit\u00e9. L\u2019ensemble de l\u2019industrie alimentaire favorise l\u2019utilisation du gypse d\u00e8s les premi\u00e8res \u00e9tapes de la production alimentaire, tandis que les citoyens b\u00e9n\u00e9ficient de la consommation d\u2019aliments nutritifs et sains.<\/p>\n\n\n\n<h2 class=\"wp-block-heading\">Titres de poste cl\u00e9s<\/h2>\n\n\n\n<h3 class=\"wp-block-heading\">Il existe plusieurs emplois cl\u00e9s associ\u00e9s \u00e0 l\u2019industrie du gypse\u00a0:<\/h3>\n\n\n\n<ul class=\"wp-block-list\">\n<li>Ing\u00e9nieurs miniers<\/li>\n\n\n\n<li>Op\u00e9rateurs miniers<\/li>\n\n\n\n<li>Chefs de produits<\/li>\n\n\n\n<li>Responsables des transports<\/li>\n\n\n\n<li>Responsables d&#039;automatisation et de contr\u00f4le<\/li>\n\n\n\n<li>Analystes de produits<\/li>\n\n\n\n<li>Coordonnateurs de la cha\u00eene d&#039;approvisionnement<\/li>\n<\/ul>\n\n\n\n<p>L\u2019ensemble du processus d\u2019extraction, de transformation et de commerce du gypse est sp\u00e9cialis\u00e9, garantissant \u00e0 la fois une forte demande et la cr\u00e9ation d\u2019emplois bien r\u00e9mun\u00e9r\u00e9s.<\/p>\n\n\n\n<p>Gypsum is a versatile product that benefits many key industries. Generating billions of dollars in annual revenue, it attracts the interest of investors and funds worldwide. The high value of gypsum is largely due to its high utility and demand. It is <a href=\"https:\/\/www.sisinternational.com\/fr\/solutions\/recherche-de-conseil-en-strategie-fintech\/etude-de-marche-sur-le-trading-algorithmique\/\" title=\"\u00c9tude de march\u00e9 sur le trading algorithmique\"  data-wpil-monitor-id=\"8525\">traded on the stock market<\/a> and is seen by the business community as a viable and profitable asset. It is highly sustainable, non-toxic and therefore not harmful to humans. Gypsum&#8217;s main disadvantage is its short shelf life. This means that it must be made available quickly to the professionals who need to use it. Another minor drawback to consider is the environmental impact of drywall production, although it&#8217;s rather limited compared to the industrial process of other minerals. The overall picture of the gypsum <a href=\"https:\/\/www.sisinternational.com\/fr\/solutions\/solutions-de-branding-et-de-recherche-client\/etude-de-marche-sur-le-positionnement-de-la-marque\/\" title=\"\u00c9tude de march\u00e9 sur le positionnement de la marque\"  data-wpil-monitor-id=\"8528\">market is positive<\/a> showing optimistic growth potential.<\/p>\n\n\n\n<h2 class=\"wp-block-heading\">\u00c0 propos de l\u2019\u00e9tude de march\u00e9 sur le gypse<\/h2>\n\n\n\n<figure class=\"gb-block-image gb-block-image-7499262e\"><img loading=\"lazy\" decoding=\"async\" width=\"1456\" height=\"816\" class=\"gb-image gb-image-7499262e\" src=\"https:\/\/www.sisinternational.com\/wp-content\/uploads\/2025\/10\/Gypsum-1.jpg\" alt=\"\u00c9tudes de march\u00e9 et strat\u00e9gie internationales SIS\" title=\"Gypsum (1)\" srcset=\"https:\/\/www.sisinternational.com\/wp-content\/uploads\/2025\/10\/Gypsum-1.jpg 1456w, https:\/\/www.sisinternational.com\/wp-content\/uploads\/2025\/10\/Gypsum-1-300x168.jpg 300w, https:\/\/www.sisinternational.com\/wp-content\/uploads\/2025\/10\/Gypsum-1-1024x574.jpg 1024w, https:\/\/www.sisinternational.com\/wp-content\/uploads\/2025\/10\/Gypsum-1-768x430.jpg 768w, https:\/\/www.sisinternational.com\/wp-content\/uploads\/2025\/10\/Gypsum-1-18x10.jpg 18w\" sizes=\"auto, (max-width: 1456px) 100vw, 1456px\"><\/figure>\n\n\n\n<p><\/p>\n\n\n\n<p>SIS International offers Quantitative, Qualitative, and Strategy Research. We provide data, tools, strategies, reports, and insights for decision-making. We conduct interviews, surveys, focus groups, and many other <a href=\"https:\/\/www.sisinternational.com\/fr\/quantitative-market-research-methods-and-techniques\/\" title=\"Quantitative Market Research Methods and Techniques\"  data-wpil-monitor-id=\"8517\">Market Research methods<\/a> and approaches. Contact us for your <a href=\"https:\/\/www.sisinternational.com\/fr\/competence\/les-industries\/etude-de-marche-sur-les-technologies-de-nouvelle-generation\/\" title=\"\u00c9tude de march\u00e9 sur les technologies de nouvelle g\u00e9n\u00e9ration\"  data-wpil-monitor-id=\"8519\">next Market Research<\/a> projet.<\/p>\n\n\n\n<p><\/p>","protected":false},"excerpt":{"rendered":"<p>Le gypse est un produit polyvalent utile \u00e0 de nombreuses industries cl\u00e9s. Il g\u00e9n\u00e8re des milliards de dollars de revenus annuels, attirant des investisseurs du monde entier.<\/p>","protected":false},"author":1,"featured_media":72089,"parent":14514,"menu_order":172,"comment_status":"closed","ping_status":"closed","template":"","meta":{"footnotes":""},"class_list":["post-41471","page","type-page","status-publish","has-post-thumbnail"],"_links":{"self":[{"href":"https:\/\/www.sisinternational.com\/fr\/wp-json\/wp\/v2\/pages\/41471","targetHints":{"allow":["GET"]}}],"collection":[{"href":"https:\/\/www.sisinternational.com\/fr\/wp-json\/wp\/v2\/pages"}],"about":[{"href":"https:\/\/www.sisinternational.com\/fr\/wp-json\/wp\/v2\/types\/page"}],"author":[{"embeddable":true,"href":"https:\/\/www.sisinternational.com\/fr\/wp-json\/wp\/v2\/users\/1"}],"replies":[{"embeddable":true,"href":"https:\/\/www.sisinternational.com\/fr\/wp-json\/wp\/v2\/comments?post=41471"}],"version-history":[{"count":4,"href":"https:\/\/www.sisinternational.com\/fr\/wp-json\/wp\/v2\/pages\/41471\/revisions"}],"predecessor-version":[{"id":81429,"href":"https:\/\/www.sisinternational.com\/fr\/wp-json\/wp\/v2\/pages\/41471\/revisions\/81429"}],"up":[{"embeddable":true,"href":"https:\/\/www.sisinternational.com\/fr\/wp-json\/wp\/v2\/pages\/14514"}],"wp:featuredmedia":[{"embeddable":true,"href":"https:\/\/www.sisinternational.com\/fr\/wp-json\/wp\/v2\/media\/72089"}],"wp:attachment":[{"href":"https:\/\/www.sisinternational.com\/fr\/wp-json\/wp\/v2\/media?parent=41471"}],"curies":[{"name":"wp","href":"https:\/\/api.w.org\/{rel}","templated":true}]}}