{"id":41468,"date":"2023-02-12T02:18:51","date_gmt":"2023-02-12T02:18:51","guid":{"rendered":"https:\/\/www.sisinternational.com\/?page_id=41468"},"modified":"2026-01-24T21:23:36","modified_gmt":"2026-01-25T02:23:36","slug":"etude-de-marche-sur-le-transport-de-carburant","status":"publish","type":"page","link":"https:\/\/www.sisinternational.com\/fr\/competence\/etude-de-marche-sur-le-transport-de-carburant\/","title":{"rendered":"\u00c9tude de march\u00e9 sur le transport de carburant"},"content":{"rendered":"<h1 class=\"wp-block-heading\">\u00c9tude de march\u00e9 sur le transport de carburant<\/h1>\n\n\n\n<figure class=\"gb-block-image gb-block-image-26992046\"><img loading=\"lazy\" decoding=\"async\" width=\"1456\" height=\"816\" class=\"gb-image gb-image-26992046\" src=\"https:\/\/www.sisinternational.com\/wp-content\/uploads\/2025\/08\/Aiirline-jetfuel-airplane-4.jpg\" alt=\"\u00c9tudes de march\u00e9 et strat\u00e9gie internationales SIS\" title=\"Aiirline jetfuel airplane (4)\" srcset=\"https:\/\/www.sisinternational.com\/wp-content\/uploads\/2025\/08\/Aiirline-jetfuel-airplane-4.jpg 1456w, https:\/\/www.sisinternational.com\/wp-content\/uploads\/2025\/08\/Aiirline-jetfuel-airplane-4-300x168.jpg 300w, https:\/\/www.sisinternational.com\/wp-content\/uploads\/2025\/08\/Aiirline-jetfuel-airplane-4-1024x574.jpg 1024w, https:\/\/www.sisinternational.com\/wp-content\/uploads\/2025\/08\/Aiirline-jetfuel-airplane-4-768x430.jpg 768w, https:\/\/www.sisinternational.com\/wp-content\/uploads\/2025\/08\/Aiirline-jetfuel-airplane-4-18x10.jpg 18w\" sizes=\"auto, (max-width: 1456px) 100vw, 1456px\"><\/figure>\n\n\n\n<p><\/p>\n\n\n\n<p>L\u2019\u00e9tude de march\u00e9 sur le transport de carburant vise \u00e0 recueillir des donn\u00e9es sur les tendances actuelles du march\u00e9 et les facteurs ayant un impact sur cette industrie en constante croissance. Les carburants de transport sont n\u00e9cessaires dans de nombreuses industries car ils constituent des sources d\u2019\u00e9nergie pour alimenter divers v\u00e9hicules.<\/p>\n\n\n\n<p>L\u2019\u00e9tude de march\u00e9 sur le transport de carburant fournit des informations qui aideront les dirigeants et les investisseurs de l\u2019industrie, les principaux acteurs commerciaux et autres acteurs de l\u2019industrie \u00e0 prendre des d\u00e9cisions importantes. La valeur des donn\u00e9es et des strat\u00e9gies dans le secteur du transport de carburant est essentielle en raison du r\u00f4le que joue ce secteur dans le commerce mondial.<\/p>\n\n\n\n<h2 class=\"wp-block-heading\">Comprendre le carburant de transport<\/h2>\n\n\n\n<p>Le secteur des transports comprend les v\u00e9hicules propuls\u00e9s par des moteurs \u00e0 combustion interne. Ces types de v\u00e9hicules comprennent ceux qui sont utilis\u00e9s pour transporter et d\u00e9placer des personnes et des produits sur terre, sur mer ou dans les airs. Le carburant de transport est la source d\u2019\u00e9nergie utilis\u00e9e pour alimenter ces types de v\u00e9hicules.<\/p>\n\n\n\n<h3 class=\"wp-block-heading\">Les carburants de transport sont le sous-produit de sources d\u2019\u00e9nergie extraites, comme le p\u00e9trole ou le p\u00e9trole brut, qui passent par un processus de raffinage afin de pouvoir \u00eatre convertis en produits utilisables. Ces carburants sont class\u00e9s dans les types suivants\u00a0:<\/h3>\n\n\n\n<p>Essence \u2013 Il s\u2019agit du carburant compos\u00e9 principalement de compos\u00e9s organiques tels que les hydrocarbures issus du p\u00e9trole. Il s\u2019agit d\u2019un liquide transparent et inflammable principalement utilis\u00e9 pour les moteurs \u00e0 combustion interne allum\u00e9s par des \u00e9tincelles. Des exemples de ces v\u00e9hicules comprennent les voitures particuli\u00e8res, les motos, les v\u00e9hicules utilitaires sport et les camions l\u00e9gers.<\/p>\n\n\n\n<p>Carburant diesel \u2013 Fabriqu\u00e9 \u00e0 partir de biomasse et de p\u00e9trole brut, c\u2019est le type de carburant utilis\u00e9 dans les moteurs diesel. Les moteurs diesel sont des moteurs \u00e0 combustion interne qui peuvent \u00eatre allum\u00e9s m\u00eame sans \u00e9tincelle, contrairement aux moteurs \u00e0 essence, et qui utilisent la chaleur comprim\u00e9e dans un cylindre pour l&#039;allumer. Le carburant diesel est utilis\u00e9 sur divers v\u00e9hicules, camions lourds, machines et groupes \u00e9lectrog\u00e8nes.<\/p>\n\n\n\n<p>Carburant d\u2019avion ou carbur\u00e9acteur pour turbine d\u2019aviation (ATF) \u2013 Comme son nom l\u2019indique, il s\u2019agit du type de carburant utilis\u00e9 pour les avions propuls\u00e9s par des turbines \u00e0 gaz. Ces types de carburant sont constitu\u00e9s de plus de deux mille produits chimiques m\u00e9lang\u00e9s et peuvent \u00eatre class\u00e9s en carbur\u00e9acteur, utilis\u00e9 pour les h\u00e9licopt\u00e8res et les avions \u00e0 r\u00e9action, et en essence d&#039;aviation, qui peut \u00eatre une forme d&#039;essence plus raffin\u00e9e et \u00e9galement utilis\u00e9e pour certains avions.<\/p>\n\n\n\n<h2 class=\"wp-block-heading\">Qu\u2019est-ce que l\u2019\u00e9tude de march\u00e9 sur le transport de carburant ?<\/h2>\n\n\n\n<figure class=\"gb-block-image gb-block-image-65288676\"><img loading=\"lazy\" decoding=\"async\" width=\"1456\" height=\"816\" class=\"gb-image gb-image-65288676\" src=\"https:\/\/www.sisinternational.com\/wp-content\/uploads\/2025\/08\/Aiirline-jetfuel-airplane-8.jpg\" alt=\"\u00c9tudes de march\u00e9 et strat\u00e9gie internationales SIS\" title=\"Aiirline jetfuel airplane (8)\" srcset=\"https:\/\/www.sisinternational.com\/wp-content\/uploads\/2025\/08\/Aiirline-jetfuel-airplane-8.jpg 1456w, https:\/\/www.sisinternational.com\/wp-content\/uploads\/2025\/08\/Aiirline-jetfuel-airplane-8-300x168.jpg 300w, https:\/\/www.sisinternational.com\/wp-content\/uploads\/2025\/08\/Aiirline-jetfuel-airplane-8-1024x574.jpg 1024w, https:\/\/www.sisinternational.com\/wp-content\/uploads\/2025\/08\/Aiirline-jetfuel-airplane-8-768x430.jpg 768w, https:\/\/www.sisinternational.com\/wp-content\/uploads\/2025\/08\/Aiirline-jetfuel-airplane-8-18x10.jpg 18w\" sizes=\"auto, (max-width: 1456px) 100vw, 1456px\"><\/figure>\n\n\n\n<p><\/p>\n\n\n\n<p>The need for transportation fuels globally is increasing due to the demands of the growing population and industrialization. As the fuel transport market is expected to grow significantly in the coming years, Fuel <a href=\"https:\/\/www.sisinternational.com\/fr\/transport-en-ambulance\/\" title=\"\u00c9tude de march\u00e9 sur le transport ambulancier\"  data-wpil-monitor-id=\"2079\">Transport Market Research<\/a> provides insights such as:<\/p>\n\n\n\n<ul class=\"wp-block-list\">\n<li>Taille du march\u00e9 et taux de croissance des diff\u00e9rents secteurs du march\u00e9 des carburants de transport<\/li>\n\n\n\n<li>Taille du march\u00e9 et taux de croissance dans certains pays<\/li>\n\n\n\n<li>Discovering the <a href=\"https:\/\/www.sisinternational.com\/fr\/solutions\/solutions-de-recherche-qualitative-et-quantitative\/etude-de-marche-sur-les-facteurs-humains\/\" title=\"\u00c9tude de march\u00e9 sur les facteurs humains\"  data-wpil-monitor-id=\"10210\">factors that will either drive market<\/a> growth or restrain it<\/li>\n\n\n\n<li>Finding out the key <a href=\"https:\/\/www.sisinternational.com\/fr\/solutions\/conseil-en-strategie\/recherche-dopportunites-de-marche\/\" title=\"Recherche d&#039;opportunit\u00e9s de march\u00e9\"  data-wpil-monitor-id=\"10200\">opportunities in the transportation fuel market<\/a><\/li>\n\n\n\n<li>Data and <a href=\"https:\/\/www.sisinternational.com\/fr\/comment-developper-votre-entreprise\/\" title=\"Comment d\u00e9velopper votre entreprise\"  data-wpil-monitor-id=\"10191\">strategies<\/a> in the fuel transport industry can provide key business insights<\/li>\n\n\n\n<li>Understand the major developments in the industry to forecast <a href=\"https:\/\/www.sisinternational.com\/fr\/tendances-futures-des-etudes-de-marche-qualitatives\/\" title=\"Tendances futures en mati\u00e8re d&#039;\u00e9tudes de march\u00e9 qualitatives\"  data-wpil-monitor-id=\"10193\">future trends and market<\/a> movement<\/li>\n\n\n\n<li>Recueillez des informations sur les nouveaux produits potentiels et les mises \u00e0 jour les plus r\u00e9centes, et exploitez des secteurs non d\u00e9couverts.<\/li>\n<\/ul>\n\n\n\n<h2 class=\"wp-block-heading\">Industries qui b\u00e9n\u00e9ficieront des \u00e9tudes de march\u00e9 sur le transport de carburant<\/h2>\n\n\n\n<h3 class=\"wp-block-heading\">L\u2019utilisation du carburant de transport dans le monde entier montre \u00e0 quel point le march\u00e9 est pertinent pour diverses entreprises et industries. Ceux-ci incluent, sans toutefois s&#039;y limiter, les \u00e9l\u00e9ments suivants\u00a0:<\/h3>\n\n\n\n<p>Agriculture et alimentation \u2013 Cette industrie a besoin de carburant pour permettre \u00e0 ses agriculteurs de cultiver leurs cultures gr\u00e2ce \u00e0 l&#039;utilisation de machines qui seront ensuite distribu\u00e9es par transport dans diverses r\u00e9gions du monde.<\/p>\n\n\n\n<p>Soins de sant\u00e9 \u2013 Le secteur de la sant\u00e9 s&#039;appuie sur les services de transport pour ses fournitures quotidiennes, ses m\u00e9dicaments et son \u00e9quipement, et m\u00eame pour fournir ses services.<\/p>\n\n\n\n<p>Construction \u2013 L\u2019industrie de la construction utilise beaucoup de mat\u00e9riaux lourds qui n\u00e9cessitent un transport d\u2019un endroit \u00e0 un autre. Ces fournitures comprennent le bois, le ciment, les m\u00e9taux, etc. Ces mat\u00e9riaux sont n\u00e9cessaires sur place pour r\u00e9aliser toute structure en cours de r\u00e9paration ou de construction.<\/p>\n\n\n\n<p>Industrie du fret et services de messagerie \u2013 Ces derni\u00e8res ann\u00e9es, cette industrie a jou\u00e9 un r\u00f4le majeur dans le transport de marchandises et de divers produits, non seulement pour les entreprises mais \u00e9galement pour un usage personnel. L\u2019utilisation de camions de fret et de v\u00e9hicules de livraison est n\u00e9cessaire pour d\u00e9placer ces produits d\u2019une zone \u00e0 une autre.<\/p>\n\n\n\n<p>Supermarch\u00e9s \u2013 Les \u00e9piceries et les supermarch\u00e9s d\u00e9pendent de la livraison des marchandises et du r\u00e9approvisionnement en produits frais pour leurs consommateurs. Le transport est n\u00e9cessaire pour avoir un approvisionnement continu.<\/p>\n\n\n\n<h2 class=\"wp-block-heading\">Avantages de l\u2019\u00e9tude de march\u00e9 sur le transport de carburant<\/h2>\n\n\n\n<figure class=\"gb-block-image gb-block-image-65ba5d5d\"><img loading=\"lazy\" decoding=\"async\" width=\"1456\" height=\"816\" class=\"gb-image gb-image-65ba5d5d\" src=\"https:\/\/www.sisinternational.com\/wp-content\/uploads\/2025\/08\/Aiirline-jetfuel-airplane-9.jpg\" alt=\"\u00c9tudes de march\u00e9 et strat\u00e9gie internationales SIS\" title=\"Aiirline jetfuel airplane (9)\" srcset=\"https:\/\/www.sisinternational.com\/wp-content\/uploads\/2025\/08\/Aiirline-jetfuel-airplane-9.jpg 1456w, https:\/\/www.sisinternational.com\/wp-content\/uploads\/2025\/08\/Aiirline-jetfuel-airplane-9-300x168.jpg 300w, https:\/\/www.sisinternational.com\/wp-content\/uploads\/2025\/08\/Aiirline-jetfuel-airplane-9-1024x574.jpg 1024w, https:\/\/www.sisinternational.com\/wp-content\/uploads\/2025\/08\/Aiirline-jetfuel-airplane-9-768x430.jpg 768w, https:\/\/www.sisinternational.com\/wp-content\/uploads\/2025\/08\/Aiirline-jetfuel-airplane-9-18x10.jpg 18w\" sizes=\"auto, (max-width: 1456px) 100vw, 1456px\"><\/figure>\n\n\n\n<p><\/p>\n\n\n\n<p>En outre, l\u2019\u00e9tude de march\u00e9 sur le transport de carburant fournit des informations qui profiteront grandement \u00e0 ceux qui sont des acteurs cl\u00e9s du secteur des transports ou qui envisagent d\u2019en faire partie. Les donn\u00e9es et les strat\u00e9gies du secteur du transport de carburant peuvent \u00eatre b\u00e9n\u00e9fiques pour atteindre les objectifs suivants\u00a0:<\/p>\n\n\n\n<ul class=\"wp-block-list\">\n<li>To come up with credible <a href=\"https:\/\/www.sisinternational.com\/fr\/couverture\/etude-de-marche-en-afrique\/etude-de-marche-en-namibie\/\" title=\"Etude de march\u00e9 en Namibie\"  data-wpil-monitor-id=\"3404\">research data that will impact marketing<\/a> forecasts of business and other relevant sectors.<\/li>\n\n\n\n<li>Classer les buts et objectifs de la recherche. Il s\u2019agit de garantir que les informations recueillies seront fournies avec exactitude aux fins pour lesquelles elles sont n\u00e9cessaires.<\/li>\n\n\n\n<li>Assessing the data to provide helpful information on the impact of the <a href=\"https:\/\/www.sisinternational.com\/fr\/competence\/les-industries\/etude-de-marche-sur-le-carbureacteur\/\" title=\"\u00c9tude de march\u00e9 sur le carbur\u00e9acteur\"  data-wpil-monitor-id=\"10212\">fuel transport market<\/a> on the environment.<\/li>\n\n\n\n<li>To come up with <a href=\"https:\/\/www.sisinternational.com\/fr\/solutions\/conseil-en-strategie\/planification-dun-scenario\/\" title=\"Conseil en strat\u00e9gie de planification de sc\u00e9narios\"  data-wpil-monitor-id=\"10204\">strategies and plans<\/a> to utilize the use of fuel transport for profitability.<\/li>\n\n\n\n<li>Come up with a market share analysis that can be used by business and industry leaders when creating <a href=\"https:\/\/www.sisinternational.com\/fr\/solutions\/conseil-en-strategie\/etude-de-marche-sur-la-prevision-de-la-demande\/\" title=\"Demand Forecasting Market Consulting\"  data-wpil-monitor-id=\"10197\">commercialisation<\/a> plans and forecasting marketing revenue.<\/li>\n<\/ul>\n\n\n\n<h2 class=\"wp-block-heading\">Qui b\u00e9n\u00e9ficiera de l\u2019\u00e9tude de march\u00e9 sur le transport de carburant ?<\/h2>\n\n\n\n<p>\u00c0 mesure que l\u2019industrie du transport de carburant se d\u00e9veloppe, on peut \u00e9galement constater une augmentation de ses utilisations et de son influence sur d\u2019autres entreprises. La liste ci-dessous indiquera qui b\u00e9n\u00e9ficiera le mieux de l\u2019\u00e9tude de march\u00e9 sur le transport de carburant\u00a0:<\/p>\n\n\n\n<ul class=\"wp-block-list\">\n<li>Investisseurs de l\u2019industrie du transport de carburant<\/li>\n\n\n\n<li>Professionnels des \u00e9tudes de march\u00e9 sur le transport de carburant<\/li>\n\n\n\n<li>Entreprises existantes et \u00e9mergentes qui d\u00e9pendent du transport<\/li>\n\n\n\n<li>Fabricants de carburants de transport<\/li>\n\n\n\n<li>Entreprises de production de p\u00e9trole et de gaz<\/li>\n\n\n\n<li>Instituts de recherche sur l&#039;environnement et l&#039;\u00e9conomie<\/li>\n\n\n\n<li><a href=\"https:\/\/www.sisinternational.com\/fr\/competence\/les-industries\/etude-de-marche-de-lenergie\/\" title=\"\u00c9tude de march\u00e9 de l&#039;\u00e9nergie\"  data-wpil-monitor-id=\"10207\">Market drivers in both Energy<\/a> and Transportation sectors<\/li>\n<\/ul>\n\n\n\n<h2 class=\"wp-block-heading\">\u00c0 propos de l\u2019\u00e9tude de march\u00e9 sur le transport de carburant<\/h2>\n\n\n\n<figure class=\"gb-block-image gb-block-image-fec97b15\"><img loading=\"lazy\" decoding=\"async\" width=\"1456\" height=\"816\" class=\"gb-image gb-image-fec97b15\" src=\"https:\/\/www.sisinternational.com\/wp-content\/uploads\/2025\/08\/Aiirline-jetfuel-airplane-8.jpg\" alt=\"\u00c9tudes de march\u00e9 et strat\u00e9gie internationales SIS\" title=\"Aiirline jetfuel airplane (8)\" srcset=\"https:\/\/www.sisinternational.com\/wp-content\/uploads\/2025\/08\/Aiirline-jetfuel-airplane-8.jpg 1456w, https:\/\/www.sisinternational.com\/wp-content\/uploads\/2025\/08\/Aiirline-jetfuel-airplane-8-300x168.jpg 300w, https:\/\/www.sisinternational.com\/wp-content\/uploads\/2025\/08\/Aiirline-jetfuel-airplane-8-1024x574.jpg 1024w, https:\/\/www.sisinternational.com\/wp-content\/uploads\/2025\/08\/Aiirline-jetfuel-airplane-8-768x430.jpg 768w, https:\/\/www.sisinternational.com\/wp-content\/uploads\/2025\/08\/Aiirline-jetfuel-airplane-8-18x10.jpg 18w\" sizes=\"auto, (max-width: 1456px) 100vw, 1456px\"><\/figure>\n\n\n\n<p><\/p>\n\n\n\n<p>En utilisant des m\u00e9thodes \u00e9prouv\u00e9es dans l\u2019\u00e9tude de march\u00e9 sur le transport de carburant pour recueillir les informations et les donn\u00e9es n\u00e9cessaires, elle fournira aux dirigeants d\u2019entreprise et aux autres investisseurs du secteur des informations d\u00e9taill\u00e9es pour prendre des d\u00e9cisions \u00e9clair\u00e9es. Les donn\u00e9es et les strat\u00e9gies du secteur du transport de carburant leur permettront \u00e9galement de trouver des moyens et des opportunit\u00e9s pour \u00e9laborer des plans \u00e0 la fois rentables pour l&#039;\u00e9conomie et durables pour l&#039;environnement.<\/p>","protected":false},"excerpt":{"rendered":"<p>Les carburants de transport sont des sources d\u2019\u00e9nergie n\u00e9cessaires pour alimenter diff\u00e9rents v\u00e9hicules. L\u2019\u00e9tude de march\u00e9 sur le transport de carburant fournit aux industries des informations pr\u00e9cieuses.<\/p>","protected":false},"author":1,"featured_media":63147,"parent":14514,"menu_order":171,"comment_status":"closed","ping_status":"closed","template":"","meta":{"footnotes":""},"class_list":["post-41468","page","type-page","status-publish","has-post-thumbnail"],"_links":{"self":[{"href":"https:\/\/www.sisinternational.com\/fr\/wp-json\/wp\/v2\/pages\/41468","targetHints":{"allow":["GET"]}}],"collection":[{"href":"https:\/\/www.sisinternational.com\/fr\/wp-json\/wp\/v2\/pages"}],"about":[{"href":"https:\/\/www.sisinternational.com\/fr\/wp-json\/wp\/v2\/types\/page"}],"author":[{"embeddable":true,"href":"https:\/\/www.sisinternational.com\/fr\/wp-json\/wp\/v2\/users\/1"}],"replies":[{"embeddable":true,"href":"https:\/\/www.sisinternational.com\/fr\/wp-json\/wp\/v2\/comments?post=41468"}],"version-history":[{"count":7,"href":"https:\/\/www.sisinternational.com\/fr\/wp-json\/wp\/v2\/pages\/41468\/revisions"}],"predecessor-version":[{"id":81686,"href":"https:\/\/www.sisinternational.com\/fr\/wp-json\/wp\/v2\/pages\/41468\/revisions\/81686"}],"up":[{"embeddable":true,"href":"https:\/\/www.sisinternational.com\/fr\/wp-json\/wp\/v2\/pages\/14514"}],"wp:featuredmedia":[{"embeddable":true,"href":"https:\/\/www.sisinternational.com\/fr\/wp-json\/wp\/v2\/media\/63147"}],"wp:attachment":[{"href":"https:\/\/www.sisinternational.com\/fr\/wp-json\/wp\/v2\/media?parent=41468"}],"curies":[{"name":"wp","href":"https:\/\/api.w.org\/{rel}","templated":true}]}}