{"id":41446,"date":"2023-02-11T23:54:58","date_gmt":"2023-02-11T23:54:58","guid":{"rendered":"https:\/\/www.sisinternational.com\/?page_id=41446"},"modified":"2025-10-20T16:58:48","modified_gmt":"2025-10-20T20:58:48","slug":"etude-de-marche-sur-la-diversite","status":"publish","type":"page","link":"https:\/\/www.sisinternational.com\/fr\/competence\/etude-de-marche-sur-la-diversite\/","title":{"rendered":"\u00c9tude de march\u00e9 sur la diversit\u00e9"},"content":{"rendered":"<h1 class=\"wp-block-heading\">\u00c9tude de march\u00e9 sur la diversit\u00e9<\/h1>\n\n\n\n<figure class=\"gb-block-image gb-block-image-6aa32912\"><img loading=\"lazy\" decoding=\"async\" width=\"1456\" height=\"816\" class=\"gb-image gb-image-6aa32912\" src=\"https:\/\/www.sisinternational.com\/wp-content\/uploads\/2025\/08\/Inclusion-diversity-2.jpg\" alt=\"\u00c9tudes de march\u00e9 et strat\u00e9gie internationales SIS\" title=\"Inclusion diversity (2)\" srcset=\"https:\/\/www.sisinternational.com\/wp-content\/uploads\/2025\/08\/Inclusion-diversity-2.jpg 1456w, https:\/\/www.sisinternational.com\/wp-content\/uploads\/2025\/08\/Inclusion-diversity-2-300x168.jpg 300w, https:\/\/www.sisinternational.com\/wp-content\/uploads\/2025\/08\/Inclusion-diversity-2-1024x574.jpg 1024w, https:\/\/www.sisinternational.com\/wp-content\/uploads\/2025\/08\/Inclusion-diversity-2-768x430.jpg 768w, https:\/\/www.sisinternational.com\/wp-content\/uploads\/2025\/08\/Inclusion-diversity-2-18x10.jpg 18w\" sizes=\"auto, (max-width: 1456px) 100vw, 1456px\"><\/figure>\n\n\n\n<p><\/p>\n\n\n\n<h2 class=\"wp-block-heading\">Qu\u2019est-ce que la diversit\u00e9 ?<\/h2>\n\n\n\n<p>Diversity is all about demographics. For example, it looks at gender, age, ethnic background, race, sexual preference, and religion. Overall, it ushers people from different backgrounds together. Why? Because your research should reflect diversity. Your business must chiefly serve customers across various income levels, social strata, and ethnic groups. Yet, many companies need to achieve diversity in <a href=\"https:\/\/www.sisinternational.com\/fr\/competence\/cv-dexperience\/cv-dexperience-dans-les-industries-chimiques-et-energetiques\/\" title=\"Soci\u00e9t\u00e9 d\u2019\u00e9tudes de march\u00e9 sur la chimie et l\u2019\u00e9nergie\"  data-wpil-monitor-id=\"8494\">\u00c9tude de march\u00e9<\/a>. Here\u2019s why it\u2019s crucial.<\/p>\n\n\n\n<p>When it comes to market research, diversity isn\u2019t a buzzword or a means to get positive PR. In fact, it is how you unlock <a href=\"https:\/\/www.sisinternational.com\/fr\/focus-groups-that-deliver-real-voices-real-insight-real-advantage\/\" title=\"Focus Groups That Deliver Real Voices, Real Insight, Real Advantage\"  data-wpil-monitor-id=\"8495\">real business insights<\/a>. It can also get you products that are more <a href=\"https:\/\/www.sisinternational.com\/fr\/competence\/les-industries\/etude-de-marche-sur-la-diversite-lequite-linclusion\/\" title=\"\u00c9tude de march\u00e9 sur la diversit\u00e9, l\u2019\u00e9quit\u00e9 et l\u2019inclusion\"  data-wpil-monitor-id=\"8497\">inclusive via higher-quality research<\/a> and more precise conclusions. You\u2019ll certainly gain more practical and precise knowledge of what your consumers like. With enough diversity in your buyer cross section, you\u2019ll feel the pulse of the broader market.<\/p>\n\n\n\n<h2 class=\"wp-block-heading\">Pourquoi les \u00e9tudes de march\u00e9 sur la diversit\u00e9 sont-elles importantes ?<\/h2>\n\n\n\n<p>Everyone\u2019s voice is heard when diversity is a <a href=\"https:\/\/www.sisinternational.com\/fr\/solutions\/solutions-de-recherche-qualitative-et-quantitative\/etude-de-marche-sur-les-facteurs-humains\/\" title=\"\u00c9tude de march\u00e9 sur les facteurs humains\"  data-wpil-monitor-id=\"8492\">factor in your market research<\/a>. <a href=\"https:\/\/www.sisinternational.com\/fr\/competence\/les-industries\/etude-de-marche-de-marque\/\" title=\"\u00c9tude de march\u00e9 de marque\"  data-wpil-monitor-id=\"8496\">Brands can connect with their target markets<\/a> \u2013 regardless of who their buyers are or where they live. Including diversity in your market research is more critical than ever. Brands must reflect diversity, especially as our world becomes more connected yet more diverse. They must include it in their messages to connect with a broader audience.<\/p>\n\n\n\n<h2 class=\"wp-block-heading\">Titres de poste cl\u00e9s<\/h2>\n\n\n\n<figure class=\"gb-block-image gb-block-image-7a1e5d9f\"><img loading=\"lazy\" decoding=\"async\" width=\"1456\" height=\"816\" class=\"gb-image gb-image-7a1e5d9f\" src=\"https:\/\/www.sisinternational.com\/wp-content\/uploads\/2025\/08\/Inclusion-diversity-1.jpg\" alt=\"\u00c9tudes de march\u00e9 et strat\u00e9gie internationales SIS\" title=\"Inclusion diversity (1)\" srcset=\"https:\/\/www.sisinternational.com\/wp-content\/uploads\/2025\/08\/Inclusion-diversity-1.jpg 1456w, https:\/\/www.sisinternational.com\/wp-content\/uploads\/2025\/08\/Inclusion-diversity-1-300x168.jpg 300w, https:\/\/www.sisinternational.com\/wp-content\/uploads\/2025\/08\/Inclusion-diversity-1-1024x574.jpg 1024w, https:\/\/www.sisinternational.com\/wp-content\/uploads\/2025\/08\/Inclusion-diversity-1-768x430.jpg 768w, https:\/\/www.sisinternational.com\/wp-content\/uploads\/2025\/08\/Inclusion-diversity-1-18x10.jpg 18w\" sizes=\"auto, (max-width: 1456px) 100vw, 1456px\"><\/figure>\n\n\n\n<p><\/p>\n\n\n\n<p>Les gens peuvent postuler \u00e0 plusieurs postes dans le domaine de la diversit\u00e9, de l\u2019\u00e9quit\u00e9 et de l\u2019inclusion (DEI). Pour clarifier, il s\u2019agit d\u2019un nouveau domaine de carri\u00e8re. De plus, les emplois DEI sont actuellement tr\u00e8s demand\u00e9s et peuvent \u00eatre difficiles \u00e0 obtenir pour la plupart des candidats. Voici quelques titres d\u2019emploi DEI\u00a0:<\/p>\n\n\n\n<ul class=\"wp-block-list\">\n<li>Directeur de la diversit\u00e9\n<ul class=\"wp-block-list\">\n<li>Directeur DEI<\/li>\n\n\n\n<li>Directeur culturel<\/li>\n<\/ul>\n<\/li>\n\n\n\n<li>Vice-pr\u00e9sident de DEI\n<ul class=\"wp-block-list\">\n<li>Vice-pr\u00e9sident de la culture<\/li>\n\n\n\n<li>Directeur de la Culture<\/li>\n\n\n\n<li>Directeur de la diversit\u00e9 des fournisseurs<\/li>\n\n\n\n<li>Responsable DEI<\/li>\n<\/ul>\n<\/li>\n\n\n\n<li>Responsable Diversit\u00e9 (ou Inclusion)\n<ul class=\"wp-block-list\">\n<li>Responsable DEI<\/li>\n\n\n\n<li>Gestionnaire du programme de diversit\u00e9<\/li>\n\n\n\n<li>Gestionnaire de l&#039;\u00e9quit\u00e9 en mati\u00e8re d&#039;emploi<\/li>\n\n\n\n<li>Responsable culturel<\/li>\n\n\n\n<li>Responsable Diversit\u00e9 Fournisseurs<\/li>\n<\/ul>\n<\/li>\n\n\n\n<li>Contributeurs individuels\n<ul class=\"wp-block-list\">\n<li>Coordonnateur de la diversit\u00e9<\/li>\n\n\n\n<li>Partenaire d\u2019Affaires Diversit\u00e9<\/li>\n\n\n\n<li>Consultante en diversit\u00e9<\/li>\n\n\n\n<li>Formateur Diversit\u00e9<\/li>\n\n\n\n<li>Sp\u00e9cialiste de l&#039;inclusion<\/li>\n\n\n\n<li>Auditeur Egalit\u00e9 et Diversit\u00e9<\/li>\n\n\n\n<li>Analyste DEI<\/li>\n<\/ul>\n<\/li>\n\n\n\n<li>Niveau d&#039;entr\u00e9e\n<ul class=\"wp-block-list\">\n<li>Assistante Diversit\u00e9<\/li>\n\n\n\n<li>Stagiaire DEI<\/li>\n\n\n\n<li>Assistante du programme diversit\u00e9<\/li>\n\n\n\n<li>Stagiaire en initiatives de diversit\u00e9<\/li>\n<\/ul>\n<\/li>\n<\/ul>\n\n\n\n<h2 class=\"wp-block-heading\">Pourquoi les entreprises ont besoin d\u2019une \u00e9tude de march\u00e9 sur la diversit\u00e9<\/h2>\n\n\n\n<p>When Diversity is part of your company\u2019s culture, you start to notice things. For example, it gives you insights that would have slipped by with a less inclusive strategy. You also gain access to abundant and more useful data. In addition, it helps you understand your target audience. It also helps you see the big picture and not just a small and limited view. For instance, should you concentrate on widening your research to cover a broader range of people? Because it will boost your results and give you the edge over those who <a href=\"https:\/\/www.sisinternational.com\/fr\/solutions\/etude-de-marche-en-groupe-de-discussion\/\" title=\"\u00c9tude de march\u00e9 par groupe de discussion\"  data-wpil-monitor-id=\"8498\">focus on the same markets<\/a>.<\/p>\n\n\n\n<h2 class=\"wp-block-heading\">Facteurs cl\u00e9s de succ\u00e8s<\/h2>\n\n\n\n<figure class=\"gb-block-image gb-block-image-852f344f\"><img loading=\"lazy\" decoding=\"async\" width=\"1456\" height=\"816\" class=\"gb-image gb-image-852f344f\" src=\"https:\/\/www.sisinternational.com\/wp-content\/uploads\/2025\/08\/Inclusion-diversity-4.jpg\" alt=\"\u00c9tudes de march\u00e9 et strat\u00e9gie internationales SIS\" title=\"Inclusion diversity (4)\" srcset=\"https:\/\/www.sisinternational.com\/wp-content\/uploads\/2025\/08\/Inclusion-diversity-4.jpg 1456w, https:\/\/www.sisinternational.com\/wp-content\/uploads\/2025\/08\/Inclusion-diversity-4-300x168.jpg 300w, https:\/\/www.sisinternational.com\/wp-content\/uploads\/2025\/08\/Inclusion-diversity-4-1024x574.jpg 1024w, https:\/\/www.sisinternational.com\/wp-content\/uploads\/2025\/08\/Inclusion-diversity-4-768x430.jpg 768w, https:\/\/www.sisinternational.com\/wp-content\/uploads\/2025\/08\/Inclusion-diversity-4-18x10.jpg 18w\" sizes=\"auto, (max-width: 1456px) 100vw, 1456px\"><\/figure>\n\n\n\n<p><\/p>\n\n\n\n<p>1. Des dirigeants engag\u00e9s. Les personnes au sommet doivent agir et parler pour renforcer l\u2019id\u00e9e selon laquelle la DEI est essentielle, sinon d\u2019autres pourraient y r\u00e9sister ou l\u2019\u00e9viter. En effet, bien plus de changements sont possibles si les personnes au sommet s\u2019engagent en faveur du programme.<\/p>\n\n\n\n<p>2. Une approche bien construite. Les dirigeants doivent consid\u00e9rer la DEI sous le m\u00eame angle que la \u00ab gestion du changement \u00bb et le \u00ab changement de culture \u00bb. Ils doivent \u00eatre rigoureux car il ne s\u2019agit pas d\u2019une simple \u00ab initiative \u00bb.<\/p>\n\n\n\n<p>3. Mesurabilit\u00e9. Vos efforts DEI doivent \u00eatre \u00e0 la fois quantitatifs et qualitatifs. Vous pouvez obtenir des commentaires en utilisant des outils tels que des enqu\u00eates d&#039;engagement. Vous pouvez \u00e9galement organiser des r\u00e9unions fr\u00e9quentes entre les managers et les membres de l\u2019\u00e9quipe.<\/p>\n\n\n\n<p>4. Responsabilit\u00e9. Tenez votre personnel crucial responsable de la r\u00e9alisation de la DEI. Cela les incite \u00e0 compl\u00e9ter les mesures que vous avez d\u00e9finies.<\/p>\n\n\n\n<h2 class=\"wp-block-heading\">\u00c0 propos des \u00e9tudes de march\u00e9 sur la diversit\u00e9<\/h2>\n\n\n\n<p>We take the time to understand the brands we work with at SIS International. In addition, we carry out targeted and bespoke recruitment campaigns. Thus, we source the best possible participants who deliver <a href=\"https:\/\/www.sisinternational.com\/fr\/competence\/les-industries\/etude-de-marche-sur-les-ressources-naturelles\/\" title=\"\u00c9tude de march\u00e9 sur les ressources naturelles\"  data-wpil-monitor-id=\"8499\">natural diversity in research<\/a>. We get to know the objectives of your study in detail. In other words, we\u2019ll get familiar with what you\u2019re trying to achieve, and why. Not to mention, we can find the best <a href=\"https:\/\/www.sisinternational.com\/fr\/solutions\/groupes-de-discussion\/rejoindre-des-groupes-de-discussion\/\" title=\"Participer \u00e0 des groupes de discussion\"  data-wpil-monitor-id=\"8490\">participants for your Focus Groups<\/a> and other Market Research. Get peace of mind. Know that SIS is conducting your fieldwork to the highest possible standards.<\/p>","protected":false},"excerpt":{"rendered":"<p>Les \u00e9tudes de march\u00e9 sur la diversit\u00e9 r\u00e9v\u00e8lent de v\u00e9ritables informations commerciales. Il prend en compte le sexe, l\u2019\u00e2ge, l\u2019origine ethnique, la race, les pr\u00e9f\u00e9rences sexuelles et la religion.<\/p>","protected":false},"author":1,"featured_media":64809,"parent":14514,"menu_order":168,"comment_status":"closed","ping_status":"closed","template":"","meta":{"footnotes":""},"class_list":["post-41446","page","type-page","status-publish","has-post-thumbnail"],"_links":{"self":[{"href":"https:\/\/www.sisinternational.com\/fr\/wp-json\/wp\/v2\/pages\/41446","targetHints":{"allow":["GET"]}}],"collection":[{"href":"https:\/\/www.sisinternational.com\/fr\/wp-json\/wp\/v2\/pages"}],"about":[{"href":"https:\/\/www.sisinternational.com\/fr\/wp-json\/wp\/v2\/types\/page"}],"author":[{"embeddable":true,"href":"https:\/\/www.sisinternational.com\/fr\/wp-json\/wp\/v2\/users\/1"}],"replies":[{"embeddable":true,"href":"https:\/\/www.sisinternational.com\/fr\/wp-json\/wp\/v2\/comments?post=41446"}],"version-history":[{"count":4,"href":"https:\/\/www.sisinternational.com\/fr\/wp-json\/wp\/v2\/pages\/41446\/revisions"}],"predecessor-version":[{"id":81426,"href":"https:\/\/www.sisinternational.com\/fr\/wp-json\/wp\/v2\/pages\/41446\/revisions\/81426"}],"up":[{"embeddable":true,"href":"https:\/\/www.sisinternational.com\/fr\/wp-json\/wp\/v2\/pages\/14514"}],"wp:featuredmedia":[{"embeddable":true,"href":"https:\/\/www.sisinternational.com\/fr\/wp-json\/wp\/v2\/media\/64809"}],"wp:attachment":[{"href":"https:\/\/www.sisinternational.com\/fr\/wp-json\/wp\/v2\/media?parent=41446"}],"curies":[{"name":"wp","href":"https:\/\/api.w.org\/{rel}","templated":true}]}}