{"id":41440,"date":"2023-02-11T23:32:55","date_gmt":"2023-02-11T23:32:55","guid":{"rendered":"https:\/\/www.sisinternational.com\/?page_id=41440"},"modified":"2026-01-24T21:25:11","modified_gmt":"2026-01-25T02:25:11","slug":"etude-de-marche-sur-la-collecte-de-donnees","status":"publish","type":"page","link":"https:\/\/www.sisinternational.com\/fr\/competence\/etude-de-marche-sur-la-collecte-de-donnees\/","title":{"rendered":"\u00c9tude de march\u00e9 sur la collecte de donn\u00e9es"},"content":{"rendered":"<h1 class=\"wp-block-heading p1\"><span class=\"s1\">\u00c9tude de march\u00e9 sur la collecte de donn\u00e9es<\/span><\/h1>\n\n\n\n<figure class=\"gb-block-image gb-block-image-a3e8d8dd\"><img loading=\"lazy\" decoding=\"async\" width=\"1456\" height=\"816\" class=\"gb-image gb-image-a3e8d8dd\" src=\"https:\/\/www.sisinternational.com\/wp-content\/uploads\/2025\/08\/Data-40.jpg\" alt=\"\u00c9tudes de march\u00e9 et strat\u00e9gie internationales SIS\" title=\"Data (40)\" srcset=\"https:\/\/www.sisinternational.com\/wp-content\/uploads\/2025\/08\/Data-40.jpg 1456w, https:\/\/www.sisinternational.com\/wp-content\/uploads\/2025\/08\/Data-40-300x168.jpg 300w, https:\/\/www.sisinternational.com\/wp-content\/uploads\/2025\/08\/Data-40-1024x574.jpg 1024w, https:\/\/www.sisinternational.com\/wp-content\/uploads\/2025\/08\/Data-40-768x430.jpg 768w, https:\/\/www.sisinternational.com\/wp-content\/uploads\/2025\/08\/Data-40-18x10.jpg 18w\" sizes=\"auto, (max-width: 1456px) 100vw, 1456px\"><\/figure>\n\n\n\n<p><\/p>\n\n\n\n<h2 class=\"wp-block-heading p3\">Qu\u2019est-ce que la collecte de donn\u00e9es ?<\/h2>\n\n\n\n<p class=\"p4\">La collecte de donn\u00e9es consiste \u00e0 constituer un stock de faits et de chiffres corrects sur votre entreprise. Ces informations proviennent de sources vari\u00e9es pour trouver des r\u00e9ponses aux probl\u00e8mes et aux tendances de recherche. Il examine \u00e9galement les \u00e9v\u00e9nements probables pour tester les r\u00e9sultats possibles.<\/p>\n\n\n\n<p class=\"p4\">Les donn\u00e9es sont des informations sous forme num\u00e9rique, au moins telles que d\u00e9finies en informatique. L&#039;information est une connaissance, et de m\u00eame, la connaissance est un pouvoir. Par cons\u00e9quent, les donn\u00e9es, c\u2019est le pouvoir. Notre soci\u00e9t\u00e9 d\u00e9pend avant tout des donn\u00e9es. \u00c0 la lumi\u00e8re de cela, nous avons besoin de la collecte de donn\u00e9es pour prendre des d\u00e9cisions \u00e9clair\u00e9es. Cela garantit \u00e9galement l\u2019int\u00e9grit\u00e9 de la recherche.<\/p>\n\n\n\n<p class=\"p4\">Given these points, companies must structure the Data Collection in such a way that they can test hypotheses. They must also be able to answer stated research questions and assess outcomes. Of course, accurate Data Collection is vital. The field of study doesn\u2019t matter. Nor does it matter whether you prefer Quantitative or Qualitative Market Research. Proper <a href=\"https:\/\/www.sisinternational.com\/fr\/solutions\/ai-etudes-de-marche-et-conseil-en-strategie\/etude-de-marche-par-ia-en-science-des-donnees\/\" title=\"\u00c9tude de march\u00e9 sur l\u2019IA en science des donn\u00e9es\"  data-wpil-monitor-id=\"2411\">Collecte de donn\u00e9es<\/a> will help you maintain the integrity of your research.<\/p>\n\n\n\n<h2 class=\"wp-block-heading p3\">Pourquoi la collecte de donn\u00e9es est-elle importante\u00a0?<\/h2>\n\n\n\n<p class=\"p4\">La collecte de donn\u00e9es peut vous aider \u00e0 comprendre les besoins des consommateurs afin que vous puissiez am\u00e9liorer les services. Vous pouvez l\u2019utiliser pour d\u00e9velopper et fid\u00e9liser votre client\u00e8le et pour affiner votre plan de match. Vous pouvez m\u00eame les vendre en tant que donn\u00e9es de seconde partie \u00e0 d\u2019autres entreprises avec profit. Voici comment la collecte de donn\u00e9es peut \u00eatre utile \u00e0 votre entreprise\u00a0:<\/p>\n\n\n\n<ul class=\"wp-block-list\">\n<li><span class=\"s3\">Trouver de nouveaux clients<\/span><\/li>\n\n\n\n<li><span class=\"s3\">Ajuster votre technique pour cibler de nouveaux clients<\/span><\/li>\n\n\n\n<li><span class=\"s3\">Comprendre le comportement des consommateurs<\/span><\/li>\n\n\n\n<li><span class=\"s3\">Augmenter la fid\u00e9lisation des clients<\/span><\/li>\n\n\n\n<li><span class=\"s3\">Trouver des solutions aux probl\u00e8mes<\/span><\/li>\n\n\n\n<li><span class=\"s3\">R\u00e9duire les erreurs<\/span><\/li>\n\n\n\n<li><span class=\"s3\">Am\u00e9liorer la prise de d\u00e9cision<\/span><\/li>\n\n\n\n<li><span class=\"s3\">Obtenir les bonnes r\u00e9ponses aux questions de recherche<\/span><\/li>\n\n\n\n<li><span class=\"s3\">Pr\u00e9dire les tendances du march\u00e9<\/span><\/li>\n\n\n\n<li><span class=\"s3\">Stimuler les efforts de marketing<\/span><\/li>\n\n\n\n<li><span class=\"s3\">Am\u00e9liorer les processus m\u00e9tier<\/span><\/li>\n\n\n\n<li><span class=\"s3\">Am\u00e9liorer la vie des gens<\/span><\/li>\n\n\n\n<li><span class=\"s3\">Proving and repeating <a href=\"https:\/\/www.sisinternational.com\/fr\/couverture\/etude-de-marche-en-afrique\/etude-de-marche-en-namibie\/\" title=\"Etude de march\u00e9 en Namibie\"  data-wpil-monitor-id=\"3417\">Recherche sur la taille du march\u00e9<\/a> studies<\/span><\/li>\n\n\n\n<li><span class=\"s3\">\u00catre strat\u00e9gique dans votre approche<\/span><\/li>\n\n\n\n<li><span class=\"s3\">Acc\u00e9der aux ressources<\/span><\/li>\n\n\n\n<li><span class=\"s3\">Garder une trace de tout\u00a0<\/span><\/li>\n\n\n\n<li><span class=\"s3\">Tirer le meilleur parti de votre argent<\/span><\/li>\n<\/ul>\n\n\n\n<h2 class=\"wp-block-heading p3\">Titres de poste cl\u00e9s<\/h2>\n\n\n\n<figure class=\"gb-block-image gb-block-image-04a1e4bc\"><img loading=\"lazy\" decoding=\"async\" width=\"1456\" height=\"816\" class=\"gb-image gb-image-04a1e4bc\" src=\"https:\/\/www.sisinternational.com\/wp-content\/uploads\/2025\/08\/Data-9.jpg\" alt=\"\u00c9tudes de march\u00e9 et strat\u00e9gie internationales SIS\" title=\"Data (9)\" srcset=\"https:\/\/www.sisinternational.com\/wp-content\/uploads\/2025\/08\/Data-9.jpg 1456w, https:\/\/www.sisinternational.com\/wp-content\/uploads\/2025\/08\/Data-9-300x168.jpg 300w, https:\/\/www.sisinternational.com\/wp-content\/uploads\/2025\/08\/Data-9-1024x574.jpg 1024w, https:\/\/www.sisinternational.com\/wp-content\/uploads\/2025\/08\/Data-9-768x430.jpg 768w, https:\/\/www.sisinternational.com\/wp-content\/uploads\/2025\/08\/Data-9-18x10.jpg 18w\" sizes=\"auto, (max-width: 1456px) 100vw, 1456px\"><\/figure>\n\n\n\n<p><\/p>\n\n\n\n<h3 class=\"wp-block-heading p4\">La collecte de donn\u00e9es appartient au domaine de la science des donn\u00e9es. Les principaux titres de poste comprennent\u00a0:<\/h3>\n\n\n\n<ul class=\"wp-block-list\">\n<li>Analyste de donn\u00e9es<\/li>\n\n\n\n<li>Scientifique des donn\u00e9es<\/li>\n\n\n\n<li>Architecte de donn\u00e9es<\/li>\n\n\n\n<li>Ing\u00e9nieur de donn\u00e9es<\/li>\n\n\n\n<li>Conteur de donn\u00e9es<\/li>\n\n\n\n<li>Ing\u00e9nieur en apprentissage automatique<\/li>\n\n\n\n<li>Scientifique en apprentissage automatique<\/li>\n\n\n\n<li>Administrateur de base de donn\u00e9es<\/li>\n<\/ul>\n\n\n\n<h2 class=\"wp-block-heading p3\">Pourquoi les entreprises ont besoin de la collecte de donn\u00e9es<\/h2>\n\n\n\n<p class=\"p4\">Les entreprises effectuent chaque jour de nombreuses \u00e9tudes de march\u00e9 quantitatives. Ils participent \u00e9galement \u00e0 des \u00e9tudes de march\u00e9 qualitatives. Ils stockent et analysent ensuite ces donn\u00e9es sur leur base de consommateurs. La collecte de donn\u00e9es leur permet de cr\u00e9er des publicit\u00e9s cibl\u00e9es. De telles publicit\u00e9s sont cruciales pour vendre leurs produits et services. Il existe plusieurs autres mani\u00e8res par lesquelles les entreprises utilisent les donn\u00e9es des consommateurs qu\u2019elles collectent. Ils peuvent \u00e9galement tirer parti des informations qu\u2019ils tirent de ces donn\u00e9es\u00a0:<\/p>\n\n\n\n<p>1. Pour les \u00e9tudes de march\u00e9 UX. Les donn\u00e9es des consommateurs offrent un moyen de mieux comprendre les besoins des clients et de stimuler leur engagement.<\/p>\n\n\n\n<p>2. Affiner la strat\u00e9gie marketing. Les donn\u00e9es aident les entreprises \u00e0 comprendre leurs consommateurs. Cela leur permet de voir comment les consommateurs interagissent et r\u00e9agissent \u00e0 leurs campagnes publicitaires. De cette fa\u00e7on, ils peuvent ajuster ces campagnes en cons\u00e9quence.<\/p>\n\n\n\n<p>3. Pour s\u00e9curiser davantage de donn\u00e9es : Certaines entreprises utilisent les donn\u00e9es dont elles disposent d\u00e9j\u00e0 pour collecter des informations encore plus sensibles. Par exemple, les banques utilisent parfois des donn\u00e9es d&#039;identification vocale pour permettre aux utilisateurs d&#039;acc\u00e9der \u00e0 leurs informations. L\u2019identification vocale peut \u00e9galement les prot\u00e9ger de la fraude.<\/p>\n\n\n\n<h2 class=\"wp-block-heading p3\">Facteurs cl\u00e9s de succ\u00e8s<\/h2>\n\n\n\n<figure class=\"gb-block-image gb-block-image-1759d287\"><img loading=\"lazy\" decoding=\"async\" width=\"1456\" height=\"816\" class=\"gb-image gb-image-1759d287\" src=\"https:\/\/www.sisinternational.com\/wp-content\/uploads\/2025\/08\/Data-39.jpg\" alt=\"\u00c9tudes de march\u00e9 et strat\u00e9gie internationales SIS\" title=\"Data (39)\" srcset=\"https:\/\/www.sisinternational.com\/wp-content\/uploads\/2025\/08\/Data-39.jpg 1456w, https:\/\/www.sisinternational.com\/wp-content\/uploads\/2025\/08\/Data-39-300x168.jpg 300w, https:\/\/www.sisinternational.com\/wp-content\/uploads\/2025\/08\/Data-39-1024x574.jpg 1024w, https:\/\/www.sisinternational.com\/wp-content\/uploads\/2025\/08\/Data-39-768x430.jpg 768w, https:\/\/www.sisinternational.com\/wp-content\/uploads\/2025\/08\/Data-39-18x10.jpg 18w\" sizes=\"auto, (max-width: 1456px) 100vw, 1456px\"><\/figure>\n\n\n\n<p><\/p>\n\n\n\n<p class=\"p4\">In effect, choosing proper data sources is a key success factor in Data Collection. So is finding the correct analytical model. The other success factor is receiving good results. The company must then learn to use these success factors to ensure a positive end-user experience. In the same fashion, you must know how to apply the results of your Data Collection project. It\u2019s helpful in boosting your workflow. Even the most advanced and expensive system would be useless without this knowledge. <a href=\"https:\/\/www.sisinternational.com\/fr\/competence\/les-industries\/etude-de-marche-sur-les-donnees-de-formation\/\" title=\"\u00c9tude de march\u00e9 sur les donn\u00e9es de formation\"  data-wpil-monitor-id=\"3427\">Collecte de donn\u00e9es<\/a> should also increase brand awareness or market impact. And, of course, it should secure the bottom line. It should also ensure a lasting positive customer experience. Consumers must be able to engage with the product or service your business delivers.<\/p>\n\n\n\n<h2 class=\"wp-block-heading p3\">\u00c0 propos des \u00e9tudes de march\u00e9 sur la collecte de donn\u00e9es<\/h2>\n\n\n\n<p class=\"p4\">La meilleure collecte de donn\u00e9es repose sur plusieurs outils et canaux au lieu de se concentrer sur un ou deux seulement. Ce n&#039;est pas une bonne id\u00e9e de se concentrer uniquement sur les canaux num\u00e9riques comme les enqu\u00eates en ligne et les r\u00e9seaux sociaux, par exemple. Si vous le faites, vos r\u00e9ponses risquent de s\u2019orienter vers les plus jeunes. Les groupes de discussion et les entretiens en personne permettent de cibler un plus large \u00e9ventail de groupes d\u2019\u00e2ge. Ils refl\u00e8tent plus fid\u00e8lement votre march\u00e9 et ses opinions.<\/p>\n\n\n\n<p class=\"p6\">Chez SIS International Research, nous pouvons vous aider \u00e0 affiner leur collecte de donn\u00e9es. Nous sommes le point de d\u00e9part d\u2019une \u00e9tude de march\u00e9 efficace et \u00e9clair\u00e9e. Contactez-nous pour en savoir plus sur la fa\u00e7on dont nous pouvons vous aider \u00e0 faire de m\u00eame.<\/p>","protected":false},"excerpt":{"rendered":"<p>La collecte de donn\u00e9es constitue un stock de faits et de chiffres corrects. SIS peut vous aider \u00e0 affiner votre entreprise gr\u00e2ce \u00e0 des \u00e9tudes de march\u00e9 sur la collecte de donn\u00e9es.<\/p>","protected":false},"author":1,"featured_media":64378,"parent":14514,"menu_order":166,"comment_status":"closed","ping_status":"closed","template":"","meta":{"footnotes":""},"class_list":["post-41440","page","type-page","status-publish","has-post-thumbnail"],"_links":{"self":[{"href":"https:\/\/www.sisinternational.com\/fr\/wp-json\/wp\/v2\/pages\/41440","targetHints":{"allow":["GET"]}}],"collection":[{"href":"https:\/\/www.sisinternational.com\/fr\/wp-json\/wp\/v2\/pages"}],"about":[{"href":"https:\/\/www.sisinternational.com\/fr\/wp-json\/wp\/v2\/types\/page"}],"author":[{"embeddable":true,"href":"https:\/\/www.sisinternational.com\/fr\/wp-json\/wp\/v2\/users\/1"}],"replies":[{"embeddable":true,"href":"https:\/\/www.sisinternational.com\/fr\/wp-json\/wp\/v2\/comments?post=41440"}],"version-history":[{"count":8,"href":"https:\/\/www.sisinternational.com\/fr\/wp-json\/wp\/v2\/pages\/41440\/revisions"}],"predecessor-version":[{"id":77653,"href":"https:\/\/www.sisinternational.com\/fr\/wp-json\/wp\/v2\/pages\/41440\/revisions\/77653"}],"up":[{"embeddable":true,"href":"https:\/\/www.sisinternational.com\/fr\/wp-json\/wp\/v2\/pages\/14514"}],"wp:featuredmedia":[{"embeddable":true,"href":"https:\/\/www.sisinternational.com\/fr\/wp-json\/wp\/v2\/media\/64378"}],"wp:attachment":[{"href":"https:\/\/www.sisinternational.com\/fr\/wp-json\/wp\/v2\/media?parent=41440"}],"curies":[{"name":"wp","href":"https:\/\/api.w.org\/{rel}","templated":true}]}}