{"id":41429,"date":"2023-02-11T22:51:29","date_gmt":"2023-02-11T22:51:29","guid":{"rendered":"https:\/\/www.sisinternational.com\/?page_id=41429"},"modified":"2026-01-25T18:30:50","modified_gmt":"2026-01-25T23:30:50","slug":"etude-de-marche-sur-la-bauxite","status":"publish","type":"page","link":"https:\/\/www.sisinternational.com\/fr\/competence\/etude-de-marche-sur-la-bauxite\/","title":{"rendered":"\u00c9tude de march\u00e9 sur la bauxite"},"content":{"rendered":"<h1 class=\"wp-block-heading\">\u00c9tude de march\u00e9 sur la bauxite<\/h1>\n\n\n\n<figure class=\"gb-block-image gb-block-image-9131da4a\"><img loading=\"lazy\" decoding=\"async\" width=\"1456\" height=\"816\" class=\"gb-image gb-image-9131da4a\" src=\"https:\/\/www.sisinternational.com\/wp-content\/uploads\/2025\/08\/Bauxite-3.jpg\" alt=\"\u00c9tudes de march\u00e9 et strat\u00e9gie internationales SIS\" title=\"Bauxite (3)\" srcset=\"https:\/\/www.sisinternational.com\/wp-content\/uploads\/2025\/08\/Bauxite-3.jpg 1456w, https:\/\/www.sisinternational.com\/wp-content\/uploads\/2025\/08\/Bauxite-3-300x168.jpg 300w, https:\/\/www.sisinternational.com\/wp-content\/uploads\/2025\/08\/Bauxite-3-1024x574.jpg 1024w, https:\/\/www.sisinternational.com\/wp-content\/uploads\/2025\/08\/Bauxite-3-768x430.jpg 768w, https:\/\/www.sisinternational.com\/wp-content\/uploads\/2025\/08\/Bauxite-3-18x10.jpg 18w\" sizes=\"auto, (max-width: 1456px) 100vw, 1456px\"><\/figure>\n\n\n\n<p><\/p>\n\n\n\n<h2 class=\"wp-block-heading\">Les perspectives du march\u00e9 de la bauxite<\/h2>\n\n\n\n<p>La bauxite est un mat\u00e9riau pr\u00e9cieux qui touche de nombreuses activit\u00e9s quotidiennes \u00e0 travers le monde. Son utilit\u00e9 r\u00e9side dans son lien direct avec la production d\u2019aluminium. La bauxite \u00e9tant la principale mati\u00e8re premi\u00e8re utilis\u00e9e dans la production de l\u2019aluminium, les deux sont \u00e9troitement li\u00e9es. Sans bauxite, il n&#039;y a pas d&#039;aluminium. Par cons\u00e9quent, les perspectives du march\u00e9 de la bauxite vont de pair avec celles de l\u2019aluminium, et toute recherche pertinente doit en tenir compte.<\/p>\n\n\n\n<p>Aluminum is used to produce widely used goods such as refrigerators, air conditioners and kitchen and cooking utensils. At the same time, aluminum is a key material for the aerospace <a href=\"https:\/\/www.sisinternational.com\/fr\/industry-forecast\/construction-industry-forecast\/\" title=\"Construction Industry Forecast\"  data-wpil-monitor-id=\"10431\">industry and construction<\/a> projects, as aircraft components and window frames are made of aluminum. So bauxite will always be in demand, as it&#8217;s a prerequisite for the existence and development of key components of the modern world.<\/p>\n\n\n\n<h2 class=\"wp-block-heading\">Le march\u00e9 mondial de la bauxite<\/h2>\n\n\n\n<h3 class=\"wp-block-heading\">La bauxite est une roche aux propri\u00e9t\u00e9s uniques. On le trouve seulement dans un petit nombre de pays, ce qui limite les possibilit\u00e9s d&#039;approvisionnement. Les principaux pays producteurs de bauxite sont :<\/h3>\n\n\n\n<ul class=\"wp-block-list\">\n<li>Australie<\/li>\n\n\n\n<li>Guin\u00e9e<\/li>\n\n\n\n<li>Chine<\/li>\n\n\n\n<li>Br\u00e9sil<\/li>\n\n\n\n<li>Indon\u00e9sie<\/li>\n\n\n\n<li>Inde<\/li>\n<\/ul>\n\n\n\n<p>Il est int\u00e9ressant de noter que des pays comme la Jama\u00efque et le Vietnam disposent d\u2019importantes r\u00e9serves de bauxite.<\/p>\n\n\n\n<h2 class=\"wp-block-heading\">Pourquoi les \u00e9tudes de march\u00e9 sur la bauxite sont importantes<\/h2>\n\n\n\n<figure class=\"gb-block-image gb-block-image-cb3a6913\"><img loading=\"lazy\" decoding=\"async\" width=\"1456\" height=\"816\" class=\"gb-image gb-image-cb3a6913\" src=\"https:\/\/www.sisinternational.com\/wp-content\/uploads\/2025\/08\/Bauxite-2.jpg\" alt=\"\u00c9tudes de march\u00e9 et strat\u00e9gie internationales SIS\" title=\"Bauxite (2)\" srcset=\"https:\/\/www.sisinternational.com\/wp-content\/uploads\/2025\/08\/Bauxite-2.jpg 1456w, https:\/\/www.sisinternational.com\/wp-content\/uploads\/2025\/08\/Bauxite-2-300x168.jpg 300w, https:\/\/www.sisinternational.com\/wp-content\/uploads\/2025\/08\/Bauxite-2-1024x574.jpg 1024w, https:\/\/www.sisinternational.com\/wp-content\/uploads\/2025\/08\/Bauxite-2-768x430.jpg 768w, https:\/\/www.sisinternational.com\/wp-content\/uploads\/2025\/08\/Bauxite-2-18x10.jpg 18w\" sizes=\"auto, (max-width: 1456px) 100vw, 1456px\"><\/figure>\n\n\n\n<p><\/p>\n\n\n\n<p>The last point is very important as part of the overall picture of the need for <a href=\"https:\/\/www.sisinternational.com\/fr\/competence\/les-industries\/etude-de-marche-sur-les-points-de-vente-2\/\" title=\"\u00c9tude de march\u00e9 sur les points de vente\"  data-wpil-monitor-id=\"4923\">\u00e9tude de march\u00e9 sur la bauxite<\/a>. Predictive models suggest that bauxite reserves will be depleted in the early decades of the next century, as they are not infinite. While such forecasts are a long-term concern, there is another aspect that is more pressing: The environmental concerns associated with bauxite production. Its extraction harms local flora and fauna, resulting in environmental degradation.<\/p>\n\n\n\n<p>En cons\u00e9quence, les \u00e9tudes de march\u00e9 sur la bauxite doivent prendre en compte les d\u00e9fis \u00e0 court et \u00e0 long terme. D\u2019un autre c\u00f4t\u00e9, l\u2019importance \u00e9conomique de la production de bauxite est \u00e9norme. Des facteurs tels que l\u2019exploitation mini\u00e8re et le raffinage, l\u2019emploi et l\u2019\u00e9ducation, ainsi que les questions de durabilit\u00e9, sont essentiels au bon fonctionnement des \u00e9l\u00e9ments cl\u00e9s du monde actuel et futur. Des domaines tels que les transports, l\u2019architecture et la gestion des mat\u00e9riaux d\u00e9pendent d\u2019un approvisionnement ad\u00e9quat en bauxite.<\/p>\n\n\n\n<h2 class=\"wp-block-heading\">Emplois cl\u00e9s<\/h2>\n\n\n\n<h3 class=\"wp-block-heading\">Il existe plusieurs emplois cl\u00e9s associ\u00e9s \u00e0 l&#039;industrie de la bauxite\u00a0:<\/h3>\n\n\n\n<ul class=\"wp-block-list\">\n<li>Directeurs de projets<\/li>\n\n\n\n<li>Responsables des op\u00e9rations de forage<\/li>\n\n\n\n<li>Op\u00e9rateurs miniers<\/li>\n\n\n\n<li>Sp\u00e9cialistes de laboratoire<\/li>\n\n\n\n<li><a href=\"https:\/\/www.sisinternational.com\/fr\/solutions\/ai-etudes-de-marche-et-conseil-en-strategie\/ressources-humaines-automatisation-de-la-gestion-des-talents-conseil-en-intelligence-artificielle\/\" title=\"Automatisation des ressources humaines et de la gestion des talents et conseil en IA\"  data-wpil-monitor-id=\"10429\">Responsables des ressources humaines<\/a><\/li>\n\n\n\n<li>Agents des services d&#039;urgence<\/li>\n\n\n\n<li>Ing\u00e9nieurs \u00e9lectriciens<\/li>\n\n\n\n<li>Ing\u00e9nieurs miniers<\/li>\n\n\n\n<li>Scientifiques en conformit\u00e9 environnementale<\/li>\n<\/ul>\n\n\n\n<p>Another key aspect of the bauxite labor <a href=\"https:\/\/www.sisinternational.com\/fr\/competence\/les-industries\/etude-de-marche-des-solvants\/\" title=\"\u00c9tude de march\u00e9 sur les solvants\"  data-wpil-monitor-id=\"3432\">market is the prominent role of Research<\/a> and Development (R &amp; D) due to the challenging nature of bauxite mining.<\/p>\n\n\n\n<h2 class=\"wp-block-heading\">Les d\u00e9fis futurs du march\u00e9 de la bauxite<\/h2>\n\n\n\n<p>Bauxite is a high-value material in today&#8217;s world. The future challenges of the industry as a whole are a priority for both the political establishment and the business community. With the bauxite industry generating billions of dollars in annual revenues, the motivation for all parties involved is extremely high. There are three main <a href=\"https:\/\/www.sisinternational.com\/fr\/publications\/solutions-supercritiques-avenir-energetique-mondial\/\" title=\"\u00c9tude de march\u00e9 mondiale sur l\u2019\u00e9nergie\u00a0: des solutions supercritiques pour notre avenir \u00e9nerg\u00e9tique\"  data-wpil-monitor-id=\"10432\">future challenges for the bauxite market<\/a>:<\/p>\n\n\n\n<ul class=\"wp-block-list\">\n<li>Son niveau de durabilit\u00e9<\/li>\n\n\n\n<li>Son impact environnemental<\/li>\n\n\n\n<li>L&#039;utilisation de mat\u00e9riaux alternatifs<\/li>\n<\/ul>\n\n\n\n<h2 class=\"wp-block-heading\">La durabilit\u00e9 de la bauxite<\/h2>\n\n\n\n<p>La durabilit\u00e9 de la production de bauxite est cruciale. L\u2019aluminium ne pouvant \u00eatre produit sans bauxite, il est devenu l\u2019un des min\u00e9raux les plus importants du XXe si\u00e8cle. Cependant, la viabilit\u00e9 du secteur au XXIe si\u00e8cle constitue un d\u00e9fi majeur. Non seulement parce que les r\u00e9serves de bauxite vont in\u00e9vitablement s\u2019\u00e9puiser, comme mentionn\u00e9 ci-dessus, mais aussi en raison de l\u2019instabilit\u00e9 socio-\u00e9conomique et politique mondiale actuelle. Le r\u00e9cent coup d&#039;\u00c9tat en Guin\u00e9e, deuxi\u00e8me producteur mondial de bauxite, et les questions qui en d\u00e9coulent sur l&#039;avenir du secteur minier du pays en sont un exemple frappant.<\/p>\n\n\n\n<h2 class=\"wp-block-heading\">L&#039;impact environnemental de la bauxite<\/h2>\n\n\n\n<figure class=\"gb-block-image gb-block-image-71559b8d\"><img loading=\"lazy\" decoding=\"async\" width=\"1456\" height=\"816\" class=\"gb-image gb-image-71559b8d\" src=\"https:\/\/www.sisinternational.com\/wp-content\/uploads\/2025\/08\/Bauxite-1.jpg\" alt=\"\u00c9tudes de march\u00e9 et strat\u00e9gie internationales SIS\" title=\"Bauxite (1)\" srcset=\"https:\/\/www.sisinternational.com\/wp-content\/uploads\/2025\/08\/Bauxite-1.jpg 1456w, https:\/\/www.sisinternational.com\/wp-content\/uploads\/2025\/08\/Bauxite-1-300x168.jpg 300w, https:\/\/www.sisinternational.com\/wp-content\/uploads\/2025\/08\/Bauxite-1-1024x574.jpg 1024w, https:\/\/www.sisinternational.com\/wp-content\/uploads\/2025\/08\/Bauxite-1-768x430.jpg 768w, https:\/\/www.sisinternational.com\/wp-content\/uploads\/2025\/08\/Bauxite-1-18x10.jpg 18w\" sizes=\"auto, (max-width: 1456px) 100vw, 1456px\"><\/figure>\n\n\n\n<p><\/p>\n\n\n\n<p>La question environnementale li\u00e9e \u00e0 l\u2019exploitation de la bauxite est en effet essentielle. Le processus d\u2019exploitation mini\u00e8re a une \u00e9norme empreinte environnementale. Cela peut \u00e9galement nuire \u00e0 la sant\u00e9 et \u00e0 la qualit\u00e9 de vie des citoyens vivant dans les pays producteurs de bauxite. Un autre param\u00e8tre crucial est que la plupart de ces pays appartiennent au monde en d\u00e9veloppement. Ce fait suscite logiquement des inqui\u00e9tudes quant aux impacts sociaux et \u00e9conomiques impr\u00e9visibles qui pourraient r\u00e9sulter d\u2019\u00e9ventuels troubles civils dans ces pays.<\/p>\n\n\n\n<h2 class=\"wp-block-heading\">Alternatives possibles \u00e0 l&#039;aluminium<\/h2>\n\n\n\n<p>M\u00eame si le risque actuel d&#039;une p\u00e9nurie dramatique de bauxite est plut\u00f4t limit\u00e9, le d\u00e9bat sur l&#039;utilisation de mat\u00e9riaux alternatifs \u00e0 l&#039;aluminium est d\u00e9j\u00e0 ouvert. \u00c9tant donn\u00e9 que l&#039;aluminium est contenu dans la roche de bauxite et ne peut \u00eatre produit sans elle, la question est de savoir quelles alternatives sont disponibles. La fibre de verre, le titane et le magn\u00e9sium sont les mat\u00e9riaux actuellement envisag\u00e9s.<\/p>\n\n\n\n<p><a href=\"https:\/\/www.sisinternational.com\/fr\/sis-devoile-une-plateforme-de-science-des-donnees-et-danalyse-quantitative\/\" title=\"SIS d\u00e9voile sa plateforme de science des donn\u00e9es et d&#039;analyse quantitative\"  data-wpil-monitor-id=\"10427\">SIS International offers Quantitative<\/a>, Qualitative, and Strategy Research. We provide data, tools, strategies, reports and insights for decision-making. We conduct interviews, surveys, <a href=\"https:\/\/www.sisinternational.com\/fr\/solutions\/etude-de-marche-en-groupe-de-discussion\/\" title=\"\u00c9tude de march\u00e9 par groupe de discussion\"  data-wpil-monitor-id=\"10428\">focus groups and many other Market Research<\/a> methods and approaches. Contact us for your <a href=\"https:\/\/www.sisinternational.com\/fr\/competence\/les-industries\/etude-de-marche-sur-les-technologies-de-nouvelle-generation\/\" title=\"\u00c9tude de march\u00e9 sur les technologies de nouvelle g\u00e9n\u00e9ration\"  data-wpil-monitor-id=\"10430\">next Market Research<\/a> projet.<\/p>\n\n\n\n<p><\/p>\n\n\n\n<p><\/p>","protected":false},"excerpt":{"rendered":"<p>La bauxite est un mat\u00e9riau limit\u00e9 et pr\u00e9cieux dans le monde. Il existe un besoin important d\u2019\u00e9tudes de march\u00e9 sur la bauxite.<\/p>","protected":false},"author":1,"featured_media":64744,"parent":14514,"menu_order":164,"comment_status":"closed","ping_status":"closed","template":"","meta":{"footnotes":""},"class_list":["post-41429","page","type-page","status-publish","has-post-thumbnail"],"_links":{"self":[{"href":"https:\/\/www.sisinternational.com\/fr\/wp-json\/wp\/v2\/pages\/41429","targetHints":{"allow":["GET"]}}],"collection":[{"href":"https:\/\/www.sisinternational.com\/fr\/wp-json\/wp\/v2\/pages"}],"about":[{"href":"https:\/\/www.sisinternational.com\/fr\/wp-json\/wp\/v2\/types\/page"}],"author":[{"embeddable":true,"href":"https:\/\/www.sisinternational.com\/fr\/wp-json\/wp\/v2\/users\/1"}],"replies":[{"embeddable":true,"href":"https:\/\/www.sisinternational.com\/fr\/wp-json\/wp\/v2\/comments?post=41429"}],"version-history":[{"count":6,"href":"https:\/\/www.sisinternational.com\/fr\/wp-json\/wp\/v2\/pages\/41429\/revisions"}],"predecessor-version":[{"id":81717,"href":"https:\/\/www.sisinternational.com\/fr\/wp-json\/wp\/v2\/pages\/41429\/revisions\/81717"}],"up":[{"embeddable":true,"href":"https:\/\/www.sisinternational.com\/fr\/wp-json\/wp\/v2\/pages\/14514"}],"wp:featuredmedia":[{"embeddable":true,"href":"https:\/\/www.sisinternational.com\/fr\/wp-json\/wp\/v2\/media\/64744"}],"wp:attachment":[{"href":"https:\/\/www.sisinternational.com\/fr\/wp-json\/wp\/v2\/media?parent=41429"}],"curies":[{"name":"wp","href":"https:\/\/api.w.org\/{rel}","templated":true}]}}