{"id":41327,"date":"2023-01-24T19:31:59","date_gmt":"2023-01-24T19:31:59","guid":{"rendered":"https:\/\/www.sisinternational.com\/?page_id=41327"},"modified":"2026-01-26T18:35:28","modified_gmt":"2026-01-26T23:35:28","slug":"etude-de-marche-des-tracteurs","status":"publish","type":"page","link":"https:\/\/www.sisinternational.com\/fr\/competence\/etude-de-marche-des-tracteurs\/","title":{"rendered":"\u00c9tude de march\u00e9 sur les tracteurs"},"content":{"rendered":"<h1 class=\"wp-block-heading\">\u00c9tude de march\u00e9 sur les tracteurs<\/h1>\n\n\n\n<figure class=\"gb-block-image gb-block-image-de998eaa\"><img loading=\"lazy\" decoding=\"async\" width=\"1456\" height=\"816\" class=\"gb-image gb-image-de998eaa\" src=\"https:\/\/www.sisinternational.com\/wp-content\/uploads\/2025\/08\/Agriculture-5.jpg\" alt=\"\u00c9tudes de march\u00e9 et strat\u00e9gie internationales SIS\" title=\"Agriculture (5)\" srcset=\"https:\/\/www.sisinternational.com\/wp-content\/uploads\/2025\/08\/Agriculture-5.jpg 1456w, https:\/\/www.sisinternational.com\/wp-content\/uploads\/2025\/08\/Agriculture-5-300x168.jpg 300w, https:\/\/www.sisinternational.com\/wp-content\/uploads\/2025\/08\/Agriculture-5-1024x574.jpg 1024w, https:\/\/www.sisinternational.com\/wp-content\/uploads\/2025\/08\/Agriculture-5-768x430.jpg 768w, https:\/\/www.sisinternational.com\/wp-content\/uploads\/2025\/08\/Agriculture-5-18x10.jpg 18w\" sizes=\"auto, (max-width: 1456px) 100vw, 1456px\"><\/figure>\n\n\n\n<p><\/p>\n\n\n\n<p>Tractor Market Research collecte et analyse des donn\u00e9es sur l\u2019industrie des tracteurs et le march\u00e9 des tracteurs. Cette \u00e9tude peut contenir des informations sur les ventes de tracteurs, la production, les prix et les tendances du secteur. Il peut \u00e9galement collecter des informations sur les acteurs essentiels du march\u00e9, tels que les producteurs et les distributeurs, ainsi que sur les utilisateurs finaux de tracteurs, tels que les agriculteurs et les entreprises de construction. L\u2019\u00e9tude de march\u00e9 des tracteurs vise \u00e0 fournir un aper\u00e7u complet du march\u00e9 des tracteurs et \u00e0 d\u00e9couvrir les perspectives de d\u00e9veloppement et d\u2019expansion.<\/p>\n\n\n\n<p>Pourquoi les \u00e9tudes de march\u00e9 sur les tracteurs sont importantes pour le succ\u00e8s de l&#039;industrie<\/p>\n\n\n\n<p>Les \u00e9tudes de march\u00e9 sur les tracteurs sont un outil essentiel pour les entreprises du secteur des tracteurs. Il permet aux entreprises de comprendre les circonstances actuelles du march\u00e9, de reconna\u00eetre les tendances et les possibilit\u00e9s du secteur et de prendre des d\u00e9cisions \u00e9clair\u00e9es sur les strat\u00e9gies de d\u00e9veloppement de produits, de marketing et de vente.<\/p>\n\n\n\n<p>Une \u00e9tude de march\u00e9 sur les tracteurs est n\u00e9cessaire car elle fournit des informations pr\u00e9cieuses sur l\u2019\u00e9tat actuel de l\u2019industrie des tracteurs. Sont inclus le volume des ventes, la part de march\u00e9 et les statistiques sur les tendances des prix. Ces donn\u00e9es peuvent aider les entreprises \u00e0 d\u00e9terminer quels produits sont tr\u00e8s demand\u00e9s et lesquels ne le sont pas, leur permettant ainsi d&#039;ajuster leur offre de produits en cons\u00e9quence. En outre, il aide les entreprises \u00e0 comprendre le paysage concurrentiel, ce qui est n\u00e9cessaire pour \u00e9laborer des strat\u00e9gies de marketing et de vente efficaces.<\/p>\n\n\n\n<p>Another essential advantage of tractor market research is that it enables businesses to uncover new growth and expansion opportunities. For instance, <a href=\"https:\/\/www.sisinternational.com\/fr\/competence\/les-industries\/etude-de-marche-des-solvants\/\" title=\"\u00c9tude de march\u00e9 sur les solvants\"  data-wpil-monitor-id=\"3439\">research can discover untapped markets<\/a> or innovative applications for tractors that companies may have overlooked. Businesses can increase their revenue sources and diversify their product lines.<\/p>\n\n\n\n<p>De plus, les \u00e9tudes de march\u00e9 sur les tracteurs peuvent aider les entreprises \u00e0 anticiper les tendances et les changements du secteur. Par exemple, l\u2019examen peut r\u00e9v\u00e9ler de nouvelles technologies ou r\u00e9glementations qui auront un impact sur l\u2019industrie\u00a0; les entreprises peuvent utiliser ces informations pour planifier l\u2019avenir.<\/p>\n\n\n\n<h2 class=\"wp-block-heading\">Titres d\u2019emploi cl\u00e9s dans l\u2019industrie du march\u00e9 des tracteurs<\/h2>\n\n\n\n<figure class=\"gb-block-image gb-block-image-89799559\"><img loading=\"lazy\" decoding=\"async\" width=\"1456\" height=\"816\" class=\"gb-image gb-image-89799559\" src=\"https:\/\/www.sisinternational.com\/wp-content\/uploads\/2025\/08\/Agriculture-1.jpg\" alt=\"\u00c9tudes de march\u00e9 et strat\u00e9gie internationales SIS\" title=\"Agriculture (1)\" srcset=\"https:\/\/www.sisinternational.com\/wp-content\/uploads\/2025\/08\/Agriculture-1.jpg 1456w, https:\/\/www.sisinternational.com\/wp-content\/uploads\/2025\/08\/Agriculture-1-300x168.jpg 300w, https:\/\/www.sisinternational.com\/wp-content\/uploads\/2025\/08\/Agriculture-1-1024x574.jpg 1024w, https:\/\/www.sisinternational.com\/wp-content\/uploads\/2025\/08\/Agriculture-1-768x430.jpg 768w, https:\/\/www.sisinternational.com\/wp-content\/uploads\/2025\/08\/Agriculture-1-18x10.jpg 18w\" sizes=\"auto, (max-width: 1456px) 100vw, 1456px\"><\/figure>\n\n\n\n<p><\/p>\n\n\n\n<p>L\u2019industrie du march\u00e9 des tracteurs englobe un large \u00e9ventail de r\u00f4les et de responsabilit\u00e9s, et plusieurs titres de poste cl\u00e9s sont essentiels au fonctionnement de cette industrie. Ceux-ci inclus:<\/p>\n\n\n\n<ul class=\"wp-block-list\">\n<li><strong>Repr\u00e9sentant des ventes de tracteurs<\/strong>: Ces individus vendent des tracteurs aux agriculteurs, aux entreprises de construction et \u00e0 d&#039;autres utilisateurs finaux. Ils ont souvent une formation en agriculture ou en construction et doivent conna\u00eetre les produits qu\u2019ils vendent.<\/li>\n\n\n\n<li><strong>Technicien d&#039;entretien de tracteurs<\/strong>: Ces personnes sont responsables de l&#039;entretien et de la r\u00e9paration des tracteurs. Ils doivent avoir une solide compr\u00e9hension de la m\u00e9canique et de l\u2019\u00e9lectronique des tracteurs et \u00eatre capables de diagnostiquer et de r\u00e9soudre les probl\u00e8mes.<\/li>\n\n\n\n<li><strong>Chef de produit tracteur<\/strong>: Ces personnes sont charg\u00e9es de g\u00e9rer le d\u00e9veloppement et la production des tracteurs. Ils travaillent en \u00e9troite collaboration avec les ing\u00e9nieurs, les concepteurs et les autres membres de l&#039;\u00e9quipe pour commercialiser de nouveaux mod\u00e8les de tracteurs.<\/li>\n\n\n\n<li><strong>Responsable marketing tracteurs<\/strong>: Ces personnes sont responsables de la cr\u00e9ation et de la mise en \u0153uvre des strat\u00e9gies de commercialisation des tracteurs. Ils doivent avoir une solide compr\u00e9hension du march\u00e9 des tracteurs et du public cible et \u00eatre capables de d\u00e9velopper des campagnes marketing efficaces.<\/li>\n\n\n\n<li><strong>Ing\u00e9nieur Recherche et D\u00e9veloppement Tracteur<\/strong>: Ces personnes sont responsables de la conception et du d\u00e9veloppement de nouvelles technologies de tracteurs. Ils doivent avoir une formation en ing\u00e9nierie et \u00eatre capables de travailler en \u00e9troite collaboration avec les autres membres de l\u2019\u00e9quipe pour commercialiser de nouveaux produits.<\/li>\n\n\n\n<li><strong>Concessionnaire de tracteurs<\/strong>: Ces personnes sont charg\u00e9es de g\u00e9rer la distribution des tracteurs aux utilisateurs finaux. Ils doivent conna\u00eetre les produits qu\u2019ils vendent et \u00eatre capables de fournir un excellent service client.<\/li>\n<\/ul>\n\n\n\n<p>Ce ne sont l\u00e0 que quelques titres d\u2019emploi dans l\u2019industrie du march\u00e9 des tracteurs. D&#039;autres r\u00f4les incluent les responsables de la cha\u00eene d&#039;approvisionnement, les responsables de la logistique, les responsables des op\u00e9rations, les analystes financiers et bien d&#039;autres. Chacune de ces fonctions est essentielle \u00e0 la prosp\u00e9rit\u00e9 de l\u2019industrie du march\u00e9 des tracteurs et des entreprises qui y travaillent.<\/p>\n\n\n\n<h2 class=\"wp-block-heading\">Pourquoi les entreprises doivent mener des recherches sur le march\u00e9 des tracteurs<\/h2>\n\n\n\n<figure class=\"gb-block-image gb-block-image-08ecbbfc\"><img loading=\"lazy\" decoding=\"async\" width=\"1456\" height=\"816\" class=\"gb-image gb-image-08ecbbfc\" src=\"https:\/\/www.sisinternational.com\/wp-content\/uploads\/2025\/08\/Agriculture-6.jpg\" alt=\"\u00c9tudes de march\u00e9 et strat\u00e9gie internationales SIS\" title=\"Agriculture (6)\" srcset=\"https:\/\/www.sisinternational.com\/wp-content\/uploads\/2025\/08\/Agriculture-6.jpg 1456w, https:\/\/www.sisinternational.com\/wp-content\/uploads\/2025\/08\/Agriculture-6-300x168.jpg 300w, https:\/\/www.sisinternational.com\/wp-content\/uploads\/2025\/08\/Agriculture-6-1024x574.jpg 1024w, https:\/\/www.sisinternational.com\/wp-content\/uploads\/2025\/08\/Agriculture-6-768x430.jpg 768w, https:\/\/www.sisinternational.com\/wp-content\/uploads\/2025\/08\/Agriculture-6-18x10.jpg 18w\" sizes=\"auto, (max-width: 1456px) 100vw, 1456px\"><\/figure>\n\n\n\n<p>Les \u00e9tudes de march\u00e9 sur les tracteurs aident les entreprises \u00e0 identifier leur march\u00e9 cible. Ces informations comprennent la taille du march\u00e9, les donn\u00e9es d\u00e9mographiques de la population cible et les go\u00fbts de la client\u00e8le. Les organisations peuvent utiliser ces informations pour d\u00e9velopper des produits et des initiatives marketing r\u00e9pondant aux besoins de leur march\u00e9 cible.<\/p>\n\n\n\n<p>Market research on tractors aids businesses in their competition. Developing effective marketing and <a class=\"wpil_keyword_link\" href=\"https:\/\/www.sisinternational.com\/fr\/solutions\/solutions-de-strategie-de-vente\/\"   title=\"Solutions de vente et de strat\u00e9gie\" data-wpil-keyword-link=\"linked\"  data-wpil-monitor-id=\"724\">strat\u00e9gie de soldes<\/a> requires a thorough understanding of the competition. Additionally, new technologies or laws that will impact the industry might be revealed by tractor market research, assisting firms in planning.<\/p>\n\n\n\n<p>Les \u00e9tudes de march\u00e9 sur les tracteurs aident les entreprises \u00e0 d\u00e9couvrir de nouvelles perspectives de d\u00e9veloppement. Par exemple, l\u2019analyse peut identifier des march\u00e9s inexploit\u00e9s ou de nouvelles applications de tracteurs. Les entreprises peuvent varier leurs offres de produits et augmenter leurs revenus gr\u00e2ce \u00e0 cela.<\/p>\n\n\n\n<p>Les \u00e9tudes de march\u00e9 sur les tracteurs aident \u00e9galement les entreprises \u00e0 surveiller et \u00e0 \u00e9valuer les performances des produits et du marketing. Surveillez les revenus, la satisfaction des clients et d\u2019autres donn\u00e9es de performances critiques. Il est possible de s&#039;ajuster \u00e0 la fois aux produits et aux m\u00e9thodes en utilisant ces donn\u00e9es.<\/p>\n\n\n\n<p>Pour les constructeurs de tracteurs, les \u00e9tudes de march\u00e9 sont essentielles. Il donne aux entreprises un aper\u00e7u des circonstances du march\u00e9, de la concurrence et des opportunit\u00e9s, les aidant \u00e0 prendre des d\u00e9cisions \u00e9clair\u00e9es, \u00e0 rester comp\u00e9titives, \u00e0 trouver de nouvelles opportunit\u00e9s de croissance et \u00e0 suivre leurs performances pour un succ\u00e8s \u00e0 long terme.<\/p>\n\n\n\n<h2 class=\"wp-block-heading\">Facteurs cl\u00e9s de succ\u00e8s de l\u2019\u00e9tude de march\u00e9 sur les tracteurs<\/h2>\n\n\n\n<p>L\u2019\u00e9tude de march\u00e9 sur les tracteurs est un outil crucial pour les organisations du secteur des tracteurs, mais elle doit prendre en compte les aspects essentiels du succ\u00e8s pour \u00eatre cr\u00e9dible.<\/p>\n\n\n\n<ol class=\"wp-block-list\">\n<li>Donn\u00e9es pr\u00e9cises et fiables : La qualit\u00e9 des donn\u00e9es utilis\u00e9es dans les \u00e9tudes de march\u00e9 sur les tracteurs est essentielle. Les entreprises doivent s&#039;assurer que leurs donn\u00e9es sont exactes, \u00e0 jour et fiables. V\u00e9rifier l\u2019exactitude des informations n\u00e9cessite d\u2019utiliser plusieurs sources de donn\u00e9es.<\/li>\n\n\n\n<li>M\u00e9thodes de recherche pertinentes : Les m\u00e9thodes utilis\u00e9es pour l\u2019\u00e9tude de march\u00e9 des tracteurs doivent \u00eatre adapt\u00e9es \u00e0 la question de recherche sp\u00e9cifique et au march\u00e9 cible. Les entreprises doivent utiliser une combinaison de m\u00e9thodes de recherche qualitatives et quantitatives pour fournir une compr\u00e9hension compl\u00e8te du march\u00e9.<\/li>\n\n\n\n<li>Objectifs de recherche clairs : les \u00e9tudes de march\u00e9 sur les tracteurs doivent avoir des objectifs clairs et sp\u00e9cifiques align\u00e9s sur les objectifs globaux de l\u2019entreprise. Cela garantira que l\u2019analyse est pr\u00e9cise et pertinente et que les r\u00e9sultats peuvent \u00eatre utilis\u00e9s pour prendre des d\u00e9cisions.<\/li>\n\n\n\n<li>Une \u00e9quipe de recherche comp\u00e9tente : L\u2019\u00e9quipe d\u2019\u00e9tude de march\u00e9 des tracteurs doit \u00eatre professionnelle et exp\u00e9riment\u00e9e. Cela inclut des personnes ayant une connaissance de l\u2019industrie des tracteurs et une expertise dans les m\u00e9thodes de recherche, l\u2019analyse et l\u2019interpr\u00e9tation des donn\u00e9es.<\/li>\n\n\n\n<li>Timely analysis: The tractor market <a href=\"https:\/\/www.sisinternational.com\/fr\/competence\/les-industries\/etude-de-marche-de-la-mode\/\" title=\"\u00c9tude de march\u00e9 de la mode et de l&#039;habillement\"  data-wpil-monitor-id=\"6958\">recherche<\/a> data analysis must be conducted promptly to ensure that the findings can be used to make strategic business decisions in a timely fashion.<\/li>\n\n\n\n<li>Communication efficace\u00a0: les r\u00e9sultats des \u00e9tudes de march\u00e9 sur les tracteurs doivent \u00eatre communiqu\u00e9s efficacement aux parties prenantes concern\u00e9es au sein de l&#039;entreprise afin de garantir que les r\u00e9sultats sont compris et peuvent \u00eatre utilis\u00e9s pour \u00e9clairer la prise de d\u00e9cision.<\/li>\n<\/ol>\n\n\n\n<p>En prenant en compte ces facteurs de r\u00e9ussite, les entreprises peuvent s\u2019assurer que leur \u00e9tude de march\u00e9 sur les tracteurs est men\u00e9e efficacement. Les r\u00e9sultats peuvent \u00eatre utilis\u00e9s pour prendre des d\u00e9cisions \u00e9clair\u00e9es et favoriser la r\u00e9ussite de l\u2019entreprise.<\/p>\n\n\n\n<h2 class=\"wp-block-heading\">\u00c9tude de march\u00e9 sur les tracteurs<\/h2>\n\n\n\n<figure class=\"gb-block-image gb-block-image-0a53cb44\"><img loading=\"lazy\" decoding=\"async\" width=\"1456\" height=\"816\" class=\"gb-image gb-image-0a53cb44\" src=\"https:\/\/www.sisinternational.com\/wp-content\/uploads\/2025\/08\/Agriculture-8.jpg\" alt=\"\u00c9tudes de march\u00e9 et strat\u00e9gie internationales SIS\" title=\"Agriculture (8)\" srcset=\"https:\/\/www.sisinternational.com\/wp-content\/uploads\/2025\/08\/Agriculture-8.jpg 1456w, https:\/\/www.sisinternational.com\/wp-content\/uploads\/2025\/08\/Agriculture-8-300x168.jpg 300w, https:\/\/www.sisinternational.com\/wp-content\/uploads\/2025\/08\/Agriculture-8-1024x574.jpg 1024w, https:\/\/www.sisinternational.com\/wp-content\/uploads\/2025\/08\/Agriculture-8-768x430.jpg 768w, https:\/\/www.sisinternational.com\/wp-content\/uploads\/2025\/08\/Agriculture-8-18x10.jpg 18w\" sizes=\"auto, (max-width: 1456px) 100vw, 1456px\"><\/figure>\n\n\n\n<p><\/p>\n\n\n\n<p>Ces derni\u00e8res ann\u00e9es, le march\u00e9 des tracteurs s&#039;est d\u00e9velopp\u00e9 de mani\u00e8re constante, et cette tendance devrait se poursuivre dans un avenir proche en raison de la modernisation de l&#039;agriculture et de l&#039;augmentation de la demande alimentaire.<\/p>\n\n\n\n<p>Dans l\u2019ensemble, le march\u00e9 des tracteurs est prometteur, avec de grandes opportunit\u00e9s de croissance et d\u2019innovation. Pour rester comp\u00e9titives et tirer parti des nouvelles opportunit\u00e9s, les entreprises op\u00e9rant dans ce secteur doivent se tenir au courant des tendances et des d\u00e9veloppements r\u00e9cents.<\/p>","protected":false},"excerpt":{"rendered":"<p>\u00c9tude de march\u00e9 des tracteurs. Le march\u00e9 devrait se d\u00e9velopper \u00e0 l\u2019avenir en raison de la modernisation de l\u2019agriculture et de la demande alimentaire.<\/p>","protected":false},"author":1,"featured_media":63129,"parent":14514,"menu_order":163,"comment_status":"closed","ping_status":"closed","template":"","meta":{"footnotes":""},"class_list":["post-41327","page","type-page","status-publish","has-post-thumbnail"],"_links":{"self":[{"href":"https:\/\/www.sisinternational.com\/fr\/wp-json\/wp\/v2\/pages\/41327","targetHints":{"allow":["GET"]}}],"collection":[{"href":"https:\/\/www.sisinternational.com\/fr\/wp-json\/wp\/v2\/pages"}],"about":[{"href":"https:\/\/www.sisinternational.com\/fr\/wp-json\/wp\/v2\/types\/page"}],"author":[{"embeddable":true,"href":"https:\/\/www.sisinternational.com\/fr\/wp-json\/wp\/v2\/users\/1"}],"replies":[{"embeddable":true,"href":"https:\/\/www.sisinternational.com\/fr\/wp-json\/wp\/v2\/comments?post=41327"}],"version-history":[{"count":6,"href":"https:\/\/www.sisinternational.com\/fr\/wp-json\/wp\/v2\/pages\/41327\/revisions"}],"predecessor-version":[{"id":80524,"href":"https:\/\/www.sisinternational.com\/fr\/wp-json\/wp\/v2\/pages\/41327\/revisions\/80524"}],"up":[{"embeddable":true,"href":"https:\/\/www.sisinternational.com\/fr\/wp-json\/wp\/v2\/pages\/14514"}],"wp:featuredmedia":[{"embeddable":true,"href":"https:\/\/www.sisinternational.com\/fr\/wp-json\/wp\/v2\/media\/63129"}],"wp:attachment":[{"href":"https:\/\/www.sisinternational.com\/fr\/wp-json\/wp\/v2\/media?parent=41327"}],"curies":[{"name":"wp","href":"https:\/\/api.w.org\/{rel}","templated":true}]}}