{"id":41317,"date":"2023-01-24T06:05:00","date_gmt":"2023-01-24T06:05:00","guid":{"rendered":"https:\/\/www.sisinternational.com\/?page_id=41317"},"modified":"2026-01-26T19:01:47","modified_gmt":"2026-01-27T00:01:47","slug":"etude-de-marche-sur-les-aeroports","status":"publish","type":"page","link":"https:\/\/www.sisinternational.com\/fr\/competence\/etude-de-marche-sur-les-aeroports\/","title":{"rendered":"\u00c9tude de march\u00e9 sur les enqu\u00eates a\u00e9roportuaires"},"content":{"rendered":"<h1 class=\"wp-block-heading\">\u00c9tude de march\u00e9 sur les enqu\u00eates a\u00e9roportuaires<\/h1>\n\n\n\n<figure class=\"gb-block-image gb-block-image-70ff05b8\"><img loading=\"lazy\" decoding=\"async\" width=\"1456\" height=\"816\" class=\"gb-image gb-image-70ff05b8\" src=\"https:\/\/www.sisinternational.com\/wp-content\/uploads\/2025\/10\/Airport-intercept-2.jpg\" alt=\"\u00c9tudes de march\u00e9 et strat\u00e9gie internationales SIS\" title=\"Airport intercept (2)\" srcset=\"https:\/\/www.sisinternational.com\/wp-content\/uploads\/2025\/10\/Airport-intercept-2.jpg 1456w, https:\/\/www.sisinternational.com\/wp-content\/uploads\/2025\/10\/Airport-intercept-2-300x168.jpg 300w, https:\/\/www.sisinternational.com\/wp-content\/uploads\/2025\/10\/Airport-intercept-2-1024x574.jpg 1024w, https:\/\/www.sisinternational.com\/wp-content\/uploads\/2025\/10\/Airport-intercept-2-768x430.jpg 768w, https:\/\/www.sisinternational.com\/wp-content\/uploads\/2025\/10\/Airport-intercept-2-18x10.jpg 18w\" sizes=\"auto, (max-width: 1456px) 100vw, 1456px\"><\/figure>\n\n\n\n<p><\/p>\n\n\n\n<hr class=\"wp-block-separator has-alpha-channel-opacity is-style-dots\"\/>\n\n\n\n<p><\/p>\n\n\n\n<div class=\"wp-block-columns has-global-color-9-color has-text-color has-background has-link-color wp-elements-2f6e43c6dc4f7864fcd323bc1a488b8c is-layout-flex wp-container-core-columns-is-layout-9d6595d7 wp-block-columns-is-layout-flex\" style=\"background-color:#f7f9fa6e\">\n<div class=\"wp-block-column is-layout-flow wp-block-column-is-layout-flow\" style=\"flex-basis:18%\"><\/div>\n\n\n\n<div class=\"wp-block-column is-vertically-aligned-center is-layout-flow wp-block-column-is-layout-flow\" style=\"flex-basis:71.28%\">\n<div class=\"wp-block-rank-math-toc-block aligncenter has-global-color-9-color has-text-color has-link-color wp-elements-bfd9db19fe0d546527856b2b9a405e1b\" style=\"font-size:16px\" id=\"rank-math-toc\"><h2><br><strong>T<\/strong>able of Contents<\/h2><nav><ul><li class=\"\"><a href=\"#what-is-airport-survey-market-research\">Qu\u2019est-ce que l\u2019\u00e9tude de march\u00e9 sur les enqu\u00eates a\u00e9roportuaires ?<\/a><\/li><li class=\"\"><a href=\"#who-are-the-survey-participants\">Qui sont les participants \u00e0 l\u2019enqu\u00eate ?<\/a><\/li><li class=\"\"><a href=\"#how-to-conduct-successful-airport-survey-market-research\">Comment mener une \u00e9tude de march\u00e9 r\u00e9ussie sur les a\u00e9roports<\/a><\/li><li class=\"\"><a href=\"#what-data-can-you-get-in-airport-survey-market-research\">Quelles donn\u00e9es pouvez-vous obtenir dans le cadre d\u2019une \u00e9tude de march\u00e9 sur les enqu\u00eates dans les a\u00e9roports ?<\/a><\/li><li class=\"\"><a href=\"#benefits-of-airport-survey-market-research\">Avantages de l\u2019\u00e9tude de march\u00e9 sur les enqu\u00eates a\u00e9roportuaires<\/a><\/li><li class=\"\"><a href=\"#businesses-that-need-airport-survey-market-research\">Entreprises qui ont besoin d\u2019une \u00e9tude de march\u00e9 sur les a\u00e9roports<\/a><\/li><\/ul><\/nav><\/div>\n<\/div>\n<\/div>\n\n\n\n<p><\/p>\n\n\n\n<h2 class=\"wp-block-heading\" id=\"what-is-airport-survey-market-research\">Qu\u2019est-ce que l\u2019\u00e9tude de march\u00e9 sur les enqu\u00eates a\u00e9roportuaires ?<\/h2>\n\n\n\n<p>L\u2019\u00e9tude de march\u00e9 sur les enqu\u00eates a\u00e9roportuaires est un moyen pr\u00e9cis de collecter des donn\u00e9es sur les diverses habitudes et pr\u00e9f\u00e9rences des utilisateurs de l\u2019a\u00e9roport. Des milliers de personnes transitent quotidiennement par l&#039;a\u00e9roport pour voyager soit pour affaires, soit pour leurs loisirs. Les diverses statistiques que l&#039;on peut obtenir aupr\u00e8s des passagers a\u00e9riens peuvent \u00eatre \u00e9tablies de nombreuses mani\u00e8res, mais l&#039;obtention d&#039;informations de premi\u00e8re main au moyen d&#039;entretiens ou d&#039;enqu\u00eates permettra d&#039;adopter une approche plus d\u00e9taill\u00e9e.<\/p>\n\n\n\n<h2 class=\"wp-block-heading\" id=\"who-are-the-survey-participants\">Qui sont les participants \u00e0 l\u2019enqu\u00eate ?<\/h2>\n\n\n\n<p>Airport <a class=\"wpil_keyword_link\" href=\"https:\/\/www.sisinternational.com\/fr\/solutions\/solutions-de-recherche-qualitative-et-quantitative\/etude-de-marche\/\"   title=\"\u00c9tude de march\u00e9 par sondage\" data-wpil-keyword-link=\"linked\"  data-wpil-monitor-id=\"725\">\u00c9tude de march\u00e9 par sondage<\/a> aims to provide airline companies, airports, or other businesses with useful data and strategies in the airport industry. The participants for the airport <a href=\"https:\/\/www.sisinternational.com\/fr\/etude-de-marche-aupres-des-membres\/\" title=\"\u00c9tude de march\u00e9 sur l\u2019enqu\u00eate aupr\u00e8s des membres\"  data-wpil-monitor-id=\"3594\">\u00e9tude de march\u00e9<\/a> are those who have used, are currently using, or planning to travel by air.<\/p>\n\n\n\n<h2 class=\"wp-block-heading\" id=\"how-to-conduct-successful-airport-survey-market-research\">Comment mener une \u00e9tude de march\u00e9 r\u00e9ussie sur les a\u00e9roports<\/h2>\n\n\n\n<figure class=\"gb-block-image gb-block-image-4024d408\"><img loading=\"lazy\" decoding=\"async\" width=\"1456\" height=\"816\" class=\"gb-image gb-image-4024d408\" src=\"https:\/\/www.sisinternational.com\/wp-content\/uploads\/2025\/10\/Airport-intercept-1.jpg\" alt=\"\u00c9tudes de march\u00e9 et strat\u00e9gie internationales SIS\" title=\"Airport intercept (1)\" srcset=\"https:\/\/www.sisinternational.com\/wp-content\/uploads\/2025\/10\/Airport-intercept-1.jpg 1456w, https:\/\/www.sisinternational.com\/wp-content\/uploads\/2025\/10\/Airport-intercept-1-300x168.jpg 300w, https:\/\/www.sisinternational.com\/wp-content\/uploads\/2025\/10\/Airport-intercept-1-1024x574.jpg 1024w, https:\/\/www.sisinternational.com\/wp-content\/uploads\/2025\/10\/Airport-intercept-1-768x430.jpg 768w, https:\/\/www.sisinternational.com\/wp-content\/uploads\/2025\/10\/Airport-intercept-1-18x10.jpg 18w\" sizes=\"auto, (max-width: 1456px) 100vw, 1456px\"><\/figure>\n\n\n\n<p><\/p>\n\n\n\n<p>Airport <a href=\"https:\/\/www.sisinternational.com\/fr\/competence\/les-industries\/etude-de-marche-sur-les-hotels\/\" title=\"\u00c9tude de march\u00e9 sur les h\u00f4tels\"  data-wpil-monitor-id=\"7211\">\u00e9tude de march\u00e9<\/a> should be done efficiently by well-experienced companies or individuals in order to acquire credible data and strategies in the airport industry. Here are some ideal methods to successfully conduct these types of surveys:<\/p>\n\n\n\n<ul class=\"wp-block-list\">\n<li>Limitez le questionnaire \u00e0 quelques questions auxquelles il ne faudra pas beaucoup de temps pour r\u00e9pondre. Lorsque vous approchez les participants \u00e0 l\u2019enqu\u00eate, assurez-vous d\u2019indiquer la dur\u00e9e de l\u2019enqu\u00eate.<\/li>\n\n\n\n<li>Faites un essai routier en r\u00e9alisant quelques enqu\u00eates qui \u00e9valueront la fa\u00e7on dont les questions se d\u00e9roulent et optimiseront le temps.<\/li>\n\n\n\n<li>Assurez-vous que vous disposez des bonnes personnes pour mener l\u2019enqu\u00eate. Les enqu\u00eateurs doivent \u00eatre extravertis, avoir une attitude amicale et fonceurs.<\/li>\n\n\n\n<li>Menez l\u2019entretien l\u00e0 o\u00f9 les passagers a\u00e9riens attendent. Il est pr\u00e9f\u00e9rable de faire \u00e9quipe avec l&#039;\u00e9quipe de s\u00e9curit\u00e9 de l&#039;a\u00e9roport pour acc\u00e9der \u00e0 des zones sp\u00e9cifiques.<\/li>\n\n\n\n<li>Proposez des incitations pour motiver les participants \u00e0 l\u2019enqu\u00eate. Choisissez des cadeaux que vous pouvez offrir imm\u00e9diatement si possible.<\/li>\n<\/ul>\n\n\n\n<h2 class=\"wp-block-heading\" id=\"what-data-can-you-get-in-airport-survey-market-research\">Quelles donn\u00e9es pouvez-vous obtenir dans le cadre d\u2019une \u00e9tude de march\u00e9 sur les enqu\u00eates dans les a\u00e9roports ?<\/h2>\n\n\n\n<p>Market Research provides insights into air travelers. Gathering data can be done face-to-face or online. However, <a class=\"wpil_keyword_link\" href=\"https:\/\/www.sisinternational.com\/fr\/solutions\/conseil-en-tourisme-de-voyage-et-en-hotellerie\/etude-de-marche-sur-les-interceptions-aeroportuaires\/\"   title=\"\u00c9tude de march\u00e9 sur les interceptions d\u2019a\u00e9roports\" data-wpil-keyword-link=\"linked\"  data-wpil-monitor-id=\"398\">\u00e9tude de march\u00e9 sur les interceptions a\u00e9roportuaires<\/a>, which is done by interviewing flight passengers in the airport vicinity, is more favorable because of its direct approach.<\/p>\n\n\n\n<p>Les passagers sont s\u00e9lectionn\u00e9s au hasard ou doivent r\u00e9pondre \u00e0 des crit\u00e8res sp\u00e9cifiques et une s\u00e9rie de questions leur sera pos\u00e9e. Ces questions peuvent cibler des donn\u00e9es sp\u00e9cifiques qui incluent, sans s&#039;y limiter\u00a0:<\/p>\n\n\n\n<ul class=\"wp-block-list\">\n<li>\u00c0 quelle fr\u00e9quence un passager vole-t-il par an.<\/li>\n\n\n\n<li>Obtenez des d\u00e9tails sur les raisons pour lesquelles ils voyagent.<\/li>\n\n\n\n<li>Pourquoi les passagers ont choisi de prendre l&#039;avion plut\u00f4t que d&#039;utiliser d&#039;autres modes de transport.<\/li>\n\n\n\n<li>Raisons pour lesquelles ils choisissent une compagnie a\u00e9rienne sp\u00e9cifique plut\u00f4t qu\u2019une autre.<\/li>\n\n\n\n<li>Le genre d\u2019exp\u00e9rience que vivent les passagers avant, pendant et apr\u00e8s le vol.<\/li>\n\n\n\n<li>Savoir ce qui peut \u00eatre am\u00e9lior\u00e9 dans les services et pourquoi<\/li>\n\n\n\n<li>Quelles suggestions ils peuvent faire pour les services qu\u2019ils ont utilis\u00e9s.<\/li>\n\n\n\n<li>Are they getting their money\u2019s <a href=\"https:\/\/www.sisinternational.com\/fr\/financial-services-consulting\/high-net-worth-financial-services\/\" title=\"High Net Worth Financial Services\"  data-wpil-monitor-id=\"1013\">worth is using a specific service<\/a> or airline?<\/li>\n\n\n\n<li>Sont-ils au courant des offres disponibles que l&#039;a\u00e9roport ou la compagnie a\u00e9rienne propose actuellement\u00a0?<\/li>\n\n\n\n<li>Diverses donn\u00e9es peuvent aider les compagnies a\u00e9riennes ou les soci\u00e9t\u00e9s a\u00e9roportuaires \u00e0 d\u00e9velopper un profil pour leur march\u00e9 de visite<\/li>\n<\/ul>\n\n\n\n<h2 class=\"wp-block-heading\" id=\"benefits-of-airport-survey-market-research\">Avantages de l\u2019\u00e9tude de march\u00e9 sur les enqu\u00eates a\u00e9roportuaires<\/h2>\n\n\n\n<figure class=\"gb-block-image gb-block-image-b00fc42e\"><img loading=\"lazy\" decoding=\"async\" width=\"1456\" height=\"816\" class=\"gb-image gb-image-b00fc42e\" src=\"https:\/\/www.sisinternational.com\/wp-content\/uploads\/2025\/10\/Airport-intercept-3.jpg\" alt=\"\u00c9tudes de march\u00e9 et strat\u00e9gie internationales SIS\" title=\"Airport intercept (3)\" srcset=\"https:\/\/www.sisinternational.com\/wp-content\/uploads\/2025\/10\/Airport-intercept-3.jpg 1456w, https:\/\/www.sisinternational.com\/wp-content\/uploads\/2025\/10\/Airport-intercept-3-300x168.jpg 300w, https:\/\/www.sisinternational.com\/wp-content\/uploads\/2025\/10\/Airport-intercept-3-1024x574.jpg 1024w, https:\/\/www.sisinternational.com\/wp-content\/uploads\/2025\/10\/Airport-intercept-3-768x430.jpg 768w, https:\/\/www.sisinternational.com\/wp-content\/uploads\/2025\/10\/Airport-intercept-3-18x10.jpg 18w\" sizes=\"auto, (max-width: 1456px) 100vw, 1456px\"><\/figure>\n\n\n\n<p><\/p>\n\n\n\n<p>La collecte d\u2019informations sur les voyageurs a\u00e9riens gr\u00e2ce \u00e0 des \u00e9tudes de march\u00e9 sur les interceptions dans les a\u00e9roports contribuera \u00e0 fournir des donn\u00e9es et des strat\u00e9gies au secteur a\u00e9roportuaire. Ce type d&#039;\u00e9tude de march\u00e9 fournit des informations sur les exp\u00e9riences et les pr\u00e9f\u00e9rences des passagers a\u00e9riens qui peuvent \u00eatre utilis\u00e9es par les acteurs de l&#039;industrie du voyage.<\/p>\n\n\n\n<h3 class=\"wp-block-heading\">L\u2019\u00e9tude de march\u00e9 a\u00e9roportuaire fournit des informations qui peuvent \u00eatre utilis\u00e9es dans les domaines suivants\u00a0:<\/h3>\n\n\n\n<ul class=\"wp-block-list\">\n<li>Aider les d\u00e9cideurs et les entreprises \u00e0 obtenir des donn\u00e9es et des strat\u00e9gies dans le secteur a\u00e9roportuaire.<\/li>\n\n\n\n<li>Les statistiques qui seront recueillies peuvent contribuer \u00e0 am\u00e9liorer les services et \u00e0 conserver ceux qui fonctionnent.<\/li>\n\n\n\n<li>D\u00e9couvrez les facteurs qui inciteront les voyageurs a\u00e9riens \u00e0 choisir des services sp\u00e9cifiques.<\/li>\n\n\n\n<li>Analyse concurrentielle pour identifier le diff\u00e9renciateur cl\u00e9 le plus important ou \u00e0 des fins d&#039;analyse comparative.<\/li>\n\n\n\n<li>Identifiez les personnes qui choisissent actuellement vos services pour cibler des clients potentiels similaires<\/li>\n\n\n\n<li>Identifiez les individus qui ne sont pas satisfaits du service pour savoir de quelle \u00e9tape du parcours client ils sont le plus insatisfaits<\/li>\n<\/ul>\n\n\n\n<p><\/p>\n\n\n\n<!DOCTYPE html>\n<html lang=\"en\">\n<head>\n    <meta charset=\"UTF-8\">\n    <meta name=\"viewport\" content=\"width=device-width, initial-scale=1.0\">\n    <title>AI Blog Banner<\/title>\n    <style>\n        * {\n            margin: 0;\n            padding: 0;\n            box-sizing: border-box;\n        }\n\n        .banner {\n            position: relative;\n            width: 100%;\n            height: 350px;\n            overflow: hidden;\n            display: flex;\n            align-items: center;\n            justify-content: center;\n            font-family: 'Arial', sans-serif;\n            border-radius: 25px;\n        }\n\n        .animated-background {\n            position: absolute;\n            top: 0;\n            left: 0;\n            width: 100%;\n            height: 100%;\n            background: linear-gradient(45deg, #003f6b, #2d5a7b, #003f6b, #2d5a7b);\n            background-size: 400% 400%;\n            animation: gradientMove 8s ease-in-out infinite;\n        }\n\n        .ai-pattern {\n            position: absolute;\n            top: 0;\n            left: 0;\n            width: 100%;\n            height: 100%;\n            opacity: 0.1;\n            background-image: \n                radial-gradient(circle at 20% 20%, rgba(255,255,255,0.3) 2px, transparent 2px),\n                radial-gradient(circle at 80% 80%, rgba(255,255,255,0.2) 1px, transparent 1px),\n                radial-gradient(circle at 40% 60%, rgba(255,255,255,0.15) 1.5px, transparent 1.5px),\n                radial-gradient(circle at 60% 20%, rgba(255,255,255,0.25) 1px, transparent 1px),\n                radial-gradient(circle at 80% 40%, rgba(255,255,255,0.2) 2px, transparent 2px);\n            background-size: 100px 100px, 150px 150px, 80px 80px, 120px 120px, 90px 90px;\n            animation: patternFloat 12s linear infinite;\n        }\n\n        .neural-network {\n            position: absolute;\n            top: 0;\n            left: 0;\n            width: 100%;\n            height: 100%;\n            opacity: 0.08;\n        }\n\n        .neural-line {\n            position: absolute;\n            height: 1px;\n            background: linear-gradient(90deg, transparent, rgba(255,255,255,0.5), transparent);\n            animation: neuralPulse 6s ease-in-out infinite;\n        }\n\n        .neural-line:nth-child(1) {\n            top: 30%;\n            left: 0;\n            width: 60%;\n            animation-delay: 0s;\n        }\n\n        .neural-line:nth-child(2) {\n            top: 50%;\n            right: 0;\n            width: 70%;\n            animation-delay: 2s;\n        }\n\n        .neural-line:nth-child(3) {\n            top: 70%;\n            left: 20%;\n            width: 50%;\n            animation-delay: 4s;\n        }\n\n        .content {\n            position: relative;\n            z-index: 10;\n            text-align: center;\n            color: white !important;\n            max-width: 800px;\n            padding: 30px;\n        }\n\n        .content * {\n            color: white !important;\n        }\n\n        .cta-text {\n            font-size: 1.9rem;\n            font-weight: 700;\n            margin-bottom: 15px;\n            color: white !important;\n            background: linear-gradient(90deg, rgba(255,255,255,0.6), rgba(255,255,255,1), rgba(230,230,230,1), rgba(255,255,255,1), rgba(240,240,240,0.8), rgba(255,255,255,0.6));\n            background-size: 200% 100%;\n            -webkit-background-clip: text;\n            -webkit-text-fill-color: transparent;\n            background-clip: text;\n            animation: shineEffect 10s ease-in-out infinite;\n            line-height: 1.3;\n        }\n\n        .cta-subheading {\n            font-size: 1rem;\n            font-weight: 400;\n            margin-bottom: 25px;\n            color: white !important;\n            line-height: 1.6;\n            opacity: 0.95;\n        }\n\n        .cta-button {\n            background: linear-gradient(135deg, #8a6b0f, #bd9013, #d4a519);\n            border: 2px solid #8a6b0f;\n            color: white !important;\n            padding: 18px 40px;\n            font-size: 1.2rem;\n            font-weight: 600;\n            border-radius: 50px;\n            cursor: pointer;\n            transition: all 0.3s ease;\n            text-decoration: none;\n            display: inline-block;\n            position: relative;\n            overflow: hidden;\n        }\n\n        .cta-button::before {\n            content: '';\n            position: absolute;\n            top: 0;\n            left: -100%;\n            width: 100%;\n            height: 100%;\n            background: linear-gradient(90deg, \n                transparent 0%, \n                rgba(255, 255, 255, 0.3) 25%,\n                rgba(255, 255, 255, 0.6) 50%,\n                rgba(255, 255, 255, 0.3) 75%,\n                transparent 100%);\n            animation: shine 3s ease-in-out infinite;\n        }\n\n        .cta-button:hover {\n            transform: translateY(-3px);\n            box-shadow: 0 10px 25px rgba(0,0,0,0.2);\n            border-color: #bd9013;\n            background: linear-gradient(135deg, #bd9013, #d4a519, #e6b61f);\n        }\n\n        .floating-elements {\n            position: absolute;\n            top: 0;\n            left: 0;\n            width: 100%;\n            height: 100%;\n            pointer-events: none;\n        }\n\n        .floating-circle {\n            position: absolute;\n            border-radius: 50%;\n            background: rgba(255,255,255,0.1);\n            animation: float 8s ease-in-out infinite;\n        }\n\n        .floating-circle:nth-child(1) {\n            width: 80px;\n            height: 80px;\n            top: 20%;\n            left: 10%;\n            animation-delay: 0s;\n        }\n\n        .floating-circle:nth-child(2) {\n            width: 60px;\n            height: 60px;\n            top: 60%;\n            right: 15%;\n            animation-delay: 3s;\n        }\n\n        .floating-circle:nth-child(3) {\n            width: 40px;\n            height: 40px;\n            top: 80%;\n            left: 80%;\n            animation-delay: 6s;\n        }\n\n        .floating-circle:nth-child(4) {\n            width: 70px;\n            height: 70px;\n            top: 10%;\n            right: 20%;\n            animation-delay: 1.5s;\n        }\n\n        .floating-circle:nth-child(5) {\n            width: 50px;\n            height: 50px;\n            top: 75%;\n            left: 30%;\n            animation-delay: 4.5s;\n        }\n\n        @keyframes gradientMove {\n            0% { background-position: 0% 50%; }\n            25% { background-position: 100% 50%; }\n            50% { background-position: 100% 100%; }\n            75% { background-position: 0% 100%; }\n            100% { background-position: 0% 50%; }\n        }\n\n        @keyframes patternFloat {\n            0% { transform: translateX(0) translateY(0); }\n            33% { transform: translateX(30px) translateY(-20px); }\n            66% { transform: translateX(-20px) translateY(10px); }\n            100% { transform: translateX(0) translateY(0); }\n        }\n\n        @keyframes neuralPulse {\n            0%, 100% { opacity: 0.08; }\n            50% { opacity: 0.2; }\n        }\n\n        @keyframes shineEffect {\n            0% { background-position: 200% 0; }\n            100% { background-position: -200% 0; }\n        }\n\n        @keyframes shine {\n            0% {\n                left: -100%;\n            }\n            20%, 100% {\n                left: 100%;\n            }\n        }\n\n        @keyframes float {\n            0%, 100% { transform: translateY(0px) rotate(0deg); }\n            33% { transform: translateY(-30px) rotate(120deg); }\n            66% { transform: translateY(15px) rotate(240deg); }\n        }\n\n        @media (max-width: 768px) {\n            .banner {\n                height: 320px;\n                padding: 30px 0;\n            }\n            \n            .content {\n                padding: 40px 20px;\n            }\n            \n            .cta-text {\n                font-size: 1.3rem;\n                margin-bottom: 12px;\n            }\n            \n            .cta-subheading {\n                font-size: 0.85rem;\n                margin-bottom: 20px;\n            }\n            \n            .cta-button {\n                padding: 14px 28px;\n                font-size: 0.95rem;\n            }\n        }\n    <\/style>\n<\/head>\n<body>\n    <div class=\"banner\">\n        <div class=\"animated-background\"><\/div>\n        \n        <div class=\"ai-pattern\"><\/div>\n        \n        <div class=\"neural-network\">\n            <div class=\"neural-line\"><\/div>\n            <div class=\"neural-line\"><\/div>\n            <div class=\"neural-line\"><\/div>\n        <\/div>\n        \n        <div class=\"floating-elements\">\n            <div class=\"floating-circle\"><\/div>\n            <div class=\"floating-circle\"><\/div>\n            <div class=\"floating-circle\"><\/div>\n            <div class=\"floating-circle\"><\/div>\n            <div class=\"floating-circle\"><\/div>\n        <\/div>\n        \n        <div class=\"content\">\n            <div class=\"cta-text\">Ready to explore the insights that drive smarter decisions?<\/div>\n            <div class=\"cta-subheading\">Contact our Research experts today.<\/div>\n            <a href=\"mailto:Research@sisinternational.com\" class=\"cta-button\">Contact us now!<\/a>\n        <\/div>\n    <\/div>\n<\/body>\n<\/html>\n\n\n\n<p><\/p>\n\n\n\n<h2 class=\"wp-block-heading\" id=\"businesses-that-need-airport-survey-market-research\">Entreprises qui ont besoin d\u2019une \u00e9tude de march\u00e9 sur les a\u00e9roports<\/h2>\n\n\n\n<ul class=\"wp-block-list\">\n<li>Compagnies a\u00e9riennes<\/li>\n\n\n\n<li>Gestion de l&#039;a\u00e9roport<\/li>\n\n\n\n<li>Entreprises fournissant des services en milieu a\u00e9roportuaire<\/li>\n\n\n\n<li>Entreprises fournissant des services \u00e0 proximit\u00e9 de l\u2019a\u00e9roport<\/li>\n\n\n\n<li>Propri\u00e9taires de magasins dans et \u00e0 proximit\u00e9 de l&#039;a\u00e9roport<\/li>\n\n\n\n<li>Services d&#039;h\u00f4tellerie et d&#039;h\u00e9bergement pour les passagers a\u00e9riens<\/li>\n\n\n\n<li>Producteurs et distributeurs de biens\/articles utilis\u00e9s par les passagers a\u00e9riens<\/li>\n<\/ul>\n\n\n<h2>Notre emplacement \u00e0 New York<\/h2>\n<p><!-- \/wp:post-content --> <!-- wp:html --> <iframe loading=\"lazy\" src=\"https:\/\/www.google.com\/maps\/embed?pb=!1m18!1m12!1m3!1d3022.976188376966!2d-73.99130312499956!3d40.740549471389315!2m3!1f0!2f0!3f0!3m2!1i1024!2i768!4f13.1!3m3!1m2!1s0x89c259a15798c731%3A0xd695d09bdd495f25!2s11%20E%2022nd%20St%20FL%202%2C%20New%20York%2C%20NY%2010010%2C%20USA!5e0!3m2!1sen!2spe!4v1726171763526!5m2!1sen!2spe\" width=\"600\" height=\"450\" allowfullscreen=\"allowfullscreen\" data-mce-fragment=\"1\"><\/iframe> <!-- \/wp:html --> <!-- wp:paragraph --><\/p>\n<h3 class=\"wp-block-heading\">11 E 22nd Street, \u00e9tage 2, New York, NY 10010 T\u00e9l. : +1(212) 505-6805<\/h3>\n<hr \/>\n<h2><span style=\"font-weight: 400;\">\u00c0 propos de SIS International<\/span><\/h2>\n<p><a href=\"https:\/\/www.sisinternational.com\/fr\/\"><span style=\"font-weight: 400;\">SIS International<\/span><\/a><span style=\"font-weight: 400;\"> propose des recherches quantitatives, qualitatives et strat\u00e9giques. Nous fournissons des donn\u00e9es, des outils, des strat\u00e9gies, des rapports et des informations pour la prise de d\u00e9cision. Nous menons \u00e9galement des entretiens, des enqu\u00eates, des groupes de discussion et d\u2019autres m\u00e9thodes et approches d\u2019\u00e9tudes de march\u00e9.<\/span><a href=\"https:\/\/www.sisinternational.com\/fr\/a-propos-de-la-recherche-internationale-sis\/contact-sis-international-market-research\/\"><span style=\"font-weight: 400;\"> Contactez nous<\/span><\/a><span style=\"font-weight: 400;\"> pour votre prochain projet d&#039;\u00e9tude de march\u00e9.<\/span><\/p>","protected":false},"excerpt":{"rendered":"<p>L\u2019\u00e9tude de march\u00e9 sur les enqu\u00eates a\u00e9roportuaires est un moyen pr\u00e9cis de collecter des donn\u00e9es sur les diverses habitudes et pr\u00e9f\u00e9rences des utilisateurs de l\u2019a\u00e9roport.<\/p>","protected":false},"author":1,"featured_media":70803,"parent":14514,"menu_order":162,"comment_status":"closed","ping_status":"closed","template":"","meta":{"footnotes":""},"class_list":["post-41317","page","type-page","status-publish","has-post-thumbnail"],"_links":{"self":[{"href":"https:\/\/www.sisinternational.com\/fr\/wp-json\/wp\/v2\/pages\/41317","targetHints":{"allow":["GET"]}}],"collection":[{"href":"https:\/\/www.sisinternational.com\/fr\/wp-json\/wp\/v2\/pages"}],"about":[{"href":"https:\/\/www.sisinternational.com\/fr\/wp-json\/wp\/v2\/types\/page"}],"author":[{"embeddable":true,"href":"https:\/\/www.sisinternational.com\/fr\/wp-json\/wp\/v2\/users\/1"}],"replies":[{"embeddable":true,"href":"https:\/\/www.sisinternational.com\/fr\/wp-json\/wp\/v2\/comments?post=41317"}],"version-history":[{"count":11,"href":"https:\/\/www.sisinternational.com\/fr\/wp-json\/wp\/v2\/pages\/41317\/revisions"}],"predecessor-version":[{"id":80773,"href":"https:\/\/www.sisinternational.com\/fr\/wp-json\/wp\/v2\/pages\/41317\/revisions\/80773"}],"up":[{"embeddable":true,"href":"https:\/\/www.sisinternational.com\/fr\/wp-json\/wp\/v2\/pages\/14514"}],"wp:featuredmedia":[{"embeddable":true,"href":"https:\/\/www.sisinternational.com\/fr\/wp-json\/wp\/v2\/media\/70803"}],"wp:attachment":[{"href":"https:\/\/www.sisinternational.com\/fr\/wp-json\/wp\/v2\/media?parent=41317"}],"curies":[{"name":"wp","href":"https:\/\/api.w.org\/{rel}","templated":true}]}}