{"id":41311,"date":"2023-01-24T01:34:27","date_gmt":"2023-01-24T01:34:27","guid":{"rendered":"https:\/\/www.sisinternational.com\/?page_id=41311"},"modified":"2026-01-25T18:23:32","modified_gmt":"2026-01-25T23:23:32","slug":"etude-de-marche-sur-lindustrie-fruitiere","status":"publish","type":"page","link":"https:\/\/www.sisinternational.com\/fr\/competence\/etude-de-marche-sur-lindustrie-fruitiere\/","title":{"rendered":"\u00c9tude de march\u00e9 sur l\u2019industrie fruiti\u00e8re"},"content":{"rendered":"<h1 class=\"wp-block-heading\">\u00c9tude de march\u00e9 sur l\u2019industrie fruiti\u00e8re<\/h1>\n\n\n\n<figure class=\"gb-block-image gb-block-image-014670ac\"><img loading=\"lazy\" decoding=\"async\" width=\"1456\" height=\"816\" class=\"gb-image gb-image-014670ac\" src=\"https:\/\/www.sisinternational.com\/wp-content\/uploads\/2025\/08\/Fruit-6.jpg\" alt=\"\u00c9tudes de march\u00e9 et strat\u00e9gie internationales SIS\" title=\"Fruit (6)\" srcset=\"https:\/\/www.sisinternational.com\/wp-content\/uploads\/2025\/08\/Fruit-6.jpg 1456w, https:\/\/www.sisinternational.com\/wp-content\/uploads\/2025\/08\/Fruit-6-300x168.jpg 300w, https:\/\/www.sisinternational.com\/wp-content\/uploads\/2025\/08\/Fruit-6-1024x574.jpg 1024w, https:\/\/www.sisinternational.com\/wp-content\/uploads\/2025\/08\/Fruit-6-768x430.jpg 768w, https:\/\/www.sisinternational.com\/wp-content\/uploads\/2025\/08\/Fruit-6-18x10.jpg 18w\" sizes=\"auto, (max-width: 1456px) 100vw, 1456px\"><\/figure>\n\n\n\n<p><\/p>\n\n\n\n<h2 class=\"wp-block-heading\">Comprendre les tendances de consommation et identifier les opportunit\u00e9s<\/h2>\n\n\n\n<p>L\u2019industrie fruiti\u00e8re est un \u00e9l\u00e9ment essentiel de l\u2019\u00e9conomie mondiale, fournissant des produits sains et d\u00e9licieux aux consommateurs du monde entier. Les \u00e9tudes de march\u00e9 sont essentielles pour les entreprises qui cherchent \u00e0 r\u00e9ussir dans l\u2019industrie fruiti\u00e8re. Il offre des informations pr\u00e9cieuses sur les tendances et pr\u00e9f\u00e9rences des consommateurs et identifie de nouvelles opportunit\u00e9s de croissance et d\u2019expansion.<\/p>\n\n\n\n<p>One key area of focus for fruit <a href=\"https:\/\/www.sisinternational.com\/fr\/etude-de-marche-dans-le-secteur-de-leducation\/\" title=\"\u00c9tude de march\u00e9 sur le secteur de l\u2019\u00e9ducation\"  data-wpil-monitor-id=\"1810\">industry market research<\/a> is consumer demand. Research can provide information on the types of fruit that are most popular with consumers and their preferred packaging, pricing, and distribution channels. The data can be used to design effective marketing strategies and modify products to meet the target market&#8217;s needs.<\/p>\n\n\n\n<p>Another important aspect of fruit <a href=\"https:\/\/www.sisinternational.com\/fr\/competence\/les-industries\/etude-de-marche-sur-lindustrie-de-la-photographie\/\" title=\"\u00c9tude de march\u00e9 sur l\u2019industrie de la photographie\"  data-wpil-monitor-id=\"3189\">industry market research<\/a> is identifying new growth opportunities. Businesses can leverage rising trends and new markets, such as the growing demand for organic and non-genetically modified (non-GMO) fruits, which can be uncovered through analysis.<\/p>\n\n\n\n<h2 class=\"wp-block-heading\">Titres de poste et responsabilit\u00e9s cl\u00e9s dans l&#039;industrie du march\u00e9 des fruits<\/h2>\n\n\n\n<ul class=\"wp-block-list\">\n<li>Producteur de fruits\u00a0: ces personnes sont responsables de la culture et de la r\u00e9colte des fruits dans une ferme, en utilisant des m\u00e9thodes telles que l&#039;agriculture traditionnelle, l&#039;agriculture biologique ou les serres. Ils doivent \u00e9galement conna\u00eetre les diff\u00e9rents types de fruits et leurs conditions de croissance id\u00e9ales.<\/li>\n\n\n\n<li>Emballeur de fruits\u00a0: les emballeurs de fruits sont responsables de l&#039;emballage et de la pr\u00e9paration des fruits pour leur exp\u00e9dition aux d\u00e9taillants et aux distributeurs, en veillant \u00e0 ce que les fruits soient emball\u00e9s correctement et r\u00e9pondent aux normes de l&#039;industrie en mati\u00e8re de taille, de couleur et de qualit\u00e9. Ils doivent \u00e9galement utiliser des m\u00e9thodes d\u2019emballage appropri\u00e9es pour \u00e9viter tout dommage pendant le transport.<\/li>\n\n\n\n<li>Distributeur de fruits\u00a0: les distributeurs de fruits sont charg\u00e9s de livrer les fruits aux d\u00e9taillants et aux march\u00e9s de gros, connaissant les diff\u00e9rents types de fruits et leurs exigences en mati\u00e8re de stockage et de manutention. Ils ont \u00e9galement besoin de solides comp\u00e9tences en communication et en n\u00e9gociation pour travailler avec les producteurs, les emballeurs et les d\u00e9taillants.<\/li>\n\n\n\n<li>Gestionnaire du march\u00e9 aux fruits\u00a0: les gestionnaires du march\u00e9 aux fruits sont charg\u00e9s de g\u00e9rer un march\u00e9 ou un stand de fruits, de superviser les stocks, les prix et les ventes. Ils ont besoin de solides comp\u00e9tences en leadership et en gestion, ainsi que d\u2019une connaissance des tendances du march\u00e9 et des pr\u00e9f\u00e9rences des consommateurs.<\/li>\n\n\n\n<li>D\u00e9taillant de fruits\u00a0: les d\u00e9taillants de fruits sont charg\u00e9s de vendre des fruits aux consommateurs dans une \u00e9picerie ou un march\u00e9 aux fruits. Ils doivent conna\u00eetre les diff\u00e9rents types de fruits, leurs exigences en mati\u00e8re de stockage et de manutention, ainsi que leurs comp\u00e9tences en mati\u00e8re de service client et de vente.<\/li>\n\n\n\n<li>Coordinateur import\/export de fruits : Ces personnes coordonnent l\u2019importation ou l\u2019exportation de fruits vers d\u2019autres pays, connaissant les r\u00e9glementations commerciales internationales et les proc\u00e9dures douani\u00e8res.<\/li>\n\n\n\n<li>Inspecteur du contr\u00f4le de la qualit\u00e9 des fruits\u00a0: ces professionnels sont charg\u00e9s d&#039;inspecter et d&#039;assurer la qualit\u00e9 des fruits avant leur exp\u00e9dition ou leur vente, ayant une connaissance des normes et r\u00e9glementations de l&#039;industrie.<\/li>\n\n\n\n<li>Coordonnateur de la logistique des fruits : Ces personnes sont responsables de la coordination du transport et du stockage des fruits de la ferme au d\u00e9tail, poss\u00e9dant une connaissance des op\u00e9rations de logistique et de transport et de solides comp\u00e9tences en communication et en coordination.<\/li>\n<\/ul>\n\n\n\n<h2 class=\"wp-block-heading\">Explorer les avantages \u00e9conomiques et sanitaires des \u00e9tudes de march\u00e9 sur l\u2019industrie fruiti\u00e8re<\/h2>\n\n\n\n<p>L\u2019industrie fruiti\u00e8re aide les entreprises et favorise la sant\u00e9. Il fournit des revenus aux agriculteurs et aux grossistes et offre aux consommateurs une vari\u00e9t\u00e9 d\u2019aliments frais et sains.<\/p>\n\n\n\n<p>L\u2019industrie fruiti\u00e8re soutient les entreprises de la cha\u00eene d\u2019approvisionnement et offre des emplois. L&#039;industrie emploie des milliers de personnes et renforce les \u00e9conomies locales, de la culture \u00e0 l&#039;emballage et \u00e0 la livraison. Les \u00e9piceries et les kiosques \u00e0 fruits profitent \u00e9galement de la demande croissante de fruits.<\/p>\n\n\n\n<p>Le march\u00e9 aux fruits favorise une alimentation saine en proposant des fruits et l\u00e9gumes frais. Les vitamines, les min\u00e9raux et les antioxydants contenus dans les fruits sont n\u00e9cessaires \u00e0 la sant\u00e9 nutritionnelle. Ils offrent une alternative faible en calories aux collations nocives, facilitant ainsi les choix plus sains.<\/p>\n\n\n\n<h2 class=\"wp-block-heading\">Comprendre les consommateurs et garder une longueur d\u2019avance sur les tendances<\/h2>\n\n\n\n<ul class=\"wp-block-list\">\n<li>Les \u00e9tudes de march\u00e9 sur les types de fruits, leur emballage et leur prix peuvent aider les entreprises \u00e0 comprendre les go\u00fbts des consommateurs. Ces donn\u00e9es peuvent aider \u00e0 cr\u00e9er des produits qui satisfont les d\u00e9sirs des consommateurs et stimulent les ventes.<\/li>\n\n\n\n<li>De nouveaux produits et tendances \u00e9mergent constamment sur le march\u00e9 des fruits. Les \u00e9tudes de march\u00e9 peuvent aider les organisations \u00e0 anticiper et \u00e0 s&#039;adapter aux tendances futures.<\/li>\n\n\n\n<li>Diff\u00e9rents produits s&#039;adressent \u00e0 diff\u00e9rents publics. Les \u00e9tudes de march\u00e9 peuvent aider les organisations \u00e0 cibler des march\u00e9s sp\u00e9cifiques et \u00e0 personnaliser leurs produits et m\u00e9thodes de marketing.<\/li>\n\n\n\n<li>Savoir ce qu&#039;ils font peut vous aider \u00e0 vous am\u00e9liorer et \u00e0 vous d\u00e9marquer. Les \u00e9tudes de march\u00e9 peuvent \u00e9clairer les d\u00e9cisions de d\u00e9veloppement de produits et de tarification pour les entreprises.<\/li>\n\n\n\n<li>Il est crucial de comprendre les besoins de vos clients. Les \u00e9tudes de march\u00e9 peuvent identifier les commentaires des clients et aider les organisations \u00e0 s\u2019am\u00e9liorer.<\/li>\n<\/ul>\n\n\n\n<p>Understanding consumer demand, keeping up with trends, locating target areas, monitoring competition, and engaging with customers is crucial to the success of fruit market research. Businesses can make better decisions and enhance their <a href=\"https:\/\/www.sisinternational.com\/fr\/competence\/les-industries\/etude-de-marche-sur-le-design-industriel\/\" title=\"\u00c9tude de march\u00e9 sur le design industriel\"  data-wpil-monitor-id=\"4153\">industry performance by conducting extensive market research<\/a>.<\/p>\n\n\n\n<h2 class=\"wp-block-heading\">Etude de march\u00e9 pour l&#039;industrie fruiti\u00e8re<\/h2>\n\n\n\n<p>L\u2019industrie fruiti\u00e8re est un march\u00e9 lucratif et diversifi\u00e9 avec une large gamme de produits et une large demande des consommateurs. Les \u00e9tudes de march\u00e9 aident les entreprises \u00e0 comprendre les pr\u00e9f\u00e9rences des consommateurs, les tendances du march\u00e9 et la concurrence, ce qui peut faciliter le d\u00e9veloppement de produits, les strat\u00e9gies de tarification et les efforts de marketing.<\/p>\n\n\n\n<p>In summary, fruit <a href=\"https:\/\/www.sisinternational.com\/fr\/competence\/les-industries\/etude-de-marche-sur-lautomatisation-industrielle\/\" title=\"\u00c9tude de march\u00e9 sur l\u2019automatisation industrielle\"  data-wpil-monitor-id=\"4806\">industry market research<\/a> is essential for businesses looking to succeed in this market. It provides valuable insights into consumer trends, identifies new growth opportunities, and helps companies stay competitive in a rapidly changing industry.<\/p>","protected":false},"excerpt":{"rendered":"<p>Les \u00e9tudes de march\u00e9 sur l\u2019industrie fruiti\u00e8re fournissent un aper\u00e7u des tendances de consommation, identifient les opportunit\u00e9s de croissance et aident les entreprises \u00e0 rester comp\u00e9titives.<\/p>","protected":false},"author":1,"featured_media":63833,"parent":14514,"menu_order":159,"comment_status":"closed","ping_status":"closed","template":"","meta":{"footnotes":""},"class_list":["post-41311","page","type-page","status-publish","has-post-thumbnail"],"_links":{"self":[{"href":"https:\/\/www.sisinternational.com\/fr\/wp-json\/wp\/v2\/pages\/41311","targetHints":{"allow":["GET"]}}],"collection":[{"href":"https:\/\/www.sisinternational.com\/fr\/wp-json\/wp\/v2\/pages"}],"about":[{"href":"https:\/\/www.sisinternational.com\/fr\/wp-json\/wp\/v2\/types\/page"}],"author":[{"embeddable":true,"href":"https:\/\/www.sisinternational.com\/fr\/wp-json\/wp\/v2\/users\/1"}],"replies":[{"embeddable":true,"href":"https:\/\/www.sisinternational.com\/fr\/wp-json\/wp\/v2\/comments?post=41311"}],"version-history":[{"count":7,"href":"https:\/\/www.sisinternational.com\/fr\/wp-json\/wp\/v2\/pages\/41311\/revisions"}],"predecessor-version":[{"id":78764,"href":"https:\/\/www.sisinternational.com\/fr\/wp-json\/wp\/v2\/pages\/41311\/revisions\/78764"}],"up":[{"embeddable":true,"href":"https:\/\/www.sisinternational.com\/fr\/wp-json\/wp\/v2\/pages\/14514"}],"wp:featuredmedia":[{"embeddable":true,"href":"https:\/\/www.sisinternational.com\/fr\/wp-json\/wp\/v2\/media\/63833"}],"wp:attachment":[{"href":"https:\/\/www.sisinternational.com\/fr\/wp-json\/wp\/v2\/media?parent=41311"}],"curies":[{"name":"wp","href":"https:\/\/api.w.org\/{rel}","templated":true}]}}