{"id":41308,"date":"2023-01-24T01:23:55","date_gmt":"2023-01-24T01:23:55","guid":{"rendered":"https:\/\/www.sisinternational.com\/?page_id=41308"},"modified":"2026-03-12T11:59:25","modified_gmt":"2026-03-12T15:59:25","slug":"etude-de-marche-tijuana-mexique","status":"publish","type":"page","link":"https:\/\/www.sisinternational.com\/fr\/couverture\/latin-america\/etude-de-marche-en-amerique-latine\/etude-de-marche-tijuana-mexique\/","title":{"rendered":"Etude de march\u00e9 \u00e0 Tijuana, Mexique"},"content":{"rendered":"<h1>Etude de march\u00e9 \u00e0 Tijuana, Mexique<\/h1>\n<p><img loading=\"lazy\" decoding=\"async\" class=\"aligncenter size-full wp-image-41346\" src=\"https:\/\/www.sisinternational.com\/wp-content\/uploads\/2023\/01\/market-research-tijuana.jpg\" alt=\"Etude de march\u00e9 \u00e0 Tijuana, Mexique\" width=\"1140\" height=\"641\" \/><\/p>\n<p>Tijuana est une ville du nord de la p\u00e9ninsule de Basse-Californie, pr\u00e8s de San Diego, \u00e0 la fronti\u00e8re entre le Mexique et les \u00c9tats-Unis. Cette ville anim\u00e9e est class\u00e9e ville mondiale pour son centre culturel et commercial.<\/p>\n<h2>Quartiers<\/h2>\n<p>La rue principale de Tijuana, l&#039;Avenida Revoluci\u00f3n \u2013 g\u00e9n\u00e9ralement envahie par les touristes \u2013 est bord\u00e9e de boutiques de souvenirs et de bars. Les nombreux stades de la ville accueillent \u00e9galement de fr\u00e9quents matchs de lutte (Lucha Libre) qui constituent un divertissement courant.<\/p>\n<p>Les monuments les plus connus sont le centre culturel de Tijuana et le palais Jai Alai. Le Centre Culturel est une structure moderne qui abrite un th\u00e9\u00e2tre, une salle de concert, un mus\u00e9e et m\u00eame un aquarium. Des ateliers, cours, programmes, spectacles, \u00e9v\u00e9nements litt\u00e9raires, expositions, conf\u00e9rences, etc. y sont souvent organis\u00e9s.<\/p>\n<p>Le Palais Jai Alai accueille de nombreux \u00e9v\u00e9nements tels que des concerts et des pi\u00e8ces de th\u00e9\u00e2tre. Son nom est d\u00e9riv\u00e9 du sport basque Jai Alai.<\/p>\n<h2>Industries cl\u00e9s<\/h2>\n<p>En termes d&#039;industries et d&#039;\u00e9conomie, Tijuana a certainement une pr\u00e9sence dominante dans l&#039;\u00c9tat de Basse-Californie avec une certaine influence sur le reste du Mexique.<\/p>\n<p>The largest concentration of aerospace assembly plants in Mexico is located in Tijuana. Furthermore, it boasts the chief number of medical device manufacturers in all of North America. Besides aerospace and <a href=\"https:\/\/www.sisinternational.com\/fr\/solutions\/solutions-de-branding-et-de-recherche-client\/etude-de-marche-sur-les-tests-de-produits\/product-testing-for-consumer-products\/medical-device-product-testing-in-nyc\/\" title=\"Medical Device Product Testing in NYC\"  data-wpil-monitor-id=\"8096\">medical device production<\/a>, the following manufacturing plants can be found in Tijuana: automotive, auto parts, furniture, plastic injection molding, and electronics.<\/p>\n<h2>Les tendances<\/h2>\n<p>Comme dans toutes les grandes villes, le bon sens est de mise. Tijuana se classe au premier rang mexicain pour les homicides par an. N\u00e9anmoins, les visiteurs sont g\u00e9n\u00e9ralement en s\u00e9curit\u00e9 tant qu\u2019ils pratiquent une bonne s\u00e9curit\u00e9. En d\u2019autres termes, il est pr\u00e9f\u00e9rable de rester dans les zones bien surveill\u00e9es, de rester sur les autoroutes principales et d\u2019\u00e9viter les endroits \u00e9loign\u00e9s ou les ruelles pi\u00e9tonnes isol\u00e9es.<\/p>\n<p>N\u00e9anmoins, Tijuana est le centre de l&#039;activit\u00e9 culturelle et poss\u00e8de une vie nocturne anim\u00e9e, et une visite \u00e0 Ensenada, \u00e0 proximit\u00e9, ne d\u00e9\u00e7oit jamais. Ensenada n&#039;est pas seulement une ville portuaire, mais elle poss\u00e8de \u00e9galement de superbes plages o\u00f9 de nombreux Tijuanenses (habitants de Tijuana) vont se d\u00e9tendre. La plage d&#039;Ensenada est connue pour ses eaux calmes et son sable doux.<\/p>\n<p>La mairie a \u00e9galement introduit un programme d&#039;entreprises vertes, demandant aux entrepreneurs de s&#039;inscrire pour obtenir la certification qui confirme que leurs entreprises respectent toutes les mesures environnementales.<\/p>\n<h2>Avantages et tendances du march\u00e9<\/h2>\n<p>Le Mexique est un partenaire commercial important des \u00c9tats-Unis et une grande partie de ses importations aux \u00c9tats-Unis transitent par cette ville du nord. Les exportations de San Diego vers le Mexique sont \u00e9lev\u00e9es, principalement en raison de son commerce transfrontalier avec Tijuana. Une grande partie des exportations de San Diego est destin\u00e9e \u00e0 la p\u00e9ninsule de Basse-Californie.<br \/>\nLa Basse-Californie est l&#039;un des principaux exportateurs du Mexique. Les \u00c9tats-Unis \u00e9tant le plus grand exportateur, la Chine, l\u2019Allemagne, Taiwan et le Japon ont \u00e9galement investi dans des usines de fabrication \u00e0 Tijuana.<\/p>\n<h2>Facteurs cl\u00e9s de r\u00e9ussite pour faire des affaires \u00e0 Tijuana<\/h2>\n<p>Le Mexique a une \u00e9conomie stable et en croissance et Tijuana, gr\u00e2ce \u00e0 sa position strat\u00e9gique, est un importateur-exportateur majeur. De plus, les co\u00fbts de main-d\u2019\u0153uvre sont bon march\u00e9 et la main-d\u2019\u0153uvre est hautement qualifi\u00e9e et efficace, ce qui conduit \u00e0 une grande qualit\u00e9 de production. En outre, le Mexique b\u00e9n\u00e9ficie d\u2019accords de libre-\u00e9change avec presque tous les pays.<\/p>\n<h2>Base de consommateurs<\/h2>\n<p>Tijuana offre de superbes divertissements. Il existe de nombreux restaurants et bars merveilleux, et tout est disponible \u00e0 des prix accessibles.<\/p>\n<p>De plus, on peut profiter d\u2019un temps agr\u00e9able, ni trop chaud ni trop froid.<\/p>\n<p>Un autre avantage de vivre \u00e0 Tijuana est de bons soins de sant\u00e9. Non seulement il est de haute qualit\u00e9, mais les tarifs sont \u00e9galement raisonnables. Les visites chez le m\u00e9decin, les soins dentaires et les examens sont moins chers qu&#039;aux \u00c9tats-Unis. Le personnel m\u00e9dical est hautement qualifi\u00e9 et prodigue d&#039;excellents soins.<\/p>\n<p>Un autre point positif est le logement abordable.<\/p>\n<p>Enfin et surtout, malgr\u00e9 la renomm\u00e9e \u2013 ou la notori\u00e9t\u00e9 \u2013 de Tijuana en mati\u00e8re de criminalit\u00e9, comme dans la vie dans n&#039;importe quelle grande ville, il faut faire preuve de bon sens. Les \u00e9trangers ne sont pas la cible de crimes violents, mais lorsqu\u2019ils s\u2019\u00e9loignent des sentiers battus, ils risquent de se retrouver entre deux feux. Il faut donc toujours proc\u00e9der avec prudence et suivre les recommandations mentionn\u00e9es pr\u00e9c\u00e9demment dans cet article.<\/p>\n<h2>Raisons de d\u00e9velopper votre entreprise sur le march\u00e9<\/h2>\n<p>La plupart des r\u00e9sidents de Tijuana parlent anglais, ce qui facilite grandement la communication avec les investisseurs, les gestionnaires et les visiteurs \u00e9trangers. La formation du personnel peut m\u00eame se faire en anglais. L&#039;importante population de la ville fournit \u00e9galement une main-d&#039;\u0153uvre abondante.<\/p>\n<p>Les syndicats de Tijuana sont appel\u00e9s syndicats blancs, c&#039;est-\u00e0-dire qu&#039;ils sont connus comme des syndicats favorables aux employeurs.<\/p>\n<p>L&#039;emplacement de la ville facilite les d\u00e9placements vers et depuis Tijuana, \u00e9tant proche de la fronti\u00e8re am\u00e9ricaine, accessible non seulement par voie a\u00e9rienne et terrestre, mais \u00e9galement par voie maritime.<\/p>\n<p>The port of Ensenada \u2013 a nearby city, and one of the top major ports in Mexico \u2013 supports Tijuana with import and export activities with countries such as China, Japan, the US, Panama, Costa Rica, Nicaragua, Jamaica, Venezuela, and others. This busy port received the maritime Prize of <a class=\"wpil_keyword_link\" href=\"https:\/\/www.sisinternational.com\/fr\/couverture\/les-ameriques\/\"   title=\"Les Am\u00e9riques\" data-wpil-keyword-link=\"linked\"  data-wpil-monitor-id=\"401\">the Americas<\/a> (WFP) for becoming the first green port in Mexico and the second in Latin America.<\/p>\n<h2>\u00c0 propos des \u00e9tudes de march\u00e9 \u00e0 Tijuana<\/h2>\n<p>Before <a href=\"https:\/\/www.sisinternational.com\/fr\/solutions\/recherche-de-conseil-en-strategie-fintech\/etudes-de-marche-sur-les-hedge-funds-et-les-investissements\/\" title=\"\u00c9tudes sur les hedge funds et les march\u00e9s d&#039;investissement\"  data-wpil-monitor-id=\"8098\">investing in this market<\/a>, doing some research is always essential. One can use surveys, interviews, and focus groups for that. Taking these steps ensures better business choices and reduces risks. The main <a href=\"https:\/\/www.sisinternational.com\/fr\/how-to-design-effective-surveys-for-quantitative-research\/\" title=\"How to Design Effective Surveys for Quantitative Research\"  data-wpil-monitor-id=\"8100\">research types that are used are quantitative<\/a>, qualitative, and strategic. Finally, getting acquainted with Mexico\u2019s <a href=\"https:\/\/www.sisinternational.com\/fr\/optimized-management-system-for-a-leading-us-immigration-law-firm\/\" title=\"Optimized Management System for a Leading US Immigration law firm\"  data-wpil-monitor-id=\"8102\">immigration and tax laws<\/a> is highly recommended as well, and it is best to obtain some assistance from local experts for that.<\/p>","protected":false},"excerpt":{"rendered":"<p>\u00c9tude de march\u00e9 \u00e0 Tijuana\u00a0; enqu\u00eates, entretiens et groupes de discussion. Avant d\u2019investir sur ce march\u00e9, une recherche est indispensable.<\/p>","protected":false},"author":1,"featured_media":0,"parent":14351,"menu_order":43,"comment_status":"closed","ping_status":"closed","template":"","meta":{"footnotes":""},"class_list":["post-41308","page","type-page","status-publish"],"_links":{"self":[{"href":"https:\/\/www.sisinternational.com\/fr\/wp-json\/wp\/v2\/pages\/41308","targetHints":{"allow":["GET"]}}],"collection":[{"href":"https:\/\/www.sisinternational.com\/fr\/wp-json\/wp\/v2\/pages"}],"about":[{"href":"https:\/\/www.sisinternational.com\/fr\/wp-json\/wp\/v2\/types\/page"}],"author":[{"embeddable":true,"href":"https:\/\/www.sisinternational.com\/fr\/wp-json\/wp\/v2\/users\/1"}],"replies":[{"embeddable":true,"href":"https:\/\/www.sisinternational.com\/fr\/wp-json\/wp\/v2\/comments?post=41308"}],"version-history":[{"count":3,"href":"https:\/\/www.sisinternational.com\/fr\/wp-json\/wp\/v2\/pages\/41308\/revisions"}],"predecessor-version":[{"id":81369,"href":"https:\/\/www.sisinternational.com\/fr\/wp-json\/wp\/v2\/pages\/41308\/revisions\/81369"}],"up":[{"embeddable":true,"href":"https:\/\/www.sisinternational.com\/fr\/wp-json\/wp\/v2\/pages\/14351"}],"wp:attachment":[{"href":"https:\/\/www.sisinternational.com\/fr\/wp-json\/wp\/v2\/media?parent=41308"}],"curies":[{"name":"wp","href":"https:\/\/api.w.org\/{rel}","templated":true}]}}