{"id":41298,"date":"2023-01-23T23:34:19","date_gmt":"2023-01-23T23:34:19","guid":{"rendered":"https:\/\/www.sisinternational.com\/?page_id=41298"},"modified":"2025-10-30T22:47:24","modified_gmt":"2025-10-31T02:47:24","slug":"etude-de-marche-durango-mexique","status":"publish","type":"page","link":"https:\/\/www.sisinternational.com\/fr\/couverture\/latin-america\/etude-de-marche-en-amerique-latine\/etude-de-marche-durango-mexique\/","title":{"rendered":"Etude de march\u00e9 \u00e0 Durango, Mexique"},"content":{"rendered":"<h1 class=\"wp-block-heading\">Etude de march\u00e9 \u00e0 Durango, Mexique<\/h1>\n\n\n\n<figure class=\"gb-block-image gb-block-image-541e6d63\"><img loading=\"lazy\" decoding=\"async\" width=\"1456\" height=\"816\" class=\"gb-image gb-image-541e6d63\" src=\"https:\/\/www.sisinternational.com\/wp-content\/uploads\/2025\/09\/Durango-3.jpg\" alt=\"\u00c9tudes de march\u00e9 et strat\u00e9gie internationales SIS\" title=\"Durango (3)\" srcset=\"https:\/\/www.sisinternational.com\/wp-content\/uploads\/2025\/09\/Durango-3.jpg 1456w, https:\/\/www.sisinternational.com\/wp-content\/uploads\/2025\/09\/Durango-3-300x168.jpg 300w, https:\/\/www.sisinternational.com\/wp-content\/uploads\/2025\/09\/Durango-3-1024x574.jpg 1024w, https:\/\/www.sisinternational.com\/wp-content\/uploads\/2025\/09\/Durango-3-768x430.jpg 768w, https:\/\/www.sisinternational.com\/wp-content\/uploads\/2025\/09\/Durango-3-18x10.jpg 18w\" sizes=\"auto, (max-width: 1456px) 100vw, 1456px\"><\/figure>\n\n\n\n<p><\/p>\n\n\n\n<hr class=\"wp-block-separator has-alpha-channel-opacity is-style-dots\"\/>\n\n\n\n<p>Durango est un \u00c9tat du nord-est du Mexique, situ\u00e9 dans un paysage spectaculaire de d\u00e9sert, de for\u00eat et de montagnes de la Sierra Madre. Certaines zones de cet \u00c9tat \u00e9taient souvent utilis\u00e9es comme lieux de tournage de films du Far West.<\/p>\n\n\n\n<p><\/p>\n\n\n\n<div class=\"wp-block-columns has-global-color-9-color has-text-color has-background has-link-color wp-elements-5410a35de0f2041f2279aab644a0358b is-layout-flex wp-container-core-columns-is-layout-9d6595d7 wp-block-columns-is-layout-flex\" style=\"background-color:#f7f9fa6e\">\n<div class=\"wp-block-column is-layout-flow wp-block-column-is-layout-flow\" style=\"flex-basis:18%\"><\/div>\n\n\n\n<div class=\"wp-block-column is-vertically-aligned-center is-layout-flow wp-block-column-is-layout-flow\" style=\"flex-basis:71.28%\">\n<div class=\"wp-block-rank-math-toc-block aligncenter has-global-color-9-color has-text-color has-link-color wp-elements-ca13b2c2395cf07ce2b4d41746893fbe\" style=\"font-size:16px\" id=\"rank-math-toc\"><h2><br><strong>T<\/strong>able of Contents<\/h2><nav><ul><li class=\"\"><a href=\"#neighborhoods\">Quartiers<\/a><\/li><li class=\"\"><a href=\"#key-industries\">Industries cl\u00e9s<\/a><\/li><li class=\"\"><a href=\"#trends\">Les tendances<\/a><\/li><li class=\"\"><a href=\"#benefits-and-trends-of-the-market\">Avantages et tendances du march\u00e9<\/a><\/li><li class=\"\"><a href=\"#key-success-factors-in-doing-business-in-durango\">Facteurs cl\u00e9s de r\u00e9ussite pour faire des affaires \u00e0 Durango<\/a><\/li><li class=\"\"><a href=\"#consumer-base\">Base de consommateurs<\/a><\/li><li class=\"\"><a href=\"#reasons-to-grow-your-business-in-the-market\">Raisons de d\u00e9velopper votre entreprise sur le march\u00e9<\/a><\/li><li class=\"\"><a href=\"#about-market-research-in-durango\">\u00c0 propos des \u00e9tudes de march\u00e9 \u00e0 Durango<\/a><\/li><\/ul><\/nav><\/div>\n<\/div>\n<\/div>\n\n\n\n<p><\/p>\n\n\n\n<h2 class=\"wp-block-heading\" id=\"neighborhoods\">Quartiers<\/h2>\n\n\n\n<p>La capitale de l&#039;\u00c9tat, Victoria de Durango \u2013 simplement appel\u00e9e Durango \u2013 est connue pour son centre historique avec ses b\u00e2timents coloniaux et baroques mexicains. Durango est \u00e9galement consid\u00e9r\u00e9 comme un endroit o\u00f9 la qualit\u00e9 de vie est mieux per\u00e7ue et l&#039;un des meilleurs endroits o\u00f9 vivre au Mexique, avec des taux de ch\u00f4mage parmi les plus bas.<\/p>\n\n\n\n<p>Il y a plusieurs endroits \u00e0 visiter. La cath\u00e9drale de Durango a \u00e9t\u00e9 construite vers 1695 et est l\u2019un des plus beaux b\u00e2timents du nord du Mexique. Le Paseo del Viejo Oeste (The Old West Walk) est un ancien d\u00e9cor de western devenu parc \u00e0 th\u00e8me. Bebeleche est un mus\u00e9e interactif qui propose des activit\u00e9s pratiques et des films 3D pour les enfants. Ensuite, il y a le mus\u00e9e du tunnel de l&#039;ancienne mine et bien plus encore.<\/p>\n\n\n\n<h2 class=\"wp-block-heading\" id=\"key-industries\">Industries cl\u00e9s<\/h2>\n\n\n\n<figure class=\"gb-block-image gb-block-image-7f4ef55f\"><img loading=\"lazy\" decoding=\"async\" width=\"1456\" height=\"816\" class=\"gb-image gb-image-7f4ef55f\" src=\"https:\/\/www.sisinternational.com\/wp-content\/uploads\/2025\/09\/Honduras-5.jpg\" alt=\"\u00c9tudes de march\u00e9 et strat\u00e9gie internationales SIS\" title=\"Honduras (5)\" srcset=\"https:\/\/www.sisinternational.com\/wp-content\/uploads\/2025\/09\/Honduras-5.jpg 1456w, https:\/\/www.sisinternational.com\/wp-content\/uploads\/2025\/09\/Honduras-5-300x168.jpg 300w, https:\/\/www.sisinternational.com\/wp-content\/uploads\/2025\/09\/Honduras-5-1024x574.jpg 1024w, https:\/\/www.sisinternational.com\/wp-content\/uploads\/2025\/09\/Honduras-5-768x430.jpg 768w, https:\/\/www.sisinternational.com\/wp-content\/uploads\/2025\/09\/Honduras-5-18x10.jpg 18w\" sizes=\"auto, (max-width: 1456px) 100vw, 1456px\"><\/figure>\n\n\n\n<p><\/p>\n\n\n\n<p>Durango est le quatri\u00e8me plus grand \u00c9tat minier du Mexique et produit du zinc, de l&#039;argent, de l&#039;or et du cuivre. Ayant une production \u00e9lev\u00e9e, l\u2019industrie mini\u00e8re soutient les entreprises priv\u00e9es qui souhaitent investir \u00e0 Durango.<\/p>\n\n\n\n<p>Les soins de sant\u00e9 fournissent un grand nombre d\u2019emplois. De plus, l\u2019industrie de la vente au d\u00e9tail et de l\u2019alimentation offre \u00e9galement de nombreux postes d\u2019emploi.<br>Durango est peu peupl\u00e9 et abrite une vaste superficie de terres agricoles. L&#039;agriculture, avec la m\u00e9tallurgie, l&#039;industrie du bois et les services de soutien aux entreprises, font \u00e9galement partie des principales activit\u00e9s \u00e9conomiques.<\/p>\n\n\n\n<p>L&#039;agriculture est ax\u00e9e sur les cultures bovines, vitivinicoles et c\u00e9r\u00e9ali\u00e8res. Le travail des m\u00e9taux comprend les produits en acier et les pi\u00e8ces automobiles.<\/p>\n\n\n\n<p>Le secteur des services a une production \u00e9lev\u00e9e, comprenant l&#039;\u00e9ducation, le commerce, les transports, le gouvernement et le tourisme. Durango est \u00e9galement le premier producteur de bois et de produits du bois.<\/p>\n\n\n\n<p><\/p>\n\n\n\n<!DOCTYPE html>\n<html lang=\"en\">\n<head>\n    <meta charset=\"UTF-8\">\n    <meta name=\"viewport\" content=\"width=device-width, initial-scale=1.0\">\n    <title>Durango Market Data<\/title>\n    <style>\n        \/* Responsive Table & SIS International-inspired Styling\n          - Uses corporate blue and a clean, sans-serif font.\n          - Fully responsive design ensures no page distortion on any device.\n        *\/\n        \n        .sis-table-container {\n            font-family: -apple-system, BlinkMacSystemFont, \"Segoe UI\", Roboto, Helvetica, Arial, sans-serif;\n            margin: 2em 0;\n            width: 100%;\n            \/* Allows horizontal scroll on small screens to prevent page distortion *\/\n            overflow-x: auto;\n            -webkit-overflow-scrolling: touch; \/* Smooth scrolling on iOS *\/\n        }\n\n        .sis-table-container h3 {\n            font-size: 1.5rem; \/* 24px *\/\n            font-weight: 600;\n            color: #333;\n            margin-bottom: 0.75em;\n            padding: 0;\n        }\n\n        .sis-table {\n            width: 100%;\n            border-collapse: collapse;\n            min-width: 600px; \/* Ensures table structure holds, container scrolls if needed *\/\n        }\n\n        .sis-table th,\n        .sis-table td {\n            padding: 12px 15px;\n            text-align: left;\n            line-height: 1.5;\n        }\n\n        \/* Header Styling *\/\n        .sis-table thead th {\n            background-color: #005cbf; \/* SIS corporate blue *\/\n            color: #ffffff;\n            font-weight: 600;\n            font-size: 0.9rem; \n            text-transform: uppercase;\n            letter-spacing: 0.5px;\n        }\n\n        \/* Body Styling *\/\n        .sis-table tbody tr {\n            border-bottom: 1px solid #ddd;\n        }\n\n        .sis-table tbody tr:nth-of-type(even) {\n            background-color: #f8f8f8; \/* Light gray alternate rows *\/\n        }\n\n        .sis-table tbody tr:last-of-type {\n            border-bottom: 2px solid #005cbf; \/* Match header blue *\/\n        }\n\n        .sis-table td {\n            color: #444;\n            font-size: 0.95rem; \n            vertical-align: top;\n        }\n        \n        \/* Align data cells *\/\n        .sis-table td:nth-child(2) {\n            text-align: right;\n            white-space: nowrap; \/* Prevents long numbers from wrapping *\/\n        }\n         .sis-table th:nth-child(2) {\n            text-align: right;\n        }\n\n        .sis-table-container .source-caption {\n            margin-top: 10px;\n            font-size: 0.85rem; \n            color: #555;\n            font-style: italic;\n        }\n\n        .sis-table-container .source-caption a {\n            color: #005cbf; \/* Match brand blue *\/\n            text-decoration: none;\n        }\n\n        .sis-table-container .source-caption a:hover {\n            text-decoration: underline;\n        }\n    <\/style>\n<\/head>\n<body>\n\n    <!-- \n      HTML for WordPress:\n      Copy and paste the code from .sis-table-container start to end into a Custom HTML block.\n    -->\n    <div class=\"sis-table-container\">\n        \n        <h3>Durango, Mexico: Key Economic and Demographic Indicators<\/h3>\n\n        <table class=\"sis-table\">\n            <thead>\n                <tr>\n                    <th>Indicator<\/th>\n                    <th>Value (Recent Estimate)<\/th>\n                <\/tr>\n            <\/thead>\n            <tbody>\n                <tr>\n                    <td>State Population<\/td>\n                    <td>~1.9 Million Residents<\/td>\n                <\/tr>\n                <tr>\n                    <td>Main Economic Activity Contributor<\/td>\n                    <td>Tertiary Sector (Services, Trade, Tourism)<\/td>\n                <\/tr>\n                <tr>\n                    <td>Secondary Sector Importance<\/td>\n                    <td>High; led by Mining, Manufacturing, and Construction<\/td>\n                <\/tr>\n                 <tr>\n                    <td>Manufacturing Focus<\/td>\n                    <td>Automotive parts, Metalworking, Textiles, and Wood Products<\/td>\n                <\/tr>\n                 <tr>\n                    <td>Literacy Rate (Ages 15+)<\/td>\n                    <td>Above 96%<\/td>\n                <\/tr>\n            <\/tbody>\n        <\/table>\n\n        <p class=\"source-caption\">\n             Source: Data derived from <a href=\"\/fr\/https.www.inegi.org.mx\/\" target=\"_blank\" rel=\"noopener noreferrer\">INEGI (National Institute of Statistics and Geography)<\/a> and related economic reports from Mexico.\n        <\/p>\n\n    <\/div>\n\n<\/body>\n<\/html>\n\n\n\n\n<p><\/p>\n\n\n\n<h2 class=\"wp-block-heading\" id=\"trends\">Les tendances<\/h2>\n\n\n\n<p>L&#039;\u00c9tat de Durango compte parmi les dix endroits les plus s\u00fbrs du Mexique. Elle fait partie de l\u2019une des r\u00e9gions les plus dynamiques au monde. De m\u00eame, plus de la moiti\u00e9 de la population a moins de 29 ans, ce qui garantit au moins 30 ans de continuit\u00e9 de travail. En plus de cela, Durango offre beaucoup d&#039;histoire et de nombreux endroits pour se d\u00e9tendre, faisant du tourisme une autre source de revenus importante.<\/p>\n\n\n\n<h2 class=\"wp-block-heading\" id=\"benefits-and-trends-of-the-market\">Avantages et tendances du march\u00e9<\/h2>\n\n\n\n<p>Le Mexique est un partenaire commercial important des \u00c9tats-Unis, Durango \u00e9tant un \u00c9tat qui livre une grande partie de ses produits aux \u00c9tats-Unis.<br>Le secteur minier soutient l&#039;\u00e9conomie de l&#039;\u00c9tat et attire les investisseurs \u00e9trangers.<\/p>\n\n\n\n<p>Certains de leurs partenaires commerciaux sont l&#039;Italie et les \u00c9tats-Unis. Les trois principaux exportateurs de Durango sont les \u00c9tats-Unis, l\u2019Inde et l\u2019\u00c9quateur, l\u2019Inde \u00e9tant le plus grand exportateur.<\/p>\n\n\n\n<h2 class=\"wp-block-heading\" id=\"key-success-factors-in-doing-business-in-durango\">Facteurs cl\u00e9s de r\u00e9ussite pour faire des affaires \u00e0 Durango<\/h2>\n\n\n\n<figure class=\"gb-block-image gb-block-image-ef87d211\"><img loading=\"lazy\" decoding=\"async\" width=\"1456\" height=\"816\" class=\"gb-image gb-image-ef87d211\" src=\"https:\/\/www.sisinternational.com\/wp-content\/uploads\/2025\/09\/Durango-2.jpg\" alt=\"\u00c9tudes de march\u00e9 et strat\u00e9gie internationales SIS\" title=\"Durango (2)\" srcset=\"https:\/\/www.sisinternational.com\/wp-content\/uploads\/2025\/09\/Durango-2.jpg 1456w, https:\/\/www.sisinternational.com\/wp-content\/uploads\/2025\/09\/Durango-2-300x168.jpg 300w, https:\/\/www.sisinternational.com\/wp-content\/uploads\/2025\/09\/Durango-2-1024x574.jpg 1024w, https:\/\/www.sisinternational.com\/wp-content\/uploads\/2025\/09\/Durango-2-768x430.jpg 768w, https:\/\/www.sisinternational.com\/wp-content\/uploads\/2025\/09\/Durango-2-18x10.jpg 18w\" sizes=\"auto, (max-width: 1456px) 100vw, 1456px\"><\/figure>\n\n\n\n<p><\/p>\n\n\n\n<p>Ces pays \u2013 dont la Chine \u2013 y ont \u00e9tabli d\u2019innombrables installations de fabrication et d\u2019assemblage.<\/p>\n\n\n\n<p>Cet \u00c9tat du nord offre une stabilit\u00e9 \u00e9conomique, une infrastructure am\u00e9lior\u00e9e \u2013 dont 1 200 kilom\u00e8tres de voies ferr\u00e9es \u2013 et de faibles co\u00fbts pour les entreprises. Non seulement son a\u00e9roport international, mais aussi sa position strat\u00e9gique offrent aux industriels un acc\u00e8s facile aux march\u00e9s d&#039;Am\u00e9rique du Nord, d&#039;Asie et d&#039;Europe.<\/p>\n\n\n\n<p>De plus, Durango dispose d&#039;une main-d&#039;\u0153uvre hautement qualifi\u00e9e, de nombreux chercheurs universitaires, d&#039;agronomie, de technologie, d&#039;informations scientifiques et de services m\u00e9dicaux.<\/p>\n\n\n\n<h2 class=\"wp-block-heading\" id=\"consumer-base\">Base de consommateurs<\/h2>\n\n\n\n<p>Durango a un niveau de vie \u00e9lev\u00e9 et offre des salaires compris entre moyen et excellent. La capitale de cet \u00c9tat est consid\u00e9r\u00e9e comme l&#039;une des neuf meilleures villes o\u00f9 vivre au Mexique, gr\u00e2ce \u00e0 son haut niveau d&#039;\u00e9ducation, ses excellents transports publics, ses attractions touristiques et sa nature abondante.<\/p>\n\n\n\n<p>De plus, le co\u00fbt de la vie est faible et on peut profiter d\u2019un climat agr\u00e9able. La ville poss\u00e8de de belles infrastructures europ\u00e9ennes et une excellente qualit\u00e9 de l\u2019air. Le nombre d&#039;\u00e9trangers vivant \u00e0 Durango est \u00e9tonnamment faible ; cela signifie que les prix sont raisonnables et ne correspondent pas aux normes \u00e9trang\u00e8res, ce qui se traduit par un soulagement \u00e9conomique pour la population locale mais aussi pour les investisseurs.<\/p>\n\n\n\n<h2 class=\"wp-block-heading\" id=\"reasons-to-grow-your-business-in-the-market\">Raisons de d\u00e9velopper votre entreprise sur le march\u00e9<\/h2>\n\n\n\n<figure class=\"gb-block-image gb-block-image-c7a4f299\"><img loading=\"lazy\" decoding=\"async\" width=\"1456\" height=\"816\" class=\"gb-image gb-image-c7a4f299\" src=\"https:\/\/www.sisinternational.com\/wp-content\/uploads\/2025\/09\/Durango-4.jpg\" alt=\"\u00c9tudes de march\u00e9 et strat\u00e9gie internationales SIS\" title=\"Durango (4)\" srcset=\"https:\/\/www.sisinternational.com\/wp-content\/uploads\/2025\/09\/Durango-4.jpg 1456w, https:\/\/www.sisinternational.com\/wp-content\/uploads\/2025\/09\/Durango-4-300x168.jpg 300w, https:\/\/www.sisinternational.com\/wp-content\/uploads\/2025\/09\/Durango-4-1024x574.jpg 1024w, https:\/\/www.sisinternational.com\/wp-content\/uploads\/2025\/09\/Durango-4-768x430.jpg 768w, https:\/\/www.sisinternational.com\/wp-content\/uploads\/2025\/09\/Durango-4-18x10.jpg 18w\" sizes=\"auto, (max-width: 1456px) 100vw, 1456px\"><\/figure>\n\n\n\n<p><\/p>\n\n\n\n<p>L&#039;\u00e9conomie reste stable avec un taux de ch\u00f4mage tr\u00e8s faible. L&#039;emplacement est excellent, non loin de la fronti\u00e8re am\u00e9ricaine tout en gardant son caract\u00e8re et son histoire mexicains traditionnels. Durango pr\u00e9sente des opportunit\u00e9s d&#039;investissement dans diff\u00e9rents secteurs, offrant plusieurs options aux propri\u00e9taires d&#039;entreprise. Enfin et surtout, cet \u00c9tat dynamique dispose d\u2019une main-d\u2019\u0153uvre jeune et hautement instruite, dipl\u00f4m\u00e9e d\u2019excellentes universit\u00e9s.<\/p>\n\n\n\n<h2 class=\"wp-block-heading\" id=\"about-market-research-in-durango\">\u00c0 propos des \u00e9tudes de march\u00e9 \u00e0 Durango<\/h2>\n\n\n\n<p>Avant d\u2019investir sur ce march\u00e9, faire quelques recherches est toujours indispensable. Pour cela, on peut utiliser des enqu\u00eates, des entretiens et des groupes de discussion. Prendre ces mesures garantit de meilleurs choix commerciaux et r\u00e9duit les risques. Les principaux types de recherche utilis\u00e9s sont quantitatifs, qualitatifs et strat\u00e9giques. Enfin, il est \u00e9galement fortement recommand\u00e9 de se familiariser avec les lois mexicaines sur l&#039;immigration et la fiscalit\u00e9, et il est pr\u00e9f\u00e9rable d&#039;obtenir l&#039;aide d&#039;experts locaux pour cela.<\/p>\n\n\n<h2>Notre emplacement \u00e0 New York<\/h2>\n<p><!-- \/wp:post-content --> <!-- wp:html --> <iframe loading=\"lazy\" src=\"https:\/\/www.google.com\/maps\/embed?pb=!1m18!1m12!1m3!1d3022.976188376966!2d-73.99130312499956!3d40.740549471389315!2m3!1f0!2f0!3f0!3m2!1i1024!2i768!4f13.1!3m3!1m2!1s0x89c259a15798c731%3A0xd695d09bdd495f25!2s11%20E%2022nd%20St%20FL%202%2C%20New%20York%2C%20NY%2010010%2C%20USA!5e0!3m2!1sen!2spe!4v1726171763526!5m2!1sen!2spe\" width=\"600\" height=\"450\" allowfullscreen=\"allowfullscreen\" data-mce-fragment=\"1\"><\/iframe> <!-- \/wp:html --> <!-- wp:paragraph --><\/p>\n<h3 class=\"wp-block-heading\">11 E 22nd Street, \u00e9tage 2, New York, NY 10010 T\u00e9l. : +1(212) 505-6805<\/h3>\n<hr \/>\n<h2><span style=\"font-weight: 400;\">\u00c0 propos de SIS International<\/span><\/h2>\n<p><a href=\"https:\/\/www.sisinternational.com\/fr\/\"><span style=\"font-weight: 400;\">SIS International<\/span><\/a><span style=\"font-weight: 400;\"> propose des recherches quantitatives, qualitatives et strat\u00e9giques. Nous fournissons des donn\u00e9es, des outils, des strat\u00e9gies, des rapports et des informations pour la prise de d\u00e9cision. Nous menons \u00e9galement des entretiens, des enqu\u00eates, des groupes de discussion et d\u2019autres m\u00e9thodes et approches d\u2019\u00e9tudes de march\u00e9.<\/span><a href=\"https:\/\/www.sisinternational.com\/fr\/a-propos-de-la-recherche-internationale-sis\/contact-sis-international-market-research\/\"><span style=\"font-weight: 400;\"> Contactez nous<\/span><\/a><span style=\"font-weight: 400;\"> pour votre prochain projet d&#039;\u00e9tude de march\u00e9.<\/span><\/p>\n<p><!-- wp:heading --><\/p>\n<h2 id=\"about-sis-international\" class=\"wp-block-heading\">\u00a0<\/h2><!-- \/wp:heading -->","protected":false},"excerpt":{"rendered":"<p>Une \u00e9tude de march\u00e9 \u00e0 Durango r\u00e9v\u00e8le une main-d&#039;\u0153uvre qualifi\u00e9e, des chercheurs universitaires, des services agronomiques, technologiques et m\u00e9dicaux.<\/p>","protected":false},"author":1,"featured_media":66251,"parent":14351,"menu_order":26,"comment_status":"closed","ping_status":"closed","template":"","meta":{"footnotes":""},"class_list":["post-41298","page","type-page","status-publish","has-post-thumbnail"],"_links":{"self":[{"href":"https:\/\/www.sisinternational.com\/fr\/wp-json\/wp\/v2\/pages\/41298","targetHints":{"allow":["GET"]}}],"collection":[{"href":"https:\/\/www.sisinternational.com\/fr\/wp-json\/wp\/v2\/pages"}],"about":[{"href":"https:\/\/www.sisinternational.com\/fr\/wp-json\/wp\/v2\/types\/page"}],"author":[{"embeddable":true,"href":"https:\/\/www.sisinternational.com\/fr\/wp-json\/wp\/v2\/users\/1"}],"replies":[{"embeddable":true,"href":"https:\/\/www.sisinternational.com\/fr\/wp-json\/wp\/v2\/comments?post=41298"}],"version-history":[{"count":5,"href":"https:\/\/www.sisinternational.com\/fr\/wp-json\/wp\/v2\/pages\/41298\/revisions"}],"predecessor-version":[{"id":72521,"href":"https:\/\/www.sisinternational.com\/fr\/wp-json\/wp\/v2\/pages\/41298\/revisions\/72521"}],"up":[{"embeddable":true,"href":"https:\/\/www.sisinternational.com\/fr\/wp-json\/wp\/v2\/pages\/14351"}],"wp:featuredmedia":[{"embeddable":true,"href":"https:\/\/www.sisinternational.com\/fr\/wp-json\/wp\/v2\/media\/66251"}],"wp:attachment":[{"href":"https:\/\/www.sisinternational.com\/fr\/wp-json\/wp\/v2\/media?parent=41298"}],"curies":[{"name":"wp","href":"https:\/\/api.w.org\/{rel}","templated":true}]}}