{"id":41288,"date":"2023-01-23T20:40:30","date_gmt":"2023-01-23T20:40:30","guid":{"rendered":"https:\/\/www.sisinternational.com\/?page_id=41288"},"modified":"2026-01-26T18:32:20","modified_gmt":"2026-01-26T23:32:20","slug":"etude-de-marche-sur-lhuile-de-palme","status":"publish","type":"page","link":"https:\/\/www.sisinternational.com\/fr\/competence\/etude-de-marche-sur-lhuile-de-palme\/","title":{"rendered":"\u00c9tude de march\u00e9 sur l\u2019huile de palme"},"content":{"rendered":"<h1 class=\"wp-block-heading\">\u00c9tude de march\u00e9 sur l\u2019huile de palme<\/h1>\n\n\n\n<figure class=\"gb-block-image gb-block-image-335f2eb4\"><img loading=\"lazy\" decoding=\"async\" width=\"1456\" height=\"816\" class=\"gb-image gb-image-335f2eb4\" src=\"https:\/\/www.sisinternational.com\/wp-content\/uploads\/2025\/08\/Palm-oiil-2.jpg\" alt=\"\u00c9tudes de march\u00e9 et strat\u00e9gie internationales SIS\" title=\"Palm oiil (2)\" srcset=\"https:\/\/www.sisinternational.com\/wp-content\/uploads\/2025\/08\/Palm-oiil-2.jpg 1456w, https:\/\/www.sisinternational.com\/wp-content\/uploads\/2025\/08\/Palm-oiil-2-300x168.jpg 300w, https:\/\/www.sisinternational.com\/wp-content\/uploads\/2025\/08\/Palm-oiil-2-1024x574.jpg 1024w, https:\/\/www.sisinternational.com\/wp-content\/uploads\/2025\/08\/Palm-oiil-2-768x430.jpg 768w, https:\/\/www.sisinternational.com\/wp-content\/uploads\/2025\/08\/Palm-oiil-2-18x10.jpg 18w\" sizes=\"auto, (max-width: 1456px) 100vw, 1456px\"><\/figure>\n\n\n\n<p><\/p>\n\n\n\n<h2 class=\"wp-block-heading\">Qu\u2019est-ce que l\u2019huile de palme ?<\/h2>\n\n\n\n<p>L\u2019huile de palme est l\u2019une des huiles les plus produites au monde. Il est extrait de la pulpe des fruits de palmiers originaires d&#039;Afrique de l&#039;Ouest. Mais on le cultive d\u00e9sormais \u00e9galement en Asie et en Am\u00e9rique latine. Elle est commun\u00e9ment connue comme une huile de cuisson de haute qualit\u00e9, largement utilis\u00e9e dans la plupart des pays en d\u00e9veloppement. De nombreux produits utilisent de l\u2019huile de palme, notamment des produits alimentaires et non alimentaires, des \u00e9quipements industriels, des cosm\u00e9tiques et des biocarburants.<\/p>\n\n\n\n<h2 class=\"wp-block-heading\">Pourquoi c&#039;est important?<\/h2>\n\n\n\n<p>L\u2019huile de palme est tr\u00e8s pr\u00e9cieuse, polyvalente et efficace lorsqu\u2019elle est cultiv\u00e9e selon des pratiques correctes qui r\u00e9duisent ses effets nocifs sur l\u2019environnement.<\/p>\n\n\n\n<p>Un avantage crucial qui distingue l\u2019huile de palme des autres huiles est qu\u2019elle est produite en plus grandes quantit\u00e9s sur une petite superficie. Sa culture et sa production ne n\u00e9cessitent qu\u2019un minimum d\u2019\u00e9nergie, d\u2019engrais et de pesticides. Ces facteurs diminuent de plus en plus ses co\u00fbts de production et leur impact sur l&#039;environnement.<\/p>\n\n\n\n<p>En cons\u00e9quence, cela permet aux agriculteurs de gagner un revenu stable et d\u00e9cent, g\u00e9n\u00e8re plus de profits et cr\u00e9e plus d\u2019emplois dans l\u2019industrie.<\/p>\n\n\n\n<p>L&#039;huile de palme poss\u00e8de \u00e9galement des propri\u00e9t\u00e9s uniques, c&#039;est pourquoi elle est l&#039;une des huiles de cuisson les plus utilis\u00e9es dans divers pays comme l&#039;Inde, la Chine et l&#039;Indon\u00e9sie. Il a une r\u00e9sistance \u00e9lev\u00e9e \u00e0 la chaleur, ce qui le rend parfait pour frire et conserver les tartinades dans leur \u00e9tat semi-solide habituel \u00e0 temp\u00e9rature ambiante. Il est devenu un additif populaire dans les produits alimentaires en conservant la m\u00eame couleur, l&#039;odeur et le go\u00fbt des aliments, a une longue dur\u00e9e de conservation et est \u00e0 un prix tr\u00e8s abordable.<\/p>\n\n\n\n<p>L&#039;huile de palme pourrait avoir des effets b\u00e9n\u00e9fiques sur la sant\u00e9 de nombreux consommateurs. Certains de ses types peuvent avoir une teneur \u00e9lev\u00e9e en antioxydants, ce qui peut aider \u00e0 traiter certains probl\u00e8mes de sant\u00e9.<\/p>\n\n\n\n<p>De nombreuses entreprises alimentaires utilisent \u00e9galement l\u2019huile de palme comme alternative \u00e0 la graisse animale dans leurs produits alimentaires pour r\u00e9pondre aux besoins de leurs clients v\u00e9g\u00e9tariens.<\/p>\n\n\n\n<p>Outre son utilisation dans les produits alimentaires, l\u2019huile de palme est \u00e9galement un ingr\u00e9dient populaire dans divers biens de consommation et utilisations industrielles. Ceux-ci comprennent les cosm\u00e9tiques, les produits de soins capillaires, le savon et les d\u00e9tergents, les lubrifiants et les fluides pour le travail des m\u00e9taux. La production d\u2019huile de palme fournit \u00e9galement des mati\u00e8res premi\u00e8res pour la production de biodiesel.<\/p>\n\n\n\n<h2 class=\"wp-block-heading\">Titres de poste cl\u00e9s<\/h2>\n\n\n\n<figure class=\"gb-block-image gb-block-image-6cda48af\"><img loading=\"lazy\" decoding=\"async\" width=\"1456\" height=\"816\" class=\"gb-image gb-image-6cda48af\" src=\"https:\/\/www.sisinternational.com\/wp-content\/uploads\/2025\/08\/Palm-oiil-1.jpg\" alt=\"\u00c9tudes de march\u00e9 et strat\u00e9gie internationales SIS\" title=\"Palm oiil (1)\" srcset=\"https:\/\/www.sisinternational.com\/wp-content\/uploads\/2025\/08\/Palm-oiil-1.jpg 1456w, https:\/\/www.sisinternational.com\/wp-content\/uploads\/2025\/08\/Palm-oiil-1-300x168.jpg 300w, https:\/\/www.sisinternational.com\/wp-content\/uploads\/2025\/08\/Palm-oiil-1-1024x574.jpg 1024w, https:\/\/www.sisinternational.com\/wp-content\/uploads\/2025\/08\/Palm-oiil-1-768x430.jpg 768w, https:\/\/www.sisinternational.com\/wp-content\/uploads\/2025\/08\/Palm-oiil-1-18x10.jpg 18w\" sizes=\"auto, (max-width: 1456px) 100vw, 1456px\"><\/figure>\n\n\n\n<p><\/p>\n\n\n\n<p>L\u2019industrie de l\u2019huile de palme a besoin de comp\u00e9tences et de talents vari\u00e9s, notamment ceux sp\u00e9cialis\u00e9s dans l\u2019agriculture et l\u2019agriculture. Mais une exp\u00e9rience r\u00e9put\u00e9e en science, technologie et en administration des affaires peut \u00e9galement d\u00e9boucher sur un cheminement de carri\u00e8re prometteur dans cette industrie. Avec l\u2019influence croissante de la technologie dans les cultures agricoles et la demande croissante pour sa production, davantage d\u2019emplois s\u2019ajouteront \u00e0 la liste.<\/p>\n\n\n\n<p>Certains des titres de poste courants sont les suivants\u00a0:<\/p>\n\n\n\n<ul class=\"wp-block-list\">\n<li>Exploitant agricole<\/li>\n\n\n\n<li>Agronome<\/li>\n\n\n\n<li>Scientifique des plantes<\/li>\n\n\n\n<li>Sp\u00e9cialiste des sols<\/li>\n\n\n\n<li>Sp\u00e9cialiste de produit<\/li>\n\n\n\n<li>Sp\u00e9cialiste de l&#039;environnement<\/li>\n\n\n\n<li>responsable des ressources humaines<\/li>\n\n\n\n<li>Directeur g\u00e9n\u00e9ral des plantations<\/li>\n\n\n\n<li>Charg\u00e9 de production d&#039;huile de palme<\/li>\n\n\n\n<li>Ing\u00e9nieur d&#039;usine<\/li>\n<\/ul>\n\n\n\n<h2 class=\"wp-block-heading\">Pourquoi les entreprises ont-elles besoin d\u2019une \u00e9tude de march\u00e9 sur l\u2019huile de palme ?<\/h2>\n\n\n\n<p>There is an increasing demand for palm <a href=\"https:\/\/www.sisinternational.com\/fr\/competence\/les-industries\/etude-de-marche-du-petrole-et-du-gaz\/\" title=\"\u00c9tudes de march\u00e9 sur le p\u00e9trole et le gaz\"  data-wpil-monitor-id=\"3090\">oil in the global market<\/a> because of its versatility and efficiency. However, there&#8217;s an ongoing issue regarding its sustainability and how it has become one of the world&#8217;s significant drivers of deforestation, contributing to climate change.<\/p>\n\n\n\n<p>With the ongoing environmental issue of the palm oil industry, market <a href=\"https:\/\/www.sisinternational.com\/fr\/competence\/les-industries\/etude-de-marche-sur-les-huiles-vegetales\/\" title=\"\u00c9tude de march\u00e9 sur l\u2019huile v\u00e9g\u00e9tale\"  data-wpil-monitor-id=\"3228\">recherche<\/a> can understand companies&#8217; and consumers&#8217; insights about their preferences related to palm oil uses and production. It will also evaluate the current sustainability initiatives in the industry to determine if it meets consumer, government, and environmental regulations.<\/p>\n\n\n\n<p>Dans l\u2019ensemble, les \u00e9tudes de march\u00e9 aident les entreprises \u00e0 \u00e9laborer des plans strat\u00e9giques concernant la culture, la production, l\u2019approvisionnement, la tarification et la distribution.<\/p>\n\n\n\n<h2 class=\"wp-block-heading\">Facteurs cl\u00e9s de succ\u00e8s<\/h2>\n\n\n\n<figure class=\"gb-block-image gb-block-image-2b46a07f\"><img loading=\"lazy\" decoding=\"async\" width=\"1456\" height=\"816\" class=\"gb-image gb-image-2b46a07f\" src=\"https:\/\/www.sisinternational.com\/wp-content\/uploads\/2025\/08\/Palm-oiil-5.jpg\" alt=\"\u00c9tudes de march\u00e9 et strat\u00e9gie internationales SIS\" title=\"Palm oiil (5)\" srcset=\"https:\/\/www.sisinternational.com\/wp-content\/uploads\/2025\/08\/Palm-oiil-5.jpg 1456w, https:\/\/www.sisinternational.com\/wp-content\/uploads\/2025\/08\/Palm-oiil-5-300x168.jpg 300w, https:\/\/www.sisinternational.com\/wp-content\/uploads\/2025\/08\/Palm-oiil-5-1024x574.jpg 1024w, https:\/\/www.sisinternational.com\/wp-content\/uploads\/2025\/08\/Palm-oiil-5-768x430.jpg 768w, https:\/\/www.sisinternational.com\/wp-content\/uploads\/2025\/08\/Palm-oiil-5-18x10.jpg 18w\" sizes=\"auto, (max-width: 1456px) 100vw, 1456px\"><\/figure>\n\n\n\n<p><\/p>\n\n\n\n<p>Research uncovers insight about the trends in the market, what consumers need, recent trade regulations, and potential risks and growth of the <a href=\"https:\/\/www.sisinternational.com\/fr\/venezuela-oil-mining-industry-potential-strategic-forecast-2026-2036\/\" title=\"Venezuela Oil &amp; Mining Industry Potential: Strategic Forecast 2026-2036\"  data-wpil-monitor-id=\"6918\">palm oil<\/a> industry. Creating strategic plans based on these drivers will allow businesses to stay competitive and thrive.<\/p>\n\n\n\n<p>Comprendre les probl\u00e8mes actuels gr\u00e2ce \u00e0 des recherches approfondies est essentiel, ce qui aidera \u00e0 d\u00e9velopper de nouvelles id\u00e9es pour cr\u00e9er des solutions. L\u2019industrie de l\u2019huile de palme est confront\u00e9e \u00e0 un probl\u00e8me important en mati\u00e8re de durabilit\u00e9, de changement climatique et d\u2019autres pr\u00e9occupations environnementales.<\/p>\n\n\n\n<p>Les entreprises devraient donc se concentrer sur la recherche d\u2019une production d\u2019huile de palme beaucoup plus \u00e9thique, durable et respectueuse de l\u2019environnement.<\/p>\n\n\n\n<h2 class=\"wp-block-heading\">\u00c0 propos de l\u2019\u00e9tude de march\u00e9 sur l\u2019huile de palme<\/h2>\n\n\n\n<p>Malgr\u00e9 les pr\u00e9occupations environnementales concernant sa durabilit\u00e9, la demande d\u2019huile de palme ne cesse de cro\u00eetre. La recherche est essentielle pour comprendre ce probl\u00e8me persistant et \u00e9valuer les solutions et r\u00e9sultats possibles pour aider les entreprises \u00e0 rester fid\u00e8les au secteur.<\/p>\n\n\n\n<p>Il existe diff\u00e9rents types de recherche pour y parvenir, qui impliqueront des enqu\u00eates, des entretiens, des exp\u00e9riences et des groupes de discussion. Les chercheurs collecteront ces donn\u00e9es de mani\u00e8re quantitative, qualitative ou strat\u00e9gique.<\/p>","protected":false},"excerpt":{"rendered":"<p>La recherche sur le march\u00e9 de l\u2019huile de palme implique des enqu\u00eates, des entretiens, des exp\u00e9riences et des groupes de discussion. Les chercheurs collectent des donn\u00e9es quantitativement, qualitativement\u2026<\/p>","protected":false},"author":1,"featured_media":64224,"parent":14514,"menu_order":156,"comment_status":"closed","ping_status":"closed","template":"","meta":{"footnotes":""},"class_list":["post-41288","page","type-page","status-publish","has-post-thumbnail"],"_links":{"self":[{"href":"https:\/\/www.sisinternational.com\/fr\/wp-json\/wp\/v2\/pages\/41288","targetHints":{"allow":["GET"]}}],"collection":[{"href":"https:\/\/www.sisinternational.com\/fr\/wp-json\/wp\/v2\/pages"}],"about":[{"href":"https:\/\/www.sisinternational.com\/fr\/wp-json\/wp\/v2\/types\/page"}],"author":[{"embeddable":true,"href":"https:\/\/www.sisinternational.com\/fr\/wp-json\/wp\/v2\/users\/1"}],"replies":[{"embeddable":true,"href":"https:\/\/www.sisinternational.com\/fr\/wp-json\/wp\/v2\/comments?post=41288"}],"version-history":[{"count":6,"href":"https:\/\/www.sisinternational.com\/fr\/wp-json\/wp\/v2\/pages\/41288\/revisions"}],"predecessor-version":[{"id":80489,"href":"https:\/\/www.sisinternational.com\/fr\/wp-json\/wp\/v2\/pages\/41288\/revisions\/80489"}],"up":[{"embeddable":true,"href":"https:\/\/www.sisinternational.com\/fr\/wp-json\/wp\/v2\/pages\/14514"}],"wp:featuredmedia":[{"embeddable":true,"href":"https:\/\/www.sisinternational.com\/fr\/wp-json\/wp\/v2\/media\/64224"}],"wp:attachment":[{"href":"https:\/\/www.sisinternational.com\/fr\/wp-json\/wp\/v2\/media?parent=41288"}],"curies":[{"name":"wp","href":"https:\/\/api.w.org\/{rel}","templated":true}]}}