{"id":41286,"date":"2023-01-23T20:36:46","date_gmt":"2023-01-23T20:36:46","guid":{"rendered":"https:\/\/www.sisinternational.com\/?page_id=41286"},"modified":"2025-10-19T00:32:52","modified_gmt":"2025-10-19T04:32:52","slug":"etude-de-marche-sur-les-pesticides","status":"publish","type":"page","link":"https:\/\/www.sisinternational.com\/fr\/competence\/etude-de-marche-sur-les-pesticides\/","title":{"rendered":"\u00c9tude de march\u00e9 sur les pesticides"},"content":{"rendered":"<h1 class=\"wp-block-heading\">\u00c9tude de march\u00e9 sur les pesticides<\/h1>\n\n\n\n<figure class=\"gb-block-image gb-block-image-99b2d828\"><img loading=\"lazy\" decoding=\"async\" width=\"1456\" height=\"816\" class=\"gb-image gb-image-99b2d828\" src=\"https:\/\/www.sisinternational.com\/wp-content\/uploads\/2025\/08\/Pesticide-3.jpg\" alt=\"\u00c9tudes de march\u00e9 et strat\u00e9gie internationales SIS\" title=\"Pesticide (3)\" srcset=\"https:\/\/www.sisinternational.com\/wp-content\/uploads\/2025\/08\/Pesticide-3.jpg 1456w, https:\/\/www.sisinternational.com\/wp-content\/uploads\/2025\/08\/Pesticide-3-300x168.jpg 300w, https:\/\/www.sisinternational.com\/wp-content\/uploads\/2025\/08\/Pesticide-3-1024x574.jpg 1024w, https:\/\/www.sisinternational.com\/wp-content\/uploads\/2025\/08\/Pesticide-3-768x430.jpg 768w, https:\/\/www.sisinternational.com\/wp-content\/uploads\/2025\/08\/Pesticide-3-18x10.jpg 18w\" sizes=\"auto, (max-width: 1456px) 100vw, 1456px\"><\/figure>\n\n\n\n<p><\/p>\n\n\n\n<h2 class=\"wp-block-heading\">Qu\u2019est-ce que l\u2019\u00e9tude de march\u00e9 sur les pesticides ?<\/h2>\n\n\n\n<p>Les \u00e9tudes de march\u00e9 sur les pesticides se concentrent sur la collecte d\u2019informations sur divers pesticides et sur leur impact sur l\u2019\u00e9conomie et les diverses industries qui leur sont li\u00e9es. Le seul but des pesticides est de pr\u00e9venir les parasites qui sont des organismes vivants ind\u00e9sirables. Les parasites sont consid\u00e9r\u00e9s comme nocifs pour les plantes, les animaux, les humains et m\u00eame les structures. Afin de comprendre la valeur de l\u2019\u00e9tude de march\u00e9 sur les pesticides, il est essentiel de comprendre ce que sont les pesticides.<\/p>\n\n\n\n<h2 class=\"wp-block-heading\">Que sont les pesticides ?<\/h2>\n\n\n\n<p>Les pesticides sont des substances ou un m\u00e9lange de substances utilis\u00e9es pour pr\u00e9venir, contr\u00f4ler ou m\u00eame \u00e9radiquer les ravageurs. Il existe trois classes de pesticides les plus courantes. Ce sont des herbicides, des fongicides et des insecticides. Les pesticides se pr\u00e9sentent \u00e9galement sous diverses formes. Ils peuvent \u00eatre liquides, sous forme solide ou sous forme gazeuse comme des fumigants.<\/p>\n\n\n\n<p>Comme les pesticides pr\u00e9viennent, contr\u00f4lent ou \u00e9radiquent les ravageurs, ils sont la plupart du temps regroup\u00e9s en familles en fonction de leur mode d\u2019action.<\/p>\n\n\n\n<p>Voici les groupes les plus courants\u00a0:<\/p>\n\n\n\n<p>Organophosphates\u00a0: G\u00e9n\u00e9ralement fabriqu\u00e9s \u00e0 partir d\u2019acide phosphorique, ils agissent en endommageant le syst\u00e8me nerveux des ravageurs. La plupart des insecticides font partie de ce groupe et beaucoup sont hautement toxiques.<\/p>\n\n\n\n<p>Organochlor\u00e9s\u00a0: parfois appel\u00e9s hydrocarbures chlor\u00e9s, ces pesticides perturbent la transmission de l&#039;impulsion nerveuse des ravageurs. Mieux utilis\u00e9 contre les insectes et les acariens, mais ils restent longtemps dans l&#039;environnement.<\/p>\n\n\n\n<p>Carbamates et thiocarbamates : agissent de la m\u00eame mani\u00e8re dans le syst\u00e8me nerveux des parasites et sont fabriqu\u00e9s \u00e0 partir d&#039;acide carbamique. Ceux-ci comprennent des insecticides, des herbicides et des fongicides et restent plus longtemps dans l&#039;environnement.<\/p>\n\n\n\n<p>Pyr\u00e9thrino\u00efdes (synth\u00e9tiques) : Ce sont des pesticides artificiels qui perturbent le syst\u00e8me nerveux en stimulant les cellules nerveuses pour provoquer une paralysie et ne se d\u00e9gradent pas rapidement.<\/p>\n\n\n\n<h2 class=\"wp-block-heading\">Avantages de l\u2019\u00e9tude de march\u00e9 sur les pesticides<\/h2>\n\n\n\n<figure class=\"gb-block-image gb-block-image-dd58b589\"><img loading=\"lazy\" decoding=\"async\" width=\"1456\" height=\"816\" class=\"gb-image gb-image-dd58b589\" src=\"https:\/\/www.sisinternational.com\/wp-content\/uploads\/2025\/08\/Pesticide-6.jpg\" alt=\"\u00c9tudes de march\u00e9 et strat\u00e9gie internationales SIS\" title=\"Pesticide (6)\" srcset=\"https:\/\/www.sisinternational.com\/wp-content\/uploads\/2025\/08\/Pesticide-6.jpg 1456w, https:\/\/www.sisinternational.com\/wp-content\/uploads\/2025\/08\/Pesticide-6-300x168.jpg 300w, https:\/\/www.sisinternational.com\/wp-content\/uploads\/2025\/08\/Pesticide-6-1024x574.jpg 1024w, https:\/\/www.sisinternational.com\/wp-content\/uploads\/2025\/08\/Pesticide-6-768x430.jpg 768w, https:\/\/www.sisinternational.com\/wp-content\/uploads\/2025\/08\/Pesticide-6-18x10.jpg 18w\" sizes=\"auto, (max-width: 1456px) 100vw, 1456px\"><\/figure>\n\n\n\n<p><\/p>\n\n\n\n<p><a href=\"https:\/\/www.sisinternational.com\/fr\/etudes-de-cas\/\" title=\"\u00c9tudes de cas\"  data-wpil-monitor-id=\"8484\">\u00c9tude de march\u00e9<\/a> provides insights into a specific industry that are useful for businesses and economic studies. With the role pesticides play in controlling or preventing pests, gathering data and strategies in the pesticide industry can be beneficial for the following reasons:<\/p>\n\n\n\n<ul class=\"wp-block-list\">\n<li>Impact des pesticides en agriculture. Il s\u2019agit d\u2019acqu\u00e9rir davantage de connaissances sur la mani\u00e8re dont les pesticides peuvent aider les agriculteurs \u00e0 produire des aliments s\u00fbrs.<\/li>\n\n\n\n<li>Role of pesticides in <a href=\"https:\/\/www.sisinternational.com\/fr\/solutions\/test-de-gout\/food-product-tests-in-ny\/\" title=\"Food Product Tests In NY\"  data-wpil-monitor-id=\"8489\">food crop production<\/a>. This will provide useful data for pesticide market research on the quantity and quality of crops.<\/li>\n\n\n\n<li>Impact de divers types de pesticides sur la sant\u00e9 humaine et animale. La plupart des pesticides sont con\u00e7us pour d\u00e9truire les ravageurs en ciblant le syst\u00e8me nerveux. Cela peut \u00e9galement avoir un impact sur d\u2019autres organismes vivants et causer des probl\u00e8mes de sant\u00e9 dus \u00e0 la toxicit\u00e9.<\/li>\n\n\n\n<li>Influence sur l&#039;environnement. L\u2019utilisation prolong\u00e9e ou abusive des pesticides peut contaminer l\u2019environnement, notamment le sol et l\u2019eau.<\/li>\n\n\n\n<li>Continued <a href=\"https:\/\/www.sisinternational.com\/fr\/competence\/les-industries\/etude-de-marche-des-decideurs-dentreprise\/\" title=\"\u00c9tude de march\u00e9 des d\u00e9cideurs commerciaux\"  data-wpil-monitor-id=\"8493\">research can help businesses<\/a>, industries, and countries to make sound decisions regarding their uses and long-term benefits or consequences.<\/li>\n\n\n\n<li>Market research provides insights into the data and <a href=\"https:\/\/www.sisinternational.com\/fr\/le-role-du-developpement-de-processus-et-de-systemes-dans-la-reussite-organisationnelle\/\" title=\"\u00c9tude de march\u00e9 sur la conception organisationnelle\"  data-wpil-monitor-id=\"8485\">strategies<\/a> in the pesticide industry to build competitive knowledge for businesses and companies.<\/li>\n<\/ul>\n\n\n\n<h2 class=\"wp-block-heading\">Titres d\u2019emploi cl\u00e9s dans l\u2019industrie\u00a0:<\/h2>\n\n\n\n<p>The pesticide <a href=\"https:\/\/www.sisinternational.com\/fr\/competence\/cv-dexperience\/etude-de-marche-sur-les-produits-de-soins-personnels\/\" title=\"\u00c9tude de march\u00e9 sur les produits de soins personnels\"  data-wpil-monitor-id=\"8488\">market and production<\/a>, including research, involve a lot of roles and specialties. Moreover, the production of pesticides and distribution require specific knowledge and training.<\/p>\n\n\n\n<p>Voici quelques-uns des titres de poste importants dans l\u2019industrie du march\u00e9 des pesticides\u00a0:<\/p>\n\n\n\n<ul class=\"wp-block-list\">\n<li>Ing\u00e9nieurs chimistes<\/li>\n\n\n\n<li>Chimiste<\/li>\n\n\n\n<li>Responsable des cultures<\/li>\n\n\n\n<li>Consultant de march\u00e9<\/li>\n\n\n\n<li>Sp\u00e9cialiste de la lutte antiparasitaire<\/li>\n\n\n\n<li>Superviseur de la lutte antiparasitaire<\/li>\n\n\n\n<li>Technicien en lutte antiparasitaire<\/li>\n\n\n\n<li>Formulateur de pesticides<\/li>\n\n\n\n<li>Manipulateurs de pesticides<\/li>\n\n\n\n<li>Agent de production<\/li>\n\n\n\n<li>Responsable cont\u00f4le qualit\u00e9<\/li>\n\n\n\n<li>Chercheur<\/li>\n<\/ul>\n\n\n\n<h2 class=\"wp-block-heading\">Entreprises qui ont besoin d\u2019une \u00e9tude de march\u00e9 sur les pesticides<\/h2>\n\n\n\n<p>Les donn\u00e9es et strat\u00e9gies importantes de l\u2019industrie des pesticides recueillies \u00e0 partir des \u00e9tudes de march\u00e9 sur les pesticides peuvent aider de nombreuses entreprises. Les entreprises comprennent, sans s&#039;y limiter, les industries suivantes\u00a0:<\/p>\n\n\n\n<ul class=\"wp-block-list\">\n<li>Industrie de fabrication de pesticides<\/li>\n\n\n\n<li>Agriculture et \u00e9levage<\/li>\n\n\n\n<li>Production et approvisionnement alimentaire<\/li>\n\n\n\n<li>Entreprises agrochimiques<\/li>\n\n\n\n<li>Entreprise de l\u2019industrie verte<\/li>\n\n\n\n<li>Industrie de construction<\/li>\n\n\n\n<li>Industrie chimique<\/li>\n<\/ul>\n\n\n\n<h2 class=\"wp-block-heading\">Comment se d\u00e9roule l\u2019\u00e9tude de march\u00e9 sur les pesticides\u00a0:<\/h2>\n\n\n\n<figure class=\"gb-block-image gb-block-image-610be5a5\"><img loading=\"lazy\" decoding=\"async\" width=\"1456\" height=\"816\" class=\"gb-image gb-image-610be5a5\" src=\"https:\/\/www.sisinternational.com\/wp-content\/uploads\/2025\/08\/Pesticide-4.jpg\" alt=\"\u00c9tudes de march\u00e9 et strat\u00e9gie internationales SIS\" title=\"Pesticide (4)\" srcset=\"https:\/\/www.sisinternational.com\/wp-content\/uploads\/2025\/08\/Pesticide-4.jpg 1456w, https:\/\/www.sisinternational.com\/wp-content\/uploads\/2025\/08\/Pesticide-4-300x168.jpg 300w, https:\/\/www.sisinternational.com\/wp-content\/uploads\/2025\/08\/Pesticide-4-1024x574.jpg 1024w, https:\/\/www.sisinternational.com\/wp-content\/uploads\/2025\/08\/Pesticide-4-768x430.jpg 768w, https:\/\/www.sisinternational.com\/wp-content\/uploads\/2025\/08\/Pesticide-4-18x10.jpg 18w\" sizes=\"auto, (max-width: 1456px) 100vw, 1456px\"><\/figure>\n\n\n\n<p><\/p>\n\n\n\n<p>As with most <a href=\"https:\/\/www.sisinternational.com\/fr\/competence\/les-industries\/etude-de-marche-industriel\/\" title=\"\u00c9tudes de march\u00e9 et strat\u00e9gie industrielle\"  data-wpil-monitor-id=\"8487\">\u00e9tude de march\u00e9<\/a> that was done in similar industries, gathering data and analyzing the information is crucial. Major steps are taken that <a href=\"https:\/\/www.sisinternational.com\/fr\/publications\/etude-de-marche-sur-les-entreprises-evolutives-7-facons-de-creer-une-entreprise-evolutive\/\" title=\"\u00c9tude de march\u00e9 sur les entreprises \u00e9volutives\u00a0: 7 fa\u00e7ons de cr\u00e9er une entreprise \u00e9volutive\"  data-wpil-monitor-id=\"8486\">way the market research<\/a> provides insights that are both credible and valid.<\/p>\n\n\n\n<ul class=\"wp-block-list\">\n<li>Collecte de donn\u00e9es par type de produit<\/li>\n\n\n\n<li>Collecte des r\u00e9sultats en fonction du processus de candidature<\/li>\n\n\n\n<li>Analyser les r\u00e9sultats par utilisation finale<\/li>\n\n\n\n<li>Comparaison des r\u00e9sultats par localisation<\/li>\n\n\n\n<li>Analyse des principaux moteurs de l&#039;industrie des pesticides<\/li>\n<\/ul>\n\n\n\n<p>D&#039;autres facteurs importants sont \u00e9galement pris en compte, tels que l&#039;impact \u00e0 long terme sur l&#039;environnement et la sant\u00e9, ainsi que les tendances \u00e0 la hausse bas\u00e9es sur ces facteurs.<\/p>\n\n\n\n<h2 class=\"wp-block-heading\">\u00c0 propos de l\u2019\u00e9tude de march\u00e9 sur les pesticides<\/h2>\n\n\n\n<p>Pesticides play a big role both for both humans and the environment. The Pesticide Market Research gathers information and data that are reliable. It is a useful tool for anyone who aims to have informed decisions when it comes to its production, application, <a href=\"https:\/\/www.sisinternational.com\/fr\/ameliorer-la-penetration-du-marche-grace-a-un-plan-marketing-complet\/\" title=\"Am\u00e9liorer la p\u00e9n\u00e9tration du march\u00e9 gr\u00e2ce \u00e0 un plan marketing complet\"  data-wpil-monitor-id=\"8491\">marketing and strategic planning<\/a>.<\/p>","protected":false},"excerpt":{"rendered":"<p>L\u2019\u00e9tude de march\u00e9 sur les pesticides est un outil utile pour une prise de d\u00e9cision \u00e9clair\u00e9e, la production, l\u2019application, le marketing et la planification strat\u00e9gique.<\/p>","protected":false},"author":1,"featured_media":64309,"parent":14514,"menu_order":155,"comment_status":"closed","ping_status":"closed","template":"","meta":{"footnotes":""},"class_list":["post-41286","page","type-page","status-publish","has-post-thumbnail"],"_links":{"self":[{"href":"https:\/\/www.sisinternational.com\/fr\/wp-json\/wp\/v2\/pages\/41286","targetHints":{"allow":["GET"]}}],"collection":[{"href":"https:\/\/www.sisinternational.com\/fr\/wp-json\/wp\/v2\/pages"}],"about":[{"href":"https:\/\/www.sisinternational.com\/fr\/wp-json\/wp\/v2\/types\/page"}],"author":[{"embeddable":true,"href":"https:\/\/www.sisinternational.com\/fr\/wp-json\/wp\/v2\/users\/1"}],"replies":[{"embeddable":true,"href":"https:\/\/www.sisinternational.com\/fr\/wp-json\/wp\/v2\/comments?post=41286"}],"version-history":[{"count":4,"href":"https:\/\/www.sisinternational.com\/fr\/wp-json\/wp\/v2\/pages\/41286\/revisions"}],"predecessor-version":[{"id":81425,"href":"https:\/\/www.sisinternational.com\/fr\/wp-json\/wp\/v2\/pages\/41286\/revisions\/81425"}],"up":[{"embeddable":true,"href":"https:\/\/www.sisinternational.com\/fr\/wp-json\/wp\/v2\/pages\/14514"}],"wp:featuredmedia":[{"embeddable":true,"href":"https:\/\/www.sisinternational.com\/fr\/wp-json\/wp\/v2\/media\/64309"}],"wp:attachment":[{"href":"https:\/\/www.sisinternational.com\/fr\/wp-json\/wp\/v2\/media?parent=41286"}],"curies":[{"name":"wp","href":"https:\/\/api.w.org\/{rel}","templated":true}]}}