{"id":41277,"date":"2023-01-23T16:12:02","date_gmt":"2023-01-23T16:12:02","guid":{"rendered":"https:\/\/www.sisinternational.com\/?page_id=41277"},"modified":"2026-01-25T19:25:31","modified_gmt":"2026-01-26T00:25:31","slug":"etude-de-marche-sur-lindustrie-du-caoutchouc","status":"publish","type":"page","link":"https:\/\/www.sisinternational.com\/fr\/competence\/etude-de-marche-sur-lindustrie-du-caoutchouc\/","title":{"rendered":"\u00c9tude de march\u00e9 sur l\u2019industrie du caoutchouc"},"content":{"rendered":"<h1 class=\"wp-block-heading\">\u00c9tude de march\u00e9 sur l\u2019industrie du caoutchouc<\/h1>\n\n\n\n<figure class=\"gb-block-image gb-block-image-1ac76d98\"><img loading=\"lazy\" decoding=\"async\" width=\"1456\" height=\"816\" class=\"gb-image gb-image-1ac76d98\" src=\"https:\/\/www.sisinternational.com\/wp-content\/uploads\/2025\/10\/Rubber-1.jpg\" alt=\"\u00c9tudes de march\u00e9 et strat\u00e9gie internationales SIS\" title=\"Rubber (1)\" srcset=\"https:\/\/www.sisinternational.com\/wp-content\/uploads\/2025\/10\/Rubber-1.jpg 1456w, https:\/\/www.sisinternational.com\/wp-content\/uploads\/2025\/10\/Rubber-1-300x168.jpg 300w, https:\/\/www.sisinternational.com\/wp-content\/uploads\/2025\/10\/Rubber-1-1024x574.jpg 1024w, https:\/\/www.sisinternational.com\/wp-content\/uploads\/2025\/10\/Rubber-1-768x430.jpg 768w, https:\/\/www.sisinternational.com\/wp-content\/uploads\/2025\/10\/Rubber-1-18x10.jpg 18w\" sizes=\"auto, (max-width: 1456px) 100vw, 1456px\"><\/figure>\n\n\n\n<p><\/p>\n\n\n\n<h2 class=\"wp-block-heading\">Le caoutchouc est pr\u00e9sent dans notre quotidien<\/h2>\n\n\n\n<p>Le caoutchouc se trouve dans bon nombre des produits les plus importants que nous utilisons quotidiennement, tels que les gants chirurgicaux, les \u00e9lastiques et les pneus. Le caoutchouc est un mat\u00e9riau essentiel et l\u2019une des mati\u00e8res premi\u00e8res les plus importantes de la soci\u00e9t\u00e9 moderne. L\u2019industrie du caoutchouc vaut des milliards de dollars et pr\u00e9sente de nombreuses opportunit\u00e9s de croissance et de d\u00e9veloppement de nouveaux produits.<\/p>\n\n\n\n<p>Il existe de nombreux types de caoutchouc, notamment le caoutchouc n\u00e9opr\u00e8ne, le caoutchouc butyle, le caoutchouc styr\u00e8ne-butadi\u00e8ne, le caoutchouc fluorosilicone, le caoutchouc de silicone, le caoutchouc nitrile et le caoutchouc EPDM. Les principaux facteurs de qualit\u00e9 des produits comprennent l\u2019\u00e9lasticit\u00e9, la contraction thermique et la durabilit\u00e9.<br>Much of the world\u2019s rubber production occurs in high growth emerging <a href=\"https:\/\/www.sisinternational.com\/fr\/couverture\/les-ameriques\/couverture-des-etats-unis\/etude-de-marche-en-caroline-du-sud\/\" title=\"\u00c9tude de march\u00e9 en Caroline du Sud\"  data-wpil-monitor-id=\"5651\">markets in South<\/a> East Asia including in Thailand, Malaysia, Indonesia, Vietnam and India. Many of these countries consider the industry to be of national strategic importance and have councils and trade programs focused on boosting exports. Operating in these high growth economies presents numerous opportunities for growth and for boosting efficiency and developing Go-To-Market Strategy.<\/p>\n\n\n\n<p>SIS Market Research aide les entreprises \u00e0 trouver de nouvelles opportunit\u00e9s de march\u00e9 dans le secteur du caoutchouc. Nous fournissons des \u00e9tudes de march\u00e9 sur les derni\u00e8res tendances en mati\u00e8re d\u2019utilisation et de demande de caoutchouc. Nous aidons nos clients \u00e0 \u00e9laborer des strat\u00e9gies pour augmenter leur rentabilit\u00e9 et leur efficacit\u00e9 op\u00e9rationnelle.<\/p>\n\n\n\n<h2 class=\"wp-block-heading\">L\u2019importance de l\u2019\u00e9tude de march\u00e9 sur l\u2019industrie du caoutchouc<\/h2>\n\n\n\n<figure class=\"gb-block-image gb-block-image-acd346e6\"><img loading=\"lazy\" decoding=\"async\" width=\"1456\" height=\"816\" class=\"gb-image gb-image-acd346e6\" src=\"https:\/\/www.sisinternational.com\/wp-content\/uploads\/2025\/10\/Rubber-4.jpg\" alt=\"\u00c9tudes de march\u00e9 et strat\u00e9gie internationales SIS\" title=\"Rubber (4)\" srcset=\"https:\/\/www.sisinternational.com\/wp-content\/uploads\/2025\/10\/Rubber-4.jpg 1456w, https:\/\/www.sisinternational.com\/wp-content\/uploads\/2025\/10\/Rubber-4-300x168.jpg 300w, https:\/\/www.sisinternational.com\/wp-content\/uploads\/2025\/10\/Rubber-4-1024x574.jpg 1024w, https:\/\/www.sisinternational.com\/wp-content\/uploads\/2025\/10\/Rubber-4-768x430.jpg 768w, https:\/\/www.sisinternational.com\/wp-content\/uploads\/2025\/10\/Rubber-4-18x10.jpg 18w\" sizes=\"auto, (max-width: 1456px) 100vw, 1456px\"><\/figure>\n\n\n\n<p>SIS Market Research rassemble les recherches sur les clients, l\u2019analyse des concurrents, les moteurs de l\u2019entreprise et le paysage du march\u00e9 pour fournir des informations n\u00e9cessaires \u00e0 la prise de d\u00e9cision. Nous sommes sp\u00e9cialis\u00e9s dans la fourniture d\u2019analyses sur les opportunit\u00e9s, les sources de rentabilit\u00e9, les d\u00e9fis et les moyens de prosp\u00e9rer.<\/p>\n\n\n\n<p>Les produits cl\u00e9s de l\u2019industrie du caoutchouc comprennent\u00a0:<\/p>\n\n\n\n<ul class=\"wp-block-list\">\n<li>Pneus automobiles et chambres \u00e0 air<\/li>\n\n\n\n<li>Produits moul\u00e9s en caoutchouc<\/li>\n\n\n\n<li>Applications de tapis et de rev\u00eatements de sol<\/li>\n\n\n\n<li>Tuyaux et tuyaux<\/li>\n\n\n\n<li>Caoutchouc vulcanis\u00e9 pour chaussures<\/li>\n\n\n\n<li>Gants de travailleur industriel<\/li>\n\n\n\n<li>\u00c9quipement sportif<\/li>\n\n\n\n<li>Isolation et mat\u00e9riaux isolants<\/li>\n\n\n\n<li>Produits de sant\u00e9 sexuelle<\/li>\n\n\n\n<li>Matelas<\/li>\n\n\n\n<li>Chaussures et bottes<\/li>\n\n\n\n<li>Bouteilles d&#039;eau<\/li>\n\n\n\n<li>\u00c9quipement de protection pour les forces de l&#039;ordre, les premiers intervenants et les pompiers<\/li>\n\n\n\n<li>Balles et ballons<\/li>\n<\/ul>\n\n\n\n<p>Les producteurs de caoutchouc op\u00e8rent de plus en plus dans une \u00e9conomie mondiale hautement comp\u00e9titive, o\u00f9 les producteurs du monde entier recourent \u00e0 des strat\u00e9gies visant \u00e0 sous-coter les prix et \u00e0 des restrictions commerciales croissantes. La qualit\u00e9 et la livraison des produits restent des sujets de pr\u00e9occupation majeurs.<\/p>\n\n\n\n<h2 class=\"wp-block-heading\">Durabilit\u00e9 dans l&#039;industrie du caoutchouc<\/h2>\n\n\n\n<p>La demande mondiale croissante de caoutchouc a suscit\u00e9 des inqui\u00e9tudes quant \u00e0 la durabilit\u00e9 des ressources \u00e0 long terme. Le principal moteur de la demande de caoutchouc est l\u2019industrie automobile, qui continue de cro\u00eetre et consomme des millions de pneus chaque jour. Afin de r\u00e9pondre \u00e0 ce niveau de demande, les entreprises augmentent leur capacit\u00e9 de production. Cela signifie que de nouvelles plantations d\u2019h\u00e9v\u00e9as sont n\u00e9cessaires partout dans le monde.<\/p>\n\n\n\n<p>L&#039;expansion des plantations d&#039;h\u00e9v\u00e9as peut avoir des implications sur l&#039;environnement, ce qui soul\u00e8ve la n\u00e9cessit\u00e9 de mener des recherches sur la responsabilit\u00e9 sociale, la durabilit\u00e9, les cha\u00eenes d&#039;approvisionnement, les besoins des clients et la compr\u00e9hension des parties prenantes.<\/p>\n\n\n\n<p>SIS Market <a href=\"https:\/\/www.sisinternational.com\/fr\/competence\/les-industries\/etude-de-marche-sur-lautomatisation-industrielle\/\" title=\"\u00c9tude de march\u00e9 sur l\u2019automatisation industrielle\"  data-wpil-monitor-id=\"4818\">Recherche<\/a> advises companies on best practices for maintaining sustainability and for serving investors and community and industry stakeholders. This benefits the manufacturing processes and the brand&#8217;s position in the market.<\/p>\n\n\n\n<h2 class=\"wp-block-heading\">Avantages de l\u2019\u00e9tude de march\u00e9 sur l\u2019industrie du caoutchouc<\/h2>\n\n\n\n<figure class=\"gb-block-image gb-block-image-7794f7e1\"><img loading=\"lazy\" decoding=\"async\" width=\"1456\" height=\"816\" class=\"gb-image gb-image-7794f7e1\" src=\"https:\/\/www.sisinternational.com\/wp-content\/uploads\/2025\/10\/Rubber-3.jpg\" alt=\"\u00c9tudes de march\u00e9 et strat\u00e9gie internationales SIS\" title=\"Rubber (3)\" srcset=\"https:\/\/www.sisinternational.com\/wp-content\/uploads\/2025\/10\/Rubber-3.jpg 1456w, https:\/\/www.sisinternational.com\/wp-content\/uploads\/2025\/10\/Rubber-3-300x168.jpg 300w, https:\/\/www.sisinternational.com\/wp-content\/uploads\/2025\/10\/Rubber-3-1024x574.jpg 1024w, https:\/\/www.sisinternational.com\/wp-content\/uploads\/2025\/10\/Rubber-3-768x430.jpg 768w, https:\/\/www.sisinternational.com\/wp-content\/uploads\/2025\/10\/Rubber-3-18x10.jpg 18w\" sizes=\"auto, (max-width: 1456px) 100vw, 1456px\"><\/figure>\n\n\n\n<ul class=\"wp-block-list\">\n<li>Renforce le positionnement strat\u00e9gique d\u2019une entreprise de l\u2019industrie du caoutchouc<\/li>\n\n\n\n<li>Minimise le risque d\u2019investissement<\/li>\n\n\n\n<li>Identifie les menaces et opportunit\u00e9s potentielles<\/li>\n\n\n\n<li>D\u00e9couvre les forces et les faiblesses des concurrents<\/li>\n\n\n\n<li>Guide la planification strat\u00e9gique<\/li>\n\n\n\n<li>Identifie les tendances \u00e9mergentes<\/li>\n\n\n\n<li>Fournit \u00e0 l\u2019entreprise les outils n\u00e9cessaires pour garder une longueur d\u2019avance sur la concurrence<\/li>\n\n\n\n<li>Fournit des pr\u00e9visions, des projections, des recommandations et des pr\u00e9dictions<\/li>\n\n\n\n<li>Illumine les besoins et les demandes des clients<\/li>\n\n\n\n<li>Analyse le paysage du march\u00e9 pour d\u00e9couvrir les menaces importantes li\u00e9es \u00e0 la g\u00e9opolitique et aux r\u00e9glementations commerciales<\/li>\n\n\n\n<li>D\u00e9couvrez les r\u00e9f\u00e9rences des principaux concurrents<\/li>\n<\/ul>\n\n\n\n<h2 class=\"wp-block-heading\">Comment nous d\u00e9couvrons des informations<\/h2>\n\n\n\n<p>SIS dispose d&#039;importantes bases de donn\u00e9es et d&#039;un acc\u00e8s aux professionnels suivants de l&#039;industrie du caoutchouc\u00a0:<\/p>\n\n\n\n<ul class=\"wp-block-list\">\n<li>Chimistes de proc\u00e9d\u00e9s<\/li>\n\n\n\n<li>M\u00e9canique industrielle<\/li>\n\n\n\n<li>D\u00e9cideurs<\/li>\n\n\n\n<li>Cadres de niveau C<\/li>\n\n\n\n<li>Vice-pr\u00e9sident<\/li>\n\n\n\n<li>Techniciens automobiles<\/li>\n\n\n\n<li>Fabricants de pi\u00e8ces<\/li>\n\n\n\n<li>Ing\u00e9nieurs en m\u00e9canique de projet<\/li>\n\n\n\n<li>Ing\u00e9nieurs en polym\u00e8res<\/li>\n\n\n\n<li>Directeurs de magasin<\/li>\n\n\n\n<li>Chauffeurs-livreurs<\/li>\n\n\n\n<li>Ing\u00e9nieurs plasticiens<\/li>\n\n\n\n<li>Gestionnaires de services<\/li>\n\n\n\n<li>Techniciens en pneus<\/li>\n\n\n\n<li>Autres<\/li>\n<\/ul>\n\n\n\n<h2 class=\"wp-block-heading\">\u00c0 propos de l\u2019\u00e9tude de march\u00e9 sur l\u2019industrie du caoutchouc<\/h2>\n\n\n\n<figure class=\"gb-block-image gb-block-image-68309510\"><img loading=\"lazy\" decoding=\"async\" width=\"1456\" height=\"816\" class=\"gb-image gb-image-68309510\" src=\"https:\/\/www.sisinternational.com\/wp-content\/uploads\/2025\/10\/Rubber-2.jpg\" alt=\"\u00c9tudes de march\u00e9 et strat\u00e9gie internationales SIS\" title=\"Rubber (2)\" srcset=\"https:\/\/www.sisinternational.com\/wp-content\/uploads\/2025\/10\/Rubber-2.jpg 1456w, https:\/\/www.sisinternational.com\/wp-content\/uploads\/2025\/10\/Rubber-2-300x168.jpg 300w, https:\/\/www.sisinternational.com\/wp-content\/uploads\/2025\/10\/Rubber-2-1024x574.jpg 1024w, https:\/\/www.sisinternational.com\/wp-content\/uploads\/2025\/10\/Rubber-2-768x430.jpg 768w, https:\/\/www.sisinternational.com\/wp-content\/uploads\/2025\/10\/Rubber-2-18x10.jpg 18w\" sizes=\"auto, (max-width: 1456px) 100vw, 1456px\"><\/figure>\n\n\n\n<p><\/p>\n\n\n\n<p>Caoutchouc <a href=\"https:\/\/www.sisinternational.com\/fr\/etude-de-marche-dans-le-secteur-de-leducation\/\" title=\"\u00c9tude de march\u00e9 sur le secteur de l\u2019\u00e9ducation\"  data-wpil-monitor-id=\"1813\">Industry Market Research<\/a> helps maximize profit and minimize risk in business decision making. Market Research can give a company the competitive advantage they need over its competitors. Market Research speaks with customers, competitors, subject matter experts, investors and other key stakeholders to gain incisive data for decision making.<\/p>\n\n\n\n<p>Avec plus de 38 ans d\u2019exp\u00e9rience, SIS Market Research jouit d\u2019une pr\u00e9sence in\u00e9gal\u00e9e sur les march\u00e9s internationaux. Nous poss\u00e9dons les technologies, les outils et les strat\u00e9gies pour recueillir des informations et comprendre les besoins des clients. Certaines de nos techniques comprennent des enqu\u00eates, des enqu\u00eates en face \u00e0 face, des entretiens, des groupes de discussion, l&#039;ethnographie, l&#039;analyse du secteur, l&#039;analyse des concurrents, les communaut\u00e9s en ligne, les enqu\u00eates t\u00e9l\u00e9phoniques, les visites de sites et les recherches sur les concurrents, et bien plus encore.<\/p>\n\n\n\n<p>Dans notre division de recherche et de conseil en strat\u00e9gie, nous fournissons des analyses concurrentielles, des conseils en entr\u00e9e de march\u00e9, des \u00e9tudes de march\u00e9, des analyses comparatives, la voix du client, des analyses conjointes, des analyses factorielles, des analyses statistiques multivari\u00e9es, des \u00e9valuations du potentiel d&#039;exportation et des analyses d&#039;opportunit\u00e9s de march\u00e9.<\/p>","protected":false},"excerpt":{"rendered":"<p>Les \u00e9tudes de march\u00e9 sur l\u2019industrie du caoutchouc aident \u00e0 maximiser les profits et \u00e0 minimiser les risques dans la prise de d\u00e9cision commerciale.<\/p>","protected":false},"author":1,"featured_media":72078,"parent":14514,"menu_order":154,"comment_status":"closed","ping_status":"closed","template":"","meta":{"footnotes":""},"class_list":["post-41277","page","type-page","status-publish","has-post-thumbnail"],"_links":{"self":[{"href":"https:\/\/www.sisinternational.com\/fr\/wp-json\/wp\/v2\/pages\/41277","targetHints":{"allow":["GET"]}}],"collection":[{"href":"https:\/\/www.sisinternational.com\/fr\/wp-json\/wp\/v2\/pages"}],"about":[{"href":"https:\/\/www.sisinternational.com\/fr\/wp-json\/wp\/v2\/types\/page"}],"author":[{"embeddable":true,"href":"https:\/\/www.sisinternational.com\/fr\/wp-json\/wp\/v2\/users\/1"}],"replies":[{"embeddable":true,"href":"https:\/\/www.sisinternational.com\/fr\/wp-json\/wp\/v2\/comments?post=41277"}],"version-history":[{"count":6,"href":"https:\/\/www.sisinternational.com\/fr\/wp-json\/wp\/v2\/pages\/41277\/revisions"}],"predecessor-version":[{"id":79352,"href":"https:\/\/www.sisinternational.com\/fr\/wp-json\/wp\/v2\/pages\/41277\/revisions\/79352"}],"up":[{"embeddable":true,"href":"https:\/\/www.sisinternational.com\/fr\/wp-json\/wp\/v2\/pages\/14514"}],"wp:featuredmedia":[{"embeddable":true,"href":"https:\/\/www.sisinternational.com\/fr\/wp-json\/wp\/v2\/media\/72078"}],"wp:attachment":[{"href":"https:\/\/www.sisinternational.com\/fr\/wp-json\/wp\/v2\/media?parent=41277"}],"curies":[{"name":"wp","href":"https:\/\/api.w.org\/{rel}","templated":true}]}}