{"id":41239,"date":"2023-01-16T05:49:46","date_gmt":"2023-01-16T05:49:46","guid":{"rendered":"https:\/\/www.sisinternational.com\/?page_id=41239"},"modified":"2026-01-24T21:27:21","modified_gmt":"2026-01-25T02:27:21","slug":"etude-de-marche-de-van-westendorp","status":"publish","type":"page","link":"https:\/\/www.sisinternational.com\/fr\/solutions\/recherche-de-conseil-en-strategie-fintech\/etude-de-marche-de-van-westendorp\/","title":{"rendered":"\u00c9tude de march\u00e9 de Van Westendorp"},"content":{"rendered":"<h1 class=\"wp-block-heading\">\u00c9tude de march\u00e9 de Van Westendorp<\/h1>\n\n\n\n<figure class=\"gb-block-image gb-block-image-efa0901d\"><img loading=\"lazy\" decoding=\"async\" width=\"1456\" height=\"816\" class=\"gb-image gb-image-efa0901d\" src=\"https:\/\/www.sisinternational.com\/wp-content\/uploads\/2025\/08\/Creativity-2.jpg\" alt=\"\u00c9tudes de march\u00e9 et strat\u00e9gie internationales SIS\" title=\"Creativity (2)\" srcset=\"https:\/\/www.sisinternational.com\/wp-content\/uploads\/2025\/08\/Creativity-2.jpg 1456w, https:\/\/www.sisinternational.com\/wp-content\/uploads\/2025\/08\/Creativity-2-300x168.jpg 300w, https:\/\/www.sisinternational.com\/wp-content\/uploads\/2025\/08\/Creativity-2-1024x574.jpg 1024w, https:\/\/www.sisinternational.com\/wp-content\/uploads\/2025\/08\/Creativity-2-768x430.jpg 768w, https:\/\/www.sisinternational.com\/wp-content\/uploads\/2025\/08\/Creativity-2-18x10.jpg 18w\" sizes=\"auto, (max-width: 1456px) 100vw, 1456px\"><\/figure>\n\n\n\n<p><\/p>\n\n\n\n<hr class=\"wp-block-separator has-alpha-channel-opacity\"\/>\n\n\n\n<h2 class=\"wp-block-heading\">L\u2019importance de l\u2019\u00e9tude de march\u00e9 sur les prix<\/h2>\n\n\n\n<p>It is common to face challenges if your product is too expensive or cheap. Products priced higher than expectations may not be consumed, while products priced lower than expectations will generate distrust about their quality. Therefore, correctly pricing is crucial for your brand. <a class=\"wpil_keyword_link\" href=\"https:\/\/www.sisinternational.com\/fr\/solutions\/recherche-de-conseil-en-strategie-fintech\/etude-de-marche-sur-les-prix\/\"   title=\"\u00c9tude de march\u00e9 sur les prix\" data-wpil-keyword-link=\"linked\"  data-wpil-monitor-id=\"404\">\u00c9tude de march\u00e9 sur les prix<\/a> helps companies to become more profitable and efficient in satisfying their customers. Understanding how customers perceive value (benefits versus risk) is essential to business growth.<\/p>\n\n\n\n<p>Alors que certains entrepreneurs et chefs d\u2019entreprise ont tendance \u00e0 fixer les prix par essais, erreurs et intuition, il existe une approche plus scientifique qui peut aider \u00e0 maximiser les profits et la satisfaction des clients. L\u2019\u00e9tude de march\u00e9 Van Westendrop est une m\u00e9thode robuste pour aider \u00e0 optimiser les prix gr\u00e2ce \u00e0 une pr\u00e9cision statistique et \u00e9galement \u00e0 augmenter les b\u00e9n\u00e9fices.<\/p>\n\n\n\n<h2 class=\"wp-block-heading\">Qu\u2019est-ce que l\u2019\u00e9tude de march\u00e9 de Van Westendorp ?<\/h2>\n\n\n\n<p>L&#039;analyse des prix de Van Westendrop est compos\u00e9e de quatre questions\u00a0:<\/p>\n\n\n\n<ol class=\"wp-block-list\">\n<li>\u00c0 quel prix consid\u00e9rez-vous que le produit est trop cher pour envisager de ne pas l&#039;acheter\u00a0?\u00a0;<\/li>\n\n\n\n<li>\u00c0 quel prix consid\u00e9rez-vous que le prix du produit est trop bas et, \u00e0 cause de cela, vous estimeriez que la qualit\u00e9 du produit ou du service est m\u00e9diocre\u00a0?\u00a0;<\/li>\n\n\n\n<li>A quel prix consid\u00e9rez-vous que le produit devient trop cher \u2013 ce n&#039;est pas exclu, mais il faudrait r\u00e9fl\u00e9chir \u00e0 son achat ?<\/li>\n\n\n\n<li>\u00c0 quel prix consid\u00e9rez-vous que le produit constitue une bonne affaire, un bon rapport qualit\u00e9-prix\u00a0?<\/li>\n<\/ol>\n\n\n\n<p>R\u00e9pondre \u00e0 ces questions n&#039;est pas facile et peut n\u00e9cessiter des \u00e9tudes de march\u00e9 sur les prix, telles que des questionnaires, des analyses quantitatives\/qualitatives, etc. Une fois cela fait correctement, le r\u00e9sultat des r\u00e9ponses fera appara\u00eetre un graphique que l&#039;on peut utiliser pour analyser les prix.<\/p>\n\n\n\n<h2 class=\"wp-block-heading\">Comment utiliser l&#039;\u00e9tude de march\u00e9 de Van Westendorp<\/h2>\n\n\n\n<figure class=\"gb-block-image gb-block-image-b5167f6f\"><img loading=\"lazy\" decoding=\"async\" width=\"1456\" height=\"816\" class=\"gb-image gb-image-b5167f6f\" src=\"https:\/\/www.sisinternational.com\/wp-content\/uploads\/2025\/08\/Computer-Assisted-Telephone-Interviewing-3.jpg\" alt=\"\u00c9tudes de march\u00e9 et strat\u00e9gie internationales SIS\" title=\"Computer Assisted Telephone Interviewing (3)\" srcset=\"https:\/\/www.sisinternational.com\/wp-content\/uploads\/2025\/08\/Computer-Assisted-Telephone-Interviewing-3.jpg 1456w, https:\/\/www.sisinternational.com\/wp-content\/uploads\/2025\/08\/Computer-Assisted-Telephone-Interviewing-3-300x168.jpg 300w, https:\/\/www.sisinternational.com\/wp-content\/uploads\/2025\/08\/Computer-Assisted-Telephone-Interviewing-3-1024x574.jpg 1024w, https:\/\/www.sisinternational.com\/wp-content\/uploads\/2025\/08\/Computer-Assisted-Telephone-Interviewing-3-768x430.jpg 768w, https:\/\/www.sisinternational.com\/wp-content\/uploads\/2025\/08\/Computer-Assisted-Telephone-Interviewing-3-18x10.jpg 18w\" sizes=\"auto, (max-width: 1456px) 100vw, 1456px\"><\/figure>\n\n\n\n<p><\/p>\n\n\n\n<p>Il est important de r\u00e9aliser que de nombreux facteurs peuvent influencer les questions de tarification : demande, p\u00e9nurie, valeur, techniques publicitaires, etc. Les principales questions de tarification sont les suivantes :<\/p>\n\n\n\n<ol class=\"wp-block-list\">\n<li>Le prix de mon produit est-il trop \u00e9lev\u00e9 ?<\/li>\n\n\n\n<li>Le prix de mon produit est-il trop bas ?<\/li>\n\n\n\n<li>Le prix de mon produit est-il suffisamment \u00e9lev\u00e9 pour que les gens pensent qu\u2019il s\u2019agit d\u2019un produit premium\u00a0?<\/li>\n\n\n\n<li>Le prix de mon produit est-il suffisamment bas pour inciter les gens \u00e0 penser qu\u2019ils devraient l\u2019acheter imm\u00e9diatement\u00a0?<\/li>\n<\/ol>\n\n\n\n<p>Le point de convergence entre \u00eatre \u00ab trop cher \u00bb et \u00ab juste assez cher \u00bb, ou \u00ab trop bon march\u00e9 \u00bb et \u00ab une bonne affaire \u00bb, est l&#039;endroit o\u00f9 vous voulez \u00eatre avec votre produit.<\/p>\n\n\n\n<h2 class=\"wp-block-heading\">G\u00e9n\u00e9rer de la valeur<\/h2>\n\n\n\n<p>Les clients sont conscients qu\u2019ils disposent de multiples opportunit\u00e9s d\u2019acheter un produit ou un service souhait\u00e9. Trouver le juste \u00e9quilibre entre co\u00fbt-b\u00e9n\u00e9fice, originalit\u00e9 et valeur est la r\u00e9ponse \u00e0 la question \u00ab\u00a0pourquoi les gens choisiraient MON produit plut\u00f4t qu&#039;un million d&#039;autres\u00a0\u00bb\u00a0; et pour ce faire, il est n\u00e9cessaire de comprendre la notion de valeur.<\/p>\n\n\n\n<p>Value can be defined as what the customer will get in exchange for their money (benefits minus risk). Value can also refer to what the company will get in exchange for its product.<\/p>\n\n\n\n<p>Market Research dives even deeper to understand value \u2014 benefits minus risk \u2014 by understanding in-depth and measuring precisely how customers quantify the value of benefits. Examples of benefits include emotional connections and functional benefits (e.g., do the features work as intended). Pricing research and customer value analysis can help answer questions such as: Is the product desirable? Do I need it? How do consumers interact with that product? And many more questions. Pricing Market Research can help better understand Willingness to Pay, product volume and customer segmentation.<\/p>\n\n\n\n<p>Other variables in pricing, such as seasonality, that Market Research can help address. For instance, if you are selling umbrellas, their value increases on a rainy day, and prices can be adjusted to boost profit. But by how much?<\/p>\n\n\n\n<h2 class=\"wp-block-heading\">l&#039;image de marque<\/h2>\n\n\n\n<p>Pricing communicates value and is essential for branding, new product launches, profitability, marketing strategy, Return on Investment (ROI), operational efficiency, customer acquisition, customer retention and consistent revenue generation.<\/p>\n\n\n\n<p>The relationship between pricing and product placement is also very important for your business. If your advertisements target a group of people with fine tastes, the pricing should be appropriate for those segments or personas.<\/p>\n\n\n\n<h2 class=\"wp-block-heading\">Un exemple d\u2019\u00e9tude de march\u00e9 de Van Westendorp<\/h2>\n\n\n\n<figure class=\"gb-block-image gb-block-image-0526f099\"><img loading=\"lazy\" decoding=\"async\" width=\"1456\" height=\"816\" class=\"gb-image gb-image-0526f099\" src=\"https:\/\/www.sisinternational.com\/wp-content\/uploads\/2025\/09\/Quantitative-research-17.jpg\" alt=\"\u00c9tudes de march\u00e9 et strat\u00e9gie internationales SIS\" title=\"Quantitative research (17)\" srcset=\"https:\/\/www.sisinternational.com\/wp-content\/uploads\/2025\/09\/Quantitative-research-17.jpg 1456w, https:\/\/www.sisinternational.com\/wp-content\/uploads\/2025\/09\/Quantitative-research-17-300x168.jpg 300w, https:\/\/www.sisinternational.com\/wp-content\/uploads\/2025\/09\/Quantitative-research-17-1024x574.jpg 1024w, https:\/\/www.sisinternational.com\/wp-content\/uploads\/2025\/09\/Quantitative-research-17-768x430.jpg 768w, https:\/\/www.sisinternational.com\/wp-content\/uploads\/2025\/09\/Quantitative-research-17-18x10.jpg 18w\" sizes=\"auto, (max-width: 1456px) 100vw, 1456px\"><\/figure>\n\n\n\n<p><\/p>\n\n\n\n<p>Let us say your company sells handmade organic fried potatoes, and you have identified your target segment and understand their needs. For example, your results may look like the following:<\/p>\n\n\n\n<ol class=\"wp-block-list\">\n<li>Le $12 par pack est trop cher et la plupart des gens ne l&#039;ach\u00e8teraient pas ;<\/li>\n\n\n\n<li>Le $2 pour un paquet est trop bon march\u00e9 et la plupart des gens douteraient qu&#039;il soit r\u00e9ellement fait \u00e0 la main et biologique ;<\/li>\n\n\n\n<li>$9 pour un paquet rendrait la plupart des gens curieux et ils l&#039;ach\u00e8teraient, mais si les pommes de terre ne sont pas les pommes de terre les plus d\u00e9licieuses qu&#039;ils aient jamais essay\u00e9es, ils n&#039;ach\u00e8teront plus et laisseront des commentaires n\u00e9gatifs ;<\/li>\n\n\n\n<li>$5 pour un pack ferait penser \u00e0 la plupart des gens qu&#039;il est honn\u00eatement bon march\u00e9 et l&#039;essayerait probablement.<\/li>\n<\/ol>\n\n\n\n<p>While intuitively, it might seem great to be at $5 or $9, you are actually wasting potential profit by selling at that price. Usually, the product price has to target the intersections and relationships between those points, where it is getting too cheap or too expensive.<\/p>\n\n\n\n<p>Now, it is also not correct to declare that $6.50 is the perfect price because we did not go deep enough to understand the product dynamics, brand considerations, or market landscape. Van Westendorp Market Research only gets you that far. Market Research helps provide nuance to the findings.<\/p>\n\n\n\n<h2 class=\"wp-block-heading\">\u00c0 propos de l\u2019\u00e9tude de march\u00e9 de Van Westendorp<\/h2>\n\n\n\n<p><a href=\"https:\/\/www.sisinternational.com\/fr\/solutions\/solutions-de-recherche-qualitative-et-quantitative\/van-westendorp-price-sensitivity-meter\/\" title=\"Van Westendorp Price Sensitivity Meter\"  data-wpil-monitor-id=\"1165\">\u00c9tude de march\u00e9 de Van Westendorp<\/a> is a useful tool for understanding product pricing and value. It provides helpful statistics and insight into branding, strategy, products, and marketing effectiveness. To generate a full view of a marketing strategy, it is important to add nuance from the market landscape, customer recommendations, and customer opinions in addition to the Van Westendorp measurements.<\/p>\n\n\n\n<p>Van Westerndorp helps companies maximize profits and provide customers with perceived value. The more research conducted, the better the results. Brand or product launches that disregard the science of pricing have a greater chance of failure\u2014and, understandably, of not maximizing profit.<\/p>\n\n\n\n<p>SIS International Research has conducted Van Westendorp <a href=\"https:\/\/www.sisinternational.com\/fr\/competence\/les-industries\/etude-de-marche-municipale\/\" title=\"\u00c9tude de march\u00e9 municipal\"  data-wpil-monitor-id=\"3472\">March\u00e9<\/a> Research and Quantitative Pricing Market Research for decades. Contact us for your next Van Westendorp Market Research project.<\/p>\n\n\n\n<h2 class=\"wp-block-heading\">Notre emplacement \u00e0 New York<\/h2>\n\n\n\n<p>\n\n\n\n<iframe loading=\"lazy\" src=\"https:\/\/www.google.com\/maps\/embed?pb=!1m18!1m12!1m3!1d3022.976188376966!2d-73.99130312499956!3d40.740549471389315!2m3!1f0!2f0!3f0!3m2!1i1024!2i768!4f13.1!3m3!1m2!1s0x89c259a15798c731%3A0xd695d09bdd495f25!2s11%20E%2022nd%20St%20FL%202%2C%20New%20York%2C%20NY%2010010%2C%20USA!5e0!3m2!1sen!2spe!4v1726171763526!5m2!1sen!2spe\" width=\"600\" height=\"450\" allowfullscreen=\"allowfullscreen\" data-mce-fragment=\"1\"><\/iframe>\n\n\n\n<\/p>\n\n\n\n<h3 class=\"wp-block-heading\">11 E 22nd Street, \u00e9tage 2, New York, NY 10010 T\u00e9l. : +1(212) 505-6805<\/h3>\n\n\n\n<hr class=\"wp-block-separator has-alpha-channel-opacity\"\/>\n\n\n\n<h2 class=\"wp-block-heading\"><span style=\"font-weight: 400;\">\u00c0 propos de SIS International<\/span><\/h2>\n\n\n\n<p><a href=\"https:\/\/www.sisinternational.com\/fr\/\"><span style=\"font-weight: 400;\">SIS International<\/span><\/a><span style=\"font-weight: 400;\"> propose des recherches quantitatives, qualitatives et strat\u00e9giques. Nous fournissons des donn\u00e9es, des outils, des strat\u00e9gies, des rapports et des informations pour la prise de d\u00e9cision. Nous menons \u00e9galement des entretiens, des enqu\u00eates, des groupes de discussion et d\u2019autres m\u00e9thodes et approches d\u2019\u00e9tudes de march\u00e9.<\/span><a href=\"https:\/\/www.sisinternational.com\/fr\/a-propos-de-la-recherche-internationale-sis\/contact-sis-international-market-research\/\"><span style=\"font-weight: 400;\"> Contactez nous<\/span><\/a><span style=\"font-weight: 400;\"> pour votre prochain projet d&#039;\u00e9tude de march\u00e9.<\/span><\/p>","protected":false},"excerpt":{"rendered":"<p>Van Westendorp Market Research est une m\u00e9thode permettant de mesurer la sensibilit\u00e9 aux prix. Contactez-nous pour votre prochain projet d\u2019\u00e9tude de march\u00e9 Van Westendorp.<\/p>","protected":false},"author":1,"featured_media":62642,"parent":27462,"menu_order":42,"comment_status":"closed","ping_status":"closed","template":"","meta":{"footnotes":""},"class_list":["post-41239","page","type-page","status-publish","has-post-thumbnail"],"_links":{"self":[{"href":"https:\/\/www.sisinternational.com\/fr\/wp-json\/wp\/v2\/pages\/41239","targetHints":{"allow":["GET"]}}],"collection":[{"href":"https:\/\/www.sisinternational.com\/fr\/wp-json\/wp\/v2\/pages"}],"about":[{"href":"https:\/\/www.sisinternational.com\/fr\/wp-json\/wp\/v2\/types\/page"}],"author":[{"embeddable":true,"href":"https:\/\/www.sisinternational.com\/fr\/wp-json\/wp\/v2\/users\/1"}],"replies":[{"embeddable":true,"href":"https:\/\/www.sisinternational.com\/fr\/wp-json\/wp\/v2\/comments?post=41239"}],"version-history":[{"count":7,"href":"https:\/\/www.sisinternational.com\/fr\/wp-json\/wp\/v2\/pages\/41239\/revisions"}],"predecessor-version":[{"id":77682,"href":"https:\/\/www.sisinternational.com\/fr\/wp-json\/wp\/v2\/pages\/41239\/revisions\/77682"}],"up":[{"embeddable":true,"href":"https:\/\/www.sisinternational.com\/fr\/wp-json\/wp\/v2\/pages\/27462"}],"wp:featuredmedia":[{"embeddable":true,"href":"https:\/\/www.sisinternational.com\/fr\/wp-json\/wp\/v2\/media\/62642"}],"wp:attachment":[{"href":"https:\/\/www.sisinternational.com\/fr\/wp-json\/wp\/v2\/media?parent=41239"}],"curies":[{"name":"wp","href":"https:\/\/api.w.org\/{rel}","templated":true}]}}