{"id":41228,"date":"2023-01-16T04:19:27","date_gmt":"2023-01-16T04:19:27","guid":{"rendered":"https:\/\/www.sisinternational.com\/?page_id=41228"},"modified":"2026-01-27T15:20:06","modified_gmt":"2026-01-27T20:20:06","slug":"etude-de-marche-sur-lanalyse-discriminante","status":"publish","type":"page","link":"https:\/\/www.sisinternational.com\/fr\/solutions\/solutions-de-recherche-qualitative-et-quantitative\/etude-de-marche-sur-lanalyse-discriminante\/","title":{"rendered":"\u00c9tude de march\u00e9 sur l\u2019analyse discriminante"},"content":{"rendered":"<h1 class=\"wp-block-heading\">\u00c9tude de march\u00e9 sur l\u2019analyse discriminante<\/h1>\n\n\n\n<figure class=\"gb-block-image gb-block-image-f0ffc33a\"><img loading=\"lazy\" decoding=\"async\" width=\"1456\" height=\"816\" class=\"gb-image gb-image-f0ffc33a\" src=\"https:\/\/www.sisinternational.com\/wp-content\/uploads\/2025\/10\/Strategy-consulting-2.jpg\" srcset=\"https:\/\/www.sisinternational.com\/wp-content\/uploads\/2025\/10\/Strategy-consulting-2.jpg 1456w, https:\/\/www.sisinternational.com\/wp-content\/uploads\/2025\/10\/Strategy-consulting-2-300x168.jpg 300w, https:\/\/www.sisinternational.com\/wp-content\/uploads\/2025\/10\/Strategy-consulting-2-1024x574.jpg 1024w, https:\/\/www.sisinternational.com\/wp-content\/uploads\/2025\/10\/Strategy-consulting-2-768x430.jpg 768w, https:\/\/www.sisinternational.com\/wp-content\/uploads\/2025\/10\/Strategy-consulting-2-18x10.jpg 18w\" sizes=\"auto, (max-width: 1456px) 100vw, 1456px\" alt=\"\u00c9tudes de march\u00e9 et strat\u00e9gie internationales SIS\"><\/figure>\n\n\n\n<p><\/p>\n\n\n\n<h2 class=\"wp-block-heading\">Qu\u2019est-ce que l\u2019analyse discriminante ?<\/h2>\n\n\n\n<p>L&#039;analyse discriminante (DA) est une technique utilis\u00e9e en statistique pour classer les r\u00e9sultats. Ils placent ces r\u00e9sultats dans des groupes non chevauchants en fonction des scores d&#039;une ou plusieurs variables pr\u00e9dictives quantitatives. Comme son nom l&#039;indique, c&#039;est un moyen de discriminer ou de classer les r\u00e9sultats. Trois personnes se partagent le m\u00e9rite d&#039;avoir donn\u00e9 naissance \u00e0 DA. Il s&#039;agit de Mahalanobis en Inde, de Fisher au Royaume-Uni et de Hotelling aux \u00c9tats-Unis.<\/p>\n\n\n\n<p>Un m\u00e9decin peut effectuer une AD pour rechercher des patients pr\u00e9sentant un risque \u00e9lev\u00e9 ou faible d&#039;accident vasculaire c\u00e9r\u00e9bral. L\u2019analyse pourrait les classer en groupes \u00e0 risque \u00e9lev\u00e9 ou faible. Il peut baser ces groupes sur des attributs personnels tels que la masse corporelle ou le taux de cholest\u00e9rol. Ou encore, ils peuvent le baser sur des comportements li\u00e9s au mode de vie. Par exemple, il peut les classer en fonction du nombre de cigarettes par jour ou de s\u00e9ances d&#039;exercices hebdomadaires.<\/p>\n\n\n\n<p>Vous pouvez utiliser DA pour des objectifs pr\u00e9dictifs ou descriptifs. Les \u00e9tapes impliqu\u00e9es sont les suivantes :<\/p>\n\n\n\n<ul class=\"wp-block-list\">\n<li>Trouver le probl\u00e8me<\/li>\n\n\n\n<li>Estimer les coefficients de la fonction discriminante<\/li>\n\n\n\n<li>Comprendre l\u2019importance de ces fonctions discriminantes<\/li>\n\n\n\n<li>Interpr\u00e9ter les r\u00e9sultats<\/li>\n\n\n\n<li>\u00c9valuer la validit\u00e9 des r\u00e9sultats<\/li>\n<\/ul>\n\n\n\n<h2 class=\"wp-block-heading\">Pourquoi l\u2019analyse discriminante est-elle importante ?<\/h2>\n\n\n\n<p><a href=\"https:\/\/www.sisinternational.com\/fr\/competence\/les-industries\/etude-de-marche-en-analyse-multivariee\/\" title=\"\u00c9tude de march\u00e9 sur l\u2019analyse multivari\u00e9e\"  data-wpil-monitor-id=\"5029\">Researchers use the Discriminant Analysis<\/a> process to help them understand the connection between a \u201cdependent variable\u201d and one or more \u201cindependent variables.\u201d A dependent variable is one that a researcher tries to explain or predict from the values of the independent variables. Sometimes the dependent variable is divided into several categories (categorical variable).<\/p>\n\n\n\n<p>DA prend des variables ind\u00e9pendantes continues et d\u00e9veloppe une relation ou des \u00e9quations pr\u00e9dictives. Les chercheurs utilisent ces \u00e9quations pour placer les variables d\u00e9pendantes en groupes.<\/p>\n\n\n\n<p>Lorsque la variable d\u00e9pendante comporte deux cat\u00e9gories, le type utilis\u00e9 est l&#039;analyse discriminante \u00e0 deux groupes. S&#039;il comporte trois cat\u00e9gories ou plus, le type utilis\u00e9 est l&#039;analyse discriminante multiple. Il existe \u00e9galement l&#039;analyse discriminante lin\u00e9aire (LDA) et l&#039;analyse discriminante quadratique (QDA).<\/p>\n\n\n\n<p>Voici la principale distinction entre les types d\u2019analyse discriminante. Pour deux groupes, il n&#039;est possible de d\u00e9river qu&#039;une seule fonction discriminante. Ce type d\u2019AD est connu sous le nom d\u2019analyse de fonction discriminante. Dans le cas de plusieurs analyses discriminantes, vous pouvez calculer plusieurs fonctions discriminantes.<\/p>\n\n\n\n<p>DA vise \u00e0 r\u00e9pondre aux questions suivantes :<\/p>\n\n\n\n<ul class=\"wp-block-list\">\n<li>En quoi les regroupements attendus et observ\u00e9s diff\u00e8rent-ils\u00a0?<\/li>\n\n\n\n<li>Dans quelle mesure l\u2019\u00e9cart entre les deux est-il statistiquement significatif\u00a0?<\/li>\n<\/ul>\n\n\n\n<p>It is a robust <a href=\"https:\/\/www.sisinternational.com\/fr\/solutions\/solutions-de-recherche-qualitative-et-quantitative\/etude-de-marche-sur-lanalyse-de-grappes\/\" title=\"\u00c9tude de march\u00e9 sur l\u2019analyse de cluster\"  data-wpil-monitor-id=\"6470\">research and analysis<\/a> tool, especially when researchers try to understand how groups (age cohorts, customers) or items (items, brands) differ.<\/p>\n\n\n\n<h2 class=\"wp-block-heading\">Pourquoi les entreprises ont besoin d&#039;une analyse discriminante<\/h2>\n\n\n\n<p>L&#039;analyse discriminante pr\u00e9sente de nombreux avantages, surtout aujourd&#039;hui \u00e0 l&#039;\u00e8re des donn\u00e9es. Cette m\u00e9thode est un avantage av\u00e9r\u00e9. Gr\u00e2ce \u00e0 cela, de nombreuses entreprises peuvent d\u00e9sormais stimuler la croissance, les b\u00e9n\u00e9fices et la comp\u00e9titivit\u00e9.<\/p>\n\n\n\n<p>De nombreux exemples peuvent expliquer quand DA convient. Par exemple, vous pouvez l&#039;utiliser pour d\u00e9terminer en quoi les utilisateurs l\u00e9gers, moyens ou lourds de boissons gazeuses diff\u00e8rent dans leur consommation d&#039;aliments surgel\u00e9s.<\/p>\n\n\n\n<p>Il s\u2019agit d\u2019un outil populaire car il est largement utilis\u00e9 dans diff\u00e9rents secteurs. Les entreprises peuvent l&#039;utiliser pour analyser des probl\u00e8mes sp\u00e9cifiques. Ils doivent d\u00e9terminer quelle variable ind\u00e9pendante a le r\u00e9sultat le plus significatif sur une variable d\u00e9pendante.<\/p>\n\n\n\n<h2 class=\"wp-block-heading\">\u00c0 propos de l&#039;analyse discriminante<\/h2>\n\n\n\n<p>Vous pouvez comparer l&#039;analyse discriminante \u00e0 l&#039;analyse de r\u00e9gression pour d\u00e9terminer dans quelle mesure les objets adh\u00e8rent aux conditions de certains groupes.<\/p>\n\n\n\n<p>Vous pouvez \u00e9galement le comparer \u00e0 l\u2019analyse de cluster, qui est un apprentissage non supervis\u00e9. En revanche, DA est un apprentissage supervis\u00e9. Le chercheur \u00e9tablit la cat\u00e9gorie d&#039;objet avant de le d\u00e9marrer.<\/p>\n\n\n\n<p>DA a de nombreuses utilisations. Par exemple, vous pouvez en tirer parti pour d\u00e9terminer quelles variables pr\u00e9dictives sont li\u00e9es \u00e0 la variable d\u00e9pendante. Vous pouvez \u00e9galement utiliser DA pour pr\u00e9dire la valeur de cette derni\u00e8re et d\u00e9velopper des cartes perceptuelles.<\/p>\n\n\n\n<p>SIS International Research assists businesses all over the globe in their strategic planning. We offer market research services, and we use Discriminant Analysis across industries. We can help with your Qualitative and Quantitative Market Research. SIS also provides UX and Strategy <a href=\"https:\/\/www.sisinternational.com\/fr\/comment-effectuer-une-analyse-concurrentielle\/\" title=\"Analyse concurrentielle en marketing\"  data-wpil-monitor-id=\"7267\">Market Research and Competitive<\/a> Analyses.<\/p>\n\n\n\n<p><\/p>","protected":false},"excerpt":{"rendered":"<p>L&#039;analyse discriminante de march\u00e9 (DA) est une technique utilis\u00e9e en statistique pour classer les r\u00e9sultats, un moyen de discriminer ou de classer les r\u00e9sultats.<\/p>","protected":false},"author":1,"featured_media":71984,"parent":14660,"menu_order":36,"comment_status":"closed","ping_status":"closed","template":"","meta":{"footnotes":""},"class_list":["post-41228","page","type-page","status-publish","has-post-thumbnail"],"_links":{"self":[{"href":"https:\/\/www.sisinternational.com\/fr\/wp-json\/wp\/v2\/pages\/41228","targetHints":{"allow":["GET"]}}],"collection":[{"href":"https:\/\/www.sisinternational.com\/fr\/wp-json\/wp\/v2\/pages"}],"about":[{"href":"https:\/\/www.sisinternational.com\/fr\/wp-json\/wp\/v2\/types\/page"}],"author":[{"embeddable":true,"href":"https:\/\/www.sisinternational.com\/fr\/wp-json\/wp\/v2\/users\/1"}],"replies":[{"embeddable":true,"href":"https:\/\/www.sisinternational.com\/fr\/wp-json\/wp\/v2\/comments?post=41228"}],"version-history":[{"count":6,"href":"https:\/\/www.sisinternational.com\/fr\/wp-json\/wp\/v2\/pages\/41228\/revisions"}],"predecessor-version":[{"id":80917,"href":"https:\/\/www.sisinternational.com\/fr\/wp-json\/wp\/v2\/pages\/41228\/revisions\/80917"}],"up":[{"embeddable":true,"href":"https:\/\/www.sisinternational.com\/fr\/wp-json\/wp\/v2\/pages\/14660"}],"wp:featuredmedia":[{"embeddable":true,"href":"https:\/\/www.sisinternational.com\/fr\/wp-json\/wp\/v2\/media\/71984"}],"wp:attachment":[{"href":"https:\/\/www.sisinternational.com\/fr\/wp-json\/wp\/v2\/media?parent=41228"}],"curies":[{"name":"wp","href":"https:\/\/api.w.org\/{rel}","templated":true}]}}