{"id":41223,"date":"2023-01-16T04:07:39","date_gmt":"2023-01-16T04:07:39","guid":{"rendered":"https:\/\/www.sisinternational.com\/?page_id=41223"},"modified":"2026-01-27T15:20:07","modified_gmt":"2026-01-27T20:20:07","slug":"etude-de-marche-sur-lanalyse-de-grappes","status":"publish","type":"page","link":"https:\/\/www.sisinternational.com\/fr\/solutions\/solutions-de-recherche-qualitative-et-quantitative\/etude-de-marche-sur-lanalyse-de-grappes\/","title":{"rendered":"\u00c9tude de march\u00e9 sur l\u2019analyse de cluster"},"content":{"rendered":"<h1 class=\"wp-block-heading\">Qu\u2019est-ce que l\u2019analyse cluster ?<\/h1>\n\n\n\n<figure class=\"gb-block-image gb-block-image-9bf2cb72\"><img loading=\"lazy\" decoding=\"async\" width=\"1456\" height=\"816\" class=\"gb-image gb-image-9bf2cb72\" src=\"https:\/\/www.sisinternational.com\/wp-content\/uploads\/2025\/10\/Pricing-Analytics-1.jpg\" srcset=\"https:\/\/www.sisinternational.com\/wp-content\/uploads\/2025\/10\/Pricing-Analytics-1.jpg 1456w, https:\/\/www.sisinternational.com\/wp-content\/uploads\/2025\/10\/Pricing-Analytics-1-300x168.jpg 300w, https:\/\/www.sisinternational.com\/wp-content\/uploads\/2025\/10\/Pricing-Analytics-1-1024x574.jpg 1024w, https:\/\/www.sisinternational.com\/wp-content\/uploads\/2025\/10\/Pricing-Analytics-1-768x430.jpg 768w, https:\/\/www.sisinternational.com\/wp-content\/uploads\/2025\/10\/Pricing-Analytics-1-18x10.jpg 18w\" sizes=\"auto, (max-width: 1456px) 100vw, 1456px\" alt=\"\u00c9tudes de march\u00e9 et strat\u00e9gie internationales SIS\"><\/figure>\n\n\n\n<p><\/p>\n\n\n\n<p>L&#039;analyse group\u00e9e est une technique qui explore les groupes naturels au sein d&#039;un ensemble de donn\u00e9es. Par exemple, un cas d\u2019utilisation simple consiste \u00e0 regrouper les points de vente en fonction de leurs ventes. Supposons qu\u2019un magasin de plantes poss\u00e8de huit points de vente dans la ville. Le tableau ci-dessous pr\u00e9sente les ventes quotidiennes de rosiers et d&#039;orchid\u00e9es.<\/p>\n\n\n\n<p>Cet exemple comporte des points de donn\u00e9es limit\u00e9s. Il \u00e9tait donc facile de tracer les deux groupes de magasins d&#039;usine sur le graphique et de voir les visuels. Lorsqu&#039;il s&#039;agit de milliers de points de donn\u00e9es, vous devrez utiliser des algorithmes d&#039;analyse de cluster. Ils s\u00e9pareront davantage les points de donn\u00e9es en diff\u00e9rents clusters.<\/p>\n\n\n\n<h2 class=\"wp-block-heading\">Pourquoi l\u2019analyse clusteris\u00e9e est-elle importante\u00a0?<\/h2>\n\n\n\n<p>Gr\u00e2ce au clustering, les chercheurs peuvent identifier et d\u00e9finir des mod\u00e8les entre les \u00e9l\u00e9ments de donn\u00e9es. De plus, r\u00e9v\u00e9ler ces mod\u00e8les entre les points de donn\u00e9es aide \u00e0 distinguer et \u00e0 d\u00e9crire les structures. Ces structures n\u2019\u00e9taient peut-\u00eatre pas \u00e9videntes auparavant. Pourtant, ils se distinguent par les donn\u00e9es une fois d\u00e9couvertes. La prise de d\u00e9cision \u00e9clair\u00e9e devient beaucoup plus facile une fois qu\u2019une structure d\u00e9finie \u00e9merge.<\/p>\n\n\n\n<h2 class=\"wp-block-heading\">Titre du poste cl\u00e9\u00a0:\u00a0Scientifique des donn\u00e9es<\/h2>\n\n\n\n<p>Les data scientists doivent conna\u00eetre les statistiques, les math\u00e9matiques, l&#039;analyse commerciale, la mod\u00e9lisation et la technologie. De plus, ils doivent transformer de gros volumes de donn\u00e9es complexes en solutions analytiques avanc\u00e9es. Ces scientifiques d\u00e9veloppent, maintiennent et collectent des ensembles de donn\u00e9es structur\u00e9es et non structur\u00e9es. Ils utilisent ces ensembles pour analyser, rapporter et cr\u00e9er des projections, des mod\u00e8les, des rapports et des affichages. Ceux-ci soutiennent les tactiques et la strat\u00e9gie commerciales de l\u2019entreprise.<\/p>\n\n\n\n<h2 class=\"wp-block-heading\">Pourquoi les entreprises ont besoin d&#039;une analyse de cluster<\/h2>\n\n\n\n<p>L&#039;analyse de cluster aide les entreprises \u00e0 d\u00e9terminer la r\u00e9ponse des clients \u00e0 leurs produits et services. Il organise les clients ayant les m\u00eames attributs dans un seul cluster. Ainsi, il permet aux entreprises d&#039;organiser leurs services. Ils peuvent \u00e9galement proposer des produits sp\u00e9cifiques \u00e0 diff\u00e9rents groupes. Il est utile pour les entreprises de comprendre le comportement des consommateurs. Ils apprennent des choses comme les go\u00fbts des clients. Ils peuvent \u00e9galement voir leur r\u00e9action aux produits et services ainsi que leurs habitudes d\u2019achat.<\/p>\n\n\n\n<h2 class=\"wp-block-heading\">Facteurs cl\u00e9s de succ\u00e8s<\/h2>\n\n\n\n<p>Une m\u00e9thode appropri\u00e9e produira des clusters de haute qualit\u00e9. Ainsi, vos r\u00e9sultats devraient \u00eatre similaires pour un seul groupe. L\u2019inverse devrait se produire lorsqu\u2019il existe plusieurs clusters. La qualit\u00e9 des ensembles d\u00e9pend de la m\u00e9thode et de la mani\u00e8re dont vous l&#039;ex\u00e9cutez. Votre approche doit \u00e9galement d\u00e9couvrir tout ou partie des mod\u00e8les cach\u00e9s qui peuvent exister dans les donn\u00e9es. La mesure la plus courante pour les clusters est la distance euclidienne. Il montre la distance entre le centre d&#039;un groupe et le centre d&#039;un autre ensemble.<\/p>\n\n\n\n<h2 class=\"wp-block-heading\">\u00c0 propos des \u00e9tudes de march\u00e9 sur l\u2019analyse de cluster<\/h2>\n\n\n\n<p>Les \u00e9tudes de march\u00e9 qualitatives ajoutent de la profondeur. Mais il peut produire de grandes quantit\u00e9s de donn\u00e9es complexes, m\u00eame avec de petits \u00e9chantillons. Vous pouvez appliquer l&#039;analyse group\u00e9e aux donn\u00e9es qualitatives cod\u00e9es pour clarifier les r\u00e9sultats. Cela vous aidera dans vos efforts pour r\u00e9v\u00e9ler des \u00e9l\u00e9ments tels que les motivations des participants pour leurs actions. Il vous montrera \u00e9galement les raisons derri\u00e8re les conclusions qui, sur la couverture, n&#039;ont aucun sens. Les \u00e9tudes men\u00e9es avec diff\u00e9rents \u00e9chantillons produisent souvent des tonnes de donn\u00e9es qualitatives. Mais ils peuvent avoir besoin de plus de tailles d\u2019\u00e9chantillons pour des \u00e9tudes de march\u00e9 quantitatives avanc\u00e9es.<\/p>\n\n\n\n<p>UX Market Research is also crucial. You can gain insights with User Interviews, <a href=\"https:\/\/www.sisinternational.com\/fr\/solutions\/solutions-de-recherche-qualitative-et-quantitative\/k-means-cluster-analysis-in-market-research\/\" title=\"K-Means Cluster Analysis in Market Research\"  data-wpil-monitor-id=\"1604\">Recherche d&#039;entr\u00e9e sur le march\u00e9<\/a>, Analytics, and Surveys. Combining these tactics should provide a solid overview of your user base.<\/p>\n\n\n\n<p>Cluster Analysis is also great for <a href=\"https:\/\/www.sisinternational.com\/fr\/solutions\/solutions-de-recherche-qualitative-et-quantitative\/mastering-conjoint-analysis-research-strategies-for-market-success\/\" title=\"Conjoint Analysis Research\"  data-wpil-monitor-id=\"1024\">Recherche d&#039;opportunit\u00e9s de march\u00e9<\/a>. You can find <a href=\"https:\/\/www.sisinternational.com\/fr\/comment-effectuer-une-analyse-concurrentielle\/\" title=\"Analyse concurrentielle en marketing\"  data-wpil-monitor-id=\"7273\">competitive sets in your market<\/a> by clustering products and brands. Brands within a cluster compete more with one another than brands in another group. As a company, you can examine your current offerings and compare them to those of rival firms. That way, they can see what\u2019s possible with new product opportunities.<\/p>\n\n\n\n<p>L\u2019analyse cluster est fonctionnelle. De nombreux chercheurs l\u2019utilisent pour le positionnement et la segmentation du march\u00e9. Ils l&#039;utilisent \u00e9galement pour trouver des march\u00e9s tests pour de nouveaux produits. Diff\u00e9rents logiciels existent pour faciliter la partie analyse. Mais il est pr\u00e9f\u00e9rable de s&#039;associer \u00e0 un chercheur de march\u00e9 qualifi\u00e9, capable de concevoir l&#039;\u00e9tude afin de collecter les donn\u00e9es pertinentes. De cette fa\u00e7on, vous pouvez \u00eatre s\u00fbr que vos donn\u00e9es proviennent d\u2019\u00e9chantillons de taille ad\u00e9quate et repr\u00e9sentative.<\/p>\n\n\n\n<p><\/p>","protected":false},"excerpt":{"rendered":"<p>L\u2019\u00e9tude de march\u00e9 par analyse de cluster est fonctionnelle et utilis\u00e9e pour le positionnement et la segmentation du march\u00e9 et pour trouver des march\u00e9s tests pour de nouveaux produits. <\/p>","protected":false},"author":1,"featured_media":71795,"parent":14660,"menu_order":35,"comment_status":"closed","ping_status":"closed","template":"","meta":{"footnotes":""},"class_list":["post-41223","page","type-page","status-publish","has-post-thumbnail"],"_links":{"self":[{"href":"https:\/\/www.sisinternational.com\/fr\/wp-json\/wp\/v2\/pages\/41223","targetHints":{"allow":["GET"]}}],"collection":[{"href":"https:\/\/www.sisinternational.com\/fr\/wp-json\/wp\/v2\/pages"}],"about":[{"href":"https:\/\/www.sisinternational.com\/fr\/wp-json\/wp\/v2\/types\/page"}],"author":[{"embeddable":true,"href":"https:\/\/www.sisinternational.com\/fr\/wp-json\/wp\/v2\/users\/1"}],"replies":[{"embeddable":true,"href":"https:\/\/www.sisinternational.com\/fr\/wp-json\/wp\/v2\/comments?post=41223"}],"version-history":[{"count":6,"href":"https:\/\/www.sisinternational.com\/fr\/wp-json\/wp\/v2\/pages\/41223\/revisions"}],"predecessor-version":[{"id":80920,"href":"https:\/\/www.sisinternational.com\/fr\/wp-json\/wp\/v2\/pages\/41223\/revisions\/80920"}],"up":[{"embeddable":true,"href":"https:\/\/www.sisinternational.com\/fr\/wp-json\/wp\/v2\/pages\/14660"}],"wp:featuredmedia":[{"embeddable":true,"href":"https:\/\/www.sisinternational.com\/fr\/wp-json\/wp\/v2\/media\/71795"}],"wp:attachment":[{"href":"https:\/\/www.sisinternational.com\/fr\/wp-json\/wp\/v2\/media?parent=41223"}],"curies":[{"name":"wp","href":"https:\/\/api.w.org\/{rel}","templated":true}]}}